{"id":3619,"date":"2025-01-15T14:32:27","date_gmt":"2025-01-15T13:32:27","guid":{"rendered":"https:\/\/linmot.com\/fr\/?page_id=3619"},"modified":"2026-02-10T12:24:49","modified_gmt":"2026-02-10T11:24:49","slug":"certifications-et-reglements","status":"publish","type":"page","link":"https:\/\/linmot.com\/fr\/download\/certifications-et-reglements\/","title":{"rendered":"Certifications et r\u00e8glements"},"content":{"rendered":"<hr \/>\n<div class=\"row download\">\n<div class=\"col-md-4\">\n<p class=\"bodytext\">Certification ISO 9001:2015<\/p>\n<\/div>\n<div class=\"col-md-4\">\n<div class=\"download-box\"><a href=\"https:\/\/linmot.com\/de\/wp-content\/uploads\/sites\/2\/2025\/01\/iso-zertifizierung.pdf\" target=\"_blank\" rel=\"noopener noreferrer\"><span class=\"name\">EN<\/span><span class=\"size\">521 KB<\/span><\/a><\/div>\n<\/div>\n<div class=\"col-md-4\">\n<div class=\"download-box\"><a href=\"https:\/\/linmot.com\/de\/wp-content\/uploads\/sites\/2\/2025\/01\/ssq-zertifizierung.pdf\" target=\"_blank\" rel=\"noopener noreferrer\"><span class=\"name\">ALL<\/span><span class=\"size\">246 KB<\/span><\/a><\/div>\n<\/div>\n<div class=\"row download\">\n<div class=\"col-md-4\">\n<p class=\"bodytext\">REACH &#8211; D\u00e9claration de conformit\u00e9<\/p>\n<\/div>\n<div class=\"col-md-8\">\n<div class=\"download-box\"><a href=\"https:\/\/linmot.com\/de\/wp-content\/uploads\/sites\/2\/2025\/02\/250212_REACH_Kunden_Information.pdf\" target=\"_blank\" rel=\"noopener noreferrer\"><span class=\"name\">ALL \/ EN<\/span><span class=\"size\">128 KB<\/span><\/a><\/div>\n<\/div>\n<div class=\"row download\">\n<div class=\"col-md-4\">\n<p class=\"bodytext\">D\u00e9claration de conformit\u00e9 RoHS 3<\/p>\n<\/div>\n<div class=\"col-md-8\">\n<div class=\"download-box\"><a href=\"https:\/\/linmot.com\/de\/wp-content\/uploads\/sites\/2\/2025\/02\/250212_RoHS3-Declaration_of_Conformity.pdf\" target=\"_blank\" rel=\"noopener noreferrer\"><span class=\"name\">ALL \/ EN<\/span><span class=\"size\">164 KB<\/span><\/a><\/div>\n<\/div>\n<div class=\"row download\">\n<div class=\"col-md-4\">\n<p class=\"bodytext\">R\u00e9glementation PFAS<\/p>\n<\/div>\n<div class=\"col-md-8\">\n<div class=\"download-box\"><a href=\"https:\/\/linmot.com\/de\/wp-content\/uploads\/sites\/2\/2025\/02\/250212_Statement_PFAS.pdf\" target=\"_blank\" rel=\"noopener noreferrer\"><span class=\"name\">ALL \/ EN<\/span><span class=\"size\">125 KB<\/span><\/a><\/div>\n<\/div>\n<div class=\"row download\">\n<div class=\"col-md-4\">\n<p class=\"bodytext\">D\u00e9claration de conformit\u00e9 TSCA<\/p>\n<\/div>\n<div class=\"col-md-8\">\n<div class=\"download-box\"><a href=\"https:\/\/linmot.com\/de\/wp-content\/uploads\/sites\/2\/2025\/01\/tsca-konformitaetserklaerung.pdf\" target=\"_blank\" rel=\"noopener noreferrer\"><span class=\"name\">ALL \/ EN<\/span><span class=\"size\">122 KB<\/span><\/a><\/div>\n<\/div>\n<\/div>\n<div class=\"row download\">\n<div class=\"col-md-4\">\n<p class=\"bodytext\">POPs &#8211; Polluants organiques persistants<\/p>\n<\/div>\n<div class=\"col-md-8\">\n<div class=\"download-box\"><a href=\"https:\/\/linmot.com\/de\/wp-content\/uploads\/sites\/2\/2025\/01\/pops-zertifizierungen-und-verordnungen.pdf\" target=\"_blank\" rel=\"noopener noreferrer\"><span class=\"name\">ALL \/ EN<\/span><span class=\"size\">116 KB<\/span><\/a><\/div>\n<\/div>\n<\/div>\n<div class=\"row download\">\n<div class=\"col-md-4\">\n<p class=\"bodytext\">California Proposition 65<\/p>\n<\/div>\n<div class=\"col-md-8\">\n<div class=\"download-box\"><a href=\"https:\/\/linmot.com\/wp-content\/uploads\/2026\/02\/statement_ca_proposition_65.pdf\" target=\"_blank\" rel=\"noopener noreferrer\"><span class=\"name\">DE \/ EN<\/span><span class=\"size\">226 KB<\/span><\/a><\/div>\n<\/div>\n<\/div>\n<div class=\"row download\">\n<div class=\"col-md-4\">\n<p class=\"bodytext\">Mercure<\/p>\n<\/div>\n<div class=\"col-md-8\">\n<div class=\"download-box\"><a href=\"https:\/\/linmot.com\/de\/wp-content\/uploads\/sites\/2\/2025\/01\/quecksilber-zertifizierungen-und-verordnungen.pdf\" target=\"_blank\" rel=\"noopener noreferrer\"><span class=\"name\">ALL \/ EN<\/span><span class=\"size\">116 KB<\/span><\/a><\/div>\n<\/div>\n<\/div>\n<div class=\"row download\">\n<div class=\"col-md-4\">\n<p class=\"bodytext\">Amiante et fumarate de dim\u00e9thyle (DMF)<\/p>\n<\/div>\n<div class=\"col-md-8\">\n<div class=\"download-box\"><a href=\"https:\/\/linmot.com\/de\/wp-content\/uploads\/sites\/2\/2025\/01\/asbest-und-dimethylfumarat-zertifizierungen-und-verordnungen.pdf\" target=\"_blank\" rel=\"noopener noreferrer\"><span class=\"name\">ALL \/ EN<\/span><span class=\"size\">110 KB<\/span><\/a><\/div>\n<\/div>\n<\/div>\n<div class=\"row download\">\n<div class=\"col-md-4\">\n<p class=\"bodytext\">Dual Use Declaration<\/p>\n<\/div>\n<div class=\"col-md-8\">\n<div class=\"download-box\"><a href=\"https:\/\/linmot.com\/de\/wp-content\/uploads\/sites\/2\/2025\/01\/dual-use_declaration-zertifizierungen-und-verordnungen-2025.pdf\" target=\"_blank\" rel=\"noopener noreferrer\"><span class=\"name\">EN<\/span><span class=\"size\">103 KB<\/span><\/a><\/div>\n<\/div>\n<\/div>\n<div class=\"row download\">\n<div class=\"col-md-4\">\n<p class=\"bodytext\">Certification CC-Link pour le C1250-MI-XC-1S-000<\/p>\n<\/div>\n<div class=\"col-md-8\">\n<div class=\"download-box\"><a href=\"https:\/\/linmot.com\/de\/wp-content\/uploads\/sites\/2\/2025\/04\/cc-link-ie-field-network-basic-conformance-test-certificate.pdf\" target=\"_blank\" rel=\"noopener noreferrer\"><span class=\"name\">EN<\/span><span class=\"size\">368 KB<\/span><\/a><\/div>\n<\/div>\n<\/div>\n<div class=\"row download\">\n<div class=\"col-md-4\">\n<p class=\"bodytext\">Code de conduite<\/p>\n<\/div>\n<div class=\"col-md-4\">\n<div class=\"download-box\"><a href=\"https:\/\/linmot.com\/de\/wp-content\/uploads\/sites\/2\/2025\/02\/LinMot-ZVEI-VDMA-Code-of-Conduct-2022-01-EN.pdf\" target=\"_blank\" rel=\"noopener noreferrer\"><span class=\"name\">EN<\/span><span class=\"size\">389 KB<\/span><\/a><\/div>\n<\/div>\n<div class=\"col-md-4\">\n<div class=\"download-box\"><a href=\"https:\/\/linmot.com\/de\/wp-content\/uploads\/sites\/2\/2025\/02\/LinMot-ZVEI-VDMA-Code-of-Conduct-2022-01-DE.pdf\" target=\"_blank\" rel=\"noopener noreferrer\"><span class=\"name\">DE<\/span><span class=\"size\">476 KB<\/span><\/a><\/div>\n<\/div>\n<\/p><\/div>\n<\/div>\n<\/div>\n<\/div>\n<\/div>\n<hr \/>\n","protected":false},"excerpt":{"rendered":"","protected":false},"author":9,"featured_media":0,"parent":10,"menu_order":15,"comment_status":"closed","ping_status":"closed","template":"","meta":{"_acf_changed":false,"footnotes":""},"class_list":["post-3619","page","type-page","status-publish","hentry"],"acf":[],"yoast_head":"<!-- This site is optimized with the Yoast SEO Premium plugin v20.9 (Yoast SEO v27.3) - https:\/\/yoast.com\/product\/yoast-seo-premium-wordpress\/ -->\n<title>Certifications et r\u00e8glements - LinMot &amp; MagSpring - Fran\u00e7ais<\/title>\n<meta name=\"description\" content=\"Vous trouverez ici les certifications et les ordonnances des moteurs lin\u00e9aires de LinMot &amp; MagSpring \u00e0 t\u00e9l\u00e9charger au format PDF.\" \/>\n<meta name=\"robots\" content=\"index, follow, max-snippet:-1, max-image-preview:large, max-video-preview:-1\" \/>\n<link rel=\"canonical\" href=\"https:\/\/linmot.com\/fr\/download\/certifications-et-reglements\/\" \/>\n<meta property=\"og:locale\" content=\"fr_FR\" \/>\n<meta property=\"og:type\" content=\"article\" \/>\n<meta property=\"og:title\" content=\"Certifications et r\u00e8glements\" \/>\n<meta property=\"og:description\" content=\"Vous trouverez ici les certifications et les ordonnances des moteurs lin\u00e9aires de LinMot &amp; MagSpring \u00e0 t\u00e9l\u00e9charger au format PDF.\" \/>\n<meta property=\"og:url\" content=\"https:\/\/linmot.com\/fr\/download\/certifications-et-reglements\/\" \/>\n<meta property=\"og:site_name\" content=\"LinMot &amp; MagSpring - Fran\u00e7ais\" \/>\n<meta property=\"article:modified_time\" content=\"2026-02-10T11:24:49+00:00\" \/>\n<meta property=\"og:image\" content=\"https:\/\/linmot.com\/fr\/wp-content\/uploads\/sites\/3\/2022\/05\/linmot-social-share-logo.jpg\" \/>\n\t<meta property=\"og:image:width\" content=\"800\" \/>\n\t<meta property=\"og:image:height\" content=\"500\" \/>\n\t<meta property=\"og:image:type\" content=\"image\/jpeg\" \/>\n<meta name=\"twitter:card\" content=\"summary_large_image\" \/>\n<meta name=\"twitter:label1\" content=\"Dur\u00e9e de lecture estim\u00e9e\" \/>\n\t<meta name=\"twitter:data1\" content=\"1 minute\" \/>\n<script type=\"application\/ld+json\" class=\"yoast-schema-graph\">{\"@context\":\"https:\\\/\\\/schema.org\",\"@graph\":[{\"@type\":\"WebPage\",\"@id\":\"https:\\\/\\\/linmot.com\\\/fr\\\/download\\\/certifications-et-reglements\\\/\",\"url\":\"https:\\\/\\\/linmot.com\\\/fr\\\/download\\\/certifications-et-reglements\\\/\",\"name\":\"Certifications et r\u00e8glements - LinMot &amp; MagSpring - Fran\u00e7ais\",\"isPartOf\":{\"@id\":\"https:\\\/\\\/linmot.com\\\/fr\\\/#website\"},\"datePublished\":\"2025-01-15T13:32:27+00:00\",\"dateModified\":\"2026-02-10T11:24:49+00:00\",\"description\":\"Vous trouverez ici les certifications et les ordonnances des moteurs lin\u00e9aires de LinMot & MagSpring \u00e0 t\u00e9l\u00e9charger au format PDF.\",\"breadcrumb\":{\"@id\":\"https:\\\/\\\/linmot.com\\\/fr\\\/download\\\/certifications-et-reglements\\\/#breadcrumb\"},\"inLanguage\":\"fr-FR\",\"potentialAction\":[{\"@type\":\"ReadAction\",\"target\":[\"https:\\\/\\\/linmot.com\\\/fr\\\/download\\\/certifications-et-reglements\\\/\"]}]},{\"@type\":\"BreadcrumbList\",\"@id\":\"https:\\\/\\\/linmot.com\\\/fr\\\/download\\\/certifications-et-reglements\\\/#breadcrumb\",\"itemListElement\":[{\"@type\":\"ListItem\",\"position\":1,\"name\":\"Home\",\"item\":\"https:\\\/\\\/linmot.com\\\/fr\\\/\"},{\"@type\":\"ListItem\",\"position\":2,\"name\":\"T\u00e9l\u00e9charger\",\"item\":\"https:\\\/\\\/linmot.com\\\/fr\\\/download\\\/\"},{\"@type\":\"ListItem\",\"position\":3,\"name\":\"Certifications et r\u00e8glements\"}]},{\"@type\":\"WebSite\",\"@id\":\"https:\\\/\\\/linmot.com\\\/fr\\\/#website\",\"url\":\"https:\\\/\\\/linmot.com\\\/fr\\\/\",\"name\":\"LinMot &amp; MagSpring - Fran\u00e7ais\",\"description\":\"Moteurs lin\u00e9aires et des syst\u00e8mes de moteurs lin\u00e9aires de haute qualit\u00e9\",\"publisher\":{\"@id\":\"https:\\\/\\\/linmot.com\\\/fr\\\/#organization\"},\"potentialAction\":[{\"@type\":\"SearchAction\",\"target\":{\"@type\":\"EntryPoint\",\"urlTemplate\":\"https:\\\/\\\/linmot.com\\\/fr\\\/?s={search_term_string}\"},\"query-input\":{\"@type\":\"PropertyValueSpecification\",\"valueRequired\":true,\"valueName\":\"search_term_string\"}}],\"inLanguage\":\"fr-FR\"},{\"@type\":\"Organization\",\"@id\":\"https:\\\/\\\/linmot.com\\\/fr\\\/#organization\",\"name\":\"NTI AG - LinMot & MagSpring\",\"url\":\"https:\\\/\\\/linmot.com\\\/fr\\\/\",\"logo\":{\"@type\":\"ImageObject\",\"inLanguage\":\"fr-FR\",\"@id\":\"https:\\\/\\\/linmot.com\\\/fr\\\/#\\\/schema\\\/logo\\\/image\\\/\",\"url\":\"https:\\\/\\\/linmot.com\\\/fr\\\/wp-content\\\/uploads\\\/sites\\\/3\\\/2022\\\/05\\\/linmot-social-share-logo.jpg\",\"contentUrl\":\"https:\\\/\\\/linmot.com\\\/fr\\\/wp-content\\\/uploads\\\/sites\\\/3\\\/2022\\\/05\\\/linmot-social-share-logo.jpg\",\"width\":800,\"height\":500,\"caption\":\"NTI AG - LinMot & MagSpring\"},\"image\":{\"@id\":\"https:\\\/\\\/linmot.com\\\/fr\\\/#\\\/schema\\\/logo\\\/image\\\/\"},\"sameAs\":[\"https:\\\/\\\/www.linkedin.com\\\/company\\\/nti-ag-linmot-magspring\",\"https:\\\/\\\/www.youtube.com\\\/user\\\/LinMotEurope\"]}]}<\/script>\n<!-- \/ Yoast SEO Premium plugin. -->","yoast_head_json":{"title":"Certifications et r\u00e8glements - LinMot &amp; MagSpring - Fran\u00e7ais","description":"Vous trouverez ici les certifications et les ordonnances des moteurs lin\u00e9aires de LinMot & MagSpring \u00e0 t\u00e9l\u00e9charger au format PDF.","robots":{"index":"index","follow":"follow","max-snippet":"max-snippet:-1","max-image-preview":"max-image-preview:large","max-video-preview":"max-video-preview:-1"},"canonical":"https:\/\/linmot.com\/fr\/download\/certifications-et-reglements\/","og_locale":"fr_FR","og_type":"article","og_title":"Certifications et r\u00e8glements","og_description":"Vous trouverez ici les certifications et les ordonnances des moteurs lin\u00e9aires de LinMot & MagSpring \u00e0 t\u00e9l\u00e9charger au format PDF.","og_url":"https:\/\/linmot.com\/fr\/download\/certifications-et-reglements\/","og_site_name":"LinMot &amp; MagSpring - Fran\u00e7ais","article_modified_time":"2026-02-10T11:24:49+00:00","og_image":[{"width":800,"height":500,"url":"https:\/\/linmot.com\/fr\/wp-content\/uploads\/sites\/3\/2022\/05\/linmot-social-share-logo.jpg","type":"image\/jpeg"}],"twitter_card":"summary_large_image","twitter_misc":{"Dur\u00e9e de lecture estim\u00e9e":"1 minute"},"schema":{"@context":"https:\/\/schema.org","@graph":[{"@type":"WebPage","@id":"https:\/\/linmot.com\/fr\/download\/certifications-et-reglements\/","url":"https:\/\/linmot.com\/fr\/download\/certifications-et-reglements\/","name":"Certifications et r\u00e8glements - LinMot &amp; MagSpring - Fran\u00e7ais","isPartOf":{"@id":"https:\/\/linmot.com\/fr\/#website"},"datePublished":"2025-01-15T13:32:27+00:00","dateModified":"2026-02-10T11:24:49+00:00","description":"Vous trouverez ici les certifications et les ordonnances des moteurs lin\u00e9aires de LinMot & MagSpring \u00e0 t\u00e9l\u00e9charger au format PDF.","breadcrumb":{"@id":"https:\/\/linmot.com\/fr\/download\/certifications-et-reglements\/#breadcrumb"},"inLanguage":"fr-FR","potentialAction":[{"@type":"ReadAction","target":["https:\/\/linmot.com\/fr\/download\/certifications-et-reglements\/"]}]},{"@type":"BreadcrumbList","@id":"https:\/\/linmot.com\/fr\/download\/certifications-et-reglements\/#breadcrumb","itemListElement":[{"@type":"ListItem","position":1,"name":"Home","item":"https:\/\/linmot.com\/fr\/"},{"@type":"ListItem","position":2,"name":"T\u00e9l\u00e9charger","item":"https:\/\/linmot.com\/fr\/download\/"},{"@type":"ListItem","position":3,"name":"Certifications et r\u00e8glements"}]},{"@type":"WebSite","@id":"https:\/\/linmot.com\/fr\/#website","url":"https:\/\/linmot.com\/fr\/","name":"LinMot &amp; MagSpring - Fran\u00e7ais","description":"Moteurs lin\u00e9aires et des syst\u00e8mes de moteurs lin\u00e9aires de haute qualit\u00e9","publisher":{"@id":"https:\/\/linmot.com\/fr\/#organization"},"potentialAction":[{"@type":"SearchAction","target":{"@type":"EntryPoint","urlTemplate":"https:\/\/linmot.com\/fr\/?s={search_term_string}"},"query-input":{"@type":"PropertyValueSpecification","valueRequired":true,"valueName":"search_term_string"}}],"inLanguage":"fr-FR"},{"@type":"Organization","@id":"https:\/\/linmot.com\/fr\/#organization","name":"NTI AG - LinMot & MagSpring","url":"https:\/\/linmot.com\/fr\/","logo":{"@type":"ImageObject","inLanguage":"fr-FR","@id":"https:\/\/linmot.com\/fr\/#\/schema\/logo\/image\/","url":"https:\/\/linmot.com\/fr\/wp-content\/uploads\/sites\/3\/2022\/05\/linmot-social-share-logo.jpg","contentUrl":"https:\/\/linmot.com\/fr\/wp-content\/uploads\/sites\/3\/2022\/05\/linmot-social-share-logo.jpg","width":800,"height":500,"caption":"NTI AG - LinMot & MagSpring"},"image":{"@id":"https:\/\/linmot.com\/fr\/#\/schema\/logo\/image\/"},"sameAs":["https:\/\/www.linkedin.com\/company\/nti-ag-linmot-magspring","https:\/\/www.youtube.com\/user\/LinMotEurope"]}]}},"_links":{"self":[{"href":"https:\/\/linmot.com\/fr\/wp-json\/wp\/v2\/pages\/3619","targetHints":{"allow":["GET"]}}],"collection":[{"href":"https:\/\/linmot.com\/fr\/wp-json\/wp\/v2\/pages"}],"about":[{"href":"https:\/\/linmot.com\/fr\/wp-json\/wp\/v2\/types\/page"}],"author":[{"embeddable":true,"href":"https:\/\/linmot.com\/fr\/wp-json\/wp\/v2\/users\/9"}],"replies":[{"embeddable":true,"href":"https:\/\/linmot.com\/fr\/wp-json\/wp\/v2\/comments?post=3619"}],"version-history":[{"count":13,"href":"https:\/\/linmot.com\/fr\/wp-json\/wp\/v2\/pages\/3619\/revisions"}],"predecessor-version":[{"id":4029,"href":"https:\/\/linmot.com\/fr\/wp-json\/wp\/v2\/pages\/3619\/revisions\/4029"}],"up":[{"embeddable":true,"href":"https:\/\/linmot.com\/fr\/wp-json\/wp\/v2\/pages\/10"}],"wp:attachment":[{"href":"https:\/\/linmot.com\/fr\/wp-json\/wp\/v2\/media?parent=3619"}],"curies":[{"name":"wp","href":"https:\/\/api.w.org\/{rel}","templated":true}]}}