{"id":3537,"date":"2024-11-11T09:26:37","date_gmt":"2024-11-11T08:26:37","guid":{"rendered":"https:\/\/linmot.com\/fr\/?page_id=3537"},"modified":"2025-05-01T09:15:50","modified_gmt":"2025-05-01T07:15:50","slug":"pince-gm51","status":"publish","type":"page","link":"https:\/\/linmot.com\/fr\/produits\/pince-pince-rotative\/pince-gm51\/","title":{"rendered":"Pince GM51"},"content":{"rendered":"<p align=\"justify\"><strong>Le GM51 dispose \u00e9galement d&rsquo;un moteur rotatif int\u00e9gr\u00e9 \u00e0 rotation continue. Cette pince parall\u00e8le est donc particuli\u00e8rement adapt\u00e9e aux t\u00e2ches de positionnement dynamique, d&rsquo;assemblage et de vissage et, gr\u00e2ce \u00e0 la pr\u00e9cision de l&rsquo;encodeur absolu, elle permet un positionnement angulaire de haute pr\u00e9cision. De plus, la position des doigts de la pince est contr\u00f4l\u00e9e par le moteur lin\u00e9aire, ce qui \u00e9limine le besoin de capteurs et de c\u00e2bles externes.<\/strong><\/p>\n<hr \/>\n<div class=\"row\">\n<div class=\"col-sm-2\">\n<p><a class=\"button\" href=\"#details\">1. D\u00e9tails<\/a><\/p>\n<\/div>\n<div class=\"col-sm-1\">\n<\/div>\n<div class=\"col-sm-2\">\n<p><a class=\"button\" href=\"#videos\">2. Vid\u00e9os<\/a><\/p>\n<\/div>\n<div class=\"col-sm-1\">\n<\/div>\n<div class=\"col-sm-2\">\n<p><a class=\"button\" href=\"#kontakt\">3. Contact<\/a><\/p>\n<\/div>\n<\/div>\n<hr \/>\n<h3 id=\"details\">1. D\u00e9tails<\/h3>\n<img loading=\"lazy\" decoding=\"async\" class=\"aligncenter size-full wp-image-5763\" src=\"https:\/\/linmot.com\/de\/wp-content\/uploads\/sites\/2\/2025\/04\/gripper-gm51-linmot.jpg\" alt=\"\" width=\"766\" height=\"570\" \/>\n<div class=\"row\">\n<div class=\"col-sm-6\">\n<ul>\n<li>Moteur rotatif \u00e0 rotation sans fin<\/li>\n<li>Aucun c\u00e2ble pour interf\u00e9rer avec la rotation<\/li>\n<\/ul>\n<\/div>\n<div class=\"col-sm-6\">\n<ul>\n<li>Positionnement angulaire de haute pr\u00e9cision<\/li>\n<li>Profils de mouvement librement programmables<\/li>\n<\/ul>\n<\/div>\n<\/div>\n<div class=\"row\">\n<div class=\"col-sm-6\">\n<p><a class=\"button\" href=\"https:\/\/linmot.com\/de\/wp-content\/uploads\/sites\/2\/2024\/11\/Flyer_GM50_GM51_EN.pdf\" target=\"_blank\" rel=\"noopener\">Vers le d\u00e9pliant en anglais (PDF)<\/a><\/p>\n<\/div>\n<div class=\"col-sm-6\">\n<p><a class=\"button\" href=\"https:\/\/shop.linmot.com\/index.php?searchWord=GM51&amp;page=search&amp;resetSearch=1&amp;pageNav=1&amp;resetProductFilter=1&amp;offsetFulltextSearch=0&amp;offsetProduct=0\" target=\"_blank\" rel=\"noopener\">Vers les d\u00e9tails dans le catalogue \u00e9lectronique<\/a><\/p>\n<\/div>\n<\/div>\n<h3 id=\"videos\">2. Videos<\/h3>\n<div class=\"row download\">\n<div class=\"col-md-6\">\n<h4 class=\"download-title\">Pince GM51<\/h4>\n<p class=\"bodytext\" align=\"justify\">La combinaison de la pince rotative GM51 avec les guides FM01 et EM01 et les modules DM01 et DM03 permet des applications compl\u00e8tes de pick-and-place et de pick-rotate-and-place gr\u00e2ce au couplage simple et \u00e0 la conception modulaire des composants LinMot.<\/p>\n<\/div>\n<div class=\"col-md-1\">\n<\/div>\n<div class=\"col-md-5\">\n<div class=\"brlbs-cmpnt-container brlbs-cmpnt-content-blocker brlbs-cmpnt-with-individual-styles\" data-borlabs-cookie-content-blocker-id=\"default\" data-borlabs-cookie-content=\"PGlmcmFtZSB0aXRsZT0iWW91VHViZSB2aWRlbyBwbGF5ZXIiIHNyYz0iaHR0cHM6Ly93d3cueW91dHViZS5jb20vZW1iZWQvT1lKMHpDa2pIQ1k\/c2k9dWl3VHlWZHZuU0V2b0ZGSyIgd2lkdGg9IjM5NCIgaGVpZ2h0PSIyMjAiIGZyYW1lYm9yZGVyPSIwIiBhbGxvd2Z1bGxzY3JlZW49ImFsbG93ZnVsbHNjcmVlbiI+PC9pZnJhbWU+\">\n<div class=\"brlbs-cmpnt-cb-preset-a\">\n<p class=\"brlbs-cmpnt-cb-description\">You are currently viewing a placeholder content from <strong>Default<\/strong>. To access the actual content, click the button below. Please note that doing so will share data with third-party providers.<\/p>\n<div class=\"brlbs-cmpnt-cb-buttons\"> <a class=\"brlbs-cmpnt-cb-btn\" href=\"#\" data-borlabs-cookie-unblock role=\"button\">Unblock content<\/a> <a class=\"brlbs-cmpnt-cb-btn\" href=\"#\" data-borlabs-cookie-accept-service role=\"button\" style=\"display: none\">Accept required service and unblock content<\/a> <\/div>\n<p> <a class=\"brlbs-cmpnt-cb-provider-toggle\" href=\"#\" data-borlabs-cookie-show-provider-information role=\"button\">More Information<\/a> <\/div>\n<\/div>\n<\/div>\n<\/div>\n<h3 id=\"kontakt\">3. Contact<\/h3>\n<div class=\"row download\">\n<div class=\"col-md-6\">\n<h4 class=\"download-title\">Des questions sur la pince GM51?<\/h4>\n<p class=\"bodytext\">Nous sommes heureux de r\u00e9pondre \u00e0 toutes vos questions.<br \/>\nVeuillez nous contacter en utilisant le formulaire suivant ou appelez-nous au:<\/p>\n<p class=\"bodytext\">Tel: +49 (0)201 858940 0<\/p>\n<\/div>\n<div class=\"col-md-1\">\n<\/div>\n<div class=\"col-md-5\">\n\n<div class=\"wpcf7 no-js\" id=\"wpcf7-f1702-o1\" lang=\"fr-FR\" dir=\"ltr\" data-wpcf7-id=\"1702\">\n<div class=\"screen-reader-response\"><p role=\"status\" aria-live=\"polite\" aria-atomic=\"true\"><\/p> <ul><\/ul><\/div>\n<form action=\"\/fr\/wp-json\/wp\/v2\/pages\/3537#wpcf7-f1702-o1\" method=\"post\" class=\"wpcf7-form init\" aria-label=\"Formulaire de contact\" novalidate=\"novalidate\" data-status=\"init\">\n<fieldset class=\"hidden-fields-container\"><input type=\"hidden\" name=\"_wpcf7\" value=\"1702\" \/><input type=\"hidden\" name=\"_wpcf7_version\" value=\"6.1.5\" \/><input type=\"hidden\" name=\"_wpcf7_locale\" value=\"fr_FR\" \/><input type=\"hidden\" name=\"_wpcf7_unit_tag\" value=\"wpcf7-f1702-o1\" \/><input type=\"hidden\" name=\"_wpcf7_container_post\" value=\"0\" \/><input type=\"hidden\" name=\"_wpcf7_posted_data_hash\" value=\"\" \/><input type=\"hidden\" name=\"_wpcf7_recaptcha_response\" value=\"\" \/>\n<\/fieldset>\n<label> Votre nom<br>\n    <span class=\"wpcf7-form-control-wrap\" data-name=\"your-name\"><input size=\"40\" maxlength=\"400\" class=\"wpcf7-form-control wpcf7-text wpcf7-validates-as-required\" aria-required=\"true\" aria-invalid=\"false\" value=\"\" type=\"text\" name=\"your-name\" \/><\/span> <\/label>\n<br>\n<label> Votre entreprise<br>\n    <span class=\"wpcf7-form-control-wrap\" data-name=\"your-company\"><input size=\"40\" maxlength=\"400\" class=\"wpcf7-form-control wpcf7-text wpcf7-validates-as-required\" aria-required=\"true\" aria-invalid=\"false\" value=\"\" type=\"text\" name=\"your-company\" \/><\/span> <\/label>\n<br>\n<label> Code postal<br>\n    <span class=\"wpcf7-form-control-wrap\" data-name=\"your-plz\"><input class=\"wpcf7-form-control wpcf7-number wpcf7-validates-as-required wpcf7-validates-as-number\" aria-required=\"true\" aria-invalid=\"false\" value=\"\" type=\"number\" name=\"your-plz\" \/><\/span> <\/label>\n<br>\n<label> Pays<br>\n    <span class=\"wpcf7-form-control-wrap\" data-name=\"your-country\"><input size=\"40\" maxlength=\"400\" class=\"wpcf7-form-control wpcf7-text wpcf7-validates-as-required\" aria-required=\"true\" aria-invalid=\"false\" value=\"\" type=\"text\" name=\"your-country\" \/><\/span> <\/label>\n<br>\n<label> Votre num\u00e9ro de t\u00e9l\u00e9phone<br>\n    <span class=\"wpcf7-form-control-wrap\" data-name=\"your-number\"><input size=\"40\" maxlength=\"400\" class=\"wpcf7-form-control wpcf7-tel wpcf7-validates-as-required wpcf7-text wpcf7-validates-as-tel\" aria-required=\"true\" aria-invalid=\"false\" value=\"\" type=\"tel\" name=\"your-number\" \/><\/span> <\/label>\n<br>\n<label> Votre e-mail<br>\n    <span class=\"wpcf7-form-control-wrap\" data-name=\"your-email\"><input size=\"40\" maxlength=\"400\" class=\"wpcf7-form-control wpcf7-email wpcf7-validates-as-required wpcf7-text wpcf7-validates-as-email\" aria-required=\"true\" aria-invalid=\"false\" value=\"\" type=\"email\" name=\"your-email\" \/><\/span> <\/label>\n<br>\n<label> Votre message (facultatif)<br>\n    <span class=\"wpcf7-form-control-wrap\" data-name=\"your-message\"><textarea cols=\"40\" rows=\"10\" maxlength=\"2000\" class=\"wpcf7-form-control wpcf7-textarea\" aria-invalid=\"false\" name=\"your-message\"><\/textarea><\/span> <\/label>\n<br>\n<input class=\"wpcf7-form-control wpcf7-submit has-spinner\" type=\"submit\" value=\"Envoyer\" \/><div class=\"wpcf7-response-output\" aria-hidden=\"true\"><\/div>\n<\/form>\n<\/div>\n\n<\/div>\n<\/div>\n","protected":false},"excerpt":{"rendered":"<p>Le GM51 dispose \u00e9galement d&rsquo;un moteur rotatif int\u00e9gr\u00e9 \u00e0 rotation continue. Cette pince parall\u00e8le est donc particuli\u00e8rement adapt\u00e9e aux t\u00e2ches de positionnement dynamique, d&rsquo;assemblage et de vissage et, gr\u00e2ce \u00e0 la pr\u00e9cision de l&rsquo;encodeur absolu, elle permet un positionnement angulaire de haute pr\u00e9cision. De plus, la position des doigts de la pince est contr\u00f4l\u00e9e par [&hellip;]<\/p>\n","protected":false},"author":9,"featured_media":0,"parent":3521,"menu_order":35,"comment_status":"closed","ping_status":"closed","template":"","meta":{"_acf_changed":false,"footnotes":""},"class_list":["post-3537","page","type-page","status-publish","hentry"],"acf":[],"yoast_head":"<!-- This site is optimized with the Yoast SEO Premium plugin v20.9 (Yoast SEO v27.4) - https:\/\/yoast.com\/product\/yoast-seo-premium-wordpress\/ -->\n<title>Pince GM51 - LinMot &amp; MagSpring - Fran\u00e7ais<\/title>\n<meta name=\"description\" content=\"Le pince GM51 dispose \u00e9galement d&#039;un moteur rotatif int\u00e9gr\u00e9 avec une rotation sans fin.\" \/>\n<meta name=\"robots\" content=\"index, follow, max-snippet:-1, max-image-preview:large, max-video-preview:-1\" \/>\n<link rel=\"canonical\" href=\"https:\/\/linmot.com\/fr\/produits\/pince-pince-rotative\/pince-gm51\/\" \/>\n<meta property=\"og:locale\" content=\"fr_FR\" \/>\n<meta property=\"og:type\" content=\"article\" \/>\n<meta property=\"og:title\" content=\"Pince GM51 - LinMot &amp; MagSpring - Fran\u00e7ais\" \/>\n<meta property=\"og:description\" content=\"Le pince GM51 dispose \u00e9galement d&#039;un moteur rotatif int\u00e9gr\u00e9 avec une rotation sans fin.\" \/>\n<meta property=\"og:url\" content=\"https:\/\/linmot.com\/fr\/produits\/pince-pince-rotative\/pince-gm51\/\" \/>\n<meta property=\"og:site_name\" content=\"LinMot &amp; MagSpring - Fran\u00e7ais\" \/>\n<meta property=\"article:modified_time\" content=\"2025-05-01T07:15:50+00:00\" \/>\n<meta property=\"og:image\" content=\"https:\/\/linmot.com\/fr\/wp-content\/uploads\/sites\/3\/2022\/05\/linmot-social-share-logo.jpg\" \/>\n\t<meta property=\"og:image:width\" content=\"800\" \/>\n\t<meta property=\"og:image:height\" content=\"500\" \/>\n\t<meta property=\"og:image:type\" content=\"image\/jpeg\" \/>\n<meta name=\"twitter:card\" content=\"summary_large_image\" \/>\n<meta name=\"twitter:title\" content=\"Pince GM51 - LinMot &amp; MagSpring - Fran\u00e7ais\" \/>\n<meta name=\"twitter:description\" content=\"Le pince GM51 dispose \u00e9galement d&#039;un moteur rotatif int\u00e9gr\u00e9 avec une rotation sans fin.\" \/>\n<meta name=\"twitter:label1\" content=\"Dur\u00e9e de lecture estim\u00e9e\" \/>\n\t<meta name=\"twitter:data1\" content=\"2 minutes\" \/>\n<script type=\"application\/ld+json\" class=\"yoast-schema-graph\">{\"@context\":\"https:\\\/\\\/schema.org\",\"@graph\":[{\"@type\":\"WebPage\",\"@id\":\"https:\\\/\\\/linmot.com\\\/fr\\\/produits\\\/pince-pince-rotative\\\/pince-gm51\\\/\",\"url\":\"https:\\\/\\\/linmot.com\\\/fr\\\/produits\\\/pince-pince-rotative\\\/pince-gm51\\\/\",\"name\":\"Pince GM51 - LinMot &amp; MagSpring - Fran\u00e7ais\",\"isPartOf\":{\"@id\":\"https:\\\/\\\/linmot.com\\\/fr\\\/#website\"},\"primaryImageOfPage\":{\"@id\":\"https:\\\/\\\/linmot.com\\\/fr\\\/produits\\\/pince-pince-rotative\\\/pince-gm51\\\/#primaryimage\"},\"image\":{\"@id\":\"https:\\\/\\\/linmot.com\\\/fr\\\/produits\\\/pince-pince-rotative\\\/pince-gm51\\\/#primaryimage\"},\"thumbnailUrl\":\"https:\\\/\\\/linmot.com\\\/de\\\/wp-content\\\/uploads\\\/sites\\\/2\\\/2025\\\/04\\\/gripper-gm51-linmot.jpg\",\"datePublished\":\"2024-11-11T08:26:37+00:00\",\"dateModified\":\"2025-05-01T07:15:50+00:00\",\"description\":\"Le pince GM51 dispose \u00e9galement d'un moteur rotatif int\u00e9gr\u00e9 avec une rotation sans fin.\",\"breadcrumb\":{\"@id\":\"https:\\\/\\\/linmot.com\\\/fr\\\/produits\\\/pince-pince-rotative\\\/pince-gm51\\\/#breadcrumb\"},\"inLanguage\":\"fr-FR\",\"potentialAction\":[{\"@type\":\"ReadAction\",\"target\":[\"https:\\\/\\\/linmot.com\\\/fr\\\/produits\\\/pince-pince-rotative\\\/pince-gm51\\\/\"]}]},{\"@type\":\"ImageObject\",\"inLanguage\":\"fr-FR\",\"@id\":\"https:\\\/\\\/linmot.com\\\/fr\\\/produits\\\/pince-pince-rotative\\\/pince-gm51\\\/#primaryimage\",\"url\":\"https:\\\/\\\/linmot.com\\\/de\\\/wp-content\\\/uploads\\\/sites\\\/2\\\/2025\\\/04\\\/gripper-gm51-linmot.jpg\",\"contentUrl\":\"https:\\\/\\\/linmot.com\\\/de\\\/wp-content\\\/uploads\\\/sites\\\/2\\\/2025\\\/04\\\/gripper-gm51-linmot.jpg\"},{\"@type\":\"BreadcrumbList\",\"@id\":\"https:\\\/\\\/linmot.com\\\/fr\\\/produits\\\/pince-pince-rotative\\\/pince-gm51\\\/#breadcrumb\",\"itemListElement\":[{\"@type\":\"ListItem\",\"position\":1,\"name\":\"Home\",\"item\":\"https:\\\/\\\/linmot.com\\\/fr\\\/\"},{\"@type\":\"ListItem\",\"position\":2,\"name\":\"Produits\",\"item\":\"https:\\\/\\\/linmot.com\\\/fr\\\/produits\\\/\"},{\"@type\":\"ListItem\",\"position\":3,\"name\":\"Pinces \u00e9lectriques\",\"item\":\"https:\\\/\\\/linmot.com\\\/fr\\\/produits\\\/pince-pince-rotative\\\/\"},{\"@type\":\"ListItem\",\"position\":4,\"name\":\"Pince GM51\"}]},{\"@type\":\"WebSite\",\"@id\":\"https:\\\/\\\/linmot.com\\\/fr\\\/#website\",\"url\":\"https:\\\/\\\/linmot.com\\\/fr\\\/\",\"name\":\"LinMot &amp; MagSpring - Fran\u00e7ais\",\"description\":\"Moteurs lin\u00e9aires et des syst\u00e8mes de moteurs lin\u00e9aires de haute qualit\u00e9\",\"publisher\":{\"@id\":\"https:\\\/\\\/linmot.com\\\/fr\\\/#organization\"},\"potentialAction\":[{\"@type\":\"SearchAction\",\"target\":{\"@type\":\"EntryPoint\",\"urlTemplate\":\"https:\\\/\\\/linmot.com\\\/fr\\\/?s={search_term_string}\"},\"query-input\":{\"@type\":\"PropertyValueSpecification\",\"valueRequired\":true,\"valueName\":\"search_term_string\"}}],\"inLanguage\":\"fr-FR\"},{\"@type\":\"Organization\",\"@id\":\"https:\\\/\\\/linmot.com\\\/fr\\\/#organization\",\"name\":\"NTI AG - LinMot & MagSpring\",\"url\":\"https:\\\/\\\/linmot.com\\\/fr\\\/\",\"logo\":{\"@type\":\"ImageObject\",\"inLanguage\":\"fr-FR\",\"@id\":\"https:\\\/\\\/linmot.com\\\/fr\\\/#\\\/schema\\\/logo\\\/image\\\/\",\"url\":\"https:\\\/\\\/linmot.com\\\/fr\\\/wp-content\\\/uploads\\\/sites\\\/3\\\/2022\\\/05\\\/linmot-social-share-logo.jpg\",\"contentUrl\":\"https:\\\/\\\/linmot.com\\\/fr\\\/wp-content\\\/uploads\\\/sites\\\/3\\\/2022\\\/05\\\/linmot-social-share-logo.jpg\",\"width\":800,\"height\":500,\"caption\":\"NTI AG - LinMot & MagSpring\"},\"image\":{\"@id\":\"https:\\\/\\\/linmot.com\\\/fr\\\/#\\\/schema\\\/logo\\\/image\\\/\"},\"sameAs\":[\"https:\\\/\\\/www.linkedin.com\\\/company\\\/nti-ag-linmot-magspring\",\"https:\\\/\\\/www.youtube.com\\\/user\\\/LinMotEurope\"]}]}<\/script>\n<!-- \/ Yoast SEO Premium plugin. -->","yoast_head_json":{"title":"Pince GM51 - LinMot &amp; MagSpring - Fran\u00e7ais","description":"Le pince GM51 dispose \u00e9galement d'un moteur rotatif int\u00e9gr\u00e9 avec une rotation sans fin.","robots":{"index":"index","follow":"follow","max-snippet":"max-snippet:-1","max-image-preview":"max-image-preview:large","max-video-preview":"max-video-preview:-1"},"canonical":"https:\/\/linmot.com\/fr\/produits\/pince-pince-rotative\/pince-gm51\/","og_locale":"fr_FR","og_type":"article","og_title":"Pince GM51 - LinMot &amp; MagSpring - Fran\u00e7ais","og_description":"Le pince GM51 dispose \u00e9galement d'un moteur rotatif int\u00e9gr\u00e9 avec une rotation sans fin.","og_url":"https:\/\/linmot.com\/fr\/produits\/pince-pince-rotative\/pince-gm51\/","og_site_name":"LinMot &amp; MagSpring - Fran\u00e7ais","article_modified_time":"2025-05-01T07:15:50+00:00","og_image":[{"width":800,"height":500,"url":"https:\/\/linmot.com\/fr\/wp-content\/uploads\/sites\/3\/2022\/05\/linmot-social-share-logo.jpg","type":"image\/jpeg"}],"twitter_card":"summary_large_image","twitter_title":"Pince GM51 - LinMot &amp; MagSpring - Fran\u00e7ais","twitter_description":"Le pince GM51 dispose \u00e9galement d'un moteur rotatif int\u00e9gr\u00e9 avec une rotation sans fin.","twitter_misc":{"Dur\u00e9e de lecture estim\u00e9e":"2 minutes"},"schema":{"@context":"https:\/\/schema.org","@graph":[{"@type":"WebPage","@id":"https:\/\/linmot.com\/fr\/produits\/pince-pince-rotative\/pince-gm51\/","url":"https:\/\/linmot.com\/fr\/produits\/pince-pince-rotative\/pince-gm51\/","name":"Pince GM51 - LinMot &amp; MagSpring - Fran\u00e7ais","isPartOf":{"@id":"https:\/\/linmot.com\/fr\/#website"},"primaryImageOfPage":{"@id":"https:\/\/linmot.com\/fr\/produits\/pince-pince-rotative\/pince-gm51\/#primaryimage"},"image":{"@id":"https:\/\/linmot.com\/fr\/produits\/pince-pince-rotative\/pince-gm51\/#primaryimage"},"thumbnailUrl":"https:\/\/linmot.com\/de\/wp-content\/uploads\/sites\/2\/2025\/04\/gripper-gm51-linmot.jpg","datePublished":"2024-11-11T08:26:37+00:00","dateModified":"2025-05-01T07:15:50+00:00","description":"Le pince GM51 dispose \u00e9galement d'un moteur rotatif int\u00e9gr\u00e9 avec une rotation sans fin.","breadcrumb":{"@id":"https:\/\/linmot.com\/fr\/produits\/pince-pince-rotative\/pince-gm51\/#breadcrumb"},"inLanguage":"fr-FR","potentialAction":[{"@type":"ReadAction","target":["https:\/\/linmot.com\/fr\/produits\/pince-pince-rotative\/pince-gm51\/"]}]},{"@type":"ImageObject","inLanguage":"fr-FR","@id":"https:\/\/linmot.com\/fr\/produits\/pince-pince-rotative\/pince-gm51\/#primaryimage","url":"https:\/\/linmot.com\/de\/wp-content\/uploads\/sites\/2\/2025\/04\/gripper-gm51-linmot.jpg","contentUrl":"https:\/\/linmot.com\/de\/wp-content\/uploads\/sites\/2\/2025\/04\/gripper-gm51-linmot.jpg"},{"@type":"BreadcrumbList","@id":"https:\/\/linmot.com\/fr\/produits\/pince-pince-rotative\/pince-gm51\/#breadcrumb","itemListElement":[{"@type":"ListItem","position":1,"name":"Home","item":"https:\/\/linmot.com\/fr\/"},{"@type":"ListItem","position":2,"name":"Produits","item":"https:\/\/linmot.com\/fr\/produits\/"},{"@type":"ListItem","position":3,"name":"Pinces \u00e9lectriques","item":"https:\/\/linmot.com\/fr\/produits\/pince-pince-rotative\/"},{"@type":"ListItem","position":4,"name":"Pince GM51"}]},{"@type":"WebSite","@id":"https:\/\/linmot.com\/fr\/#website","url":"https:\/\/linmot.com\/fr\/","name":"LinMot &amp; MagSpring - Fran\u00e7ais","description":"Moteurs lin\u00e9aires et des syst\u00e8mes de moteurs lin\u00e9aires de haute qualit\u00e9","publisher":{"@id":"https:\/\/linmot.com\/fr\/#organization"},"potentialAction":[{"@type":"SearchAction","target":{"@type":"EntryPoint","urlTemplate":"https:\/\/linmot.com\/fr\/?s={search_term_string}"},"query-input":{"@type":"PropertyValueSpecification","valueRequired":true,"valueName":"search_term_string"}}],"inLanguage":"fr-FR"},{"@type":"Organization","@id":"https:\/\/linmot.com\/fr\/#organization","name":"NTI AG - LinMot & MagSpring","url":"https:\/\/linmot.com\/fr\/","logo":{"@type":"ImageObject","inLanguage":"fr-FR","@id":"https:\/\/linmot.com\/fr\/#\/schema\/logo\/image\/","url":"https:\/\/linmot.com\/fr\/wp-content\/uploads\/sites\/3\/2022\/05\/linmot-social-share-logo.jpg","contentUrl":"https:\/\/linmot.com\/fr\/wp-content\/uploads\/sites\/3\/2022\/05\/linmot-social-share-logo.jpg","width":800,"height":500,"caption":"NTI AG - LinMot & MagSpring"},"image":{"@id":"https:\/\/linmot.com\/fr\/#\/schema\/logo\/image\/"},"sameAs":["https:\/\/www.linkedin.com\/company\/nti-ag-linmot-magspring","https:\/\/www.youtube.com\/user\/LinMotEurope"]}]}},"_links":{"self":[{"href":"https:\/\/linmot.com\/fr\/wp-json\/wp\/v2\/pages\/3537","targetHints":{"allow":["GET"]}}],"collection":[{"href":"https:\/\/linmot.com\/fr\/wp-json\/wp\/v2\/pages"}],"about":[{"href":"https:\/\/linmot.com\/fr\/wp-json\/wp\/v2\/types\/page"}],"author":[{"embeddable":true,"href":"https:\/\/linmot.com\/fr\/wp-json\/wp\/v2\/users\/9"}],"replies":[{"embeddable":true,"href":"https:\/\/linmot.com\/fr\/wp-json\/wp\/v2\/comments?post=3537"}],"version-history":[{"count":16,"href":"https:\/\/linmot.com\/fr\/wp-json\/wp\/v2\/pages\/3537\/revisions"}],"predecessor-version":[{"id":3777,"href":"https:\/\/linmot.com\/fr\/wp-json\/wp\/v2\/pages\/3537\/revisions\/3777"}],"up":[{"embeddable":true,"href":"https:\/\/linmot.com\/fr\/wp-json\/wp\/v2\/pages\/3521"}],"wp:attachment":[{"href":"https:\/\/linmot.com\/fr\/wp-json\/wp\/v2\/media?parent=3537"}],"curies":[{"name":"wp","href":"https:\/\/api.w.org\/{rel}","templated":true}]}}