{"id":3521,"date":"2024-11-06T15:43:11","date_gmt":"2024-11-06T14:43:11","guid":{"rendered":"https:\/\/linmot.com\/fr\/?page_id=3521"},"modified":"2025-04-10T12:07:00","modified_gmt":"2025-04-10T10:07:00","slug":"pince-pince-rotative","status":"publish","type":"page","link":"https:\/\/linmot.com\/fr\/produits\/pince-pince-rotative\/","title":{"rendered":"Pinces \u00e9lectriques"},"content":{"rendered":"<p align=\"justify\"><strong>Les pinces \u00e9lectriques LinMot sont des solutions hautement dynamiques pour les t\u00e2ches exigeantes de prise et de d\u00e9pose, d&rsquo;assemblage, de vissage et bien d&rsquo;autres encore. Outre des temps de fermeture et d&rsquo;ouverture rapides, elles permettent un positionnement libre des doigts et un contr\u00f4le de la force, ce qui signifie que les mouvements de pr\u00e9hension peuvent \u00eatre adapt\u00e9s individuellement et rendus particuli\u00e8rement doux. De plus, la position des doigts de la pince est surveill\u00e9e par le moteur lin\u00e9aire, ce qui \u00e9limine le besoin de capteurs et de c\u00e2bles externes. Les pinces LinMot sont \u00e9galement disponibles en acier inoxydable pour une utilisation dans les industries aux exigences d&rsquo;hygi\u00e8ne \u00e9lev\u00e9es, telles que les industries pharmaceutique, alimentaire et chimique.<\/strong><\/p>\n<hr \/>\n<h2>Pince GM01<\/h2>\n<p>Pince parall\u00e8le multiaxes en acier inoxydable<\/p>\n<div class=\"row\">\n<div class=\"col-md-7\">\n<ul>\n<li>Acier inoxydable EN 1.4404\/316L<\/li>\n<li>Mat\u00e9riaux l\u00e9gers (FDA)<\/li>\n<li>Contr\u00f4le et tra\u00e7abilit\u00e9 des processus \u00e0 100 %<\/li>\n<li>Grande libert\u00e9 de positionnement et de force de serrage<\/li>\n<\/ul>\n<p><a class=\"button\" href=\"\/fr\/produits\/pince-pince-rotative\/prehenseur-gm01\/\">En savoir plus sur le pr\u00e9henseur GM01<\/a><\/p>\n<\/div>\n<div class=\"col-md-5\">\n<img loading=\"lazy\" decoding=\"async\" class=\"aligncenter size-full wp-image-5755\" src=\"https:\/\/linmot.com\/de\/wp-content\/uploads\/sites\/2\/2025\/04\/electric-gripper-gm01-linear-motor.jpg\" alt=\"\" width=\"736\" height=\"332\" \/>\n<\/div>\n<\/div>\n<div class=\"row\">\n<div class=\"col-md-6\">\n<h3>Pince GM50<\/h3>\n<p>Pince parall\u00e8le \u00e0 2 doigts<\/p>\n<ul>\n<li>Temps d&rsquo;ouverture et de fermeture inf\u00e9rieur \u00e0 20 ms<\/li>\n<li>Profils de mouvement librement programmables<\/li>\n<li>Pr\u00e9hension \u00e0 force r\u00e9duite gr\u00e2ce au moteur lin\u00e9aire<\/li>\n<li>Durable avec une faible consommation d&rsquo;\u00e9nergie<\/li>\n<\/ul>\n<p><a class=\"button\" href=\"\/fr\/produits\/pince-pince-rotative\/pince-gm50\/\">En savoir plus sur la pince GM50<\/a><\/p>\n<\/div>\n<div class=\"col-md-1\">\n<\/div>\n<div class=\"col-md-5\">\n<img loading=\"lazy\" decoding=\"async\" class=\"aligncenter size-full wp-image-5756\" src=\"https:\/\/linmot.com\/de\/wp-content\/uploads\/sites\/2\/2025\/04\/electric-gripper-gm50-linear-motor.jpg\" alt=\"\" width=\"736\" height=\"332\" \/>\n<\/div>\n<\/div>\n<div class=\"row\">\n<div class=\"col-md-6\">\n<h3>Pince rotative GM51<\/h3>\n<p>Pince rotative parall\u00e8le \u00e0 2 doigts<\/p>\n<ul>\n<li>Moteur rotatif \u00e0 rotation sans fin<\/li>\n<li>Aucun c\u00e2ble ne vient g\u00eaner la rotation<\/li>\n<li>Positionnement angulaire de haute pr\u00e9cision<\/li>\n<li>Profils de mouvement librement programmables<\/li>\n<\/ul>\n<p><a class=\"button\" href=\"\/fr\/produits\/pince-pince-rotative\/pince-gm51\/\">En savoir plus sur le pr\u00e9henseur rotatif GM51<\/a><\/p>\n<\/div>\n<div class=\"col-md-1\">\n<\/div>\n<div class=\"col-md-5\">\n<img loading=\"lazy\" decoding=\"async\" class=\"aligncenter size-full wp-image-5757\" src=\"https:\/\/linmot.com\/de\/wp-content\/uploads\/sites\/2\/2025\/04\/electric-gripper-gm51-linear-motor.jpg\" alt=\"\" width=\"736\" height=\"332\" \/>\n<\/div>\n<\/div>\n<hr \/>\n<h2>Des questions sur nos pr\u00e9henseurs?<\/h2>\n<p>Nous sommes \u00e0 votre disposition pour r\u00e9pondre \u00e0 vos questions ou vous conseiller. Contactez-nous au +33 (0)1 47 56 20 99 ou via le formulaire ci-dessous:<\/p>\n\n<div class=\"wpcf7 no-js\" id=\"wpcf7-f1702-o1\" lang=\"fr-FR\" dir=\"ltr\" data-wpcf7-id=\"1702\">\n<div class=\"screen-reader-response\"><p role=\"status\" aria-live=\"polite\" aria-atomic=\"true\"><\/p> <ul><\/ul><\/div>\n<form action=\"\/fr\/wp-json\/wp\/v2\/pages\/3521#wpcf7-f1702-o1\" method=\"post\" class=\"wpcf7-form init\" aria-label=\"Formulaire de contact\" novalidate=\"novalidate\" data-status=\"init\">\n<fieldset class=\"hidden-fields-container\"><input type=\"hidden\" name=\"_wpcf7\" value=\"1702\" \/><input type=\"hidden\" name=\"_wpcf7_version\" value=\"6.1.5\" \/><input type=\"hidden\" name=\"_wpcf7_locale\" value=\"fr_FR\" \/><input type=\"hidden\" name=\"_wpcf7_unit_tag\" value=\"wpcf7-f1702-o1\" \/><input type=\"hidden\" name=\"_wpcf7_container_post\" value=\"0\" \/><input type=\"hidden\" name=\"_wpcf7_posted_data_hash\" value=\"\" \/><input type=\"hidden\" name=\"_wpcf7_recaptcha_response\" value=\"\" \/>\n<\/fieldset>\n<label> Votre nom<br>\n    <span class=\"wpcf7-form-control-wrap\" data-name=\"your-name\"><input size=\"40\" maxlength=\"400\" class=\"wpcf7-form-control wpcf7-text wpcf7-validates-as-required\" aria-required=\"true\" aria-invalid=\"false\" value=\"\" type=\"text\" name=\"your-name\" \/><\/span> <\/label>\n<br>\n<label> Votre entreprise<br>\n    <span class=\"wpcf7-form-control-wrap\" data-name=\"your-company\"><input size=\"40\" maxlength=\"400\" class=\"wpcf7-form-control wpcf7-text wpcf7-validates-as-required\" aria-required=\"true\" aria-invalid=\"false\" value=\"\" type=\"text\" name=\"your-company\" \/><\/span> <\/label>\n<br>\n<label> Code postal<br>\n    <span class=\"wpcf7-form-control-wrap\" data-name=\"your-plz\"><input class=\"wpcf7-form-control wpcf7-number wpcf7-validates-as-required wpcf7-validates-as-number\" aria-required=\"true\" aria-invalid=\"false\" value=\"\" type=\"number\" name=\"your-plz\" \/><\/span> <\/label>\n<br>\n<label> Pays<br>\n    <span class=\"wpcf7-form-control-wrap\" data-name=\"your-country\"><input size=\"40\" maxlength=\"400\" class=\"wpcf7-form-control wpcf7-text wpcf7-validates-as-required\" aria-required=\"true\" aria-invalid=\"false\" value=\"\" type=\"text\" name=\"your-country\" \/><\/span> <\/label>\n<br>\n<label> Votre num\u00e9ro de t\u00e9l\u00e9phone<br>\n    <span class=\"wpcf7-form-control-wrap\" data-name=\"your-number\"><input size=\"40\" maxlength=\"400\" class=\"wpcf7-form-control wpcf7-tel wpcf7-validates-as-required wpcf7-text wpcf7-validates-as-tel\" aria-required=\"true\" aria-invalid=\"false\" value=\"\" type=\"tel\" name=\"your-number\" \/><\/span> <\/label>\n<br>\n<label> Votre e-mail<br>\n    <span class=\"wpcf7-form-control-wrap\" data-name=\"your-email\"><input size=\"40\" maxlength=\"400\" class=\"wpcf7-form-control wpcf7-email wpcf7-validates-as-required wpcf7-text wpcf7-validates-as-email\" aria-required=\"true\" aria-invalid=\"false\" value=\"\" type=\"email\" name=\"your-email\" \/><\/span> <\/label>\n<br>\n<label> Votre message (facultatif)<br>\n    <span class=\"wpcf7-form-control-wrap\" data-name=\"your-message\"><textarea cols=\"40\" rows=\"10\" maxlength=\"2000\" class=\"wpcf7-form-control wpcf7-textarea\" aria-invalid=\"false\" name=\"your-message\"><\/textarea><\/span> <\/label>\n<br>\n<input class=\"wpcf7-form-control wpcf7-submit has-spinner\" type=\"submit\" value=\"Envoyer\" \/><div class=\"wpcf7-response-output\" aria-hidden=\"true\"><\/div>\n<\/form>\n<\/div>\n\n","protected":false},"excerpt":{"rendered":"<p>Les pinces \u00e9lectriques LinMot sont des solutions hautement dynamiques pour les t\u00e2ches exigeantes de prise et de d\u00e9pose, d&rsquo;assemblage, de vissage et bien d&rsquo;autres encore. Outre des temps de fermeture et d&rsquo;ouverture rapides, elles permettent un positionnement libre des doigts et un contr\u00f4le de la force, ce qui signifie que les mouvements de pr\u00e9hension peuvent [&hellip;]<\/p>\n","protected":false},"author":9,"featured_media":0,"parent":1210,"menu_order":30,"comment_status":"closed","ping_status":"closed","template":"","meta":{"_acf_changed":false,"footnotes":""},"class_list":["post-3521","page","type-page","status-publish","hentry"],"acf":[],"yoast_head":"<!-- This site is optimized with the Yoast SEO Premium plugin v20.9 (Yoast SEO v27.3) - https:\/\/yoast.com\/product\/yoast-seo-premium-wordpress\/ -->\n<title>Pinces \u00e9lectriques - LinMot &amp; MagSpring - Fran\u00e7ais<\/title>\n<meta name=\"description\" content=\"Les pinces LinMot GM50 et GM51 sont des solutions tr\u00e8s dynamiques pour les t\u00e2ches exigeantes de prise et de d\u00e9pose, d&#039;assemblage et de vissage.\" \/>\n<meta name=\"robots\" content=\"index, follow, max-snippet:-1, max-image-preview:large, max-video-preview:-1\" \/>\n<link rel=\"canonical\" href=\"https:\/\/linmot.com\/fr\/produits\/pince-pince-rotative\/\" \/>\n<meta property=\"og:locale\" content=\"fr_FR\" \/>\n<meta property=\"og:type\" content=\"article\" \/>\n<meta property=\"og:title\" content=\"Pinces \u00e9lectriques\" \/>\n<meta property=\"og:description\" content=\"Les pinces LinMot GM50 et GM51 sont des solutions tr\u00e8s dynamiques pour les t\u00e2ches exigeantes de prise et de d\u00e9pose, d&#039;assemblage et de vissage.\" \/>\n<meta property=\"og:url\" content=\"https:\/\/linmot.com\/fr\/produits\/pince-pince-rotative\/\" \/>\n<meta property=\"og:site_name\" content=\"LinMot &amp; MagSpring - Fran\u00e7ais\" \/>\n<meta property=\"article:modified_time\" content=\"2025-04-10T10:07:00+00:00\" \/>\n<meta property=\"og:image\" content=\"https:\/\/linmot.com\/fr\/wp-content\/uploads\/sites\/3\/2022\/05\/linmot-social-share-logo.jpg\" \/>\n\t<meta property=\"og:image:width\" content=\"800\" \/>\n\t<meta property=\"og:image:height\" content=\"500\" \/>\n\t<meta property=\"og:image:type\" content=\"image\/jpeg\" \/>\n<meta name=\"twitter:card\" content=\"summary_large_image\" \/>\n<meta name=\"twitter:label1\" content=\"Dur\u00e9e de lecture estim\u00e9e\" \/>\n\t<meta name=\"twitter:data1\" content=\"3 minutes\" \/>\n<script type=\"application\/ld+json\" class=\"yoast-schema-graph\">{\"@context\":\"https:\\\/\\\/schema.org\",\"@graph\":[{\"@type\":\"WebPage\",\"@id\":\"https:\\\/\\\/linmot.com\\\/fr\\\/produits\\\/pince-pince-rotative\\\/\",\"url\":\"https:\\\/\\\/linmot.com\\\/fr\\\/produits\\\/pince-pince-rotative\\\/\",\"name\":\"Pinces \u00e9lectriques - LinMot &amp; MagSpring - Fran\u00e7ais\",\"isPartOf\":{\"@id\":\"https:\\\/\\\/linmot.com\\\/fr\\\/#website\"},\"primaryImageOfPage\":{\"@id\":\"https:\\\/\\\/linmot.com\\\/fr\\\/produits\\\/pince-pince-rotative\\\/#primaryimage\"},\"image\":{\"@id\":\"https:\\\/\\\/linmot.com\\\/fr\\\/produits\\\/pince-pince-rotative\\\/#primaryimage\"},\"thumbnailUrl\":\"https:\\\/\\\/linmot.com\\\/de\\\/wp-content\\\/uploads\\\/sites\\\/2\\\/2025\\\/04\\\/electric-gripper-gm01-linear-motor.jpg\",\"datePublished\":\"2024-11-06T14:43:11+00:00\",\"dateModified\":\"2025-04-10T10:07:00+00:00\",\"description\":\"Les pinces LinMot GM50 et GM51 sont des solutions tr\u00e8s dynamiques pour les t\u00e2ches exigeantes de prise et de d\u00e9pose, d'assemblage et de vissage.\",\"breadcrumb\":{\"@id\":\"https:\\\/\\\/linmot.com\\\/fr\\\/produits\\\/pince-pince-rotative\\\/#breadcrumb\"},\"inLanguage\":\"fr-FR\",\"potentialAction\":[{\"@type\":\"ReadAction\",\"target\":[\"https:\\\/\\\/linmot.com\\\/fr\\\/produits\\\/pince-pince-rotative\\\/\"]}]},{\"@type\":\"ImageObject\",\"inLanguage\":\"fr-FR\",\"@id\":\"https:\\\/\\\/linmot.com\\\/fr\\\/produits\\\/pince-pince-rotative\\\/#primaryimage\",\"url\":\"https:\\\/\\\/linmot.com\\\/de\\\/wp-content\\\/uploads\\\/sites\\\/2\\\/2025\\\/04\\\/electric-gripper-gm01-linear-motor.jpg\",\"contentUrl\":\"https:\\\/\\\/linmot.com\\\/de\\\/wp-content\\\/uploads\\\/sites\\\/2\\\/2025\\\/04\\\/electric-gripper-gm01-linear-motor.jpg\"},{\"@type\":\"BreadcrumbList\",\"@id\":\"https:\\\/\\\/linmot.com\\\/fr\\\/produits\\\/pince-pince-rotative\\\/#breadcrumb\",\"itemListElement\":[{\"@type\":\"ListItem\",\"position\":1,\"name\":\"Home\",\"item\":\"https:\\\/\\\/linmot.com\\\/fr\\\/\"},{\"@type\":\"ListItem\",\"position\":2,\"name\":\"Produits\",\"item\":\"https:\\\/\\\/linmot.com\\\/fr\\\/produits\\\/\"},{\"@type\":\"ListItem\",\"position\":3,\"name\":\"Pinces \u00e9lectriques\"}]},{\"@type\":\"WebSite\",\"@id\":\"https:\\\/\\\/linmot.com\\\/fr\\\/#website\",\"url\":\"https:\\\/\\\/linmot.com\\\/fr\\\/\",\"name\":\"LinMot &amp; MagSpring - Fran\u00e7ais\",\"description\":\"Moteurs lin\u00e9aires et des syst\u00e8mes de moteurs lin\u00e9aires de haute qualit\u00e9\",\"publisher\":{\"@id\":\"https:\\\/\\\/linmot.com\\\/fr\\\/#organization\"},\"potentialAction\":[{\"@type\":\"SearchAction\",\"target\":{\"@type\":\"EntryPoint\",\"urlTemplate\":\"https:\\\/\\\/linmot.com\\\/fr\\\/?s={search_term_string}\"},\"query-input\":{\"@type\":\"PropertyValueSpecification\",\"valueRequired\":true,\"valueName\":\"search_term_string\"}}],\"inLanguage\":\"fr-FR\"},{\"@type\":\"Organization\",\"@id\":\"https:\\\/\\\/linmot.com\\\/fr\\\/#organization\",\"name\":\"NTI AG - LinMot & MagSpring\",\"url\":\"https:\\\/\\\/linmot.com\\\/fr\\\/\",\"logo\":{\"@type\":\"ImageObject\",\"inLanguage\":\"fr-FR\",\"@id\":\"https:\\\/\\\/linmot.com\\\/fr\\\/#\\\/schema\\\/logo\\\/image\\\/\",\"url\":\"https:\\\/\\\/linmot.com\\\/fr\\\/wp-content\\\/uploads\\\/sites\\\/3\\\/2022\\\/05\\\/linmot-social-share-logo.jpg\",\"contentUrl\":\"https:\\\/\\\/linmot.com\\\/fr\\\/wp-content\\\/uploads\\\/sites\\\/3\\\/2022\\\/05\\\/linmot-social-share-logo.jpg\",\"width\":800,\"height\":500,\"caption\":\"NTI AG - LinMot & MagSpring\"},\"image\":{\"@id\":\"https:\\\/\\\/linmot.com\\\/fr\\\/#\\\/schema\\\/logo\\\/image\\\/\"},\"sameAs\":[\"https:\\\/\\\/www.linkedin.com\\\/company\\\/nti-ag-linmot-magspring\",\"https:\\\/\\\/www.youtube.com\\\/user\\\/LinMotEurope\"]}]}<\/script>\n<!-- \/ Yoast SEO Premium plugin. -->","yoast_head_json":{"title":"Pinces \u00e9lectriques - LinMot &amp; MagSpring - Fran\u00e7ais","description":"Les pinces LinMot GM50 et GM51 sont des solutions tr\u00e8s dynamiques pour les t\u00e2ches exigeantes de prise et de d\u00e9pose, d'assemblage et de vissage.","robots":{"index":"index","follow":"follow","max-snippet":"max-snippet:-1","max-image-preview":"max-image-preview:large","max-video-preview":"max-video-preview:-1"},"canonical":"https:\/\/linmot.com\/fr\/produits\/pince-pince-rotative\/","og_locale":"fr_FR","og_type":"article","og_title":"Pinces \u00e9lectriques","og_description":"Les pinces LinMot GM50 et GM51 sont des solutions tr\u00e8s dynamiques pour les t\u00e2ches exigeantes de prise et de d\u00e9pose, d'assemblage et de vissage.","og_url":"https:\/\/linmot.com\/fr\/produits\/pince-pince-rotative\/","og_site_name":"LinMot &amp; MagSpring - Fran\u00e7ais","article_modified_time":"2025-04-10T10:07:00+00:00","og_image":[{"width":800,"height":500,"url":"https:\/\/linmot.com\/fr\/wp-content\/uploads\/sites\/3\/2022\/05\/linmot-social-share-logo.jpg","type":"image\/jpeg"}],"twitter_card":"summary_large_image","twitter_misc":{"Dur\u00e9e de lecture estim\u00e9e":"3 minutes"},"schema":{"@context":"https:\/\/schema.org","@graph":[{"@type":"WebPage","@id":"https:\/\/linmot.com\/fr\/produits\/pince-pince-rotative\/","url":"https:\/\/linmot.com\/fr\/produits\/pince-pince-rotative\/","name":"Pinces \u00e9lectriques - LinMot &amp; MagSpring - Fran\u00e7ais","isPartOf":{"@id":"https:\/\/linmot.com\/fr\/#website"},"primaryImageOfPage":{"@id":"https:\/\/linmot.com\/fr\/produits\/pince-pince-rotative\/#primaryimage"},"image":{"@id":"https:\/\/linmot.com\/fr\/produits\/pince-pince-rotative\/#primaryimage"},"thumbnailUrl":"https:\/\/linmot.com\/de\/wp-content\/uploads\/sites\/2\/2025\/04\/electric-gripper-gm01-linear-motor.jpg","datePublished":"2024-11-06T14:43:11+00:00","dateModified":"2025-04-10T10:07:00+00:00","description":"Les pinces LinMot GM50 et GM51 sont des solutions tr\u00e8s dynamiques pour les t\u00e2ches exigeantes de prise et de d\u00e9pose, d'assemblage et de vissage.","breadcrumb":{"@id":"https:\/\/linmot.com\/fr\/produits\/pince-pince-rotative\/#breadcrumb"},"inLanguage":"fr-FR","potentialAction":[{"@type":"ReadAction","target":["https:\/\/linmot.com\/fr\/produits\/pince-pince-rotative\/"]}]},{"@type":"ImageObject","inLanguage":"fr-FR","@id":"https:\/\/linmot.com\/fr\/produits\/pince-pince-rotative\/#primaryimage","url":"https:\/\/linmot.com\/de\/wp-content\/uploads\/sites\/2\/2025\/04\/electric-gripper-gm01-linear-motor.jpg","contentUrl":"https:\/\/linmot.com\/de\/wp-content\/uploads\/sites\/2\/2025\/04\/electric-gripper-gm01-linear-motor.jpg"},{"@type":"BreadcrumbList","@id":"https:\/\/linmot.com\/fr\/produits\/pince-pince-rotative\/#breadcrumb","itemListElement":[{"@type":"ListItem","position":1,"name":"Home","item":"https:\/\/linmot.com\/fr\/"},{"@type":"ListItem","position":2,"name":"Produits","item":"https:\/\/linmot.com\/fr\/produits\/"},{"@type":"ListItem","position":3,"name":"Pinces \u00e9lectriques"}]},{"@type":"WebSite","@id":"https:\/\/linmot.com\/fr\/#website","url":"https:\/\/linmot.com\/fr\/","name":"LinMot &amp; MagSpring - Fran\u00e7ais","description":"Moteurs lin\u00e9aires et des syst\u00e8mes de moteurs lin\u00e9aires de haute qualit\u00e9","publisher":{"@id":"https:\/\/linmot.com\/fr\/#organization"},"potentialAction":[{"@type":"SearchAction","target":{"@type":"EntryPoint","urlTemplate":"https:\/\/linmot.com\/fr\/?s={search_term_string}"},"query-input":{"@type":"PropertyValueSpecification","valueRequired":true,"valueName":"search_term_string"}}],"inLanguage":"fr-FR"},{"@type":"Organization","@id":"https:\/\/linmot.com\/fr\/#organization","name":"NTI AG - LinMot & MagSpring","url":"https:\/\/linmot.com\/fr\/","logo":{"@type":"ImageObject","inLanguage":"fr-FR","@id":"https:\/\/linmot.com\/fr\/#\/schema\/logo\/image\/","url":"https:\/\/linmot.com\/fr\/wp-content\/uploads\/sites\/3\/2022\/05\/linmot-social-share-logo.jpg","contentUrl":"https:\/\/linmot.com\/fr\/wp-content\/uploads\/sites\/3\/2022\/05\/linmot-social-share-logo.jpg","width":800,"height":500,"caption":"NTI AG - LinMot & MagSpring"},"image":{"@id":"https:\/\/linmot.com\/fr\/#\/schema\/logo\/image\/"},"sameAs":["https:\/\/www.linkedin.com\/company\/nti-ag-linmot-magspring","https:\/\/www.youtube.com\/user\/LinMotEurope"]}]}},"_links":{"self":[{"href":"https:\/\/linmot.com\/fr\/wp-json\/wp\/v2\/pages\/3521","targetHints":{"allow":["GET"]}}],"collection":[{"href":"https:\/\/linmot.com\/fr\/wp-json\/wp\/v2\/pages"}],"about":[{"href":"https:\/\/linmot.com\/fr\/wp-json\/wp\/v2\/types\/page"}],"author":[{"embeddable":true,"href":"https:\/\/linmot.com\/fr\/wp-json\/wp\/v2\/users\/9"}],"replies":[{"embeddable":true,"href":"https:\/\/linmot.com\/fr\/wp-json\/wp\/v2\/comments?post=3521"}],"version-history":[{"count":6,"href":"https:\/\/linmot.com\/fr\/wp-json\/wp\/v2\/pages\/3521\/revisions"}],"predecessor-version":[{"id":3754,"href":"https:\/\/linmot.com\/fr\/wp-json\/wp\/v2\/pages\/3521\/revisions\/3754"}],"up":[{"embeddable":true,"href":"https:\/\/linmot.com\/fr\/wp-json\/wp\/v2\/pages\/1210"}],"wp:attachment":[{"href":"https:\/\/linmot.com\/fr\/wp-json\/wp\/v2\/media?parent=3521"}],"curies":[{"name":"wp","href":"https:\/\/api.w.org\/{rel}","templated":true}]}}