{"id":3402,"date":"2024-07-08T09:26:02","date_gmt":"2024-07-08T07:26:02","guid":{"rendered":"https:\/\/linmot.com\/fr\/?page_id=3402"},"modified":"2024-09-04T14:16:37","modified_gmt":"2024-09-04T12:16:37","slug":"life-science","status":"publish","type":"page","link":"https:\/\/linmot.com\/fr\/solutions-industrielles\/life-science\/","title":{"rendered":"Life Science"},"content":{"rendered":"<p><strong>Dans le secteur des sciences de \u00ab\u00a0Life Science\u00a0\u00bb, la conception des machines destin\u00e9es au traitement des produits est essentielle.<\/strong><\/p>\n<img loading=\"lazy\" decoding=\"async\" class=\"aligncenter wp-image-3403 size-full\" src=\"https:\/\/linmot.com\/fr\/wp-content\/uploads\/sites\/3\/2024\/07\/LinMot-Solutions-Life-Science.jpg\" alt=\"Solutions sectorielles pour l'industrie Life Science\" width=\"940\" height=\"300\" srcset=\"https:\/\/linmot.com\/fr\/wp-content\/uploads\/sites\/3\/2024\/07\/LinMot-Solutions-Life-Science.jpg 940w, https:\/\/linmot.com\/fr\/wp-content\/uploads\/sites\/3\/2024\/07\/LinMot-Solutions-Life-Science-300x96.jpg 300w, https:\/\/linmot.com\/fr\/wp-content\/uploads\/sites\/3\/2024\/07\/LinMot-Solutions-Life-Science-768x245.jpg 768w\" sizes=\"auto, (max-width: 940px) 100vw, 940px\" \/>\n<p>L&rsquo;utilisation d&rsquo;\u00e9quipements sp\u00e9cialis\u00e9s de haute qualit\u00e9 est essentielle pour garantir la pr\u00e9cision, la fiabilit\u00e9 et la s\u00e9curit\u00e9. Ces machines doivent r\u00e9pondre \u00e0 des normes strictes, car la moindre erreur peut affecter les r\u00e9sultats et la s\u00e9curit\u00e9 des produits. L&rsquo;utilisation de composants de pointe, de mat\u00e9riaux durables et de technologies avanc\u00e9es garantit des performances excellentes et durables. Investir dans la qualit\u00e9 permet non seulement d&rsquo;accro\u00eetre l&rsquo;efficacit\u00e9 de la production, mais aussi d&rsquo;am\u00e9liorer la r\u00e9putation de l&rsquo;entreprise et de susciter la confiance et la satisfaction sur le march\u00e9 de plus en plus exigeant de \u00ab\u00a0Life Science\u00a0\u00bb.<\/p>\n<p>Les actionneurs lin\u00e9aires de LinMot jouent un r\u00f4le crucial \u00e0 cet \u00e9gard. Leur grande pr\u00e9cision et leur r\u00e9p\u00e9tabilit\u00e9 les rendent id\u00e9aux pour les applications qui n\u00e9cessitent un mouvement pr\u00e9cis, ce qui est particuli\u00e8rement important dans l&rsquo;industrie m\u00e9dicale. Les actionneurs lin\u00e9aires LinMot offrent \u00e9galement une fiabilit\u00e9 exceptionnelle, garantissant un processus de production fluide sans temps d&rsquo;arr\u00eat impr\u00e9vu.<\/p>\n<p>Il convient de noter que les actionneurs lin\u00e9aires LinMot sont \u00e9galement disponibles en acier inoxydable. Ils sont donc particuli\u00e8rement adapt\u00e9s aux environnements st\u00e9riles, car ils sont faciles \u00e0 nettoyer et \u00e0 d\u00e9sinfecter et r\u00e9pondent donc aux normes d&rsquo;hygi\u00e8ne les plus strictes. Cette caract\u00e9ristique est particuli\u00e8rement importante dans l&rsquo;industrie des m\u00e9dicaments, o\u00f9 la propret\u00e9 et l&rsquo;hygi\u00e8ne sont des priorit\u00e9s absolues.<\/p>\n<p>Un aper\u00e7u de tous les produits LinMot vous attend sur cette page:<\/p>\n<p><a class=\"button\" href=\"\/fr\/les-produits-de-linmot-et-magspring\/\">Aper\u00e7u des produits<\/a><\/p>\n<hr \/>\n<h2>Rapports d&rsquo;application de l&rsquo;industrie \u00ab\u00a0Life Science\u00a0\u00bb<\/h2>\n<div class=\"row download\">\n<div class=\"col-md-3\">\n<h4 class=\"download-title\">Syst\u00e8mes LinMot dans les machines pharmaceutiques d\u2019AFAQ<\/h4>\n<p class=\"bodytext\" align=\"justify\">Le secteur pharmaceutique est consid\u00e9r\u00e9 comme l\u2019un des secteurs les plus exigeants dans le domaine industriel. Les concepteurs et constructeurs de machines doivent tenir compte de nombreuses r\u00e8gles et normes et appliquer imp\u00e9rativement les cGMP (current Good Manufacturing Practices). Ces r\u00e8gles et directives sont encore plus restrictives lorsque la machine traite des m\u00e9dicaments aseptiques, tels que des gouttes pour les yeux.<\/p>\n<p><a class=\"button\" href=\"\/fr\/blog\/systemes-linmot-dans-les-machines-pharmaceutiques-dafaq\/\">Vers l&rsquo;article<\/a><br \/>\n<\/div>\n<div class=\"col-md-2\">\n<img loading=\"lazy\" decoding=\"async\" class=\"alignnone wp-image-3295 size-full\" src=\"https:\/\/linmot.com\/de\/wp-content\/uploads\/sites\/2\/2023\/01\/vorschau-afaq-application-report.jpg\" alt=\"\" width=\"220\" height=\"220\" \/><br \/>\n<\/div>\n<div class=\"col-md-2\">\n<\/div>\n<div class=\"col-md-3\">\n<h4 class=\"download-title\">La production pharmaceutique \u00e0 l\u2019heure de la pand\u00e9mie de Covid-19<\/h4>\n<p class=\"bodytext\" align=\"justify\">Lignes de remplissage et de bouchage multiformat de Zellwag Pharmtech AG avec des moteurs lin\u00e8aires et rotatifs pr\u00e9cis de LinMot.<\/p>\n<p><a class=\"button\" href=\"https:\/\/linmot.com\/fr\/blog\/la-production-pharmaceutique-a-lheure-de-la-pandemie-de-covid-19\/\">Vers l&rsquo;article<\/a><br \/>\n<\/div>\n<div class=\"col-md-2\">\n<img loading=\"lazy\" decoding=\"async\" class=\"alignnone wp-image-3296 size-full\" src=\"https:\/\/linmot.com\/wp-content\/uploads\/2022\/08\/pharmaceutical-production-during-covid-19-application-report.jpg\" alt=\"\" width=\"220\" height=\"220\" \/><br \/>\n<\/div>\n<\/div>\n<div class=\"row download\">\n<div class=\"col-md-3\">\n<h4 class=\"download-title\">La lutte contre la contrefa\u00e7on de m\u00e9dicaments<\/h4>\n<p class=\"bodytext\" align=\"justify\">75 milliards de dollars am\u00e9ricains par an. Selon l&rsquo;Organisation mondiale de la sant\u00e9 (OMS), c&rsquo;est la valeur estim\u00e9e du march\u00e9 des m\u00e9dicaments contrefaits dans le monde. Un statu quo intenable en mati\u00e8re de politique pharmaceutique. Avec plus de 6 milliards de produits trait\u00e9s par an et gr\u00e2ce \u00e0 la technologie d&rsquo;entra\u00eenement lin\u00e9aire de pointe de LinMot, les machines de codage uniques de Hicof sont le fer de lance de la lutte contre la contrefa\u00e7on.<\/p>\n<p><a class=\"button\" href=\"\/fr\/blog\/la-lutte-contre-la-contrefacon-de-medicaments-driven-by-linmot\/\">Vers l&rsquo;article<\/a><br \/>\n<\/div>\n<div class=\"col-md-2\">\n<img loading=\"lazy\" decoding=\"async\" class=\"alignnone wp-image-3296 size-full\" src=\"https:\/\/linmot.com\/de\/wp-content\/uploads\/sites\/2\/2023\/02\/vorschau-kampf-medikamentenfaelschung.jpg\" alt=\"\" width=\"220\" height=\"220\" \/><br \/>\n<\/div>\n<div class=\"col-md-2\">\n<\/div>\n<\/div>\n","protected":false},"excerpt":{"rendered":"<p>Dans le secteur des sciences de \u00ab\u00a0Life Science\u00a0\u00bb, la conception des machines destin\u00e9es au traitement des produits est essentielle. L&rsquo;utilisation d&rsquo;\u00e9quipements sp\u00e9cialis\u00e9s de haute qualit\u00e9 est essentielle pour garantir la pr\u00e9cision, la fiabilit\u00e9 et la s\u00e9curit\u00e9. Ces machines doivent r\u00e9pondre \u00e0 des normes strictes, car la moindre erreur peut affecter les r\u00e9sultats et la s\u00e9curit\u00e9 [&hellip;]<\/p>\n","protected":false},"author":9,"featured_media":0,"parent":8,"menu_order":16,"comment_status":"closed","ping_status":"closed","template":"","meta":{"_acf_changed":false,"footnotes":""},"class_list":["post-3402","page","type-page","status-publish","hentry"],"acf":[],"yoast_head":"<!-- This site is optimized with the Yoast SEO Premium plugin v20.9 (Yoast SEO v27.3) - https:\/\/yoast.com\/product\/yoast-seo-premium-wordpress\/ -->\n<title>Life Science - LinMot &amp; MagSpring - Fran\u00e7ais<\/title>\n<meta name=\"description\" content=\"Dans le secteur des sciences de la vie, la conception des machines destin\u00e9es au traitement des produits est essentielle. Nos solutions pour la &quot;Life Science&quot;.\" \/>\n<meta name=\"robots\" content=\"index, follow, max-snippet:-1, max-image-preview:large, max-video-preview:-1\" \/>\n<link rel=\"canonical\" href=\"https:\/\/linmot.com\/fr\/solutions-industrielles\/life-science\/\" \/>\n<meta property=\"og:locale\" content=\"fr_FR\" \/>\n<meta property=\"og:type\" content=\"article\" \/>\n<meta property=\"og:title\" content=\"Life Science - Solutions industrielles | LinMot &amp; MagSpring\" \/>\n<meta property=\"og:description\" content=\"Dans le secteur des sciences de la vie, la conception des machines destin\u00e9es au traitement des produits est essentielle. Nos solutions pour la &quot;Life Science&quot;.\" \/>\n<meta property=\"og:url\" content=\"https:\/\/linmot.com\/fr\/solutions-industrielles\/life-science\/\" \/>\n<meta property=\"og:site_name\" content=\"LinMot &amp; MagSpring - Fran\u00e7ais\" \/>\n<meta property=\"article:modified_time\" content=\"2024-09-04T12:16:37+00:00\" \/>\n<meta property=\"og:image\" content=\"https:\/\/linmot.com\/fr\/wp-content\/uploads\/sites\/3\/2024\/07\/LinMot-Solutions-Life-Science.jpg\" \/>\n<meta name=\"twitter:card\" content=\"summary_large_image\" \/>\n<meta name=\"twitter:title\" content=\"Life Science\" \/>\n<meta name=\"twitter:label1\" content=\"Dur\u00e9e de lecture estim\u00e9e\" \/>\n\t<meta name=\"twitter:data1\" content=\"4 minutes\" \/>\n<script type=\"application\/ld+json\" class=\"yoast-schema-graph\">{\"@context\":\"https:\\\/\\\/schema.org\",\"@graph\":[{\"@type\":\"WebPage\",\"@id\":\"https:\\\/\\\/linmot.com\\\/fr\\\/solutions-industrielles\\\/life-science\\\/\",\"url\":\"https:\\\/\\\/linmot.com\\\/fr\\\/solutions-industrielles\\\/life-science\\\/\",\"name\":\"Life Science - LinMot &amp; MagSpring - Fran\u00e7ais\",\"isPartOf\":{\"@id\":\"https:\\\/\\\/linmot.com\\\/fr\\\/#website\"},\"primaryImageOfPage\":{\"@id\":\"https:\\\/\\\/linmot.com\\\/fr\\\/solutions-industrielles\\\/life-science\\\/#primaryimage\"},\"image\":{\"@id\":\"https:\\\/\\\/linmot.com\\\/fr\\\/solutions-industrielles\\\/life-science\\\/#primaryimage\"},\"thumbnailUrl\":\"https:\\\/\\\/linmot.com\\\/fr\\\/wp-content\\\/uploads\\\/sites\\\/3\\\/2024\\\/07\\\/LinMot-Solutions-Life-Science.jpg\",\"datePublished\":\"2024-07-08T07:26:02+00:00\",\"dateModified\":\"2024-09-04T12:16:37+00:00\",\"description\":\"Dans le secteur des sciences de la vie, la conception des machines destin\u00e9es au traitement des produits est essentielle. Nos solutions pour la \\\"Life Science\\\".\",\"breadcrumb\":{\"@id\":\"https:\\\/\\\/linmot.com\\\/fr\\\/solutions-industrielles\\\/life-science\\\/#breadcrumb\"},\"inLanguage\":\"fr-FR\",\"potentialAction\":[{\"@type\":\"ReadAction\",\"target\":[\"https:\\\/\\\/linmot.com\\\/fr\\\/solutions-industrielles\\\/life-science\\\/\"]}]},{\"@type\":\"ImageObject\",\"inLanguage\":\"fr-FR\",\"@id\":\"https:\\\/\\\/linmot.com\\\/fr\\\/solutions-industrielles\\\/life-science\\\/#primaryimage\",\"url\":\"https:\\\/\\\/linmot.com\\\/fr\\\/wp-content\\\/uploads\\\/sites\\\/3\\\/2024\\\/07\\\/LinMot-Solutions-Life-Science.jpg\",\"contentUrl\":\"https:\\\/\\\/linmot.com\\\/fr\\\/wp-content\\\/uploads\\\/sites\\\/3\\\/2024\\\/07\\\/LinMot-Solutions-Life-Science.jpg\",\"width\":940,\"height\":300,\"caption\":\"Solutions sectorielles pour l'industrie Life Science\"},{\"@type\":\"BreadcrumbList\",\"@id\":\"https:\\\/\\\/linmot.com\\\/fr\\\/solutions-industrielles\\\/life-science\\\/#breadcrumb\",\"itemListElement\":[{\"@type\":\"ListItem\",\"position\":1,\"name\":\"Home\",\"item\":\"https:\\\/\\\/linmot.com\\\/fr\\\/\"},{\"@type\":\"ListItem\",\"position\":2,\"name\":\"Solutions industrielles\",\"item\":\"https:\\\/\\\/linmot.com\\\/fr\\\/solutions-industrielles\\\/\"},{\"@type\":\"ListItem\",\"position\":3,\"name\":\"Life Science\"}]},{\"@type\":\"WebSite\",\"@id\":\"https:\\\/\\\/linmot.com\\\/fr\\\/#website\",\"url\":\"https:\\\/\\\/linmot.com\\\/fr\\\/\",\"name\":\"LinMot &amp; MagSpring - Fran\u00e7ais\",\"description\":\"Moteurs lin\u00e9aires et des syst\u00e8mes de moteurs lin\u00e9aires de haute qualit\u00e9\",\"publisher\":{\"@id\":\"https:\\\/\\\/linmot.com\\\/fr\\\/#organization\"},\"potentialAction\":[{\"@type\":\"SearchAction\",\"target\":{\"@type\":\"EntryPoint\",\"urlTemplate\":\"https:\\\/\\\/linmot.com\\\/fr\\\/?s={search_term_string}\"},\"query-input\":{\"@type\":\"PropertyValueSpecification\",\"valueRequired\":true,\"valueName\":\"search_term_string\"}}],\"inLanguage\":\"fr-FR\"},{\"@type\":\"Organization\",\"@id\":\"https:\\\/\\\/linmot.com\\\/fr\\\/#organization\",\"name\":\"NTI AG - LinMot & MagSpring\",\"url\":\"https:\\\/\\\/linmot.com\\\/fr\\\/\",\"logo\":{\"@type\":\"ImageObject\",\"inLanguage\":\"fr-FR\",\"@id\":\"https:\\\/\\\/linmot.com\\\/fr\\\/#\\\/schema\\\/logo\\\/image\\\/\",\"url\":\"https:\\\/\\\/linmot.com\\\/fr\\\/wp-content\\\/uploads\\\/sites\\\/3\\\/2022\\\/05\\\/linmot-social-share-logo.jpg\",\"contentUrl\":\"https:\\\/\\\/linmot.com\\\/fr\\\/wp-content\\\/uploads\\\/sites\\\/3\\\/2022\\\/05\\\/linmot-social-share-logo.jpg\",\"width\":800,\"height\":500,\"caption\":\"NTI AG - LinMot & MagSpring\"},\"image\":{\"@id\":\"https:\\\/\\\/linmot.com\\\/fr\\\/#\\\/schema\\\/logo\\\/image\\\/\"},\"sameAs\":[\"https:\\\/\\\/www.linkedin.com\\\/company\\\/nti-ag-linmot-magspring\",\"https:\\\/\\\/www.youtube.com\\\/user\\\/LinMotEurope\"]}]}<\/script>\n<!-- \/ Yoast SEO Premium plugin. -->","yoast_head_json":{"title":"Life Science - LinMot &amp; MagSpring - Fran\u00e7ais","description":"Dans le secteur des sciences de la vie, la conception des machines destin\u00e9es au traitement des produits est essentielle. Nos solutions pour la \"Life Science\".","robots":{"index":"index","follow":"follow","max-snippet":"max-snippet:-1","max-image-preview":"max-image-preview:large","max-video-preview":"max-video-preview:-1"},"canonical":"https:\/\/linmot.com\/fr\/solutions-industrielles\/life-science\/","og_locale":"fr_FR","og_type":"article","og_title":"Life Science - Solutions industrielles | LinMot & MagSpring","og_description":"Dans le secteur des sciences de la vie, la conception des machines destin\u00e9es au traitement des produits est essentielle. Nos solutions pour la \"Life Science\".","og_url":"https:\/\/linmot.com\/fr\/solutions-industrielles\/life-science\/","og_site_name":"LinMot &amp; MagSpring - Fran\u00e7ais","article_modified_time":"2024-09-04T12:16:37+00:00","og_image":[{"url":"https:\/\/linmot.com\/fr\/wp-content\/uploads\/sites\/3\/2024\/07\/LinMot-Solutions-Life-Science.jpg","type":"","width":"","height":""}],"twitter_card":"summary_large_image","twitter_title":"Life Science","twitter_misc":{"Dur\u00e9e de lecture estim\u00e9e":"4 minutes"},"schema":{"@context":"https:\/\/schema.org","@graph":[{"@type":"WebPage","@id":"https:\/\/linmot.com\/fr\/solutions-industrielles\/life-science\/","url":"https:\/\/linmot.com\/fr\/solutions-industrielles\/life-science\/","name":"Life Science - LinMot &amp; MagSpring - Fran\u00e7ais","isPartOf":{"@id":"https:\/\/linmot.com\/fr\/#website"},"primaryImageOfPage":{"@id":"https:\/\/linmot.com\/fr\/solutions-industrielles\/life-science\/#primaryimage"},"image":{"@id":"https:\/\/linmot.com\/fr\/solutions-industrielles\/life-science\/#primaryimage"},"thumbnailUrl":"https:\/\/linmot.com\/fr\/wp-content\/uploads\/sites\/3\/2024\/07\/LinMot-Solutions-Life-Science.jpg","datePublished":"2024-07-08T07:26:02+00:00","dateModified":"2024-09-04T12:16:37+00:00","description":"Dans le secteur des sciences de la vie, la conception des machines destin\u00e9es au traitement des produits est essentielle. Nos solutions pour la \"Life Science\".","breadcrumb":{"@id":"https:\/\/linmot.com\/fr\/solutions-industrielles\/life-science\/#breadcrumb"},"inLanguage":"fr-FR","potentialAction":[{"@type":"ReadAction","target":["https:\/\/linmot.com\/fr\/solutions-industrielles\/life-science\/"]}]},{"@type":"ImageObject","inLanguage":"fr-FR","@id":"https:\/\/linmot.com\/fr\/solutions-industrielles\/life-science\/#primaryimage","url":"https:\/\/linmot.com\/fr\/wp-content\/uploads\/sites\/3\/2024\/07\/LinMot-Solutions-Life-Science.jpg","contentUrl":"https:\/\/linmot.com\/fr\/wp-content\/uploads\/sites\/3\/2024\/07\/LinMot-Solutions-Life-Science.jpg","width":940,"height":300,"caption":"Solutions sectorielles pour l'industrie Life Science"},{"@type":"BreadcrumbList","@id":"https:\/\/linmot.com\/fr\/solutions-industrielles\/life-science\/#breadcrumb","itemListElement":[{"@type":"ListItem","position":1,"name":"Home","item":"https:\/\/linmot.com\/fr\/"},{"@type":"ListItem","position":2,"name":"Solutions industrielles","item":"https:\/\/linmot.com\/fr\/solutions-industrielles\/"},{"@type":"ListItem","position":3,"name":"Life Science"}]},{"@type":"WebSite","@id":"https:\/\/linmot.com\/fr\/#website","url":"https:\/\/linmot.com\/fr\/","name":"LinMot &amp; MagSpring - Fran\u00e7ais","description":"Moteurs lin\u00e9aires et des syst\u00e8mes de moteurs lin\u00e9aires de haute qualit\u00e9","publisher":{"@id":"https:\/\/linmot.com\/fr\/#organization"},"potentialAction":[{"@type":"SearchAction","target":{"@type":"EntryPoint","urlTemplate":"https:\/\/linmot.com\/fr\/?s={search_term_string}"},"query-input":{"@type":"PropertyValueSpecification","valueRequired":true,"valueName":"search_term_string"}}],"inLanguage":"fr-FR"},{"@type":"Organization","@id":"https:\/\/linmot.com\/fr\/#organization","name":"NTI AG - LinMot & MagSpring","url":"https:\/\/linmot.com\/fr\/","logo":{"@type":"ImageObject","inLanguage":"fr-FR","@id":"https:\/\/linmot.com\/fr\/#\/schema\/logo\/image\/","url":"https:\/\/linmot.com\/fr\/wp-content\/uploads\/sites\/3\/2022\/05\/linmot-social-share-logo.jpg","contentUrl":"https:\/\/linmot.com\/fr\/wp-content\/uploads\/sites\/3\/2022\/05\/linmot-social-share-logo.jpg","width":800,"height":500,"caption":"NTI AG - LinMot & MagSpring"},"image":{"@id":"https:\/\/linmot.com\/fr\/#\/schema\/logo\/image\/"},"sameAs":["https:\/\/www.linkedin.com\/company\/nti-ag-linmot-magspring","https:\/\/www.youtube.com\/user\/LinMotEurope"]}]}},"_links":{"self":[{"href":"https:\/\/linmot.com\/fr\/wp-json\/wp\/v2\/pages\/3402","targetHints":{"allow":["GET"]}}],"collection":[{"href":"https:\/\/linmot.com\/fr\/wp-json\/wp\/v2\/pages"}],"about":[{"href":"https:\/\/linmot.com\/fr\/wp-json\/wp\/v2\/types\/page"}],"author":[{"embeddable":true,"href":"https:\/\/linmot.com\/fr\/wp-json\/wp\/v2\/users\/9"}],"replies":[{"embeddable":true,"href":"https:\/\/linmot.com\/fr\/wp-json\/wp\/v2\/comments?post=3402"}],"version-history":[{"count":5,"href":"https:\/\/linmot.com\/fr\/wp-json\/wp\/v2\/pages\/3402\/revisions"}],"predecessor-version":[{"id":3413,"href":"https:\/\/linmot.com\/fr\/wp-json\/wp\/v2\/pages\/3402\/revisions\/3413"}],"up":[{"embeddable":true,"href":"https:\/\/linmot.com\/fr\/wp-json\/wp\/v2\/pages\/8"}],"wp:attachment":[{"href":"https:\/\/linmot.com\/fr\/wp-json\/wp\/v2\/media?parent=3402"}],"curies":[{"name":"wp","href":"https:\/\/api.w.org\/{rel}","templated":true}]}}