{"id":34,"date":"2017-10-20T23:32:00","date_gmt":"2017-10-20T21:32:00","guid":{"rendered":"https:\/\/linmot.com\/?page_id=34"},"modified":"2021-06-17T13:22:37","modified_gmt":"2021-06-17T11:22:37","slug":"emplois","status":"publish","type":"page","link":"https:\/\/linmot.com\/fr\/profil-de-lentreprise\/emplois\/","title":{"rendered":"Emplois"},"content":{"rendered":"<h2>Technischer Produktmanager (m\/w) f\u00fcr mechatronische Systeme<\/h2>\n<p>Unter dem Markennamen LinMot entwickelt, produziert und vertreibt die Firma NTI AG elektrische Linearmotoren und darauf basierende Systeme. Technologisch gesehen handelt es ich um mechatronische Produkte, das heisst, es besteht eine integrale Verbindung zwischen modernster Elektronik, Software und hochwertiger Mechanik. Dabei handelt es sich um Serienprodukte, welche weltweit in die spezifischen M\u00e4rkte verkauft werden und einer st\u00e4ndigen Optimierung unterliegen.<\/p>\n<p>Als technischer Produktmanager (m\/w) besteht Ihre Aufgabe darin, alle an \u00abIhr Produkt\u00bb herangetragene Anforderungen und W\u00fcnsche gesamthaft zu bewerten, entsprechende Massnahmen einzuleiten und mit den involvierten Stellen zu koordinieren. Dabei kann es sich um funktionstechnische oder produktionsspezifische Fragen handeln, Abkl\u00e4rungen mit diversen Zertifizierungsstellen (Bsp: UL, ATEX, Functional Safety etc) oder auch kommerzielle Aspekte der Beschaffung betreffen. Fragen der Qualit\u00e4tssicherung wie auch W\u00fcnsche des Vertriebs werden an Sie herangetragen. Entsprechend werden Sie mit diversen Abteilungen vom Production-Engineering \u00fcber den Einkauf bis hin zur Entwicklungsabteilung im engen Kontakt stehen bzw. zusammenarbeiten.<\/p>\n<p>Sie verf\u00fcgen dazu \u00fcber eine h\u00f6here technische Ausbildung (Ingenieur, Techniker) und sind es sich gewohnt, gesamtheitlich zu denken und zu handeln. Vor allem aber sind Sie bereit, sich in neue Themenbereiche einzuarbeiten und die anstehenden Aufgaben selbst\u00e4ndig und initiativ anzugehen.<\/p>\n<p><b>Arbeitsort:<\/b> Hauptsitz in Spreitenbach bei Z\u00fcrich<\/p>\n<p>Wenn Sie Verantwortung \u00fcbernehmen m\u00f6chten und sich in einem modernen, dynamisch wachsenden Unternehmen einsetzen m\u00f6chten, dann freuen wir uns \u00fcber Ihre Bewerbung an folgende Adresse:<\/p>\n<p>Marco Hitz, Dr.-Ing. \/ Leiter Technik \u2013 personalwesen[at]linmot.com<\/p>\n<p>NTI AG, Bodenaeckerstrasse 2, CH-8957 Spreitenbach<\/p>\n<p><a class=\"button\" href=\"mailto:personalwesen@linmot.com?subject=Technischer%20Produktmanager%20(m\/w)%20f\u00fcr%20mechatronische%20Systeme\">Bewerben<\/a><\/p>\n<hr \/>\n<h2>Elektrowickler-L\u00f6ter\/in<\/h2>\n<p>Im Rahmen der Expansion suchen wir einen zuverl\u00e4ssigen Mitarbeiter (m\/w) in der Fertigung und Montage von Elektromotoren.<br \/>\nDer Einsatz wird vorwiegend in der elektro-mechanischen Fertigung sein.<\/p>\n<p><b>Ihre Aufgaben:<\/b><\/p>\n<ul>\n<li>Herstellung verschiedener Wicklungen sowie L\u00f6tarbeiten anhand von Arbeitsanweisungen<\/li>\n<li>Bedienen diverser Produktionsanlagen und\/oder Maschinen<\/li>\n<li>Bedienen von Pr\u00fcfeinrichtungen<\/li>\n<\/ul>\n<p><b>Ihr Profil:<\/b><\/p>\n<ul>\n<li>Von Vorteil Erfahrung in der Herstellung und Konfektionierung von Wicklungen<\/li>\n<li>L\u00f6tkenntnisse<\/li>\n<li>Handwerkliches Geschick sowie gute Fingerfertigkeiten<\/li>\n<li>Exakte\u00a0und speditive Arbeitsweise<\/li>\n<li>K\u00f6rperlich belastbar<\/li>\n<li>Gute Deutschkenntnisse<\/li>\n<li>Zuverl\u00e4ssig, guter Teamplayer, belastbar und motiviert<\/li>\n<\/ul>\n<p><b>Das d\u00fcrfen Sie erwarten:<\/b><\/p>\n<ul>\n<li>Innovatives Arbeiten in kollegialem Umfeld<\/li>\n<li>Modern eingerichtetes Unternehmen<\/li>\n<li>Gleitende Arbeitszeiten<\/li>\n<li>Angenehmes Arbeitsklima<\/li>\n<li>Saubere und abwechslungsreiche Arbeit<\/li>\n<li>Vielseitige und interessante Aufgaben<\/li>\n<\/ul>\n<p><b>Arbeitsort:<\/b> Hauptsitz in Spreitenbach bei Z\u00fcrich<\/p>\n<p><b>Kontakt:<\/b> Giovanni Perrone, Leiter Produktion, personalwesen[at]linmot.com<br \/>\nEs kommen nur Direktbewerbungen in das Auswahlverfahren!<\/p>\n<p>Wenn Sie motiviert sind und sich in einem modernen, dynamisch wachsenden Unternehmen einsetzen m\u00f6chten, dann erwarten wir gerne Ihre Bewerbungsunterlagen in elektronischer Form an folgende Adresse:<\/p>\n<p><a class=\"button\" href=\"mailto:personalwesen@linmot.com?subject=Elektrowickler-L\u00f6ter\/in\">Bewerben<\/a><\/p>\n<hr \/>\n<h2>Entwicklungsingenieur (m\/w)<\/h2>\n<p>Als dynamisch wachsendes Unternehmen, dessen internationaler Erfolg prim\u00e4r auf Innovationen und marktgerechten Neuentwicklungen beruht, sind wir laufend auf der Suche nach motivierten Entwicklungsingenieuren (m\/w).<\/p>\n<p>Je nach F\u00e4higkeit und pers\u00f6nlicher Zielsetzung warten interessante Aufgaben aus den Bereichen, Hardware, Software, Mechatronik und Pr\u00fcftechnik auf Sie.<\/p>\n<p>Nebst einem erfolgreich absolvierten Studium (Fachbereich Elektrotechnik) erwarten wir die Bereitschaft, neueste Technologien zu verstehen und kundenorientiert in Produkte umzusetzen. Ein hohes Mass an pers\u00f6nlichem Engagement, Freude an der Technik, insbesondere an mechatronischen Aufgabenstellungen, zusammen mit Zielsetzung, nutzbringende Produkte zu entwickeln, ist der Schl\u00fcssel zum Erfolg.<\/p>\n<p>Als fachlich versierte(r) Entwicklungsingenieur\/in scheuen Sie die Diskussion mit dem Marketing oder der Produktion nicht, wenn es darum geht, Produkte kosteng\u00fcnstig und marktgerecht zu entwickeln. Sie sind teamf\u00e4hig und sch\u00e4tzen dabei die direkten Entscheidungsprozesse eines mittelst\u00e4ndischen Unternehmens.<\/p>\n<p>Ihr Arbeitsort befindet sich in Spreitenbach AG, wo sich nebst der F&amp;E-Abteilung auch die Gesch\u00e4ftsf\u00fchrung und das Marketing sowie Teile der Produktion befinden.<\/p>\n<p>Gerne erwarten wir Ihre Bewerbung an folgende Adresse:<\/p>\n<p><b>Marco Hitz<\/b>, Dr.-Ing. \/ Leiter Technik &#8211; personalwesen[at]linmot.com<\/p>\n<p>NTI AG, Bodenaeckerstrasse 2, CH-8957 Spreitenbach<\/p>\n<p><a class=\"button\" href=\"mailto:personalwesen@linmot.com?subject=Entwicklungsingenieur%20(m\/w)\">Bewerben<\/a><\/p>\n<hr \/>\n<h2>Assistent (m\/w) der Entwicklungsleitung<\/h2>\n<p>Unter dem Markennamen LinMot entwickelt, produziert und vertreibt die Firma NTI AG elektrische Linearmotoren und darauf basierende Systeme. Technologisch gesehen handelt es ich um mechatronische Produkte, das heisst, es besteht eine integrale Verbindung zwischen modernster Elektronik, Software und hochwertiger Mechanik. Dabei handelt es sich immer um Serienprodukte, welche weltweit in die spezifischen M\u00e4rkte verkauft werden und einer st\u00e4ndigen Optimierung unterliegen.<\/p>\n<p>Unsere Entwicklungsabteilung stellt dabei sicher, dass die bestehenden Produkte kontinuierlich weiterentwickelt werden und gleichzeitig durch Neuentwicklungen erg\u00e4nzt werden. Nebst den eigentlichen Entwicklungst\u00e4tigkeiten auf den Gebieten der Hardware, Software und Mechanik kommt der technisch administrativen Arbeit eine zunehmende Bedeutung zu. Sei es, dass Entwicklungsarbeiten koordiniert werden m\u00fcssen, Messungen und Tests auszuwerten und zu dokumentieren sind oder mit externen Pr\u00fcflabors zusammen zu arbeiten ist. Anschliessend folgt die Bereitstellung der Produktions- und Pr\u00fcfunterlagen in Zusammenarbeit mit der Produktion und Qualit\u00e4tssicherung.<\/p>\n<p>F\u00fcr diese T\u00e4tigkeiten suchen wir einen unterst\u00fctzenden Assistenten (m\/w), welcher direkt dem Entwicklungsleiter unterstellt ist. Sie sollten \u00fcber eine fundierte technische Ausbildung vorzugsweise Elektroingenieur oder h\u00f6here Techniker Schule verf\u00fcgen und bereit sein, sich in verschiedene technische Fachgebiete einzuarbeiten. Sie helfen mit, Entwicklungen zu koordinieren und sind dabei bereit, \u00fcberall dort selber einzuspringen, wo es n\u00f6tig ist, vornehmlich bei den Schnittstellen. Entsprechend verf\u00fcgen Sie \u00fcber eine hohe Kommunikationsf\u00e4higkeit und \u00fcberzeugen die Fachstellen durch pers\u00f6nlichen Arbeitseinsatz und Systematik. Nebst der Freude an Technik und Wissenschaft sind Sie gegen\u00fcber administrativen Arbeiten nicht abgeneigt und haben ein Flair f\u00fcr Organisation und Koordination.<\/p>\n<p>Ihr Arbeitsort befindet sich in Spreitenbach AG an verkehrsg\u00fcnstiger Lage.<\/p>\n<p>Gerne erwarten wir Ihre Bewerbung an folgende Adresse:<\/p>\n<p>Marco Hitz, Dr.-Ing. \/ Leiter Technik &#8211; personalwesen[at]linmot.com<\/p>\n<p>NTI AG, Bodenaeckerstrasse 2, CH-8957 Spreitenbach<\/p>\n<p><a class=\"button\" href=\"mailto:personalwesen@linmot.com?subject=Assistent%20(m\/w)%20der%20Entwicklungsleitung\">Bewerben<\/a><\/p>\n<hr \/>\n<h2>Betriebs- und Versuchsmechaniker (m\/w)<\/h2>\n<p>In unserem Hauptsitz in Spreitenbach befindet sich die Entwicklung, das Production-Engineering und ein Teil der Produktion. F\u00fcr die Instandhaltung sowie den Bau von Betriebs-, Test- und Pr\u00fcfeinrichtungen suchen wir einen Betriebs- und Versuchsmechaniker (m\/w) oder Mechatroniker. Idealerweise verf\u00fcgen Sie \u00fcber eine mechanische oder mechatronische Grundausbildung und sind handwerklich geschickt, bzw. ge\u00fcbt im Umgang mit mechanischen Ger\u00e4ten.<\/p>\n<p><b>Ihre Aufgaben:<\/b><\/p>\n<ul>\n<li>Wartung und Unterhalt von Betriebseinrichtungen<\/li>\n<li>Herstellen von Produktionsvorrichtungen<\/li>\n<li>Mithilfe beim Aufbau von Pr\u00fcf- und Testeinrichtungen<\/li>\n<li>Mitarbeit beim Prototypenbau<\/li>\n<li>Durchf\u00fchren von Laborpr\u00fcfungen und Testreihen<\/li>\n<\/ul>\n<p><b>Ihr Profil:<\/b><\/p>\n<ul>\n<li>Mechanische oder mechatronische Grundausbildung<\/li>\n<li>Analytische Vorgehensweise<\/li>\n<li>Handwerkliches Geschick sowie gute Fingerfertigkeiten<\/li>\n<li>Exakte und speditive Arbeitsweise<\/li>\n<li>Gute\/r Teamplayer\/In mit positiver Arbeitseinstellung<\/li>\n<li>Zuverl\u00e4ssige, belastbare und motivierte Pers\u00f6nlichkeit<\/li>\n<\/ul>\n<p><b>Das d\u00fcrfen Sie erwarten:<\/b><\/p>\n<ul>\n<li>Innovatives Arbeiten in kollegialem Umfeld<\/li>\n<li>Modern eingerichtetes Unternehmen<\/li>\n<li>Gleitende Arbeitszeiten (keine Schichtarbeit)<\/li>\n<li>Angenehmes Arbeitsklima<\/li>\n<li>Vielseitige, anspruchsvolle und interessante Aufgaben<\/li>\n<\/ul>\n<p><b>Arbeitsort:<\/b> Hauptsitz in Spreitenbach bei Z\u00fcrich<\/p>\n<p><b>Kontakt:<\/b> Marco Hitz, Dr.-Ing. \/ Leiter Technik &#8211; personalwesen[at]linmot.com<\/p>\n<p>Wenn Sie Verantwortung \u00fcbernehmen m\u00f6chten und sich mit hohem Qualit\u00e4tsbewusstsein in einem modernen, dynamisch wachsenden Unternehmen einsetzen m\u00f6chten, dann erwarten wir gerne Ihre Bewerbungsunterlagen in elektronischer Form an folgende Adresse:<\/p>\n<p>Marco Hitz, Dr.-Ing. \/ Leiter Technik &#8211; personalwesen[at]linmot.com<\/p>\n<p>NTI AG, Bodenaeckerstrasse 2, CH-8957 Spreitenbach<\/p>\n<p>(Bewerbungen von Vermittlungsb\u00fcros werden nicht ber\u00fccksichtigt. Es kommen nur Direktbewerbungen in das Auswahlverfahren.)<\/p>\n<p><a class=\"button\" href=\"mailto:personalwesen@linmot.com?subject=Betriebs-%20und%20Versuchsmechaniker%20(m\/w)\">Bewerben<\/a><\/p>\n","protected":false},"excerpt":{"rendered":"<p>Technischer Produktmanager (m\/w) f\u00fcr mechatronische Systeme Unter dem Markennamen LinMot entwickelt, produziert und vertreibt die Firma NTI AG elektrische Linearmotoren und darauf basierende Systeme. Technologisch gesehen handelt es ich um mechatronische Produkte, das heisst, es besteht eine integrale Verbindung zwischen modernster Elektronik, Software und hochwertiger Mechanik. Dabei handelt es sich um Serienprodukte, welche weltweit in [&hellip;]<\/p>\n","protected":false},"author":1,"featured_media":0,"parent":1209,"menu_order":101,"comment_status":"closed","ping_status":"closed","template":"templates\/jobs.php","meta":{"_acf_changed":false,"footnotes":""},"class_list":["post-34","page","type-page","status-publish","hentry"],"acf":[],"yoast_head":"<!-- This site is optimized with the Yoast SEO Premium plugin v20.9 (Yoast SEO v27.3) - https:\/\/yoast.com\/product\/yoast-seo-premium-wordpress\/ -->\n<title>Emplois - Offres d&#039;emploi et annonces d&#039;emploi | LinMot<\/title>\n<meta name=\"description\" content=\"LinMot est \u00e0 la recherche de nouveaux employ\u00e9s. De la production \u00e0 l&#039;assemblage en passant par le d\u00e9veloppement, les emplois sont r\u00e9guli\u00e8rement pr\u00e9sent\u00e9s.\" \/>\n<meta name=\"robots\" content=\"index, follow, max-snippet:-1, max-image-preview:large, max-video-preview:-1\" \/>\n<link rel=\"canonical\" href=\"https:\/\/linmot.com\/fr\/profil-de-lentreprise\/emplois\/\" \/>\n<meta property=\"og:locale\" content=\"fr_FR\" \/>\n<meta property=\"og:type\" content=\"article\" \/>\n<meta property=\"og:title\" content=\"Emplois\" \/>\n<meta property=\"og:description\" content=\"LinMot est \u00e0 la recherche de nouveaux employ\u00e9s. De la production \u00e0 l&#039;assemblage en passant par le d\u00e9veloppement, les emplois sont r\u00e9guli\u00e8rement pr\u00e9sent\u00e9s.\" \/>\n<meta property=\"og:url\" content=\"https:\/\/linmot.com\/fr\/profil-de-lentreprise\/emplois\/\" \/>\n<meta property=\"og:site_name\" content=\"LinMot &amp; MagSpring - Fran\u00e7ais\" \/>\n<meta property=\"article:modified_time\" content=\"2021-06-17T11:22:37+00:00\" \/>\n<meta property=\"og:image\" content=\"https:\/\/linmot.com\/fr\/wp-content\/uploads\/sites\/3\/2022\/05\/linmot-social-share-logo.jpg\" \/>\n\t<meta property=\"og:image:width\" content=\"800\" \/>\n\t<meta property=\"og:image:height\" content=\"500\" \/>\n\t<meta property=\"og:image:type\" content=\"image\/jpeg\" \/>\n<meta name=\"twitter:card\" content=\"summary_large_image\" \/>\n<meta name=\"twitter:label1\" content=\"Dur\u00e9e de lecture estim\u00e9e\" \/>\n\t<meta name=\"twitter:data1\" content=\"6 minutes\" \/>\n<script type=\"application\/ld+json\" class=\"yoast-schema-graph\">{\"@context\":\"https:\\\/\\\/schema.org\",\"@graph\":[{\"@type\":\"WebPage\",\"@id\":\"https:\\\/\\\/linmot.com\\\/fr\\\/profil-de-lentreprise\\\/emplois\\\/\",\"url\":\"https:\\\/\\\/linmot.com\\\/fr\\\/profil-de-lentreprise\\\/emplois\\\/\",\"name\":\"Emplois - Offres d'emploi et annonces d'emploi | LinMot\",\"isPartOf\":{\"@id\":\"https:\\\/\\\/linmot.com\\\/fr\\\/#website\"},\"datePublished\":\"2017-10-20T21:32:00+00:00\",\"dateModified\":\"2021-06-17T11:22:37+00:00\",\"description\":\"LinMot est \u00e0 la recherche de nouveaux employ\u00e9s. De la production \u00e0 l'assemblage en passant par le d\u00e9veloppement, les emplois sont r\u00e9guli\u00e8rement pr\u00e9sent\u00e9s.\",\"breadcrumb\":{\"@id\":\"https:\\\/\\\/linmot.com\\\/fr\\\/profil-de-lentreprise\\\/emplois\\\/#breadcrumb\"},\"inLanguage\":\"fr-FR\",\"potentialAction\":[{\"@type\":\"ReadAction\",\"target\":[\"https:\\\/\\\/linmot.com\\\/fr\\\/profil-de-lentreprise\\\/emplois\\\/\"]}]},{\"@type\":\"BreadcrumbList\",\"@id\":\"https:\\\/\\\/linmot.com\\\/fr\\\/profil-de-lentreprise\\\/emplois\\\/#breadcrumb\",\"itemListElement\":[{\"@type\":\"ListItem\",\"position\":1,\"name\":\"Home\",\"item\":\"https:\\\/\\\/linmot.com\\\/fr\\\/\"},{\"@type\":\"ListItem\",\"position\":2,\"name\":\"Profil de l&rsquo;entreprise NTI AG\",\"item\":\"https:\\\/\\\/linmot.com\\\/fr\\\/profil-de-lentreprise\\\/\"},{\"@type\":\"ListItem\",\"position\":3,\"name\":\"Emplois\"}]},{\"@type\":\"WebSite\",\"@id\":\"https:\\\/\\\/linmot.com\\\/fr\\\/#website\",\"url\":\"https:\\\/\\\/linmot.com\\\/fr\\\/\",\"name\":\"LinMot &amp; MagSpring - Fran\u00e7ais\",\"description\":\"Moteurs lin\u00e9aires et des syst\u00e8mes de moteurs lin\u00e9aires de haute qualit\u00e9\",\"publisher\":{\"@id\":\"https:\\\/\\\/linmot.com\\\/fr\\\/#organization\"},\"potentialAction\":[{\"@type\":\"SearchAction\",\"target\":{\"@type\":\"EntryPoint\",\"urlTemplate\":\"https:\\\/\\\/linmot.com\\\/fr\\\/?s={search_term_string}\"},\"query-input\":{\"@type\":\"PropertyValueSpecification\",\"valueRequired\":true,\"valueName\":\"search_term_string\"}}],\"inLanguage\":\"fr-FR\"},{\"@type\":\"Organization\",\"@id\":\"https:\\\/\\\/linmot.com\\\/fr\\\/#organization\",\"name\":\"NTI AG - LinMot & MagSpring\",\"url\":\"https:\\\/\\\/linmot.com\\\/fr\\\/\",\"logo\":{\"@type\":\"ImageObject\",\"inLanguage\":\"fr-FR\",\"@id\":\"https:\\\/\\\/linmot.com\\\/fr\\\/#\\\/schema\\\/logo\\\/image\\\/\",\"url\":\"https:\\\/\\\/linmot.com\\\/fr\\\/wp-content\\\/uploads\\\/sites\\\/3\\\/2022\\\/05\\\/linmot-social-share-logo.jpg\",\"contentUrl\":\"https:\\\/\\\/linmot.com\\\/fr\\\/wp-content\\\/uploads\\\/sites\\\/3\\\/2022\\\/05\\\/linmot-social-share-logo.jpg\",\"width\":800,\"height\":500,\"caption\":\"NTI AG - LinMot & MagSpring\"},\"image\":{\"@id\":\"https:\\\/\\\/linmot.com\\\/fr\\\/#\\\/schema\\\/logo\\\/image\\\/\"},\"sameAs\":[\"https:\\\/\\\/www.linkedin.com\\\/company\\\/nti-ag-linmot-magspring\",\"https:\\\/\\\/www.youtube.com\\\/user\\\/LinMotEurope\"]}]}<\/script>\n<!-- \/ Yoast SEO Premium plugin. -->","yoast_head_json":{"title":"Emplois - Offres d'emploi et annonces d'emploi | LinMot","description":"LinMot est \u00e0 la recherche de nouveaux employ\u00e9s. De la production \u00e0 l'assemblage en passant par le d\u00e9veloppement, les emplois sont r\u00e9guli\u00e8rement pr\u00e9sent\u00e9s.","robots":{"index":"index","follow":"follow","max-snippet":"max-snippet:-1","max-image-preview":"max-image-preview:large","max-video-preview":"max-video-preview:-1"},"canonical":"https:\/\/linmot.com\/fr\/profil-de-lentreprise\/emplois\/","og_locale":"fr_FR","og_type":"article","og_title":"Emplois","og_description":"LinMot est \u00e0 la recherche de nouveaux employ\u00e9s. De la production \u00e0 l'assemblage en passant par le d\u00e9veloppement, les emplois sont r\u00e9guli\u00e8rement pr\u00e9sent\u00e9s.","og_url":"https:\/\/linmot.com\/fr\/profil-de-lentreprise\/emplois\/","og_site_name":"LinMot &amp; MagSpring - Fran\u00e7ais","article_modified_time":"2021-06-17T11:22:37+00:00","og_image":[{"width":800,"height":500,"url":"https:\/\/linmot.com\/fr\/wp-content\/uploads\/sites\/3\/2022\/05\/linmot-social-share-logo.jpg","type":"image\/jpeg"}],"twitter_card":"summary_large_image","twitter_misc":{"Dur\u00e9e de lecture estim\u00e9e":"6 minutes"},"schema":{"@context":"https:\/\/schema.org","@graph":[{"@type":"WebPage","@id":"https:\/\/linmot.com\/fr\/profil-de-lentreprise\/emplois\/","url":"https:\/\/linmot.com\/fr\/profil-de-lentreprise\/emplois\/","name":"Emplois - Offres d'emploi et annonces d'emploi | LinMot","isPartOf":{"@id":"https:\/\/linmot.com\/fr\/#website"},"datePublished":"2017-10-20T21:32:00+00:00","dateModified":"2021-06-17T11:22:37+00:00","description":"LinMot est \u00e0 la recherche de nouveaux employ\u00e9s. De la production \u00e0 l'assemblage en passant par le d\u00e9veloppement, les emplois sont r\u00e9guli\u00e8rement pr\u00e9sent\u00e9s.","breadcrumb":{"@id":"https:\/\/linmot.com\/fr\/profil-de-lentreprise\/emplois\/#breadcrumb"},"inLanguage":"fr-FR","potentialAction":[{"@type":"ReadAction","target":["https:\/\/linmot.com\/fr\/profil-de-lentreprise\/emplois\/"]}]},{"@type":"BreadcrumbList","@id":"https:\/\/linmot.com\/fr\/profil-de-lentreprise\/emplois\/#breadcrumb","itemListElement":[{"@type":"ListItem","position":1,"name":"Home","item":"https:\/\/linmot.com\/fr\/"},{"@type":"ListItem","position":2,"name":"Profil de l&rsquo;entreprise NTI AG","item":"https:\/\/linmot.com\/fr\/profil-de-lentreprise\/"},{"@type":"ListItem","position":3,"name":"Emplois"}]},{"@type":"WebSite","@id":"https:\/\/linmot.com\/fr\/#website","url":"https:\/\/linmot.com\/fr\/","name":"LinMot &amp; MagSpring - Fran\u00e7ais","description":"Moteurs lin\u00e9aires et des syst\u00e8mes de moteurs lin\u00e9aires de haute qualit\u00e9","publisher":{"@id":"https:\/\/linmot.com\/fr\/#organization"},"potentialAction":[{"@type":"SearchAction","target":{"@type":"EntryPoint","urlTemplate":"https:\/\/linmot.com\/fr\/?s={search_term_string}"},"query-input":{"@type":"PropertyValueSpecification","valueRequired":true,"valueName":"search_term_string"}}],"inLanguage":"fr-FR"},{"@type":"Organization","@id":"https:\/\/linmot.com\/fr\/#organization","name":"NTI AG - LinMot & MagSpring","url":"https:\/\/linmot.com\/fr\/","logo":{"@type":"ImageObject","inLanguage":"fr-FR","@id":"https:\/\/linmot.com\/fr\/#\/schema\/logo\/image\/","url":"https:\/\/linmot.com\/fr\/wp-content\/uploads\/sites\/3\/2022\/05\/linmot-social-share-logo.jpg","contentUrl":"https:\/\/linmot.com\/fr\/wp-content\/uploads\/sites\/3\/2022\/05\/linmot-social-share-logo.jpg","width":800,"height":500,"caption":"NTI AG - LinMot & MagSpring"},"image":{"@id":"https:\/\/linmot.com\/fr\/#\/schema\/logo\/image\/"},"sameAs":["https:\/\/www.linkedin.com\/company\/nti-ag-linmot-magspring","https:\/\/www.youtube.com\/user\/LinMotEurope"]}]}},"_links":{"self":[{"href":"https:\/\/linmot.com\/fr\/wp-json\/wp\/v2\/pages\/34","targetHints":{"allow":["GET"]}}],"collection":[{"href":"https:\/\/linmot.com\/fr\/wp-json\/wp\/v2\/pages"}],"about":[{"href":"https:\/\/linmot.com\/fr\/wp-json\/wp\/v2\/types\/page"}],"author":[{"embeddable":true,"href":"https:\/\/linmot.com\/fr\/wp-json\/wp\/v2\/users\/1"}],"replies":[{"embeddable":true,"href":"https:\/\/linmot.com\/fr\/wp-json\/wp\/v2\/comments?post=34"}],"version-history":[{"count":1,"href":"https:\/\/linmot.com\/fr\/wp-json\/wp\/v2\/pages\/34\/revisions"}],"predecessor-version":[{"id":1398,"href":"https:\/\/linmot.com\/fr\/wp-json\/wp\/v2\/pages\/34\/revisions\/1398"}],"up":[{"embeddable":true,"href":"https:\/\/linmot.com\/fr\/wp-json\/wp\/v2\/pages\/1209"}],"wp:attachment":[{"href":"https:\/\/linmot.com\/fr\/wp-json\/wp\/v2\/media?parent=34"}],"curies":[{"name":"wp","href":"https:\/\/api.w.org\/{rel}","templated":true}]}}