{"id":3147,"date":"2024-01-15T10:27:18","date_gmt":"2024-01-15T09:27:18","guid":{"rendered":"https:\/\/linmot.com\/fr\/?page_id=3147"},"modified":"2026-01-08T11:27:26","modified_gmt":"2026-01-08T10:27:26","slug":"linear-par-linmot","status":"publish","type":"page","link":"https:\/\/linmot.com\/fr\/linear-par-linmot\/","title":{"rendered":"LINEAR par LinMot"},"content":{"rendered":"<p><strong>Les histoires de succ\u00e8s sont rarement lin\u00e9aires. Elles sont marqu\u00e9es par des d\u00e9fis et des opportunit\u00e9s, des it\u00e9rations et des rotations. Avec LINEAR, nous souhaitons vous raconter pr\u00e9cis\u00e9ment ces histoires. Des histoires d&rsquo;entrepreneurs qui empruntent des voies innovantes avec LinMot, de d\u00e9veloppeurs qui surmontent des obstacles gr\u00e2ce \u00e0 notre assistance et de clients qui atteignent leurs objectifs gr\u00e2ce \u00e0 nos produits et services. <\/strong><\/p>\n<p><strong>Vous y trouverez non seulement des histoires de r\u00e9ussite passionnantes de nos clients, mais aussi des informations d\u00e9taill\u00e9es sur nos innovations de produits. En outre, certains articles traitent de faits et de chiffres relatifs \u00e0 nos moteurs lin\u00e9aires qui ne manqueront pas de vous surprendre.<\/strong><\/p>\n<hr \/>\n<h3 id=\"3rd\">Qu&rsquo;est-ce qui vous attend dans la derni\u00e8re \u00e9dition de LINEAR ?<\/h3>\n<img loading=\"lazy\" decoding=\"async\" class=\"wp-image-6146 size-full aligncenter\" src=\"https:\/\/linmot.com\/de\/wp-content\/uploads\/sites\/2\/2025\/12\/linear-nov-25.jpg\" alt=\"\" width=\"454\" height=\"408\" \/>\n<p><strong>Articles sur nos produits<\/strong><\/p>\n<ul>\n<li>Nouveaux produits | L&rsquo;acier inoxydable sous une nouvelle forme<\/li>\n<li>Nouveaux produits | Syst\u00e8mes modulaires pour plus de flexibilit\u00e9<\/li>\n<li>Nouveaux produits | Nos nouveaux entra\u00eenements en un coup d&rsquo;\u0153il<\/li>\n<li>Nouvelles dimensions | Plus de tailles de modules et de moteurs<\/li>\n<li>MagSpring | Une solution magn\u00e9tique pour moins de tension<\/li>\n<li>LinMot Pilot | La nouvelle plateforme de commande sans code<\/li>\n<\/ul>\n<p><strong>Histoires \u00e0 succ\u00e8s<\/strong><\/p>\n<ul>\n<li>KISTLER | Des partenaires solides, des performances solides<\/li>\n<li>TEAM Automation Berlin | Les robots plats LinMot en action<\/li>\n<\/ul>\n<p><strong>Faits et chiffres<\/strong><\/p>\n<ul>\n<li>Nouveau site web | Des progr\u00e8s dans un nouveau design<\/li>\n<li>Chronologie | Un voyage avec entra\u00eenement<\/li>\n<li>LinMot GmbH | Pr\u00e9sentation de notre \u00e9quipe<\/li>\n<li>\u00c0 venir | Un aper\u00e7u des innovations \u00e0 venir<\/li>\n<\/ul>\n<p><a class=\"button\" href=\"https:\/\/linmot.com\/fileadmin\/user_upload\/Downloads\/LINEAR\/linear_doppelseite_2025_en.pdf\" target=\"_blank\" rel=\"noopener\">T\u00e9l\u00e9chargez le troisi\u00e8me num\u00e9ro de LINEAR (PDF)<\/a><\/p>\n<hr \/>\n<h3 id=\"2nd\">Que pouvez-vous attendre du deuxi\u00e8me num\u00e9ro de LINEAR ?<\/h3>\n<img loading=\"lazy\" decoding=\"async\" class=\"aligncenter wp-image-5451 size-full\" src=\"https:\/\/linmot.com\/de\/wp-content\/uploads\/sites\/2\/2024\/11\/linear-ausgabe-2-cover.jpg\" alt=\"\" width=\"454\" height=\"408\" \/>\n<p><strong>Articles sur nos produits<\/strong><\/p>\n<ul>\n<li>GM02 Pince en acier inoxydable<\/li>\n<li>DM03 Axe Z avec \u00e9quilibrage de charge int\u00e9gr\u00e9<\/li>\n<li>Ext\u00e9rieur bleu Int\u00e9rieur vert &#8211; LinMot \u00e0 l&rsquo;Anuga FoodTec<\/li>\n<li>GM50 Pince de pr\u00e9hension \u00e0 grande vitesse<\/li>\n<li>GM51 Pince rotative \u00e0 grande vitesse<\/li>\n<li>PR02 Application \u00e0 bras de levier pour le pick-and-place<\/li>\n<li>PR03 Longue course et faible masse pour un tri parfait<\/li>\n<li>Des entra\u00eenements polyvalents avec une s\u00e9curit\u00e9 fonctionnelle<\/li>\n<\/ul>\n<p><strong>Histoires \u00e0 succ\u00e8s<\/strong><\/p>\n<ul>\n<li>LinMot | Investir dans votre avenir : le centre de recherche et de d\u00e9veloppement LinMot<\/li>\n<li>APA | La nouvelle installation de remplissage est un showroom de solutions d&rsquo;entra\u00eenement intelligentes<\/li>\n<li>Weckerle Machines | Qu&rsquo;est-ce que la skinification ? LinMot comme moteur des nouvelles tendances cosm\u00e9tiques<\/li>\n<li>PAMOCO | Il futuro \u00e8 arrivato &#8211; L&rsquo;avenir est l\u00e0<\/li>\n<li>PROVICURVE | Les syst\u00e8mes d&rsquo;\u00e9vacuation intelligents avec LinMot am\u00e9liorent beaucoup de choses<\/li>\n<\/ul>\n<p><strong>Faits et chiffres<\/strong><\/p>\n<ul>\n<li>Vous connaissez d\u00e9j\u00e0 ? Notre nouveau design<\/li>\n<li>Saviez-vous que vous connaissez LinMot depuis longtemps ? LinMot dans l&rsquo;industrie automobile<\/li>\n<li>Hall of Fame<\/li>\n<\/ul>\n<p><a class=\"button\" href=\"https:\/\/linmot.com\/fileadmin\/user_upload\/Downloads\/LINEAR\/linear_doppelseite_2024_en.pdf\" target=\"_blank\" rel=\"noopener\">T\u00e9l\u00e9charger le deuxi\u00e8me num\u00e9ro de LINEAR (PDF)<\/a><\/p>\n<hr \/>\n<h3>Parcourir le deuxi\u00e8me num\u00e9ro de LINEAR en anglais<\/h3>\n<div class=\"brlbs-cmpnt-container brlbs-cmpnt-content-blocker brlbs-cmpnt-with-individual-styles\" data-borlabs-cookie-content-blocker-id=\"yumpu\" data-borlabs-cookie-content=\"PGlmcmFtZSBzcmM9Imh0dHBzOi8vd3d3Lnl1bXB1LmNvbS9lbi9lbWJlZC92aWV3L25nQm1ScExQSGpoNk9FTjgiIHdpZHRoPSI5NDBweCIgaGVpZ2h0PSI3MzdweCIgZnJhbWVib3JkZXI9IjAiIGFsbG93ZnVsbHNjcmVlbj0iYWxsb3dmdWxsc2NyZWVuIj48L2lmcmFtZT4=\">\n<div class=\"brlbs-cmpnt-cb-preset-a\">\n<p class=\"brlbs-cmpnt-cb-description\">Vous \u00eates actuellement en train de consulter le contenu d&rsquo;un espace r\u00e9serv\u00e9 de <strong>Yumpu<\/strong>. Pour acc\u00e9der au contenu r\u00e9el, cliquez sur le bouton ci-dessous. Veuillez noter que ce faisant, des donn\u00e9es seront partag\u00e9es avec des providers tiers.<\/p>\n<div class=\"brlbs-cmpnt-cb-buttons\"> <a class=\"brlbs-cmpnt-cb-btn\" href=\"#\" data-borlabs-cookie-unblock role=\"button\">D\u00e9bloquer le contenu<\/a> <a class=\"brlbs-cmpnt-cb-btn\" href=\"#\" data-borlabs-cookie-accept-service role=\"button\" style=\"display: inherit\">Accepter le service requis et d\u00e9bloquer les contenus<\/a> <\/div>\n<p> <a class=\"brlbs-cmpnt-cb-provider-toggle\" href=\"#\" data-borlabs-cookie-show-provider-information role=\"button\">Plus d&rsquo;informations<\/a> <\/div>\n<\/div>\n<hr \/>\n<h3 id=\"1st\">Qu&rsquo;est-ce qui vous attend dans le premier num\u00e9ro de LINEAR ?<\/h3>\n<img loading=\"lazy\" decoding=\"async\" class=\"aligncenter wp-image-4774 size-full\" src=\"https:\/\/linmot.com\/de\/wp-content\/uploads\/sites\/2\/2023\/11\/linear-3d-darstellung.png\" alt=\"\" width=\"454\" height=\"408\" \/>\n<p><strong>Articles sur nos produits<\/strong><\/p>\n<ul>\n<li>Moteur lin\u00e9aire rotatif<\/li>\n<li>LinMot Multi Interface Drive<\/li>\n<li>Module lin\u00e9aire DM03<\/li>\n<li>Module technologique LinMot TM01<\/li>\n<li>S\u00e9curit\u00e9 fonctionnelle<\/li>\n<li>P01-48-M01 avec bride de montage int\u00e9gr\u00e9e<\/li>\n<li>Module de pr\u00e9hension GM01<\/li>\n<li>Rail de transformateur<\/li>\n<li>Questions et r\u00e9ponses sur les modules lin\u00e9aires LinMot compatibles avec les salles blanches<\/li>\n<\/ul>\n<p><strong>Histoires \u00e0 succ\u00e8s<\/strong><\/p>\n<ul>\n<li>GARDENA | Pas une goutte dans l&rsquo;oc\u00e9an : comment amener l&rsquo;eau goutte \u00e0 goutte l\u00e0 o\u00f9 les plantes en ont besoin &#8211; jusqu&rsquo;aux racines.<\/li>\n<li>Kr\u00f6ning | Faites circuler l&rsquo;eau : Pour une r\u00e9volution respectueuse du climat dans l&rsquo;industrie de l&#8217;emballage.<\/li>\n<li>Emmi | Ne pas renverser, s&rsquo;il vous pla\u00eet : Comment \u00e9viter de renverser du lait en ouvrant l&#8217;emballage carton ?<\/li>\n<\/ul>\n<p><strong>Faits et chiffres<\/strong><\/p>\n<ul>\n<li>LinMot \u00e0 Las Vegas : Le plus grand salon professionnel de l&rsquo;ann\u00e9e en Am\u00e9rique du Nord<\/li>\n<li>Et l&rsquo;action ! Nos meilleures vid\u00e9os sur le web<\/li>\n<li>Vous souhaitez en savoir encore plus sur nous ? Nos canaux de m\u00e9dias sociaux sont de plus en plus actifs<\/li>\n<li>L&rsquo;assistance sous les feux de la rampe : Pr\u00e9sentation de l&rsquo;\u00e9quipe d&rsquo;assistance LinMot<\/li>\n<li>Faits et chiffres : Saviez-vous que&#8230; ?<\/li>\n<\/ul>\n<p><a class=\"button\" href=\"https:\/\/linmot.com\/wp-content\/uploads\/2024\/01\/linmot_linear_2024_en.pdf\" target=\"_blank\" rel=\"noopener\">Premier num\u00e9ro de LINEAR \u00e0 t\u00e9l\u00e9charger (PDF)<\/a><\/p>\n<hr \/>\n<h3>Le premier num\u00e9ro de LINEAR \u00e0 feuilleter en anglais<\/h3>\n<div class=\"brlbs-cmpnt-container brlbs-cmpnt-content-blocker brlbs-cmpnt-with-individual-styles\" data-borlabs-cookie-content-blocker-id=\"yumpu\" data-borlabs-cookie-content=\"PGlmcmFtZSBzcmM9Imh0dHBzOi8vd3d3Lnl1bXB1LmNvbS9lbi9lbWJlZC92aWV3L3AyYkNZbU9MOXpkTnJVVFYiIHdpZHRoPSI5NDBweCIgaGVpZ2h0PSI3NDlweCIgZnJhbWVib3JkZXI9IjAiIGFsbG93ZnVsbHNjcmVlbj0iYWxsb3dmdWxsc2NyZWVuIj48L2lmcmFtZT4=\">\n<div class=\"brlbs-cmpnt-cb-preset-a\">\n<p class=\"brlbs-cmpnt-cb-description\">Vous \u00eates actuellement en train de consulter le contenu d&rsquo;un espace r\u00e9serv\u00e9 de <strong>Yumpu<\/strong>. Pour acc\u00e9der au contenu r\u00e9el, cliquez sur le bouton ci-dessous. Veuillez noter que ce faisant, des donn\u00e9es seront partag\u00e9es avec des providers tiers.<\/p>\n<div class=\"brlbs-cmpnt-cb-buttons\"> <a class=\"brlbs-cmpnt-cb-btn\" href=\"#\" data-borlabs-cookie-unblock role=\"button\">D\u00e9bloquer le contenu<\/a> <a class=\"brlbs-cmpnt-cb-btn\" href=\"#\" data-borlabs-cookie-accept-service role=\"button\" style=\"display: inherit\">Accepter le service requis et d\u00e9bloquer les contenus<\/a> <\/div>\n<p> <a class=\"brlbs-cmpnt-cb-provider-toggle\" href=\"#\" data-borlabs-cookie-show-provider-information role=\"button\">Plus d&rsquo;informations<\/a> <\/div>\n<\/div>\n","protected":false},"excerpt":{"rendered":"<p>Les histoires de succ\u00e8s sont rarement lin\u00e9aires. Elles sont marqu\u00e9es par des d\u00e9fis et des opportunit\u00e9s, des it\u00e9rations et des rotations. Avec LINEAR, nous souhaitons vous raconter pr\u00e9cis\u00e9ment ces histoires. Des histoires d&rsquo;entrepreneurs qui empruntent des voies innovantes avec LinMot, de d\u00e9veloppeurs qui surmontent des obstacles gr\u00e2ce \u00e0 notre assistance et de clients qui atteignent [&hellip;]<\/p>\n","protected":false},"author":9,"featured_media":0,"parent":0,"menu_order":13,"comment_status":"closed","ping_status":"closed","template":"","meta":{"_acf_changed":false,"footnotes":""},"class_list":["post-3147","page","type-page","status-publish","hentry"],"acf":[],"yoast_head":"<!-- This site is optimized with the Yoast SEO Premium plugin v20.9 (Yoast SEO v27.2) - https:\/\/yoast.com\/product\/yoast-seo-premium-wordpress\/ -->\n<title>LINEAR \u00e0 feuilleter - LinMot &amp; MagSpring - Fran\u00e7ais<\/title>\n<meta name=\"description\" content=\"Les histoires de r\u00e9ussite sont rarement lin\u00e9aires. Avec LINEAR, nous souhaitons justement vous raconter ces histoires.\" \/>\n<meta name=\"robots\" content=\"index, follow, max-snippet:-1, max-image-preview:large, max-video-preview:-1\" \/>\n<link rel=\"canonical\" href=\"https:\/\/linmot.com\/fr\/linear-par-linmot\/\" \/>\n<meta property=\"og:locale\" content=\"fr_FR\" \/>\n<meta property=\"og:type\" content=\"article\" \/>\n<meta property=\"og:title\" content=\"LINEAR par LinMot\" \/>\n<meta property=\"og:description\" content=\"Les histoires de r\u00e9ussite sont rarement lin\u00e9aires. Avec LINEAR, nous souhaitons justement vous raconter ces histoires.\" \/>\n<meta property=\"og:url\" content=\"https:\/\/linmot.com\/fr\/linear-par-linmot\/\" \/>\n<meta property=\"og:site_name\" content=\"LinMot &amp; MagSpring - Fran\u00e7ais\" \/>\n<meta property=\"article:modified_time\" content=\"2026-01-08T10:27:26+00:00\" \/>\n<meta property=\"og:image\" content=\"https:\/\/linmot.com\/fr\/wp-content\/uploads\/sites\/3\/2022\/05\/linmot-social-share-logo.jpg\" \/>\n\t<meta property=\"og:image:width\" content=\"800\" \/>\n\t<meta property=\"og:image:height\" content=\"500\" \/>\n\t<meta property=\"og:image:type\" content=\"image\/jpeg\" \/>\n<meta name=\"twitter:card\" content=\"summary_large_image\" \/>\n<meta name=\"twitter:label1\" content=\"Dur\u00e9e de lecture estim\u00e9e\" \/>\n\t<meta name=\"twitter:data1\" content=\"4 minutes\" \/>\n<script type=\"application\/ld+json\" class=\"yoast-schema-graph\">{\"@context\":\"https:\/\/schema.org\",\"@graph\":[{\"@type\":\"WebPage\",\"@id\":\"https:\/\/linmot.com\/fr\/linear-par-linmot\/\",\"url\":\"https:\/\/linmot.com\/fr\/linear-par-linmot\/\",\"name\":\"LINEAR \u00e0 feuilleter - LinMot &amp; MagSpring - Fran\u00e7ais\",\"isPartOf\":{\"@id\":\"https:\/\/linmot.com\/fr\/#website\"},\"primaryImageOfPage\":{\"@id\":\"https:\/\/linmot.com\/fr\/linear-par-linmot\/#primaryimage\"},\"image\":{\"@id\":\"https:\/\/linmot.com\/fr\/linear-par-linmot\/#primaryimage\"},\"thumbnailUrl\":\"https:\/\/linmot.com\/de\/wp-content\/uploads\/sites\/2\/2025\/12\/linear-nov-25.jpg\",\"datePublished\":\"2024-01-15T09:27:18+00:00\",\"dateModified\":\"2026-01-08T10:27:26+00:00\",\"description\":\"Les histoires de r\u00e9ussite sont rarement lin\u00e9aires. Avec LINEAR, nous souhaitons justement vous raconter ces histoires.\",\"breadcrumb\":{\"@id\":\"https:\/\/linmot.com\/fr\/linear-par-linmot\/#breadcrumb\"},\"inLanguage\":\"fr-FR\",\"potentialAction\":[{\"@type\":\"ReadAction\",\"target\":[\"https:\/\/linmot.com\/fr\/linear-par-linmot\/\"]}]},{\"@type\":\"ImageObject\",\"inLanguage\":\"fr-FR\",\"@id\":\"https:\/\/linmot.com\/fr\/linear-par-linmot\/#primaryimage\",\"url\":\"https:\/\/linmot.com\/de\/wp-content\/uploads\/sites\/2\/2025\/12\/linear-nov-25.jpg\",\"contentUrl\":\"https:\/\/linmot.com\/de\/wp-content\/uploads\/sites\/2\/2025\/12\/linear-nov-25.jpg\"},{\"@type\":\"BreadcrumbList\",\"@id\":\"https:\/\/linmot.com\/fr\/linear-par-linmot\/#breadcrumb\",\"itemListElement\":[{\"@type\":\"ListItem\",\"position\":1,\"name\":\"Home\",\"item\":\"https:\/\/linmot.com\/fr\/\"},{\"@type\":\"ListItem\",\"position\":2,\"name\":\"LINEAR par LinMot\"}]},{\"@type\":\"WebSite\",\"@id\":\"https:\/\/linmot.com\/fr\/#website\",\"url\":\"https:\/\/linmot.com\/fr\/\",\"name\":\"LinMot &amp; MagSpring - Fran\u00e7ais\",\"description\":\"Moteurs lin\u00e9aires et des syst\u00e8mes de moteurs lin\u00e9aires de haute qualit\u00e9\",\"publisher\":{\"@id\":\"https:\/\/linmot.com\/fr\/#organization\"},\"potentialAction\":[{\"@type\":\"SearchAction\",\"target\":{\"@type\":\"EntryPoint\",\"urlTemplate\":\"https:\/\/linmot.com\/fr\/?s={search_term_string}\"},\"query-input\":{\"@type\":\"PropertyValueSpecification\",\"valueRequired\":true,\"valueName\":\"search_term_string\"}}],\"inLanguage\":\"fr-FR\"},{\"@type\":\"Organization\",\"@id\":\"https:\/\/linmot.com\/fr\/#organization\",\"name\":\"NTI AG - LinMot & MagSpring\",\"url\":\"https:\/\/linmot.com\/fr\/\",\"logo\":{\"@type\":\"ImageObject\",\"inLanguage\":\"fr-FR\",\"@id\":\"https:\/\/linmot.com\/fr\/#\/schema\/logo\/image\/\",\"url\":\"https:\/\/linmot.com\/fr\/wp-content\/uploads\/sites\/3\/2022\/05\/linmot-social-share-logo.jpg\",\"contentUrl\":\"https:\/\/linmot.com\/fr\/wp-content\/uploads\/sites\/3\/2022\/05\/linmot-social-share-logo.jpg\",\"width\":800,\"height\":500,\"caption\":\"NTI AG - LinMot & MagSpring\"},\"image\":{\"@id\":\"https:\/\/linmot.com\/fr\/#\/schema\/logo\/image\/\"},\"sameAs\":[\"https:\/\/www.linkedin.com\/company\/nti-ag-linmot-magspring\",\"https:\/\/www.youtube.com\/user\/LinMotEurope\"]}]}<\/script>\n<!-- \/ Yoast SEO Premium plugin. -->","yoast_head_json":{"title":"LINEAR \u00e0 feuilleter - LinMot &amp; MagSpring - Fran\u00e7ais","description":"Les histoires de r\u00e9ussite sont rarement lin\u00e9aires. Avec LINEAR, nous souhaitons justement vous raconter ces histoires.","robots":{"index":"index","follow":"follow","max-snippet":"max-snippet:-1","max-image-preview":"max-image-preview:large","max-video-preview":"max-video-preview:-1"},"canonical":"https:\/\/linmot.com\/fr\/linear-par-linmot\/","og_locale":"fr_FR","og_type":"article","og_title":"LINEAR par LinMot","og_description":"Les histoires de r\u00e9ussite sont rarement lin\u00e9aires. Avec LINEAR, nous souhaitons justement vous raconter ces histoires.","og_url":"https:\/\/linmot.com\/fr\/linear-par-linmot\/","og_site_name":"LinMot &amp; MagSpring - Fran\u00e7ais","article_modified_time":"2026-01-08T10:27:26+00:00","og_image":[{"width":800,"height":500,"url":"https:\/\/linmot.com\/fr\/wp-content\/uploads\/sites\/3\/2022\/05\/linmot-social-share-logo.jpg","type":"image\/jpeg"}],"twitter_card":"summary_large_image","twitter_misc":{"Dur\u00e9e de lecture estim\u00e9e":"4 minutes"},"schema":{"@context":"https:\/\/schema.org","@graph":[{"@type":"WebPage","@id":"https:\/\/linmot.com\/fr\/linear-par-linmot\/","url":"https:\/\/linmot.com\/fr\/linear-par-linmot\/","name":"LINEAR \u00e0 feuilleter - LinMot &amp; MagSpring - Fran\u00e7ais","isPartOf":{"@id":"https:\/\/linmot.com\/fr\/#website"},"primaryImageOfPage":{"@id":"https:\/\/linmot.com\/fr\/linear-par-linmot\/#primaryimage"},"image":{"@id":"https:\/\/linmot.com\/fr\/linear-par-linmot\/#primaryimage"},"thumbnailUrl":"https:\/\/linmot.com\/de\/wp-content\/uploads\/sites\/2\/2025\/12\/linear-nov-25.jpg","datePublished":"2024-01-15T09:27:18+00:00","dateModified":"2026-01-08T10:27:26+00:00","description":"Les histoires de r\u00e9ussite sont rarement lin\u00e9aires. Avec LINEAR, nous souhaitons justement vous raconter ces histoires.","breadcrumb":{"@id":"https:\/\/linmot.com\/fr\/linear-par-linmot\/#breadcrumb"},"inLanguage":"fr-FR","potentialAction":[{"@type":"ReadAction","target":["https:\/\/linmot.com\/fr\/linear-par-linmot\/"]}]},{"@type":"ImageObject","inLanguage":"fr-FR","@id":"https:\/\/linmot.com\/fr\/linear-par-linmot\/#primaryimage","url":"https:\/\/linmot.com\/de\/wp-content\/uploads\/sites\/2\/2025\/12\/linear-nov-25.jpg","contentUrl":"https:\/\/linmot.com\/de\/wp-content\/uploads\/sites\/2\/2025\/12\/linear-nov-25.jpg"},{"@type":"BreadcrumbList","@id":"https:\/\/linmot.com\/fr\/linear-par-linmot\/#breadcrumb","itemListElement":[{"@type":"ListItem","position":1,"name":"Home","item":"https:\/\/linmot.com\/fr\/"},{"@type":"ListItem","position":2,"name":"LINEAR par LinMot"}]},{"@type":"WebSite","@id":"https:\/\/linmot.com\/fr\/#website","url":"https:\/\/linmot.com\/fr\/","name":"LinMot &amp; MagSpring - Fran\u00e7ais","description":"Moteurs lin\u00e9aires et des syst\u00e8mes de moteurs lin\u00e9aires de haute qualit\u00e9","publisher":{"@id":"https:\/\/linmot.com\/fr\/#organization"},"potentialAction":[{"@type":"SearchAction","target":{"@type":"EntryPoint","urlTemplate":"https:\/\/linmot.com\/fr\/?s={search_term_string}"},"query-input":{"@type":"PropertyValueSpecification","valueRequired":true,"valueName":"search_term_string"}}],"inLanguage":"fr-FR"},{"@type":"Organization","@id":"https:\/\/linmot.com\/fr\/#organization","name":"NTI AG - LinMot & MagSpring","url":"https:\/\/linmot.com\/fr\/","logo":{"@type":"ImageObject","inLanguage":"fr-FR","@id":"https:\/\/linmot.com\/fr\/#\/schema\/logo\/image\/","url":"https:\/\/linmot.com\/fr\/wp-content\/uploads\/sites\/3\/2022\/05\/linmot-social-share-logo.jpg","contentUrl":"https:\/\/linmot.com\/fr\/wp-content\/uploads\/sites\/3\/2022\/05\/linmot-social-share-logo.jpg","width":800,"height":500,"caption":"NTI AG - LinMot & MagSpring"},"image":{"@id":"https:\/\/linmot.com\/fr\/#\/schema\/logo\/image\/"},"sameAs":["https:\/\/www.linkedin.com\/company\/nti-ag-linmot-magspring","https:\/\/www.youtube.com\/user\/LinMotEurope"]}]}},"_links":{"self":[{"href":"https:\/\/linmot.com\/fr\/wp-json\/wp\/v2\/pages\/3147","targetHints":{"allow":["GET"]}}],"collection":[{"href":"https:\/\/linmot.com\/fr\/wp-json\/wp\/v2\/pages"}],"about":[{"href":"https:\/\/linmot.com\/fr\/wp-json\/wp\/v2\/types\/page"}],"author":[{"embeddable":true,"href":"https:\/\/linmot.com\/fr\/wp-json\/wp\/v2\/users\/9"}],"replies":[{"embeddable":true,"href":"https:\/\/linmot.com\/fr\/wp-json\/wp\/v2\/comments?post=3147"}],"version-history":[{"count":15,"href":"https:\/\/linmot.com\/fr\/wp-json\/wp\/v2\/pages\/3147\/revisions"}],"predecessor-version":[{"id":3980,"href":"https:\/\/linmot.com\/fr\/wp-json\/wp\/v2\/pages\/3147\/revisions\/3980"}],"wp:attachment":[{"href":"https:\/\/linmot.com\/fr\/wp-json\/wp\/v2\/media?parent=3147"}],"curies":[{"name":"wp","href":"https:\/\/api.w.org\/{rel}","templated":true}]}}