{"id":3045,"date":"2023-08-28T15:34:53","date_gmt":"2023-08-28T13:34:53","guid":{"rendered":"https:\/\/linmot.com\/fr\/?page_id=3045"},"modified":"2024-09-09T16:08:31","modified_gmt":"2024-09-09T14:08:31","slug":"linmot-talk-et-linmot-designer","status":"publish","type":"page","link":"https:\/\/linmot.com\/fr\/produits\/servo-drives\/linmot-talk-et-linmot-designer\/","title":{"rendered":"LinMot Talk et LinMot Designer"},"content":{"rendered":"<p><strong>LinMot Designer et LinMot Talk sont des outils d&rsquo;aide pour le bon dimensionnement et la surveillance de vos moteurs lin\u00e9aires.<\/strong><\/p>\n<hr \/>\n<h2>Conception et mise en service faciles<\/h2>\n<div class=\"row\">\n<div class=\"col-sm-6\">\n<p align=\"justify\">L&rsquo;utilisation d&rsquo;un syst\u00e8me d&rsquo;entra\u00eenement lin\u00e9aire commence par la conception des moteurs lin\u00e9aires. Pour cela, LinMot met \u00e0 la disposition du concepteur un outil simple d&rsquo;utilisation. Le LinMot Designer calcule les param\u00e8tres n\u00e9cessaires \u00e0 la s\u00e9lection de l&rsquo;entra\u00eenement sur la base des s\u00e9quences de mouvement et des charges requises et les met en relation avec le moteur lin\u00e9aire et le servodriver s\u00e9lectionn\u00e9s.<\/p>\n<p align=\"justify\">L&rsquo;interface PC LinMot Talk permet \u00e0 l&rsquo;utilisateur de configurer les servodrivers LinMot. De plus, les moteurs en fonctionnement peuvent \u00eatre surveill\u00e9s et les mouvements actuels analys\u00e9s (monitoring).<\/p>\n<p align=\"justify\">Gr\u00e2ce au panneau de contr\u00f4le int\u00e9gr\u00e9, l&rsquo;utilisateur a un acc\u00e8s direct aux mots de contr\u00f4le et d&rsquo;\u00e9tat ainsi qu&rsquo;\u00e0 toutes les commandes qui peuvent \u00e9galement \u00eatre appel\u00e9es par la commande sup\u00e9rieure.<\/p>\n<\/div>\n<div class=\"col-sm-6\">\n<img loading=\"lazy\" decoding=\"async\" class=\"alignright size-full wp-image-4505\" src=\"https:\/\/linmot.com\/de\/wp-content\/uploads\/sites\/2\/2023\/08\/linmot-talk-designer.jpg\" alt=\"\" width=\"438\" height=\"256\" \/><br \/>\n<\/div>\n<\/div>\n<div class=\"row\">\n<div class=\"col-sm-6\">\n<h3>Conception du moteur avec LinMot Designer<\/h3>\n<ul>\n<li>Sp\u00e9cification de toutes les donn\u00e9es globales<\/li>\n<li>Simulation du mouvement souhait\u00e9<\/li>\n<li>D\u00e9termination des donn\u00e9es cin\u00e9matiques<\/li>\n<li>D\u00e9termination de la force n\u00e9cessaire du moteur<\/li>\n<li>Validation du moteur s\u00e9lectionn\u00e9<\/li>\n<li>Fonction \u00ab\u00a0co\u00fbt-efficacit\u00e9\u00a0\u00bb pour comparer l&rsquo;utilisation de pneumatiques par rapport aux moteurs lin\u00e9aires.<\/li>\n<li>Conception de moteurs rotatifs<\/li>\n<\/ul>\n<p><a class=\"button\" href=\"\/de\/download\/linmot-designer-motorauslegung\/\">Download LinMot Designer<\/a><\/p>\n<\/div>\n<div class=\"col-sm-6\">\n<h3>Mise en service avec LinMot Talk<\/h3>\n<ul>\n<li>Configuration du drive et du moteur<\/li>\n<li>Configuration des param\u00e8tres d&rsquo;application<\/li>\n<li>Cr\u00e9ation et enregistrement de s\u00e9quences de mouvements<\/li>\n<li>Optimisation du r\u00e9gulateur et surveillance de l&rsquo;\u00e9tat<\/li>\n<li>Enregistrements et mesures avec oscilloscope<\/li>\n<li>Lecture de l&rsquo;historique des erreurs (gestion des erreurs)<\/li>\n<\/ul>\n<p><a class=\"button\" href=\"\/de\/download\/linmot-talk-drive-konfiguration\/\">Download LinMot Talk<\/a><\/p>\n<\/div>\n<\/div>\n<hr \/>\n<h2>Mise en service par simple pression sur un bouton<\/h2>\n<p><strong>Des technologies \u00e9prouv\u00e9es qui mettent rapidement le moteur en mouvement.<\/strong><\/p>\n<div class=\"row\">\n<div class=\"col-sm-6\">\n<h3>Biblioth\u00e8ques API et exemples de programmes<\/h3>\n<p align=\"justify\">Les LinMot Drives disposent de toutes les interfaces de bus de terrain courantes pour la connexion \u00e0 un syst\u00e8me de commande sup\u00e9rieur.<\/p>\n<p align=\"justify\">Afin de r\u00e9aliser une int\u00e9gration simple dans l&rsquo;automate, des blocs fonctionnels complets ainsi que des exemples de programmes sont mis \u00e0 la disposition du client. Ces blocs permettent une int\u00e9gration directe et rapide des LinMot Drives dans la commande.<\/p>\n<p align=\"justify\">Outre les instructions de d\u00e9placement standard, les blocs fonctionnels permettent d&rsquo;ex\u00e9cuter des fonctions telles que le param\u00e9trage et la configuration des drives directement \u00e0 partir de l&rsquo;automate. La configuration compl\u00e8te du drive de l&rsquo;axe concern\u00e9 est ainsi enregistr\u00e9e sur la commande.<\/p>\n<p align=\"justify\">En cas de maintenance ou de remplacement, cela permet entre autres de reconna\u00eetre et de param\u00e9trer automatiquement le drive via le bus. Il n&rsquo;est donc plus n\u00e9cessaire de configurer manuellement les drives en cas d&rsquo;erreur, ce qui prend beaucoup de temps.<\/p>\n<\/div>\n<div class=\"col-sm-6\">\n<img loading=\"lazy\" decoding=\"async\" class=\"alignright size-full wp-image-4506\" src=\"https:\/\/linmot.com\/de\/wp-content\/uploads\/sites\/2\/2023\/08\/sps-libraries-und-beispielprogramme.jpg\" alt=\"\" width=\"505\" height=\"509\" \/><br \/>\n<\/div>\n<\/div>\n<h3>Configuration enti\u00e8rement automatique des donn\u00e9es du moteur<\/h3>\n<p align=\"justify\">La technologie Plug and Play (PnP), bien \u00e9tablie dans le domaine informatique, est \u00e9galement utilis\u00e9e par LinMot pour la mise en service des moteurs lin\u00e9aires.<\/p>\n<p align=\"justify\">Pour les moteurs Plug and Play, les param\u00e8tres sont directement enregistr\u00e9s sur le stator. Lors de la mise sous tension, le Servo Drive lit les valeurs et d\u00e9finit les param\u00e8tres en cons\u00e9quence. Gr\u00e2ce \u00e0 cette reconnaissance automatique des appareils, il n&rsquo;est donc plus n\u00e9cessaire de s\u00e9lectionner les param\u00e8tres de type n\u00e9cessaires dans une vaste biblioth\u00e8que.<\/p>\n<p align=\"justify\">Imm\u00e9diatement apr\u00e8s l&rsquo;installation et le raccordement des c\u00e2bles, le moteur peut \u00eatre d\u00e9plac\u00e9. Sans avoir \u00e0 d\u00e9marrer le logiciel de configuration, les premi\u00e8res instructions peuvent \u00eatre envoy\u00e9es directement par la commande API.<\/p>\n<p>La premi\u00e8re mise en service et le remplacement d&rsquo;un moteur sont donc extr\u00eamement simples.<\/p>\n","protected":false},"excerpt":{"rendered":"<p>LinMot Designer et LinMot Talk sont des outils d&rsquo;aide pour le bon dimensionnement et la surveillance de vos moteurs lin\u00e9aires. Conception et mise en service faciles Mise en service par simple pression sur un bouton Des technologies \u00e9prouv\u00e9es qui mettent rapidement le moteur en mouvement. Configuration enti\u00e8rement automatique des donn\u00e9es du moteur La technologie Plug [&hellip;]<\/p>\n","protected":false},"author":9,"featured_media":0,"parent":46,"menu_order":24,"comment_status":"closed","ping_status":"closed","template":"","meta":{"_acf_changed":false,"footnotes":""},"class_list":["post-3045","page","type-page","status-publish","hentry"],"acf":[],"yoast_head":"<!-- This site is optimized with the Yoast SEO Premium plugin v20.9 (Yoast SEO v27.4) - https:\/\/yoast.com\/product\/yoast-seo-premium-wordpress\/ -->\n<title>LinMot Talk et LinMot Designer - LinMot &amp; MagSpring - Fran\u00e7ais<\/title>\n<meta name=\"description\" content=\"LinMot Designer - L&#039;outil d&#039;aide appr\u00e9ci\u00e9 pour le bon dimensionnement et la surveillance de vos moteurs lin\u00e9aires.\" \/>\n<meta name=\"robots\" content=\"index, follow, max-snippet:-1, max-image-preview:large, max-video-preview:-1\" \/>\n<link rel=\"canonical\" href=\"https:\/\/linmot.com\/fr\/produits\/servo-drives\/linmot-talk-et-linmot-designer\/\" \/>\n<meta property=\"og:locale\" content=\"fr_FR\" \/>\n<meta property=\"og:type\" content=\"article\" \/>\n<meta property=\"og:title\" content=\"LinMot Talk et LinMot Designer - LinMot &amp; MagSpring - Fran\u00e7ais\" \/>\n<meta property=\"og:description\" content=\"LinMot Designer - L&#039;outil d&#039;aide appr\u00e9ci\u00e9 pour le bon dimensionnement et la surveillance de vos moteurs lin\u00e9aires.\" \/>\n<meta property=\"og:url\" content=\"https:\/\/linmot.com\/fr\/produits\/servo-drives\/linmot-talk-et-linmot-designer\/\" \/>\n<meta property=\"og:site_name\" content=\"LinMot &amp; MagSpring - Fran\u00e7ais\" \/>\n<meta property=\"article:modified_time\" content=\"2024-09-09T14:08:31+00:00\" \/>\n<meta property=\"og:image\" content=\"https:\/\/linmot.com\/de\/wp-content\/uploads\/sites\/2\/2023\/08\/linmot-talk-designer.jpg\" \/>\n<meta name=\"twitter:card\" content=\"summary_large_image\" \/>\n<meta name=\"twitter:title\" content=\"LinMot Talk et LinMot Designer - LinMot &amp; MagSpring - Fran\u00e7ais\" \/>\n<meta name=\"twitter:description\" content=\"LinMot Designer - L&#039;outil d&#039;aide appr\u00e9ci\u00e9 pour le bon dimensionnement et la surveillance de vos moteurs lin\u00e9aires.\" \/>\n<meta name=\"twitter:label1\" content=\"Dur\u00e9e de lecture estim\u00e9e\" \/>\n\t<meta name=\"twitter:data1\" content=\"4 minutes\" \/>\n<script type=\"application\/ld+json\" class=\"yoast-schema-graph\">{\"@context\":\"https:\\\/\\\/schema.org\",\"@graph\":[{\"@type\":\"WebPage\",\"@id\":\"https:\\\/\\\/linmot.com\\\/fr\\\/produits\\\/servo-drives\\\/linmot-talk-et-linmot-designer\\\/\",\"url\":\"https:\\\/\\\/linmot.com\\\/fr\\\/produits\\\/servo-drives\\\/linmot-talk-et-linmot-designer\\\/\",\"name\":\"LinMot Talk et LinMot Designer - LinMot &amp; MagSpring - Fran\u00e7ais\",\"isPartOf\":{\"@id\":\"https:\\\/\\\/linmot.com\\\/fr\\\/#website\"},\"primaryImageOfPage\":{\"@id\":\"https:\\\/\\\/linmot.com\\\/fr\\\/produits\\\/servo-drives\\\/linmot-talk-et-linmot-designer\\\/#primaryimage\"},\"image\":{\"@id\":\"https:\\\/\\\/linmot.com\\\/fr\\\/produits\\\/servo-drives\\\/linmot-talk-et-linmot-designer\\\/#primaryimage\"},\"thumbnailUrl\":\"https:\\\/\\\/linmot.com\\\/de\\\/wp-content\\\/uploads\\\/sites\\\/2\\\/2023\\\/08\\\/linmot-talk-designer.jpg\",\"datePublished\":\"2023-08-28T13:34:53+00:00\",\"dateModified\":\"2024-09-09T14:08:31+00:00\",\"description\":\"LinMot Designer - L'outil d'aide appr\u00e9ci\u00e9 pour le bon dimensionnement et la surveillance de vos moteurs lin\u00e9aires.\",\"breadcrumb\":{\"@id\":\"https:\\\/\\\/linmot.com\\\/fr\\\/produits\\\/servo-drives\\\/linmot-talk-et-linmot-designer\\\/#breadcrumb\"},\"inLanguage\":\"fr-FR\",\"potentialAction\":[{\"@type\":\"ReadAction\",\"target\":[\"https:\\\/\\\/linmot.com\\\/fr\\\/produits\\\/servo-drives\\\/linmot-talk-et-linmot-designer\\\/\"]}]},{\"@type\":\"ImageObject\",\"inLanguage\":\"fr-FR\",\"@id\":\"https:\\\/\\\/linmot.com\\\/fr\\\/produits\\\/servo-drives\\\/linmot-talk-et-linmot-designer\\\/#primaryimage\",\"url\":\"https:\\\/\\\/linmot.com\\\/de\\\/wp-content\\\/uploads\\\/sites\\\/2\\\/2023\\\/08\\\/linmot-talk-designer.jpg\",\"contentUrl\":\"https:\\\/\\\/linmot.com\\\/de\\\/wp-content\\\/uploads\\\/sites\\\/2\\\/2023\\\/08\\\/linmot-talk-designer.jpg\"},{\"@type\":\"BreadcrumbList\",\"@id\":\"https:\\\/\\\/linmot.com\\\/fr\\\/produits\\\/servo-drives\\\/linmot-talk-et-linmot-designer\\\/#breadcrumb\",\"itemListElement\":[{\"@type\":\"ListItem\",\"position\":1,\"name\":\"Home\",\"item\":\"https:\\\/\\\/linmot.com\\\/fr\\\/\"},{\"@type\":\"ListItem\",\"position\":2,\"name\":\"Produits\",\"item\":\"https:\\\/\\\/linmot.com\\\/fr\\\/produits\\\/\"},{\"@type\":\"ListItem\",\"position\":3,\"name\":\"Servo Drives\",\"item\":\"https:\\\/\\\/linmot.com\\\/fr\\\/produits\\\/servo-drives\\\/\"},{\"@type\":\"ListItem\",\"position\":4,\"name\":\"LinMot Talk et LinMot Designer\"}]},{\"@type\":\"WebSite\",\"@id\":\"https:\\\/\\\/linmot.com\\\/fr\\\/#website\",\"url\":\"https:\\\/\\\/linmot.com\\\/fr\\\/\",\"name\":\"LinMot &amp; MagSpring - Fran\u00e7ais\",\"description\":\"Moteurs lin\u00e9aires et des syst\u00e8mes de moteurs lin\u00e9aires de haute qualit\u00e9\",\"publisher\":{\"@id\":\"https:\\\/\\\/linmot.com\\\/fr\\\/#organization\"},\"potentialAction\":[{\"@type\":\"SearchAction\",\"target\":{\"@type\":\"EntryPoint\",\"urlTemplate\":\"https:\\\/\\\/linmot.com\\\/fr\\\/?s={search_term_string}\"},\"query-input\":{\"@type\":\"PropertyValueSpecification\",\"valueRequired\":true,\"valueName\":\"search_term_string\"}}],\"inLanguage\":\"fr-FR\"},{\"@type\":\"Organization\",\"@id\":\"https:\\\/\\\/linmot.com\\\/fr\\\/#organization\",\"name\":\"NTI AG - LinMot & MagSpring\",\"url\":\"https:\\\/\\\/linmot.com\\\/fr\\\/\",\"logo\":{\"@type\":\"ImageObject\",\"inLanguage\":\"fr-FR\",\"@id\":\"https:\\\/\\\/linmot.com\\\/fr\\\/#\\\/schema\\\/logo\\\/image\\\/\",\"url\":\"https:\\\/\\\/linmot.com\\\/fr\\\/wp-content\\\/uploads\\\/sites\\\/3\\\/2022\\\/05\\\/linmot-social-share-logo.jpg\",\"contentUrl\":\"https:\\\/\\\/linmot.com\\\/fr\\\/wp-content\\\/uploads\\\/sites\\\/3\\\/2022\\\/05\\\/linmot-social-share-logo.jpg\",\"width\":800,\"height\":500,\"caption\":\"NTI AG - LinMot & MagSpring\"},\"image\":{\"@id\":\"https:\\\/\\\/linmot.com\\\/fr\\\/#\\\/schema\\\/logo\\\/image\\\/\"},\"sameAs\":[\"https:\\\/\\\/www.linkedin.com\\\/company\\\/nti-ag-linmot-magspring\",\"https:\\\/\\\/www.youtube.com\\\/user\\\/LinMotEurope\"]}]}<\/script>\n<!-- \/ Yoast SEO Premium plugin. -->","yoast_head_json":{"title":"LinMot Talk et LinMot Designer - LinMot &amp; MagSpring - Fran\u00e7ais","description":"LinMot Designer - L'outil d'aide appr\u00e9ci\u00e9 pour le bon dimensionnement et la surveillance de vos moteurs lin\u00e9aires.","robots":{"index":"index","follow":"follow","max-snippet":"max-snippet:-1","max-image-preview":"max-image-preview:large","max-video-preview":"max-video-preview:-1"},"canonical":"https:\/\/linmot.com\/fr\/produits\/servo-drives\/linmot-talk-et-linmot-designer\/","og_locale":"fr_FR","og_type":"article","og_title":"LinMot Talk et LinMot Designer - LinMot &amp; MagSpring - Fran\u00e7ais","og_description":"LinMot Designer - L'outil d'aide appr\u00e9ci\u00e9 pour le bon dimensionnement et la surveillance de vos moteurs lin\u00e9aires.","og_url":"https:\/\/linmot.com\/fr\/produits\/servo-drives\/linmot-talk-et-linmot-designer\/","og_site_name":"LinMot &amp; MagSpring - Fran\u00e7ais","article_modified_time":"2024-09-09T14:08:31+00:00","og_image":[{"url":"https:\/\/linmot.com\/de\/wp-content\/uploads\/sites\/2\/2023\/08\/linmot-talk-designer.jpg","type":"","width":"","height":""}],"twitter_card":"summary_large_image","twitter_title":"LinMot Talk et LinMot Designer - LinMot &amp; MagSpring - Fran\u00e7ais","twitter_description":"LinMot Designer - L'outil d'aide appr\u00e9ci\u00e9 pour le bon dimensionnement et la surveillance de vos moteurs lin\u00e9aires.","twitter_misc":{"Dur\u00e9e de lecture estim\u00e9e":"4 minutes"},"schema":{"@context":"https:\/\/schema.org","@graph":[{"@type":"WebPage","@id":"https:\/\/linmot.com\/fr\/produits\/servo-drives\/linmot-talk-et-linmot-designer\/","url":"https:\/\/linmot.com\/fr\/produits\/servo-drives\/linmot-talk-et-linmot-designer\/","name":"LinMot Talk et LinMot Designer - LinMot &amp; MagSpring - Fran\u00e7ais","isPartOf":{"@id":"https:\/\/linmot.com\/fr\/#website"},"primaryImageOfPage":{"@id":"https:\/\/linmot.com\/fr\/produits\/servo-drives\/linmot-talk-et-linmot-designer\/#primaryimage"},"image":{"@id":"https:\/\/linmot.com\/fr\/produits\/servo-drives\/linmot-talk-et-linmot-designer\/#primaryimage"},"thumbnailUrl":"https:\/\/linmot.com\/de\/wp-content\/uploads\/sites\/2\/2023\/08\/linmot-talk-designer.jpg","datePublished":"2023-08-28T13:34:53+00:00","dateModified":"2024-09-09T14:08:31+00:00","description":"LinMot Designer - L'outil d'aide appr\u00e9ci\u00e9 pour le bon dimensionnement et la surveillance de vos moteurs lin\u00e9aires.","breadcrumb":{"@id":"https:\/\/linmot.com\/fr\/produits\/servo-drives\/linmot-talk-et-linmot-designer\/#breadcrumb"},"inLanguage":"fr-FR","potentialAction":[{"@type":"ReadAction","target":["https:\/\/linmot.com\/fr\/produits\/servo-drives\/linmot-talk-et-linmot-designer\/"]}]},{"@type":"ImageObject","inLanguage":"fr-FR","@id":"https:\/\/linmot.com\/fr\/produits\/servo-drives\/linmot-talk-et-linmot-designer\/#primaryimage","url":"https:\/\/linmot.com\/de\/wp-content\/uploads\/sites\/2\/2023\/08\/linmot-talk-designer.jpg","contentUrl":"https:\/\/linmot.com\/de\/wp-content\/uploads\/sites\/2\/2023\/08\/linmot-talk-designer.jpg"},{"@type":"BreadcrumbList","@id":"https:\/\/linmot.com\/fr\/produits\/servo-drives\/linmot-talk-et-linmot-designer\/#breadcrumb","itemListElement":[{"@type":"ListItem","position":1,"name":"Home","item":"https:\/\/linmot.com\/fr\/"},{"@type":"ListItem","position":2,"name":"Produits","item":"https:\/\/linmot.com\/fr\/produits\/"},{"@type":"ListItem","position":3,"name":"Servo Drives","item":"https:\/\/linmot.com\/fr\/produits\/servo-drives\/"},{"@type":"ListItem","position":4,"name":"LinMot Talk et LinMot Designer"}]},{"@type":"WebSite","@id":"https:\/\/linmot.com\/fr\/#website","url":"https:\/\/linmot.com\/fr\/","name":"LinMot &amp; MagSpring - Fran\u00e7ais","description":"Moteurs lin\u00e9aires et des syst\u00e8mes de moteurs lin\u00e9aires de haute qualit\u00e9","publisher":{"@id":"https:\/\/linmot.com\/fr\/#organization"},"potentialAction":[{"@type":"SearchAction","target":{"@type":"EntryPoint","urlTemplate":"https:\/\/linmot.com\/fr\/?s={search_term_string}"},"query-input":{"@type":"PropertyValueSpecification","valueRequired":true,"valueName":"search_term_string"}}],"inLanguage":"fr-FR"},{"@type":"Organization","@id":"https:\/\/linmot.com\/fr\/#organization","name":"NTI AG - LinMot & MagSpring","url":"https:\/\/linmot.com\/fr\/","logo":{"@type":"ImageObject","inLanguage":"fr-FR","@id":"https:\/\/linmot.com\/fr\/#\/schema\/logo\/image\/","url":"https:\/\/linmot.com\/fr\/wp-content\/uploads\/sites\/3\/2022\/05\/linmot-social-share-logo.jpg","contentUrl":"https:\/\/linmot.com\/fr\/wp-content\/uploads\/sites\/3\/2022\/05\/linmot-social-share-logo.jpg","width":800,"height":500,"caption":"NTI AG - LinMot & MagSpring"},"image":{"@id":"https:\/\/linmot.com\/fr\/#\/schema\/logo\/image\/"},"sameAs":["https:\/\/www.linkedin.com\/company\/nti-ag-linmot-magspring","https:\/\/www.youtube.com\/user\/LinMotEurope"]}]}},"_links":{"self":[{"href":"https:\/\/linmot.com\/fr\/wp-json\/wp\/v2\/pages\/3045","targetHints":{"allow":["GET"]}}],"collection":[{"href":"https:\/\/linmot.com\/fr\/wp-json\/wp\/v2\/pages"}],"about":[{"href":"https:\/\/linmot.com\/fr\/wp-json\/wp\/v2\/types\/page"}],"author":[{"embeddable":true,"href":"https:\/\/linmot.com\/fr\/wp-json\/wp\/v2\/users\/9"}],"replies":[{"embeddable":true,"href":"https:\/\/linmot.com\/fr\/wp-json\/wp\/v2\/comments?post=3045"}],"version-history":[{"count":7,"href":"https:\/\/linmot.com\/fr\/wp-json\/wp\/v2\/pages\/3045\/revisions"}],"predecessor-version":[{"id":3382,"href":"https:\/\/linmot.com\/fr\/wp-json\/wp\/v2\/pages\/3045\/revisions\/3382"}],"up":[{"embeddable":true,"href":"https:\/\/linmot.com\/fr\/wp-json\/wp\/v2\/pages\/46"}],"wp:attachment":[{"href":"https:\/\/linmot.com\/fr\/wp-json\/wp\/v2\/media?parent=3045"}],"curies":[{"name":"wp","href":"https:\/\/api.w.org\/{rel}","templated":true}]}}