{"id":30,"date":"2017-10-20T23:31:35","date_gmt":"2017-10-20T21:31:35","guid":{"rendered":"https:\/\/linmot.com\/?page_id=30"},"modified":"2024-02-12T08:59:23","modified_gmt":"2024-02-12T07:59:23","slug":"medias","status":"publish","type":"page","link":"https:\/\/linmot.com\/fr\/profil-de-lentreprise\/medias\/","title":{"rendered":"M\u00e9dias"},"content":{"rendered":"<div class=\"row\">\n<div class=\"col-md-4\">\n<h4 class=\"download-title\">Logotypes LinMot<\/h4>\n<p class=\"bodytext\">Logotypes LinMot dans diff\u00e9rents formats<\/p>\n<\/div>\n<div class=\"col-md-8 download\">\n<div class=\"row\">\n<div class=\"col-md-3\">\n<div class=\"download-box\"><a href=\"\/fileadmin\/\/user_upload\/company\/Media\/linmot_logo.png\"><span class=\"name\">PNG<\/span><span class=\"size\">4.10 KB<\/span><\/a><\/div>\n<\/div>\n<div class=\"col-md-3\">\n<div class=\"download-box\"><a href=\"\/fileadmin\/\/user_upload\/company\/Media\/Linmot_Logo.pdf\"><span class=\"name\">PDF<\/span><span class=\"size\">80.55 KB<\/span><\/a><\/div>\n<\/div>\n<div class=\"col-md-3\">\n<div class=\"download-box\"><a href=\"\/fileadmin\/\/user_upload\/company\/Media\/Linmot_Logo.eps\"><span class=\"name\">EPS<\/span><span class=\"size\">353.16 KB<\/span><\/a><\/div>\n<\/div>\n<div class=\"col-md-3\">\n<div class=\"download-box\"><a href=\"\/fileadmin\/\/user_upload\/company\/Media\/Linmot_Logo.jpg\"><span class=\"name\">JPG<\/span><span class=\"size\">85.03 KB <\/span><\/a><\/div>\n<\/div>\n<\/div>\n<\/div>\n<\/div>\n","protected":false},"excerpt":{"rendered":"<p>Logotypes LinMot Logotypes LinMot dans diff\u00e9rents formats PNG4.10 KB PDF80.55 KB EPS353.16 KB JPG85.03 KB<\/p>\n","protected":false},"author":1,"featured_media":0,"parent":1209,"menu_order":102,"comment_status":"closed","ping_status":"closed","template":"","meta":{"_acf_changed":false,"footnotes":""},"class_list":["post-30","page","type-page","status-publish","hentry"],"acf":[],"yoast_head":"<!-- This site is optimized with the Yoast SEO Premium plugin v20.9 (Yoast SEO v27.4) - https:\/\/yoast.com\/product\/yoast-seo-premium-wordpress\/ -->\n<title>Media - T\u00e9l\u00e9chargement des rapports d&#039;application | LinMot<\/title>\n<meta name=\"description\" content=\"Qu&#039;il s&#039;agisse de dossiers de presse, de logos LinMot ou de rapports d&#039;application pour les moteurs. Sous la rubrique M\u00e9dias, vous trouverez toutes les donn\u00e9es \u00e0 t\u00e9l\u00e9charger.\" \/>\n<meta name=\"robots\" content=\"index, follow, max-snippet:-1, max-image-preview:large, max-video-preview:-1\" \/>\n<link rel=\"canonical\" href=\"https:\/\/linmot.com\/fr\/profil-de-lentreprise\/medias\/\" \/>\n<meta property=\"og:locale\" content=\"fr_FR\" \/>\n<meta property=\"og:type\" content=\"article\" \/>\n<meta property=\"og:title\" content=\"M\u00e9dias\" \/>\n<meta property=\"og:description\" content=\"Qu&#039;il s&#039;agisse de dossiers de presse, de logos LinMot ou de rapports d&#039;application pour les moteurs. Sous la rubrique M\u00e9dias, vous trouverez toutes les donn\u00e9es \u00e0 t\u00e9l\u00e9charger.\" \/>\n<meta property=\"og:url\" content=\"https:\/\/linmot.com\/fr\/profil-de-lentreprise\/medias\/\" \/>\n<meta property=\"og:site_name\" content=\"LinMot &amp; MagSpring - Fran\u00e7ais\" \/>\n<meta property=\"article:modified_time\" content=\"2024-02-12T07:59:23+00:00\" \/>\n<meta property=\"og:image\" content=\"https:\/\/linmot.com\/fr\/wp-content\/uploads\/sites\/3\/2022\/05\/linmot-social-share-logo.jpg\" \/>\n\t<meta property=\"og:image:width\" content=\"800\" \/>\n\t<meta property=\"og:image:height\" content=\"500\" \/>\n\t<meta property=\"og:image:type\" content=\"image\/jpeg\" \/>\n<meta name=\"twitter:card\" content=\"summary_large_image\" \/>\n<meta name=\"twitter:description\" content=\"Qu&#039;il s&#039;agisse de dossiers de presse, de logos LinMot ou de rapports d&#039;application pour les moteurs. Sous la rubrique M\u00e9dias, vous trouverez toutes les donn\u00e9es \u00e0 t\u00e9l\u00e9charger.\" \/>\n<meta name=\"twitter:label1\" content=\"Dur\u00e9e de lecture estim\u00e9e\" \/>\n\t<meta name=\"twitter:data1\" content=\"1 minute\" \/>\n<script type=\"application\/ld+json\" class=\"yoast-schema-graph\">{\"@context\":\"https:\\\/\\\/schema.org\",\"@graph\":[{\"@type\":\"WebPage\",\"@id\":\"https:\\\/\\\/linmot.com\\\/fr\\\/profil-de-lentreprise\\\/medias\\\/\",\"url\":\"https:\\\/\\\/linmot.com\\\/fr\\\/profil-de-lentreprise\\\/medias\\\/\",\"name\":\"Media - T\u00e9l\u00e9chargement des rapports d'application | LinMot\",\"isPartOf\":{\"@id\":\"https:\\\/\\\/linmot.com\\\/fr\\\/#website\"},\"datePublished\":\"2017-10-20T21:31:35+00:00\",\"dateModified\":\"2024-02-12T07:59:23+00:00\",\"description\":\"Qu'il s'agisse de dossiers de presse, de logos LinMot ou de rapports d'application pour les moteurs. Sous la rubrique M\u00e9dias, vous trouverez toutes les donn\u00e9es \u00e0 t\u00e9l\u00e9charger.\",\"breadcrumb\":{\"@id\":\"https:\\\/\\\/linmot.com\\\/fr\\\/profil-de-lentreprise\\\/medias\\\/#breadcrumb\"},\"inLanguage\":\"fr-FR\",\"potentialAction\":[{\"@type\":\"ReadAction\",\"target\":[\"https:\\\/\\\/linmot.com\\\/fr\\\/profil-de-lentreprise\\\/medias\\\/\"]}]},{\"@type\":\"BreadcrumbList\",\"@id\":\"https:\\\/\\\/linmot.com\\\/fr\\\/profil-de-lentreprise\\\/medias\\\/#breadcrumb\",\"itemListElement\":[{\"@type\":\"ListItem\",\"position\":1,\"name\":\"Home\",\"item\":\"https:\\\/\\\/linmot.com\\\/fr\\\/\"},{\"@type\":\"ListItem\",\"position\":2,\"name\":\"Profil de l&rsquo;entreprise NTI AG\",\"item\":\"https:\\\/\\\/linmot.com\\\/fr\\\/profil-de-lentreprise\\\/\"},{\"@type\":\"ListItem\",\"position\":3,\"name\":\"M\u00e9dias\"}]},{\"@type\":\"WebSite\",\"@id\":\"https:\\\/\\\/linmot.com\\\/fr\\\/#website\",\"url\":\"https:\\\/\\\/linmot.com\\\/fr\\\/\",\"name\":\"LinMot &amp; MagSpring - Fran\u00e7ais\",\"description\":\"Moteurs lin\u00e9aires et des syst\u00e8mes de moteurs lin\u00e9aires de haute qualit\u00e9\",\"publisher\":{\"@id\":\"https:\\\/\\\/linmot.com\\\/fr\\\/#organization\"},\"potentialAction\":[{\"@type\":\"SearchAction\",\"target\":{\"@type\":\"EntryPoint\",\"urlTemplate\":\"https:\\\/\\\/linmot.com\\\/fr\\\/?s={search_term_string}\"},\"query-input\":{\"@type\":\"PropertyValueSpecification\",\"valueRequired\":true,\"valueName\":\"search_term_string\"}}],\"inLanguage\":\"fr-FR\"},{\"@type\":\"Organization\",\"@id\":\"https:\\\/\\\/linmot.com\\\/fr\\\/#organization\",\"name\":\"NTI AG - LinMot & MagSpring\",\"url\":\"https:\\\/\\\/linmot.com\\\/fr\\\/\",\"logo\":{\"@type\":\"ImageObject\",\"inLanguage\":\"fr-FR\",\"@id\":\"https:\\\/\\\/linmot.com\\\/fr\\\/#\\\/schema\\\/logo\\\/image\\\/\",\"url\":\"https:\\\/\\\/linmot.com\\\/fr\\\/wp-content\\\/uploads\\\/sites\\\/3\\\/2022\\\/05\\\/linmot-social-share-logo.jpg\",\"contentUrl\":\"https:\\\/\\\/linmot.com\\\/fr\\\/wp-content\\\/uploads\\\/sites\\\/3\\\/2022\\\/05\\\/linmot-social-share-logo.jpg\",\"width\":800,\"height\":500,\"caption\":\"NTI AG - LinMot & MagSpring\"},\"image\":{\"@id\":\"https:\\\/\\\/linmot.com\\\/fr\\\/#\\\/schema\\\/logo\\\/image\\\/\"},\"sameAs\":[\"https:\\\/\\\/www.linkedin.com\\\/company\\\/nti-ag-linmot-magspring\",\"https:\\\/\\\/www.youtube.com\\\/user\\\/LinMotEurope\"]}]}<\/script>\n<!-- \/ Yoast SEO Premium plugin. -->","yoast_head_json":{"title":"Media - T\u00e9l\u00e9chargement des rapports d'application | LinMot","description":"Qu'il s'agisse de dossiers de presse, de logos LinMot ou de rapports d'application pour les moteurs. Sous la rubrique M\u00e9dias, vous trouverez toutes les donn\u00e9es \u00e0 t\u00e9l\u00e9charger.","robots":{"index":"index","follow":"follow","max-snippet":"max-snippet:-1","max-image-preview":"max-image-preview:large","max-video-preview":"max-video-preview:-1"},"canonical":"https:\/\/linmot.com\/fr\/profil-de-lentreprise\/medias\/","og_locale":"fr_FR","og_type":"article","og_title":"M\u00e9dias","og_description":"Qu'il s'agisse de dossiers de presse, de logos LinMot ou de rapports d'application pour les moteurs. Sous la rubrique M\u00e9dias, vous trouverez toutes les donn\u00e9es \u00e0 t\u00e9l\u00e9charger.","og_url":"https:\/\/linmot.com\/fr\/profil-de-lentreprise\/medias\/","og_site_name":"LinMot &amp; MagSpring - Fran\u00e7ais","article_modified_time":"2024-02-12T07:59:23+00:00","og_image":[{"width":800,"height":500,"url":"https:\/\/linmot.com\/fr\/wp-content\/uploads\/sites\/3\/2022\/05\/linmot-social-share-logo.jpg","type":"image\/jpeg"}],"twitter_card":"summary_large_image","twitter_description":"Qu'il s'agisse de dossiers de presse, de logos LinMot ou de rapports d'application pour les moteurs. Sous la rubrique M\u00e9dias, vous trouverez toutes les donn\u00e9es \u00e0 t\u00e9l\u00e9charger.","twitter_misc":{"Dur\u00e9e de lecture estim\u00e9e":"1 minute"},"schema":{"@context":"https:\/\/schema.org","@graph":[{"@type":"WebPage","@id":"https:\/\/linmot.com\/fr\/profil-de-lentreprise\/medias\/","url":"https:\/\/linmot.com\/fr\/profil-de-lentreprise\/medias\/","name":"Media - T\u00e9l\u00e9chargement des rapports d'application | LinMot","isPartOf":{"@id":"https:\/\/linmot.com\/fr\/#website"},"datePublished":"2017-10-20T21:31:35+00:00","dateModified":"2024-02-12T07:59:23+00:00","description":"Qu'il s'agisse de dossiers de presse, de logos LinMot ou de rapports d'application pour les moteurs. Sous la rubrique M\u00e9dias, vous trouverez toutes les donn\u00e9es \u00e0 t\u00e9l\u00e9charger.","breadcrumb":{"@id":"https:\/\/linmot.com\/fr\/profil-de-lentreprise\/medias\/#breadcrumb"},"inLanguage":"fr-FR","potentialAction":[{"@type":"ReadAction","target":["https:\/\/linmot.com\/fr\/profil-de-lentreprise\/medias\/"]}]},{"@type":"BreadcrumbList","@id":"https:\/\/linmot.com\/fr\/profil-de-lentreprise\/medias\/#breadcrumb","itemListElement":[{"@type":"ListItem","position":1,"name":"Home","item":"https:\/\/linmot.com\/fr\/"},{"@type":"ListItem","position":2,"name":"Profil de l&rsquo;entreprise NTI AG","item":"https:\/\/linmot.com\/fr\/profil-de-lentreprise\/"},{"@type":"ListItem","position":3,"name":"M\u00e9dias"}]},{"@type":"WebSite","@id":"https:\/\/linmot.com\/fr\/#website","url":"https:\/\/linmot.com\/fr\/","name":"LinMot &amp; MagSpring - Fran\u00e7ais","description":"Moteurs lin\u00e9aires et des syst\u00e8mes de moteurs lin\u00e9aires de haute qualit\u00e9","publisher":{"@id":"https:\/\/linmot.com\/fr\/#organization"},"potentialAction":[{"@type":"SearchAction","target":{"@type":"EntryPoint","urlTemplate":"https:\/\/linmot.com\/fr\/?s={search_term_string}"},"query-input":{"@type":"PropertyValueSpecification","valueRequired":true,"valueName":"search_term_string"}}],"inLanguage":"fr-FR"},{"@type":"Organization","@id":"https:\/\/linmot.com\/fr\/#organization","name":"NTI AG - LinMot & MagSpring","url":"https:\/\/linmot.com\/fr\/","logo":{"@type":"ImageObject","inLanguage":"fr-FR","@id":"https:\/\/linmot.com\/fr\/#\/schema\/logo\/image\/","url":"https:\/\/linmot.com\/fr\/wp-content\/uploads\/sites\/3\/2022\/05\/linmot-social-share-logo.jpg","contentUrl":"https:\/\/linmot.com\/fr\/wp-content\/uploads\/sites\/3\/2022\/05\/linmot-social-share-logo.jpg","width":800,"height":500,"caption":"NTI AG - LinMot & MagSpring"},"image":{"@id":"https:\/\/linmot.com\/fr\/#\/schema\/logo\/image\/"},"sameAs":["https:\/\/www.linkedin.com\/company\/nti-ag-linmot-magspring","https:\/\/www.youtube.com\/user\/LinMotEurope"]}]}},"_links":{"self":[{"href":"https:\/\/linmot.com\/fr\/wp-json\/wp\/v2\/pages\/30","targetHints":{"allow":["GET"]}}],"collection":[{"href":"https:\/\/linmot.com\/fr\/wp-json\/wp\/v2\/pages"}],"about":[{"href":"https:\/\/linmot.com\/fr\/wp-json\/wp\/v2\/types\/page"}],"author":[{"embeddable":true,"href":"https:\/\/linmot.com\/fr\/wp-json\/wp\/v2\/users\/1"}],"replies":[{"embeddable":true,"href":"https:\/\/linmot.com\/fr\/wp-json\/wp\/v2\/comments?post=30"}],"version-history":[{"count":10,"href":"https:\/\/linmot.com\/fr\/wp-json\/wp\/v2\/pages\/30\/revisions"}],"predecessor-version":[{"id":3169,"href":"https:\/\/linmot.com\/fr\/wp-json\/wp\/v2\/pages\/30\/revisions\/3169"}],"up":[{"embeddable":true,"href":"https:\/\/linmot.com\/fr\/wp-json\/wp\/v2\/pages\/1209"}],"wp:attachment":[{"href":"https:\/\/linmot.com\/fr\/wp-json\/wp\/v2\/media?parent=30"}],"curies":[{"name":"wp","href":"https:\/\/api.w.org\/{rel}","templated":true}]}}