{"id":28,"date":"2017-10-20T23:31:26","date_gmt":"2017-10-20T21:31:26","guid":{"rendered":"https:\/\/linmot.com\/?page_id=28"},"modified":"2023-05-15T15:25:15","modified_gmt":"2023-05-15T13:25:15","slug":"partenaires","status":"publish","type":"page","link":"https:\/\/linmot.com\/fr\/profil-de-lentreprise\/partenaires\/","title":{"rendered":"Partenaires"},"content":{"rendered":"<p>LinMot poss\u00e8de un panel de partenaires pouvant r\u00e9aliser l\u2019int\u00e9gration du mat\u00e9riel et la mise en \u0153uvre logicielle.<\/p>\n<p>Les partenaires et int\u00e9grateurs de syst\u00e8mes LinMot ont une grande exp\u00e9rience des produits et de la mise en \u0153uvre des solutions d\u2019automatisation complexe, dans le domaine des variateurs et moteurs LinMot. Les int\u00e9grateurs de software assistent les bureaux d\u2019\u00e9tudes des fabricants de machines dans la mise en \u0153uvre de l\u2019automatisation, la mise en service et la maintenance \u00e0 long terme. Les int\u00e9grateurs du mat\u00e9riel LinMot offrent une large gamme de modules et solutions compl\u00e8tes comme des syst\u00e8mes de prise et d\u00e9pose, des portiques ou des manipulateurs.<\/p>\n<p>Ask your LinMot local contact person for a partner and you will benefit from these services and products immediately.<\/p>\n<p><a href=\"https:\/\/linmot.com\/fr\/contact\/\">Consultez votre partenaire local LinMot<\/a> pour b\u00e9n\u00e9ficier de son exp\u00e9rience et de son savoir-faire rapidement.<\/p>\n","protected":false},"excerpt":{"rendered":"<p>LinMot poss\u00e8de un panel de partenaires pouvant r\u00e9aliser l\u2019int\u00e9gration du mat\u00e9riel et la mise en \u0153uvre logicielle. Les partenaires et int\u00e9grateurs de syst\u00e8mes LinMot ont une grande exp\u00e9rience des produits et de la mise en \u0153uvre des solutions d\u2019automatisation complexe, dans le domaine des variateurs et moteurs LinMot. Les int\u00e9grateurs de software assistent les bureaux [&hellip;]<\/p>\n","protected":false},"author":1,"featured_media":0,"parent":1209,"menu_order":114,"comment_status":"closed","ping_status":"closed","template":"","meta":{"_acf_changed":false,"footnotes":""},"class_list":["post-28","page","type-page","status-publish","hentry"],"acf":[],"yoast_head":"<!-- This site is optimized with the Yoast SEO Premium plugin v20.9 (Yoast SEO v27.3) - https:\/\/yoast.com\/product\/yoast-seo-premium-wordpress\/ -->\n<title>Partenaires - Un r\u00e9seau mondial d&#039;experts | LinMot<\/title>\n<meta name=\"description\" content=\"LinMot dispose d&#039;un grand nombre de partenaires et d&#039;int\u00e9grateurs de syst\u00e8mes pour l&#039;installation du mat\u00e9riel et la mise en \u0153uvre des logiciels.\" \/>\n<meta name=\"robots\" content=\"index, follow, max-snippet:-1, max-image-preview:large, max-video-preview:-1\" \/>\n<link rel=\"canonical\" href=\"https:\/\/linmot.com\/fr\/profil-de-lentreprise\/partenaires\/\" \/>\n<meta property=\"og:locale\" content=\"fr_FR\" \/>\n<meta property=\"og:type\" content=\"article\" \/>\n<meta property=\"og:title\" content=\"Partenaires - Un r\u00e9seau mondial d&#039;experts | LinMot\" \/>\n<meta property=\"og:description\" content=\"LinMot dispose d&#039;un grand nombre de partenaires et d&#039;int\u00e9grateurs de syst\u00e8mes pour l&#039;installation du mat\u00e9riel et la mise en \u0153uvre des logiciels.\" \/>\n<meta property=\"og:url\" content=\"https:\/\/linmot.com\/fr\/profil-de-lentreprise\/partenaires\/\" \/>\n<meta property=\"og:site_name\" content=\"LinMot &amp; MagSpring - Fran\u00e7ais\" \/>\n<meta property=\"article:modified_time\" content=\"2023-05-15T13:25:15+00:00\" \/>\n<meta property=\"og:image\" content=\"https:\/\/linmot.com\/fr\/wp-content\/uploads\/sites\/3\/2022\/05\/linmot-social-share-logo.jpg\" \/>\n\t<meta property=\"og:image:width\" content=\"800\" \/>\n\t<meta property=\"og:image:height\" content=\"500\" \/>\n\t<meta property=\"og:image:type\" content=\"image\/jpeg\" \/>\n<meta name=\"twitter:card\" content=\"summary_large_image\" \/>\n<meta name=\"twitter:title\" content=\"Partenaires - Un r\u00e9seau mondial d&#039;experts | LinMot\" \/>\n<meta name=\"twitter:description\" content=\"LinMot dispose d&#039;un grand nombre de partenaires et d&#039;int\u00e9grateurs de syst\u00e8mes pour l&#039;installation du mat\u00e9riel et la mise en \u0153uvre des logiciels.\" \/>\n<meta name=\"twitter:label1\" content=\"Dur\u00e9e de lecture estim\u00e9e\" \/>\n\t<meta name=\"twitter:data1\" content=\"1 minute\" \/>\n<script type=\"application\/ld+json\" class=\"yoast-schema-graph\">{\"@context\":\"https:\\\/\\\/schema.org\",\"@graph\":[{\"@type\":\"WebPage\",\"@id\":\"https:\\\/\\\/linmot.com\\\/fr\\\/profil-de-lentreprise\\\/partenaires\\\/\",\"url\":\"https:\\\/\\\/linmot.com\\\/fr\\\/profil-de-lentreprise\\\/partenaires\\\/\",\"name\":\"Partenaires - Un r\u00e9seau mondial d'experts | LinMot\",\"isPartOf\":{\"@id\":\"https:\\\/\\\/linmot.com\\\/fr\\\/#website\"},\"datePublished\":\"2017-10-20T21:31:26+00:00\",\"dateModified\":\"2023-05-15T13:25:15+00:00\",\"description\":\"LinMot dispose d'un grand nombre de partenaires et d'int\u00e9grateurs de syst\u00e8mes pour l'installation du mat\u00e9riel et la mise en \u0153uvre des logiciels.\",\"breadcrumb\":{\"@id\":\"https:\\\/\\\/linmot.com\\\/fr\\\/profil-de-lentreprise\\\/partenaires\\\/#breadcrumb\"},\"inLanguage\":\"fr-FR\",\"potentialAction\":[{\"@type\":\"ReadAction\",\"target\":[\"https:\\\/\\\/linmot.com\\\/fr\\\/profil-de-lentreprise\\\/partenaires\\\/\"]}]},{\"@type\":\"BreadcrumbList\",\"@id\":\"https:\\\/\\\/linmot.com\\\/fr\\\/profil-de-lentreprise\\\/partenaires\\\/#breadcrumb\",\"itemListElement\":[{\"@type\":\"ListItem\",\"position\":1,\"name\":\"Home\",\"item\":\"https:\\\/\\\/linmot.com\\\/fr\\\/\"},{\"@type\":\"ListItem\",\"position\":2,\"name\":\"Profil de l&rsquo;entreprise NTI AG\",\"item\":\"https:\\\/\\\/linmot.com\\\/fr\\\/profil-de-lentreprise\\\/\"},{\"@type\":\"ListItem\",\"position\":3,\"name\":\"Partenaires\"}]},{\"@type\":\"WebSite\",\"@id\":\"https:\\\/\\\/linmot.com\\\/fr\\\/#website\",\"url\":\"https:\\\/\\\/linmot.com\\\/fr\\\/\",\"name\":\"LinMot &amp; MagSpring - Fran\u00e7ais\",\"description\":\"Moteurs lin\u00e9aires et des syst\u00e8mes de moteurs lin\u00e9aires de haute qualit\u00e9\",\"publisher\":{\"@id\":\"https:\\\/\\\/linmot.com\\\/fr\\\/#organization\"},\"potentialAction\":[{\"@type\":\"SearchAction\",\"target\":{\"@type\":\"EntryPoint\",\"urlTemplate\":\"https:\\\/\\\/linmot.com\\\/fr\\\/?s={search_term_string}\"},\"query-input\":{\"@type\":\"PropertyValueSpecification\",\"valueRequired\":true,\"valueName\":\"search_term_string\"}}],\"inLanguage\":\"fr-FR\"},{\"@type\":\"Organization\",\"@id\":\"https:\\\/\\\/linmot.com\\\/fr\\\/#organization\",\"name\":\"NTI AG - LinMot & MagSpring\",\"url\":\"https:\\\/\\\/linmot.com\\\/fr\\\/\",\"logo\":{\"@type\":\"ImageObject\",\"inLanguage\":\"fr-FR\",\"@id\":\"https:\\\/\\\/linmot.com\\\/fr\\\/#\\\/schema\\\/logo\\\/image\\\/\",\"url\":\"https:\\\/\\\/linmot.com\\\/fr\\\/wp-content\\\/uploads\\\/sites\\\/3\\\/2022\\\/05\\\/linmot-social-share-logo.jpg\",\"contentUrl\":\"https:\\\/\\\/linmot.com\\\/fr\\\/wp-content\\\/uploads\\\/sites\\\/3\\\/2022\\\/05\\\/linmot-social-share-logo.jpg\",\"width\":800,\"height\":500,\"caption\":\"NTI AG - LinMot & MagSpring\"},\"image\":{\"@id\":\"https:\\\/\\\/linmot.com\\\/fr\\\/#\\\/schema\\\/logo\\\/image\\\/\"},\"sameAs\":[\"https:\\\/\\\/www.linkedin.com\\\/company\\\/nti-ag-linmot-magspring\",\"https:\\\/\\\/www.youtube.com\\\/user\\\/LinMotEurope\"]}]}<\/script>\n<!-- \/ Yoast SEO Premium plugin. -->","yoast_head_json":{"title":"Partenaires - Un r\u00e9seau mondial d'experts | LinMot","description":"LinMot dispose d'un grand nombre de partenaires et d'int\u00e9grateurs de syst\u00e8mes pour l'installation du mat\u00e9riel et la mise en \u0153uvre des logiciels.","robots":{"index":"index","follow":"follow","max-snippet":"max-snippet:-1","max-image-preview":"max-image-preview:large","max-video-preview":"max-video-preview:-1"},"canonical":"https:\/\/linmot.com\/fr\/profil-de-lentreprise\/partenaires\/","og_locale":"fr_FR","og_type":"article","og_title":"Partenaires - Un r\u00e9seau mondial d'experts | LinMot","og_description":"LinMot dispose d'un grand nombre de partenaires et d'int\u00e9grateurs de syst\u00e8mes pour l'installation du mat\u00e9riel et la mise en \u0153uvre des logiciels.","og_url":"https:\/\/linmot.com\/fr\/profil-de-lentreprise\/partenaires\/","og_site_name":"LinMot &amp; MagSpring - Fran\u00e7ais","article_modified_time":"2023-05-15T13:25:15+00:00","og_image":[{"width":800,"height":500,"url":"https:\/\/linmot.com\/fr\/wp-content\/uploads\/sites\/3\/2022\/05\/linmot-social-share-logo.jpg","type":"image\/jpeg"}],"twitter_card":"summary_large_image","twitter_title":"Partenaires - Un r\u00e9seau mondial d'experts | LinMot","twitter_description":"LinMot dispose d'un grand nombre de partenaires et d'int\u00e9grateurs de syst\u00e8mes pour l'installation du mat\u00e9riel et la mise en \u0153uvre des logiciels.","twitter_misc":{"Dur\u00e9e de lecture estim\u00e9e":"1 minute"},"schema":{"@context":"https:\/\/schema.org","@graph":[{"@type":"WebPage","@id":"https:\/\/linmot.com\/fr\/profil-de-lentreprise\/partenaires\/","url":"https:\/\/linmot.com\/fr\/profil-de-lentreprise\/partenaires\/","name":"Partenaires - Un r\u00e9seau mondial d'experts | LinMot","isPartOf":{"@id":"https:\/\/linmot.com\/fr\/#website"},"datePublished":"2017-10-20T21:31:26+00:00","dateModified":"2023-05-15T13:25:15+00:00","description":"LinMot dispose d'un grand nombre de partenaires et d'int\u00e9grateurs de syst\u00e8mes pour l'installation du mat\u00e9riel et la mise en \u0153uvre des logiciels.","breadcrumb":{"@id":"https:\/\/linmot.com\/fr\/profil-de-lentreprise\/partenaires\/#breadcrumb"},"inLanguage":"fr-FR","potentialAction":[{"@type":"ReadAction","target":["https:\/\/linmot.com\/fr\/profil-de-lentreprise\/partenaires\/"]}]},{"@type":"BreadcrumbList","@id":"https:\/\/linmot.com\/fr\/profil-de-lentreprise\/partenaires\/#breadcrumb","itemListElement":[{"@type":"ListItem","position":1,"name":"Home","item":"https:\/\/linmot.com\/fr\/"},{"@type":"ListItem","position":2,"name":"Profil de l&rsquo;entreprise NTI AG","item":"https:\/\/linmot.com\/fr\/profil-de-lentreprise\/"},{"@type":"ListItem","position":3,"name":"Partenaires"}]},{"@type":"WebSite","@id":"https:\/\/linmot.com\/fr\/#website","url":"https:\/\/linmot.com\/fr\/","name":"LinMot &amp; MagSpring - Fran\u00e7ais","description":"Moteurs lin\u00e9aires et des syst\u00e8mes de moteurs lin\u00e9aires de haute qualit\u00e9","publisher":{"@id":"https:\/\/linmot.com\/fr\/#organization"},"potentialAction":[{"@type":"SearchAction","target":{"@type":"EntryPoint","urlTemplate":"https:\/\/linmot.com\/fr\/?s={search_term_string}"},"query-input":{"@type":"PropertyValueSpecification","valueRequired":true,"valueName":"search_term_string"}}],"inLanguage":"fr-FR"},{"@type":"Organization","@id":"https:\/\/linmot.com\/fr\/#organization","name":"NTI AG - LinMot & MagSpring","url":"https:\/\/linmot.com\/fr\/","logo":{"@type":"ImageObject","inLanguage":"fr-FR","@id":"https:\/\/linmot.com\/fr\/#\/schema\/logo\/image\/","url":"https:\/\/linmot.com\/fr\/wp-content\/uploads\/sites\/3\/2022\/05\/linmot-social-share-logo.jpg","contentUrl":"https:\/\/linmot.com\/fr\/wp-content\/uploads\/sites\/3\/2022\/05\/linmot-social-share-logo.jpg","width":800,"height":500,"caption":"NTI AG - LinMot & MagSpring"},"image":{"@id":"https:\/\/linmot.com\/fr\/#\/schema\/logo\/image\/"},"sameAs":["https:\/\/www.linkedin.com\/company\/nti-ag-linmot-magspring","https:\/\/www.youtube.com\/user\/LinMotEurope"]}]}},"_links":{"self":[{"href":"https:\/\/linmot.com\/fr\/wp-json\/wp\/v2\/pages\/28","targetHints":{"allow":["GET"]}}],"collection":[{"href":"https:\/\/linmot.com\/fr\/wp-json\/wp\/v2\/pages"}],"about":[{"href":"https:\/\/linmot.com\/fr\/wp-json\/wp\/v2\/types\/page"}],"author":[{"embeddable":true,"href":"https:\/\/linmot.com\/fr\/wp-json\/wp\/v2\/users\/1"}],"replies":[{"embeddable":true,"href":"https:\/\/linmot.com\/fr\/wp-json\/wp\/v2\/comments?post=28"}],"version-history":[{"count":4,"href":"https:\/\/linmot.com\/fr\/wp-json\/wp\/v2\/pages\/28\/revisions"}],"predecessor-version":[{"id":2588,"href":"https:\/\/linmot.com\/fr\/wp-json\/wp\/v2\/pages\/28\/revisions\/2588"}],"up":[{"embeddable":true,"href":"https:\/\/linmot.com\/fr\/wp-json\/wp\/v2\/pages\/1209"}],"wp:attachment":[{"href":"https:\/\/linmot.com\/fr\/wp-json\/wp\/v2\/media?parent=28"}],"curies":[{"name":"wp","href":"https:\/\/api.w.org\/{rel}","templated":true}]}}