{"id":2668,"date":"2022-09-15T11:23:34","date_gmt":"2022-09-15T09:23:34","guid":{"rendered":"https:\/\/linmot.com\/fr\/?page_id=2668"},"modified":"2025-05-22T15:44:37","modified_gmt":"2025-05-22T13:44:37","slug":"mentions-legales","status":"publish","type":"page","link":"https:\/\/linmot.com\/fr\/profil-de-lentreprise\/mentions-legales\/","title":{"rendered":"Mentions l\u00e9gales"},"content":{"rendered":"<p><strong>NTI AG, LinMot &amp; MagSpring<\/strong><br \/>\nBodenaeckerstrasse 2<br \/>\n8957 Spreitenbach, Suisse<\/p>\n<p>+41 56 419 91 91<br \/>\noffice@linmot.com<\/p>\n<p>Personne habilit\u00e9e \u00e0 repr\u00e9senter la soci\u00e9t\u00e9:<br \/>\nRonald Rohner<\/p>\n<p>Inscription au registre du commerce:<br \/>\nNTI AG<br \/>\nNum\u00e9ro: CH-020.3.023.521-2<\/p>\n<p>Indication des sources des images et illustrations utilis\u00e9es:<br \/>\nLes images et illustrations utilis\u00e9es ont \u00e9t\u00e9 cr\u00e9\u00e9es par NTI SA ou achet\u00e9es via des bases de donn\u00e9es de photos telles qu&rsquo;Adobe Stock.<\/p>\n<hr \/>\n<h3>1. Exclusion de responsabilit\u00e9<\/h3>\n<p>L&rsquo;auteur n&rsquo;assume aucune garantie quant \u00e0 l&rsquo;exactitude, la pr\u00e9cision, l&rsquo;actualit\u00e9, la fiabilit\u00e9 et l&rsquo;exhaustivit\u00e9 du contenu des informations. L&rsquo;auteur ne saurait \u00eatre tenu pour responsable des dommages mat\u00e9riels ou immat\u00e9riels qui pourraient \u00eatre caus\u00e9s par l&rsquo;acc\u00e8s aux informations diffus\u00e9es ou par leur utilisation ou non-utilisation, par le mauvais usage de la connexion ou par des probl\u00e8mes techniques.<\/p>\n<p>Toutes les offres sont sans engagement. L&rsquo;auteur se r\u00e9serve express\u00e9ment le droit de modifier, de compl\u00e9ter ou de supprimer des parties de pages ou l&rsquo;ensemble de l&rsquo;offre sans avis pr\u00e9alable, ou d&rsquo;en suspendre temporairement ou d\u00e9finitivement la publication.<\/p>\n<hr \/>\n<h3>2. Responsabilit\u00e9 pour les liens<\/h3>\n<p>Les renvois et liens vers des sites web de tiers ne rel\u00e8vent pas de notre responsabilit\u00e9. Nous d\u00e9clinons toute responsabilit\u00e9 pour de tels sites web. L&rsquo;acc\u00e8s \u00e0 de tels sites et leur utilisation se font aux risques et p\u00e9rils de l&rsquo;utilisateur ou de l&rsquo;utilisatrice.<\/p>\n<hr \/>\n<h3>3. Droits d&rsquo;auteur<\/h3>\n<p>Les droits d&rsquo;auteur et tous les autres droits li\u00e9s aux contenus, images, photos ou autres fichiers pr\u00e9sents sur le site Internet appartiennent exclusivement \u00e0 NTI SA, \u00e0 l&rsquo;exploitant de ce site Internet ou aux titulaires de droits sp\u00e9cialement cit\u00e9s. Pour la reproduction de tout \u00e9l\u00e9ment, l&rsquo;accord \u00e9crit des d\u00e9tenteurs des droits d&rsquo;auteur doit \u00eatre obtenu au pr\u00e9alable.<\/p>\n<hr \/>\n<h3>4. Droit et juridiction<\/h3>\n<p>Seul le droit suisse est appliqu\u00e9. Le lieu de juridiction est Zurich.<\/p>\n<hr \/>\n<h3>5. D\u00e9claration de protection des donn\u00e9es<\/h3>\n<p>Vous pouvez consulter notre d\u00e9claration de protection des donn\u00e9es ici: <a href=\"\/privacy-policy-nti-ag-linmot-gmbh\/\">Vers la d\u00e9claration de protection des donn\u00e9es (en anglais)<\/a><\/p>\n","protected":false},"excerpt":{"rendered":"<p>NTI AG, LinMot &amp; MagSpring Bodenaeckerstrasse 2 8957 Spreitenbach, Suisse +41 56 419 91 91 office@linmot.com Personne habilit\u00e9e \u00e0 repr\u00e9senter la soci\u00e9t\u00e9: Ronald Rohner Inscription au registre du commerce: NTI AG Num\u00e9ro: CH-020.3.023.521-2 Indication des sources des images et illustrations utilis\u00e9es: Les images et illustrations utilis\u00e9es ont \u00e9t\u00e9 cr\u00e9\u00e9es par NTI SA ou achet\u00e9es via [&hellip;]<\/p>\n","protected":false},"author":9,"featured_media":0,"parent":1209,"menu_order":27,"comment_status":"closed","ping_status":"closed","template":"","meta":{"_acf_changed":false,"footnotes":""},"class_list":["post-2668","page","type-page","status-publish","hentry"],"acf":[],"yoast_head":"<!-- This site is optimized with the Yoast SEO Premium plugin v20.9 (Yoast SEO v27.4) - https:\/\/yoast.com\/product\/yoast-seo-premium-wordpress\/ -->\n<title>Mentions l\u00e9gales - LinMot &amp; MagSpring - Fran\u00e7ais<\/title>\n<meta name=\"robots\" content=\"noindex, follow\" \/>\n<meta property=\"og:locale\" content=\"fr_FR\" \/>\n<meta property=\"og:type\" content=\"article\" \/>\n<meta property=\"og:title\" content=\"Mentions l\u00e9gales\" \/>\n<meta property=\"og:description\" content=\"NTI AG, LinMot &amp; MagSpring Bodenaeckerstrasse 2 8957 Spreitenbach, Suisse +41 56 419 91 91 office@linmot.com Personne habilit\u00e9e \u00e0 repr\u00e9senter la soci\u00e9t\u00e9: Ronald Rohner Inscription au registre du commerce: NTI AG Num\u00e9ro: CH-020.3.023.521-2 Indication des sources des images et illustrations utilis\u00e9es: Les images et illustrations utilis\u00e9es ont \u00e9t\u00e9 cr\u00e9\u00e9es par NTI SA ou achet\u00e9es via [&hellip;]\" \/>\n<meta property=\"og:url\" content=\"https:\/\/linmot.com\/fr\/profil-de-lentreprise\/mentions-legales\/\" \/>\n<meta property=\"og:site_name\" content=\"LinMot &amp; MagSpring - Fran\u00e7ais\" \/>\n<meta property=\"article:modified_time\" content=\"2025-05-22T13:44:37+00:00\" \/>\n<meta property=\"og:image\" content=\"https:\/\/linmot.com\/fr\/wp-content\/uploads\/sites\/3\/2022\/05\/linmot-social-share-logo.jpg\" \/>\n\t<meta property=\"og:image:width\" content=\"800\" \/>\n\t<meta property=\"og:image:height\" content=\"500\" \/>\n\t<meta property=\"og:image:type\" content=\"image\/jpeg\" \/>\n<meta name=\"twitter:card\" content=\"summary_large_image\" \/>\n<meta name=\"twitter:label1\" content=\"Dur\u00e9e de lecture estim\u00e9e\" \/>\n\t<meta name=\"twitter:data1\" content=\"2 minutes\" \/>\n<script type=\"application\/ld+json\" class=\"yoast-schema-graph\">{\"@context\":\"https:\\\/\\\/schema.org\",\"@graph\":[{\"@type\":\"WebPage\",\"@id\":\"https:\\\/\\\/linmot.com\\\/fr\\\/profil-de-lentreprise\\\/mentions-legales\\\/\",\"url\":\"https:\\\/\\\/linmot.com\\\/fr\\\/profil-de-lentreprise\\\/mentions-legales\\\/\",\"name\":\"Mentions l\u00e9gales - LinMot &amp; MagSpring - Fran\u00e7ais\",\"isPartOf\":{\"@id\":\"https:\\\/\\\/linmot.com\\\/fr\\\/#website\"},\"datePublished\":\"2022-09-15T09:23:34+00:00\",\"dateModified\":\"2025-05-22T13:44:37+00:00\",\"breadcrumb\":{\"@id\":\"https:\\\/\\\/linmot.com\\\/fr\\\/profil-de-lentreprise\\\/mentions-legales\\\/#breadcrumb\"},\"inLanguage\":\"fr-FR\",\"potentialAction\":[{\"@type\":\"ReadAction\",\"target\":[\"https:\\\/\\\/linmot.com\\\/fr\\\/profil-de-lentreprise\\\/mentions-legales\\\/\"]}]},{\"@type\":\"BreadcrumbList\",\"@id\":\"https:\\\/\\\/linmot.com\\\/fr\\\/profil-de-lentreprise\\\/mentions-legales\\\/#breadcrumb\",\"itemListElement\":[{\"@type\":\"ListItem\",\"position\":1,\"name\":\"Home\",\"item\":\"https:\\\/\\\/linmot.com\\\/fr\\\/\"},{\"@type\":\"ListItem\",\"position\":2,\"name\":\"Profil de l&rsquo;entreprise NTI AG\",\"item\":\"https:\\\/\\\/linmot.com\\\/fr\\\/profil-de-lentreprise\\\/\"},{\"@type\":\"ListItem\",\"position\":3,\"name\":\"Mentions l\u00e9gales\"}]},{\"@type\":\"WebSite\",\"@id\":\"https:\\\/\\\/linmot.com\\\/fr\\\/#website\",\"url\":\"https:\\\/\\\/linmot.com\\\/fr\\\/\",\"name\":\"LinMot &amp; MagSpring - Fran\u00e7ais\",\"description\":\"Moteurs lin\u00e9aires et des syst\u00e8mes de moteurs lin\u00e9aires de haute qualit\u00e9\",\"publisher\":{\"@id\":\"https:\\\/\\\/linmot.com\\\/fr\\\/#organization\"},\"potentialAction\":[{\"@type\":\"SearchAction\",\"target\":{\"@type\":\"EntryPoint\",\"urlTemplate\":\"https:\\\/\\\/linmot.com\\\/fr\\\/?s={search_term_string}\"},\"query-input\":{\"@type\":\"PropertyValueSpecification\",\"valueRequired\":true,\"valueName\":\"search_term_string\"}}],\"inLanguage\":\"fr-FR\"},{\"@type\":\"Organization\",\"@id\":\"https:\\\/\\\/linmot.com\\\/fr\\\/#organization\",\"name\":\"NTI AG - LinMot & MagSpring\",\"url\":\"https:\\\/\\\/linmot.com\\\/fr\\\/\",\"logo\":{\"@type\":\"ImageObject\",\"inLanguage\":\"fr-FR\",\"@id\":\"https:\\\/\\\/linmot.com\\\/fr\\\/#\\\/schema\\\/logo\\\/image\\\/\",\"url\":\"https:\\\/\\\/linmot.com\\\/fr\\\/wp-content\\\/uploads\\\/sites\\\/3\\\/2022\\\/05\\\/linmot-social-share-logo.jpg\",\"contentUrl\":\"https:\\\/\\\/linmot.com\\\/fr\\\/wp-content\\\/uploads\\\/sites\\\/3\\\/2022\\\/05\\\/linmot-social-share-logo.jpg\",\"width\":800,\"height\":500,\"caption\":\"NTI AG - LinMot & MagSpring\"},\"image\":{\"@id\":\"https:\\\/\\\/linmot.com\\\/fr\\\/#\\\/schema\\\/logo\\\/image\\\/\"},\"sameAs\":[\"https:\\\/\\\/www.linkedin.com\\\/company\\\/nti-ag-linmot-magspring\",\"https:\\\/\\\/www.youtube.com\\\/user\\\/LinMotEurope\"]}]}<\/script>\n<!-- \/ Yoast SEO Premium plugin. -->","yoast_head_json":{"title":"Mentions l\u00e9gales - LinMot &amp; MagSpring - Fran\u00e7ais","robots":{"index":"noindex","follow":"follow"},"og_locale":"fr_FR","og_type":"article","og_title":"Mentions l\u00e9gales","og_description":"NTI AG, LinMot &amp; MagSpring Bodenaeckerstrasse 2 8957 Spreitenbach, Suisse +41 56 419 91 91 office@linmot.com Personne habilit\u00e9e \u00e0 repr\u00e9senter la soci\u00e9t\u00e9: Ronald Rohner Inscription au registre du commerce: NTI AG Num\u00e9ro: CH-020.3.023.521-2 Indication des sources des images et illustrations utilis\u00e9es: Les images et illustrations utilis\u00e9es ont \u00e9t\u00e9 cr\u00e9\u00e9es par NTI SA ou achet\u00e9es via [&hellip;]","og_url":"https:\/\/linmot.com\/fr\/profil-de-lentreprise\/mentions-legales\/","og_site_name":"LinMot &amp; MagSpring - Fran\u00e7ais","article_modified_time":"2025-05-22T13:44:37+00:00","og_image":[{"width":800,"height":500,"url":"https:\/\/linmot.com\/fr\/wp-content\/uploads\/sites\/3\/2022\/05\/linmot-social-share-logo.jpg","type":"image\/jpeg"}],"twitter_card":"summary_large_image","twitter_misc":{"Dur\u00e9e de lecture estim\u00e9e":"2 minutes"},"schema":{"@context":"https:\/\/schema.org","@graph":[{"@type":"WebPage","@id":"https:\/\/linmot.com\/fr\/profil-de-lentreprise\/mentions-legales\/","url":"https:\/\/linmot.com\/fr\/profil-de-lentreprise\/mentions-legales\/","name":"Mentions l\u00e9gales - LinMot &amp; MagSpring - Fran\u00e7ais","isPartOf":{"@id":"https:\/\/linmot.com\/fr\/#website"},"datePublished":"2022-09-15T09:23:34+00:00","dateModified":"2025-05-22T13:44:37+00:00","breadcrumb":{"@id":"https:\/\/linmot.com\/fr\/profil-de-lentreprise\/mentions-legales\/#breadcrumb"},"inLanguage":"fr-FR","potentialAction":[{"@type":"ReadAction","target":["https:\/\/linmot.com\/fr\/profil-de-lentreprise\/mentions-legales\/"]}]},{"@type":"BreadcrumbList","@id":"https:\/\/linmot.com\/fr\/profil-de-lentreprise\/mentions-legales\/#breadcrumb","itemListElement":[{"@type":"ListItem","position":1,"name":"Home","item":"https:\/\/linmot.com\/fr\/"},{"@type":"ListItem","position":2,"name":"Profil de l&rsquo;entreprise NTI AG","item":"https:\/\/linmot.com\/fr\/profil-de-lentreprise\/"},{"@type":"ListItem","position":3,"name":"Mentions l\u00e9gales"}]},{"@type":"WebSite","@id":"https:\/\/linmot.com\/fr\/#website","url":"https:\/\/linmot.com\/fr\/","name":"LinMot &amp; MagSpring - Fran\u00e7ais","description":"Moteurs lin\u00e9aires et des syst\u00e8mes de moteurs lin\u00e9aires de haute qualit\u00e9","publisher":{"@id":"https:\/\/linmot.com\/fr\/#organization"},"potentialAction":[{"@type":"SearchAction","target":{"@type":"EntryPoint","urlTemplate":"https:\/\/linmot.com\/fr\/?s={search_term_string}"},"query-input":{"@type":"PropertyValueSpecification","valueRequired":true,"valueName":"search_term_string"}}],"inLanguage":"fr-FR"},{"@type":"Organization","@id":"https:\/\/linmot.com\/fr\/#organization","name":"NTI AG - LinMot & MagSpring","url":"https:\/\/linmot.com\/fr\/","logo":{"@type":"ImageObject","inLanguage":"fr-FR","@id":"https:\/\/linmot.com\/fr\/#\/schema\/logo\/image\/","url":"https:\/\/linmot.com\/fr\/wp-content\/uploads\/sites\/3\/2022\/05\/linmot-social-share-logo.jpg","contentUrl":"https:\/\/linmot.com\/fr\/wp-content\/uploads\/sites\/3\/2022\/05\/linmot-social-share-logo.jpg","width":800,"height":500,"caption":"NTI AG - LinMot & MagSpring"},"image":{"@id":"https:\/\/linmot.com\/fr\/#\/schema\/logo\/image\/"},"sameAs":["https:\/\/www.linkedin.com\/company\/nti-ag-linmot-magspring","https:\/\/www.youtube.com\/user\/LinMotEurope"]}]}},"_links":{"self":[{"href":"https:\/\/linmot.com\/fr\/wp-json\/wp\/v2\/pages\/2668","targetHints":{"allow":["GET"]}}],"collection":[{"href":"https:\/\/linmot.com\/fr\/wp-json\/wp\/v2\/pages"}],"about":[{"href":"https:\/\/linmot.com\/fr\/wp-json\/wp\/v2\/types\/page"}],"author":[{"embeddable":true,"href":"https:\/\/linmot.com\/fr\/wp-json\/wp\/v2\/users\/9"}],"replies":[{"embeddable":true,"href":"https:\/\/linmot.com\/fr\/wp-json\/wp\/v2\/comments?post=2668"}],"version-history":[{"count":3,"href":"https:\/\/linmot.com\/fr\/wp-json\/wp\/v2\/pages\/2668\/revisions"}],"predecessor-version":[{"id":3787,"href":"https:\/\/linmot.com\/fr\/wp-json\/wp\/v2\/pages\/2668\/revisions\/3787"}],"up":[{"embeddable":true,"href":"https:\/\/linmot.com\/fr\/wp-json\/wp\/v2\/pages\/1209"}],"wp:attachment":[{"href":"https:\/\/linmot.com\/fr\/wp-json\/wp\/v2\/media?parent=2668"}],"curies":[{"name":"wp","href":"https:\/\/api.w.org\/{rel}","templated":true}]}}