{"id":261,"date":"2017-11-07T16:05:15","date_gmt":"2017-11-07T15:05:15","guid":{"rendered":"https:\/\/linmot.com\/?page_id=261"},"modified":"2025-10-08T16:04:41","modified_gmt":"2025-10-08T14:04:41","slug":"bibliotheque-du-plc","status":"publish","type":"page","link":"https:\/\/linmot.com\/fr\/support\/bibliotheque-du-plc\/","title":{"rendered":"Biblioth\u00e8que du PLC"},"content":{"rendered":"<p>Afin de r\u00e9aliser une int\u00e9gration simple des concepts de contr\u00f4le, LinMot fournit au client des blocs fonctionnels et des exemples de programmation complets.<\/p>\n<p>Ces blocs fonctionnels permettent une int\u00e9gration directe et rapide des variateurs LinMot.<\/p>\n<p><strong>T\u00e9l\u00e9charger la vue d&rsquo;ensemble des biblioth\u00e8ques PLC<\/strong><\/p>\n<p><a class=\"btn btn-active\" href=\"https:\/\/shop.linmot.com\/index.php?User%20manual%200185-1105%20(EN):&amp;page=productDetails&amp;productNo=0185-1105-E&amp;pageType=&amp;source=search&amp;language=E\" target=\"_blank\" rel=\"noopener noreferrer\">T\u00e9l\u00e9charger le PDF<\/a><\/p>\n<p><strong>T\u00e9l\u00e9charger le document de mise en service du PLC<\/strong><\/p>\n<p><a class=\"btn btn-active\" href=\"https:\/\/shop.linmot.com\/index.php?Application%20note%200185-1120%20(EN):&amp;page=productDetails&amp;productNo=0185-1120-E&amp;pageType=&amp;source=search&amp;language=E\" target=\"_blank\" rel=\"noopener noreferrer\">T\u00e9l\u00e9charger le PDF<\/a><\/p>\n<hr \/>\n<p>Veuillez contacter le support LinMot pour plus d&rsquo;informations et pour toute demande.<\/p>\n<p><strong>E-Mail:<\/strong> support@linmot.com<\/p>\n<p><strong>Phone:<\/strong> <a href=\"tel:+41565447100\">+41 56 544 71 00<\/a><\/p>\n","protected":false},"excerpt":{"rendered":"<p>Afin de r\u00e9aliser une int\u00e9gration simple des concepts de contr\u00f4le, LinMot fournit au client des blocs fonctionnels et des exemples de programmation complets. Ces blocs fonctionnels permettent une int\u00e9gration directe et rapide des variateurs LinMot. T\u00e9l\u00e9charger la vue d&rsquo;ensemble des biblioth\u00e8ques PLC T\u00e9l\u00e9charger le PDF T\u00e9l\u00e9charger le document de mise en service du PLC T\u00e9l\u00e9charger [&hellip;]<\/p>\n","protected":false},"author":1,"featured_media":0,"parent":251,"menu_order":116,"comment_status":"closed","ping_status":"closed","template":"","meta":{"_acf_changed":false,"footnotes":""},"class_list":["post-261","page","type-page","status-publish","hentry"],"acf":[],"yoast_head":"<!-- This site is optimized with the Yoast SEO Premium plugin v20.9 (Yoast SEO v27.4) - https:\/\/yoast.com\/product\/yoast-seo-premium-wordpress\/ -->\n<title>SPS Library - Tout pour l&#039;int\u00e9gration dans le syst\u00e8me de commande<\/title>\n<meta name=\"description\" content=\"LinMot fournit au client des blocs fonctionnels et des exemples de programmes pour l&#039;int\u00e9gration dans le syst\u00e8me de contr\u00f4le.\" \/>\n<meta name=\"robots\" content=\"index, follow, max-snippet:-1, max-image-preview:large, max-video-preview:-1\" \/>\n<link rel=\"canonical\" href=\"https:\/\/linmot.com\/fr\/support\/bibliotheque-du-plc\/\" \/>\n<meta property=\"og:locale\" content=\"fr_FR\" \/>\n<meta property=\"og:type\" content=\"article\" \/>\n<meta property=\"og:title\" content=\"SPS Library - Tout pour l&#039;int\u00e9gration dans le syst\u00e8me de commande\" \/>\n<meta property=\"og:description\" content=\"LinMot fournit au client des blocs fonctionnels et des exemples de programmes pour l&#039;int\u00e9gration dans le syst\u00e8me de contr\u00f4le.\" \/>\n<meta property=\"og:url\" content=\"https:\/\/linmot.com\/fr\/support\/bibliotheque-du-plc\/\" \/>\n<meta property=\"og:site_name\" content=\"LinMot &amp; MagSpring - Fran\u00e7ais\" \/>\n<meta property=\"article:modified_time\" content=\"2025-10-08T14:04:41+00:00\" \/>\n<meta property=\"og:image\" content=\"https:\/\/linmot.com\/fr\/wp-content\/uploads\/sites\/3\/2022\/05\/linmot-social-share-logo.jpg\" \/>\n\t<meta property=\"og:image:width\" content=\"800\" \/>\n\t<meta property=\"og:image:height\" content=\"500\" \/>\n\t<meta property=\"og:image:type\" content=\"image\/jpeg\" \/>\n<meta name=\"twitter:card\" content=\"summary_large_image\" \/>\n<meta name=\"twitter:title\" content=\"SPS Library - Tout pour l&#039;int\u00e9gration dans le syst\u00e8me de commande\" \/>\n<meta name=\"twitter:description\" content=\"LinMot fournit au client des blocs fonctionnels et des exemples de programmes pour l&#039;int\u00e9gration dans le syst\u00e8me de contr\u00f4le.\" \/>\n<meta name=\"twitter:image\" content=\"https:\/\/linmot.com\/fr\/wp-content\/uploads\/sites\/3\/2022\/05\/linmot-social-share-logo.jpg\" \/>\n<meta name=\"twitter:label1\" content=\"Dur\u00e9e de lecture estim\u00e9e\" \/>\n\t<meta name=\"twitter:data1\" content=\"1 minute\" \/>\n<script type=\"application\/ld+json\" class=\"yoast-schema-graph\">{\"@context\":\"https:\\\/\\\/schema.org\",\"@graph\":[{\"@type\":\"WebPage\",\"@id\":\"https:\\\/\\\/linmot.com\\\/fr\\\/support\\\/bibliotheque-du-plc\\\/\",\"url\":\"https:\\\/\\\/linmot.com\\\/fr\\\/support\\\/bibliotheque-du-plc\\\/\",\"name\":\"SPS Library - Tout pour l'int\u00e9gration dans le syst\u00e8me de commande\",\"isPartOf\":{\"@id\":\"https:\\\/\\\/linmot.com\\\/fr\\\/#website\"},\"datePublished\":\"2017-11-07T15:05:15+00:00\",\"dateModified\":\"2025-10-08T14:04:41+00:00\",\"description\":\"LinMot fournit au client des blocs fonctionnels et des exemples de programmes pour l'int\u00e9gration dans le syst\u00e8me de contr\u00f4le.\",\"breadcrumb\":{\"@id\":\"https:\\\/\\\/linmot.com\\\/fr\\\/support\\\/bibliotheque-du-plc\\\/#breadcrumb\"},\"inLanguage\":\"fr-FR\",\"potentialAction\":[{\"@type\":\"ReadAction\",\"target\":[\"https:\\\/\\\/linmot.com\\\/fr\\\/support\\\/bibliotheque-du-plc\\\/\"]}]},{\"@type\":\"BreadcrumbList\",\"@id\":\"https:\\\/\\\/linmot.com\\\/fr\\\/support\\\/bibliotheque-du-plc\\\/#breadcrumb\",\"itemListElement\":[{\"@type\":\"ListItem\",\"position\":1,\"name\":\"Home\",\"item\":\"https:\\\/\\\/linmot.com\\\/fr\\\/\"},{\"@type\":\"ListItem\",\"position\":2,\"name\":\"Support\",\"item\":\"https:\\\/\\\/linmot.com\\\/fr\\\/support\\\/\"},{\"@type\":\"ListItem\",\"position\":3,\"name\":\"Biblioth\u00e8que du PLC\"}]},{\"@type\":\"WebSite\",\"@id\":\"https:\\\/\\\/linmot.com\\\/fr\\\/#website\",\"url\":\"https:\\\/\\\/linmot.com\\\/fr\\\/\",\"name\":\"LinMot &amp; MagSpring - Fran\u00e7ais\",\"description\":\"Moteurs lin\u00e9aires et des syst\u00e8mes de moteurs lin\u00e9aires de haute qualit\u00e9\",\"publisher\":{\"@id\":\"https:\\\/\\\/linmot.com\\\/fr\\\/#organization\"},\"potentialAction\":[{\"@type\":\"SearchAction\",\"target\":{\"@type\":\"EntryPoint\",\"urlTemplate\":\"https:\\\/\\\/linmot.com\\\/fr\\\/?s={search_term_string}\"},\"query-input\":{\"@type\":\"PropertyValueSpecification\",\"valueRequired\":true,\"valueName\":\"search_term_string\"}}],\"inLanguage\":\"fr-FR\"},{\"@type\":\"Organization\",\"@id\":\"https:\\\/\\\/linmot.com\\\/fr\\\/#organization\",\"name\":\"NTI AG - LinMot & MagSpring\",\"url\":\"https:\\\/\\\/linmot.com\\\/fr\\\/\",\"logo\":{\"@type\":\"ImageObject\",\"inLanguage\":\"fr-FR\",\"@id\":\"https:\\\/\\\/linmot.com\\\/fr\\\/#\\\/schema\\\/logo\\\/image\\\/\",\"url\":\"https:\\\/\\\/linmot.com\\\/fr\\\/wp-content\\\/uploads\\\/sites\\\/3\\\/2022\\\/05\\\/linmot-social-share-logo.jpg\",\"contentUrl\":\"https:\\\/\\\/linmot.com\\\/fr\\\/wp-content\\\/uploads\\\/sites\\\/3\\\/2022\\\/05\\\/linmot-social-share-logo.jpg\",\"width\":800,\"height\":500,\"caption\":\"NTI AG - LinMot & MagSpring\"},\"image\":{\"@id\":\"https:\\\/\\\/linmot.com\\\/fr\\\/#\\\/schema\\\/logo\\\/image\\\/\"},\"sameAs\":[\"https:\\\/\\\/www.linkedin.com\\\/company\\\/nti-ag-linmot-magspring\",\"https:\\\/\\\/www.youtube.com\\\/user\\\/LinMotEurope\"]}]}<\/script>\n<!-- \/ Yoast SEO Premium plugin. -->","yoast_head_json":{"title":"SPS Library - Tout pour l'int\u00e9gration dans le syst\u00e8me de commande","description":"LinMot fournit au client des blocs fonctionnels et des exemples de programmes pour l'int\u00e9gration dans le syst\u00e8me de contr\u00f4le.","robots":{"index":"index","follow":"follow","max-snippet":"max-snippet:-1","max-image-preview":"max-image-preview:large","max-video-preview":"max-video-preview:-1"},"canonical":"https:\/\/linmot.com\/fr\/support\/bibliotheque-du-plc\/","og_locale":"fr_FR","og_type":"article","og_title":"SPS Library - Tout pour l'int\u00e9gration dans le syst\u00e8me de commande","og_description":"LinMot fournit au client des blocs fonctionnels et des exemples de programmes pour l'int\u00e9gration dans le syst\u00e8me de contr\u00f4le.","og_url":"https:\/\/linmot.com\/fr\/support\/bibliotheque-du-plc\/","og_site_name":"LinMot &amp; MagSpring - Fran\u00e7ais","article_modified_time":"2025-10-08T14:04:41+00:00","og_image":[{"width":800,"height":500,"url":"https:\/\/linmot.com\/fr\/wp-content\/uploads\/sites\/3\/2022\/05\/linmot-social-share-logo.jpg","type":"image\/jpeg"}],"twitter_card":"summary_large_image","twitter_title":"SPS Library - Tout pour l'int\u00e9gration dans le syst\u00e8me de commande","twitter_description":"LinMot fournit au client des blocs fonctionnels et des exemples de programmes pour l'int\u00e9gration dans le syst\u00e8me de contr\u00f4le.","twitter_image":"https:\/\/linmot.com\/fr\/wp-content\/uploads\/sites\/3\/2022\/05\/linmot-social-share-logo.jpg","twitter_misc":{"Dur\u00e9e de lecture estim\u00e9e":"1 minute"},"schema":{"@context":"https:\/\/schema.org","@graph":[{"@type":"WebPage","@id":"https:\/\/linmot.com\/fr\/support\/bibliotheque-du-plc\/","url":"https:\/\/linmot.com\/fr\/support\/bibliotheque-du-plc\/","name":"SPS Library - Tout pour l'int\u00e9gration dans le syst\u00e8me de commande","isPartOf":{"@id":"https:\/\/linmot.com\/fr\/#website"},"datePublished":"2017-11-07T15:05:15+00:00","dateModified":"2025-10-08T14:04:41+00:00","description":"LinMot fournit au client des blocs fonctionnels et des exemples de programmes pour l'int\u00e9gration dans le syst\u00e8me de contr\u00f4le.","breadcrumb":{"@id":"https:\/\/linmot.com\/fr\/support\/bibliotheque-du-plc\/#breadcrumb"},"inLanguage":"fr-FR","potentialAction":[{"@type":"ReadAction","target":["https:\/\/linmot.com\/fr\/support\/bibliotheque-du-plc\/"]}]},{"@type":"BreadcrumbList","@id":"https:\/\/linmot.com\/fr\/support\/bibliotheque-du-plc\/#breadcrumb","itemListElement":[{"@type":"ListItem","position":1,"name":"Home","item":"https:\/\/linmot.com\/fr\/"},{"@type":"ListItem","position":2,"name":"Support","item":"https:\/\/linmot.com\/fr\/support\/"},{"@type":"ListItem","position":3,"name":"Biblioth\u00e8que du PLC"}]},{"@type":"WebSite","@id":"https:\/\/linmot.com\/fr\/#website","url":"https:\/\/linmot.com\/fr\/","name":"LinMot &amp; MagSpring - Fran\u00e7ais","description":"Moteurs lin\u00e9aires et des syst\u00e8mes de moteurs lin\u00e9aires de haute qualit\u00e9","publisher":{"@id":"https:\/\/linmot.com\/fr\/#organization"},"potentialAction":[{"@type":"SearchAction","target":{"@type":"EntryPoint","urlTemplate":"https:\/\/linmot.com\/fr\/?s={search_term_string}"},"query-input":{"@type":"PropertyValueSpecification","valueRequired":true,"valueName":"search_term_string"}}],"inLanguage":"fr-FR"},{"@type":"Organization","@id":"https:\/\/linmot.com\/fr\/#organization","name":"NTI AG - LinMot & MagSpring","url":"https:\/\/linmot.com\/fr\/","logo":{"@type":"ImageObject","inLanguage":"fr-FR","@id":"https:\/\/linmot.com\/fr\/#\/schema\/logo\/image\/","url":"https:\/\/linmot.com\/fr\/wp-content\/uploads\/sites\/3\/2022\/05\/linmot-social-share-logo.jpg","contentUrl":"https:\/\/linmot.com\/fr\/wp-content\/uploads\/sites\/3\/2022\/05\/linmot-social-share-logo.jpg","width":800,"height":500,"caption":"NTI AG - LinMot & MagSpring"},"image":{"@id":"https:\/\/linmot.com\/fr\/#\/schema\/logo\/image\/"},"sameAs":["https:\/\/www.linkedin.com\/company\/nti-ag-linmot-magspring","https:\/\/www.youtube.com\/user\/LinMotEurope"]}]}},"_links":{"self":[{"href":"https:\/\/linmot.com\/fr\/wp-json\/wp\/v2\/pages\/261","targetHints":{"allow":["GET"]}}],"collection":[{"href":"https:\/\/linmot.com\/fr\/wp-json\/wp\/v2\/pages"}],"about":[{"href":"https:\/\/linmot.com\/fr\/wp-json\/wp\/v2\/types\/page"}],"author":[{"embeddable":true,"href":"https:\/\/linmot.com\/fr\/wp-json\/wp\/v2\/users\/1"}],"replies":[{"embeddable":true,"href":"https:\/\/linmot.com\/fr\/wp-json\/wp\/v2\/comments?post=261"}],"version-history":[{"count":7,"href":"https:\/\/linmot.com\/fr\/wp-json\/wp\/v2\/pages\/261\/revisions"}],"predecessor-version":[{"id":3903,"href":"https:\/\/linmot.com\/fr\/wp-json\/wp\/v2\/pages\/261\/revisions\/3903"}],"up":[{"embeddable":true,"href":"https:\/\/linmot.com\/fr\/wp-json\/wp\/v2\/pages\/251"}],"wp:attachment":[{"href":"https:\/\/linmot.com\/fr\/wp-json\/wp\/v2\/media?parent=261"}],"curies":[{"name":"wp","href":"https:\/\/api.w.org\/{rel}","templated":true}]}}