{"id":257,"date":"2017-11-07T16:03:39","date_gmt":"2017-11-07T15:03:39","guid":{"rendered":"https:\/\/linmot.com\/?page_id=257"},"modified":"2023-05-17T17:11:02","modified_gmt":"2023-05-17T15:11:02","slug":"reunions-en-ligne","status":"publish","type":"page","link":"https:\/\/linmot.com\/fr\/support\/reunions-en-ligne\/","title":{"rendered":"R\u00e9unions en ligne"},"content":{"rendered":"<p>En plus du t\u00e9l\u00e9phone et du mail, nous utilisons aussi le logiciel d\u2019acc\u00e8s \u00e0 distance TeamViewer. Avec ce logiciel, l\u2019ing\u00e9nieur d\u2019assistance et le client peuvent partager l\u2019\u00e9cran.<br \/>\n<a href=\"https:\/\/www.teamviewer.com\/\" target=\"_blank\" rel=\"noopener noreferrer\">Vous trouverez plus d\u2019informations sur ce produit ici.<\/a><\/p>\n<a class=\"download\" href=\"https:\/\/get.teamviewer.com\/linmot_support\" target=\"_blank\" rel=\"noopener noreferrer\"><img loading=\"lazy\" decoding=\"async\" class=\"alignleft size-full wp-image-641\" src=\"https:\/\/linmot.com\/de\/wp-content\/uploads\/sites\/2\/2017\/11\/Screen-Shot-2018-08-13-at-16.46.54.png\" alt=\"\" width=\"99\" height=\"54\" \/><\/a>\n","protected":false},"excerpt":{"rendered":"<p>En plus du t\u00e9l\u00e9phone et du mail, nous utilisons aussi le logiciel d\u2019acc\u00e8s \u00e0 distance TeamViewer. Avec ce logiciel, l\u2019ing\u00e9nieur d\u2019assistance et le client peuvent partager l\u2019\u00e9cran. Vous trouverez plus d\u2019informations sur ce produit ici.<\/p>\n","protected":false},"author":1,"featured_media":0,"parent":251,"menu_order":115,"comment_status":"closed","ping_status":"closed","template":"","meta":{"_acf_changed":false,"footnotes":""},"class_list":["post-257","page","type-page","status-publish","hentry"],"acf":[],"yoast_head":"<!-- This site is optimized with the Yoast SEO Premium plugin v20.9 (Yoast SEO v27.4) - https:\/\/yoast.com\/product\/yoast-seo-premium-wordpress\/ -->\n<title>R\u00e9union en ligne - Partage de l&#039;\u00e9cran via TeamViewer | LinMot<\/title>\n<meta name=\"description\" content=\"Vous pouvez y partager votre \u00e9cran avec les techniciens d&#039;assistance. De cette fa\u00e7on, les experts peuvent rapidement saisir et r\u00e9soudre votre probl\u00e8me.\" \/>\n<meta name=\"robots\" content=\"index, follow, max-snippet:-1, max-image-preview:large, max-video-preview:-1\" \/>\n<link rel=\"canonical\" href=\"https:\/\/linmot.com\/fr\/support\/reunions-en-ligne\/\" \/>\n<meta property=\"og:locale\" content=\"fr_FR\" \/>\n<meta property=\"og:type\" content=\"article\" \/>\n<meta property=\"og:title\" content=\"R\u00e9union en ligne - Partage de l&#039;\u00e9cran via TeamViewer | LinMot\" \/>\n<meta property=\"og:description\" content=\"Vous pouvez y partager votre \u00e9cran avec les techniciens d&#039;assistance. De cette fa\u00e7on, les experts peuvent rapidement saisir et r\u00e9soudre votre probl\u00e8me.\" \/>\n<meta property=\"og:url\" content=\"https:\/\/linmot.com\/fr\/support\/reunions-en-ligne\/\" \/>\n<meta property=\"og:site_name\" content=\"LinMot &amp; MagSpring - Fran\u00e7ais\" \/>\n<meta property=\"article:modified_time\" content=\"2023-05-17T15:11:02+00:00\" \/>\n<meta property=\"og:image\" content=\"https:\/\/linmot.com\/fr\/wp-content\/uploads\/sites\/3\/2022\/05\/linmot-social-share-logo.jpg\" \/>\n\t<meta property=\"og:image:width\" content=\"800\" \/>\n\t<meta property=\"og:image:height\" content=\"500\" \/>\n\t<meta property=\"og:image:type\" content=\"image\/jpeg\" \/>\n<meta name=\"twitter:card\" content=\"summary_large_image\" \/>\n<meta name=\"twitter:title\" content=\"R\u00e9union en ligne - Partage de l&#039;\u00e9cran via TeamViewer | LinMot\" \/>\n<meta name=\"twitter:description\" content=\"Vous pouvez y partager votre \u00e9cran avec les techniciens d&#039;assistance. De cette fa\u00e7on, les experts peuvent rapidement saisir et r\u00e9soudre votre probl\u00e8me.\" \/>\n<meta name=\"twitter:image\" content=\"https:\/\/linmot.com\/fr\/wp-content\/uploads\/sites\/3\/2022\/05\/linmot-social-share-logo.jpg\" \/>\n<meta name=\"twitter:label1\" content=\"Dur\u00e9e de lecture estim\u00e9e\" \/>\n\t<meta name=\"twitter:data1\" content=\"1 minute\" \/>\n<script type=\"application\/ld+json\" class=\"yoast-schema-graph\">{\"@context\":\"https:\\\/\\\/schema.org\",\"@graph\":[{\"@type\":\"WebPage\",\"@id\":\"https:\\\/\\\/linmot.com\\\/fr\\\/support\\\/reunions-en-ligne\\\/\",\"url\":\"https:\\\/\\\/linmot.com\\\/fr\\\/support\\\/reunions-en-ligne\\\/\",\"name\":\"R\u00e9union en ligne - Partage de l'\u00e9cran via TeamViewer | LinMot\",\"isPartOf\":{\"@id\":\"https:\\\/\\\/linmot.com\\\/fr\\\/#website\"},\"primaryImageOfPage\":{\"@id\":\"https:\\\/\\\/linmot.com\\\/fr\\\/support\\\/reunions-en-ligne\\\/#primaryimage\"},\"image\":{\"@id\":\"https:\\\/\\\/linmot.com\\\/fr\\\/support\\\/reunions-en-ligne\\\/#primaryimage\"},\"thumbnailUrl\":\"https:\\\/\\\/linmot.com\\\/de\\\/wp-content\\\/uploads\\\/sites\\\/2\\\/2017\\\/11\\\/Screen-Shot-2018-08-13-at-16.46.54.png\",\"datePublished\":\"2017-11-07T15:03:39+00:00\",\"dateModified\":\"2023-05-17T15:11:02+00:00\",\"description\":\"Vous pouvez y partager votre \u00e9cran avec les techniciens d'assistance. De cette fa\u00e7on, les experts peuvent rapidement saisir et r\u00e9soudre votre probl\u00e8me.\",\"breadcrumb\":{\"@id\":\"https:\\\/\\\/linmot.com\\\/fr\\\/support\\\/reunions-en-ligne\\\/#breadcrumb\"},\"inLanguage\":\"fr-FR\",\"potentialAction\":[{\"@type\":\"ReadAction\",\"target\":[\"https:\\\/\\\/linmot.com\\\/fr\\\/support\\\/reunions-en-ligne\\\/\"]}]},{\"@type\":\"ImageObject\",\"inLanguage\":\"fr-FR\",\"@id\":\"https:\\\/\\\/linmot.com\\\/fr\\\/support\\\/reunions-en-ligne\\\/#primaryimage\",\"url\":\"https:\\\/\\\/linmot.com\\\/de\\\/wp-content\\\/uploads\\\/sites\\\/2\\\/2017\\\/11\\\/Screen-Shot-2018-08-13-at-16.46.54.png\",\"contentUrl\":\"https:\\\/\\\/linmot.com\\\/de\\\/wp-content\\\/uploads\\\/sites\\\/2\\\/2017\\\/11\\\/Screen-Shot-2018-08-13-at-16.46.54.png\"},{\"@type\":\"BreadcrumbList\",\"@id\":\"https:\\\/\\\/linmot.com\\\/fr\\\/support\\\/reunions-en-ligne\\\/#breadcrumb\",\"itemListElement\":[{\"@type\":\"ListItem\",\"position\":1,\"name\":\"Home\",\"item\":\"https:\\\/\\\/linmot.com\\\/fr\\\/\"},{\"@type\":\"ListItem\",\"position\":2,\"name\":\"Support\",\"item\":\"https:\\\/\\\/linmot.com\\\/fr\\\/support\\\/\"},{\"@type\":\"ListItem\",\"position\":3,\"name\":\"R\u00e9unions en ligne\"}]},{\"@type\":\"WebSite\",\"@id\":\"https:\\\/\\\/linmot.com\\\/fr\\\/#website\",\"url\":\"https:\\\/\\\/linmot.com\\\/fr\\\/\",\"name\":\"LinMot &amp; MagSpring - Fran\u00e7ais\",\"description\":\"Moteurs lin\u00e9aires et des syst\u00e8mes de moteurs lin\u00e9aires de haute qualit\u00e9\",\"publisher\":{\"@id\":\"https:\\\/\\\/linmot.com\\\/fr\\\/#organization\"},\"potentialAction\":[{\"@type\":\"SearchAction\",\"target\":{\"@type\":\"EntryPoint\",\"urlTemplate\":\"https:\\\/\\\/linmot.com\\\/fr\\\/?s={search_term_string}\"},\"query-input\":{\"@type\":\"PropertyValueSpecification\",\"valueRequired\":true,\"valueName\":\"search_term_string\"}}],\"inLanguage\":\"fr-FR\"},{\"@type\":\"Organization\",\"@id\":\"https:\\\/\\\/linmot.com\\\/fr\\\/#organization\",\"name\":\"NTI AG - LinMot & MagSpring\",\"url\":\"https:\\\/\\\/linmot.com\\\/fr\\\/\",\"logo\":{\"@type\":\"ImageObject\",\"inLanguage\":\"fr-FR\",\"@id\":\"https:\\\/\\\/linmot.com\\\/fr\\\/#\\\/schema\\\/logo\\\/image\\\/\",\"url\":\"https:\\\/\\\/linmot.com\\\/fr\\\/wp-content\\\/uploads\\\/sites\\\/3\\\/2022\\\/05\\\/linmot-social-share-logo.jpg\",\"contentUrl\":\"https:\\\/\\\/linmot.com\\\/fr\\\/wp-content\\\/uploads\\\/sites\\\/3\\\/2022\\\/05\\\/linmot-social-share-logo.jpg\",\"width\":800,\"height\":500,\"caption\":\"NTI AG - LinMot & MagSpring\"},\"image\":{\"@id\":\"https:\\\/\\\/linmot.com\\\/fr\\\/#\\\/schema\\\/logo\\\/image\\\/\"},\"sameAs\":[\"https:\\\/\\\/www.linkedin.com\\\/company\\\/nti-ag-linmot-magspring\",\"https:\\\/\\\/www.youtube.com\\\/user\\\/LinMotEurope\"]}]}<\/script>\n<!-- \/ Yoast SEO Premium plugin. -->","yoast_head_json":{"title":"R\u00e9union en ligne - Partage de l'\u00e9cran via TeamViewer | LinMot","description":"Vous pouvez y partager votre \u00e9cran avec les techniciens d'assistance. De cette fa\u00e7on, les experts peuvent rapidement saisir et r\u00e9soudre votre probl\u00e8me.","robots":{"index":"index","follow":"follow","max-snippet":"max-snippet:-1","max-image-preview":"max-image-preview:large","max-video-preview":"max-video-preview:-1"},"canonical":"https:\/\/linmot.com\/fr\/support\/reunions-en-ligne\/","og_locale":"fr_FR","og_type":"article","og_title":"R\u00e9union en ligne - Partage de l'\u00e9cran via TeamViewer | LinMot","og_description":"Vous pouvez y partager votre \u00e9cran avec les techniciens d'assistance. De cette fa\u00e7on, les experts peuvent rapidement saisir et r\u00e9soudre votre probl\u00e8me.","og_url":"https:\/\/linmot.com\/fr\/support\/reunions-en-ligne\/","og_site_name":"LinMot &amp; MagSpring - Fran\u00e7ais","article_modified_time":"2023-05-17T15:11:02+00:00","og_image":[{"width":800,"height":500,"url":"https:\/\/linmot.com\/fr\/wp-content\/uploads\/sites\/3\/2022\/05\/linmot-social-share-logo.jpg","type":"image\/jpeg"}],"twitter_card":"summary_large_image","twitter_title":"R\u00e9union en ligne - Partage de l'\u00e9cran via TeamViewer | LinMot","twitter_description":"Vous pouvez y partager votre \u00e9cran avec les techniciens d'assistance. De cette fa\u00e7on, les experts peuvent rapidement saisir et r\u00e9soudre votre probl\u00e8me.","twitter_image":"https:\/\/linmot.com\/fr\/wp-content\/uploads\/sites\/3\/2022\/05\/linmot-social-share-logo.jpg","twitter_misc":{"Dur\u00e9e de lecture estim\u00e9e":"1 minute"},"schema":{"@context":"https:\/\/schema.org","@graph":[{"@type":"WebPage","@id":"https:\/\/linmot.com\/fr\/support\/reunions-en-ligne\/","url":"https:\/\/linmot.com\/fr\/support\/reunions-en-ligne\/","name":"R\u00e9union en ligne - Partage de l'\u00e9cran via TeamViewer | LinMot","isPartOf":{"@id":"https:\/\/linmot.com\/fr\/#website"},"primaryImageOfPage":{"@id":"https:\/\/linmot.com\/fr\/support\/reunions-en-ligne\/#primaryimage"},"image":{"@id":"https:\/\/linmot.com\/fr\/support\/reunions-en-ligne\/#primaryimage"},"thumbnailUrl":"https:\/\/linmot.com\/de\/wp-content\/uploads\/sites\/2\/2017\/11\/Screen-Shot-2018-08-13-at-16.46.54.png","datePublished":"2017-11-07T15:03:39+00:00","dateModified":"2023-05-17T15:11:02+00:00","description":"Vous pouvez y partager votre \u00e9cran avec les techniciens d'assistance. De cette fa\u00e7on, les experts peuvent rapidement saisir et r\u00e9soudre votre probl\u00e8me.","breadcrumb":{"@id":"https:\/\/linmot.com\/fr\/support\/reunions-en-ligne\/#breadcrumb"},"inLanguage":"fr-FR","potentialAction":[{"@type":"ReadAction","target":["https:\/\/linmot.com\/fr\/support\/reunions-en-ligne\/"]}]},{"@type":"ImageObject","inLanguage":"fr-FR","@id":"https:\/\/linmot.com\/fr\/support\/reunions-en-ligne\/#primaryimage","url":"https:\/\/linmot.com\/de\/wp-content\/uploads\/sites\/2\/2017\/11\/Screen-Shot-2018-08-13-at-16.46.54.png","contentUrl":"https:\/\/linmot.com\/de\/wp-content\/uploads\/sites\/2\/2017\/11\/Screen-Shot-2018-08-13-at-16.46.54.png"},{"@type":"BreadcrumbList","@id":"https:\/\/linmot.com\/fr\/support\/reunions-en-ligne\/#breadcrumb","itemListElement":[{"@type":"ListItem","position":1,"name":"Home","item":"https:\/\/linmot.com\/fr\/"},{"@type":"ListItem","position":2,"name":"Support","item":"https:\/\/linmot.com\/fr\/support\/"},{"@type":"ListItem","position":3,"name":"R\u00e9unions en ligne"}]},{"@type":"WebSite","@id":"https:\/\/linmot.com\/fr\/#website","url":"https:\/\/linmot.com\/fr\/","name":"LinMot &amp; MagSpring - Fran\u00e7ais","description":"Moteurs lin\u00e9aires et des syst\u00e8mes de moteurs lin\u00e9aires de haute qualit\u00e9","publisher":{"@id":"https:\/\/linmot.com\/fr\/#organization"},"potentialAction":[{"@type":"SearchAction","target":{"@type":"EntryPoint","urlTemplate":"https:\/\/linmot.com\/fr\/?s={search_term_string}"},"query-input":{"@type":"PropertyValueSpecification","valueRequired":true,"valueName":"search_term_string"}}],"inLanguage":"fr-FR"},{"@type":"Organization","@id":"https:\/\/linmot.com\/fr\/#organization","name":"NTI AG - LinMot & MagSpring","url":"https:\/\/linmot.com\/fr\/","logo":{"@type":"ImageObject","inLanguage":"fr-FR","@id":"https:\/\/linmot.com\/fr\/#\/schema\/logo\/image\/","url":"https:\/\/linmot.com\/fr\/wp-content\/uploads\/sites\/3\/2022\/05\/linmot-social-share-logo.jpg","contentUrl":"https:\/\/linmot.com\/fr\/wp-content\/uploads\/sites\/3\/2022\/05\/linmot-social-share-logo.jpg","width":800,"height":500,"caption":"NTI AG - LinMot & MagSpring"},"image":{"@id":"https:\/\/linmot.com\/fr\/#\/schema\/logo\/image\/"},"sameAs":["https:\/\/www.linkedin.com\/company\/nti-ag-linmot-magspring","https:\/\/www.youtube.com\/user\/LinMotEurope"]}]}},"_links":{"self":[{"href":"https:\/\/linmot.com\/fr\/wp-json\/wp\/v2\/pages\/257","targetHints":{"allow":["GET"]}}],"collection":[{"href":"https:\/\/linmot.com\/fr\/wp-json\/wp\/v2\/pages"}],"about":[{"href":"https:\/\/linmot.com\/fr\/wp-json\/wp\/v2\/types\/page"}],"author":[{"embeddable":true,"href":"https:\/\/linmot.com\/fr\/wp-json\/wp\/v2\/users\/1"}],"replies":[{"embeddable":true,"href":"https:\/\/linmot.com\/fr\/wp-json\/wp\/v2\/comments?post=257"}],"version-history":[{"count":7,"href":"https:\/\/linmot.com\/fr\/wp-json\/wp\/v2\/pages\/257\/revisions"}],"predecessor-version":[{"id":2697,"href":"https:\/\/linmot.com\/fr\/wp-json\/wp\/v2\/pages\/257\/revisions\/2697"}],"up":[{"embeddable":true,"href":"https:\/\/linmot.com\/fr\/wp-json\/wp\/v2\/pages\/251"}],"wp:attachment":[{"href":"https:\/\/linmot.com\/fr\/wp-json\/wp\/v2\/media?parent=257"}],"curies":[{"name":"wp","href":"https:\/\/api.w.org\/{rel}","templated":true}]}}