{"id":2518,"date":"2022-07-14T09:33:56","date_gmt":"2022-07-14T07:33:56","guid":{"rendered":"https:\/\/linmot.com\/fr\/?page_id=2518"},"modified":"2023-05-10T16:35:06","modified_gmt":"2023-05-10T14:35:06","slug":"nous-vous-aidons-a-reduire-durablement-votre-consommation-denergie","status":"publish","type":"page","link":"https:\/\/linmot.com\/fr\/solutions-industrielles\/remplacement-des-actionneurs-pneumatiques-par-des-moteurs-lineaires-industriels\/nous-vous-aidons-a-reduire-durablement-votre-consommation-denergie\/","title":{"rendered":"Nous vous aidons \u00e0 r\u00e9duire durablement votre consommation d&rsquo;\u00e9nergie"},"content":{"rendered":"<p><strong>De toutes les ressources dont d\u00e9pend la production moderne, l&rsquo;\u00e9nergie est sans doute l&rsquo;une des plus importantes. L&rsquo;efficacit\u00e9 \u00e9nerg\u00e9tique et donc l&#8217;empreinte carbone sont un indicateur important de la contribution des entreprises \u00e0 la durabilit\u00e9 et \u00e0 la protection du climat. En effet, l&rsquo;industrie manufacturi\u00e8re est de plus en plus \u00e0 la recherche de produits fabriqu\u00e9s de mani\u00e8re durable et consid\u00e8re cette question comme un \u00e9l\u00e9ment essentiel dans ses d\u00e9cisions d&rsquo;achat. L&rsquo;\u00e9nergie est \u00e9galement une ressource qui a longtemps \u00e9t\u00e9 consid\u00e9r\u00e9e comme acquise, mais la hausse des prix et les pr\u00e9occupations relatives aux \u00e9missions de gaz \u00e0 effet de serre am\u00e8nent les op\u00e9rateurs \u00e0 \u00e9valuer de mani\u00e8re critique comment produire plus avec moins de ressources. La cl\u00e9 pour y parvenir est de passer au LinMot et d&rsquo;\u00e9liminer les pertes d&rsquo;\u00e9nergie dans les processus d&rsquo;automatisation des usines qui consomment beaucoup d&rsquo;\u00e9nergie, comme les applications pneumatiques (air comprim\u00e9).<\/strong><\/p>\n<h2>Besoins \u00e9nerg\u00e9tiques par rapport aux v\u00e9rins pneumatiques<\/h2>\n<p>Les entreprises utilisent des actionneurs pneumatiques en raison de leur co\u00fbt d&rsquo;investissement quelque peu inf\u00e9rieur. L&rsquo;air comprim\u00e9 est toutefois l&rsquo;un des m\u00e9dias \u00e9nerg\u00e9tiques les plus co\u00fbteux, car les compresseurs ne peuvent convertir qu&rsquo;une petite partie de l&rsquo;\u00e9nergie d&rsquo;entr\u00e9e en puissance utile. La grande majorit\u00e9 est dissip\u00e9e sous forme de perte de chaleur. En revanche, le LinMot s&rsquo;appuie sur des moteurs lin\u00e9aires tubulaires sans balais \u00e0 entra\u00eenement direct et \u00e0 tr\u00e8s haut rendement. En outre, et contrairement \u00e0 la pneumatique, le moteur lin\u00e9aire non seulement ne consomme pas d&rsquo;\u00e9nergie au-del\u00e0 de ce qui est n\u00e9cessaire, mais peut \u00e9galement convertir l&rsquo;\u00e9nergie lors du freinage et la stocker pour le cycle suivant. En raison des co\u00fbts d&rsquo;exploitation \u00e9lev\u00e9s des v\u00e9rins pneumatiques, les moteurs lin\u00e9aires s&rsquo;av\u00e8rent \u00eatre une alternative rentable dont le co\u00fbt d&rsquo;investissement plus \u00e9lev\u00e9 peut \u00eatre rembours\u00e9 en quelques semaines. Il n&rsquo;est donc pas \u00e9tonnant que de plus en plus d&rsquo;entreprises tentent d&rsquo;\u00e9liminer l&rsquo;air comprim\u00e9 de leurs usines.<\/p>\n<h2>Des \u00e9conomies d&rsquo;\u00e9nergie potentielles de plus de 95<\/h2>\n<p>Diverses \u00e9tudes montrent que les moteurs lin\u00e9aires sont pr\u00e9f\u00e9rables aux syst\u00e8mes d&rsquo;air comprim\u00e9 optimis\u00e9s, tant en termes d&rsquo;\u00e9conomies que d&rsquo;\u00e9cologie. US cotton, un fabricant de cotons-tiges, a d\u00e9cid\u00e9 de remplacer ses cylindres pneumatiques par des <a href=\"\/fr\/les-produits-de-linmot-et-magspring\/\">moteurs lin\u00e9aires LinMot<\/a> et de mesurer si les \u00e9conomies d&rsquo;\u00e9nergie justifient effectivement le prix des moteurs LinMot. Le moteur lin\u00e9aire n&rsquo;a consomm\u00e9 que 3,2 % de l&rsquo;\u00e9nergie du cylindre pneumatique \u00e9quipant la machine. En outre, le meilleur contr\u00f4le a \u00e9galement permis d&rsquo;augmenter la vitesse de la machine de 35%, et l&rsquo;absence de r\u00e9glage ou de remplacement des moteurs lin\u00e9aires signifie un fonctionnement sans probl\u00e8me pendant de nombreuses ann\u00e9es.<\/p>\n<img loading=\"lazy\" decoding=\"async\" class=\"wp-image-3424 size-full aligncenter\" src=\"https:\/\/linmot.com\/wp-content\/uploads\/2022\/07\/energy-consumption-graphik.jpg\" alt=\"\" width=\"485\" height=\"293\" \/>\n<h3>Minimiser les co\u00fbts et les \u00e9missions de CO2<\/h3>\n<p>Si nous devions calculer la facture d&rsquo;\u00e9lectricit\u00e9 annuelle et les \u00e9missions de CO2 de l&rsquo;exemple pr\u00e9c\u00e9dent, dans lequel la distance totale de d\u00e9placement par cycle est de 800 mm et la dur\u00e9e totale du cycle est de 900 ms, nous obtiendrions les r\u00e9sultats suivants:<\/p>\n<p>&nbsp;<\/p>\n<table border=\"1\" width=\"100%\">\n<tbody>\n<tr>\n<td><\/td>\n<td style=\"text-align: center;\"><strong>Consommation d&rsquo;\u00e9lectricit\u00e9 (kWh)<\/strong><br \/>\npar an pour un axe unique<\/td>\n<td style=\"text-align: center;\"><strong>Facture d&rsquo;\u00e9lectricit\u00e9 (EUR)<\/strong><br \/>\npar an pour un axe unique<\/td>\n<td style=\"text-align: center;\"><strong>\u00c9missions de CO2 (KG)<\/strong><br \/>\npar an pour un axe unique<\/td>\n<\/tr>\n<tr>\n<td>\u00a0V\u00e9rin pneumatique<\/td>\n<td style=\"text-align: center;\">21&rsquo;250<\/td>\n<td style=\"text-align: center;\">3&rsquo;612<\/td>\n<td style=\"text-align: center;\">10&rsquo;625<\/td>\n<\/tr>\n<tr>\n<td>\u00a0Moteur LinMot<\/td>\n<td style=\"text-align: center;\">680<\/td>\n<td style=\"text-align: center;\">115<\/td>\n<td style=\"text-align: center;\">340<\/td>\n<\/tr>\n<tr>\n<td>\u00a0R\u00e9duction annuelle<\/td>\n<td style=\"text-align: center;\">20&rsquo;570<\/td>\n<td style=\"text-align: center;\">3&rsquo;497<\/td>\n<td style=\"text-align: center;\">10&rsquo;285<\/td>\n<\/tr>\n<\/tbody>\n<\/table>\n<h6 style=\"text-align: right;\">Fonctionnement continu (8000h\/an)<br \/>\nFacteur d&rsquo;\u00e9mission de CO2 0,5kg\/kWh<br \/>\nFacteur de co\u00fbt \u00e9nerg\u00e9tique 0,17 EUR\/kWh<br \/>\n\u00c9missions de CO2 de la Ferrari Roma: 234g\/km<\/h6>\n<table width=\"100%\">\n<tbody>\n<tr>\n<td>Pour une ligne de production utilisant 100 v\u00e9rins pneumatiques, cela se traduira par <strong><span style=\"font-size: medium;\">une \u00e9conomie annuelle de 349 700 EUR<\/span><\/strong> rien qu&rsquo;en d\u00e9penses d&rsquo;\u00e9lectricit\u00e9. La r\u00e9duction de CO2 est suffisante pour conduire une <strong><span style=\"font-size: medium;\">Ferrari Roma 110 fois autour du monde.<\/span><\/strong><\/td>\n<td style=\"text-align: center;\"><img loading=\"lazy\" decoding=\"async\" class=\"alignnone size-medium wp-image-3460\" src=\"https:\/\/linmot.com\/wp-content\/uploads\/2022\/07\/car-globus-300x259.jpg\" alt=\"\" width=\"300\" height=\"259\" \/><\/td>\n<\/tr>\n<\/tbody>\n<\/table>\n<h3>La solution la plus simple est g\u00e9n\u00e9ralement la meilleure solution<\/h3>\n<p>Outre les importantes \u00e9conomies d&rsquo;\u00e9nergie r\u00e9alis\u00e9es, d&rsquo;autres r\u00e9ductions de co\u00fbts sont \u00e9galement obtenues gr\u00e2ce \u00e0 l&rsquo;absence de composants m\u00e9caniques de transmission (bo\u00eetes de vitesses, courroies dent\u00e9es, poulies, cames, vis sans fin, etc.), ce qui permet un assemblage m\u00e9canique plus propre, moins de pi\u00e8ces et un fonctionnement plus souple et plus silencieux. Le co\u00fbt total de possession (TCO) est \u00e9galement minimis\u00e9 par la r\u00e9duction des co\u00fbts de logistique et d&rsquo;installation gr\u00e2ce \u00e0 un nombre minimal de composants standard. Les co\u00fbts de production sont \u00e9galement r\u00e9duits en raison d&rsquo;un d\u00e9bit plus \u00e9lev\u00e9, de mouvements plus fiables, d&rsquo;un meilleur temps moyen entre les d\u00e9faillances (MTBF) et d&rsquo;une r\u00e9duction consid\u00e9rable des co\u00fbts de maintenance et de remplacement.<\/p>\n","protected":false},"excerpt":{"rendered":"<p>De toutes les ressources dont d\u00e9pend la production moderne, l&rsquo;\u00e9nergie est sans doute l&rsquo;une des plus importantes. L&rsquo;efficacit\u00e9 \u00e9nerg\u00e9tique et donc l&#8217;empreinte carbone sont un indicateur important de la contribution des entreprises \u00e0 la durabilit\u00e9 et \u00e0 la protection du climat. En effet, l&rsquo;industrie manufacturi\u00e8re est de plus en plus \u00e0 la recherche de produits [&hellip;]<\/p>\n","protected":false},"author":9,"featured_media":0,"parent":232,"menu_order":26,"comment_status":"closed","ping_status":"closed","template":"","meta":{"_acf_changed":false,"footnotes":""},"class_list":["post-2518","page","type-page","status-publish","hentry"],"acf":[],"yoast_head":"<!-- This site is optimized with the Yoast SEO Premium plugin v20.9 (Yoast SEO v27.3) - https:\/\/yoast.com\/product\/yoast-seo-premium-wordpress\/ -->\n<title>Nous vous aidons \u00e0 r\u00e9duire durablement votre consommation d&#039;\u00e9nergie<\/title>\n<meta name=\"description\" content=\"D\u00e9couvrez ici comment les moteurs lin\u00e9aires peuvent vous aider \u00e0 r\u00e9duire durablement la consommation d&#039;\u00e9nergie de votre production.\" \/>\n<meta name=\"robots\" content=\"index, follow, max-snippet:-1, max-image-preview:large, max-video-preview:-1\" \/>\n<link rel=\"canonical\" href=\"https:\/\/linmot.com\/fr\/solutions-industrielles\/remplacement-des-actionneurs-pneumatiques-par-des-moteurs-lineaires-industriels\/nous-vous-aidons-a-reduire-durablement-votre-consommation-denergie\/\" \/>\n<meta property=\"og:locale\" content=\"fr_FR\" \/>\n<meta property=\"og:type\" content=\"article\" \/>\n<meta property=\"og:title\" content=\"Nous vous aidons \u00e0 r\u00e9duire durablement votre consommation d&#039;\u00e9nergie\" \/>\n<meta property=\"og:description\" content=\"D\u00e9couvrez ici comment les moteurs lin\u00e9aires peuvent vous aider \u00e0 r\u00e9duire durablement la consommation d&#039;\u00e9nergie de votre production.\" \/>\n<meta property=\"og:url\" content=\"https:\/\/linmot.com\/fr\/solutions-industrielles\/remplacement-des-actionneurs-pneumatiques-par-des-moteurs-lineaires-industriels\/nous-vous-aidons-a-reduire-durablement-votre-consommation-denergie\/\" \/>\n<meta property=\"og:site_name\" content=\"LinMot &amp; MagSpring - Fran\u00e7ais\" \/>\n<meta property=\"article:modified_time\" content=\"2023-05-10T14:35:06+00:00\" \/>\n<meta property=\"og:image\" content=\"https:\/\/linmot.com\/wp-content\/uploads\/2022\/07\/energy-consumption-graphik.jpg\" \/>\n<meta name=\"twitter:card\" content=\"summary_large_image\" \/>\n<meta name=\"twitter:description\" content=\"D\u00e9couvrez ici comment les moteurs lin\u00e9aires peuvent vous aider \u00e0 r\u00e9duire durablement la consommation d&#039;\u00e9nergie de votre production.\" \/>\n<meta name=\"twitter:label1\" content=\"Dur\u00e9e de lecture estim\u00e9e\" \/>\n\t<meta name=\"twitter:data1\" content=\"4 minutes\" \/>\n<script type=\"application\/ld+json\" class=\"yoast-schema-graph\">{\"@context\":\"https:\\\/\\\/schema.org\",\"@graph\":[{\"@type\":\"WebPage\",\"@id\":\"https:\\\/\\\/linmot.com\\\/fr\\\/solutions-industrielles\\\/remplacement-des-actionneurs-pneumatiques-par-des-moteurs-lineaires-industriels\\\/nous-vous-aidons-a-reduire-durablement-votre-consommation-denergie\\\/\",\"url\":\"https:\\\/\\\/linmot.com\\\/fr\\\/solutions-industrielles\\\/remplacement-des-actionneurs-pneumatiques-par-des-moteurs-lineaires-industriels\\\/nous-vous-aidons-a-reduire-durablement-votre-consommation-denergie\\\/\",\"name\":\"Nous vous aidons \u00e0 r\u00e9duire durablement votre consommation d'\u00e9nergie\",\"isPartOf\":{\"@id\":\"https:\\\/\\\/linmot.com\\\/fr\\\/#website\"},\"primaryImageOfPage\":{\"@id\":\"https:\\\/\\\/linmot.com\\\/fr\\\/solutions-industrielles\\\/remplacement-des-actionneurs-pneumatiques-par-des-moteurs-lineaires-industriels\\\/nous-vous-aidons-a-reduire-durablement-votre-consommation-denergie\\\/#primaryimage\"},\"image\":{\"@id\":\"https:\\\/\\\/linmot.com\\\/fr\\\/solutions-industrielles\\\/remplacement-des-actionneurs-pneumatiques-par-des-moteurs-lineaires-industriels\\\/nous-vous-aidons-a-reduire-durablement-votre-consommation-denergie\\\/#primaryimage\"},\"thumbnailUrl\":\"https:\\\/\\\/linmot.com\\\/wp-content\\\/uploads\\\/2022\\\/07\\\/energy-consumption-graphik.jpg\",\"datePublished\":\"2022-07-14T07:33:56+00:00\",\"dateModified\":\"2023-05-10T14:35:06+00:00\",\"description\":\"D\u00e9couvrez ici comment les moteurs lin\u00e9aires peuvent vous aider \u00e0 r\u00e9duire durablement la consommation d'\u00e9nergie de votre production.\",\"breadcrumb\":{\"@id\":\"https:\\\/\\\/linmot.com\\\/fr\\\/solutions-industrielles\\\/remplacement-des-actionneurs-pneumatiques-par-des-moteurs-lineaires-industriels\\\/nous-vous-aidons-a-reduire-durablement-votre-consommation-denergie\\\/#breadcrumb\"},\"inLanguage\":\"fr-FR\",\"potentialAction\":[{\"@type\":\"ReadAction\",\"target\":[\"https:\\\/\\\/linmot.com\\\/fr\\\/solutions-industrielles\\\/remplacement-des-actionneurs-pneumatiques-par-des-moteurs-lineaires-industriels\\\/nous-vous-aidons-a-reduire-durablement-votre-consommation-denergie\\\/\"]}]},{\"@type\":\"ImageObject\",\"inLanguage\":\"fr-FR\",\"@id\":\"https:\\\/\\\/linmot.com\\\/fr\\\/solutions-industrielles\\\/remplacement-des-actionneurs-pneumatiques-par-des-moteurs-lineaires-industriels\\\/nous-vous-aidons-a-reduire-durablement-votre-consommation-denergie\\\/#primaryimage\",\"url\":\"https:\\\/\\\/linmot.com\\\/wp-content\\\/uploads\\\/2022\\\/07\\\/energy-consumption-graphik.jpg\",\"contentUrl\":\"https:\\\/\\\/linmot.com\\\/wp-content\\\/uploads\\\/2022\\\/07\\\/energy-consumption-graphik.jpg\"},{\"@type\":\"BreadcrumbList\",\"@id\":\"https:\\\/\\\/linmot.com\\\/fr\\\/solutions-industrielles\\\/remplacement-des-actionneurs-pneumatiques-par-des-moteurs-lineaires-industriels\\\/nous-vous-aidons-a-reduire-durablement-votre-consommation-denergie\\\/#breadcrumb\",\"itemListElement\":[{\"@type\":\"ListItem\",\"position\":1,\"name\":\"Home\",\"item\":\"https:\\\/\\\/linmot.com\\\/fr\\\/\"},{\"@type\":\"ListItem\",\"position\":2,\"name\":\"Solutions industrielles\",\"item\":\"https:\\\/\\\/linmot.com\\\/fr\\\/solutions-industrielles\\\/\"},{\"@type\":\"ListItem\",\"position\":3,\"name\":\"Remplacement des actionneurs pneumatiques par des Moteurs Lin\u00e9aires Industriels\",\"item\":\"https:\\\/\\\/linmot.com\\\/fr\\\/solutions-industrielles\\\/remplacement-des-actionneurs-pneumatiques-par-des-moteurs-lineaires-industriels\\\/\"},{\"@type\":\"ListItem\",\"position\":4,\"name\":\"Nous vous aidons \u00e0 r\u00e9duire durablement votre consommation d&rsquo;\u00e9nergie\"}]},{\"@type\":\"WebSite\",\"@id\":\"https:\\\/\\\/linmot.com\\\/fr\\\/#website\",\"url\":\"https:\\\/\\\/linmot.com\\\/fr\\\/\",\"name\":\"LinMot &amp; MagSpring - Fran\u00e7ais\",\"description\":\"Moteurs lin\u00e9aires et des syst\u00e8mes de moteurs lin\u00e9aires de haute qualit\u00e9\",\"publisher\":{\"@id\":\"https:\\\/\\\/linmot.com\\\/fr\\\/#organization\"},\"potentialAction\":[{\"@type\":\"SearchAction\",\"target\":{\"@type\":\"EntryPoint\",\"urlTemplate\":\"https:\\\/\\\/linmot.com\\\/fr\\\/?s={search_term_string}\"},\"query-input\":{\"@type\":\"PropertyValueSpecification\",\"valueRequired\":true,\"valueName\":\"search_term_string\"}}],\"inLanguage\":\"fr-FR\"},{\"@type\":\"Organization\",\"@id\":\"https:\\\/\\\/linmot.com\\\/fr\\\/#organization\",\"name\":\"NTI AG - LinMot & MagSpring\",\"url\":\"https:\\\/\\\/linmot.com\\\/fr\\\/\",\"logo\":{\"@type\":\"ImageObject\",\"inLanguage\":\"fr-FR\",\"@id\":\"https:\\\/\\\/linmot.com\\\/fr\\\/#\\\/schema\\\/logo\\\/image\\\/\",\"url\":\"https:\\\/\\\/linmot.com\\\/fr\\\/wp-content\\\/uploads\\\/sites\\\/3\\\/2022\\\/05\\\/linmot-social-share-logo.jpg\",\"contentUrl\":\"https:\\\/\\\/linmot.com\\\/fr\\\/wp-content\\\/uploads\\\/sites\\\/3\\\/2022\\\/05\\\/linmot-social-share-logo.jpg\",\"width\":800,\"height\":500,\"caption\":\"NTI AG - LinMot & MagSpring\"},\"image\":{\"@id\":\"https:\\\/\\\/linmot.com\\\/fr\\\/#\\\/schema\\\/logo\\\/image\\\/\"},\"sameAs\":[\"https:\\\/\\\/www.linkedin.com\\\/company\\\/nti-ag-linmot-magspring\",\"https:\\\/\\\/www.youtube.com\\\/user\\\/LinMotEurope\"]}]}<\/script>\n<!-- \/ Yoast SEO Premium plugin. -->","yoast_head_json":{"title":"Nous vous aidons \u00e0 r\u00e9duire durablement votre consommation d'\u00e9nergie","description":"D\u00e9couvrez ici comment les moteurs lin\u00e9aires peuvent vous aider \u00e0 r\u00e9duire durablement la consommation d'\u00e9nergie de votre production.","robots":{"index":"index","follow":"follow","max-snippet":"max-snippet:-1","max-image-preview":"max-image-preview:large","max-video-preview":"max-video-preview:-1"},"canonical":"https:\/\/linmot.com\/fr\/solutions-industrielles\/remplacement-des-actionneurs-pneumatiques-par-des-moteurs-lineaires-industriels\/nous-vous-aidons-a-reduire-durablement-votre-consommation-denergie\/","og_locale":"fr_FR","og_type":"article","og_title":"Nous vous aidons \u00e0 r\u00e9duire durablement votre consommation d'\u00e9nergie","og_description":"D\u00e9couvrez ici comment les moteurs lin\u00e9aires peuvent vous aider \u00e0 r\u00e9duire durablement la consommation d'\u00e9nergie de votre production.","og_url":"https:\/\/linmot.com\/fr\/solutions-industrielles\/remplacement-des-actionneurs-pneumatiques-par-des-moteurs-lineaires-industriels\/nous-vous-aidons-a-reduire-durablement-votre-consommation-denergie\/","og_site_name":"LinMot &amp; MagSpring - Fran\u00e7ais","article_modified_time":"2023-05-10T14:35:06+00:00","og_image":[{"url":"https:\/\/linmot.com\/wp-content\/uploads\/2022\/07\/energy-consumption-graphik.jpg","type":"","width":"","height":""}],"twitter_card":"summary_large_image","twitter_description":"D\u00e9couvrez ici comment les moteurs lin\u00e9aires peuvent vous aider \u00e0 r\u00e9duire durablement la consommation d'\u00e9nergie de votre production.","twitter_misc":{"Dur\u00e9e de lecture estim\u00e9e":"4 minutes"},"schema":{"@context":"https:\/\/schema.org","@graph":[{"@type":"WebPage","@id":"https:\/\/linmot.com\/fr\/solutions-industrielles\/remplacement-des-actionneurs-pneumatiques-par-des-moteurs-lineaires-industriels\/nous-vous-aidons-a-reduire-durablement-votre-consommation-denergie\/","url":"https:\/\/linmot.com\/fr\/solutions-industrielles\/remplacement-des-actionneurs-pneumatiques-par-des-moteurs-lineaires-industriels\/nous-vous-aidons-a-reduire-durablement-votre-consommation-denergie\/","name":"Nous vous aidons \u00e0 r\u00e9duire durablement votre consommation d'\u00e9nergie","isPartOf":{"@id":"https:\/\/linmot.com\/fr\/#website"},"primaryImageOfPage":{"@id":"https:\/\/linmot.com\/fr\/solutions-industrielles\/remplacement-des-actionneurs-pneumatiques-par-des-moteurs-lineaires-industriels\/nous-vous-aidons-a-reduire-durablement-votre-consommation-denergie\/#primaryimage"},"image":{"@id":"https:\/\/linmot.com\/fr\/solutions-industrielles\/remplacement-des-actionneurs-pneumatiques-par-des-moteurs-lineaires-industriels\/nous-vous-aidons-a-reduire-durablement-votre-consommation-denergie\/#primaryimage"},"thumbnailUrl":"https:\/\/linmot.com\/wp-content\/uploads\/2022\/07\/energy-consumption-graphik.jpg","datePublished":"2022-07-14T07:33:56+00:00","dateModified":"2023-05-10T14:35:06+00:00","description":"D\u00e9couvrez ici comment les moteurs lin\u00e9aires peuvent vous aider \u00e0 r\u00e9duire durablement la consommation d'\u00e9nergie de votre production.","breadcrumb":{"@id":"https:\/\/linmot.com\/fr\/solutions-industrielles\/remplacement-des-actionneurs-pneumatiques-par-des-moteurs-lineaires-industriels\/nous-vous-aidons-a-reduire-durablement-votre-consommation-denergie\/#breadcrumb"},"inLanguage":"fr-FR","potentialAction":[{"@type":"ReadAction","target":["https:\/\/linmot.com\/fr\/solutions-industrielles\/remplacement-des-actionneurs-pneumatiques-par-des-moteurs-lineaires-industriels\/nous-vous-aidons-a-reduire-durablement-votre-consommation-denergie\/"]}]},{"@type":"ImageObject","inLanguage":"fr-FR","@id":"https:\/\/linmot.com\/fr\/solutions-industrielles\/remplacement-des-actionneurs-pneumatiques-par-des-moteurs-lineaires-industriels\/nous-vous-aidons-a-reduire-durablement-votre-consommation-denergie\/#primaryimage","url":"https:\/\/linmot.com\/wp-content\/uploads\/2022\/07\/energy-consumption-graphik.jpg","contentUrl":"https:\/\/linmot.com\/wp-content\/uploads\/2022\/07\/energy-consumption-graphik.jpg"},{"@type":"BreadcrumbList","@id":"https:\/\/linmot.com\/fr\/solutions-industrielles\/remplacement-des-actionneurs-pneumatiques-par-des-moteurs-lineaires-industriels\/nous-vous-aidons-a-reduire-durablement-votre-consommation-denergie\/#breadcrumb","itemListElement":[{"@type":"ListItem","position":1,"name":"Home","item":"https:\/\/linmot.com\/fr\/"},{"@type":"ListItem","position":2,"name":"Solutions industrielles","item":"https:\/\/linmot.com\/fr\/solutions-industrielles\/"},{"@type":"ListItem","position":3,"name":"Remplacement des actionneurs pneumatiques par des Moteurs Lin\u00e9aires Industriels","item":"https:\/\/linmot.com\/fr\/solutions-industrielles\/remplacement-des-actionneurs-pneumatiques-par-des-moteurs-lineaires-industriels\/"},{"@type":"ListItem","position":4,"name":"Nous vous aidons \u00e0 r\u00e9duire durablement votre consommation d&rsquo;\u00e9nergie"}]},{"@type":"WebSite","@id":"https:\/\/linmot.com\/fr\/#website","url":"https:\/\/linmot.com\/fr\/","name":"LinMot &amp; MagSpring - Fran\u00e7ais","description":"Moteurs lin\u00e9aires et des syst\u00e8mes de moteurs lin\u00e9aires de haute qualit\u00e9","publisher":{"@id":"https:\/\/linmot.com\/fr\/#organization"},"potentialAction":[{"@type":"SearchAction","target":{"@type":"EntryPoint","urlTemplate":"https:\/\/linmot.com\/fr\/?s={search_term_string}"},"query-input":{"@type":"PropertyValueSpecification","valueRequired":true,"valueName":"search_term_string"}}],"inLanguage":"fr-FR"},{"@type":"Organization","@id":"https:\/\/linmot.com\/fr\/#organization","name":"NTI AG - LinMot & MagSpring","url":"https:\/\/linmot.com\/fr\/","logo":{"@type":"ImageObject","inLanguage":"fr-FR","@id":"https:\/\/linmot.com\/fr\/#\/schema\/logo\/image\/","url":"https:\/\/linmot.com\/fr\/wp-content\/uploads\/sites\/3\/2022\/05\/linmot-social-share-logo.jpg","contentUrl":"https:\/\/linmot.com\/fr\/wp-content\/uploads\/sites\/3\/2022\/05\/linmot-social-share-logo.jpg","width":800,"height":500,"caption":"NTI AG - LinMot & MagSpring"},"image":{"@id":"https:\/\/linmot.com\/fr\/#\/schema\/logo\/image\/"},"sameAs":["https:\/\/www.linkedin.com\/company\/nti-ag-linmot-magspring","https:\/\/www.youtube.com\/user\/LinMotEurope"]}]}},"_links":{"self":[{"href":"https:\/\/linmot.com\/fr\/wp-json\/wp\/v2\/pages\/2518","targetHints":{"allow":["GET"]}}],"collection":[{"href":"https:\/\/linmot.com\/fr\/wp-json\/wp\/v2\/pages"}],"about":[{"href":"https:\/\/linmot.com\/fr\/wp-json\/wp\/v2\/types\/page"}],"author":[{"embeddable":true,"href":"https:\/\/linmot.com\/fr\/wp-json\/wp\/v2\/users\/9"}],"replies":[{"embeddable":true,"href":"https:\/\/linmot.com\/fr\/wp-json\/wp\/v2\/comments?post=2518"}],"version-history":[{"count":8,"href":"https:\/\/linmot.com\/fr\/wp-json\/wp\/v2\/pages\/2518\/revisions"}],"predecessor-version":[{"id":2935,"href":"https:\/\/linmot.com\/fr\/wp-json\/wp\/v2\/pages\/2518\/revisions\/2935"}],"up":[{"embeddable":true,"href":"https:\/\/linmot.com\/fr\/wp-json\/wp\/v2\/pages\/232"}],"wp:attachment":[{"href":"https:\/\/linmot.com\/fr\/wp-json\/wp\/v2\/media?parent=2518"}],"curies":[{"name":"wp","href":"https:\/\/api.w.org\/{rel}","templated":true}]}}