{"id":251,"date":"2017-11-07T16:00:41","date_gmt":"2017-11-07T15:00:41","guid":{"rendered":"https:\/\/linmot.com\/?page_id=251"},"modified":"2025-10-08T15:58:19","modified_gmt":"2025-10-08T13:58:19","slug":"support","status":"publish","type":"page","link":"https:\/\/linmot.com\/fr\/support\/","title":{"rendered":"Support"},"content":{"rendered":"<p>&nbsp;<\/p>\n<p class=\"page-title\">Votre premier contact pour toute demande d\u2019assistance est votre vendeur ou distributeur local. Il connait votre application et les composants que vous utilisez. Par cons\u00e9quent, cette personne est la mieux adapt\u00e9e pour vous aider de fa\u00e7on optimale. Veuillez trouver la personne responsable dans la section contact.<\/p>\n<p class=\"bodytext\">Dans nos deux \u00e9tablissements, nous disposons d\u2019\u00e9quipes d\u2019ing\u00e9nieurs d\u2019application exp\u00e9riment\u00e9s qui travaillent pour le deuxi\u00e8me niveau d\u2019assistance. Ces \u00e9quipes assistent le personnel de vente dans la r\u00e9solution des probl\u00e8mes techniques. Si n\u00e9cessaire, ils entrent aussi en contact direct avec les clients (uniquement apr\u00e8s consultation pr\u00e9alable du vendeur local).<\/p>\n<div class=\"row\">\n<div class=\"col-md-4\">\n<h4>Si\u00e8ge social<\/h4>\n<p class=\"bodytext\"><b>Tel.<\/b>: <a href=\"tel:+41565447100\">+41 56 544 71 00<\/a><br \/>\n<b>e-Mail<\/b>: support@linmot.com<\/p>\n<\/div>\n<div class=\"col-md-4\">\n<h4>Germany<\/h4>\n<p class=\"bodytext\"><b>Tel.<\/b>: <a href=\"tel:+4920185894010\">+49 201 858940 10<\/a><br \/>\n<b>e-Mail<\/b>: support@linmot.com<\/p>\n<\/div>\n<div class=\"col-md-4\">\n<h4>USA<\/h4>\n<p class=\"bodytext\"><b>Tel.<\/b>: 262-743-2555<br \/>\n<b>e-Mail<\/b>: usasupport@linmot.com<\/p>\n<\/div>\n<\/div>\n","protected":false},"excerpt":{"rendered":"<p>&nbsp; Votre premier contact pour toute demande d\u2019assistance est votre vendeur ou distributeur local. Il connait votre application et les composants que vous utilisez. Par cons\u00e9quent, cette personne est la mieux adapt\u00e9e pour vous aider de fa\u00e7on optimale. Veuillez trouver la personne responsable dans la section contact. Dans nos deux \u00e9tablissements, nous disposons d\u2019\u00e9quipes d\u2019ing\u00e9nieurs [&hellip;]<\/p>\n","protected":false},"author":1,"featured_media":0,"parent":0,"menu_order":127,"comment_status":"closed","ping_status":"closed","template":"","meta":{"_acf_changed":false,"footnotes":""},"class_list":["post-251","page","type-page","status-publish","hentry"],"acf":[],"yoast_head":"<!-- This site is optimized with the Yoast SEO Premium plugin v20.9 (Yoast SEO v27.2) - https:\/\/yoast.com\/product\/yoast-seo-premium-wordpress\/ -->\n<title>Support - Votre point de contact pour les demandes de support<\/title>\n<meta name=\"description\" content=\"Vous ne savez pas vers qui vous tourner pour poser une question sur les moteurs lin\u00e9aires ? Alors cette page vous aidera.\" \/>\n<meta name=\"robots\" content=\"index, follow, max-snippet:-1, max-image-preview:large, max-video-preview:-1\" \/>\n<link rel=\"canonical\" href=\"https:\/\/linmot.com\/fr\/support\/\" \/>\n<meta property=\"og:locale\" content=\"fr_FR\" \/>\n<meta property=\"og:type\" content=\"article\" \/>\n<meta property=\"og:title\" content=\"Support\" \/>\n<meta property=\"og:description\" content=\"Vous ne savez pas vers qui vous tourner pour poser une question sur les moteurs lin\u00e9aires ? Alors cette page vous aidera.\" \/>\n<meta property=\"og:url\" content=\"https:\/\/linmot.com\/fr\/support\/\" \/>\n<meta property=\"og:site_name\" content=\"LinMot &amp; MagSpring - Fran\u00e7ais\" \/>\n<meta property=\"article:modified_time\" content=\"2025-10-08T13:58:19+00:00\" \/>\n<meta property=\"og:image\" content=\"https:\/\/linmot.com\/fr\/wp-content\/uploads\/sites\/3\/2022\/05\/linmot-social-share-logo.jpg\" \/>\n\t<meta property=\"og:image:width\" content=\"800\" \/>\n\t<meta property=\"og:image:height\" content=\"500\" \/>\n\t<meta property=\"og:image:type\" content=\"image\/jpeg\" \/>\n<meta name=\"twitter:card\" content=\"summary_large_image\" \/>\n<meta name=\"twitter:description\" content=\"Vous ne savez pas vers qui vous tourner pour poser une question sur les moteurs lin\u00e9aires ? Alors cette page vous aidera.\" \/>\n<meta name=\"twitter:label1\" content=\"Dur\u00e9e de lecture estim\u00e9e\" \/>\n\t<meta name=\"twitter:data1\" content=\"1 minute\" \/>\n<script type=\"application\/ld+json\" class=\"yoast-schema-graph\">{\"@context\":\"https:\/\/schema.org\",\"@graph\":[{\"@type\":\"WebPage\",\"@id\":\"https:\/\/linmot.com\/fr\/support\/\",\"url\":\"https:\/\/linmot.com\/fr\/support\/\",\"name\":\"Support - Votre point de contact pour les demandes de support\",\"isPartOf\":{\"@id\":\"https:\/\/linmot.com\/fr\/#website\"},\"datePublished\":\"2017-11-07T15:00:41+00:00\",\"dateModified\":\"2025-10-08T13:58:19+00:00\",\"description\":\"Vous ne savez pas vers qui vous tourner pour poser une question sur les moteurs lin\u00e9aires ? Alors cette page vous aidera.\",\"breadcrumb\":{\"@id\":\"https:\/\/linmot.com\/fr\/support\/#breadcrumb\"},\"inLanguage\":\"fr-FR\",\"potentialAction\":[{\"@type\":\"ReadAction\",\"target\":[\"https:\/\/linmot.com\/fr\/support\/\"]}]},{\"@type\":\"BreadcrumbList\",\"@id\":\"https:\/\/linmot.com\/fr\/support\/#breadcrumb\",\"itemListElement\":[{\"@type\":\"ListItem\",\"position\":1,\"name\":\"Home\",\"item\":\"https:\/\/linmot.com\/fr\/\"},{\"@type\":\"ListItem\",\"position\":2,\"name\":\"Support\"}]},{\"@type\":\"WebSite\",\"@id\":\"https:\/\/linmot.com\/fr\/#website\",\"url\":\"https:\/\/linmot.com\/fr\/\",\"name\":\"LinMot &amp; MagSpring - Fran\u00e7ais\",\"description\":\"Moteurs lin\u00e9aires et des syst\u00e8mes de moteurs lin\u00e9aires de haute qualit\u00e9\",\"publisher\":{\"@id\":\"https:\/\/linmot.com\/fr\/#organization\"},\"potentialAction\":[{\"@type\":\"SearchAction\",\"target\":{\"@type\":\"EntryPoint\",\"urlTemplate\":\"https:\/\/linmot.com\/fr\/?s={search_term_string}\"},\"query-input\":{\"@type\":\"PropertyValueSpecification\",\"valueRequired\":true,\"valueName\":\"search_term_string\"}}],\"inLanguage\":\"fr-FR\"},{\"@type\":\"Organization\",\"@id\":\"https:\/\/linmot.com\/fr\/#organization\",\"name\":\"NTI AG - LinMot & MagSpring\",\"url\":\"https:\/\/linmot.com\/fr\/\",\"logo\":{\"@type\":\"ImageObject\",\"inLanguage\":\"fr-FR\",\"@id\":\"https:\/\/linmot.com\/fr\/#\/schema\/logo\/image\/\",\"url\":\"https:\/\/linmot.com\/fr\/wp-content\/uploads\/sites\/3\/2022\/05\/linmot-social-share-logo.jpg\",\"contentUrl\":\"https:\/\/linmot.com\/fr\/wp-content\/uploads\/sites\/3\/2022\/05\/linmot-social-share-logo.jpg\",\"width\":800,\"height\":500,\"caption\":\"NTI AG - LinMot & MagSpring\"},\"image\":{\"@id\":\"https:\/\/linmot.com\/fr\/#\/schema\/logo\/image\/\"},\"sameAs\":[\"https:\/\/www.linkedin.com\/company\/nti-ag-linmot-magspring\",\"https:\/\/www.youtube.com\/user\/LinMotEurope\"]}]}<\/script>\n<!-- \/ Yoast SEO Premium plugin. -->","yoast_head_json":{"title":"Support - Votre point de contact pour les demandes de support","description":"Vous ne savez pas vers qui vous tourner pour poser une question sur les moteurs lin\u00e9aires ? Alors cette page vous aidera.","robots":{"index":"index","follow":"follow","max-snippet":"max-snippet:-1","max-image-preview":"max-image-preview:large","max-video-preview":"max-video-preview:-1"},"canonical":"https:\/\/linmot.com\/fr\/support\/","og_locale":"fr_FR","og_type":"article","og_title":"Support","og_description":"Vous ne savez pas vers qui vous tourner pour poser une question sur les moteurs lin\u00e9aires ? Alors cette page vous aidera.","og_url":"https:\/\/linmot.com\/fr\/support\/","og_site_name":"LinMot &amp; MagSpring - Fran\u00e7ais","article_modified_time":"2025-10-08T13:58:19+00:00","og_image":[{"width":800,"height":500,"url":"https:\/\/linmot.com\/fr\/wp-content\/uploads\/sites\/3\/2022\/05\/linmot-social-share-logo.jpg","type":"image\/jpeg"}],"twitter_card":"summary_large_image","twitter_description":"Vous ne savez pas vers qui vous tourner pour poser une question sur les moteurs lin\u00e9aires ? Alors cette page vous aidera.","twitter_misc":{"Dur\u00e9e de lecture estim\u00e9e":"1 minute"},"schema":{"@context":"https:\/\/schema.org","@graph":[{"@type":"WebPage","@id":"https:\/\/linmot.com\/fr\/support\/","url":"https:\/\/linmot.com\/fr\/support\/","name":"Support - Votre point de contact pour les demandes de support","isPartOf":{"@id":"https:\/\/linmot.com\/fr\/#website"},"datePublished":"2017-11-07T15:00:41+00:00","dateModified":"2025-10-08T13:58:19+00:00","description":"Vous ne savez pas vers qui vous tourner pour poser une question sur les moteurs lin\u00e9aires ? Alors cette page vous aidera.","breadcrumb":{"@id":"https:\/\/linmot.com\/fr\/support\/#breadcrumb"},"inLanguage":"fr-FR","potentialAction":[{"@type":"ReadAction","target":["https:\/\/linmot.com\/fr\/support\/"]}]},{"@type":"BreadcrumbList","@id":"https:\/\/linmot.com\/fr\/support\/#breadcrumb","itemListElement":[{"@type":"ListItem","position":1,"name":"Home","item":"https:\/\/linmot.com\/fr\/"},{"@type":"ListItem","position":2,"name":"Support"}]},{"@type":"WebSite","@id":"https:\/\/linmot.com\/fr\/#website","url":"https:\/\/linmot.com\/fr\/","name":"LinMot &amp; MagSpring - Fran\u00e7ais","description":"Moteurs lin\u00e9aires et des syst\u00e8mes de moteurs lin\u00e9aires de haute qualit\u00e9","publisher":{"@id":"https:\/\/linmot.com\/fr\/#organization"},"potentialAction":[{"@type":"SearchAction","target":{"@type":"EntryPoint","urlTemplate":"https:\/\/linmot.com\/fr\/?s={search_term_string}"},"query-input":{"@type":"PropertyValueSpecification","valueRequired":true,"valueName":"search_term_string"}}],"inLanguage":"fr-FR"},{"@type":"Organization","@id":"https:\/\/linmot.com\/fr\/#organization","name":"NTI AG - LinMot & MagSpring","url":"https:\/\/linmot.com\/fr\/","logo":{"@type":"ImageObject","inLanguage":"fr-FR","@id":"https:\/\/linmot.com\/fr\/#\/schema\/logo\/image\/","url":"https:\/\/linmot.com\/fr\/wp-content\/uploads\/sites\/3\/2022\/05\/linmot-social-share-logo.jpg","contentUrl":"https:\/\/linmot.com\/fr\/wp-content\/uploads\/sites\/3\/2022\/05\/linmot-social-share-logo.jpg","width":800,"height":500,"caption":"NTI AG - LinMot & MagSpring"},"image":{"@id":"https:\/\/linmot.com\/fr\/#\/schema\/logo\/image\/"},"sameAs":["https:\/\/www.linkedin.com\/company\/nti-ag-linmot-magspring","https:\/\/www.youtube.com\/user\/LinMotEurope"]}]}},"_links":{"self":[{"href":"https:\/\/linmot.com\/fr\/wp-json\/wp\/v2\/pages\/251","targetHints":{"allow":["GET"]}}],"collection":[{"href":"https:\/\/linmot.com\/fr\/wp-json\/wp\/v2\/pages"}],"about":[{"href":"https:\/\/linmot.com\/fr\/wp-json\/wp\/v2\/types\/page"}],"author":[{"embeddable":true,"href":"https:\/\/linmot.com\/fr\/wp-json\/wp\/v2\/users\/1"}],"replies":[{"embeddable":true,"href":"https:\/\/linmot.com\/fr\/wp-json\/wp\/v2\/comments?post=251"}],"version-history":[{"count":9,"href":"https:\/\/linmot.com\/fr\/wp-json\/wp\/v2\/pages\/251\/revisions"}],"predecessor-version":[{"id":3902,"href":"https:\/\/linmot.com\/fr\/wp-json\/wp\/v2\/pages\/251\/revisions\/3902"}],"wp:attachment":[{"href":"https:\/\/linmot.com\/fr\/wp-json\/wp\/v2\/media?parent=251"}],"curies":[{"name":"wp","href":"https:\/\/api.w.org\/{rel}","templated":true}]}}