{"id":2456,"date":"2022-05-25T11:13:12","date_gmt":"2022-05-25T09:13:12","guid":{"rendered":"https:\/\/linmot.com\/fr\/?page_id=2456"},"modified":"2024-10-30T09:28:53","modified_gmt":"2024-10-30T08:28:53","slug":"suivez-linmot","status":"publish","type":"page","link":"https:\/\/linmot.com\/fr\/suivez-linmot\/","title":{"rendered":"Suivez LinMot"},"content":{"rendered":"<p><strong>LinMot communique r\u00e9guli\u00e8rement sur diff\u00e9rentes plateformes de nouveaux rapports d&rsquo;application, des vid\u00e9os de produits et des nouveaut\u00e9s. Sur cette page, nous vous montrons o\u00f9 vous pouvez vous informer partout.<\/strong><\/p>\n<hr \/>\n<h2>Canaux de m\u00e9dias sociaux<\/h2>\n<div class=\"row\">\n<div class=\"col-md-3\">\n<strong>LinkedIn<\/strong><br \/>\n<a class=\"download\" href=\"https:\/\/www.linkedin.com\/company\/nti-ag-linmot-magspring\" target=\"_blank\" rel=\"noopener\"><img loading=\"lazy\" decoding=\"async\" class=\"alignnone wp-image-3377 size-full\" src=\"https:\/\/linmot.com\/de\/wp-content\/uploads\/sites\/2\/2022\/05\/LinkedIn-Logo.jpg\" alt=\"\" width=\"300\" height=\"100\" \/><\/a><\/p>\n<p>Langue du canal:<br \/>\nanglais<\/p>\n<p><a class=\"button\" href=\"https:\/\/www.linkedin.com\/company\/nti-ag-linmot-magspring\" target=\"_blank\" rel=\"noopener\">Vers le canal sur LinkedIn<\/a><\/p>\n<\/div>\n<div class=\"col-md-1\">\n<\/div>\n<div class=\"col-md-3\">\n<strong>YouTube<\/strong><br \/>\n<a class=\"download\" href=\"https:\/\/www.youtube.com\/c\/LinMotEurope\" target=\"_blank\" rel=\"noopener\"><img loading=\"lazy\" decoding=\"async\" class=\"alignnone wp-image-3376 size-full\" src=\"https:\/\/linmot.com\/de\/wp-content\/uploads\/sites\/2\/2022\/05\/YouTube-Logo-page.jpg\" alt=\"\" width=\"300\" height=\"100\" \/><\/a><\/p>\n<p>Langue du canal:<br \/>\nallemand &amp; anglais<\/p>\n<p><a class=\"button\" href=\"https:\/\/www.youtube.com\/c\/LinMotEurope\" target=\"_blank\" rel=\"noopener\">Vers le canal sur YouTube<\/a><\/p>\n<\/div>\n<div class=\"col-md-1\">\n<\/div>\n<div class=\"col-md-3\">\n<\/div>\n<\/div>\n","protected":false},"excerpt":{"rendered":"<p>LinMot communique r\u00e9guli\u00e8rement sur diff\u00e9rentes plateformes de nouveaux rapports d&rsquo;application, des vid\u00e9os de produits et des nouveaut\u00e9s. Sur cette page, nous vous montrons o\u00f9 vous pouvez vous informer partout. Canaux de m\u00e9dias sociaux<\/p>\n","protected":false},"author":9,"featured_media":0,"parent":0,"menu_order":17,"comment_status":"closed","ping_status":"closed","template":"","meta":{"_acf_changed":false,"footnotes":""},"class_list":["post-2456","page","type-page","status-publish","hentry"],"acf":[],"yoast_head":"<!-- This site is optimized with the Yoast SEO Premium plugin v20.9 (Yoast SEO v27.2) - https:\/\/yoast.com\/product\/yoast-seo-premium-wordpress\/ -->\n<title>Suivez LinMot - LinMot &amp; MagSpring - Fran\u00e7ais<\/title>\n<meta name=\"description\" content=\"Sur cette page, nous vous montrons sur quelles plates-formes et quels canaux les nouveaut\u00e9s de LinMot sont communiqu\u00e9es. Suivez-nous !\" \/>\n<meta name=\"robots\" content=\"noindex, follow\" \/>\n<meta property=\"og:locale\" content=\"fr_FR\" \/>\n<meta property=\"og:type\" content=\"article\" \/>\n<meta property=\"og:title\" content=\"Suivez LinMot\" \/>\n<meta property=\"og:description\" content=\"Sur cette page, nous vous montrons sur quelles plates-formes et quels canaux les nouveaut\u00e9s de LinMot sont communiqu\u00e9es. Suivez-nous !\" \/>\n<meta property=\"og:url\" content=\"https:\/\/linmot.com\/fr\/suivez-linmot\/\" \/>\n<meta property=\"og:site_name\" content=\"LinMot &amp; MagSpring - Fran\u00e7ais\" \/>\n<meta property=\"article:modified_time\" content=\"2024-10-30T08:28:53+00:00\" \/>\n<meta property=\"og:image\" content=\"https:\/\/linmot.com\/fr\/wp-content\/uploads\/sites\/3\/2022\/05\/linmot-social-share-logo.jpg\" \/>\n\t<meta property=\"og:image:width\" content=\"800\" \/>\n\t<meta property=\"og:image:height\" content=\"500\" \/>\n\t<meta property=\"og:image:type\" content=\"image\/jpeg\" \/>\n<meta name=\"twitter:card\" content=\"summary_large_image\" \/>\n<meta name=\"twitter:label1\" content=\"Dur\u00e9e de lecture estim\u00e9e\" \/>\n\t<meta name=\"twitter:data1\" content=\"1 minute\" \/>\n<script type=\"application\/ld+json\" class=\"yoast-schema-graph\">{\"@context\":\"https:\/\/schema.org\",\"@graph\":[{\"@type\":\"WebPage\",\"@id\":\"https:\/\/linmot.com\/fr\/suivez-linmot\/\",\"url\":\"https:\/\/linmot.com\/fr\/suivez-linmot\/\",\"name\":\"Suivez LinMot - LinMot &amp; MagSpring - Fran\u00e7ais\",\"isPartOf\":{\"@id\":\"https:\/\/linmot.com\/fr\/#website\"},\"primaryImageOfPage\":{\"@id\":\"https:\/\/linmot.com\/fr\/suivez-linmot\/#primaryimage\"},\"image\":{\"@id\":\"https:\/\/linmot.com\/fr\/suivez-linmot\/#primaryimage\"},\"thumbnailUrl\":\"https:\/\/linmot.com\/de\/wp-content\/uploads\/sites\/2\/2022\/05\/LinkedIn-Logo.jpg\",\"datePublished\":\"2022-05-25T09:13:12+00:00\",\"dateModified\":\"2024-10-30T08:28:53+00:00\",\"description\":\"Sur cette page, nous vous montrons sur quelles plates-formes et quels canaux les nouveaut\u00e9s de LinMot sont communiqu\u00e9es. Suivez-nous !\",\"breadcrumb\":{\"@id\":\"https:\/\/linmot.com\/fr\/suivez-linmot\/#breadcrumb\"},\"inLanguage\":\"fr-FR\",\"potentialAction\":[{\"@type\":\"ReadAction\",\"target\":[\"https:\/\/linmot.com\/fr\/suivez-linmot\/\"]}]},{\"@type\":\"ImageObject\",\"inLanguage\":\"fr-FR\",\"@id\":\"https:\/\/linmot.com\/fr\/suivez-linmot\/#primaryimage\",\"url\":\"https:\/\/linmot.com\/de\/wp-content\/uploads\/sites\/2\/2022\/05\/LinkedIn-Logo.jpg\",\"contentUrl\":\"https:\/\/linmot.com\/de\/wp-content\/uploads\/sites\/2\/2022\/05\/LinkedIn-Logo.jpg\"},{\"@type\":\"BreadcrumbList\",\"@id\":\"https:\/\/linmot.com\/fr\/suivez-linmot\/#breadcrumb\",\"itemListElement\":[{\"@type\":\"ListItem\",\"position\":1,\"name\":\"Home\",\"item\":\"https:\/\/linmot.com\/fr\/\"},{\"@type\":\"ListItem\",\"position\":2,\"name\":\"Suivez LinMot\"}]},{\"@type\":\"WebSite\",\"@id\":\"https:\/\/linmot.com\/fr\/#website\",\"url\":\"https:\/\/linmot.com\/fr\/\",\"name\":\"LinMot &amp; MagSpring - Fran\u00e7ais\",\"description\":\"Moteurs lin\u00e9aires et des syst\u00e8mes de moteurs lin\u00e9aires de haute qualit\u00e9\",\"publisher\":{\"@id\":\"https:\/\/linmot.com\/fr\/#organization\"},\"potentialAction\":[{\"@type\":\"SearchAction\",\"target\":{\"@type\":\"EntryPoint\",\"urlTemplate\":\"https:\/\/linmot.com\/fr\/?s={search_term_string}\"},\"query-input\":{\"@type\":\"PropertyValueSpecification\",\"valueRequired\":true,\"valueName\":\"search_term_string\"}}],\"inLanguage\":\"fr-FR\"},{\"@type\":\"Organization\",\"@id\":\"https:\/\/linmot.com\/fr\/#organization\",\"name\":\"NTI AG - LinMot & MagSpring\",\"url\":\"https:\/\/linmot.com\/fr\/\",\"logo\":{\"@type\":\"ImageObject\",\"inLanguage\":\"fr-FR\",\"@id\":\"https:\/\/linmot.com\/fr\/#\/schema\/logo\/image\/\",\"url\":\"https:\/\/linmot.com\/fr\/wp-content\/uploads\/sites\/3\/2022\/05\/linmot-social-share-logo.jpg\",\"contentUrl\":\"https:\/\/linmot.com\/fr\/wp-content\/uploads\/sites\/3\/2022\/05\/linmot-social-share-logo.jpg\",\"width\":800,\"height\":500,\"caption\":\"NTI AG - LinMot & MagSpring\"},\"image\":{\"@id\":\"https:\/\/linmot.com\/fr\/#\/schema\/logo\/image\/\"},\"sameAs\":[\"https:\/\/www.linkedin.com\/company\/nti-ag-linmot-magspring\",\"https:\/\/www.youtube.com\/user\/LinMotEurope\"]}]}<\/script>\n<!-- \/ Yoast SEO Premium plugin. -->","yoast_head_json":{"title":"Suivez LinMot - LinMot &amp; MagSpring - Fran\u00e7ais","description":"Sur cette page, nous vous montrons sur quelles plates-formes et quels canaux les nouveaut\u00e9s de LinMot sont communiqu\u00e9es. Suivez-nous !","robots":{"index":"noindex","follow":"follow"},"og_locale":"fr_FR","og_type":"article","og_title":"Suivez LinMot","og_description":"Sur cette page, nous vous montrons sur quelles plates-formes et quels canaux les nouveaut\u00e9s de LinMot sont communiqu\u00e9es. Suivez-nous !","og_url":"https:\/\/linmot.com\/fr\/suivez-linmot\/","og_site_name":"LinMot &amp; MagSpring - Fran\u00e7ais","article_modified_time":"2024-10-30T08:28:53+00:00","og_image":[{"width":800,"height":500,"url":"https:\/\/linmot.com\/fr\/wp-content\/uploads\/sites\/3\/2022\/05\/linmot-social-share-logo.jpg","type":"image\/jpeg"}],"twitter_card":"summary_large_image","twitter_misc":{"Dur\u00e9e de lecture estim\u00e9e":"1 minute"},"schema":{"@context":"https:\/\/schema.org","@graph":[{"@type":"WebPage","@id":"https:\/\/linmot.com\/fr\/suivez-linmot\/","url":"https:\/\/linmot.com\/fr\/suivez-linmot\/","name":"Suivez LinMot - LinMot &amp; MagSpring - Fran\u00e7ais","isPartOf":{"@id":"https:\/\/linmot.com\/fr\/#website"},"primaryImageOfPage":{"@id":"https:\/\/linmot.com\/fr\/suivez-linmot\/#primaryimage"},"image":{"@id":"https:\/\/linmot.com\/fr\/suivez-linmot\/#primaryimage"},"thumbnailUrl":"https:\/\/linmot.com\/de\/wp-content\/uploads\/sites\/2\/2022\/05\/LinkedIn-Logo.jpg","datePublished":"2022-05-25T09:13:12+00:00","dateModified":"2024-10-30T08:28:53+00:00","description":"Sur cette page, nous vous montrons sur quelles plates-formes et quels canaux les nouveaut\u00e9s de LinMot sont communiqu\u00e9es. Suivez-nous !","breadcrumb":{"@id":"https:\/\/linmot.com\/fr\/suivez-linmot\/#breadcrumb"},"inLanguage":"fr-FR","potentialAction":[{"@type":"ReadAction","target":["https:\/\/linmot.com\/fr\/suivez-linmot\/"]}]},{"@type":"ImageObject","inLanguage":"fr-FR","@id":"https:\/\/linmot.com\/fr\/suivez-linmot\/#primaryimage","url":"https:\/\/linmot.com\/de\/wp-content\/uploads\/sites\/2\/2022\/05\/LinkedIn-Logo.jpg","contentUrl":"https:\/\/linmot.com\/de\/wp-content\/uploads\/sites\/2\/2022\/05\/LinkedIn-Logo.jpg"},{"@type":"BreadcrumbList","@id":"https:\/\/linmot.com\/fr\/suivez-linmot\/#breadcrumb","itemListElement":[{"@type":"ListItem","position":1,"name":"Home","item":"https:\/\/linmot.com\/fr\/"},{"@type":"ListItem","position":2,"name":"Suivez LinMot"}]},{"@type":"WebSite","@id":"https:\/\/linmot.com\/fr\/#website","url":"https:\/\/linmot.com\/fr\/","name":"LinMot &amp; MagSpring - Fran\u00e7ais","description":"Moteurs lin\u00e9aires et des syst\u00e8mes de moteurs lin\u00e9aires de haute qualit\u00e9","publisher":{"@id":"https:\/\/linmot.com\/fr\/#organization"},"potentialAction":[{"@type":"SearchAction","target":{"@type":"EntryPoint","urlTemplate":"https:\/\/linmot.com\/fr\/?s={search_term_string}"},"query-input":{"@type":"PropertyValueSpecification","valueRequired":true,"valueName":"search_term_string"}}],"inLanguage":"fr-FR"},{"@type":"Organization","@id":"https:\/\/linmot.com\/fr\/#organization","name":"NTI AG - LinMot & MagSpring","url":"https:\/\/linmot.com\/fr\/","logo":{"@type":"ImageObject","inLanguage":"fr-FR","@id":"https:\/\/linmot.com\/fr\/#\/schema\/logo\/image\/","url":"https:\/\/linmot.com\/fr\/wp-content\/uploads\/sites\/3\/2022\/05\/linmot-social-share-logo.jpg","contentUrl":"https:\/\/linmot.com\/fr\/wp-content\/uploads\/sites\/3\/2022\/05\/linmot-social-share-logo.jpg","width":800,"height":500,"caption":"NTI AG - LinMot & MagSpring"},"image":{"@id":"https:\/\/linmot.com\/fr\/#\/schema\/logo\/image\/"},"sameAs":["https:\/\/www.linkedin.com\/company\/nti-ag-linmot-magspring","https:\/\/www.youtube.com\/user\/LinMotEurope"]}]}},"_links":{"self":[{"href":"https:\/\/linmot.com\/fr\/wp-json\/wp\/v2\/pages\/2456","targetHints":{"allow":["GET"]}}],"collection":[{"href":"https:\/\/linmot.com\/fr\/wp-json\/wp\/v2\/pages"}],"about":[{"href":"https:\/\/linmot.com\/fr\/wp-json\/wp\/v2\/types\/page"}],"author":[{"embeddable":true,"href":"https:\/\/linmot.com\/fr\/wp-json\/wp\/v2\/users\/9"}],"replies":[{"embeddable":true,"href":"https:\/\/linmot.com\/fr\/wp-json\/wp\/v2\/comments?post=2456"}],"version-history":[{"count":7,"href":"https:\/\/linmot.com\/fr\/wp-json\/wp\/v2\/pages\/2456\/revisions"}],"predecessor-version":[{"id":3516,"href":"https:\/\/linmot.com\/fr\/wp-json\/wp\/v2\/pages\/2456\/revisions\/3516"}],"wp:attachment":[{"href":"https:\/\/linmot.com\/fr\/wp-json\/wp\/v2\/media?parent=2456"}],"curies":[{"name":"wp","href":"https:\/\/api.w.org\/{rel}","templated":true}]}}