{"id":2375,"date":"2022-04-21T17:10:49","date_gmt":"2022-04-21T15:10:49","guid":{"rendered":"https:\/\/linmot.com\/fr\/?page_id=2375"},"modified":"2024-05-08T14:27:51","modified_gmt":"2024-05-08T12:27:51","slug":"demandes-rapports","status":"publish","type":"page","link":"https:\/\/linmot.com\/fr\/solutions-industrielles\/demandes-rapports\/","title":{"rendered":"Demandes &#8211; Rapports"},"content":{"rendered":"<div class=\"row download\">\n<div class=\"col-md-4\">\n<h4 class=\"download-title\">Moteurs lin\u00e9aires Standard<\/h4>\n<p class=\"bodytext\">Jolis emballages<\/p>\n<\/div>\n<div class=\"col-md-8\">\n<div class=\"download-box\"><a href=\"https:\/\/linmot.com\/wp-content\/uploads\/2022\/04\/Application_report_pretty_wrappings_EN.pdf\" target=\"_blank\" rel=\"noopener noreferrer\"><span class=\"name\">ENG<\/span><span class=\"size\">3.5 MB<\/span><\/a><\/div>\n<\/div>\n<div class=\"col-md-4\">\n<p class=\"bodytext\">Vers les \u00e9toiles et au-del\u00e0<\/p>\n<\/div>\n<div class=\"col-md-4\">\n<div class=\"download-box\"><a href=\"https:\/\/linmot.com\/wp-content\/uploads\/2022\/04\/Application_report_To_the_stars_and_beyond_EN.pdf\" target=\"_blank\" rel=\"noopener noreferrer\"><span class=\"name\">ENG<\/span><span class=\"size\">3.8 MB<\/span><\/a><\/div>\n<\/div>\n<div class=\"col-md-4\">\n<div class=\"download-box\"><a href=\"\/fr\/blog\/vers-les-etoiles-et-au-dela-les-machines-de-remplissage-et-de-fermeture-de-zellwag-ag\/\" rel=\"noopener noreferrer\"><span class=\"name\">Vers l&rsquo;article de blog<\/span>en fran\u00e7ais<\/a><\/div>\n<\/div>\n<div class=\"col-md-4\">\n<p class=\"bodytext\">Pick&amp;place avec la technologie \u00e0 entra\u00eenement direct<\/p>\n<\/div>\n<div class=\"col-md-4\">\n<div class=\"download-box\"><a href=\"https:\/\/linmot.com\/wp-content\/uploads\/2022\/04\/Application_report_pick_place_EN.pdf\" target=\"_blank\" rel=\"noopener noreferrer\"><span class=\"name\">ENG<\/span><span class=\"size\">3.1 MB<\/span><\/a><\/div>\n<\/div>\n<div class=\"col-md-4\">\n<div class=\"download-box\"><a href=\"\/fr\/blog\/pickplace-avec-technologie-dentrainement-direct\/\" rel=\"noopener noreferrer\"><span class=\"name\">Vers l&rsquo;article de blog<\/span>en fran\u00e7ais<\/a><\/div>\n<\/div>\n<div class=\"col-md-4\">\n<p class=\"bodytext\">LinMot \u00e0 pleine vitesse<\/p>\n<\/div>\n<div class=\"col-md-8\">\n<div class=\"download-box\"><a href=\"https:\/\/linmot.com\/wp-content\/uploads\/2022\/04\/Application_report_Full_speed_with_LinMot_ENG.pdf\" target=\"_blank\" rel=\"noopener noreferrer\"><span class=\"name\">ENG<\/span><span class=\"size\">3.2 MB<\/span><\/a><\/div>\n<\/div>\n<div class=\"col-md-4\">\n<p class=\"bodytext\">COVID-19 : moteur lin\u00e9aire utilis\u00e9 comme poumon artificiel pour les tests de masques<\/p>\n<\/div>\n<div class=\"col-md-4\">\n<div class=\"download-box\"><a href=\"https:\/\/linmot.com\/wp-content\/uploads\/2022\/09\/kuenstliche_lunge_en.pdf\" target=\"_blank\" rel=\"noopener noreferrer\"><span class=\"name\">ENG<\/span><span class=\"size\">2.0 MB<\/span><\/a><\/div>\n<\/div>\n<div class=\"col-md-4\">\n<div class=\"download-box\"><a href=\"\/fr\/blog\/covid-19-moteur-lineaire-utilise-comme-poumon-artificiel-pour-les-tests-de-masques\/\" rel=\"noopener noreferrer\"><span class=\"name\">Vers l\u2019article de blog<\/span>en fran\u00e7ais<\/a><\/div>\n<\/div>\n<div class=\"col-md-4\">\n<p class=\"bodytext\">L\u2019avenir des emballages d\u2019exp\u00e9dition<\/p>\n<\/div>\n<div class=\"col-md-8\">\n<div class=\"download-box\"><a href=\"\/fr\/blog\/lavenir-des-emballages-dexpedition\/\" rel=\"noopener noreferrer\"><span class=\"name\">Vers l\u2019article de blog<\/span>en fran\u00e7ais<\/a><\/div>\n<\/div>\n<div class=\"col-md-4\">\n<p class=\"bodytext\">La lutte contre la contrefa\u00e7on de m\u00e9dicaments \u2013 Driven by LinMot<\/p>\n<\/div>\n<div class=\"col-md-4\">\n<div class=\"download-box\"><a href=\"https:\/\/linmot.com\/wp-content\/uploads\/2022\/09\/kampf_gegen_medikamentenfaelschung-hicof_e.pdf\" target=\"_blank\" rel=\"noopener noreferrer\"><span class=\"name\">ENG<\/span><span class=\"size\">2.0 MB<\/span><\/a><\/div>\n<\/div>\n<div class=\"col-md-4\">\n<div class=\"download-box\"><a href=\"\/fr\/blog\/la-lutte-contre-la-contrefacon-de-medicaments-driven-by-linmot\/\" rel=\"noopener noreferrer\"><span class=\"name\">Vers l\u2019article de blog<\/span>en fran\u00e7ais<\/a><\/div>\n<\/div>\n<\/div>\n<div class=\"row download\">\n<div class=\"col-md-4\">\n<h4 class=\"download-title\">Moteurs courts<\/h4>\n<p class=\"bodytext\">Les moteurs lin\u00e9aires permettent aux pr\u00e9henseurs de robots de faire un bond en avant<\/p>\n<\/div>\n<div class=\"col-md-8\">\n<div class=\"download-box\"><a href=\"https:\/\/linmot.com\/wp-content\/uploads\/2022\/04\/Application_report_Robot_gripper_EN.pdf\" target=\"_blank\" rel=\"noopener noreferrer\"><span class=\"name\">ENG<\/span><span class=\"size\">2.1 MB<\/span><\/a><\/div>\n<\/div>\n<\/div>\n<div class=\"row download\">\n<div class=\"col-md-4\">\n<h4 class=\"download-title\">Moteurs lin\u00e9aires 3&#215;400 VAC<\/h4>\n<p class=\"bodytext\">Technologie de l&rsquo;entra\u00eenement ultime<\/p>\n<\/div>\n<div class=\"col-md-4\">\n<div class=\"download-box\"><a href=\"https:\/\/linmot.com\/wp-content\/uploads\/2022\/04\/Application_report_Ultimate_drive_technology_Chocolat_Frey_EN.pdf\" target=\"_blank\" rel=\"noopener noreferrer\"><span class=\"name\">ENG<\/span><span class=\"size\">3.1 MB<\/span><\/a><\/div>\n<\/div>\n<div class=\"col-md-4\">\n<div class=\"download-box\"><a href=\"\/fr\/blog\/une-technique-dentrainement-aux-formes-parfaites\/\" rel=\"noopener noreferrer\"><span class=\"name\">Vers l&rsquo;article de blog<\/span>en fran\u00e7ais<\/a><\/div>\n<\/div>\n<\/div>\n<div class=\"row download\">\n<div class=\"col-md-4\">\n<h4 class=\"download-title\">Moteurs en acier inoxydable<\/h4>\n<p class=\"bodytext\">Les moteurs lin\u00e9aires INOX assurent la sant\u00e9 des poissons d\u2019\u00e9levage<\/p>\n<\/div>\n<div class=\"col-md-4\">\n<div class=\"download-box\"><a href=\"https:\/\/linmot.com\/wp-content\/uploads\/2022\/04\/Application_report_fish_vaccination_EN.pdf\" target=\"_blank\" rel=\"noopener noreferrer\"><span class=\"name\">ENG<\/span><span class=\"size\">5.8 MB<\/span><\/a><\/div>\n<\/div>\n<div class=\"col-md-4\">\n<div class=\"download-box\"><a href=\"\/fr\/blog\/les-moteurs-lineaires-inox-assurent-la-sante-des-poissons-delevage\/\" rel=\"noopener noreferrer\"><span class=\"name\">Vers l&rsquo;article de blog<\/span>en fran\u00e7ais<\/a><\/div>\n<\/div>\n<div class=\"col-md-4\">\n<p class=\"bodytext\">Remplissage rapide et souple<\/p>\n<\/div>\n<div class=\"col-md-4\">\n<div class=\"download-box\"><a href=\"https:\/\/linmot.com\/wp-content\/uploads\/2022\/04\/Application_report_LinMot_Toelke_filling_EN.pdf\" target=\"_blank\" rel=\"noopener noreferrer\"><span class=\"name\">ENG<\/span><span class=\"size\">5.0 MB<\/span><\/a><\/div>\n<\/div>\n<div class=\"col-md-4\">\n<div class=\"download-box\"><a href=\"\/fr\/blog\/remplissage-flexible-et-rapide\/\" rel=\"noopener noreferrer\"><span class=\"name\">Vers l&rsquo;article de blog<\/span>en fran\u00e7ais<\/a><\/div>\n<\/div>\n<div class=\"col-md-4\">\n<p class=\"bodytext\">S\u00e9parer un mets d\u00e9licat: D\u00e9tourner des pieces de poisson pr\u00e9cieuses avec des moteurs lin\u00e9aires<\/p>\n<\/div>\n<div class=\"col-md-4\">\n<div class=\"download-box\"><a href=\"https:\/\/linmot.com\/wp-content\/uploads\/2022\/09\/das_trennen_einer_delikatesse_valka_e.pdf\" target=\"_blank\" rel=\"noopener noreferrer\"><span class=\"name\">ENG<\/span><span class=\"size\">4.0 MB<\/span><\/a><\/div>\n<\/div>\n<div class=\"col-md-4\">\n<div class=\"download-box\"><a href=\"\/fr\/blog\/separer-un-mets-delicat-detourner-des-pieces-de-poisson-precieuses-avec-des-moteurs-lineaires\/\" rel=\"noopener noreferrer\"><span class=\"name\">Vers l\u2019article de blog<\/span>en fran\u00e7ais<\/a><\/div>\n<\/div>\n<div class=\"col-md-4\">\n<p class=\"bodytext\">Plus qu\u2019une simple formalit\u00e9 \u2013 trancheur vertical pour produits carn\u00e9s cuits<\/p>\n<\/div>\n<div class=\"col-md-4\">\n<div class=\"download-box\"><a href=\"https:\/\/linmot.com\/wp-content\/uploads\/2022\/09\/mehr_als_reine_formsache-food_technology-en.pdf\" target=\"_blank\" rel=\"noopener noreferrer\"><span class=\"name\">ENG<\/span><span class=\"size\">3.0 MB<\/span><\/a><\/div>\n<\/div>\n<div class=\"col-md-4\">\n<div class=\"download-box\"><a href=\"\/fr\/blog\/plus-quune-simple-formalite-trancheur-vertical-pour-produits-carnes-cuits\/\" rel=\"noopener noreferrer\"><span class=\"name\">Vers l\u2019article de blog<\/span>en fran\u00e7ais<\/a><\/div>\n<\/div>\n<\/div>\n<div class=\"row download\">\n<div class=\"col-md-4\">\n<h4 class=\"download-title\">PR01 Moteurs rotatifs lin\u00e9aires<\/h4>\n<p class=\"bodytext\">Le twist de fermeture<\/p>\n<\/div>\n<div class=\"col-md-4\">\n<div class=\"download-box\"><a href=\"https:\/\/linmot.com\/wp-content\/uploads\/2022\/04\/Application_report_LinMot_Toelke_Closure_EN.pdf\" target=\"_blank\" rel=\"noopener noreferrer\"><span class=\"name\">ENG<\/span><span class=\"size\">2.7 MB<\/span><\/a><\/div>\n<\/div>\n<div class=\"col-md-4\">\n<div class=\"download-box\"><a href=\"\/fr\/blog\/la-torsion-avec-lobturateur\/\" rel=\"noopener noreferrer\"><span class=\"name\">Vers l&rsquo;article de blog<\/span>en fran\u00e7ais<\/a><\/div>\n<\/div>\n<div class=\"col-md-4\">\n<p class=\"bodytext\">En phase ave l\u2019industrie 4.0<\/p>\n<\/div>\n<div class=\"col-md-4\">\n<div class=\"download-box\"><a href=\"https:\/\/linmot.com\/wp-content\/uploads\/2022\/09\/in_line_with_industry_4_0_optima_e.pdf\" target=\"_blank\" rel=\"noopener noreferrer\"><span class=\"name\">ENG<\/span><span class=\"size\">3.0 MB<\/span><\/a><\/div>\n<\/div>\n<div class=\"col-md-4\">\n<div class=\"download-box\"><a href=\"\/fr\/blog\/en-phase-avec-lindustrie-4-0\/\" rel=\"noopener noreferrer\"><span class=\"name\">Vers l\u2019article de blog<\/span>en fran\u00e7ais<\/a><\/div>\n<\/div>\n<div class=\"col-md-4\">\n<p class=\"bodytext\">La solution pour le lait renvers\u00e9: moteurs rotatifs lin\u00e9aires de LinMOt et bouchons \u00e0 ailettes<\/p>\n<\/div>\n<div class=\"col-md-8\">\n<div class=\"download-box\"><a href=\"\/fr\/blog\/la-solution-pour-le-lait-renverse-moteurs-rotatifs-lineaires-de-linmot-et-fermetures-de-wing-cap\/\" rel=\"noopener noreferrer\"><span class=\"name\">Vers l\u2019article de blog<\/span>en fran\u00e7ais<\/a><\/div>\n<\/div>\n<div class=\"col-md-4\">\n<p class=\"bodytext\">Syst\u00e8mes LinMot dans les machines pharmaceutiques d\u2019AFAQ<\/p>\n<\/div>\n<div class=\"col-md-4\">\n<div class=\"download-box\"><a href=\"https:\/\/linmot.com\/wp-content\/uploads\/2022\/09\/afaq_application-report_en.pdf\" target=\"_blank\" rel=\"noopener noreferrer\"><span class=\"name\">ENG<\/span><span class=\"size\">2.0 MB<\/span><\/a><\/div>\n<\/div>\n<div class=\"col-md-4\">\n<div class=\"download-box\"><a href=\"\/fr\/blog\/systemes-linmot-dans-les-machines-pharmaceutiques-dafaq\/\" rel=\"noopener noreferrer\"><span class=\"name\">Vers l\u2019article de blog<\/span>en fran\u00e7ais<\/a><\/div>\n<\/div>\n<\/div>\n<div class=\"row download\">\n<div class=\"col-md-4\">\n<h4 class=\"download-title\">PR02 Moteurs rotatifs lin\u00e9aires<\/h4>\n<p class=\"bodytext\">Fermeture s\u00e9curis\u00e9e<\/p>\n<\/div>\n<div class=\"col-md-4\">\n<div class=\"download-box\"><a href=\"https:\/\/linmot.com\/wp-content\/uploads\/2022\/04\/Application_report_safely_closed_EN.pdf\" target=\"_blank\" rel=\"noopener noreferrer\"><span class=\"name\">ENG<\/span><span class=\"size\">2.0 MB<\/span><\/a><\/div>\n<\/div>\n<div class=\"col-md-4\">\n<div class=\"download-box\"><a href=\"\/fr\/blog\/en-toute-securite-sous-cle-avec-des-moteurs-lineaire-rotatif\/\" rel=\"noopener noreferrer\"><span class=\"name\">Vers l&rsquo;article de blog<\/span>en fran\u00e7ais<\/a><\/div>\n<\/div>\n<div class=\"col-md-4\">\n<p class=\"bodytext\">Gardena se tourne vers l\u2019avenir de l\u2019eau gr\u00e2ce \u00e0 LinMot<\/p>\n<\/div>\n<div class=\"col-md-8\">\n<div class=\"download-box\"><a href=\"\/fr\/blog\/gardena-se-tourne-vers-lavenir-de-leau-grace-a-linmot\/\" rel=\"noopener noreferrer\"><span class=\"name\">Vers l\u2019article de blog<\/span>en fran\u00e7ais<\/a><\/div>\n<\/div>\n<\/div>\n<div class=\"row download\">\n<div class=\"col-md-4\">\n<h4 class=\"download-title\">MagSpring<\/h4>\n<p class=\"bodytext\">Poids flottants<\/p>\n<\/div>\n<div class=\"col-md-4\">\n<div class=\"download-box\"><a href=\"https:\/\/linmot.com\/wp-content\/uploads\/2022\/04\/Application_report_MagSpring_EN.pdf\" target=\"_blank\" rel=\"noopener noreferrer\"><span class=\"name\">ENG<\/span><span class=\"size\">3.3 MB<\/span><\/a><\/div>\n<\/div>\n<div class=\"col-md-4\">\n<div class=\"download-box\"><a href=\"\/fr\/blog\/faire-flotter-des-masses-avec-magspring\/\" rel=\"noopener noreferrer\"><span class=\"name\">Vers l&rsquo;article de blog<\/span>en fran\u00e7ais<\/a><\/div>\n<\/div>\n<\/div>\n","protected":false},"excerpt":{"rendered":"","protected":false},"author":9,"featured_media":0,"parent":8,"menu_order":31,"comment_status":"closed","ping_status":"closed","template":"","meta":{"_acf_changed":false,"footnotes":""},"class_list":["post-2375","page","type-page","status-publish","hentry"],"acf":[],"yoast_head":"<!-- This site is optimized with the Yoast SEO Premium plugin v20.9 (Yoast SEO v27.3) - https:\/\/yoast.com\/product\/yoast-seo-premium-wordpress\/ -->\n<title>Demandes - Rapports - LinMot &amp; MagSpring - Fran\u00e7ais<\/title>\n<meta name=\"description\" content=\"Consultez sur cette page un aper\u00e7u de tous nos rapports d&#039;application. Vous pouvez \u00e9galement t\u00e9l\u00e9charger les donn\u00e9es correspondantes.\" \/>\n<meta name=\"robots\" content=\"index, follow, max-snippet:-1, max-image-preview:large, max-video-preview:-1\" \/>\n<link rel=\"canonical\" href=\"https:\/\/linmot.com\/fr\/solutions-industrielles\/demandes-rapports\/\" \/>\n<meta property=\"og:locale\" content=\"fr_FR\" \/>\n<meta property=\"og:type\" content=\"article\" \/>\n<meta property=\"og:title\" content=\"Demandes - Rapports - LinMot &amp; MagSpring - Fran\u00e7ais\" \/>\n<meta property=\"og:description\" content=\"Consultez sur cette page un aper\u00e7u de tous nos rapports d&#039;application. Vous pouvez \u00e9galement t\u00e9l\u00e9charger les donn\u00e9es correspondantes.\" \/>\n<meta property=\"og:url\" content=\"https:\/\/linmot.com\/fr\/solutions-industrielles\/demandes-rapports\/\" \/>\n<meta property=\"og:site_name\" content=\"LinMot &amp; MagSpring - Fran\u00e7ais\" \/>\n<meta property=\"article:modified_time\" content=\"2024-05-08T12:27:51+00:00\" \/>\n<meta property=\"og:image\" content=\"https:\/\/linmot.com\/fr\/wp-content\/uploads\/sites\/3\/2022\/05\/linmot-social-share-logo.jpg\" \/>\n\t<meta property=\"og:image:width\" content=\"800\" \/>\n\t<meta property=\"og:image:height\" content=\"500\" \/>\n\t<meta property=\"og:image:type\" content=\"image\/jpeg\" \/>\n<meta name=\"twitter:card\" content=\"summary_large_image\" \/>\n<meta name=\"twitter:title\" content=\"Demandes - Rapports - LinMot &amp; MagSpring - Fran\u00e7ais\" \/>\n<meta name=\"twitter:description\" content=\"Consultez sur cette page un aper\u00e7u de tous nos rapports d&#039;application. Vous pouvez \u00e9galement t\u00e9l\u00e9charger les donn\u00e9es correspondantes.\" \/>\n<meta name=\"twitter:label1\" content=\"Dur\u00e9e de lecture estim\u00e9e\" \/>\n\t<meta name=\"twitter:data1\" content=\"3 minutes\" \/>\n<script type=\"application\/ld+json\" class=\"yoast-schema-graph\">{\"@context\":\"https:\\\/\\\/schema.org\",\"@graph\":[{\"@type\":\"WebPage\",\"@id\":\"https:\\\/\\\/linmot.com\\\/fr\\\/solutions-industrielles\\\/demandes-rapports\\\/\",\"url\":\"https:\\\/\\\/linmot.com\\\/fr\\\/solutions-industrielles\\\/demandes-rapports\\\/\",\"name\":\"Demandes - Rapports - LinMot &amp; MagSpring - Fran\u00e7ais\",\"isPartOf\":{\"@id\":\"https:\\\/\\\/linmot.com\\\/fr\\\/#website\"},\"datePublished\":\"2022-04-21T15:10:49+00:00\",\"dateModified\":\"2024-05-08T12:27:51+00:00\",\"description\":\"Consultez sur cette page un aper\u00e7u de tous nos rapports d'application. Vous pouvez \u00e9galement t\u00e9l\u00e9charger les donn\u00e9es correspondantes.\",\"breadcrumb\":{\"@id\":\"https:\\\/\\\/linmot.com\\\/fr\\\/solutions-industrielles\\\/demandes-rapports\\\/#breadcrumb\"},\"inLanguage\":\"fr-FR\",\"potentialAction\":[{\"@type\":\"ReadAction\",\"target\":[\"https:\\\/\\\/linmot.com\\\/fr\\\/solutions-industrielles\\\/demandes-rapports\\\/\"]}]},{\"@type\":\"BreadcrumbList\",\"@id\":\"https:\\\/\\\/linmot.com\\\/fr\\\/solutions-industrielles\\\/demandes-rapports\\\/#breadcrumb\",\"itemListElement\":[{\"@type\":\"ListItem\",\"position\":1,\"name\":\"Home\",\"item\":\"https:\\\/\\\/linmot.com\\\/fr\\\/\"},{\"@type\":\"ListItem\",\"position\":2,\"name\":\"Solutions industrielles\",\"item\":\"https:\\\/\\\/linmot.com\\\/fr\\\/solutions-industrielles\\\/\"},{\"@type\":\"ListItem\",\"position\":3,\"name\":\"Demandes &#8211; Rapports\"}]},{\"@type\":\"WebSite\",\"@id\":\"https:\\\/\\\/linmot.com\\\/fr\\\/#website\",\"url\":\"https:\\\/\\\/linmot.com\\\/fr\\\/\",\"name\":\"LinMot &amp; MagSpring - Fran\u00e7ais\",\"description\":\"Moteurs lin\u00e9aires et des syst\u00e8mes de moteurs lin\u00e9aires de haute qualit\u00e9\",\"publisher\":{\"@id\":\"https:\\\/\\\/linmot.com\\\/fr\\\/#organization\"},\"potentialAction\":[{\"@type\":\"SearchAction\",\"target\":{\"@type\":\"EntryPoint\",\"urlTemplate\":\"https:\\\/\\\/linmot.com\\\/fr\\\/?s={search_term_string}\"},\"query-input\":{\"@type\":\"PropertyValueSpecification\",\"valueRequired\":true,\"valueName\":\"search_term_string\"}}],\"inLanguage\":\"fr-FR\"},{\"@type\":\"Organization\",\"@id\":\"https:\\\/\\\/linmot.com\\\/fr\\\/#organization\",\"name\":\"NTI AG - LinMot & MagSpring\",\"url\":\"https:\\\/\\\/linmot.com\\\/fr\\\/\",\"logo\":{\"@type\":\"ImageObject\",\"inLanguage\":\"fr-FR\",\"@id\":\"https:\\\/\\\/linmot.com\\\/fr\\\/#\\\/schema\\\/logo\\\/image\\\/\",\"url\":\"https:\\\/\\\/linmot.com\\\/fr\\\/wp-content\\\/uploads\\\/sites\\\/3\\\/2022\\\/05\\\/linmot-social-share-logo.jpg\",\"contentUrl\":\"https:\\\/\\\/linmot.com\\\/fr\\\/wp-content\\\/uploads\\\/sites\\\/3\\\/2022\\\/05\\\/linmot-social-share-logo.jpg\",\"width\":800,\"height\":500,\"caption\":\"NTI AG - LinMot & MagSpring\"},\"image\":{\"@id\":\"https:\\\/\\\/linmot.com\\\/fr\\\/#\\\/schema\\\/logo\\\/image\\\/\"},\"sameAs\":[\"https:\\\/\\\/www.linkedin.com\\\/company\\\/nti-ag-linmot-magspring\",\"https:\\\/\\\/www.youtube.com\\\/user\\\/LinMotEurope\"]}]}<\/script>\n<!-- \/ Yoast SEO Premium plugin. -->","yoast_head_json":{"title":"Demandes - Rapports - LinMot &amp; MagSpring - Fran\u00e7ais","description":"Consultez sur cette page un aper\u00e7u de tous nos rapports d'application. Vous pouvez \u00e9galement t\u00e9l\u00e9charger les donn\u00e9es correspondantes.","robots":{"index":"index","follow":"follow","max-snippet":"max-snippet:-1","max-image-preview":"max-image-preview:large","max-video-preview":"max-video-preview:-1"},"canonical":"https:\/\/linmot.com\/fr\/solutions-industrielles\/demandes-rapports\/","og_locale":"fr_FR","og_type":"article","og_title":"Demandes - Rapports - LinMot &amp; MagSpring - Fran\u00e7ais","og_description":"Consultez sur cette page un aper\u00e7u de tous nos rapports d'application. Vous pouvez \u00e9galement t\u00e9l\u00e9charger les donn\u00e9es correspondantes.","og_url":"https:\/\/linmot.com\/fr\/solutions-industrielles\/demandes-rapports\/","og_site_name":"LinMot &amp; MagSpring - Fran\u00e7ais","article_modified_time":"2024-05-08T12:27:51+00:00","og_image":[{"width":800,"height":500,"url":"https:\/\/linmot.com\/fr\/wp-content\/uploads\/sites\/3\/2022\/05\/linmot-social-share-logo.jpg","type":"image\/jpeg"}],"twitter_card":"summary_large_image","twitter_title":"Demandes - Rapports - LinMot &amp; MagSpring - Fran\u00e7ais","twitter_description":"Consultez sur cette page un aper\u00e7u de tous nos rapports d'application. Vous pouvez \u00e9galement t\u00e9l\u00e9charger les donn\u00e9es correspondantes.","twitter_misc":{"Dur\u00e9e de lecture estim\u00e9e":"3 minutes"},"schema":{"@context":"https:\/\/schema.org","@graph":[{"@type":"WebPage","@id":"https:\/\/linmot.com\/fr\/solutions-industrielles\/demandes-rapports\/","url":"https:\/\/linmot.com\/fr\/solutions-industrielles\/demandes-rapports\/","name":"Demandes - Rapports - LinMot &amp; MagSpring - Fran\u00e7ais","isPartOf":{"@id":"https:\/\/linmot.com\/fr\/#website"},"datePublished":"2022-04-21T15:10:49+00:00","dateModified":"2024-05-08T12:27:51+00:00","description":"Consultez sur cette page un aper\u00e7u de tous nos rapports d'application. Vous pouvez \u00e9galement t\u00e9l\u00e9charger les donn\u00e9es correspondantes.","breadcrumb":{"@id":"https:\/\/linmot.com\/fr\/solutions-industrielles\/demandes-rapports\/#breadcrumb"},"inLanguage":"fr-FR","potentialAction":[{"@type":"ReadAction","target":["https:\/\/linmot.com\/fr\/solutions-industrielles\/demandes-rapports\/"]}]},{"@type":"BreadcrumbList","@id":"https:\/\/linmot.com\/fr\/solutions-industrielles\/demandes-rapports\/#breadcrumb","itemListElement":[{"@type":"ListItem","position":1,"name":"Home","item":"https:\/\/linmot.com\/fr\/"},{"@type":"ListItem","position":2,"name":"Solutions industrielles","item":"https:\/\/linmot.com\/fr\/solutions-industrielles\/"},{"@type":"ListItem","position":3,"name":"Demandes &#8211; Rapports"}]},{"@type":"WebSite","@id":"https:\/\/linmot.com\/fr\/#website","url":"https:\/\/linmot.com\/fr\/","name":"LinMot &amp; MagSpring - Fran\u00e7ais","description":"Moteurs lin\u00e9aires et des syst\u00e8mes de moteurs lin\u00e9aires de haute qualit\u00e9","publisher":{"@id":"https:\/\/linmot.com\/fr\/#organization"},"potentialAction":[{"@type":"SearchAction","target":{"@type":"EntryPoint","urlTemplate":"https:\/\/linmot.com\/fr\/?s={search_term_string}"},"query-input":{"@type":"PropertyValueSpecification","valueRequired":true,"valueName":"search_term_string"}}],"inLanguage":"fr-FR"},{"@type":"Organization","@id":"https:\/\/linmot.com\/fr\/#organization","name":"NTI AG - LinMot & MagSpring","url":"https:\/\/linmot.com\/fr\/","logo":{"@type":"ImageObject","inLanguage":"fr-FR","@id":"https:\/\/linmot.com\/fr\/#\/schema\/logo\/image\/","url":"https:\/\/linmot.com\/fr\/wp-content\/uploads\/sites\/3\/2022\/05\/linmot-social-share-logo.jpg","contentUrl":"https:\/\/linmot.com\/fr\/wp-content\/uploads\/sites\/3\/2022\/05\/linmot-social-share-logo.jpg","width":800,"height":500,"caption":"NTI AG - LinMot & MagSpring"},"image":{"@id":"https:\/\/linmot.com\/fr\/#\/schema\/logo\/image\/"},"sameAs":["https:\/\/www.linkedin.com\/company\/nti-ag-linmot-magspring","https:\/\/www.youtube.com\/user\/LinMotEurope"]}]}},"_links":{"self":[{"href":"https:\/\/linmot.com\/fr\/wp-json\/wp\/v2\/pages\/2375","targetHints":{"allow":["GET"]}}],"collection":[{"href":"https:\/\/linmot.com\/fr\/wp-json\/wp\/v2\/pages"}],"about":[{"href":"https:\/\/linmot.com\/fr\/wp-json\/wp\/v2\/types\/page"}],"author":[{"embeddable":true,"href":"https:\/\/linmot.com\/fr\/wp-json\/wp\/v2\/users\/9"}],"replies":[{"embeddable":true,"href":"https:\/\/linmot.com\/fr\/wp-json\/wp\/v2\/comments?post=2375"}],"version-history":[{"count":15,"href":"https:\/\/linmot.com\/fr\/wp-json\/wp\/v2\/pages\/2375\/revisions"}],"predecessor-version":[{"id":3377,"href":"https:\/\/linmot.com\/fr\/wp-json\/wp\/v2\/pages\/2375\/revisions\/3377"}],"up":[{"embeddable":true,"href":"https:\/\/linmot.com\/fr\/wp-json\/wp\/v2\/pages\/8"}],"wp:attachment":[{"href":"https:\/\/linmot.com\/fr\/wp-json\/wp\/v2\/media?parent=2375"}],"curies":[{"name":"wp","href":"https:\/\/api.w.org\/{rel}","templated":true}]}}