{"id":2286,"date":"2022-10-31T12:12:52","date_gmt":"2022-10-31T11:12:52","guid":{"rendered":"https:\/\/linmot.com\/fr\/?page_id=2286"},"modified":"2025-04-10T11:56:05","modified_gmt":"2025-04-10T09:56:05","slug":"prehenseur-gm01","status":"publish","type":"page","link":"https:\/\/linmot.com\/fr\/produits\/pince-pince-rotative\/prehenseur-gm01\/","title":{"rendered":"Pr\u00e9henseur GM01"},"content":{"rendered":"<p align=\"justify\"><strong>La pince \u00e9lectrique est utilis\u00e9e pour le serrage et le d\u00e9placement pr\u00e9cis de produits dans des environnements exigeants. Gr\u00e2ce \u00e0 la grande flexibilit\u00e9 des r\u00e9glages, les produits secs, humides, solides ou mous peuvent \u00eatre serr\u00e9s et transport\u00e9s en douceur, sans laisser de traces visibles. Gr\u00e2ce \u00e0 sa conception hygi\u00e9nique et \u00e0 son indice de protection \u00e9lev\u00e9 IP69, la pince peut \u00eatre facilement nettoy\u00e9e et est con\u00e7ue pour une utilisation dans l&rsquo;industrie alimentaire.<\/strong><\/p>\n<hr \/>\n<div class=\"row\">\n<div class=\"col-sm-2\">\n<p><a class=\"button\" href=\"#details\">1. Pr\u00e9cisions<\/a><\/p>\n<\/div>\n<div class=\"col-sm-1\">\n<\/div>\n<div class=\"col-sm-2\">\n<p><a class=\"button\" href=\"#videos\">2. Vid\u00e9os<\/a><\/p>\n<\/div>\n<div class=\"col-sm-1\">\n<\/div>\n<div class=\"col-sm-2\">\n<p><a class=\"button\" href=\"#applications\">3. Applications<\/a><\/p>\n<\/div>\n<div class=\"col-sm-1\">\n<\/div>\n<div class=\"col-sm-2\">\n<p><a class=\"button\" href=\"#contact\">4. Contact<\/a><\/p>\n<\/div>\n<\/div>\n<hr \/>\n<h3 id=\"details\">1. Pr\u00e9cisions<\/h3>\n<img loading=\"lazy\" decoding=\"async\" class=\"aligncenter size-full wp-image-3841\" src=\"https:\/\/linmot.com\/wp-content\/uploads\/2023\/01\/gm01-motor.jpg\" alt=\"\" width=\"620\" height=\"290\" \/>\n<div class=\"row\">\n<div class=\"col-sm-4\">\n<ul>\n<li>Acier inoxydable EN 1.4404 \/ POM<\/li>\n<li>Design compact<\/li>\n<\/ul>\n<\/div>\n<div class=\"col-sm-4\">\n<ul>\n<li>Mat\u00e9riaux l\u00e9gers (FDA)<\/li>\n<li>Surveillance et tra\u00e7abilit\u00e9 \u00e0 100% du processus<\/li>\n<\/ul>\n<\/div>\n<div class=\"col-sm-4\">\n<ul>\n<li>Degr\u00e9 de libert\u00e9 \u00e9lev\u00e9 pour la position et la force de serrage<\/li>\n<\/ul>\n<\/div>\n<\/div>\n<hr \/>\n<h3>Fonctionnement<\/h3>\n<p align=\"justify\">La d\u00e9tection de la position de la pince et le contr\u00f4le de la force de serrage permettent de saisir de mani\u00e8re fiable m\u00eame les produits irr\u00e9guliers. Gr\u00e2ce aux nombreuses possibilit\u00e9s de surveillance, les probl\u00e8mes pr\u00e9hension ou les pi\u00e8ces d\u00e9fectueuses peuvent \u00eatre d\u00e9tect\u00e9es \u00ab\u00a0\u00e0 la vol\u00e9e\u00a0\u00bb et \u00e9limin\u00e9es en cons\u00e9quence. La pince intelligente GM01 comprend un grand nombre de possibilit\u00e9s de surveillance qui sont indispensables pour les applications \u00e0 haut degr\u00e9 d&rsquo;automatisation.<\/p>\n<div class=\"row\">\n<div class=\"col-sm-8\">\n<ul>\n<li>Temps d&rsquo;ouverture et de fermeture coh\u00e9rents avec une dynamique extr\u00eamement \u00e9lev\u00e9e pour des capacit\u00e9s importantes<\/li>\n<li>Grande fiabilit\u00e9 du serrage pour les produits uniformes et non uniformes<\/li>\n<li>Utilisation dans des secteurs aux exigences \u00e9lev\u00e9es comme l&rsquo;industrie pharmaceutique, alimentaire et l&rsquo;automatisation<\/li>\n<li>Grande s\u00e9curit\u00e9 du processus gr\u00e2ce aux donn\u00e9es de surveillance telles que la force de serrage, la distance, la temp\u00e9rature et le taux d&rsquo;utilisation<\/li>\n<li>\u00ab\u00a0Washdown safe\u00a0\u00bb, pour respecter les directives de nettoyage des outils de la production<\/li>\n<li>Int\u00e9gration et adaptation faciles aux formats de production et d&#8217;emballage individuels.<\/li>\n<\/ul>\n<\/div>\n<div class=\"col-sm-4\">\n<img loading=\"lazy\" decoding=\"async\" class=\"aligncenter size-full wp-image-3086\" src=\"https:\/\/linmot.com\/de\/wp-content\/uploads\/sites\/2\/2022\/03\/linmot-greifer-small-gm01.jpg\" alt=\"\" width=\"205\" height=\"161\" \/>\n<\/div>\n<\/div>\n<hr \/>\n<h3>But de l&rsquo;application<\/h3>\n<div class=\"row\">\n<div class=\"col-sm-8\">\n<p align=\"justify\">Gr\u00e2ce \u00e0 la facilit\u00e9 d&rsquo;int\u00e9gration \u00e0 l&rsquo;uniformisation des mat\u00e9riaux, la pince parall\u00e8le GM01- est un \u00e9l\u00e9ment suppl\u00e9mentaire dans la gamme de produits ligne en acier inoxydable de LinMot. En combinaison avec la guidage SM01, il est possible de r\u00e9aliser une application pick and place compl\u00e8te en acier inoxydable EN 1.4404. Une combinaison qui est extr\u00eamement r\u00e9sistante aux produits chimiques et qui pr\u00e9sente une dur\u00e9e de vie tr\u00e8s importante, m\u00eame dans des conditions difficiles.<\/p>\n<p><a class=\"btn btn-active\" href=\"\/fr\/produits\/guidage-lineaire-module-lineaire\/modules-lineaires-en-acier-inoxydable-sm01-sm02\/\" target=\"_blank\" rel=\"noopener noreferrer\">En savoir plus sur les modules SM01<\/a><\/p>\n<\/div>\n<div class=\"col-sm-4\">\n<img loading=\"lazy\" decoding=\"async\" class=\"aligncenter size-full wp-image-3089\" src=\"https:\/\/linmot.com\/de\/wp-content\/uploads\/sites\/2\/2022\/03\/linmot-greifer-gm01-anwendungszweck.jpg\" alt=\"\" width=\"272\" height=\"264\" \/>\n<\/div>\n<\/div>\n<hr \/>\n<h3 id=\"videos\">2. Videos<\/h3>\n<div class=\"row download\">\n<div class=\"col-md-6\">\n<h4 class=\"download-title\">D\u00e9monstration des produits en acier inoxydable (moteurs INOX)<\/h4>\n<p class=\"bodytext\" align=\"justify\">Nos produits r\u00e9sistants \u00e0 la corrosion et conformes aux normes d&rsquo;hygi\u00e8ne permettent une automatisation hygi\u00e9nique et st\u00e9rile au plus pr\u00e8s du processus. Le nettoyage est \u00e9galement rapide et facile gr\u00e2ce \u00e0 la conception ouverte de la machine et extr\u00eamement fiable gr\u00e2ce \u00e0 l&rsquo;indice de protection IP69, m\u00eame en cas de nettoyage fr\u00e9quent \u00e0 haute pression et \u00e0 haute temp\u00e9rature. D\u00e9couvrez \u00e9galement le \u00ab\u00a0pr\u00e9henseur GM01\u00a0\u00bb en action.<\/p>\n<\/div>\n<div class=\"col-md-1\">\n<\/div>\n<div class=\"col-md-5\">\n<div class=\"brlbs-cmpnt-container brlbs-cmpnt-content-blocker brlbs-cmpnt-with-individual-styles\" data-borlabs-cookie-content-blocker-id=\"default\" data-borlabs-cookie-content=\"PGlmcmFtZSB0aXRsZT0iWW91VHViZSB2aWRlbyBwbGF5ZXIiIHNyYz0iaHR0cHM6Ly93d3cueW91dHViZS5jb20vZW1iZWQvdHZLZ1duZkFYWjQ\/c3RhcnQ9MzQiIHdpZHRoPSIzOTQiIGhlaWdodD0iMjIwIiBmcmFtZWJvcmRlcj0iMCIgYWxsb3dmdWxsc2NyZWVuPSJhbGxvd2Z1bGxzY3JlZW4iPjwvaWZyYW1lPg==\">\n<div class=\"brlbs-cmpnt-cb-preset-a\">\n<p class=\"brlbs-cmpnt-cb-description\">You are currently viewing a placeholder content from <strong>Default<\/strong>. To access the actual content, click the button below. Please note that doing so will share data with third-party providers.<\/p>\n<div class=\"brlbs-cmpnt-cb-buttons\"> <a class=\"brlbs-cmpnt-cb-btn\" href=\"#\" data-borlabs-cookie-unblock role=\"button\">Unblock content<\/a> <a class=\"brlbs-cmpnt-cb-btn\" href=\"#\" data-borlabs-cookie-accept-service role=\"button\" style=\"display: none\">Accept required service and unblock content<\/a> <\/div>\n<p> <a class=\"brlbs-cmpnt-cb-provider-toggle\" href=\"#\" data-borlabs-cookie-show-provider-information role=\"button\">More Information<\/a> <\/div>\n<\/div>\n<\/div>\n<\/div>\n<h3 id=\"applications\">3. Exemples d\u2019applications<\/h3>\n<div class=\"row download\">\n<div class=\"col-md-3\">\n<h4 class=\"download-title\">Une moyen plus \u00e9cologique d\u2019alimenter vos applications de mouvement lin\u00e9aire<\/h4>\n<p class=\"bodytext\" align=\"justify\">Alors que la mise en \u0153uvre g\u00e9n\u00e9ralis\u00e9e des efforts de d\u00e9veloppement durable au niveau des entreprises ne cesse de cro\u00eetre, il est plus important que jamais de trouver des moyens de rendre votre production plus respectueuse de l\u2019environnement. Cependant, lorsqu\u2019il s\u2019agit d\u2019am\u00e9liorer la durabilit\u00e9 de vos applications de mouvement, il peut \u00eatre difficile de s\u2019y retrouver.<\/p>\n<p><a class=\"button\" href=\"\/fr\/blog\/une-moyen-plus-ecologique-dalimenter-vos-applications-de-mouvement-lineaire\/\">Vers l&rsquo;article<\/a><br \/>\n<\/div>\n<div class=\"col-md-2\">\n<img loading=\"lazy\" decoding=\"async\" class=\"alignnone wp-image-3295 size-full\" src=\"https:\/\/linmot.com\/de\/wp-content\/uploads\/sites\/2\/2023\/08\/nachhaltiger-direktantrieb-vorschau.jpg\" alt=\"\" width=\"220\" height=\"220\" \/><br \/>\n<\/div>\n<div class=\"col-md-3\">\n<\/div>\n<div class=\"col-md-3\">\n<\/div>\n<\/div>\n<h3 id=\"contact\">4. Contact<\/h3>\n<div class=\"row download\">\n<div class=\"col-md-6\">\n<h4 class=\"download-title\">Des questions sur le pr\u00e9henseur GM01 ?<\/h4>\n<p class=\"bodytext\">Nous serons heureux de r\u00e9pondre \u00e0 vos questions ou de vous donner des conseils. Contactez-nous au:<\/p>\n<p class=\"bodytext\">Tel : +49 (0)201 858940 0<\/p>\n<p class=\"bodytext\">Le team LinMot<\/p>\n<\/div>\n<div class=\"col-md-1\">\n<\/div>\n<div class=\"col-md-5\">\n\n<div class=\"wpcf7 no-js\" id=\"wpcf7-f1702-o1\" lang=\"fr-FR\" dir=\"ltr\" data-wpcf7-id=\"1702\">\n<div class=\"screen-reader-response\"><p role=\"status\" aria-live=\"polite\" aria-atomic=\"true\"><\/p> <ul><\/ul><\/div>\n<form action=\"\/fr\/wp-json\/wp\/v2\/pages\/2286#wpcf7-f1702-o1\" method=\"post\" class=\"wpcf7-form init\" aria-label=\"Formulaire de contact\" novalidate=\"novalidate\" data-status=\"init\">\n<fieldset class=\"hidden-fields-container\"><input type=\"hidden\" name=\"_wpcf7\" value=\"1702\" \/><input type=\"hidden\" name=\"_wpcf7_version\" value=\"6.1.5\" \/><input type=\"hidden\" name=\"_wpcf7_locale\" value=\"fr_FR\" \/><input type=\"hidden\" name=\"_wpcf7_unit_tag\" value=\"wpcf7-f1702-o1\" \/><input type=\"hidden\" name=\"_wpcf7_container_post\" value=\"0\" \/><input type=\"hidden\" name=\"_wpcf7_posted_data_hash\" value=\"\" \/><input type=\"hidden\" name=\"_wpcf7_recaptcha_response\" value=\"\" \/>\n<\/fieldset>\n<label> Votre nom<br>\n    <span class=\"wpcf7-form-control-wrap\" data-name=\"your-name\"><input size=\"40\" maxlength=\"400\" class=\"wpcf7-form-control wpcf7-text wpcf7-validates-as-required\" aria-required=\"true\" aria-invalid=\"false\" value=\"\" type=\"text\" name=\"your-name\" \/><\/span> <\/label>\n<br>\n<label> Votre entreprise<br>\n    <span class=\"wpcf7-form-control-wrap\" data-name=\"your-company\"><input size=\"40\" maxlength=\"400\" class=\"wpcf7-form-control wpcf7-text wpcf7-validates-as-required\" aria-required=\"true\" aria-invalid=\"false\" value=\"\" type=\"text\" name=\"your-company\" \/><\/span> <\/label>\n<br>\n<label> Code postal<br>\n    <span class=\"wpcf7-form-control-wrap\" data-name=\"your-plz\"><input class=\"wpcf7-form-control wpcf7-number wpcf7-validates-as-required wpcf7-validates-as-number\" aria-required=\"true\" aria-invalid=\"false\" value=\"\" type=\"number\" name=\"your-plz\" \/><\/span> <\/label>\n<br>\n<label> Pays<br>\n    <span class=\"wpcf7-form-control-wrap\" data-name=\"your-country\"><input size=\"40\" maxlength=\"400\" class=\"wpcf7-form-control wpcf7-text wpcf7-validates-as-required\" aria-required=\"true\" aria-invalid=\"false\" value=\"\" type=\"text\" name=\"your-country\" \/><\/span> <\/label>\n<br>\n<label> Votre num\u00e9ro de t\u00e9l\u00e9phone<br>\n    <span class=\"wpcf7-form-control-wrap\" data-name=\"your-number\"><input size=\"40\" maxlength=\"400\" class=\"wpcf7-form-control wpcf7-tel wpcf7-validates-as-required wpcf7-text wpcf7-validates-as-tel\" aria-required=\"true\" aria-invalid=\"false\" value=\"\" type=\"tel\" name=\"your-number\" \/><\/span> <\/label>\n<br>\n<label> Votre e-mail<br>\n    <span class=\"wpcf7-form-control-wrap\" data-name=\"your-email\"><input size=\"40\" maxlength=\"400\" class=\"wpcf7-form-control wpcf7-email wpcf7-validates-as-required wpcf7-text wpcf7-validates-as-email\" aria-required=\"true\" aria-invalid=\"false\" value=\"\" type=\"email\" name=\"your-email\" \/><\/span> <\/label>\n<br>\n<label> Votre message (facultatif)<br>\n    <span class=\"wpcf7-form-control-wrap\" data-name=\"your-message\"><textarea cols=\"40\" rows=\"10\" maxlength=\"2000\" class=\"wpcf7-form-control wpcf7-textarea\" aria-invalid=\"false\" name=\"your-message\"><\/textarea><\/span> <\/label>\n<br>\n<input class=\"wpcf7-form-control wpcf7-submit has-spinner\" type=\"submit\" value=\"Envoyer\" \/><div class=\"wpcf7-response-output\" aria-hidden=\"true\"><\/div>\n<\/form>\n<\/div>\n\n<\/div>\n<\/div>\n","protected":false},"excerpt":{"rendered":"<p>La pince \u00e9lectrique est utilis\u00e9e pour le serrage et le d\u00e9placement pr\u00e9cis de produits dans des environnements exigeants. Gr\u00e2ce \u00e0 la grande flexibilit\u00e9 des r\u00e9glages, les produits secs, humides, solides ou mous peuvent \u00eatre serr\u00e9s et transport\u00e9s en douceur, sans laisser de traces visibles. Gr\u00e2ce \u00e0 sa conception hygi\u00e9nique et \u00e0 son indice de protection [&hellip;]<\/p>\n","protected":false},"author":9,"featured_media":0,"parent":3521,"menu_order":41,"comment_status":"closed","ping_status":"closed","template":"","meta":{"_acf_changed":false,"footnotes":""},"class_list":["post-2286","page","type-page","status-publish","hentry"],"acf":[],"yoast_head":"<!-- This site is optimized with the Yoast SEO Premium plugin v20.9 (Yoast SEO v27.4) - https:\/\/yoast.com\/product\/yoast-seo-premium-wordpress\/ -->\n<title>Pr\u00e9henseur GM01 - LinMot &amp; MagSpring - Fran\u00e7ais<\/title>\n<meta name=\"description\" content=\"La pince \u00e9lectrique est utilis\u00e9e pour le serrage et le d\u00e9placement pr\u00e9cis de produits dans des environnements exigeants.\" \/>\n<meta name=\"robots\" content=\"index, follow, max-snippet:-1, max-image-preview:large, max-video-preview:-1\" \/>\n<link rel=\"canonical\" href=\"https:\/\/linmot.com\/fr\/produits\/pince-pince-rotative\/prehenseur-gm01\/\" \/>\n<meta property=\"og:locale\" content=\"fr_FR\" \/>\n<meta property=\"og:type\" content=\"article\" \/>\n<meta property=\"og:title\" content=\"Pr\u00e9henseur GM01 - LinMot &amp; MagSpring - Fran\u00e7ais\" \/>\n<meta property=\"og:description\" content=\"La pince \u00e9lectrique est utilis\u00e9e pour le serrage et le d\u00e9placement pr\u00e9cis de produits dans des environnements exigeants.\" \/>\n<meta property=\"og:url\" content=\"https:\/\/linmot.com\/fr\/produits\/pince-pince-rotative\/prehenseur-gm01\/\" \/>\n<meta property=\"og:site_name\" content=\"LinMot &amp; MagSpring - Fran\u00e7ais\" \/>\n<meta property=\"article:modified_time\" content=\"2025-04-10T09:56:05+00:00\" \/>\n<meta property=\"og:image\" content=\"https:\/\/linmot.com\/fr\/wp-content\/uploads\/sites\/3\/2022\/05\/linmot-social-share-logo.jpg\" \/>\n\t<meta property=\"og:image:width\" content=\"800\" \/>\n\t<meta property=\"og:image:height\" content=\"500\" \/>\n\t<meta property=\"og:image:type\" content=\"image\/jpeg\" \/>\n<meta name=\"twitter:card\" content=\"summary_large_image\" \/>\n<meta name=\"twitter:title\" content=\"Pr\u00e9henseur GM01 - LinMot &amp; MagSpring - Fran\u00e7ais\" \/>\n<meta name=\"twitter:description\" content=\"La pince \u00e9lectrique est utilis\u00e9e pour le serrage et le d\u00e9placement pr\u00e9cis de produits dans des environnements exigeants.\" \/>\n<meta name=\"twitter:label1\" content=\"Dur\u00e9e de lecture estim\u00e9e\" \/>\n\t<meta name=\"twitter:data1\" content=\"4 minutes\" \/>\n<script type=\"application\/ld+json\" class=\"yoast-schema-graph\">{\"@context\":\"https:\\\/\\\/schema.org\",\"@graph\":[{\"@type\":\"WebPage\",\"@id\":\"https:\\\/\\\/linmot.com\\\/fr\\\/produits\\\/pince-pince-rotative\\\/prehenseur-gm01\\\/\",\"url\":\"https:\\\/\\\/linmot.com\\\/fr\\\/produits\\\/pince-pince-rotative\\\/prehenseur-gm01\\\/\",\"name\":\"Pr\u00e9henseur GM01 - LinMot &amp; MagSpring - Fran\u00e7ais\",\"isPartOf\":{\"@id\":\"https:\\\/\\\/linmot.com\\\/fr\\\/#website\"},\"primaryImageOfPage\":{\"@id\":\"https:\\\/\\\/linmot.com\\\/fr\\\/produits\\\/pince-pince-rotative\\\/prehenseur-gm01\\\/#primaryimage\"},\"image\":{\"@id\":\"https:\\\/\\\/linmot.com\\\/fr\\\/produits\\\/pince-pince-rotative\\\/prehenseur-gm01\\\/#primaryimage\"},\"thumbnailUrl\":\"https:\\\/\\\/linmot.com\\\/wp-content\\\/uploads\\\/2023\\\/01\\\/gm01-motor.jpg\",\"datePublished\":\"2022-10-31T11:12:52+00:00\",\"dateModified\":\"2025-04-10T09:56:05+00:00\",\"description\":\"La pince \u00e9lectrique est utilis\u00e9e pour le serrage et le d\u00e9placement pr\u00e9cis de produits dans des environnements exigeants.\",\"breadcrumb\":{\"@id\":\"https:\\\/\\\/linmot.com\\\/fr\\\/produits\\\/pince-pince-rotative\\\/prehenseur-gm01\\\/#breadcrumb\"},\"inLanguage\":\"fr-FR\",\"potentialAction\":[{\"@type\":\"ReadAction\",\"target\":[\"https:\\\/\\\/linmot.com\\\/fr\\\/produits\\\/pince-pince-rotative\\\/prehenseur-gm01\\\/\"]}]},{\"@type\":\"ImageObject\",\"inLanguage\":\"fr-FR\",\"@id\":\"https:\\\/\\\/linmot.com\\\/fr\\\/produits\\\/pince-pince-rotative\\\/prehenseur-gm01\\\/#primaryimage\",\"url\":\"https:\\\/\\\/linmot.com\\\/wp-content\\\/uploads\\\/2023\\\/01\\\/gm01-motor.jpg\",\"contentUrl\":\"https:\\\/\\\/linmot.com\\\/wp-content\\\/uploads\\\/2023\\\/01\\\/gm01-motor.jpg\"},{\"@type\":\"BreadcrumbList\",\"@id\":\"https:\\\/\\\/linmot.com\\\/fr\\\/produits\\\/pince-pince-rotative\\\/prehenseur-gm01\\\/#breadcrumb\",\"itemListElement\":[{\"@type\":\"ListItem\",\"position\":1,\"name\":\"Home\",\"item\":\"https:\\\/\\\/linmot.com\\\/fr\\\/\"},{\"@type\":\"ListItem\",\"position\":2,\"name\":\"Produits\",\"item\":\"https:\\\/\\\/linmot.com\\\/fr\\\/produits\\\/\"},{\"@type\":\"ListItem\",\"position\":3,\"name\":\"Pinces \u00e9lectriques\",\"item\":\"https:\\\/\\\/linmot.com\\\/fr\\\/produits\\\/pince-pince-rotative\\\/\"},{\"@type\":\"ListItem\",\"position\":4,\"name\":\"Pr\u00e9henseur GM01\"}]},{\"@type\":\"WebSite\",\"@id\":\"https:\\\/\\\/linmot.com\\\/fr\\\/#website\",\"url\":\"https:\\\/\\\/linmot.com\\\/fr\\\/\",\"name\":\"LinMot &amp; MagSpring - Fran\u00e7ais\",\"description\":\"Moteurs lin\u00e9aires et des syst\u00e8mes de moteurs lin\u00e9aires de haute qualit\u00e9\",\"publisher\":{\"@id\":\"https:\\\/\\\/linmot.com\\\/fr\\\/#organization\"},\"potentialAction\":[{\"@type\":\"SearchAction\",\"target\":{\"@type\":\"EntryPoint\",\"urlTemplate\":\"https:\\\/\\\/linmot.com\\\/fr\\\/?s={search_term_string}\"},\"query-input\":{\"@type\":\"PropertyValueSpecification\",\"valueRequired\":true,\"valueName\":\"search_term_string\"}}],\"inLanguage\":\"fr-FR\"},{\"@type\":\"Organization\",\"@id\":\"https:\\\/\\\/linmot.com\\\/fr\\\/#organization\",\"name\":\"NTI AG - LinMot & MagSpring\",\"url\":\"https:\\\/\\\/linmot.com\\\/fr\\\/\",\"logo\":{\"@type\":\"ImageObject\",\"inLanguage\":\"fr-FR\",\"@id\":\"https:\\\/\\\/linmot.com\\\/fr\\\/#\\\/schema\\\/logo\\\/image\\\/\",\"url\":\"https:\\\/\\\/linmot.com\\\/fr\\\/wp-content\\\/uploads\\\/sites\\\/3\\\/2022\\\/05\\\/linmot-social-share-logo.jpg\",\"contentUrl\":\"https:\\\/\\\/linmot.com\\\/fr\\\/wp-content\\\/uploads\\\/sites\\\/3\\\/2022\\\/05\\\/linmot-social-share-logo.jpg\",\"width\":800,\"height\":500,\"caption\":\"NTI AG - LinMot & MagSpring\"},\"image\":{\"@id\":\"https:\\\/\\\/linmot.com\\\/fr\\\/#\\\/schema\\\/logo\\\/image\\\/\"},\"sameAs\":[\"https:\\\/\\\/www.linkedin.com\\\/company\\\/nti-ag-linmot-magspring\",\"https:\\\/\\\/www.youtube.com\\\/user\\\/LinMotEurope\"]}]}<\/script>\n<!-- \/ Yoast SEO Premium plugin. -->","yoast_head_json":{"title":"Pr\u00e9henseur GM01 - LinMot &amp; MagSpring - Fran\u00e7ais","description":"La pince \u00e9lectrique est utilis\u00e9e pour le serrage et le d\u00e9placement pr\u00e9cis de produits dans des environnements exigeants.","robots":{"index":"index","follow":"follow","max-snippet":"max-snippet:-1","max-image-preview":"max-image-preview:large","max-video-preview":"max-video-preview:-1"},"canonical":"https:\/\/linmot.com\/fr\/produits\/pince-pince-rotative\/prehenseur-gm01\/","og_locale":"fr_FR","og_type":"article","og_title":"Pr\u00e9henseur GM01 - LinMot &amp; MagSpring - Fran\u00e7ais","og_description":"La pince \u00e9lectrique est utilis\u00e9e pour le serrage et le d\u00e9placement pr\u00e9cis de produits dans des environnements exigeants.","og_url":"https:\/\/linmot.com\/fr\/produits\/pince-pince-rotative\/prehenseur-gm01\/","og_site_name":"LinMot &amp; MagSpring - Fran\u00e7ais","article_modified_time":"2025-04-10T09:56:05+00:00","og_image":[{"width":800,"height":500,"url":"https:\/\/linmot.com\/fr\/wp-content\/uploads\/sites\/3\/2022\/05\/linmot-social-share-logo.jpg","type":"image\/jpeg"}],"twitter_card":"summary_large_image","twitter_title":"Pr\u00e9henseur GM01 - LinMot &amp; MagSpring - Fran\u00e7ais","twitter_description":"La pince \u00e9lectrique est utilis\u00e9e pour le serrage et le d\u00e9placement pr\u00e9cis de produits dans des environnements exigeants.","twitter_misc":{"Dur\u00e9e de lecture estim\u00e9e":"4 minutes"},"schema":{"@context":"https:\/\/schema.org","@graph":[{"@type":"WebPage","@id":"https:\/\/linmot.com\/fr\/produits\/pince-pince-rotative\/prehenseur-gm01\/","url":"https:\/\/linmot.com\/fr\/produits\/pince-pince-rotative\/prehenseur-gm01\/","name":"Pr\u00e9henseur GM01 - LinMot &amp; MagSpring - Fran\u00e7ais","isPartOf":{"@id":"https:\/\/linmot.com\/fr\/#website"},"primaryImageOfPage":{"@id":"https:\/\/linmot.com\/fr\/produits\/pince-pince-rotative\/prehenseur-gm01\/#primaryimage"},"image":{"@id":"https:\/\/linmot.com\/fr\/produits\/pince-pince-rotative\/prehenseur-gm01\/#primaryimage"},"thumbnailUrl":"https:\/\/linmot.com\/wp-content\/uploads\/2023\/01\/gm01-motor.jpg","datePublished":"2022-10-31T11:12:52+00:00","dateModified":"2025-04-10T09:56:05+00:00","description":"La pince \u00e9lectrique est utilis\u00e9e pour le serrage et le d\u00e9placement pr\u00e9cis de produits dans des environnements exigeants.","breadcrumb":{"@id":"https:\/\/linmot.com\/fr\/produits\/pince-pince-rotative\/prehenseur-gm01\/#breadcrumb"},"inLanguage":"fr-FR","potentialAction":[{"@type":"ReadAction","target":["https:\/\/linmot.com\/fr\/produits\/pince-pince-rotative\/prehenseur-gm01\/"]}]},{"@type":"ImageObject","inLanguage":"fr-FR","@id":"https:\/\/linmot.com\/fr\/produits\/pince-pince-rotative\/prehenseur-gm01\/#primaryimage","url":"https:\/\/linmot.com\/wp-content\/uploads\/2023\/01\/gm01-motor.jpg","contentUrl":"https:\/\/linmot.com\/wp-content\/uploads\/2023\/01\/gm01-motor.jpg"},{"@type":"BreadcrumbList","@id":"https:\/\/linmot.com\/fr\/produits\/pince-pince-rotative\/prehenseur-gm01\/#breadcrumb","itemListElement":[{"@type":"ListItem","position":1,"name":"Home","item":"https:\/\/linmot.com\/fr\/"},{"@type":"ListItem","position":2,"name":"Produits","item":"https:\/\/linmot.com\/fr\/produits\/"},{"@type":"ListItem","position":3,"name":"Pinces \u00e9lectriques","item":"https:\/\/linmot.com\/fr\/produits\/pince-pince-rotative\/"},{"@type":"ListItem","position":4,"name":"Pr\u00e9henseur GM01"}]},{"@type":"WebSite","@id":"https:\/\/linmot.com\/fr\/#website","url":"https:\/\/linmot.com\/fr\/","name":"LinMot &amp; MagSpring - Fran\u00e7ais","description":"Moteurs lin\u00e9aires et des syst\u00e8mes de moteurs lin\u00e9aires de haute qualit\u00e9","publisher":{"@id":"https:\/\/linmot.com\/fr\/#organization"},"potentialAction":[{"@type":"SearchAction","target":{"@type":"EntryPoint","urlTemplate":"https:\/\/linmot.com\/fr\/?s={search_term_string}"},"query-input":{"@type":"PropertyValueSpecification","valueRequired":true,"valueName":"search_term_string"}}],"inLanguage":"fr-FR"},{"@type":"Organization","@id":"https:\/\/linmot.com\/fr\/#organization","name":"NTI AG - LinMot & MagSpring","url":"https:\/\/linmot.com\/fr\/","logo":{"@type":"ImageObject","inLanguage":"fr-FR","@id":"https:\/\/linmot.com\/fr\/#\/schema\/logo\/image\/","url":"https:\/\/linmot.com\/fr\/wp-content\/uploads\/sites\/3\/2022\/05\/linmot-social-share-logo.jpg","contentUrl":"https:\/\/linmot.com\/fr\/wp-content\/uploads\/sites\/3\/2022\/05\/linmot-social-share-logo.jpg","width":800,"height":500,"caption":"NTI AG - LinMot & MagSpring"},"image":{"@id":"https:\/\/linmot.com\/fr\/#\/schema\/logo\/image\/"},"sameAs":["https:\/\/www.linkedin.com\/company\/nti-ag-linmot-magspring","https:\/\/www.youtube.com\/user\/LinMotEurope"]}]}},"_links":{"self":[{"href":"https:\/\/linmot.com\/fr\/wp-json\/wp\/v2\/pages\/2286","targetHints":{"allow":["GET"]}}],"collection":[{"href":"https:\/\/linmot.com\/fr\/wp-json\/wp\/v2\/pages"}],"about":[{"href":"https:\/\/linmot.com\/fr\/wp-json\/wp\/v2\/types\/page"}],"author":[{"embeddable":true,"href":"https:\/\/linmot.com\/fr\/wp-json\/wp\/v2\/users\/9"}],"replies":[{"embeddable":true,"href":"https:\/\/linmot.com\/fr\/wp-json\/wp\/v2\/comments?post=2286"}],"version-history":[{"count":16,"href":"https:\/\/linmot.com\/fr\/wp-json\/wp\/v2\/pages\/2286\/revisions"}],"predecessor-version":[{"id":3469,"href":"https:\/\/linmot.com\/fr\/wp-json\/wp\/v2\/pages\/2286\/revisions\/3469"}],"up":[{"embeddable":true,"href":"https:\/\/linmot.com\/fr\/wp-json\/wp\/v2\/pages\/3521"}],"wp:attachment":[{"href":"https:\/\/linmot.com\/fr\/wp-json\/wp\/v2\/media?parent=2286"}],"curies":[{"name":"wp","href":"https:\/\/api.w.org\/{rel}","templated":true}]}}