{"id":223,"date":"2017-11-07T15:29:07","date_gmt":"2017-11-07T14:29:07","guid":{"rendered":"https:\/\/linmot.com\/?page_id=223"},"modified":"2024-05-01T16:46:36","modified_gmt":"2024-05-01T14:46:36","slug":"manipulation-et-assemblage","status":"publish","type":"page","link":"https:\/\/linmot.com\/fr\/solutions-industrielles\/manipulation-et-assemblage\/","title":{"rendered":"Manipulation et assemblage"},"content":{"rendered":"<p><strong>Avec des moteurs lin\u00e9aires librement programmables et hautement dynamiques, l&rsquo;ing\u00e9nieur d&rsquo;installation trouve les composants optimaux pour une machine de production moderne qui peut facilement r\u00e9sister aux exigences en vigueur.<\/strong><\/p>\n<img loading=\"lazy\" decoding=\"async\" class=\"aligncenter size-full wp-image-224\" src=\"https:\/\/linmot.com\/fr\/wp-content\/uploads\/sites\/3\/2017\/11\/LinMot-Solutions-Hadling-Assembling-Industry-1.jpg\" alt=\"\" width=\"940\" height=\"300\" srcset=\"https:\/\/linmot.com\/fr\/wp-content\/uploads\/sites\/3\/2017\/11\/LinMot-Solutions-Hadling-Assembling-Industry-1.jpg 940w, https:\/\/linmot.com\/fr\/wp-content\/uploads\/sites\/3\/2017\/11\/LinMot-Solutions-Hadling-Assembling-Industry-1-300x96.jpg 300w, https:\/\/linmot.com\/fr\/wp-content\/uploads\/sites\/3\/2017\/11\/LinMot-Solutions-Hadling-Assembling-Industry-1-768x245.jpg 768w\" sizes=\"auto, (max-width: 940px) 100vw, 940px\" \/>\n<p>Dans la comp\u00e9tition internationale, le temps de mise sur le march\u00e9 devient un facteur de plus en plus important. Des cycles d\u2019innovation plus courts et une grande diversit\u00e9 de mod\u00e8les sont les plus grands d\u00e9fis. Pour r\u00e9pondre \u00e0 ces exigences, il est n\u00e9cessaire d\u2019avoir une production flexible avec des solutions d\u2019automatisation intelligentes.<\/p>\n<p>L\u2019approche principale, pour obtenir des syst\u00e8mes de production plus performants, est l\u2019utilisation de syst\u00e8mes modulaires dans lesquels les \u00e9l\u00e9ments peuvent \u00eatre reconfigur\u00e9s facilement. L\u2019int\u00e9gration, aux lignes de fabrication existantes, de modules suppl\u00e9mentaires et de nouvelles fonctionnalit\u00e9s doit \u00eatre facilit\u00e9e. En plus d\u2019une flexibilit\u00e9 plus importante, une usine moderne exige une cadence de production maximis\u00e9e, une tra\u00e7abilit\u00e9 s\u00e9curis\u00e9e et un contr\u00f4le complet du processus.<\/p>\n<p>Avec les <a href=\"\/fr\/produits\/moteurs-lineaire\/\">moteurs lin\u00e9aires<\/a> LinMot, librement programmables et ultra dynamiques, les ing\u00e9nieurs ont \u00e0 leur disposition des actionneurs parfaitement adapt\u00e9s aux machines de production modernes.<\/p>\n<p>De nombreuses applications d\u00e9j\u00e0 r\u00e9alis\u00e9es montrent que la technique d&rsquo;entra\u00eenement de LinMot peut augmenter de mani\u00e8re significative la productivit\u00e9 et la flexibilit\u00e9 des syst\u00e8mes de montage et de manutention et, gr\u00e2ce \u00e0 la technologie Plug&amp;Play, la mise en service est nettement plus courte. Le spectre d&rsquo;utilisation comprend toutes les t\u00e2ches d&rsquo;entra\u00eenement imaginables.<\/p>\n<p>Les domaines d\u2019applications sont multiples:<\/p>\n<div class=\"row\">\n<div class=\"col-sm-4\">\n<ul>\n<li>Chargeurs<\/li>\n<li>Syst\u00e8mes de transfert<\/li>\n<li>Modules de prise\/d\u00e9pose<\/li>\n<li>Dispositifs de palettisation<\/li>\n<li>Dispositifs d\u2019empilage<\/li>\n<li>Tables XY<\/li>\n<\/ul>\n<\/div>\n<div class=\"col-sm-4\">\n<ul>\n<li>Pressage de pr\u00e9cision<\/li>\n<li>Syst\u00e8mes de tri<\/li>\n<li>Vissages automatiques<\/li>\n<li>Syst\u00e8mes de dosage<\/li>\n<li>Postes de collage<\/li>\n<li>Postes d\u2019assurance qualit\u00e9<\/li>\n<\/ul>\n<\/div>\n<div class=\"col-sm-4\">\n<ul>\n<li>Bancs de tests<\/li>\n<li>Positionnement de cam\u00e9ras<\/li>\n<li>Positionnement d\u2019\u00e9clairage<\/li>\n<li>etc.<\/li>\n<\/ul>\n<\/div>\n<\/div>\n<hr \/>\n<h2>Rapports d&rsquo;application sur la manipulation et l&rsquo;assemblage<\/h2>\n<div class=\"row download\">\n<div class=\"col-md-3\">\n<h4 class=\"download-title\">Pick&amp;Place avec technologie d\u2019entra\u00eenement direct<\/h4>\n<p class=\"bodytext\" align=\"justify\">Flexible et rapide comme l\u2019\u00e9clair : les entra\u00eenements \u00e9lectriques directs permettent de r\u00e9aliser des modules pick-and-place qui fonctionnent de mani\u00e8re particuli\u00e8rement efficace, pr\u00e9cise et dynamique. En outre, ils peuvent \u00eatre utilis\u00e9s de mani\u00e8re plus flexible, sont plus compacts et n\u00e9cessitent moins de montage et de maintenance que leurs homologues \u00e0 entra\u00eenement pneumatique ou \u00e0 came.<\/p>\n<p><a class=\"button\" href=\"\/fr\/blog\/pickplace-avec-technologie-dentrainement-direct\/\">Vers l\u2019article<\/a><br \/>\n<\/div>\n<div class=\"col-md-2\">\n<img loading=\"lazy\" decoding=\"async\" class=\"alignnone wp-image-3295 size-full\" src=\"https:\/\/linmot.com\/wp-content\/uploads\/2022\/08\/pick-and-place-with-direct-drive-technology-application-report.jpg\" alt=\"\" width=\"220\" height=\"220\" \/><br \/>\n<\/div>\n<div class=\"col-md-2\">\n<\/div>\n<div class=\"col-md-3\">\n<h4 class=\"download-title\">Gardena se tourne vers l\u2019avenir de l\u2019eau gr\u00e2ce \u00e0 LinMot<\/h4>\n<p class=\"bodytext\" align=\"justify\">Si l\u2019on pense \u00e0 la tondeuse \u00e0 gazon \u00e0 batterie de 1973 ou \u00e0 l\u2019ordinateur d\u2019arrosage des ann\u00e9es 1980, GARDENA s\u2019est toujours r\u00e9v\u00e9l\u00e9 \u00eatre un innovateur particuli\u00e8rement soucieux du d\u00e9veloppement durable. Gr\u00e2ce aux techniques de levage et de rotation les plus modernes du sp\u00e9cialiste des entra\u00eenements LinMot, GARDENA a r\u00e9ussi \u00e0 red\u00e9finir la pr\u00e9cision, la vitesse et la durabilit\u00e9 de ses installations de production.<\/p>\n<p><a class=\"button\" href=\"\/fr\/blog\/gardena-se-tourne-vers-lavenir-de-leau-grace-a-linmot\/\">Vers l\u2019article<\/a><br \/>\n<\/div>\n<div class=\"col-md-2\">\n<img loading=\"lazy\" decoding=\"async\" class=\"aligncenter wp-image-4450 size-full\" src=\"https:\/\/linmot.com\/de\/wp-content\/uploads\/sites\/2\/2023\/07\/gardena-vorschau.jpg\" alt=\"\" width=\"220\" height=\"220\" \/><br \/>\n<\/div>\n<\/div>\n<div class=\"row download\">\n<div class=\"col-md-3\">\n<h4 class=\"download-title\">Innover en mati\u00e8re de pr\u00e9hension robotique<\/h4>\n<p class=\"bodytext\" align=\"justify\">En passant des cylindres pneumatiques aux moteurs lin\u00e9aires, le fabricant de machines et d&rsquo;installations Keller HCW a r\u00e9ussi \u00e0 d\u00e9velopper une innovation dans le domaine des pr\u00e9henseurs robotis\u00e9s universels \u00e0 charge utile \u00e9lev\u00e9e qui peuvent m\u00eame saisir, s\u00e9parer et d\u00e9placer des produits sensibles en toute s\u00e9curit\u00e9 et en douceur.<\/p>\n<p><a class=\"button\" href=\"\/fr\/blog\/les-moteurs-lineaires-permettent-dinnover-en-matiere-de-prehension-robotique\/\">Vers l&rsquo;article<\/a><br \/>\n<\/div>\n<div class=\"col-md-2\">\n<img loading=\"lazy\" decoding=\"async\" class=\"alignnone wp-image-3295 size-full\" src=\"https:\/\/linmot.com\/de\/wp-content\/uploads\/sites\/2\/2023\/02\/vorschau-robotergreifer.jpg\" alt=\"\" width=\"220\" height=\"220\" \/><br \/>\n<\/div>\n<\/div>\n","protected":false},"excerpt":{"rendered":"<p>Avec des moteurs lin\u00e9aires librement programmables et hautement dynamiques, l&rsquo;ing\u00e9nieur d&rsquo;installation trouve les composants optimaux pour une machine de production moderne qui peut facilement r\u00e9sister aux exigences en vigueur. Dans la comp\u00e9tition internationale, le temps de mise sur le march\u00e9 devient un facteur de plus en plus important. Des cycles d\u2019innovation plus courts et une [&hellip;]<\/p>\n","protected":false},"author":1,"featured_media":0,"parent":8,"menu_order":82,"comment_status":"closed","ping_status":"closed","template":"","meta":{"_acf_changed":false,"footnotes":""},"class_list":["post-223","page","type-page","status-publish","hentry"],"acf":[],"yoast_head":"<!-- This site is optimized with the Yoast SEO Premium plugin v20.9 (Yoast SEO v27.4) - https:\/\/yoast.com\/product\/yoast-seo-premium-wordpress\/ -->\n<title>Manutention &amp; assemblage - Pick&#039;n&#039;Place Assemblage Alimentation<\/title>\n<meta name=\"description\" content=\"De la manutention \u00e0 l&#039;assemblage : Sur cette page vous trouverez tous les composants LinMot pour concevoir une machine de production moderne, n\u00e9cessitant peu d&#039;entretien et sans air comprim\u00e9.\" \/>\n<meta name=\"robots\" content=\"index, follow, max-snippet:-1, max-image-preview:large, max-video-preview:-1\" \/>\n<link rel=\"canonical\" href=\"https:\/\/linmot.com\/fr\/solutions-industrielles\/manipulation-et-assemblage\/\" \/>\n<meta property=\"og:locale\" content=\"fr_FR\" \/>\n<meta property=\"og:type\" content=\"article\" \/>\n<meta property=\"og:title\" content=\"Manutention &amp; assemblage - Pick&#039;n&#039;Place Assemblage Alimentation\" \/>\n<meta property=\"og:description\" content=\"De la manutention \u00e0 l&#039;assemblage : Sur cette page vous trouverez tous les composants LinMot pour concevoir une machine de production moderne, n\u00e9cessitant peu d&#039;entretien et sans air comprim\u00e9.\" \/>\n<meta property=\"og:url\" content=\"https:\/\/linmot.com\/fr\/solutions-industrielles\/manipulation-et-assemblage\/\" \/>\n<meta property=\"og:site_name\" content=\"LinMot &amp; MagSpring - Fran\u00e7ais\" \/>\n<meta property=\"article:modified_time\" content=\"2024-05-01T14:46:36+00:00\" \/>\n<meta property=\"og:image\" content=\"https:\/\/linmot.com\/fr\/wp-content\/uploads\/sites\/3\/2017\/11\/LinMot-Solutions-Hadling-Assembling-Industry-1.jpg\" \/>\n\t<meta property=\"og:image:width\" content=\"940\" \/>\n\t<meta property=\"og:image:height\" content=\"300\" \/>\n\t<meta property=\"og:image:type\" content=\"image\/jpeg\" \/>\n<meta name=\"twitter:card\" content=\"summary_large_image\" \/>\n<meta name=\"twitter:title\" content=\"Manutention &amp; assemblage - Pick&#039;n&#039;Place Assemblage Alimentation\" \/>\n<meta name=\"twitter:description\" content=\"De la manutention \u00e0 l&#039;assemblage : Sur cette page vous trouverez tous les composants LinMot pour concevoir une machine de production moderne, n\u00e9cessitant peu d&#039;entretien et sans air comprim\u00e9.\" \/>\n<meta name=\"twitter:image\" content=\"https:\/\/linmot.com\/fr\/wp-content\/uploads\/sites\/3\/2017\/11\/LinMot-Solutions-Hadling-Assembling-Industry-1.jpg\" \/>\n<meta name=\"twitter:label1\" content=\"Dur\u00e9e de lecture estim\u00e9e\" \/>\n\t<meta name=\"twitter:data1\" content=\"4 minutes\" \/>\n<script type=\"application\/ld+json\" class=\"yoast-schema-graph\">{\"@context\":\"https:\\\/\\\/schema.org\",\"@graph\":[{\"@type\":\"WebPage\",\"@id\":\"https:\\\/\\\/linmot.com\\\/fr\\\/solutions-industrielles\\\/manipulation-et-assemblage\\\/\",\"url\":\"https:\\\/\\\/linmot.com\\\/fr\\\/solutions-industrielles\\\/manipulation-et-assemblage\\\/\",\"name\":\"Manutention & assemblage - Pick'n'Place Assemblage Alimentation\",\"isPartOf\":{\"@id\":\"https:\\\/\\\/linmot.com\\\/fr\\\/#website\"},\"primaryImageOfPage\":{\"@id\":\"https:\\\/\\\/linmot.com\\\/fr\\\/solutions-industrielles\\\/manipulation-et-assemblage\\\/#primaryimage\"},\"image\":{\"@id\":\"https:\\\/\\\/linmot.com\\\/fr\\\/solutions-industrielles\\\/manipulation-et-assemblage\\\/#primaryimage\"},\"thumbnailUrl\":\"https:\\\/\\\/linmot.com\\\/fr\\\/wp-content\\\/uploads\\\/sites\\\/3\\\/2017\\\/11\\\/LinMot-Solutions-Hadling-Assembling-Industry-1.jpg\",\"datePublished\":\"2017-11-07T14:29:07+00:00\",\"dateModified\":\"2024-05-01T14:46:36+00:00\",\"description\":\"De la manutention \u00e0 l'assemblage : Sur cette page vous trouverez tous les composants LinMot pour concevoir une machine de production moderne, n\u00e9cessitant peu d'entretien et sans air comprim\u00e9.\",\"breadcrumb\":{\"@id\":\"https:\\\/\\\/linmot.com\\\/fr\\\/solutions-industrielles\\\/manipulation-et-assemblage\\\/#breadcrumb\"},\"inLanguage\":\"fr-FR\",\"potentialAction\":[{\"@type\":\"ReadAction\",\"target\":[\"https:\\\/\\\/linmot.com\\\/fr\\\/solutions-industrielles\\\/manipulation-et-assemblage\\\/\"]}]},{\"@type\":\"ImageObject\",\"inLanguage\":\"fr-FR\",\"@id\":\"https:\\\/\\\/linmot.com\\\/fr\\\/solutions-industrielles\\\/manipulation-et-assemblage\\\/#primaryimage\",\"url\":\"https:\\\/\\\/linmot.com\\\/fr\\\/wp-content\\\/uploads\\\/sites\\\/3\\\/2017\\\/11\\\/LinMot-Solutions-Hadling-Assembling-Industry-1.jpg\",\"contentUrl\":\"https:\\\/\\\/linmot.com\\\/fr\\\/wp-content\\\/uploads\\\/sites\\\/3\\\/2017\\\/11\\\/LinMot-Solutions-Hadling-Assembling-Industry-1.jpg\",\"width\":940,\"height\":300,\"caption\":\"\"},{\"@type\":\"BreadcrumbList\",\"@id\":\"https:\\\/\\\/linmot.com\\\/fr\\\/solutions-industrielles\\\/manipulation-et-assemblage\\\/#breadcrumb\",\"itemListElement\":[{\"@type\":\"ListItem\",\"position\":1,\"name\":\"Home\",\"item\":\"https:\\\/\\\/linmot.com\\\/fr\\\/\"},{\"@type\":\"ListItem\",\"position\":2,\"name\":\"Solutions industrielles\",\"item\":\"https:\\\/\\\/linmot.com\\\/fr\\\/solutions-industrielles\\\/\"},{\"@type\":\"ListItem\",\"position\":3,\"name\":\"Manipulation et assemblage\"}]},{\"@type\":\"WebSite\",\"@id\":\"https:\\\/\\\/linmot.com\\\/fr\\\/#website\",\"url\":\"https:\\\/\\\/linmot.com\\\/fr\\\/\",\"name\":\"LinMot &amp; MagSpring - Fran\u00e7ais\",\"description\":\"Moteurs lin\u00e9aires et des syst\u00e8mes de moteurs lin\u00e9aires de haute qualit\u00e9\",\"publisher\":{\"@id\":\"https:\\\/\\\/linmot.com\\\/fr\\\/#organization\"},\"potentialAction\":[{\"@type\":\"SearchAction\",\"target\":{\"@type\":\"EntryPoint\",\"urlTemplate\":\"https:\\\/\\\/linmot.com\\\/fr\\\/?s={search_term_string}\"},\"query-input\":{\"@type\":\"PropertyValueSpecification\",\"valueRequired\":true,\"valueName\":\"search_term_string\"}}],\"inLanguage\":\"fr-FR\"},{\"@type\":\"Organization\",\"@id\":\"https:\\\/\\\/linmot.com\\\/fr\\\/#organization\",\"name\":\"NTI AG - LinMot & MagSpring\",\"url\":\"https:\\\/\\\/linmot.com\\\/fr\\\/\",\"logo\":{\"@type\":\"ImageObject\",\"inLanguage\":\"fr-FR\",\"@id\":\"https:\\\/\\\/linmot.com\\\/fr\\\/#\\\/schema\\\/logo\\\/image\\\/\",\"url\":\"https:\\\/\\\/linmot.com\\\/fr\\\/wp-content\\\/uploads\\\/sites\\\/3\\\/2022\\\/05\\\/linmot-social-share-logo.jpg\",\"contentUrl\":\"https:\\\/\\\/linmot.com\\\/fr\\\/wp-content\\\/uploads\\\/sites\\\/3\\\/2022\\\/05\\\/linmot-social-share-logo.jpg\",\"width\":800,\"height\":500,\"caption\":\"NTI AG - LinMot & MagSpring\"},\"image\":{\"@id\":\"https:\\\/\\\/linmot.com\\\/fr\\\/#\\\/schema\\\/logo\\\/image\\\/\"},\"sameAs\":[\"https:\\\/\\\/www.linkedin.com\\\/company\\\/nti-ag-linmot-magspring\",\"https:\\\/\\\/www.youtube.com\\\/user\\\/LinMotEurope\"]}]}<\/script>\n<!-- \/ Yoast SEO Premium plugin. -->","yoast_head_json":{"title":"Manutention & assemblage - Pick'n'Place Assemblage Alimentation","description":"De la manutention \u00e0 l'assemblage : Sur cette page vous trouverez tous les composants LinMot pour concevoir une machine de production moderne, n\u00e9cessitant peu d'entretien et sans air comprim\u00e9.","robots":{"index":"index","follow":"follow","max-snippet":"max-snippet:-1","max-image-preview":"max-image-preview:large","max-video-preview":"max-video-preview:-1"},"canonical":"https:\/\/linmot.com\/fr\/solutions-industrielles\/manipulation-et-assemblage\/","og_locale":"fr_FR","og_type":"article","og_title":"Manutention & assemblage - Pick'n'Place Assemblage Alimentation","og_description":"De la manutention \u00e0 l'assemblage : Sur cette page vous trouverez tous les composants LinMot pour concevoir une machine de production moderne, n\u00e9cessitant peu d'entretien et sans air comprim\u00e9.","og_url":"https:\/\/linmot.com\/fr\/solutions-industrielles\/manipulation-et-assemblage\/","og_site_name":"LinMot &amp; MagSpring - Fran\u00e7ais","article_modified_time":"2024-05-01T14:46:36+00:00","og_image":[{"width":940,"height":300,"url":"https:\/\/linmot.com\/fr\/wp-content\/uploads\/sites\/3\/2017\/11\/LinMot-Solutions-Hadling-Assembling-Industry-1.jpg","type":"image\/jpeg"}],"twitter_card":"summary_large_image","twitter_title":"Manutention & assemblage - Pick'n'Place Assemblage Alimentation","twitter_description":"De la manutention \u00e0 l'assemblage : Sur cette page vous trouverez tous les composants LinMot pour concevoir une machine de production moderne, n\u00e9cessitant peu d'entretien et sans air comprim\u00e9.","twitter_image":"https:\/\/linmot.com\/fr\/wp-content\/uploads\/sites\/3\/2017\/11\/LinMot-Solutions-Hadling-Assembling-Industry-1.jpg","twitter_misc":{"Dur\u00e9e de lecture estim\u00e9e":"4 minutes"},"schema":{"@context":"https:\/\/schema.org","@graph":[{"@type":"WebPage","@id":"https:\/\/linmot.com\/fr\/solutions-industrielles\/manipulation-et-assemblage\/","url":"https:\/\/linmot.com\/fr\/solutions-industrielles\/manipulation-et-assemblage\/","name":"Manutention & assemblage - Pick'n'Place Assemblage Alimentation","isPartOf":{"@id":"https:\/\/linmot.com\/fr\/#website"},"primaryImageOfPage":{"@id":"https:\/\/linmot.com\/fr\/solutions-industrielles\/manipulation-et-assemblage\/#primaryimage"},"image":{"@id":"https:\/\/linmot.com\/fr\/solutions-industrielles\/manipulation-et-assemblage\/#primaryimage"},"thumbnailUrl":"https:\/\/linmot.com\/fr\/wp-content\/uploads\/sites\/3\/2017\/11\/LinMot-Solutions-Hadling-Assembling-Industry-1.jpg","datePublished":"2017-11-07T14:29:07+00:00","dateModified":"2024-05-01T14:46:36+00:00","description":"De la manutention \u00e0 l'assemblage : Sur cette page vous trouverez tous les composants LinMot pour concevoir une machine de production moderne, n\u00e9cessitant peu d'entretien et sans air comprim\u00e9.","breadcrumb":{"@id":"https:\/\/linmot.com\/fr\/solutions-industrielles\/manipulation-et-assemblage\/#breadcrumb"},"inLanguage":"fr-FR","potentialAction":[{"@type":"ReadAction","target":["https:\/\/linmot.com\/fr\/solutions-industrielles\/manipulation-et-assemblage\/"]}]},{"@type":"ImageObject","inLanguage":"fr-FR","@id":"https:\/\/linmot.com\/fr\/solutions-industrielles\/manipulation-et-assemblage\/#primaryimage","url":"https:\/\/linmot.com\/fr\/wp-content\/uploads\/sites\/3\/2017\/11\/LinMot-Solutions-Hadling-Assembling-Industry-1.jpg","contentUrl":"https:\/\/linmot.com\/fr\/wp-content\/uploads\/sites\/3\/2017\/11\/LinMot-Solutions-Hadling-Assembling-Industry-1.jpg","width":940,"height":300,"caption":""},{"@type":"BreadcrumbList","@id":"https:\/\/linmot.com\/fr\/solutions-industrielles\/manipulation-et-assemblage\/#breadcrumb","itemListElement":[{"@type":"ListItem","position":1,"name":"Home","item":"https:\/\/linmot.com\/fr\/"},{"@type":"ListItem","position":2,"name":"Solutions industrielles","item":"https:\/\/linmot.com\/fr\/solutions-industrielles\/"},{"@type":"ListItem","position":3,"name":"Manipulation et assemblage"}]},{"@type":"WebSite","@id":"https:\/\/linmot.com\/fr\/#website","url":"https:\/\/linmot.com\/fr\/","name":"LinMot &amp; MagSpring - Fran\u00e7ais","description":"Moteurs lin\u00e9aires et des syst\u00e8mes de moteurs lin\u00e9aires de haute qualit\u00e9","publisher":{"@id":"https:\/\/linmot.com\/fr\/#organization"},"potentialAction":[{"@type":"SearchAction","target":{"@type":"EntryPoint","urlTemplate":"https:\/\/linmot.com\/fr\/?s={search_term_string}"},"query-input":{"@type":"PropertyValueSpecification","valueRequired":true,"valueName":"search_term_string"}}],"inLanguage":"fr-FR"},{"@type":"Organization","@id":"https:\/\/linmot.com\/fr\/#organization","name":"NTI AG - LinMot & MagSpring","url":"https:\/\/linmot.com\/fr\/","logo":{"@type":"ImageObject","inLanguage":"fr-FR","@id":"https:\/\/linmot.com\/fr\/#\/schema\/logo\/image\/","url":"https:\/\/linmot.com\/fr\/wp-content\/uploads\/sites\/3\/2022\/05\/linmot-social-share-logo.jpg","contentUrl":"https:\/\/linmot.com\/fr\/wp-content\/uploads\/sites\/3\/2022\/05\/linmot-social-share-logo.jpg","width":800,"height":500,"caption":"NTI AG - LinMot & MagSpring"},"image":{"@id":"https:\/\/linmot.com\/fr\/#\/schema\/logo\/image\/"},"sameAs":["https:\/\/www.linkedin.com\/company\/nti-ag-linmot-magspring","https:\/\/www.youtube.com\/user\/LinMotEurope"]}]}},"_links":{"self":[{"href":"https:\/\/linmot.com\/fr\/wp-json\/wp\/v2\/pages\/223","targetHints":{"allow":["GET"]}}],"collection":[{"href":"https:\/\/linmot.com\/fr\/wp-json\/wp\/v2\/pages"}],"about":[{"href":"https:\/\/linmot.com\/fr\/wp-json\/wp\/v2\/types\/page"}],"author":[{"embeddable":true,"href":"https:\/\/linmot.com\/fr\/wp-json\/wp\/v2\/users\/1"}],"replies":[{"embeddable":true,"href":"https:\/\/linmot.com\/fr\/wp-json\/wp\/v2\/comments?post=223"}],"version-history":[{"count":13,"href":"https:\/\/linmot.com\/fr\/wp-json\/wp\/v2\/pages\/223\/revisions"}],"predecessor-version":[{"id":3367,"href":"https:\/\/linmot.com\/fr\/wp-json\/wp\/v2\/pages\/223\/revisions\/3367"}],"up":[{"embeddable":true,"href":"https:\/\/linmot.com\/fr\/wp-json\/wp\/v2\/pages\/8"}],"wp:attachment":[{"href":"https:\/\/linmot.com\/fr\/wp-json\/wp\/v2\/media?parent=223"}],"curies":[{"name":"wp","href":"https:\/\/api.w.org\/{rel}","templated":true}]}}