{"id":220,"date":"2017-11-07T15:27:15","date_gmt":"2017-11-07T14:27:15","guid":{"rendered":"https:\/\/linmot.com\/?page_id=220"},"modified":"2024-07-10T11:25:01","modified_gmt":"2024-07-10T09:25:01","slug":"medical-et-pharmaceutique","status":"publish","type":"page","link":"https:\/\/linmot.com\/fr\/solutions-industrielles\/medical-et-pharmaceutique\/","title":{"rendered":"M\u00e9dical et Pharmaceutique"},"content":{"rendered":"<p><strong>L\u2019\u00e9ventail des applications pour les entra\u00eenements lin\u00e9aires dans le secteur m\u00e9dical et pharmaceutique est tr\u00e8s large.<\/strong><\/p>\n<img loading=\"lazy\" decoding=\"async\" class=\"aligncenter size-full wp-image-221\" src=\"https:\/\/linmot.com\/fr\/wp-content\/uploads\/sites\/3\/2017\/11\/LinMot-Solutions-Medical-Pharmaceutical-Industry-1.jpg\" alt=\"\" width=\"940\" height=\"300\" srcset=\"https:\/\/linmot.com\/fr\/wp-content\/uploads\/sites\/3\/2017\/11\/LinMot-Solutions-Medical-Pharmaceutical-Industry-1.jpg 940w, https:\/\/linmot.com\/fr\/wp-content\/uploads\/sites\/3\/2017\/11\/LinMot-Solutions-Medical-Pharmaceutical-Industry-1-300x96.jpg 300w, https:\/\/linmot.com\/fr\/wp-content\/uploads\/sites\/3\/2017\/11\/LinMot-Solutions-Medical-Pharmaceutical-Industry-1-768x245.jpg 768w\" sizes=\"auto, (max-width: 940px) 100vw, 940px\" \/>\n<p>Les composants d\u2019entra\u00eenement LinMot fournissent un haut niveau de dynamisme et de pr\u00e9cision, pour remplir des t\u00e2ches diverses telles que\u00a0: manipulation des \u00e9chantillons de sang, comptage et distribution des pilules, emballage des m\u00e9dicaments\u2026<br \/>\nLa construction hygi\u00e9nique des moteurs lin\u00e9aires permet de manipuler ces produits hautement sensibles en conformit\u00e9 avec la r\u00e9glementation pour salles blanches.<\/p>\n<p>Les clients b\u00e9n\u00e9ficient de l\u2019exp\u00e9rience de LinMot dans les solutions d\u2019entra\u00eenement lin\u00e9aire utilis\u00e9es dans les applications suivantes:<\/p>\n<div class=\"row\">\n<div class=\"col-sm-4\">\n<ul>\n<li>Postes de remplissage flexibles<\/li>\n<li>Dosage et comptage<\/li>\n<li>Insertion<\/li>\n<li>Bouchage, vissage<\/li>\n<\/ul>\n<\/div>\n<div class=\"col-sm-4\">\n<ul>\n<li>Pressage, encliquetage<\/li>\n<li>Emballage carton<\/li>\n<li>Etiquetage<\/li>\n<li>Syst\u00e8mes Pick &amp; Place<\/li>\n<\/ul>\n<\/div>\n<div class=\"col-sm-4\">\n<ul>\n<li>Manipulation et palettisation des produits<\/li>\n<li>Manipulation des blisters et des bacs<\/li>\n<li>Syst\u00e8mes d\u2019emballage<\/li>\n<li>etc.<\/li>\n<\/ul>\n<\/div>\n<\/div>\n<p>Pour les applications dans le secteur m\u00e9dical et pharmaceutique, LinMot a d\u00e9velopp\u00e9 des modules sp\u00e9ciaux en acier inoxydable. D\u00e9velopp\u00e9s pour un environnement exigeant, les moteurs lin\u00e9aires compacts LinMot SSC sont r\u00e9alis\u00e9s en acier inoxydable EN 1.4404\/AISI 316. Afin d&rsquo;\u00e9viter les d\u00e9p\u00f4ts de salet\u00e9, les moteurs sont con\u00e7us sans ar\u00eates, coins ni trous ou raccords inutiles. Ils peuvent \u00eatre utilis\u00e9s dans des machines et des installations destin\u00e9es \u00e0 la transformation de produits alimentaires ou \u00e0 l&rsquo;industrie pharmaceutique. Ils s&rsquo;accommodent sans probl\u00e8me d&rsquo;un environnement extr\u00eamement rude ou corrosif et peuvent \u00eatre nettoy\u00e9s sans h\u00e9sitation avec tous les produits habituels de la branche.<\/p>\n<p>Un aper\u00e7u de tous les produits LinMot vous attend sur cette page :<\/p>\n<p><a class=\"button\" href=\"\/fr\/les-produits-de-linmot-et-magspring\/\">Aper\u00e7u des produits<\/a><\/p>\n<hr \/>\n<h2>Rapports d&rsquo;application de l&rsquo;industrie m\u00e9dicale et pharmaceutique<\/h2>\n<div class=\"row download\">\n<div class=\"col-md-3\">\n<h4 class=\"download-title\">La production pharmaceutique \u00e0 l\u2019heure de la pand\u00e9mie de Covid-19<\/h4>\n<p class=\"bodytext\" align=\"justify\">Lignes de remplissage et de bouchage multiformat de Zellwag Pharmtech AG avec des moteurs lin\u00e8aires et rotatifs pr\u00e9cis de LinMot.<\/p>\n<p><a class=\"button\" href=\"\/fr\/blog\/la-production-pharmaceutique-a-lheure-de-la-pandemie-de-covid-19\/\">Vers l\u2019article<\/a><br \/>\n<\/div>\n<div class=\"col-md-2\">\n<img loading=\"lazy\" decoding=\"async\" class=\"alignnone wp-image-3296 size-full\" src=\"https:\/\/linmot.com\/wp-content\/uploads\/2022\/08\/pharmaceutical-production-during-covid-19-application-report.jpg\" alt=\"\" width=\"220\" height=\"220\" \/><br \/>\n<\/div>\n<div class=\"col-md-2\">\n<\/div>\n<div class=\"col-md-3\">\n<h4 class=\"download-title\">Moteur lin\u00e9aire utilis\u00e9 comme poumon artificiel<\/h4>\n<p class=\"bodytext\" align=\"justify\">Les masques m\u00e9dicaux pour le nez et la bouche peuvent contribuer \u00e0 r\u00e9duire la propagation du virus COVID-19. Des mesures suppl\u00e9mentaires simples augmentent consid\u00e9rablement leur efficacit\u00e9 protectrice. Cela a \u00e9t\u00e9 confirm\u00e9 par des \u00e9tudes syst\u00e9matiques et reproductibles men\u00e9es par l&rsquo;OTH Regensburg \u00e0 l&rsquo;aide d&rsquo;un simulateur pulmonaire utilisant des moteurs lin\u00e9aires de LinMot.<\/p>\n<p><a class=\"button\" href=\"\/fr\/blog\/covid-19-moteur-lineaire-utilise-comme-poumon-artificiel-pour-les-tests-de-masques\/\">Vers l&rsquo;article<\/a><br \/>\n<\/div>\n<div class=\"col-md-2\">\n<img loading=\"lazy\" decoding=\"async\" class=\"alignnone wp-image-3296 size-full\" src=\"https:\/\/linmot.com\/de\/wp-content\/uploads\/sites\/2\/2023\/02\/vorschau-covid-19-maskentests.jpg\" alt=\"\" width=\"220\" height=\"220\" \/><br \/>\n<\/div>\n<\/div>\n<div class=\"row download\">\n<div class=\"col-md-3\">\n<h4 class=\"download-title\">La lutte contre la contrefa\u00e7on de m\u00e9dicaments<\/h4>\n<p class=\"bodytext\" align=\"justify\">75 milliards de dollars am\u00e9ricains par an. Selon l&rsquo;Organisation mondiale de la sant\u00e9 (OMS), c&rsquo;est la valeur estim\u00e9e du march\u00e9 des m\u00e9dicaments contrefaits dans le monde. Un statu quo intenable en mati\u00e8re de politique pharmaceutique. Avec plus de 6 milliards de produits trait\u00e9s par an et gr\u00e2ce \u00e0 la technologie d&rsquo;entra\u00eenement lin\u00e9aire de pointe de LinMot, les machines de codage uniques de Hicof sont le fer de lance de la lutte contre la contrefa\u00e7on.<\/p>\n<p><a class=\"button\" href=\"\/fr\/blog\/la-lutte-contre-la-contrefacon-de-medicaments-driven-by-linmot\/\">Vers l&rsquo;article<\/a><br \/>\n<\/div>\n<div class=\"col-md-2\">\n<img loading=\"lazy\" decoding=\"async\" class=\"alignnone wp-image-3296 size-full\" src=\"https:\/\/linmot.com\/de\/wp-content\/uploads\/sites\/2\/2023\/02\/vorschau-kampf-medikamentenfaelschung.jpg\" alt=\"\" width=\"220\" height=\"220\" \/><br \/>\n<\/div>\n<div class=\"col-md-2\">\n<\/div>\n<div class=\"col-md-3\">\n<h4 class=\"download-title\">Syst\u00e8mes LinMot dans les machines pharmaceutiques d\u2019AFAQ<\/h4>\n<p class=\"bodytext\" align=\"justify\">Le secteur pharmaceutique est consid\u00e9r\u00e9 comme l\u2019un des secteurs les plus exigeants dans le domaine industriel. Les concepteurs et constructeurs de machines doivent tenir compte de nombreuses r\u00e8gles et normes et appliquer imp\u00e9rativement les cGMP (current Good Manufacturing Practices). Ces r\u00e8gles et directives sont encore plus restrictives lorsque la machine traite des m\u00e9dicaments aseptiques, tels que des gouttes pour les yeux.<\/p>\n<p><a class=\"button\" href=\"\/fr\/blog\/systemes-linmot-dans-les-machines-pharmaceutiques-dafaq\/\">Vers l&rsquo;article<\/a><br \/>\n<\/div>\n<div class=\"col-md-2\">\n<img loading=\"lazy\" decoding=\"async\" class=\"alignnone wp-image-3295 size-full\" src=\"https:\/\/linmot.com\/de\/wp-content\/uploads\/sites\/2\/2023\/01\/vorschau-afaq-application-report.jpg\" alt=\"\" width=\"220\" height=\"220\" \/><br \/>\n<\/div>\n<\/div>\n<div class=\"row download\">\n<div class=\"col-md-3\">\n<h4 class=\"download-title\">Appuyer sur le champignon avec LinMot<\/h4>\n<p class=\"bodytext\" align=\"justify\">Les moteurs lin\u00e9aires constituent une solution particuli\u00e8rement adapt\u00e9e aux applications pharmaceutiques en salle blanche. Ils subissent tr\u00e8s peu d&rsquo;usure abrasive, n\u00e9cessitent peu de lubrification \u00e0 des intervalles tr\u00e8s espac\u00e9s et sont faciles \u00e0 nettoyer. Pour ces raisons et d&rsquo;autres encore, ils constituent aujourd&rsquo;hui l&rsquo;\u00e9tat de l&rsquo;art pour le c\u00e9l\u00e8bre producteur suisse d&#8217;emballages primaires Hoffmann Neopac AG et un \u00e9l\u00e9ment indispensable des syst\u00e8mes modernes de production pharmaceutique.<\/p>\n<p><a class=\"button\" href=\"\/fr\/blog\/appuyer-sur-le-champignon-avec-linmot\/\">Vers l&rsquo;article<\/a><br \/>\n<\/div>\n<div class=\"col-md-2\">\n<img loading=\"lazy\" decoding=\"async\" class=\"alignnone wp-image-3295 size-full\" src=\"https:\/\/linmot.com\/de\/wp-content\/uploads\/sites\/2\/2023\/02\/vorschau-tube-druecken.jpg\" alt=\"\" width=\"220\" height=\"220\" \/><br \/>\n<\/div>\n<div class=\"col-md-2\">\n<\/div>\n<div class=\"col-md-3\">\n<h4 class=\"download-title\">Les machines de remplissage et de scellage de Zellwag AG<\/h4>\n<p class=\"bodytext\" align=\"justify\">Dynamique dans l&rsquo;industrie des machines de remplissage et de scellage. Depuis 2002, Zellwag AG fait confiance aux moteurs lin\u00e9aires pour la construction de ses machines de remplissage et de scellage enti\u00e8rement automatis\u00e9es pour les produits pharmaceutiques et cosm\u00e9tiques.<\/p>\n<p><a class=\"button\" href=\"\/fr\/blog\/vers-les-etoiles-et-au-dela-les-machines-de-remplissage-et-de-fermeture-de-zellwag-ag\/\">Vers l&rsquo;article<\/a><br \/>\n<\/div>\n<div class=\"col-md-2\">\n<img loading=\"lazy\" decoding=\"async\" class=\"alignnone wp-image-3297 size-full\" src=\"https:\/\/linmot.com\/de\/wp-content\/uploads\/sites\/2\/2022\/04\/zellwag-fuell-und-verschliessmaschinen.jpg\" alt=\"\" width=\"220\" height=\"220\" \/><br \/>\n<\/div>\n<\/div>\n","protected":false},"excerpt":{"rendered":"<p>L\u2019\u00e9ventail des applications pour les entra\u00eenements lin\u00e9aires dans le secteur m\u00e9dical et pharmaceutique est tr\u00e8s large. Les composants d\u2019entra\u00eenement LinMot fournissent un haut niveau de dynamisme et de pr\u00e9cision, pour remplir des t\u00e2ches diverses telles que\u00a0: manipulation des \u00e9chantillons de sang, comptage et distribution des pilules, emballage des m\u00e9dicaments\u2026 La construction hygi\u00e9nique des moteurs lin\u00e9aires [&hellip;]<\/p>\n","protected":false},"author":1,"featured_media":0,"parent":8,"menu_order":104,"comment_status":"closed","ping_status":"closed","template":"","meta":{"_acf_changed":false,"footnotes":""},"class_list":["post-220","page","type-page","status-publish","hentry"],"acf":[],"yoast_head":"<!-- This site is optimized with the Yoast SEO Premium plugin v20.9 (Yoast SEO v27.4) - https:\/\/yoast.com\/product\/yoast-seo-premium-wordpress\/ -->\n<title>M\u00e9decine &amp; Pharma - Dosage, comptage, scellage | LinMot<\/title>\n<meta name=\"description\" content=\"Gr\u00e2ce \u00e0 leur conception hygi\u00e9nique, \u00e0 la technologie des capteurs int\u00e9gr\u00e9s et \u00e9talonn\u00e9s, les moteurs LinMot peuvent \u00eatre utilis\u00e9s dans des applications du secteur m\u00e9dical et pharmaceutique soumises aux r\u00e9glementations des salles blanches.\" \/>\n<meta name=\"robots\" content=\"index, follow, max-snippet:-1, max-image-preview:large, max-video-preview:-1\" \/>\n<link rel=\"canonical\" href=\"https:\/\/linmot.com\/fr\/solutions-industrielles\/medical-et-pharmaceutique\/\" \/>\n<meta property=\"og:locale\" content=\"fr_FR\" \/>\n<meta property=\"og:type\" content=\"article\" \/>\n<meta property=\"og:title\" content=\"M\u00e9decine &amp; Pharma - Dosage, comptage, scellage | LinMot\" \/>\n<meta property=\"og:description\" content=\"Gr\u00e2ce \u00e0 leur conception hygi\u00e9nique, \u00e0 la technologie des capteurs int\u00e9gr\u00e9s et \u00e9talonn\u00e9s, les moteurs LinMot peuvent \u00eatre utilis\u00e9s dans des applications du secteur m\u00e9dical et pharmaceutique soumises aux r\u00e9glementations des salles blanches.\" \/>\n<meta property=\"og:url\" content=\"https:\/\/linmot.com\/fr\/solutions-industrielles\/medical-et-pharmaceutique\/\" \/>\n<meta property=\"og:site_name\" content=\"LinMot &amp; MagSpring - Fran\u00e7ais\" \/>\n<meta property=\"article:modified_time\" content=\"2024-07-10T09:25:01+00:00\" \/>\n<meta property=\"og:image\" content=\"https:\/\/linmot.com\/fr\/wp-content\/uploads\/sites\/3\/2017\/11\/LinMot-Solutions-Medical-Pharmaceutical-Industry-1.jpg\" \/>\n\t<meta property=\"og:image:width\" content=\"940\" \/>\n\t<meta property=\"og:image:height\" content=\"300\" \/>\n\t<meta property=\"og:image:type\" content=\"image\/jpeg\" \/>\n<meta name=\"twitter:card\" content=\"summary_large_image\" \/>\n<meta name=\"twitter:title\" content=\"M\u00e9decine &amp; Pharma - Dosage, comptage, scellage | LinMot\" \/>\n<meta name=\"twitter:description\" content=\"Gr\u00e2ce \u00e0 leur conception hygi\u00e9nique, \u00e0 la technologie des capteurs int\u00e9gr\u00e9s et \u00e9talonn\u00e9s, les moteurs LinMot peuvent \u00eatre utilis\u00e9s dans des applications du secteur m\u00e9dical et pharmaceutique soumises aux r\u00e9glementations des salles blanches.\" \/>\n<meta name=\"twitter:image\" content=\"https:\/\/linmot.com\/fr\/wp-content\/uploads\/sites\/3\/2017\/11\/LinMot-Solutions-Medical-Pharmaceutical-Industry-1.jpg\" \/>\n<meta name=\"twitter:label1\" content=\"Dur\u00e9e de lecture estim\u00e9e\" \/>\n\t<meta name=\"twitter:data1\" content=\"5 minutes\" \/>\n<script type=\"application\/ld+json\" class=\"yoast-schema-graph\">{\"@context\":\"https:\\\/\\\/schema.org\",\"@graph\":[{\"@type\":\"WebPage\",\"@id\":\"https:\\\/\\\/linmot.com\\\/fr\\\/solutions-industrielles\\\/medical-et-pharmaceutique\\\/\",\"url\":\"https:\\\/\\\/linmot.com\\\/fr\\\/solutions-industrielles\\\/medical-et-pharmaceutique\\\/\",\"name\":\"M\u00e9decine & Pharma - Dosage, comptage, scellage | LinMot\",\"isPartOf\":{\"@id\":\"https:\\\/\\\/linmot.com\\\/fr\\\/#website\"},\"primaryImageOfPage\":{\"@id\":\"https:\\\/\\\/linmot.com\\\/fr\\\/solutions-industrielles\\\/medical-et-pharmaceutique\\\/#primaryimage\"},\"image\":{\"@id\":\"https:\\\/\\\/linmot.com\\\/fr\\\/solutions-industrielles\\\/medical-et-pharmaceutique\\\/#primaryimage\"},\"thumbnailUrl\":\"https:\\\/\\\/linmot.com\\\/fr\\\/wp-content\\\/uploads\\\/sites\\\/3\\\/2017\\\/11\\\/LinMot-Solutions-Medical-Pharmaceutical-Industry-1.jpg\",\"datePublished\":\"2017-11-07T14:27:15+00:00\",\"dateModified\":\"2024-07-10T09:25:01+00:00\",\"description\":\"Gr\u00e2ce \u00e0 leur conception hygi\u00e9nique, \u00e0 la technologie des capteurs int\u00e9gr\u00e9s et \u00e9talonn\u00e9s, les moteurs LinMot peuvent \u00eatre utilis\u00e9s dans des applications du secteur m\u00e9dical et pharmaceutique soumises aux r\u00e9glementations des salles blanches.\",\"breadcrumb\":{\"@id\":\"https:\\\/\\\/linmot.com\\\/fr\\\/solutions-industrielles\\\/medical-et-pharmaceutique\\\/#breadcrumb\"},\"inLanguage\":\"fr-FR\",\"potentialAction\":[{\"@type\":\"ReadAction\",\"target\":[\"https:\\\/\\\/linmot.com\\\/fr\\\/solutions-industrielles\\\/medical-et-pharmaceutique\\\/\"]}]},{\"@type\":\"ImageObject\",\"inLanguage\":\"fr-FR\",\"@id\":\"https:\\\/\\\/linmot.com\\\/fr\\\/solutions-industrielles\\\/medical-et-pharmaceutique\\\/#primaryimage\",\"url\":\"https:\\\/\\\/linmot.com\\\/fr\\\/wp-content\\\/uploads\\\/sites\\\/3\\\/2017\\\/11\\\/LinMot-Solutions-Medical-Pharmaceutical-Industry-1.jpg\",\"contentUrl\":\"https:\\\/\\\/linmot.com\\\/fr\\\/wp-content\\\/uploads\\\/sites\\\/3\\\/2017\\\/11\\\/LinMot-Solutions-Medical-Pharmaceutical-Industry-1.jpg\",\"width\":940,\"height\":300,\"caption\":\"\"},{\"@type\":\"BreadcrumbList\",\"@id\":\"https:\\\/\\\/linmot.com\\\/fr\\\/solutions-industrielles\\\/medical-et-pharmaceutique\\\/#breadcrumb\",\"itemListElement\":[{\"@type\":\"ListItem\",\"position\":1,\"name\":\"Home\",\"item\":\"https:\\\/\\\/linmot.com\\\/fr\\\/\"},{\"@type\":\"ListItem\",\"position\":2,\"name\":\"Solutions industrielles\",\"item\":\"https:\\\/\\\/linmot.com\\\/fr\\\/solutions-industrielles\\\/\"},{\"@type\":\"ListItem\",\"position\":3,\"name\":\"M\u00e9dical et Pharmaceutique\"}]},{\"@type\":\"WebSite\",\"@id\":\"https:\\\/\\\/linmot.com\\\/fr\\\/#website\",\"url\":\"https:\\\/\\\/linmot.com\\\/fr\\\/\",\"name\":\"LinMot &amp; MagSpring - Fran\u00e7ais\",\"description\":\"Moteurs lin\u00e9aires et des syst\u00e8mes de moteurs lin\u00e9aires de haute qualit\u00e9\",\"publisher\":{\"@id\":\"https:\\\/\\\/linmot.com\\\/fr\\\/#organization\"},\"potentialAction\":[{\"@type\":\"SearchAction\",\"target\":{\"@type\":\"EntryPoint\",\"urlTemplate\":\"https:\\\/\\\/linmot.com\\\/fr\\\/?s={search_term_string}\"},\"query-input\":{\"@type\":\"PropertyValueSpecification\",\"valueRequired\":true,\"valueName\":\"search_term_string\"}}],\"inLanguage\":\"fr-FR\"},{\"@type\":\"Organization\",\"@id\":\"https:\\\/\\\/linmot.com\\\/fr\\\/#organization\",\"name\":\"NTI AG - LinMot & MagSpring\",\"url\":\"https:\\\/\\\/linmot.com\\\/fr\\\/\",\"logo\":{\"@type\":\"ImageObject\",\"inLanguage\":\"fr-FR\",\"@id\":\"https:\\\/\\\/linmot.com\\\/fr\\\/#\\\/schema\\\/logo\\\/image\\\/\",\"url\":\"https:\\\/\\\/linmot.com\\\/fr\\\/wp-content\\\/uploads\\\/sites\\\/3\\\/2022\\\/05\\\/linmot-social-share-logo.jpg\",\"contentUrl\":\"https:\\\/\\\/linmot.com\\\/fr\\\/wp-content\\\/uploads\\\/sites\\\/3\\\/2022\\\/05\\\/linmot-social-share-logo.jpg\",\"width\":800,\"height\":500,\"caption\":\"NTI AG - LinMot & MagSpring\"},\"image\":{\"@id\":\"https:\\\/\\\/linmot.com\\\/fr\\\/#\\\/schema\\\/logo\\\/image\\\/\"},\"sameAs\":[\"https:\\\/\\\/www.linkedin.com\\\/company\\\/nti-ag-linmot-magspring\",\"https:\\\/\\\/www.youtube.com\\\/user\\\/LinMotEurope\"]}]}<\/script>\n<!-- \/ Yoast SEO Premium plugin. -->","yoast_head_json":{"title":"M\u00e9decine & Pharma - Dosage, comptage, scellage | LinMot","description":"Gr\u00e2ce \u00e0 leur conception hygi\u00e9nique, \u00e0 la technologie des capteurs int\u00e9gr\u00e9s et \u00e9talonn\u00e9s, les moteurs LinMot peuvent \u00eatre utilis\u00e9s dans des applications du secteur m\u00e9dical et pharmaceutique soumises aux r\u00e9glementations des salles blanches.","robots":{"index":"index","follow":"follow","max-snippet":"max-snippet:-1","max-image-preview":"max-image-preview:large","max-video-preview":"max-video-preview:-1"},"canonical":"https:\/\/linmot.com\/fr\/solutions-industrielles\/medical-et-pharmaceutique\/","og_locale":"fr_FR","og_type":"article","og_title":"M\u00e9decine & Pharma - Dosage, comptage, scellage | LinMot","og_description":"Gr\u00e2ce \u00e0 leur conception hygi\u00e9nique, \u00e0 la technologie des capteurs int\u00e9gr\u00e9s et \u00e9talonn\u00e9s, les moteurs LinMot peuvent \u00eatre utilis\u00e9s dans des applications du secteur m\u00e9dical et pharmaceutique soumises aux r\u00e9glementations des salles blanches.","og_url":"https:\/\/linmot.com\/fr\/solutions-industrielles\/medical-et-pharmaceutique\/","og_site_name":"LinMot &amp; MagSpring - Fran\u00e7ais","article_modified_time":"2024-07-10T09:25:01+00:00","og_image":[{"width":940,"height":300,"url":"https:\/\/linmot.com\/fr\/wp-content\/uploads\/sites\/3\/2017\/11\/LinMot-Solutions-Medical-Pharmaceutical-Industry-1.jpg","type":"image\/jpeg"}],"twitter_card":"summary_large_image","twitter_title":"M\u00e9decine & Pharma - Dosage, comptage, scellage | LinMot","twitter_description":"Gr\u00e2ce \u00e0 leur conception hygi\u00e9nique, \u00e0 la technologie des capteurs int\u00e9gr\u00e9s et \u00e9talonn\u00e9s, les moteurs LinMot peuvent \u00eatre utilis\u00e9s dans des applications du secteur m\u00e9dical et pharmaceutique soumises aux r\u00e9glementations des salles blanches.","twitter_image":"https:\/\/linmot.com\/fr\/wp-content\/uploads\/sites\/3\/2017\/11\/LinMot-Solutions-Medical-Pharmaceutical-Industry-1.jpg","twitter_misc":{"Dur\u00e9e de lecture estim\u00e9e":"5 minutes"},"schema":{"@context":"https:\/\/schema.org","@graph":[{"@type":"WebPage","@id":"https:\/\/linmot.com\/fr\/solutions-industrielles\/medical-et-pharmaceutique\/","url":"https:\/\/linmot.com\/fr\/solutions-industrielles\/medical-et-pharmaceutique\/","name":"M\u00e9decine & Pharma - Dosage, comptage, scellage | LinMot","isPartOf":{"@id":"https:\/\/linmot.com\/fr\/#website"},"primaryImageOfPage":{"@id":"https:\/\/linmot.com\/fr\/solutions-industrielles\/medical-et-pharmaceutique\/#primaryimage"},"image":{"@id":"https:\/\/linmot.com\/fr\/solutions-industrielles\/medical-et-pharmaceutique\/#primaryimage"},"thumbnailUrl":"https:\/\/linmot.com\/fr\/wp-content\/uploads\/sites\/3\/2017\/11\/LinMot-Solutions-Medical-Pharmaceutical-Industry-1.jpg","datePublished":"2017-11-07T14:27:15+00:00","dateModified":"2024-07-10T09:25:01+00:00","description":"Gr\u00e2ce \u00e0 leur conception hygi\u00e9nique, \u00e0 la technologie des capteurs int\u00e9gr\u00e9s et \u00e9talonn\u00e9s, les moteurs LinMot peuvent \u00eatre utilis\u00e9s dans des applications du secteur m\u00e9dical et pharmaceutique soumises aux r\u00e9glementations des salles blanches.","breadcrumb":{"@id":"https:\/\/linmot.com\/fr\/solutions-industrielles\/medical-et-pharmaceutique\/#breadcrumb"},"inLanguage":"fr-FR","potentialAction":[{"@type":"ReadAction","target":["https:\/\/linmot.com\/fr\/solutions-industrielles\/medical-et-pharmaceutique\/"]}]},{"@type":"ImageObject","inLanguage":"fr-FR","@id":"https:\/\/linmot.com\/fr\/solutions-industrielles\/medical-et-pharmaceutique\/#primaryimage","url":"https:\/\/linmot.com\/fr\/wp-content\/uploads\/sites\/3\/2017\/11\/LinMot-Solutions-Medical-Pharmaceutical-Industry-1.jpg","contentUrl":"https:\/\/linmot.com\/fr\/wp-content\/uploads\/sites\/3\/2017\/11\/LinMot-Solutions-Medical-Pharmaceutical-Industry-1.jpg","width":940,"height":300,"caption":""},{"@type":"BreadcrumbList","@id":"https:\/\/linmot.com\/fr\/solutions-industrielles\/medical-et-pharmaceutique\/#breadcrumb","itemListElement":[{"@type":"ListItem","position":1,"name":"Home","item":"https:\/\/linmot.com\/fr\/"},{"@type":"ListItem","position":2,"name":"Solutions industrielles","item":"https:\/\/linmot.com\/fr\/solutions-industrielles\/"},{"@type":"ListItem","position":3,"name":"M\u00e9dical et Pharmaceutique"}]},{"@type":"WebSite","@id":"https:\/\/linmot.com\/fr\/#website","url":"https:\/\/linmot.com\/fr\/","name":"LinMot &amp; MagSpring - Fran\u00e7ais","description":"Moteurs lin\u00e9aires et des syst\u00e8mes de moteurs lin\u00e9aires de haute qualit\u00e9","publisher":{"@id":"https:\/\/linmot.com\/fr\/#organization"},"potentialAction":[{"@type":"SearchAction","target":{"@type":"EntryPoint","urlTemplate":"https:\/\/linmot.com\/fr\/?s={search_term_string}"},"query-input":{"@type":"PropertyValueSpecification","valueRequired":true,"valueName":"search_term_string"}}],"inLanguage":"fr-FR"},{"@type":"Organization","@id":"https:\/\/linmot.com\/fr\/#organization","name":"NTI AG - LinMot & MagSpring","url":"https:\/\/linmot.com\/fr\/","logo":{"@type":"ImageObject","inLanguage":"fr-FR","@id":"https:\/\/linmot.com\/fr\/#\/schema\/logo\/image\/","url":"https:\/\/linmot.com\/fr\/wp-content\/uploads\/sites\/3\/2022\/05\/linmot-social-share-logo.jpg","contentUrl":"https:\/\/linmot.com\/fr\/wp-content\/uploads\/sites\/3\/2022\/05\/linmot-social-share-logo.jpg","width":800,"height":500,"caption":"NTI AG - LinMot & MagSpring"},"image":{"@id":"https:\/\/linmot.com\/fr\/#\/schema\/logo\/image\/"},"sameAs":["https:\/\/www.linkedin.com\/company\/nti-ag-linmot-magspring","https:\/\/www.youtube.com\/user\/LinMotEurope"]}]}},"_links":{"self":[{"href":"https:\/\/linmot.com\/fr\/wp-json\/wp\/v2\/pages\/220","targetHints":{"allow":["GET"]}}],"collection":[{"href":"https:\/\/linmot.com\/fr\/wp-json\/wp\/v2\/pages"}],"about":[{"href":"https:\/\/linmot.com\/fr\/wp-json\/wp\/v2\/types\/page"}],"author":[{"embeddable":true,"href":"https:\/\/linmot.com\/fr\/wp-json\/wp\/v2\/users\/1"}],"replies":[{"embeddable":true,"href":"https:\/\/linmot.com\/fr\/wp-json\/wp\/v2\/comments?post=220"}],"version-history":[{"count":15,"href":"https:\/\/linmot.com\/fr\/wp-json\/wp\/v2\/pages\/220\/revisions"}],"predecessor-version":[{"id":3414,"href":"https:\/\/linmot.com\/fr\/wp-json\/wp\/v2\/pages\/220\/revisions\/3414"}],"up":[{"embeddable":true,"href":"https:\/\/linmot.com\/fr\/wp-json\/wp\/v2\/pages\/8"}],"wp:attachment":[{"href":"https:\/\/linmot.com\/fr\/wp-json\/wp\/v2\/media?parent=220"}],"curies":[{"name":"wp","href":"https:\/\/api.w.org\/{rel}","templated":true}]}}