{"id":216,"date":"2017-11-07T15:25:11","date_gmt":"2017-11-07T14:25:11","guid":{"rendered":"https:\/\/linmot.com\/?page_id=216"},"modified":"2024-05-01T16:48:22","modified_gmt":"2024-05-01T14:48:22","slug":"emballage","status":"publish","type":"page","link":"https:\/\/linmot.com\/fr\/solutions-industrielles\/emballage\/","title":{"rendered":"Emballage"},"content":{"rendered":"<p><strong>Pour emballer des appareils sensibles, il faut des moteurs pr\u00e9cis et sensibles.<\/strong><\/p>\n<img loading=\"lazy\" decoding=\"async\" class=\"aligncenter wp-image-218 size-full\" src=\"https:\/\/linmot.com\/fr\/wp-content\/uploads\/sites\/3\/2017\/11\/LinMot-Solutions-Packaging-Industry-1.jpg\" alt=\"Emballage\" width=\"940\" height=\"300\" srcset=\"https:\/\/linmot.com\/fr\/wp-content\/uploads\/sites\/3\/2017\/11\/LinMot-Solutions-Packaging-Industry-1.jpg 940w, https:\/\/linmot.com\/fr\/wp-content\/uploads\/sites\/3\/2017\/11\/LinMot-Solutions-Packaging-Industry-1-300x96.jpg 300w, https:\/\/linmot.com\/fr\/wp-content\/uploads\/sites\/3\/2017\/11\/LinMot-Solutions-Packaging-Industry-1-768x245.jpg 768w\" sizes=\"auto, (max-width: 940px) 100vw, 940px\" \/>\n<p>L\u2019emballage est un \u00e9l\u00e9ment indispensable de la vie quotidienne. Le large \u00e9ventail de produits que nous rencontrons au quotidien entra\u00eene une grande diversit\u00e9 de types d\u2019emballages. Ce n\u2019est pas seulement la fonctionnalit\u00e9 et le design de l\u2019emballage qui sont importants, mais aussi sa production. Il doit \u00eatre technologiquement r\u00e9alisable, avec un co\u00fbt de fabrication appropri\u00e9. Pour r\u00e9pondre \u00e0 ces exigences, les machines d\u2019emballage doivent \u00eatre innovantes, flexibles et enti\u00e8rement automatis\u00e9es.<\/p>\n<blockquote><p>Gr\u00e2ce \u00e0 la technologie lin\u00e9aire LinMot ces machines peuvent \u00eatre \u00e9quip\u00e9es de mani\u00e8re tr\u00e8s efficace.<\/p><\/blockquote>\n<p>Les syst\u00e8mes d\u2019entra\u00eenement tr\u00e8s dynamiques et \u00e0 longue dur\u00e9e de vie LinMot, permettent une plus grande efficacit\u00e9 tant dans la productivit\u00e9 que la disponibilit\u00e9 des lignes de production. Les param\u00e8tres programmables dans les variateurs peuvent \u00eatre rapidement adapt\u00e9s aux nouveaux produits, sur simple pression d\u2019un bouton, tout en assurant un contr\u00f4le continu des mouvements:<\/p>\n<div class=\"row\">\n<div class=\"col-sm-4\">\n<ul>\n<li>Insertion<\/li>\n<li>Alimentation<\/li>\n<li>Guidage<\/li>\n<\/ul>\n<\/div>\n<div class=\"col-sm-4\">\n<ul>\n<li>Emballage carton<\/li>\n<li>Scellage<\/li>\n<li>Etiquetage<\/li>\n<\/ul>\n<\/div>\n<div class=\"col-sm-4\">\n<ul>\n<li>D\u00e9chargement<\/li>\n<li>Ejection<\/li>\n<li>etc.<\/li>\n<\/ul>\n<\/div>\n<\/div>\n<p>Dans beaucoup de ces applications, les moteurs lin\u00e9aires sont utilis\u00e9s pour <a href=\"\/fr\/solutions-industrielles\/remplacement-des-actionneurs-pneumatiques-par-des-moteurs-lineaires-industriels\/\">remplacer les v\u00e9rins pneumatiques<\/a>. Ils permettent de rendre les syst\u00e8mes plus flexibles, productifs et fiables, tout en r\u00e9duisant le co\u00fbt \u00e9nerg\u00e9tique de chaque emballage. De plus, gr\u00e2ce au Process Monitoring, chaque \u00e9tape de l&#8217;emballage peut \u00eatre surveill\u00e9e et document\u00e9e avec pr\u00e9cision. La qualit\u00e9 du produit peut ainsi \u00eatre garantie.<\/p>\n<p>Des modules compl\u00e9mentaires sont \u00e9galement propos\u00e9s pour les processus d&#8217;emballage qui impliquent un contact direct avec les aliments. Ceux-ci sont enti\u00e8rement en acier inoxydable et utilisent des lubrifiants sp\u00e9ciaux homologu\u00e9s pour les produits alimentaires. Comme les entra\u00eenements lin\u00e9aires sont g\u00e9n\u00e9ralement sans usure, aucune particule m\u00e9tallique n&rsquo;est lib\u00e9r\u00e9e dans l&rsquo;air ou dans les aliments.<\/p>\n<hr \/>\n<h3>Rapports d&rsquo;application de l&rsquo;industrie de l&#8217;emballage<\/h3>\n<div class=\"row download\">\n<div class=\"col-md-3\">\n<h4 class=\"download-title\">L\u2019avenir des emballages d\u2019exp\u00e9dition<\/h4>\n<p class=\"bodytext\" align=\"justify\">Le commerce en ligne ne cesse de cro\u00eetre. Chaque commande pass\u00e9e donne lieu \u00e0 un ordre d\u2019exp\u00e9dition simultan\u00e9. Afin de proposer une solution optimale en termes de durabilit\u00e9 et de consommation de cartons, l\u2019entreprise de construction m\u00e9canique KRAFT a d\u00e9velopp\u00e9 la \u00ab Kraft VPS100 \u00bb. Les moteurs lin\u00e9aires de LinMot sont de la partie.<\/p>\n<p><a class=\"button\" href=\"\/fr\/blog\/lavenir-des-emballages-dexpedition\/\">Vers l\u2019article<\/a><br \/>\n<\/div>\n<div class=\"col-md-2\">\n<img loading=\"lazy\" decoding=\"async\" class=\"aligncenter size-full wp-image-4062\" src=\"https:\/\/linmot.com\/de\/wp-content\/uploads\/sites\/2\/2023\/01\/vorschau-versandverpackungen-kraft.jpg\" alt=\"\" width=\"220\" height=\"220\" \/><br \/>\n<\/div>\n<div class=\"col-md-2\">\n<\/div>\n<div class=\"col-md-3\">\n<h4 class=\"download-title\">Le tournant pour KR\u00d6NING avec LinMot<\/h4>\n<p class=\"bodytext\" align=\"justify\">Tout le monde parle de la n\u00e9cessit\u00e9 d\u2019une \u00e9conomie du recyclage \u00e9quitable et \u00e9cologique. Ces derni\u00e8res ann\u00e9es, les strat\u00e9gies de d\u00e9veloppement durable se sont fix\u00e9 pour objectif commun de d\u00e9finir de nouveaux crit\u00e8res standard pour r\u00e9pondre \u00e0 ce besoin, dans le but d\u2019amener l\u2019industrie de l\u2019emballage \u00e0 prendre un virage respectueux du climat.<\/p>\n<p><a class=\"button\" href=\"\/fr\/blog\/transition-dans-lemballage-le-tournant-pour-kroning-avec-linmot\/\">Vers l\u2019article<\/a><br \/>\n<\/div>\n<div class=\"col-md-2\">\n<img loading=\"lazy\" decoding=\"async\" class=\"alignnone wp-image-3289 size-full\" src=\"https:\/\/linmot.com\/de\/wp-content\/uploads\/sites\/2\/2023\/08\/kroening-vorschau.jpg\" alt=\"\" width=\"220\" height=\"220\" \/><br \/>\n<\/div>\n<\/div>\n<div class=\"row download\">\n<div class=\"col-md-3\">\n<h4 class=\"download-title\">En phase avec l\u2019industrie 4.0<\/h4>\n<p class=\"bodytext\" align=\"justify\">Gr\u00e2ce aux moteurs lin\u00e9aire rotatif, les processus de fermeture et de remplissage peuvent \u00eatre r\u00e9alis\u00e9s de mani\u00e8re particuli\u00e8rement dynamique et flexible. Le c\u00e9l\u00e8bre fabricant de machines d\u2019emballage OPTIMA les utilise donc dans les unit\u00e9s de fermeture de ses machines monoblocs et autonomes. Autre raison importante : les moteurs fournissent des donn\u00e9es directes sur les courses et les couples r\u00e9ellement appliqu\u00e9s pour une assurance qualit\u00e9 continue ou une analyse ult\u00e9rieure du processus.<\/p>\n<p><a class=\"button\" href=\"\/fr\/blog\/en-phase-avec-lindustrie-4-0\/\">Vers l&rsquo;article<\/a><br \/>\n<\/div>\n<div class=\"col-md-2\">\n<img loading=\"lazy\" decoding=\"async\" class=\"alignnone wp-image-3296 size-full\" src=\"https:\/\/linmot.com\/de\/wp-content\/uploads\/sites\/2\/2023\/01\/vorschau-in-linie.jpg\" alt=\"\" width=\"220\" height=\"220\" \/><br \/>\n<\/div>\n<div class=\"col-md-2\">\n<\/div>\n<div class=\"col-md-3\">\n<h4 class=\"download-title\">Pliage d\u00e9coratif<\/h4>\n<p class=\"bodytext\" align=\"justify\">Un pliage simple avec des moteurs lin\u00e9aires. Garantir \u00e0 tout moment des r\u00e9sultats d\u2019emballage optimaux, m\u00eame lorsque les caract\u00e9ristiques des produits varient et que les types de produits changent fr\u00e9quemment, voil\u00e0 l\u2019un des plus grands d\u00e9fis d\u2019un constructeur de machines. Alpenland Maschinenbau GmbH, en abr\u00e9g\u00e9 ALPMA, l\u2019a relev\u00e9 et ma\u00eetris\u00e9 avec succ\u00e8s.<\/p>\n<p><a class=\"button\" href=\"\/fr\/blog\/pliage-decoratif\/\">Vers l&rsquo;article<\/a><br \/>\n<\/div>\n<div class=\"col-md-2\">\n<img loading=\"lazy\" decoding=\"async\" class=\"alignnone wp-image-3296 size-full\" src=\"https:\/\/linmot.com\/de\/wp-content\/uploads\/sites\/2\/2023\/08\/vorschau-schmucke-falten.jpg\" alt=\"\" width=\"220\" height=\"220\" \/><br \/>\n<\/div>\n<\/div>\n","protected":false},"excerpt":{"rendered":"<p>Pour emballer des appareils sensibles, il faut des moteurs pr\u00e9cis et sensibles. L\u2019emballage est un \u00e9l\u00e9ment indispensable de la vie quotidienne. Le large \u00e9ventail de produits que nous rencontrons au quotidien entra\u00eene une grande diversit\u00e9 de types d\u2019emballages. Ce n\u2019est pas seulement la fonctionnalit\u00e9 et le design de l\u2019emballage qui sont importants, mais aussi sa [&hellip;]<\/p>\n","protected":false},"author":1,"featured_media":0,"parent":8,"menu_order":90,"comment_status":"closed","ping_status":"closed","template":"","meta":{"_acf_changed":false,"footnotes":""},"class_list":["post-216","page","type-page","status-publish","hentry"],"acf":[],"yoast_head":"<!-- This site is optimized with the Yoast SEO Premium plugin v20.9 (Yoast SEO v27.4) - https:\/\/yoast.com\/product\/yoast-seo-premium-wordpress\/ -->\n<title>Emballage - alimentation, mise en carton, \u00e9tiquetage | LinMot<\/title>\n<meta name=\"description\" content=\"La technologie lin\u00e9aire LinMot vous permet de r\u00e9aliser des emballage innovants, flexibles et enti\u00e8rement automatis\u00e9s. Elle est en outre librement positionnable et dynamique.\" \/>\n<meta name=\"robots\" content=\"index, follow, max-snippet:-1, max-image-preview:large, max-video-preview:-1\" \/>\n<link rel=\"canonical\" href=\"https:\/\/linmot.com\/fr\/solutions-industrielles\/emballage\/\" \/>\n<meta property=\"og:locale\" content=\"fr_FR\" \/>\n<meta property=\"og:type\" content=\"article\" \/>\n<meta property=\"og:title\" content=\"Emballage - alimentation, mise en carton, \u00e9tiquetage | LinMot\" \/>\n<meta property=\"og:description\" content=\"La technologie lin\u00e9aire LinMot vous permet de r\u00e9aliser des emballage innovants, flexibles et enti\u00e8rement automatis\u00e9s. Elle est en outre librement positionnable et dynamique.\" \/>\n<meta property=\"og:url\" content=\"https:\/\/linmot.com\/fr\/solutions-industrielles\/emballage\/\" \/>\n<meta property=\"og:site_name\" content=\"LinMot &amp; MagSpring - Fran\u00e7ais\" \/>\n<meta property=\"article:modified_time\" content=\"2024-05-01T14:48:22+00:00\" \/>\n<meta property=\"og:image\" content=\"https:\/\/linmot.com\/fr\/wp-content\/uploads\/sites\/3\/2017\/11\/LinMot-Solutions-Packaging-Industry-1.jpg\" \/>\n\t<meta property=\"og:image:width\" content=\"940\" \/>\n\t<meta property=\"og:image:height\" content=\"300\" \/>\n\t<meta property=\"og:image:type\" content=\"image\/jpeg\" \/>\n<meta name=\"twitter:card\" content=\"summary_large_image\" \/>\n<meta name=\"twitter:title\" content=\"Emballage - alimentation, mise en carton, \u00e9tiquetage | LinMot\" \/>\n<meta name=\"twitter:description\" content=\"La technologie lin\u00e9aire LinMot vous permet de r\u00e9aliser des emballage innovants, flexibles et enti\u00e8rement automatis\u00e9s. Elle est en outre librement positionnable et dynamique.\" \/>\n<meta name=\"twitter:image\" content=\"https:\/\/linmot.com\/fr\/wp-content\/uploads\/sites\/3\/2017\/11\/LinMot-Solutions-Packaging-Industry-1.jpg\" \/>\n<meta name=\"twitter:label1\" content=\"Dur\u00e9e de lecture estim\u00e9e\" \/>\n\t<meta name=\"twitter:data1\" content=\"4 minutes\" \/>\n<script type=\"application\/ld+json\" class=\"yoast-schema-graph\">{\"@context\":\"https:\\\/\\\/schema.org\",\"@graph\":[{\"@type\":\"WebPage\",\"@id\":\"https:\\\/\\\/linmot.com\\\/fr\\\/solutions-industrielles\\\/emballage\\\/\",\"url\":\"https:\\\/\\\/linmot.com\\\/fr\\\/solutions-industrielles\\\/emballage\\\/\",\"name\":\"Emballage - alimentation, mise en carton, \u00e9tiquetage | LinMot\",\"isPartOf\":{\"@id\":\"https:\\\/\\\/linmot.com\\\/fr\\\/#website\"},\"primaryImageOfPage\":{\"@id\":\"https:\\\/\\\/linmot.com\\\/fr\\\/solutions-industrielles\\\/emballage\\\/#primaryimage\"},\"image\":{\"@id\":\"https:\\\/\\\/linmot.com\\\/fr\\\/solutions-industrielles\\\/emballage\\\/#primaryimage\"},\"thumbnailUrl\":\"https:\\\/\\\/linmot.com\\\/fr\\\/wp-content\\\/uploads\\\/sites\\\/3\\\/2017\\\/11\\\/LinMot-Solutions-Packaging-Industry-1.jpg\",\"datePublished\":\"2017-11-07T14:25:11+00:00\",\"dateModified\":\"2024-05-01T14:48:22+00:00\",\"description\":\"La technologie lin\u00e9aire LinMot vous permet de r\u00e9aliser des emballage innovants, flexibles et enti\u00e8rement automatis\u00e9s. Elle est en outre librement positionnable et dynamique.\",\"breadcrumb\":{\"@id\":\"https:\\\/\\\/linmot.com\\\/fr\\\/solutions-industrielles\\\/emballage\\\/#breadcrumb\"},\"inLanguage\":\"fr-FR\",\"potentialAction\":[{\"@type\":\"ReadAction\",\"target\":[\"https:\\\/\\\/linmot.com\\\/fr\\\/solutions-industrielles\\\/emballage\\\/\"]}]},{\"@type\":\"ImageObject\",\"inLanguage\":\"fr-FR\",\"@id\":\"https:\\\/\\\/linmot.com\\\/fr\\\/solutions-industrielles\\\/emballage\\\/#primaryimage\",\"url\":\"https:\\\/\\\/linmot.com\\\/fr\\\/wp-content\\\/uploads\\\/sites\\\/3\\\/2017\\\/11\\\/LinMot-Solutions-Packaging-Industry-1.jpg\",\"contentUrl\":\"https:\\\/\\\/linmot.com\\\/fr\\\/wp-content\\\/uploads\\\/sites\\\/3\\\/2017\\\/11\\\/LinMot-Solutions-Packaging-Industry-1.jpg\",\"width\":940,\"height\":300,\"caption\":\"\"},{\"@type\":\"BreadcrumbList\",\"@id\":\"https:\\\/\\\/linmot.com\\\/fr\\\/solutions-industrielles\\\/emballage\\\/#breadcrumb\",\"itemListElement\":[{\"@type\":\"ListItem\",\"position\":1,\"name\":\"Home\",\"item\":\"https:\\\/\\\/linmot.com\\\/fr\\\/\"},{\"@type\":\"ListItem\",\"position\":2,\"name\":\"Solutions industrielles\",\"item\":\"https:\\\/\\\/linmot.com\\\/fr\\\/solutions-industrielles\\\/\"},{\"@type\":\"ListItem\",\"position\":3,\"name\":\"Emballage\"}]},{\"@type\":\"WebSite\",\"@id\":\"https:\\\/\\\/linmot.com\\\/fr\\\/#website\",\"url\":\"https:\\\/\\\/linmot.com\\\/fr\\\/\",\"name\":\"LinMot &amp; MagSpring - Fran\u00e7ais\",\"description\":\"Moteurs lin\u00e9aires et des syst\u00e8mes de moteurs lin\u00e9aires de haute qualit\u00e9\",\"publisher\":{\"@id\":\"https:\\\/\\\/linmot.com\\\/fr\\\/#organization\"},\"potentialAction\":[{\"@type\":\"SearchAction\",\"target\":{\"@type\":\"EntryPoint\",\"urlTemplate\":\"https:\\\/\\\/linmot.com\\\/fr\\\/?s={search_term_string}\"},\"query-input\":{\"@type\":\"PropertyValueSpecification\",\"valueRequired\":true,\"valueName\":\"search_term_string\"}}],\"inLanguage\":\"fr-FR\"},{\"@type\":\"Organization\",\"@id\":\"https:\\\/\\\/linmot.com\\\/fr\\\/#organization\",\"name\":\"NTI AG - LinMot & MagSpring\",\"url\":\"https:\\\/\\\/linmot.com\\\/fr\\\/\",\"logo\":{\"@type\":\"ImageObject\",\"inLanguage\":\"fr-FR\",\"@id\":\"https:\\\/\\\/linmot.com\\\/fr\\\/#\\\/schema\\\/logo\\\/image\\\/\",\"url\":\"https:\\\/\\\/linmot.com\\\/fr\\\/wp-content\\\/uploads\\\/sites\\\/3\\\/2022\\\/05\\\/linmot-social-share-logo.jpg\",\"contentUrl\":\"https:\\\/\\\/linmot.com\\\/fr\\\/wp-content\\\/uploads\\\/sites\\\/3\\\/2022\\\/05\\\/linmot-social-share-logo.jpg\",\"width\":800,\"height\":500,\"caption\":\"NTI AG - LinMot & MagSpring\"},\"image\":{\"@id\":\"https:\\\/\\\/linmot.com\\\/fr\\\/#\\\/schema\\\/logo\\\/image\\\/\"},\"sameAs\":[\"https:\\\/\\\/www.linkedin.com\\\/company\\\/nti-ag-linmot-magspring\",\"https:\\\/\\\/www.youtube.com\\\/user\\\/LinMotEurope\"]}]}<\/script>\n<!-- \/ Yoast SEO Premium plugin. -->","yoast_head_json":{"title":"Emballage - alimentation, mise en carton, \u00e9tiquetage | LinMot","description":"La technologie lin\u00e9aire LinMot vous permet de r\u00e9aliser des emballage innovants, flexibles et enti\u00e8rement automatis\u00e9s. Elle est en outre librement positionnable et dynamique.","robots":{"index":"index","follow":"follow","max-snippet":"max-snippet:-1","max-image-preview":"max-image-preview:large","max-video-preview":"max-video-preview:-1"},"canonical":"https:\/\/linmot.com\/fr\/solutions-industrielles\/emballage\/","og_locale":"fr_FR","og_type":"article","og_title":"Emballage - alimentation, mise en carton, \u00e9tiquetage | LinMot","og_description":"La technologie lin\u00e9aire LinMot vous permet de r\u00e9aliser des emballage innovants, flexibles et enti\u00e8rement automatis\u00e9s. Elle est en outre librement positionnable et dynamique.","og_url":"https:\/\/linmot.com\/fr\/solutions-industrielles\/emballage\/","og_site_name":"LinMot &amp; MagSpring - Fran\u00e7ais","article_modified_time":"2024-05-01T14:48:22+00:00","og_image":[{"width":940,"height":300,"url":"https:\/\/linmot.com\/fr\/wp-content\/uploads\/sites\/3\/2017\/11\/LinMot-Solutions-Packaging-Industry-1.jpg","type":"image\/jpeg"}],"twitter_card":"summary_large_image","twitter_title":"Emballage - alimentation, mise en carton, \u00e9tiquetage | LinMot","twitter_description":"La technologie lin\u00e9aire LinMot vous permet de r\u00e9aliser des emballage innovants, flexibles et enti\u00e8rement automatis\u00e9s. Elle est en outre librement positionnable et dynamique.","twitter_image":"https:\/\/linmot.com\/fr\/wp-content\/uploads\/sites\/3\/2017\/11\/LinMot-Solutions-Packaging-Industry-1.jpg","twitter_misc":{"Dur\u00e9e de lecture estim\u00e9e":"4 minutes"},"schema":{"@context":"https:\/\/schema.org","@graph":[{"@type":"WebPage","@id":"https:\/\/linmot.com\/fr\/solutions-industrielles\/emballage\/","url":"https:\/\/linmot.com\/fr\/solutions-industrielles\/emballage\/","name":"Emballage - alimentation, mise en carton, \u00e9tiquetage | LinMot","isPartOf":{"@id":"https:\/\/linmot.com\/fr\/#website"},"primaryImageOfPage":{"@id":"https:\/\/linmot.com\/fr\/solutions-industrielles\/emballage\/#primaryimage"},"image":{"@id":"https:\/\/linmot.com\/fr\/solutions-industrielles\/emballage\/#primaryimage"},"thumbnailUrl":"https:\/\/linmot.com\/fr\/wp-content\/uploads\/sites\/3\/2017\/11\/LinMot-Solutions-Packaging-Industry-1.jpg","datePublished":"2017-11-07T14:25:11+00:00","dateModified":"2024-05-01T14:48:22+00:00","description":"La technologie lin\u00e9aire LinMot vous permet de r\u00e9aliser des emballage innovants, flexibles et enti\u00e8rement automatis\u00e9s. Elle est en outre librement positionnable et dynamique.","breadcrumb":{"@id":"https:\/\/linmot.com\/fr\/solutions-industrielles\/emballage\/#breadcrumb"},"inLanguage":"fr-FR","potentialAction":[{"@type":"ReadAction","target":["https:\/\/linmot.com\/fr\/solutions-industrielles\/emballage\/"]}]},{"@type":"ImageObject","inLanguage":"fr-FR","@id":"https:\/\/linmot.com\/fr\/solutions-industrielles\/emballage\/#primaryimage","url":"https:\/\/linmot.com\/fr\/wp-content\/uploads\/sites\/3\/2017\/11\/LinMot-Solutions-Packaging-Industry-1.jpg","contentUrl":"https:\/\/linmot.com\/fr\/wp-content\/uploads\/sites\/3\/2017\/11\/LinMot-Solutions-Packaging-Industry-1.jpg","width":940,"height":300,"caption":""},{"@type":"BreadcrumbList","@id":"https:\/\/linmot.com\/fr\/solutions-industrielles\/emballage\/#breadcrumb","itemListElement":[{"@type":"ListItem","position":1,"name":"Home","item":"https:\/\/linmot.com\/fr\/"},{"@type":"ListItem","position":2,"name":"Solutions industrielles","item":"https:\/\/linmot.com\/fr\/solutions-industrielles\/"},{"@type":"ListItem","position":3,"name":"Emballage"}]},{"@type":"WebSite","@id":"https:\/\/linmot.com\/fr\/#website","url":"https:\/\/linmot.com\/fr\/","name":"LinMot &amp; MagSpring - Fran\u00e7ais","description":"Moteurs lin\u00e9aires et des syst\u00e8mes de moteurs lin\u00e9aires de haute qualit\u00e9","publisher":{"@id":"https:\/\/linmot.com\/fr\/#organization"},"potentialAction":[{"@type":"SearchAction","target":{"@type":"EntryPoint","urlTemplate":"https:\/\/linmot.com\/fr\/?s={search_term_string}"},"query-input":{"@type":"PropertyValueSpecification","valueRequired":true,"valueName":"search_term_string"}}],"inLanguage":"fr-FR"},{"@type":"Organization","@id":"https:\/\/linmot.com\/fr\/#organization","name":"NTI AG - LinMot & MagSpring","url":"https:\/\/linmot.com\/fr\/","logo":{"@type":"ImageObject","inLanguage":"fr-FR","@id":"https:\/\/linmot.com\/fr\/#\/schema\/logo\/image\/","url":"https:\/\/linmot.com\/fr\/wp-content\/uploads\/sites\/3\/2022\/05\/linmot-social-share-logo.jpg","contentUrl":"https:\/\/linmot.com\/fr\/wp-content\/uploads\/sites\/3\/2022\/05\/linmot-social-share-logo.jpg","width":800,"height":500,"caption":"NTI AG - LinMot & MagSpring"},"image":{"@id":"https:\/\/linmot.com\/fr\/#\/schema\/logo\/image\/"},"sameAs":["https:\/\/www.linkedin.com\/company\/nti-ag-linmot-magspring","https:\/\/www.youtube.com\/user\/LinMotEurope"]}]}},"_links":{"self":[{"href":"https:\/\/linmot.com\/fr\/wp-json\/wp\/v2\/pages\/216","targetHints":{"allow":["GET"]}}],"collection":[{"href":"https:\/\/linmot.com\/fr\/wp-json\/wp\/v2\/pages"}],"about":[{"href":"https:\/\/linmot.com\/fr\/wp-json\/wp\/v2\/types\/page"}],"author":[{"embeddable":true,"href":"https:\/\/linmot.com\/fr\/wp-json\/wp\/v2\/users\/1"}],"replies":[{"embeddable":true,"href":"https:\/\/linmot.com\/fr\/wp-json\/wp\/v2\/comments?post=216"}],"version-history":[{"count":17,"href":"https:\/\/linmot.com\/fr\/wp-json\/wp\/v2\/pages\/216\/revisions"}],"predecessor-version":[{"id":3368,"href":"https:\/\/linmot.com\/fr\/wp-json\/wp\/v2\/pages\/216\/revisions\/3368"}],"up":[{"embeddable":true,"href":"https:\/\/linmot.com\/fr\/wp-json\/wp\/v2\/pages\/8"}],"wp:attachment":[{"href":"https:\/\/linmot.com\/fr\/wp-json\/wp\/v2\/media?parent=216"}],"curies":[{"name":"wp","href":"https:\/\/api.w.org\/{rel}","templated":true}]}}