{"id":214,"date":"2017-11-07T15:23:55","date_gmt":"2017-11-07T14:23:55","guid":{"rendered":"https:\/\/linmot.com\/?page_id=214"},"modified":"2023-05-10T16:36:52","modified_gmt":"2023-05-10T14:36:52","slug":"impression-et-etiquetage","status":"publish","type":"page","link":"https:\/\/linmot.com\/fr\/solutions-industrielles\/impression-et-etiquetage\/","title":{"rendered":"Impression et \u00e9tiquetage"},"content":{"rendered":"<p><strong>Le principal d\u00e9fi dans le domaine de l\u2019impression et de l\u2019\u00e9tiquetage est de r\u00e9aliser un traitement de haute qualit\u00e9 avec un bon rapport qualit\u00e9-prix.<\/strong><\/p>\n<img loading=\"lazy\" decoding=\"async\" class=\"aligncenter size-full wp-image-609\" src=\"https:\/\/linmot.com\/fr\/wp-content\/uploads\/sites\/3\/2017\/11\/LinMot-Solutions-Printing-Labeling-Industry-1.jpg\" alt=\"\" width=\"940\" height=\"300\" srcset=\"https:\/\/linmot.com\/fr\/wp-content\/uploads\/sites\/3\/2017\/11\/LinMot-Solutions-Printing-Labeling-Industry-1.jpg 940w, https:\/\/linmot.com\/fr\/wp-content\/uploads\/sites\/3\/2017\/11\/LinMot-Solutions-Printing-Labeling-Industry-1-300x96.jpg 300w, https:\/\/linmot.com\/fr\/wp-content\/uploads\/sites\/3\/2017\/11\/LinMot-Solutions-Printing-Labeling-Industry-1-768x245.jpg 768w\" sizes=\"auto, (max-width: 940px) 100vw, 940px\" \/>\n<p>Les commandes de petites s\u00e9ries doivent \u00eatre r\u00e9alis\u00e9es avec une qualit\u00e9 irr\u00e9prochable et reproductible. La technologie d\u2019entra\u00eenement LinMot, ultra dynamique et pr\u00e9cise, joue ici un r\u00f4le pr\u00e9pond\u00e9rant. LinMot fournit des composants parfaitement adapt\u00e9s \u00e0 ces applications. Ils peuvent par exemple \u00eatre int\u00e9gr\u00e9s \u00e0 des modules d\u2019\u00e9tiquetage existants, en vue de leur modernisation, et ainsi permettre le r\u00e9glage simple et programmable les param\u00e8tres tels que les courses et vitesses de d\u00e9placement.<\/p>\n<p>En utilisant la technologie du moteur lin\u00e9aire, on peut imprimer sur des produits sensibles, car le processus d\u2019impression est effectu\u00e9 en utilisant le contr\u00f4le de la position, de la vitesse et de la force. Les chocs et vibrations, dus \u00e0 l\u2019utilisation de v\u00e9rins pneumatiques, disparaissent. En g\u00e9n\u00e9ral, les profils de force et de mouvement, librement programmables, permettent une am\u00e9lioration importante du processus et ouvrent des nouveaux champs d\u2019applications tels que:<\/p>\n<div class=\"row\">\n<div class=\"col-sm-4\">\n<ul>\n<li>Syst\u00e8mes de contr\u00f4le<\/li>\n<li>Alimentation papier<\/li>\n<li>Impression<\/li>\n<\/ul>\n<\/div>\n<div class=\"col-sm-4\">\n<ul>\n<li>Syst\u00e8mes de m\u00e9lange de couleurs<\/li>\n<li>Tampographie<\/li>\n<li>S\u00e9rigraphie<\/li>\n<\/ul>\n<\/div>\n<div class=\"col-sm-4\">\n<ul>\n<li>Contr\u00f4le des raclettes d\u2019impression<\/li>\n<li>Etiquetage<\/li>\n<li>etc.<\/li>\n<\/ul>\n<\/div>\n<\/div>\n<p>Les <a href=\"\/fr\/produits\/guidage-lineaire-module-lineaire\/module-lineaire-dm01\/\">modules DM01<\/a> combin\u00e9s aux capteurs de <a href=\"\/fr\/produits\/guidage-lineaire-module-lineaire\/module-lineaire-dm01#kraftsensormodule\">force modulaires<\/a> permettent d&rsquo;imprimer ou d&rsquo;\u00e9tiqueter en fonction de la force. Il est possible de presser avec une pr\u00e9cision allant jusqu&rsquo;\u00e0 1N. C&rsquo;est un grand avantage pour les op\u00e9rations d&rsquo;\u00e9tiquetage sur des objets fragiles ou cassants.<\/p>\n","protected":false},"excerpt":{"rendered":"<p>Le principal d\u00e9fi dans le domaine de l\u2019impression et de l\u2019\u00e9tiquetage est de r\u00e9aliser un traitement de haute qualit\u00e9 avec un bon rapport qualit\u00e9-prix. Les commandes de petites s\u00e9ries doivent \u00eatre r\u00e9alis\u00e9es avec une qualit\u00e9 irr\u00e9prochable et reproductible. La technologie d\u2019entra\u00eenement LinMot, ultra dynamique et pr\u00e9cise, joue ici un r\u00f4le pr\u00e9pond\u00e9rant. LinMot fournit des composants [&hellip;]<\/p>\n","protected":false},"author":1,"featured_media":0,"parent":8,"menu_order":120,"comment_status":"closed","ping_status":"closed","template":"","meta":{"_acf_changed":false,"footnotes":""},"class_list":["post-214","page","type-page","status-publish","hentry"],"acf":[],"yoast_head":"<!-- This site is optimized with the Yoast SEO Premium plugin v20.9 (Yoast SEO v27.4) - https:\/\/yoast.com\/product\/yoast-seo-premium-wordpress\/ -->\n<title>Impression et \u00e9tiquetage - Syst\u00e8mes d&#039;inspection, alimentation en papier<\/title>\n<meta name=\"description\" content=\"Les profils de force et de mouvement librement programmables des moteurs LinMot ouvrent de nombreux nouveaux champs d&#039;applications dans le domaine de l&#039;impression et de l&#039;\u00e9tiquetage.\" \/>\n<meta name=\"robots\" content=\"index, follow, max-snippet:-1, max-image-preview:large, max-video-preview:-1\" \/>\n<link rel=\"canonical\" href=\"https:\/\/linmot.com\/fr\/solutions-industrielles\/impression-et-etiquetage\/\" \/>\n<meta property=\"og:locale\" content=\"fr_FR\" \/>\n<meta property=\"og:type\" content=\"article\" \/>\n<meta property=\"og:title\" content=\"Impression et \u00e9tiquetage - Syst\u00e8mes d&#039;inspection, alimentation en papier\" \/>\n<meta property=\"og:description\" content=\"Les profils de force et de mouvement librement programmables des moteurs LinMot ouvrent de nombreux nouveaux champs d&#039;applications dans le domaine de l&#039;impression et de l&#039;\u00e9tiquetage.\" \/>\n<meta property=\"og:url\" content=\"https:\/\/linmot.com\/fr\/solutions-industrielles\/impression-et-etiquetage\/\" \/>\n<meta property=\"og:site_name\" content=\"LinMot &amp; MagSpring - Fran\u00e7ais\" \/>\n<meta property=\"article:modified_time\" content=\"2023-05-10T14:36:52+00:00\" \/>\n<meta property=\"og:image\" content=\"https:\/\/linmot.com\/fr\/wp-content\/uploads\/sites\/3\/2017\/11\/LinMot-Solutions-Printing-Labeling-Industry-1.jpg\" \/>\n<meta name=\"twitter:card\" content=\"summary_large_image\" \/>\n<meta name=\"twitter:title\" content=\"Impression et \u00e9tiquetage - Syst\u00e8mes d&#039;inspection, alimentation en papier\" \/>\n<meta name=\"twitter:description\" content=\"Les profils de force et de mouvement librement programmables des moteurs LinMot ouvrent de nombreux nouveaux champs d&#039;applications dans le domaine de l&#039;impression et de l&#039;\u00e9tiquetage.\" \/>\n<meta name=\"twitter:label1\" content=\"Dur\u00e9e de lecture estim\u00e9e\" \/>\n\t<meta name=\"twitter:data1\" content=\"2 minutes\" \/>\n<script type=\"application\/ld+json\" class=\"yoast-schema-graph\">{\"@context\":\"https:\\\/\\\/schema.org\",\"@graph\":[{\"@type\":\"WebPage\",\"@id\":\"https:\\\/\\\/linmot.com\\\/fr\\\/solutions-industrielles\\\/impression-et-etiquetage\\\/\",\"url\":\"https:\\\/\\\/linmot.com\\\/fr\\\/solutions-industrielles\\\/impression-et-etiquetage\\\/\",\"name\":\"Impression et \u00e9tiquetage - Syst\u00e8mes d'inspection, alimentation en papier\",\"isPartOf\":{\"@id\":\"https:\\\/\\\/linmot.com\\\/fr\\\/#website\"},\"primaryImageOfPage\":{\"@id\":\"https:\\\/\\\/linmot.com\\\/fr\\\/solutions-industrielles\\\/impression-et-etiquetage\\\/#primaryimage\"},\"image\":{\"@id\":\"https:\\\/\\\/linmot.com\\\/fr\\\/solutions-industrielles\\\/impression-et-etiquetage\\\/#primaryimage\"},\"thumbnailUrl\":\"https:\\\/\\\/linmot.com\\\/fr\\\/wp-content\\\/uploads\\\/sites\\\/3\\\/2017\\\/11\\\/LinMot-Solutions-Printing-Labeling-Industry-1.jpg\",\"datePublished\":\"2017-11-07T14:23:55+00:00\",\"dateModified\":\"2023-05-10T14:36:52+00:00\",\"description\":\"Les profils de force et de mouvement librement programmables des moteurs LinMot ouvrent de nombreux nouveaux champs d'applications dans le domaine de l'impression et de l'\u00e9tiquetage.\",\"breadcrumb\":{\"@id\":\"https:\\\/\\\/linmot.com\\\/fr\\\/solutions-industrielles\\\/impression-et-etiquetage\\\/#breadcrumb\"},\"inLanguage\":\"fr-FR\",\"potentialAction\":[{\"@type\":\"ReadAction\",\"target\":[\"https:\\\/\\\/linmot.com\\\/fr\\\/solutions-industrielles\\\/impression-et-etiquetage\\\/\"]}]},{\"@type\":\"ImageObject\",\"inLanguage\":\"fr-FR\",\"@id\":\"https:\\\/\\\/linmot.com\\\/fr\\\/solutions-industrielles\\\/impression-et-etiquetage\\\/#primaryimage\",\"url\":\"https:\\\/\\\/linmot.com\\\/fr\\\/wp-content\\\/uploads\\\/sites\\\/3\\\/2017\\\/11\\\/LinMot-Solutions-Printing-Labeling-Industry-1.jpg\",\"contentUrl\":\"https:\\\/\\\/linmot.com\\\/fr\\\/wp-content\\\/uploads\\\/sites\\\/3\\\/2017\\\/11\\\/LinMot-Solutions-Printing-Labeling-Industry-1.jpg\",\"width\":940,\"height\":300,\"caption\":\"\"},{\"@type\":\"BreadcrumbList\",\"@id\":\"https:\\\/\\\/linmot.com\\\/fr\\\/solutions-industrielles\\\/impression-et-etiquetage\\\/#breadcrumb\",\"itemListElement\":[{\"@type\":\"ListItem\",\"position\":1,\"name\":\"Home\",\"item\":\"https:\\\/\\\/linmot.com\\\/fr\\\/\"},{\"@type\":\"ListItem\",\"position\":2,\"name\":\"Solutions industrielles\",\"item\":\"https:\\\/\\\/linmot.com\\\/fr\\\/solutions-industrielles\\\/\"},{\"@type\":\"ListItem\",\"position\":3,\"name\":\"Impression et \u00e9tiquetage\"}]},{\"@type\":\"WebSite\",\"@id\":\"https:\\\/\\\/linmot.com\\\/fr\\\/#website\",\"url\":\"https:\\\/\\\/linmot.com\\\/fr\\\/\",\"name\":\"LinMot &amp; MagSpring - Fran\u00e7ais\",\"description\":\"Moteurs lin\u00e9aires et des syst\u00e8mes de moteurs lin\u00e9aires de haute qualit\u00e9\",\"publisher\":{\"@id\":\"https:\\\/\\\/linmot.com\\\/fr\\\/#organization\"},\"potentialAction\":[{\"@type\":\"SearchAction\",\"target\":{\"@type\":\"EntryPoint\",\"urlTemplate\":\"https:\\\/\\\/linmot.com\\\/fr\\\/?s={search_term_string}\"},\"query-input\":{\"@type\":\"PropertyValueSpecification\",\"valueRequired\":true,\"valueName\":\"search_term_string\"}}],\"inLanguage\":\"fr-FR\"},{\"@type\":\"Organization\",\"@id\":\"https:\\\/\\\/linmot.com\\\/fr\\\/#organization\",\"name\":\"NTI AG - LinMot & MagSpring\",\"url\":\"https:\\\/\\\/linmot.com\\\/fr\\\/\",\"logo\":{\"@type\":\"ImageObject\",\"inLanguage\":\"fr-FR\",\"@id\":\"https:\\\/\\\/linmot.com\\\/fr\\\/#\\\/schema\\\/logo\\\/image\\\/\",\"url\":\"https:\\\/\\\/linmot.com\\\/fr\\\/wp-content\\\/uploads\\\/sites\\\/3\\\/2022\\\/05\\\/linmot-social-share-logo.jpg\",\"contentUrl\":\"https:\\\/\\\/linmot.com\\\/fr\\\/wp-content\\\/uploads\\\/sites\\\/3\\\/2022\\\/05\\\/linmot-social-share-logo.jpg\",\"width\":800,\"height\":500,\"caption\":\"NTI AG - LinMot & MagSpring\"},\"image\":{\"@id\":\"https:\\\/\\\/linmot.com\\\/fr\\\/#\\\/schema\\\/logo\\\/image\\\/\"},\"sameAs\":[\"https:\\\/\\\/www.linkedin.com\\\/company\\\/nti-ag-linmot-magspring\",\"https:\\\/\\\/www.youtube.com\\\/user\\\/LinMotEurope\"]}]}<\/script>\n<!-- \/ Yoast SEO Premium plugin. -->","yoast_head_json":{"title":"Impression et \u00e9tiquetage - Syst\u00e8mes d'inspection, alimentation en papier","description":"Les profils de force et de mouvement librement programmables des moteurs LinMot ouvrent de nombreux nouveaux champs d'applications dans le domaine de l'impression et de l'\u00e9tiquetage.","robots":{"index":"index","follow":"follow","max-snippet":"max-snippet:-1","max-image-preview":"max-image-preview:large","max-video-preview":"max-video-preview:-1"},"canonical":"https:\/\/linmot.com\/fr\/solutions-industrielles\/impression-et-etiquetage\/","og_locale":"fr_FR","og_type":"article","og_title":"Impression et \u00e9tiquetage - Syst\u00e8mes d'inspection, alimentation en papier","og_description":"Les profils de force et de mouvement librement programmables des moteurs LinMot ouvrent de nombreux nouveaux champs d'applications dans le domaine de l'impression et de l'\u00e9tiquetage.","og_url":"https:\/\/linmot.com\/fr\/solutions-industrielles\/impression-et-etiquetage\/","og_site_name":"LinMot &amp; MagSpring - Fran\u00e7ais","article_modified_time":"2023-05-10T14:36:52+00:00","og_image":[{"url":"https:\/\/linmot.com\/fr\/wp-content\/uploads\/sites\/3\/2017\/11\/LinMot-Solutions-Printing-Labeling-Industry-1.jpg","type":"","width":"","height":""}],"twitter_card":"summary_large_image","twitter_title":"Impression et \u00e9tiquetage - Syst\u00e8mes d'inspection, alimentation en papier","twitter_description":"Les profils de force et de mouvement librement programmables des moteurs LinMot ouvrent de nombreux nouveaux champs d'applications dans le domaine de l'impression et de l'\u00e9tiquetage.","twitter_misc":{"Dur\u00e9e de lecture estim\u00e9e":"2 minutes"},"schema":{"@context":"https:\/\/schema.org","@graph":[{"@type":"WebPage","@id":"https:\/\/linmot.com\/fr\/solutions-industrielles\/impression-et-etiquetage\/","url":"https:\/\/linmot.com\/fr\/solutions-industrielles\/impression-et-etiquetage\/","name":"Impression et \u00e9tiquetage - Syst\u00e8mes d'inspection, alimentation en papier","isPartOf":{"@id":"https:\/\/linmot.com\/fr\/#website"},"primaryImageOfPage":{"@id":"https:\/\/linmot.com\/fr\/solutions-industrielles\/impression-et-etiquetage\/#primaryimage"},"image":{"@id":"https:\/\/linmot.com\/fr\/solutions-industrielles\/impression-et-etiquetage\/#primaryimage"},"thumbnailUrl":"https:\/\/linmot.com\/fr\/wp-content\/uploads\/sites\/3\/2017\/11\/LinMot-Solutions-Printing-Labeling-Industry-1.jpg","datePublished":"2017-11-07T14:23:55+00:00","dateModified":"2023-05-10T14:36:52+00:00","description":"Les profils de force et de mouvement librement programmables des moteurs LinMot ouvrent de nombreux nouveaux champs d'applications dans le domaine de l'impression et de l'\u00e9tiquetage.","breadcrumb":{"@id":"https:\/\/linmot.com\/fr\/solutions-industrielles\/impression-et-etiquetage\/#breadcrumb"},"inLanguage":"fr-FR","potentialAction":[{"@type":"ReadAction","target":["https:\/\/linmot.com\/fr\/solutions-industrielles\/impression-et-etiquetage\/"]}]},{"@type":"ImageObject","inLanguage":"fr-FR","@id":"https:\/\/linmot.com\/fr\/solutions-industrielles\/impression-et-etiquetage\/#primaryimage","url":"https:\/\/linmot.com\/fr\/wp-content\/uploads\/sites\/3\/2017\/11\/LinMot-Solutions-Printing-Labeling-Industry-1.jpg","contentUrl":"https:\/\/linmot.com\/fr\/wp-content\/uploads\/sites\/3\/2017\/11\/LinMot-Solutions-Printing-Labeling-Industry-1.jpg","width":940,"height":300,"caption":""},{"@type":"BreadcrumbList","@id":"https:\/\/linmot.com\/fr\/solutions-industrielles\/impression-et-etiquetage\/#breadcrumb","itemListElement":[{"@type":"ListItem","position":1,"name":"Home","item":"https:\/\/linmot.com\/fr\/"},{"@type":"ListItem","position":2,"name":"Solutions industrielles","item":"https:\/\/linmot.com\/fr\/solutions-industrielles\/"},{"@type":"ListItem","position":3,"name":"Impression et \u00e9tiquetage"}]},{"@type":"WebSite","@id":"https:\/\/linmot.com\/fr\/#website","url":"https:\/\/linmot.com\/fr\/","name":"LinMot &amp; MagSpring - Fran\u00e7ais","description":"Moteurs lin\u00e9aires et des syst\u00e8mes de moteurs lin\u00e9aires de haute qualit\u00e9","publisher":{"@id":"https:\/\/linmot.com\/fr\/#organization"},"potentialAction":[{"@type":"SearchAction","target":{"@type":"EntryPoint","urlTemplate":"https:\/\/linmot.com\/fr\/?s={search_term_string}"},"query-input":{"@type":"PropertyValueSpecification","valueRequired":true,"valueName":"search_term_string"}}],"inLanguage":"fr-FR"},{"@type":"Organization","@id":"https:\/\/linmot.com\/fr\/#organization","name":"NTI AG - LinMot & MagSpring","url":"https:\/\/linmot.com\/fr\/","logo":{"@type":"ImageObject","inLanguage":"fr-FR","@id":"https:\/\/linmot.com\/fr\/#\/schema\/logo\/image\/","url":"https:\/\/linmot.com\/fr\/wp-content\/uploads\/sites\/3\/2022\/05\/linmot-social-share-logo.jpg","contentUrl":"https:\/\/linmot.com\/fr\/wp-content\/uploads\/sites\/3\/2022\/05\/linmot-social-share-logo.jpg","width":800,"height":500,"caption":"NTI AG - LinMot & MagSpring"},"image":{"@id":"https:\/\/linmot.com\/fr\/#\/schema\/logo\/image\/"},"sameAs":["https:\/\/www.linkedin.com\/company\/nti-ag-linmot-magspring","https:\/\/www.youtube.com\/user\/LinMotEurope"]}]}},"_links":{"self":[{"href":"https:\/\/linmot.com\/fr\/wp-json\/wp\/v2\/pages\/214","targetHints":{"allow":["GET"]}}],"collection":[{"href":"https:\/\/linmot.com\/fr\/wp-json\/wp\/v2\/pages"}],"about":[{"href":"https:\/\/linmot.com\/fr\/wp-json\/wp\/v2\/types\/page"}],"author":[{"embeddable":true,"href":"https:\/\/linmot.com\/fr\/wp-json\/wp\/v2\/users\/1"}],"replies":[{"embeddable":true,"href":"https:\/\/linmot.com\/fr\/wp-json\/wp\/v2\/comments?post=214"}],"version-history":[{"count":7,"href":"https:\/\/linmot.com\/fr\/wp-json\/wp\/v2\/pages\/214\/revisions"}],"predecessor-version":[{"id":2550,"href":"https:\/\/linmot.com\/fr\/wp-json\/wp\/v2\/pages\/214\/revisions\/2550"}],"up":[{"embeddable":true,"href":"https:\/\/linmot.com\/fr\/wp-json\/wp\/v2\/pages\/8"}],"wp:attachment":[{"href":"https:\/\/linmot.com\/fr\/wp-json\/wp\/v2\/media?parent=214"}],"curies":[{"name":"wp","href":"https:\/\/api.w.org\/{rel}","templated":true}]}}