{"id":2129,"date":"2022-03-21T09:42:43","date_gmt":"2022-03-21T08:42:43","guid":{"rendered":"https:\/\/linmot.com\/fr\/?page_id=2129"},"modified":"2024-08-28T15:04:08","modified_gmt":"2024-08-28T13:04:08","slug":"moteur-lineaire-p10","status":"publish","type":"page","link":"https:\/\/linmot.com\/fr\/produits\/moteurs-lineaire\/moteur-lineaire-p10\/","title":{"rendered":"Moteur Lin\u00e9aire P10 &#8211; 3x400VAC"},"content":{"rendered":"<p align=\"justify\"><strong>Les moteurs LinMot les plus puissants pour les mouvements lin\u00e9aires dynamiques. Ils utilisent une technologie 3x400VAC qui permet aux moteurs d&rsquo;\u00eatre facilement int\u00e9gr\u00e9s dans la machine et d&rsquo;\u00eatre utilis\u00e9s plus efficacement en tant que composant. La s\u00e9rie P10 a \u00e9t\u00e9 d\u00e9lib\u00e9r\u00e9ment \u00e9quip\u00e9e de codeurs standard et de signaux de temp\u00e9rature qui peuvent \u00eatre lus par presque tous les variateurs tiers.<\/strong><\/p>\n<hr \/>\n<div class=\"row\">\n<div class=\"col-sm-2\">\n<p><a class=\"button\" href=\"#details\">1. Pr\u00e9cisions<\/a><\/p>\n<\/div>\n<div class=\"col-sm-1\">\n<\/div>\n<div class=\"col-sm-2\">\n<p><a class=\"button\" href=\"#applications\">2. Applications<\/a><\/p>\n<\/div>\n<div class=\"col-sm-1\">\n<\/div>\n<div class=\"col-sm-2\">\n<p><a class=\"button\" href=\"#contact\">3. Contact<\/a><\/p>\n<\/div>\n<\/div>\n<hr \/>\n<h3 id=\"details\">1. Pr\u00e9cisions<\/h3>\n<p>&nbsp;<\/p>\n<img loading=\"lazy\" decoding=\"async\" class=\"size-full wp-image-2803 aligncenter\" src=\"https:\/\/linmot.com\/wp-content\/uploads\/2022\/02\/linear-motors-p10.jpg\" alt=\"\" width=\"744\" height=\"452\" \/>\n<div class=\"row\">\n<div class=\"col-sm-4\">\n<ul>\n<li>Les moteurs LinMot les plus puissants et les plus dynamiques<\/li>\n<li>Technologie moteur 230VAC \/ 3x400VAC<\/li>\n<\/ul>\n<\/div>\n<div class=\"col-sm-4\">\n<ul>\n<li>Contr\u00f4l\u00e9s par des variateurs standard d&rsquo;autres marques<\/li>\n<li>Longue dur\u00e9e de vie<\/li>\n<\/ul>\n<\/div>\n<div class=\"col-sm-4\">\n<ul>\n<li>Configuration facile<\/li>\n<li>Certifi\u00e9 CE\/RoHS\/UL<\/li>\n<\/ul>\n<\/div>\n<\/div>\n<hr \/>\n<h3>Projets r\u00e9alis\u00e9s avec des moteurs lin\u00e9aires LinMot 3x400VAC et des drives de:<\/h3>\n<div class=\"row download\">\n<div class=\"col-md-3\">\n<ul>\n<li>AMK<\/li>\n<li>B&amp;R<\/li>\n<li>Beckhoff<\/li>\n<li>Control Techniques<\/li>\n<li>Danfoss<\/li>\n<li>KEB<\/li>\n<\/ul>\n<\/div>\n<div class=\"col-md-3\">\n<ul>\n<li>JBG Elektronik<\/li>\n<li>Kollmorgen<\/li>\n<li>pilz<\/li>\n<li>Lenze<\/li>\n<li>KEBA<\/li>\n<li>Mitsubishi Electric<\/li>\n<\/ul>\n<\/div>\n<div class=\"col-md-3\">\n<ul>\n<li>Panasonic<\/li>\n<li>rexroth<\/li>\n<li>Robox motion control<\/li>\n<li>SEW Eurodrive<\/li>\n<li>Rockwell Automation<\/li>\n<\/ul>\n<\/div>\n<div class=\"col-md-3\">\n<ul>\n<li>Schneider Electric<\/li>\n<li>Siemens<\/li>\n<li>Sigmatek<\/li>\n<li>Yaskawa<\/li>\n<li>Lust LTi<\/li>\n<\/ul>\n<\/div>\n<\/div>\n<hr \/>\n<h3>Moteurs P10-54<\/h3>\n<div class=\"row\">\n<div class=\"col-sm-7\">\n<p><strong>Gamme de puissance<\/strong><\/p>\n<ul>\n<li>Technologie 1x230VAC et 3 x 400VAC<\/li>\n<li>Connecteur rotatif push-pull TWIN pour les c\u00e2bles d&rsquo;alimentation et de codage<\/li>\n<li>Bride de serrage monobloc<\/li>\n<li>Peut \u00e9galement \u00eatre contr\u00f4l\u00e9 par des variateurs standards du march\u00e9<\/li>\n<\/ul>\n<img loading=\"lazy\" decoding=\"async\" class=\"alignnone size-full wp-image-2807\" src=\"https:\/\/linmot.com\/wp-content\/uploads\/2022\/02\/table-linear-motors-p10-54-motors.jpg\" alt=\"\" width=\"227\" height=\"171\" \/>\n<p><a class=\"btn btn-active\" href=\"https:\/\/shop.linmot.com\/E\/linear-motors\/linear-motors-p10-54.htm\" target=\"_blank\" rel=\"noopener noreferrer\">Vers les d\u00e9tails dans le e-catalogue (anglais)<\/a><\/p>\n<\/div>\n<div class=\"col-sm-5\">\n<img loading=\"lazy\" decoding=\"async\" class=\"alignnone size-full wp-image-2805\" src=\"https:\/\/linmot.com\/wp-content\/uploads\/2022\/02\/LinMot_P10-54-Motors.jpg\" alt=\"\" width=\"220\" height=\"257\" \/>\n<\/div>\n<\/div>\n<hr \/>\n<h3>Moteurs P10-70<\/h3>\n<div class=\"row\">\n<div class=\"col-sm-7\">\n<p><strong>Puissance \u00e9lev\u00e9e<\/strong><\/p>\n<ul>\n<li>Technologie 3 x 400VAC<\/li>\n<li>Acc\u00e9l\u00e9rations extr\u00eamement \u00e9lev\u00e9es<\/li>\n<li>Connecteur s\u00e9par\u00e9 pour le capteur et le c\u00e2ble d&rsquo;alimentation<\/li>\n<li>Peut \u00e9galement \u00eatre contr\u00f4l\u00e9 par des variateurs standards du march\u00e9<\/li>\n<\/ul>\n<img loading=\"lazy\" decoding=\"async\" class=\"alignnone size-full wp-image-2808\" src=\"https:\/\/linmot.com\/wp-content\/uploads\/2022\/02\/table-linear-motors-p10-70-motors.jpg\" alt=\"\" width=\"214\" height=\"163\" \/>\n<p><a class=\"btn btn-active\" href=\"https:\/\/shop.linmot.com\/E\/linear-motors.htm\" target=\"_blank\" rel=\"noopener noreferrer\">Vers les d\u00e9tails dans le e-catalogue (anglais)<\/a><\/p>\n<\/div>\n<div class=\"col-sm-5\">\n<img loading=\"lazy\" decoding=\"async\" class=\"alignnone size-full wp-image-2806\" src=\"https:\/\/linmot.com\/wp-content\/uploads\/2022\/02\/LinMot_P10-70-Motors.jpg\" alt=\"\" width=\"383\" height=\"498\" \/>\n<\/div>\n<\/div>\n<hr \/>\n<h3 id=\"applications\">2. Exemples d\u2019applications<\/h3>\n<div class=\"row download\">\n<div class=\"col-md-3\">\n<h4 class=\"download-title\">Technologie d&rsquo;entra\u00eenement ultime<\/h4>\n<p class=\"bodytext\" align=\"justify\">Depuis que Chocolat Frey AG a r\u00e9cemment \u00e9tendu sa production des tr\u00e8s populaires Napolitains, ce grand chocolatier suisse a b\u00e9n\u00e9fici\u00e9 des avantages d&rsquo;une technologie avanc\u00e9e, produisant un large assortiment de tr\u00e8s petites plaquettes de chocolat avec une qualit\u00e9, une fiabilit\u00e9 du processus et une productivit\u00e9 encore plus grandes.<\/p>\n<p><a class=\"button\" href=\"\/fr\/blog\/une-technique-dentrainement-aux-formes-parfaites\/\">Vers l&rsquo;article<\/a><br \/>\n<\/div>\n<div class=\"col-md-2\">\n<img loading=\"lazy\" decoding=\"async\" class=\"alignnone wp-image-3295 size-full\" src=\"https:\/\/linmot.com\/de\/wp-content\/uploads\/sites\/2\/2022\/04\/ultimate-drive-technology.jpg\" alt=\"\" width=\"220\" height=\"220\" \/><br \/>\n<\/div>\n<div class=\"col-md-2\">\n<\/div>\n<div class=\"col-md-3\">\n<h4 class=\"download-title\">Les machines de remplissage et de scellage de Zellwag AG<\/h4>\n<p class=\"bodytext\" align=\"justify\">Dynamique dans l&rsquo;industrie des machines de remplissage et de scellage. Depuis 2002, Zellwag AG fait confiance aux moteurs lin\u00e9aires pour la construction de ses machines de remplissage et de scellage enti\u00e8rement automatis\u00e9es pour les produits pharmaceutiques et cosm\u00e9tiques.<\/p>\n<p><a class=\"button\" href=\"\/fr\/blog\/vers-les-etoiles-et-au-dela-les-machines-de-remplissage-et-de-fermeture-de-zellwag-ag\/\">Vers l&rsquo;article<\/a><br \/>\n<\/div>\n<div class=\"col-md-2\">\n<img loading=\"lazy\" decoding=\"async\" class=\"alignnone wp-image-3297 size-full\" src=\"https:\/\/linmot.com\/de\/wp-content\/uploads\/sites\/2\/2022\/04\/zellwag-fuell-und-verschliessmaschinen.jpg\" alt=\"\" width=\"220\" height=\"220\" \/><br \/>\n<\/div>\n<\/div>\n<div class=\"row download\">\n<div class=\"col-md-3\">\n<h4 class=\"download-title\">Appuyer sur le champignon avec LinMot<\/h4>\n<p class=\"bodytext\" align=\"justify\">Les moteurs lin\u00e9aires constituent une solution particuli\u00e8rement adapt\u00e9e aux applications pharmaceutiques en salle blanche. Ils subissent tr\u00e8s peu d&rsquo;usure abrasive, n\u00e9cessitent peu de lubrification \u00e0 des intervalles tr\u00e8s espac\u00e9s et sont faciles \u00e0 nettoyer. Pour ces raisons et d&rsquo;autres encore, ils constituent aujourd&rsquo;hui l&rsquo;\u00e9tat de l&rsquo;art pour le c\u00e9l\u00e8bre producteur suisse d&#8217;emballages primaires Hoffmann Neopac AG et un \u00e9l\u00e9ment indispensable des syst\u00e8mes modernes de production pharmaceutique.<\/p>\n<p><a class=\"button\" href=\"\/fr\/blog\/appuyer-sur-le-champignon-avec-linmot\/\">Vers l&rsquo;article<\/a><br \/>\n<\/div>\n<div class=\"col-md-2\">\n<img loading=\"lazy\" decoding=\"async\" class=\"alignnone wp-image-3295 size-full\" src=\"https:\/\/linmot.com\/de\/wp-content\/uploads\/sites\/2\/2023\/02\/vorschau-tube-druecken.jpg\" alt=\"\" width=\"220\" height=\"220\" \/><br \/>\n<\/div>\n<div class=\"col-md-2\">\n<\/div>\n<div class=\"col-md-3\">\n<h4 class=\"download-title\">La lutte contre la contrefa\u00e7on de m\u00e9dicaments<\/h4>\n<p class=\"bodytext\" align=\"justify\">75 milliards de dollars am\u00e9ricains par an. Selon l&rsquo;Organisation mondiale de la sant\u00e9 (OMS), c&rsquo;est la valeur estim\u00e9e du march\u00e9 des m\u00e9dicaments contrefaits dans le monde. Un statu quo intenable en mati\u00e8re de politique pharmaceutique. Avec plus de 6 milliards de produits trait\u00e9s par an et gr\u00e2ce \u00e0 la technologie d&rsquo;entra\u00eenement lin\u00e9aire de pointe de LinMot, les machines de codage uniques de Hicof sont le fer de lance de la lutte contre la contrefa\u00e7on.<\/p>\n<p><a class=\"button\" href=\"\/fr\/blog\/la-lutte-contre-la-contrefacon-de-medicaments-driven-by-linmot\/\">Vers l&rsquo;article<\/a><br \/>\n<\/div>\n<div class=\"col-md-2\">\n<img loading=\"lazy\" decoding=\"async\" class=\"alignnone wp-image-3296 size-full\" src=\"https:\/\/linmot.com\/de\/wp-content\/uploads\/sites\/2\/2023\/02\/vorschau-kampf-medikamentenfaelschung.jpg\" alt=\"\" width=\"220\" height=\"220\" \/><br \/>\n<\/div>\n<\/div>\n<h3 id=\"contact\">3. Contactez<\/h3>\n<div class=\"row download\">\n<div class=\"col-md-6\">\n<h4 class=\"download-title\">Vous avez des questions sur les moteurs lin\u00e9aires?<\/h4>\n<p class=\"bodytext\">Nous serons heureux de r\u00e9pondre \u00e0 toutes les questions que vous pouvez avoir sur les moteurs lin\u00e9aires.<br \/>\nVeuillez nous contacter en utilisant le formulaire suivant ou appelez-nous au.<\/p>\n<p class=\"bodytext\">Tel: 262-743-2555<\/p>\n<\/div>\n<div class=\"col-md-1\">\n<\/div>\n<div class=\"col-md-5\">\n\n<div class=\"wpcf7 no-js\" id=\"wpcf7-f1702-o1\" lang=\"fr-FR\" dir=\"ltr\" data-wpcf7-id=\"1702\">\n<div class=\"screen-reader-response\"><p role=\"status\" aria-live=\"polite\" aria-atomic=\"true\"><\/p> <ul><\/ul><\/div>\n<form action=\"\/fr\/wp-json\/wp\/v2\/pages\/2129#wpcf7-f1702-o1\" method=\"post\" class=\"wpcf7-form init\" aria-label=\"Formulaire de contact\" novalidate=\"novalidate\" data-status=\"init\">\n<fieldset class=\"hidden-fields-container\"><input type=\"hidden\" name=\"_wpcf7\" value=\"1702\" \/><input type=\"hidden\" name=\"_wpcf7_version\" value=\"6.1.5\" \/><input type=\"hidden\" name=\"_wpcf7_locale\" value=\"fr_FR\" \/><input type=\"hidden\" name=\"_wpcf7_unit_tag\" value=\"wpcf7-f1702-o1\" \/><input type=\"hidden\" name=\"_wpcf7_container_post\" value=\"0\" \/><input type=\"hidden\" name=\"_wpcf7_posted_data_hash\" value=\"\" \/><input type=\"hidden\" name=\"_wpcf7_recaptcha_response\" value=\"\" \/>\n<\/fieldset>\n<label> Votre nom<br>\n    <span class=\"wpcf7-form-control-wrap\" data-name=\"your-name\"><input size=\"40\" maxlength=\"400\" class=\"wpcf7-form-control wpcf7-text wpcf7-validates-as-required\" aria-required=\"true\" aria-invalid=\"false\" value=\"\" type=\"text\" name=\"your-name\" \/><\/span> <\/label>\n<br>\n<label> Votre entreprise<br>\n    <span class=\"wpcf7-form-control-wrap\" data-name=\"your-company\"><input size=\"40\" maxlength=\"400\" class=\"wpcf7-form-control wpcf7-text wpcf7-validates-as-required\" aria-required=\"true\" aria-invalid=\"false\" value=\"\" type=\"text\" name=\"your-company\" \/><\/span> <\/label>\n<br>\n<label> Code postal<br>\n    <span class=\"wpcf7-form-control-wrap\" data-name=\"your-plz\"><input class=\"wpcf7-form-control wpcf7-number wpcf7-validates-as-required wpcf7-validates-as-number\" aria-required=\"true\" aria-invalid=\"false\" value=\"\" type=\"number\" name=\"your-plz\" \/><\/span> <\/label>\n<br>\n<label> Pays<br>\n    <span class=\"wpcf7-form-control-wrap\" data-name=\"your-country\"><input size=\"40\" maxlength=\"400\" class=\"wpcf7-form-control wpcf7-text wpcf7-validates-as-required\" aria-required=\"true\" aria-invalid=\"false\" value=\"\" type=\"text\" name=\"your-country\" \/><\/span> <\/label>\n<br>\n<label> Votre num\u00e9ro de t\u00e9l\u00e9phone<br>\n    <span class=\"wpcf7-form-control-wrap\" data-name=\"your-number\"><input size=\"40\" maxlength=\"400\" class=\"wpcf7-form-control wpcf7-tel wpcf7-validates-as-required wpcf7-text wpcf7-validates-as-tel\" aria-required=\"true\" aria-invalid=\"false\" value=\"\" type=\"tel\" name=\"your-number\" \/><\/span> <\/label>\n<br>\n<label> Votre e-mail<br>\n    <span class=\"wpcf7-form-control-wrap\" data-name=\"your-email\"><input size=\"40\" maxlength=\"400\" class=\"wpcf7-form-control wpcf7-email wpcf7-validates-as-required wpcf7-text wpcf7-validates-as-email\" aria-required=\"true\" aria-invalid=\"false\" value=\"\" type=\"email\" name=\"your-email\" \/><\/span> <\/label>\n<br>\n<label> Votre message (facultatif)<br>\n    <span class=\"wpcf7-form-control-wrap\" data-name=\"your-message\"><textarea cols=\"40\" rows=\"10\" maxlength=\"2000\" class=\"wpcf7-form-control wpcf7-textarea\" aria-invalid=\"false\" name=\"your-message\"><\/textarea><\/span> <\/label>\n<br>\n<input class=\"wpcf7-form-control wpcf7-submit has-spinner\" type=\"submit\" value=\"Envoyer\" \/><div class=\"wpcf7-response-output\" aria-hidden=\"true\"><\/div>\n<\/form>\n<\/div>\n\n<\/div>\n<\/div>\n","protected":false},"excerpt":{"rendered":"<p>Les moteurs LinMot les plus puissants pour les mouvements lin\u00e9aires dynamiques. Ils utilisent une technologie 3x400VAC qui permet aux moteurs d&rsquo;\u00eatre facilement int\u00e9gr\u00e9s dans la machine et d&rsquo;\u00eatre utilis\u00e9s plus efficacement en tant que composant. La s\u00e9rie P10 a \u00e9t\u00e9 d\u00e9lib\u00e9r\u00e9ment \u00e9quip\u00e9e de codeurs standard et de signaux de temp\u00e9rature qui peuvent \u00eatre lus par [&hellip;]<\/p>\n","protected":false},"author":9,"featured_media":0,"parent":38,"menu_order":38,"comment_status":"closed","ping_status":"closed","template":"","meta":{"_acf_changed":false,"footnotes":""},"class_list":["post-2129","page","type-page","status-publish","hentry"],"acf":[],"yoast_head":"<!-- This site is optimized with the Yoast SEO Premium plugin v20.9 (Yoast SEO v27.4) - https:\/\/yoast.com\/product\/yoast-seo-premium-wordpress\/ -->\n<title>Moteur Lin\u00e9aire P10 - 3x400VAC - LinMot &amp; MagSpring - Fran\u00e7ais<\/title>\n<meta name=\"description\" content=\"La s\u00e9rie P10 a \u00e9t\u00e9 d\u00e9lib\u00e9r\u00e9ment \u00e9quip\u00e9e de codeurs standard et de signaux de temp\u00e9rature qui peuvent \u00eatre lus par presque tous les variateurs tiers.\" \/>\n<meta name=\"robots\" content=\"index, follow, max-snippet:-1, max-image-preview:large, max-video-preview:-1\" \/>\n<link rel=\"canonical\" href=\"https:\/\/linmot.com\/fr\/produits\/moteurs-lineaire\/moteur-lineaire-p10\/\" \/>\n<meta property=\"og:locale\" content=\"fr_FR\" \/>\n<meta property=\"og:type\" content=\"article\" \/>\n<meta property=\"og:title\" content=\"Moteur Lin\u00e9aire P10 - 3x400VAC - LinMot &amp; MagSpring - Fran\u00e7ais\" \/>\n<meta property=\"og:description\" content=\"La s\u00e9rie P10 a \u00e9t\u00e9 d\u00e9lib\u00e9r\u00e9ment \u00e9quip\u00e9e de codeurs standard et de signaux de temp\u00e9rature qui peuvent \u00eatre lus par presque tous les variateurs tiers.\" \/>\n<meta property=\"og:url\" content=\"https:\/\/linmot.com\/fr\/produits\/moteurs-lineaire\/moteur-lineaire-p10\/\" \/>\n<meta property=\"og:site_name\" content=\"LinMot &amp; MagSpring - Fran\u00e7ais\" \/>\n<meta property=\"article:modified_time\" content=\"2024-08-28T13:04:08+00:00\" \/>\n<meta property=\"og:image\" content=\"https:\/\/linmot.com\/wp-content\/uploads\/2022\/02\/linear-motors-p10.jpg\" \/>\n<meta name=\"twitter:card\" content=\"summary_large_image\" \/>\n<meta name=\"twitter:title\" content=\"Moteur Lin\u00e9aire P10 - 3x400VAC - LinMot &amp; MagSpring - Fran\u00e7ais\" \/>\n<meta name=\"twitter:description\" content=\"La s\u00e9rie P10 a \u00e9t\u00e9 d\u00e9lib\u00e9r\u00e9ment \u00e9quip\u00e9e de codeurs standard et de signaux de temp\u00e9rature qui peuvent \u00eatre lus par presque tous les variateurs tiers.\" \/>\n<meta name=\"twitter:label1\" content=\"Dur\u00e9e de lecture estim\u00e9e\" \/>\n\t<meta name=\"twitter:data1\" content=\"6 minutes\" \/>\n<script type=\"application\/ld+json\" class=\"yoast-schema-graph\">{\"@context\":\"https:\\\/\\\/schema.org\",\"@graph\":[{\"@type\":\"WebPage\",\"@id\":\"https:\\\/\\\/linmot.com\\\/fr\\\/produits\\\/moteurs-lineaire\\\/moteur-lineaire-p10\\\/\",\"url\":\"https:\\\/\\\/linmot.com\\\/fr\\\/produits\\\/moteurs-lineaire\\\/moteur-lineaire-p10\\\/\",\"name\":\"Moteur Lin\u00e9aire P10 - 3x400VAC - LinMot &amp; MagSpring - Fran\u00e7ais\",\"isPartOf\":{\"@id\":\"https:\\\/\\\/linmot.com\\\/fr\\\/#website\"},\"primaryImageOfPage\":{\"@id\":\"https:\\\/\\\/linmot.com\\\/fr\\\/produits\\\/moteurs-lineaire\\\/moteur-lineaire-p10\\\/#primaryimage\"},\"image\":{\"@id\":\"https:\\\/\\\/linmot.com\\\/fr\\\/produits\\\/moteurs-lineaire\\\/moteur-lineaire-p10\\\/#primaryimage\"},\"thumbnailUrl\":\"https:\\\/\\\/linmot.com\\\/wp-content\\\/uploads\\\/2022\\\/02\\\/linear-motors-p10.jpg\",\"datePublished\":\"2022-03-21T08:42:43+00:00\",\"dateModified\":\"2024-08-28T13:04:08+00:00\",\"description\":\"La s\u00e9rie P10 a \u00e9t\u00e9 d\u00e9lib\u00e9r\u00e9ment \u00e9quip\u00e9e de codeurs standard et de signaux de temp\u00e9rature qui peuvent \u00eatre lus par presque tous les variateurs tiers.\",\"breadcrumb\":{\"@id\":\"https:\\\/\\\/linmot.com\\\/fr\\\/produits\\\/moteurs-lineaire\\\/moteur-lineaire-p10\\\/#breadcrumb\"},\"inLanguage\":\"fr-FR\",\"potentialAction\":[{\"@type\":\"ReadAction\",\"target\":[\"https:\\\/\\\/linmot.com\\\/fr\\\/produits\\\/moteurs-lineaire\\\/moteur-lineaire-p10\\\/\"]}]},{\"@type\":\"ImageObject\",\"inLanguage\":\"fr-FR\",\"@id\":\"https:\\\/\\\/linmot.com\\\/fr\\\/produits\\\/moteurs-lineaire\\\/moteur-lineaire-p10\\\/#primaryimage\",\"url\":\"https:\\\/\\\/linmot.com\\\/wp-content\\\/uploads\\\/2022\\\/02\\\/linear-motors-p10.jpg\",\"contentUrl\":\"https:\\\/\\\/linmot.com\\\/wp-content\\\/uploads\\\/2022\\\/02\\\/linear-motors-p10.jpg\"},{\"@type\":\"BreadcrumbList\",\"@id\":\"https:\\\/\\\/linmot.com\\\/fr\\\/produits\\\/moteurs-lineaire\\\/moteur-lineaire-p10\\\/#breadcrumb\",\"itemListElement\":[{\"@type\":\"ListItem\",\"position\":1,\"name\":\"Home\",\"item\":\"https:\\\/\\\/linmot.com\\\/fr\\\/\"},{\"@type\":\"ListItem\",\"position\":2,\"name\":\"Produits\",\"item\":\"https:\\\/\\\/linmot.com\\\/fr\\\/produits\\\/\"},{\"@type\":\"ListItem\",\"position\":3,\"name\":\"Moteurs Lin\u00e9aire\",\"item\":\"https:\\\/\\\/linmot.com\\\/fr\\\/produits\\\/moteurs-lineaire\\\/\"},{\"@type\":\"ListItem\",\"position\":4,\"name\":\"Moteur Lin\u00e9aire P10 &#8211; 3x400VAC\"}]},{\"@type\":\"WebSite\",\"@id\":\"https:\\\/\\\/linmot.com\\\/fr\\\/#website\",\"url\":\"https:\\\/\\\/linmot.com\\\/fr\\\/\",\"name\":\"LinMot &amp; MagSpring - Fran\u00e7ais\",\"description\":\"Moteurs lin\u00e9aires et des syst\u00e8mes de moteurs lin\u00e9aires de haute qualit\u00e9\",\"publisher\":{\"@id\":\"https:\\\/\\\/linmot.com\\\/fr\\\/#organization\"},\"potentialAction\":[{\"@type\":\"SearchAction\",\"target\":{\"@type\":\"EntryPoint\",\"urlTemplate\":\"https:\\\/\\\/linmot.com\\\/fr\\\/?s={search_term_string}\"},\"query-input\":{\"@type\":\"PropertyValueSpecification\",\"valueRequired\":true,\"valueName\":\"search_term_string\"}}],\"inLanguage\":\"fr-FR\"},{\"@type\":\"Organization\",\"@id\":\"https:\\\/\\\/linmot.com\\\/fr\\\/#organization\",\"name\":\"NTI AG - LinMot & MagSpring\",\"url\":\"https:\\\/\\\/linmot.com\\\/fr\\\/\",\"logo\":{\"@type\":\"ImageObject\",\"inLanguage\":\"fr-FR\",\"@id\":\"https:\\\/\\\/linmot.com\\\/fr\\\/#\\\/schema\\\/logo\\\/image\\\/\",\"url\":\"https:\\\/\\\/linmot.com\\\/fr\\\/wp-content\\\/uploads\\\/sites\\\/3\\\/2022\\\/05\\\/linmot-social-share-logo.jpg\",\"contentUrl\":\"https:\\\/\\\/linmot.com\\\/fr\\\/wp-content\\\/uploads\\\/sites\\\/3\\\/2022\\\/05\\\/linmot-social-share-logo.jpg\",\"width\":800,\"height\":500,\"caption\":\"NTI AG - LinMot & MagSpring\"},\"image\":{\"@id\":\"https:\\\/\\\/linmot.com\\\/fr\\\/#\\\/schema\\\/logo\\\/image\\\/\"},\"sameAs\":[\"https:\\\/\\\/www.linkedin.com\\\/company\\\/nti-ag-linmot-magspring\",\"https:\\\/\\\/www.youtube.com\\\/user\\\/LinMotEurope\"]}]}<\/script>\n<!-- \/ Yoast SEO Premium plugin. -->","yoast_head_json":{"title":"Moteur Lin\u00e9aire P10 - 3x400VAC - LinMot &amp; MagSpring - Fran\u00e7ais","description":"La s\u00e9rie P10 a \u00e9t\u00e9 d\u00e9lib\u00e9r\u00e9ment \u00e9quip\u00e9e de codeurs standard et de signaux de temp\u00e9rature qui peuvent \u00eatre lus par presque tous les variateurs tiers.","robots":{"index":"index","follow":"follow","max-snippet":"max-snippet:-1","max-image-preview":"max-image-preview:large","max-video-preview":"max-video-preview:-1"},"canonical":"https:\/\/linmot.com\/fr\/produits\/moteurs-lineaire\/moteur-lineaire-p10\/","og_locale":"fr_FR","og_type":"article","og_title":"Moteur Lin\u00e9aire P10 - 3x400VAC - LinMot &amp; MagSpring - Fran\u00e7ais","og_description":"La s\u00e9rie P10 a \u00e9t\u00e9 d\u00e9lib\u00e9r\u00e9ment \u00e9quip\u00e9e de codeurs standard et de signaux de temp\u00e9rature qui peuvent \u00eatre lus par presque tous les variateurs tiers.","og_url":"https:\/\/linmot.com\/fr\/produits\/moteurs-lineaire\/moteur-lineaire-p10\/","og_site_name":"LinMot &amp; MagSpring - Fran\u00e7ais","article_modified_time":"2024-08-28T13:04:08+00:00","og_image":[{"url":"https:\/\/linmot.com\/wp-content\/uploads\/2022\/02\/linear-motors-p10.jpg","type":"","width":"","height":""}],"twitter_card":"summary_large_image","twitter_title":"Moteur Lin\u00e9aire P10 - 3x400VAC - LinMot &amp; MagSpring - Fran\u00e7ais","twitter_description":"La s\u00e9rie P10 a \u00e9t\u00e9 d\u00e9lib\u00e9r\u00e9ment \u00e9quip\u00e9e de codeurs standard et de signaux de temp\u00e9rature qui peuvent \u00eatre lus par presque tous les variateurs tiers.","twitter_misc":{"Dur\u00e9e de lecture estim\u00e9e":"6 minutes"},"schema":{"@context":"https:\/\/schema.org","@graph":[{"@type":"WebPage","@id":"https:\/\/linmot.com\/fr\/produits\/moteurs-lineaire\/moteur-lineaire-p10\/","url":"https:\/\/linmot.com\/fr\/produits\/moteurs-lineaire\/moteur-lineaire-p10\/","name":"Moteur Lin\u00e9aire P10 - 3x400VAC - LinMot &amp; MagSpring - Fran\u00e7ais","isPartOf":{"@id":"https:\/\/linmot.com\/fr\/#website"},"primaryImageOfPage":{"@id":"https:\/\/linmot.com\/fr\/produits\/moteurs-lineaire\/moteur-lineaire-p10\/#primaryimage"},"image":{"@id":"https:\/\/linmot.com\/fr\/produits\/moteurs-lineaire\/moteur-lineaire-p10\/#primaryimage"},"thumbnailUrl":"https:\/\/linmot.com\/wp-content\/uploads\/2022\/02\/linear-motors-p10.jpg","datePublished":"2022-03-21T08:42:43+00:00","dateModified":"2024-08-28T13:04:08+00:00","description":"La s\u00e9rie P10 a \u00e9t\u00e9 d\u00e9lib\u00e9r\u00e9ment \u00e9quip\u00e9e de codeurs standard et de signaux de temp\u00e9rature qui peuvent \u00eatre lus par presque tous les variateurs tiers.","breadcrumb":{"@id":"https:\/\/linmot.com\/fr\/produits\/moteurs-lineaire\/moteur-lineaire-p10\/#breadcrumb"},"inLanguage":"fr-FR","potentialAction":[{"@type":"ReadAction","target":["https:\/\/linmot.com\/fr\/produits\/moteurs-lineaire\/moteur-lineaire-p10\/"]}]},{"@type":"ImageObject","inLanguage":"fr-FR","@id":"https:\/\/linmot.com\/fr\/produits\/moteurs-lineaire\/moteur-lineaire-p10\/#primaryimage","url":"https:\/\/linmot.com\/wp-content\/uploads\/2022\/02\/linear-motors-p10.jpg","contentUrl":"https:\/\/linmot.com\/wp-content\/uploads\/2022\/02\/linear-motors-p10.jpg"},{"@type":"BreadcrumbList","@id":"https:\/\/linmot.com\/fr\/produits\/moteurs-lineaire\/moteur-lineaire-p10\/#breadcrumb","itemListElement":[{"@type":"ListItem","position":1,"name":"Home","item":"https:\/\/linmot.com\/fr\/"},{"@type":"ListItem","position":2,"name":"Produits","item":"https:\/\/linmot.com\/fr\/produits\/"},{"@type":"ListItem","position":3,"name":"Moteurs Lin\u00e9aire","item":"https:\/\/linmot.com\/fr\/produits\/moteurs-lineaire\/"},{"@type":"ListItem","position":4,"name":"Moteur Lin\u00e9aire P10 &#8211; 3x400VAC"}]},{"@type":"WebSite","@id":"https:\/\/linmot.com\/fr\/#website","url":"https:\/\/linmot.com\/fr\/","name":"LinMot &amp; MagSpring - Fran\u00e7ais","description":"Moteurs lin\u00e9aires et des syst\u00e8mes de moteurs lin\u00e9aires de haute qualit\u00e9","publisher":{"@id":"https:\/\/linmot.com\/fr\/#organization"},"potentialAction":[{"@type":"SearchAction","target":{"@type":"EntryPoint","urlTemplate":"https:\/\/linmot.com\/fr\/?s={search_term_string}"},"query-input":{"@type":"PropertyValueSpecification","valueRequired":true,"valueName":"search_term_string"}}],"inLanguage":"fr-FR"},{"@type":"Organization","@id":"https:\/\/linmot.com\/fr\/#organization","name":"NTI AG - LinMot & MagSpring","url":"https:\/\/linmot.com\/fr\/","logo":{"@type":"ImageObject","inLanguage":"fr-FR","@id":"https:\/\/linmot.com\/fr\/#\/schema\/logo\/image\/","url":"https:\/\/linmot.com\/fr\/wp-content\/uploads\/sites\/3\/2022\/05\/linmot-social-share-logo.jpg","contentUrl":"https:\/\/linmot.com\/fr\/wp-content\/uploads\/sites\/3\/2022\/05\/linmot-social-share-logo.jpg","width":800,"height":500,"caption":"NTI AG - LinMot & MagSpring"},"image":{"@id":"https:\/\/linmot.com\/fr\/#\/schema\/logo\/image\/"},"sameAs":["https:\/\/www.linkedin.com\/company\/nti-ag-linmot-magspring","https:\/\/www.youtube.com\/user\/LinMotEurope"]}]}},"_links":{"self":[{"href":"https:\/\/linmot.com\/fr\/wp-json\/wp\/v2\/pages\/2129","targetHints":{"allow":["GET"]}}],"collection":[{"href":"https:\/\/linmot.com\/fr\/wp-json\/wp\/v2\/pages"}],"about":[{"href":"https:\/\/linmot.com\/fr\/wp-json\/wp\/v2\/types\/page"}],"author":[{"embeddable":true,"href":"https:\/\/linmot.com\/fr\/wp-json\/wp\/v2\/users\/9"}],"replies":[{"embeddable":true,"href":"https:\/\/linmot.com\/fr\/wp-json\/wp\/v2\/comments?post=2129"}],"version-history":[{"count":26,"href":"https:\/\/linmot.com\/fr\/wp-json\/wp\/v2\/pages\/2129\/revisions"}],"predecessor-version":[{"id":3465,"href":"https:\/\/linmot.com\/fr\/wp-json\/wp\/v2\/pages\/2129\/revisions\/3465"}],"up":[{"embeddable":true,"href":"https:\/\/linmot.com\/fr\/wp-json\/wp\/v2\/pages\/38"}],"wp:attachment":[{"href":"https:\/\/linmot.com\/fr\/wp-json\/wp\/v2\/media?parent=2129"}],"curies":[{"name":"wp","href":"https:\/\/api.w.org\/{rel}","templated":true}]}}