{"id":211,"date":"2017-11-07T15:22:42","date_gmt":"2017-11-07T14:22:42","guid":{"rendered":"https:\/\/linmot.com\/?page_id=211"},"modified":"2023-05-10T15:18:28","modified_gmt":"2023-05-10T13:18:28","slug":"automatisation-des-laboratoires","status":"publish","type":"page","link":"https:\/\/linmot.com\/fr\/solutions-industrielles\/automatisation-des-laboratoires\/","title":{"rendered":"Automatisation des laboratoires"},"content":{"rendered":"<img loading=\"lazy\" decoding=\"async\" class=\"aligncenter size-full wp-image-212\" src=\"https:\/\/linmot.com\/fr\/wp-content\/uploads\/sites\/3\/2017\/11\/LinMot-Solutions-Laboratory-Automation-Industry-1.jpg\" alt=\"\" width=\"940\" height=\"300\" srcset=\"https:\/\/linmot.com\/fr\/wp-content\/uploads\/sites\/3\/2017\/11\/LinMot-Solutions-Laboratory-Automation-Industry-1.jpg 940w, https:\/\/linmot.com\/fr\/wp-content\/uploads\/sites\/3\/2017\/11\/LinMot-Solutions-Laboratory-Automation-Industry-1-300x96.jpg 300w, https:\/\/linmot.com\/fr\/wp-content\/uploads\/sites\/3\/2017\/11\/LinMot-Solutions-Laboratory-Automation-Industry-1-768x245.jpg 768w\" sizes=\"auto, (max-width: 940px) 100vw, 940px\" \/>\n<p>L\u2019automatisation des laboratoires est de plus en plus importante dans les sciences du vivant. Accompagner ce progr\u00e8s signifie de g\u00e9n\u00e9rer de plus en plus de donn\u00e9es fiables, de contr\u00f4ler et restituer fid\u00e8lement les analyses effectu\u00e9es et de r\u00e9duire les co\u00fbts.\u2028Les postes de travail automatis\u00e9s et les \u00e9quipements de laboratoire exigent un haut niveau de flexibilit\u00e9 et de reproductibilit\u00e9 de la part des dispositifs d\u2019entra\u00eenements. Les moteurs LinMot r\u00e9pondent \u00e0 ces besoins\u00a0: ils sont tr\u00e8s peu bruyants , exigent peu de maintenance et assurent des mouvements lisses et sans accoups.<\/p>\n<p>Comme les entra\u00eenements \u00e9lectromagn\u00e9tiques LinMot fonctionnent sans usure, ils peuvent \u00eatre utilis\u00e9s en environnement salle blanche sans aucun probl\u00e8me. Les syst\u00e8mes d\u2019entra\u00eenement lin\u00e9aire LinMot sont tr\u00e8s compacts, de faible encombrement et sont donc parfaitement adapt\u00e9s \u00e0 une utilisation sur des \u00e9quipements automatis\u00e9s de laboratoires.<\/p>\n<p>Ils peuvent r\u00e9aliser une large gamme d\u2019op\u00e9rations dont:<\/p>\n<div class=\"row\">\n<div class=\"col-sm-4\">\n<ul>\n<li>La manipulation<\/li>\n<li>Le chargement et le d\u00e9chargement<\/li>\n<\/ul>\n<\/div>\n<div class=\"col-sm-4\">\n<ul>\n<li>La manutention \u201cPick &amp; place\u201d<\/li>\n<li>L\u2019insertion<\/li>\n<\/ul>\n<\/div>\n<div class=\"col-sm-4\">\n<ul>\n<li>Scellage, bouchage<\/li>\n<li>etc.<\/li>\n<\/ul>\n<\/div>\n<\/div>\n","protected":false},"excerpt":{"rendered":"<p>L\u2019automatisation des laboratoires est de plus en plus importante dans les sciences du vivant. Accompagner ce progr\u00e8s signifie de g\u00e9n\u00e9rer de plus en plus de donn\u00e9es fiables, de contr\u00f4ler et restituer fid\u00e8lement les analyses effectu\u00e9es et de r\u00e9duire les co\u00fbts.\u2028Les postes de travail automatis\u00e9s et les \u00e9quipements de laboratoire exigent un haut niveau de flexibilit\u00e9 [&hellip;]<\/p>\n","protected":false},"author":1,"featured_media":0,"parent":8,"menu_order":86,"comment_status":"closed","ping_status":"closed","template":"","meta":{"_acf_changed":false,"footnotes":""},"class_list":["post-211","page","type-page","status-publish","hentry"],"acf":[],"yoast_head":"<!-- This site is optimized with the Yoast SEO Premium plugin v20.9 (Yoast SEO v27.3) - https:\/\/yoast.com\/product\/yoast-seo-premium-wordpress\/ -->\n<title>Automatisation de laboratoire - Postes de travail automatis\u00e9s<\/title>\n<meta name=\"description\" content=\"L&#039;automatisation des laboratoires exige une flexibilit\u00e9, une fiabilit\u00e9 et une s\u00e9curit\u00e9 de production \u00e9lev\u00e9es. Aucun probl\u00e8me pour les composants des moteurs LinMot.\" \/>\n<meta name=\"robots\" content=\"index, follow, max-snippet:-1, max-image-preview:large, max-video-preview:-1\" \/>\n<link rel=\"canonical\" href=\"https:\/\/linmot.com\/fr\/solutions-industrielles\/automatisation-des-laboratoires\/\" \/>\n<meta property=\"og:locale\" content=\"fr_FR\" \/>\n<meta property=\"og:type\" content=\"article\" \/>\n<meta property=\"og:title\" content=\"Automatisation de laboratoire - Postes de travail automatis\u00e9s\" \/>\n<meta property=\"og:description\" content=\"L&#039;automatisation des laboratoires exige une flexibilit\u00e9, une fiabilit\u00e9 et une s\u00e9curit\u00e9 de production \u00e9lev\u00e9es. Aucun probl\u00e8me pour les composants des moteurs LinMot.\" \/>\n<meta property=\"og:url\" content=\"https:\/\/linmot.com\/fr\/solutions-industrielles\/automatisation-des-laboratoires\/\" \/>\n<meta property=\"og:site_name\" content=\"LinMot &amp; MagSpring - Fran\u00e7ais\" \/>\n<meta property=\"article:modified_time\" content=\"2023-05-10T13:18:28+00:00\" \/>\n<meta property=\"og:image\" content=\"https:\/\/linmot.com\/fr\/wp-content\/uploads\/sites\/3\/2017\/11\/LinMot-Solutions-Laboratory-Automation-Industry-1.jpg\" \/>\n\t<meta property=\"og:image:width\" content=\"940\" \/>\n\t<meta property=\"og:image:height\" content=\"300\" \/>\n\t<meta property=\"og:image:type\" content=\"image\/jpeg\" \/>\n<meta name=\"twitter:card\" content=\"summary_large_image\" \/>\n<meta name=\"twitter:title\" content=\"Automatisation de laboratoire - Postes de travail automatis\u00e9s\" \/>\n<meta name=\"twitter:description\" content=\"L&#039;automatisation des laboratoires exige une flexibilit\u00e9, une fiabilit\u00e9 et une s\u00e9curit\u00e9 de production \u00e9lev\u00e9es. Aucun probl\u00e8me pour les composants des moteurs LinMot.\" \/>\n<meta name=\"twitter:image\" content=\"https:\/\/linmot.com\/fr\/wp-content\/uploads\/sites\/3\/2017\/11\/LinMot-Solutions-Laboratory-Automation-Industry-1.jpg\" \/>\n<meta name=\"twitter:label1\" content=\"Dur\u00e9e de lecture estim\u00e9e\" \/>\n\t<meta name=\"twitter:data1\" content=\"2 minutes\" \/>\n<script type=\"application\/ld+json\" class=\"yoast-schema-graph\">{\"@context\":\"https:\\\/\\\/schema.org\",\"@graph\":[{\"@type\":\"WebPage\",\"@id\":\"https:\\\/\\\/linmot.com\\\/fr\\\/solutions-industrielles\\\/automatisation-des-laboratoires\\\/\",\"url\":\"https:\\\/\\\/linmot.com\\\/fr\\\/solutions-industrielles\\\/automatisation-des-laboratoires\\\/\",\"name\":\"Automatisation de laboratoire - Postes de travail automatis\u00e9s\",\"isPartOf\":{\"@id\":\"https:\\\/\\\/linmot.com\\\/fr\\\/#website\"},\"primaryImageOfPage\":{\"@id\":\"https:\\\/\\\/linmot.com\\\/fr\\\/solutions-industrielles\\\/automatisation-des-laboratoires\\\/#primaryimage\"},\"image\":{\"@id\":\"https:\\\/\\\/linmot.com\\\/fr\\\/solutions-industrielles\\\/automatisation-des-laboratoires\\\/#primaryimage\"},\"thumbnailUrl\":\"https:\\\/\\\/linmot.com\\\/fr\\\/wp-content\\\/uploads\\\/sites\\\/3\\\/2017\\\/11\\\/LinMot-Solutions-Laboratory-Automation-Industry-1.jpg\",\"datePublished\":\"2017-11-07T14:22:42+00:00\",\"dateModified\":\"2023-05-10T13:18:28+00:00\",\"description\":\"L'automatisation des laboratoires exige une flexibilit\u00e9, une fiabilit\u00e9 et une s\u00e9curit\u00e9 de production \u00e9lev\u00e9es. Aucun probl\u00e8me pour les composants des moteurs LinMot.\",\"breadcrumb\":{\"@id\":\"https:\\\/\\\/linmot.com\\\/fr\\\/solutions-industrielles\\\/automatisation-des-laboratoires\\\/#breadcrumb\"},\"inLanguage\":\"fr-FR\",\"potentialAction\":[{\"@type\":\"ReadAction\",\"target\":[\"https:\\\/\\\/linmot.com\\\/fr\\\/solutions-industrielles\\\/automatisation-des-laboratoires\\\/\"]}]},{\"@type\":\"ImageObject\",\"inLanguage\":\"fr-FR\",\"@id\":\"https:\\\/\\\/linmot.com\\\/fr\\\/solutions-industrielles\\\/automatisation-des-laboratoires\\\/#primaryimage\",\"url\":\"https:\\\/\\\/linmot.com\\\/fr\\\/wp-content\\\/uploads\\\/sites\\\/3\\\/2017\\\/11\\\/LinMot-Solutions-Laboratory-Automation-Industry-1.jpg\",\"contentUrl\":\"https:\\\/\\\/linmot.com\\\/fr\\\/wp-content\\\/uploads\\\/sites\\\/3\\\/2017\\\/11\\\/LinMot-Solutions-Laboratory-Automation-Industry-1.jpg\",\"width\":940,\"height\":300,\"caption\":\"\"},{\"@type\":\"BreadcrumbList\",\"@id\":\"https:\\\/\\\/linmot.com\\\/fr\\\/solutions-industrielles\\\/automatisation-des-laboratoires\\\/#breadcrumb\",\"itemListElement\":[{\"@type\":\"ListItem\",\"position\":1,\"name\":\"Home\",\"item\":\"https:\\\/\\\/linmot.com\\\/fr\\\/\"},{\"@type\":\"ListItem\",\"position\":2,\"name\":\"Solutions industrielles\",\"item\":\"https:\\\/\\\/linmot.com\\\/fr\\\/solutions-industrielles\\\/\"},{\"@type\":\"ListItem\",\"position\":3,\"name\":\"Automatisation des laboratoires\"}]},{\"@type\":\"WebSite\",\"@id\":\"https:\\\/\\\/linmot.com\\\/fr\\\/#website\",\"url\":\"https:\\\/\\\/linmot.com\\\/fr\\\/\",\"name\":\"LinMot &amp; MagSpring - Fran\u00e7ais\",\"description\":\"Moteurs lin\u00e9aires et des syst\u00e8mes de moteurs lin\u00e9aires de haute qualit\u00e9\",\"publisher\":{\"@id\":\"https:\\\/\\\/linmot.com\\\/fr\\\/#organization\"},\"potentialAction\":[{\"@type\":\"SearchAction\",\"target\":{\"@type\":\"EntryPoint\",\"urlTemplate\":\"https:\\\/\\\/linmot.com\\\/fr\\\/?s={search_term_string}\"},\"query-input\":{\"@type\":\"PropertyValueSpecification\",\"valueRequired\":true,\"valueName\":\"search_term_string\"}}],\"inLanguage\":\"fr-FR\"},{\"@type\":\"Organization\",\"@id\":\"https:\\\/\\\/linmot.com\\\/fr\\\/#organization\",\"name\":\"NTI AG - LinMot & MagSpring\",\"url\":\"https:\\\/\\\/linmot.com\\\/fr\\\/\",\"logo\":{\"@type\":\"ImageObject\",\"inLanguage\":\"fr-FR\",\"@id\":\"https:\\\/\\\/linmot.com\\\/fr\\\/#\\\/schema\\\/logo\\\/image\\\/\",\"url\":\"https:\\\/\\\/linmot.com\\\/fr\\\/wp-content\\\/uploads\\\/sites\\\/3\\\/2022\\\/05\\\/linmot-social-share-logo.jpg\",\"contentUrl\":\"https:\\\/\\\/linmot.com\\\/fr\\\/wp-content\\\/uploads\\\/sites\\\/3\\\/2022\\\/05\\\/linmot-social-share-logo.jpg\",\"width\":800,\"height\":500,\"caption\":\"NTI AG - LinMot & MagSpring\"},\"image\":{\"@id\":\"https:\\\/\\\/linmot.com\\\/fr\\\/#\\\/schema\\\/logo\\\/image\\\/\"},\"sameAs\":[\"https:\\\/\\\/www.linkedin.com\\\/company\\\/nti-ag-linmot-magspring\",\"https:\\\/\\\/www.youtube.com\\\/user\\\/LinMotEurope\"]}]}<\/script>\n<!-- \/ Yoast SEO Premium plugin. -->","yoast_head_json":{"title":"Automatisation de laboratoire - Postes de travail automatis\u00e9s","description":"L'automatisation des laboratoires exige une flexibilit\u00e9, une fiabilit\u00e9 et une s\u00e9curit\u00e9 de production \u00e9lev\u00e9es. Aucun probl\u00e8me pour les composants des moteurs LinMot.","robots":{"index":"index","follow":"follow","max-snippet":"max-snippet:-1","max-image-preview":"max-image-preview:large","max-video-preview":"max-video-preview:-1"},"canonical":"https:\/\/linmot.com\/fr\/solutions-industrielles\/automatisation-des-laboratoires\/","og_locale":"fr_FR","og_type":"article","og_title":"Automatisation de laboratoire - Postes de travail automatis\u00e9s","og_description":"L'automatisation des laboratoires exige une flexibilit\u00e9, une fiabilit\u00e9 et une s\u00e9curit\u00e9 de production \u00e9lev\u00e9es. Aucun probl\u00e8me pour les composants des moteurs LinMot.","og_url":"https:\/\/linmot.com\/fr\/solutions-industrielles\/automatisation-des-laboratoires\/","og_site_name":"LinMot &amp; MagSpring - Fran\u00e7ais","article_modified_time":"2023-05-10T13:18:28+00:00","og_image":[{"width":940,"height":300,"url":"https:\/\/linmot.com\/fr\/wp-content\/uploads\/sites\/3\/2017\/11\/LinMot-Solutions-Laboratory-Automation-Industry-1.jpg","type":"image\/jpeg"}],"twitter_card":"summary_large_image","twitter_title":"Automatisation de laboratoire - Postes de travail automatis\u00e9s","twitter_description":"L'automatisation des laboratoires exige une flexibilit\u00e9, une fiabilit\u00e9 et une s\u00e9curit\u00e9 de production \u00e9lev\u00e9es. Aucun probl\u00e8me pour les composants des moteurs LinMot.","twitter_image":"https:\/\/linmot.com\/fr\/wp-content\/uploads\/sites\/3\/2017\/11\/LinMot-Solutions-Laboratory-Automation-Industry-1.jpg","twitter_misc":{"Dur\u00e9e de lecture estim\u00e9e":"2 minutes"},"schema":{"@context":"https:\/\/schema.org","@graph":[{"@type":"WebPage","@id":"https:\/\/linmot.com\/fr\/solutions-industrielles\/automatisation-des-laboratoires\/","url":"https:\/\/linmot.com\/fr\/solutions-industrielles\/automatisation-des-laboratoires\/","name":"Automatisation de laboratoire - Postes de travail automatis\u00e9s","isPartOf":{"@id":"https:\/\/linmot.com\/fr\/#website"},"primaryImageOfPage":{"@id":"https:\/\/linmot.com\/fr\/solutions-industrielles\/automatisation-des-laboratoires\/#primaryimage"},"image":{"@id":"https:\/\/linmot.com\/fr\/solutions-industrielles\/automatisation-des-laboratoires\/#primaryimage"},"thumbnailUrl":"https:\/\/linmot.com\/fr\/wp-content\/uploads\/sites\/3\/2017\/11\/LinMot-Solutions-Laboratory-Automation-Industry-1.jpg","datePublished":"2017-11-07T14:22:42+00:00","dateModified":"2023-05-10T13:18:28+00:00","description":"L'automatisation des laboratoires exige une flexibilit\u00e9, une fiabilit\u00e9 et une s\u00e9curit\u00e9 de production \u00e9lev\u00e9es. Aucun probl\u00e8me pour les composants des moteurs LinMot.","breadcrumb":{"@id":"https:\/\/linmot.com\/fr\/solutions-industrielles\/automatisation-des-laboratoires\/#breadcrumb"},"inLanguage":"fr-FR","potentialAction":[{"@type":"ReadAction","target":["https:\/\/linmot.com\/fr\/solutions-industrielles\/automatisation-des-laboratoires\/"]}]},{"@type":"ImageObject","inLanguage":"fr-FR","@id":"https:\/\/linmot.com\/fr\/solutions-industrielles\/automatisation-des-laboratoires\/#primaryimage","url":"https:\/\/linmot.com\/fr\/wp-content\/uploads\/sites\/3\/2017\/11\/LinMot-Solutions-Laboratory-Automation-Industry-1.jpg","contentUrl":"https:\/\/linmot.com\/fr\/wp-content\/uploads\/sites\/3\/2017\/11\/LinMot-Solutions-Laboratory-Automation-Industry-1.jpg","width":940,"height":300,"caption":""},{"@type":"BreadcrumbList","@id":"https:\/\/linmot.com\/fr\/solutions-industrielles\/automatisation-des-laboratoires\/#breadcrumb","itemListElement":[{"@type":"ListItem","position":1,"name":"Home","item":"https:\/\/linmot.com\/fr\/"},{"@type":"ListItem","position":2,"name":"Solutions industrielles","item":"https:\/\/linmot.com\/fr\/solutions-industrielles\/"},{"@type":"ListItem","position":3,"name":"Automatisation des laboratoires"}]},{"@type":"WebSite","@id":"https:\/\/linmot.com\/fr\/#website","url":"https:\/\/linmot.com\/fr\/","name":"LinMot &amp; MagSpring - Fran\u00e7ais","description":"Moteurs lin\u00e9aires et des syst\u00e8mes de moteurs lin\u00e9aires de haute qualit\u00e9","publisher":{"@id":"https:\/\/linmot.com\/fr\/#organization"},"potentialAction":[{"@type":"SearchAction","target":{"@type":"EntryPoint","urlTemplate":"https:\/\/linmot.com\/fr\/?s={search_term_string}"},"query-input":{"@type":"PropertyValueSpecification","valueRequired":true,"valueName":"search_term_string"}}],"inLanguage":"fr-FR"},{"@type":"Organization","@id":"https:\/\/linmot.com\/fr\/#organization","name":"NTI AG - LinMot & MagSpring","url":"https:\/\/linmot.com\/fr\/","logo":{"@type":"ImageObject","inLanguage":"fr-FR","@id":"https:\/\/linmot.com\/fr\/#\/schema\/logo\/image\/","url":"https:\/\/linmot.com\/fr\/wp-content\/uploads\/sites\/3\/2022\/05\/linmot-social-share-logo.jpg","contentUrl":"https:\/\/linmot.com\/fr\/wp-content\/uploads\/sites\/3\/2022\/05\/linmot-social-share-logo.jpg","width":800,"height":500,"caption":"NTI AG - LinMot & MagSpring"},"image":{"@id":"https:\/\/linmot.com\/fr\/#\/schema\/logo\/image\/"},"sameAs":["https:\/\/www.linkedin.com\/company\/nti-ag-linmot-magspring","https:\/\/www.youtube.com\/user\/LinMotEurope"]}]}},"_links":{"self":[{"href":"https:\/\/linmot.com\/fr\/wp-json\/wp\/v2\/pages\/211","targetHints":{"allow":["GET"]}}],"collection":[{"href":"https:\/\/linmot.com\/fr\/wp-json\/wp\/v2\/pages"}],"about":[{"href":"https:\/\/linmot.com\/fr\/wp-json\/wp\/v2\/types\/page"}],"author":[{"embeddable":true,"href":"https:\/\/linmot.com\/fr\/wp-json\/wp\/v2\/users\/1"}],"replies":[{"embeddable":true,"href":"https:\/\/linmot.com\/fr\/wp-json\/wp\/v2\/comments?post=211"}],"version-history":[{"count":5,"href":"https:\/\/linmot.com\/fr\/wp-json\/wp\/v2\/pages\/211\/revisions"}],"predecessor-version":[{"id":2546,"href":"https:\/\/linmot.com\/fr\/wp-json\/wp\/v2\/pages\/211\/revisions\/2546"}],"up":[{"embeddable":true,"href":"https:\/\/linmot.com\/fr\/wp-json\/wp\/v2\/pages\/8"}],"wp:attachment":[{"href":"https:\/\/linmot.com\/fr\/wp-json\/wp\/v2\/media?parent=211"}],"curies":[{"name":"wp","href":"https:\/\/api.w.org\/{rel}","templated":true}]}}