{"id":208,"date":"2017-11-07T15:20:23","date_gmt":"2017-11-07T14:20:23","guid":{"rendered":"https:\/\/linmot.com\/?page_id=208"},"modified":"2023-05-10T16:39:16","modified_gmt":"2023-05-10T14:39:16","slug":"semi-conducteurs-et-electronique","status":"publish","type":"page","link":"https:\/\/linmot.com\/fr\/solutions-industrielles\/semi-conducteurs-et-electronique\/","title":{"rendered":"Semi-conducteurs et \u00e9lectronique"},"content":{"rendered":"<p><strong>Dans l\u2019industrie des semi-conducteurs, la disponibilit\u00e9 des syst\u00e8mes et des machines est une exigence absolue.<\/strong><\/p>\n<img loading=\"lazy\" decoding=\"async\" class=\"aligncenter size-full wp-image-209\" src=\"https:\/\/linmot.com\/fr\/wp-content\/uploads\/sites\/3\/2017\/11\/LinMot-Solutions-Semiconductors-Electronics-Industry-1.jpg\" alt=\"\" width=\"940\" height=\"300\" srcset=\"https:\/\/linmot.com\/fr\/wp-content\/uploads\/sites\/3\/2017\/11\/LinMot-Solutions-Semiconductors-Electronics-Industry-1.jpg 940w, https:\/\/linmot.com\/fr\/wp-content\/uploads\/sites\/3\/2017\/11\/LinMot-Solutions-Semiconductors-Electronics-Industry-1-300x96.jpg 300w, https:\/\/linmot.com\/fr\/wp-content\/uploads\/sites\/3\/2017\/11\/LinMot-Solutions-Semiconductors-Electronics-Industry-1-768x245.jpg 768w\" sizes=\"auto, (max-width: 940px) 100vw, 940px\" \/>\n<p>La production \u00e9lectronique moderne doit \u00eatre capable de faire face aux changements fr\u00e9quents des produits. Avec ses solutions innovantes de contr\u00f4le commande et ses composants d\u2019entra\u00eenement et de pilotage intelligents, LinMot r\u00e9pond efficacement \u00e0 une grande majorit\u00e9 d\u2019applications de production, et de manipulation des cartes \u00e9lectroniques et semi-conducteurs.<\/p>\n<p><strong>Les moteurs LinMot<\/strong> sont d\u00e9j\u00e0 utilis\u00e9s dans diff\u00e9rents secteurs de l\u2019industrie \u00e9lectronique:<\/p>\n<div class=\"row\">\n<div class=\"col-sm-4\">\n<ul>\n<li>Machines Front-end<\/li>\n<li>Machines Back-end<\/li>\n<li>Manipulation des plaquettes de silicium<\/li>\n<li>Manipulation des semi-conducteurs<\/li>\n<li>Machines de contr\u00f4le des semi-conducteurs<\/li>\n<\/ul>\n<\/div>\n<div class=\"col-sm-4\">\n<ul>\n<li>Machines d\u2019emballage des semi-conducteurs<\/li>\n<li>S\u00e9rigraphie<\/li>\n<li>Commande de raclettes d\u2019impression<\/li>\n<li>Machines d\u2019implantation des composants<\/li>\n<li>Testeurs \u00e0 sonde mobile<\/li>\n<\/ul>\n<\/div>\n<div class=\"col-sm-4\">\n<ul>\n<li>Machines de s\u00e9paration de cartes PCB<\/li>\n<li>Syst\u00e8mes de fabrication et de packaging des CD\/DVD<\/li>\n<li>etc.<\/li>\n<\/ul>\n<\/div>\n<\/div>\n<p>La technologie d&rsquo;entra\u00eenement LinMot am\u00e8ne chaque application client \u00e0 un nouveau niveau et contribue \u00e0 r\u00e9duire les co\u00fbts globaux.<\/p>\n<p>Dans la production de semi-conducteurs, une propret\u00e9 extr\u00eame est n\u00e9cessaire. Pour cela, LinMot a d\u00e9velopp\u00e9 des modules sp\u00e9ciaux homologu\u00e9s pour les salles blanches jusqu&rsquo;\u00e0 ISO4.<\/p>\n<p>Les modules LinMot permettent de respecter les normes de pr\u00e9cision les plus \u00e9lev\u00e9es. Chaque module peut garantir une pr\u00e9cision de 0,05 mm et, gr\u00e2ce \u00e0 des capteurs externes, une pr\u00e9cision de 10 m\u00b2.<\/p>\n","protected":false},"excerpt":{"rendered":"<p>Dans l\u2019industrie des semi-conducteurs, la disponibilit\u00e9 des syst\u00e8mes et des machines est une exigence absolue. La production \u00e9lectronique moderne doit \u00eatre capable de faire face aux changements fr\u00e9quents des produits. Avec ses solutions innovantes de contr\u00f4le commande et ses composants d\u2019entra\u00eenement et de pilotage intelligents, LinMot r\u00e9pond efficacement \u00e0 une grande majorit\u00e9 d\u2019applications de production, [&hellip;]<\/p>\n","protected":false},"author":1,"featured_media":0,"parent":8,"menu_order":121,"comment_status":"closed","ping_status":"closed","template":"","meta":{"_acf_changed":false,"footnotes":""},"class_list":["post-208","page","type-page","status-publish","hentry"],"acf":[],"yoast_head":"<!-- This site is optimized with the Yoast SEO Premium plugin v20.9 (Yoast SEO v27.2) - https:\/\/yoast.com\/product\/yoast-seo-premium-wordpress\/ -->\n<title>Semi-conducteurs et \u00e9lectronique | LinMot<\/title>\n<meta name=\"description\" content=\"Les moteurs lin\u00e9aires tubulaires sont utilis\u00e9s en d\u00e9but et fin de ligne, les machines de test des semi-conducteurs, la s\u00e9rigraphie et les machines de prise et de d\u00e9pose.\" \/>\n<meta name=\"robots\" content=\"index, follow, max-snippet:-1, max-image-preview:large, max-video-preview:-1\" \/>\n<link rel=\"canonical\" href=\"https:\/\/linmot.com\/fr\/solutions-industrielles\/semi-conducteurs-et-electronique\/\" \/>\n<meta property=\"og:locale\" content=\"fr_FR\" \/>\n<meta property=\"og:type\" content=\"article\" \/>\n<meta property=\"og:title\" content=\"Semi-conducteurs et \u00e9lectronique | LinMot\" \/>\n<meta property=\"og:description\" content=\"Les moteurs lin\u00e9aires tubulaires sont utilis\u00e9s en d\u00e9but et fin de ligne, les machines de test des semi-conducteurs, la s\u00e9rigraphie et les machines de prise et de d\u00e9pose.\" \/>\n<meta property=\"og:url\" content=\"https:\/\/linmot.com\/fr\/solutions-industrielles\/semi-conducteurs-et-electronique\/\" \/>\n<meta property=\"og:site_name\" content=\"LinMot &amp; MagSpring - Fran\u00e7ais\" \/>\n<meta property=\"article:modified_time\" content=\"2023-05-10T14:39:16+00:00\" \/>\n<meta property=\"og:image\" content=\"https:\/\/linmot.com\/fr\/wp-content\/uploads\/sites\/3\/2017\/11\/LinMot-Solutions-Semiconductors-Electronics-Industry-1.jpg\" \/>\n<meta name=\"twitter:card\" content=\"summary_large_image\" \/>\n<meta name=\"twitter:title\" content=\"Semi-conducteurs et \u00e9lectronique | LinMot\" \/>\n<meta name=\"twitter:description\" content=\"Les moteurs lin\u00e9aires tubulaires sont utilis\u00e9s en d\u00e9but et fin de ligne, les machines de test des semi-conducteurs, la s\u00e9rigraphie et les machines de prise et de d\u00e9pose.\" \/>\n<meta name=\"twitter:label1\" content=\"Dur\u00e9e de lecture estim\u00e9e\" \/>\n\t<meta name=\"twitter:data1\" content=\"2 minutes\" \/>\n<script type=\"application\/ld+json\" class=\"yoast-schema-graph\">{\"@context\":\"https:\/\/schema.org\",\"@graph\":[{\"@type\":\"WebPage\",\"@id\":\"https:\/\/linmot.com\/fr\/solutions-industrielles\/semi-conducteurs-et-electronique\/\",\"url\":\"https:\/\/linmot.com\/fr\/solutions-industrielles\/semi-conducteurs-et-electronique\/\",\"name\":\"Semi-conducteurs et \u00e9lectronique | LinMot\",\"isPartOf\":{\"@id\":\"https:\/\/linmot.com\/fr\/#website\"},\"primaryImageOfPage\":{\"@id\":\"https:\/\/linmot.com\/fr\/solutions-industrielles\/semi-conducteurs-et-electronique\/#primaryimage\"},\"image\":{\"@id\":\"https:\/\/linmot.com\/fr\/solutions-industrielles\/semi-conducteurs-et-electronique\/#primaryimage\"},\"thumbnailUrl\":\"https:\/\/linmot.com\/fr\/wp-content\/uploads\/sites\/3\/2017\/11\/LinMot-Solutions-Semiconductors-Electronics-Industry-1.jpg\",\"datePublished\":\"2017-11-07T14:20:23+00:00\",\"dateModified\":\"2023-05-10T14:39:16+00:00\",\"description\":\"Les moteurs lin\u00e9aires tubulaires sont utilis\u00e9s en d\u00e9but et fin de ligne, les machines de test des semi-conducteurs, la s\u00e9rigraphie et les machines de prise et de d\u00e9pose.\",\"breadcrumb\":{\"@id\":\"https:\/\/linmot.com\/fr\/solutions-industrielles\/semi-conducteurs-et-electronique\/#breadcrumb\"},\"inLanguage\":\"fr-FR\",\"potentialAction\":[{\"@type\":\"ReadAction\",\"target\":[\"https:\/\/linmot.com\/fr\/solutions-industrielles\/semi-conducteurs-et-electronique\/\"]}]},{\"@type\":\"ImageObject\",\"inLanguage\":\"fr-FR\",\"@id\":\"https:\/\/linmot.com\/fr\/solutions-industrielles\/semi-conducteurs-et-electronique\/#primaryimage\",\"url\":\"https:\/\/linmot.com\/fr\/wp-content\/uploads\/sites\/3\/2017\/11\/LinMot-Solutions-Semiconductors-Electronics-Industry-1.jpg\",\"contentUrl\":\"https:\/\/linmot.com\/fr\/wp-content\/uploads\/sites\/3\/2017\/11\/LinMot-Solutions-Semiconductors-Electronics-Industry-1.jpg\",\"width\":940,\"height\":300,\"caption\":\"\"},{\"@type\":\"BreadcrumbList\",\"@id\":\"https:\/\/linmot.com\/fr\/solutions-industrielles\/semi-conducteurs-et-electronique\/#breadcrumb\",\"itemListElement\":[{\"@type\":\"ListItem\",\"position\":1,\"name\":\"Home\",\"item\":\"https:\/\/linmot.com\/fr\/\"},{\"@type\":\"ListItem\",\"position\":2,\"name\":\"Solutions industrielles\",\"item\":\"https:\/\/linmot.com\/fr\/solutions-industrielles\/\"},{\"@type\":\"ListItem\",\"position\":3,\"name\":\"Semi-conducteurs et \u00e9lectronique\"}]},{\"@type\":\"WebSite\",\"@id\":\"https:\/\/linmot.com\/fr\/#website\",\"url\":\"https:\/\/linmot.com\/fr\/\",\"name\":\"LinMot &amp; MagSpring - Fran\u00e7ais\",\"description\":\"Moteurs lin\u00e9aires et des syst\u00e8mes de moteurs lin\u00e9aires de haute qualit\u00e9\",\"publisher\":{\"@id\":\"https:\/\/linmot.com\/fr\/#organization\"},\"potentialAction\":[{\"@type\":\"SearchAction\",\"target\":{\"@type\":\"EntryPoint\",\"urlTemplate\":\"https:\/\/linmot.com\/fr\/?s={search_term_string}\"},\"query-input\":{\"@type\":\"PropertyValueSpecification\",\"valueRequired\":true,\"valueName\":\"search_term_string\"}}],\"inLanguage\":\"fr-FR\"},{\"@type\":\"Organization\",\"@id\":\"https:\/\/linmot.com\/fr\/#organization\",\"name\":\"NTI AG - LinMot & MagSpring\",\"url\":\"https:\/\/linmot.com\/fr\/\",\"logo\":{\"@type\":\"ImageObject\",\"inLanguage\":\"fr-FR\",\"@id\":\"https:\/\/linmot.com\/fr\/#\/schema\/logo\/image\/\",\"url\":\"https:\/\/linmot.com\/fr\/wp-content\/uploads\/sites\/3\/2022\/05\/linmot-social-share-logo.jpg\",\"contentUrl\":\"https:\/\/linmot.com\/fr\/wp-content\/uploads\/sites\/3\/2022\/05\/linmot-social-share-logo.jpg\",\"width\":800,\"height\":500,\"caption\":\"NTI AG - LinMot & MagSpring\"},\"image\":{\"@id\":\"https:\/\/linmot.com\/fr\/#\/schema\/logo\/image\/\"},\"sameAs\":[\"https:\/\/www.linkedin.com\/company\/nti-ag-linmot-magspring\",\"https:\/\/www.youtube.com\/user\/LinMotEurope\"]}]}<\/script>\n<!-- \/ Yoast SEO Premium plugin. -->","yoast_head_json":{"title":"Semi-conducteurs et \u00e9lectronique | LinMot","description":"Les moteurs lin\u00e9aires tubulaires sont utilis\u00e9s en d\u00e9but et fin de ligne, les machines de test des semi-conducteurs, la s\u00e9rigraphie et les machines de prise et de d\u00e9pose.","robots":{"index":"index","follow":"follow","max-snippet":"max-snippet:-1","max-image-preview":"max-image-preview:large","max-video-preview":"max-video-preview:-1"},"canonical":"https:\/\/linmot.com\/fr\/solutions-industrielles\/semi-conducteurs-et-electronique\/","og_locale":"fr_FR","og_type":"article","og_title":"Semi-conducteurs et \u00e9lectronique | LinMot","og_description":"Les moteurs lin\u00e9aires tubulaires sont utilis\u00e9s en d\u00e9but et fin de ligne, les machines de test des semi-conducteurs, la s\u00e9rigraphie et les machines de prise et de d\u00e9pose.","og_url":"https:\/\/linmot.com\/fr\/solutions-industrielles\/semi-conducteurs-et-electronique\/","og_site_name":"LinMot &amp; MagSpring - Fran\u00e7ais","article_modified_time":"2023-05-10T14:39:16+00:00","og_image":[{"url":"https:\/\/linmot.com\/fr\/wp-content\/uploads\/sites\/3\/2017\/11\/LinMot-Solutions-Semiconductors-Electronics-Industry-1.jpg","type":"","width":"","height":""}],"twitter_card":"summary_large_image","twitter_title":"Semi-conducteurs et \u00e9lectronique | LinMot","twitter_description":"Les moteurs lin\u00e9aires tubulaires sont utilis\u00e9s en d\u00e9but et fin de ligne, les machines de test des semi-conducteurs, la s\u00e9rigraphie et les machines de prise et de d\u00e9pose.","twitter_misc":{"Dur\u00e9e de lecture estim\u00e9e":"2 minutes"},"schema":{"@context":"https:\/\/schema.org","@graph":[{"@type":"WebPage","@id":"https:\/\/linmot.com\/fr\/solutions-industrielles\/semi-conducteurs-et-electronique\/","url":"https:\/\/linmot.com\/fr\/solutions-industrielles\/semi-conducteurs-et-electronique\/","name":"Semi-conducteurs et \u00e9lectronique | LinMot","isPartOf":{"@id":"https:\/\/linmot.com\/fr\/#website"},"primaryImageOfPage":{"@id":"https:\/\/linmot.com\/fr\/solutions-industrielles\/semi-conducteurs-et-electronique\/#primaryimage"},"image":{"@id":"https:\/\/linmot.com\/fr\/solutions-industrielles\/semi-conducteurs-et-electronique\/#primaryimage"},"thumbnailUrl":"https:\/\/linmot.com\/fr\/wp-content\/uploads\/sites\/3\/2017\/11\/LinMot-Solutions-Semiconductors-Electronics-Industry-1.jpg","datePublished":"2017-11-07T14:20:23+00:00","dateModified":"2023-05-10T14:39:16+00:00","description":"Les moteurs lin\u00e9aires tubulaires sont utilis\u00e9s en d\u00e9but et fin de ligne, les machines de test des semi-conducteurs, la s\u00e9rigraphie et les machines de prise et de d\u00e9pose.","breadcrumb":{"@id":"https:\/\/linmot.com\/fr\/solutions-industrielles\/semi-conducteurs-et-electronique\/#breadcrumb"},"inLanguage":"fr-FR","potentialAction":[{"@type":"ReadAction","target":["https:\/\/linmot.com\/fr\/solutions-industrielles\/semi-conducteurs-et-electronique\/"]}]},{"@type":"ImageObject","inLanguage":"fr-FR","@id":"https:\/\/linmot.com\/fr\/solutions-industrielles\/semi-conducteurs-et-electronique\/#primaryimage","url":"https:\/\/linmot.com\/fr\/wp-content\/uploads\/sites\/3\/2017\/11\/LinMot-Solutions-Semiconductors-Electronics-Industry-1.jpg","contentUrl":"https:\/\/linmot.com\/fr\/wp-content\/uploads\/sites\/3\/2017\/11\/LinMot-Solutions-Semiconductors-Electronics-Industry-1.jpg","width":940,"height":300,"caption":""},{"@type":"BreadcrumbList","@id":"https:\/\/linmot.com\/fr\/solutions-industrielles\/semi-conducteurs-et-electronique\/#breadcrumb","itemListElement":[{"@type":"ListItem","position":1,"name":"Home","item":"https:\/\/linmot.com\/fr\/"},{"@type":"ListItem","position":2,"name":"Solutions industrielles","item":"https:\/\/linmot.com\/fr\/solutions-industrielles\/"},{"@type":"ListItem","position":3,"name":"Semi-conducteurs et \u00e9lectronique"}]},{"@type":"WebSite","@id":"https:\/\/linmot.com\/fr\/#website","url":"https:\/\/linmot.com\/fr\/","name":"LinMot &amp; MagSpring - Fran\u00e7ais","description":"Moteurs lin\u00e9aires et des syst\u00e8mes de moteurs lin\u00e9aires de haute qualit\u00e9","publisher":{"@id":"https:\/\/linmot.com\/fr\/#organization"},"potentialAction":[{"@type":"SearchAction","target":{"@type":"EntryPoint","urlTemplate":"https:\/\/linmot.com\/fr\/?s={search_term_string}"},"query-input":{"@type":"PropertyValueSpecification","valueRequired":true,"valueName":"search_term_string"}}],"inLanguage":"fr-FR"},{"@type":"Organization","@id":"https:\/\/linmot.com\/fr\/#organization","name":"NTI AG - LinMot & MagSpring","url":"https:\/\/linmot.com\/fr\/","logo":{"@type":"ImageObject","inLanguage":"fr-FR","@id":"https:\/\/linmot.com\/fr\/#\/schema\/logo\/image\/","url":"https:\/\/linmot.com\/fr\/wp-content\/uploads\/sites\/3\/2022\/05\/linmot-social-share-logo.jpg","contentUrl":"https:\/\/linmot.com\/fr\/wp-content\/uploads\/sites\/3\/2022\/05\/linmot-social-share-logo.jpg","width":800,"height":500,"caption":"NTI AG - LinMot & MagSpring"},"image":{"@id":"https:\/\/linmot.com\/fr\/#\/schema\/logo\/image\/"},"sameAs":["https:\/\/www.linkedin.com\/company\/nti-ag-linmot-magspring","https:\/\/www.youtube.com\/user\/LinMotEurope"]}]}},"_links":{"self":[{"href":"https:\/\/linmot.com\/fr\/wp-json\/wp\/v2\/pages\/208","targetHints":{"allow":["GET"]}}],"collection":[{"href":"https:\/\/linmot.com\/fr\/wp-json\/wp\/v2\/pages"}],"about":[{"href":"https:\/\/linmot.com\/fr\/wp-json\/wp\/v2\/types\/page"}],"author":[{"embeddable":true,"href":"https:\/\/linmot.com\/fr\/wp-json\/wp\/v2\/users\/1"}],"replies":[{"embeddable":true,"href":"https:\/\/linmot.com\/fr\/wp-json\/wp\/v2\/comments?post=208"}],"version-history":[{"count":8,"href":"https:\/\/linmot.com\/fr\/wp-json\/wp\/v2\/pages\/208\/revisions"}],"predecessor-version":[{"id":2555,"href":"https:\/\/linmot.com\/fr\/wp-json\/wp\/v2\/pages\/208\/revisions\/2555"}],"up":[{"embeddable":true,"href":"https:\/\/linmot.com\/fr\/wp-json\/wp\/v2\/pages\/8"}],"wp:attachment":[{"href":"https:\/\/linmot.com\/fr\/wp-json\/wp\/v2\/media?parent=208"}],"curies":[{"name":"wp","href":"https:\/\/api.w.org\/{rel}","templated":true}]}}