{"id":2056,"date":"2022-01-06T11:48:33","date_gmt":"2022-01-06T10:48:33","guid":{"rendered":"https:\/\/linmot.com\/fr\/?page_id=2056"},"modified":"2024-08-28T16:27:23","modified_gmt":"2024-08-28T14:27:23","slug":"controle-des-process","status":"publish","type":"page","link":"https:\/\/linmot.com\/fr\/produits\/servo-drives\/controle-des-process\/","title":{"rendered":"Contr\u00f4le des process"},"content":{"rendered":"<p><strong>Avec la nouvelle application \u00ab\u00a0Contr\u00f4le des process\u00a0\u00bb, LinMot fait un pas de plus vers l&rsquo;industrie 4.0.<\/strong><\/p>\n<hr \/>\n<div class=\"row\">\n<div class=\"col-sm-2\">\n<p><a class=\"button\" href=\"#details\">1. Pr\u00e9cisions<\/a><\/p>\n<\/div>\n<div class=\"col-sm-1\">\n<\/div>\n<div class=\"col-sm-2\">\n<p><a class=\"button\" href=\"#applications\">2. Applications<\/a><\/p>\n<\/div>\n<div class=\"col-sm-1\">\n<\/div>\n<div class=\"col-sm-2\">\n<p><a class=\"button\" href=\"#contact\">3. Contact<\/a><\/p>\n<\/div>\n<\/div>\n<hr \/>\n<h3 id=\"details\">1. Pr\u00e9cisions<\/h3>\n<p align=\"justify\">Afin d&rsquo;am\u00e9liorer la qualit\u00e9, de proc\u00e9der \u00e0 des adaptations rapides du processus en raison d&rsquo;influences externes ou de garantir la tra\u00e7abilit\u00e9 de chaque produit, il est n\u00e9cessaire de conna\u00eetre au mieux le processus proprement dit. Les LinMot Drives se distinguent par leur temps de cycle tr\u00e8s rapide et peuvent ainsi enregistrer des points de mesure individuels avec la fr\u00e9quence d&rsquo;\u00e9chantillonnage la plus \u00e9lev\u00e9e possible. L&rsquo;utilisateur obtient ainsi une image d\u00e9taill\u00e9e du processus et peut d\u00e9cider sur la base de ces donn\u00e9es si le processus est r\u00e9ussi ou non.<\/p>\n<blockquote><p>\u00ab\u00a0Le syst\u00e8me de commande est non seulement en mesure d&rsquo;\u00e9valuer le processus une fois celui-ci termin\u00e9, mais aussi de l&rsquo;adapter \u00ab\u00a0\u00e0 la vol\u00e9e\u00a0\u00bb et de r\u00e9agir directement aux influences du processus\u00a0\u00bb<\/p><\/blockquote>\n<img loading=\"lazy\" decoding=\"async\" class=\"alignnone wp-image-2605 size-full\" src=\"https:\/\/linmot.com\/de\/wp-content\/uploads\/sites\/2\/2021\/11\/prozess-monitoring-visualisierung.jpg\" alt=\"Contr\u00f4le des process\" width=\"1024\" height=\"684\" \/>\n<p align=\"justify\">Gr\u00e2ce au monitoring de processus, l&rsquo;utilisateur peut surveiller son processus de mani\u00e8re simple. Les grandeurs de mesure d\u00e9terminantes pour le processus peuvent \u00eatre enregistr\u00e9es et \u00e9valu\u00e9es. Outre la surveillance du processus proprement dite, il est ainsi possible de garantir une qualit\u00e9 constante, de traiter les donn\u00e9es \u00e0 des fins d&rsquo;analyse ou m\u00eame de r\u00e9aliser une maintenance pr\u00e9dictive. Rien ne s&rsquo;oppose donc \u00e0 l&rsquo;analyse des donn\u00e9es selon l&rsquo;industrie 4.0, qui est de plus en plus demand\u00e9e, surtout dans la construction m\u00e9canique.<\/p>\n<blockquote><p>\u00ab\u00a0Gr\u00e2ce \u00e0 la surveillance continue des processus en temps r\u00e9el, chaque unit\u00e9 assembl\u00e9e peut \u00eatre trac\u00e9e\u00a0\u00bb<\/p><\/blockquote>\n<div class=\"row\">\n<div class=\"col-md-7\">\n<h4 class=\"download-title\">Les avantages du logiciel de surveillance des processus<\/h4>\n<ul>\n<li>Analyse des donn\u00e9es en temps r\u00e9el &#8211; Ind\u00e9pendant du temps de cycle du bus<\/li>\n<li>\u00c9valuation et adaptation rapides des processus<\/li>\n<li>Communication simple avec l&rsquo;API<\/li>\n<li>Optimisation de votre contr\u00f4le qualit\u00e9<\/li>\n<li>Analyse de donn\u00e9es de haut niveau<\/li>\n<\/ul>\n<\/div>\n<div class=\"col-md-5\">\n<img loading=\"lazy\" decoding=\"async\" class=\"alignnone wp-image-2595 size-full\" src=\"https:\/\/linmot.com\/de\/wp-content\/uploads\/sites\/2\/2021\/11\/image001.jpg\" alt=\"Les avantages du logiciel de surveillance des processus\" width=\"221\" height=\"209\" \/>\n<p><strong>Surveillance possible de variables au choix (illustration ci-dessus non exhaustive).<\/strong><br \/>\n<\/div>\n<\/div>\n<hr \/>\n<h3>Compatible avec le syst\u00e8me de contr\u00f4le de fournisseurs tiers<\/h3>\n<div class=\"row\">\n<div class=\"col-md-7\">\n<p><strong id=\"start\">Surveillance flexible des processus : les produits LinMot sont compatibles avec des syst\u00e8mes de surveillance de processus tiers. Cela permet d&rsquo;\u00e9valuer les processus hautement dynamiques au plus haut niveau.<\/strong><\/p>\n<ul>\n<li>Coop\u00e9ration entre LinMot et des fournisseurs tiers<\/li>\n<li>Entra\u00eenement C1250-SC contr\u00f4lable par un syst\u00e8me tiers<\/li>\n<li>\u00c9valuation des donn\u00e9es en temps r\u00e9el<\/li>\n<li>Contr\u00f4lez votre qualit\u00e9<\/li>\n<li>Surveillez votre process<\/li>\n<li>Observez votre application<\/li>\n<li>Ma\u00eetrisez votre process<\/li>\n<\/ul>\n<\/div>\n<div class=\"col-md-5\">\n<div style=\"width: 394px;\" class=\"wp-video\"><video class=\"wp-video-shortcode\" id=\"video-2056-1\" width=\"394\" height=\"220\" preload=\"metadata\" controls=\"controls\"><source type=\"video\/mp4\" src=\"https:\/\/linmot.com\/de\/wp-content\/uploads\/sites\/2\/2021\/11\/Kistler-Video-Process-Monitoring_1.mp4?_=1\" \/><a href=\"https:\/\/linmot.com\/de\/wp-content\/uploads\/sites\/2\/2021\/11\/Kistler-Video-Process-Monitoring_1.mp4\">https:\/\/linmot.com\/de\/wp-content\/uploads\/sites\/2\/2021\/11\/Kistler-Video-Process-Monitoring_1.mp4<\/a><\/video><\/div>\n<\/div>\n<\/div>\n<p>&nbsp;<\/p>\n<p align=\"justify\">Les syst\u00e8mes de surveillance de processus peuvent surveiller et \u00e9valuer la qualit\u00e9 d&rsquo;un produit ou d&rsquo;une \u00e9tape de fabrication \u00e0 l&rsquo;aide d&rsquo;une courbe XY. \u00c0 l&rsquo;aide d&rsquo;\u00e9l\u00e9ments d&rsquo;\u00e9valuation, l&rsquo;utilisateur adapte l&rsquo;\u00e9valuation de la courbe \u00e0 la t\u00e2che de surveillance individuelle. En fonction de ces donn\u00e9es, le syst\u00e8me d\u00e9cide si chaque pi\u00e8ce est bonne ou mauvaise.<\/p>\n<img loading=\"lazy\" decoding=\"async\" class=\"size-full wp-image-2667 aligncenter\" src=\"https:\/\/linmot.com\/de\/wp-content\/uploads\/sites\/2\/2022\/01\/process-monitoring-third-parties.jpg\" alt=\"\" width=\"605\" height=\"342\" \/>\n<p align=\"justify\">Les applications tr\u00e8s dynamiques telles que l&rsquo;insertion, les tests, le contr\u00f4le ou l&rsquo;assemblage, y compris dans une configuration compl\u00e8te avec un pick&rsquo;n&rsquo;place, peuvent \u00eatre facilement contr\u00f4l\u00e9es, surveill\u00e9es, \u00e9valu\u00e9es et enregistr\u00e9es avec les moteurs lin\u00e9aires LinMot et les variateurs associ\u00e9s de la s\u00e9rie C1250-SC. \u00c0 partir de la forme des courbes de mesure XY enregistr\u00e9es, la qualit\u00e9 de chaque \u00e9tape de production, d&rsquo;un assemblage ou du produit complet peut \u00eatre surveill\u00e9e et contr\u00f4l\u00e9e en temps r\u00e9el.<\/p>\n<h3 id=\"applications\">2. Exemples d\u2019applications<\/h3>\n<div class=\"row download\">\n<div class=\"col-md-3\">\n<h4 class=\"download-title\">L\u2019industrie des boissons 4.0<\/h4>\n<p class=\"bodytext\" align=\"justify\">Jusqu&rsquo;\u00e0 pr\u00e9sent, les constructeurs de machines \u00e9taient largement laiss\u00e9s \u00e0 eux-m\u00eames lorsqu&rsquo;il s&rsquo;agissait d&rsquo;assurer la s\u00e9curit\u00e9 fonctionnelle lors de l&rsquo;utilisation de moteurs lin\u00e9aires dynamiques. Aujourd&rsquo;hui, pour la premi\u00e8re fois, un ensemble complet est disponible, qui facilite grandement cette \u00e9tape pour les utilisateurs.<\/p>\n<p><a class=\"button\" href=\"\/fr\/blog\/lindustrie-des-boissons-4-0-entrainee-par-la-technologie-lineaire-de-linmot\/\">Vers l&rsquo;article<\/a><br \/>\n<\/div>\n<div class=\"col-md-3\">\n<img loading=\"lazy\" decoding=\"async\" class=\"alignnone wp-image-3295 size-full\" src=\"https:\/\/linmot.com\/de\/wp-content\/uploads\/sites\/2\/2023\/01\/vorschau-getraenkeindustrie-4_0.jpg\" alt=\"\" width=\"220\" height=\"220\" \/><br \/>\n<\/div>\n<\/div>\n<h3 id=\"contact\">3. Contact<\/h3>\n<div class=\"row download\">\n<div class=\"col-md-6\">\n<h4 class=\"download-title\">Des questions sur le contr\u00f4le des process?<\/h4>\n<p class=\"bodytext\">Nous serons heureux de r\u00e9pondre \u00e0 vos questions ou de vous donner des conseils. Contactez-nous au:<\/p>\n<p class=\"bodytext\">Tel : +49 (0)201 858940 0<\/p>\n<p class=\"bodytext\">Le team LinMot<\/p>\n<\/div>\n<div class=\"col-md-1\">\n<\/div>\n<div class=\"col-md-5\">\n\n<div class=\"wpcf7 no-js\" id=\"wpcf7-f1702-o1\" lang=\"fr-FR\" dir=\"ltr\" data-wpcf7-id=\"1702\">\n<div class=\"screen-reader-response\"><p role=\"status\" aria-live=\"polite\" aria-atomic=\"true\"><\/p> <ul><\/ul><\/div>\n<form action=\"\/fr\/wp-json\/wp\/v2\/pages\/2056#wpcf7-f1702-o1\" method=\"post\" class=\"wpcf7-form init\" aria-label=\"Formulaire de contact\" novalidate=\"novalidate\" data-status=\"init\">\n<fieldset class=\"hidden-fields-container\"><input type=\"hidden\" name=\"_wpcf7\" value=\"1702\" \/><input type=\"hidden\" name=\"_wpcf7_version\" value=\"6.1.5\" \/><input type=\"hidden\" name=\"_wpcf7_locale\" value=\"fr_FR\" \/><input type=\"hidden\" name=\"_wpcf7_unit_tag\" value=\"wpcf7-f1702-o1\" \/><input type=\"hidden\" name=\"_wpcf7_container_post\" value=\"0\" \/><input type=\"hidden\" name=\"_wpcf7_posted_data_hash\" value=\"\" \/><input type=\"hidden\" name=\"_wpcf7_recaptcha_response\" value=\"\" \/>\n<\/fieldset>\n<label> Votre nom<br>\n    <span class=\"wpcf7-form-control-wrap\" data-name=\"your-name\"><input size=\"40\" maxlength=\"400\" class=\"wpcf7-form-control wpcf7-text wpcf7-validates-as-required\" aria-required=\"true\" aria-invalid=\"false\" value=\"\" type=\"text\" name=\"your-name\" \/><\/span> <\/label>\n<br>\n<label> Votre entreprise<br>\n    <span class=\"wpcf7-form-control-wrap\" data-name=\"your-company\"><input size=\"40\" maxlength=\"400\" class=\"wpcf7-form-control wpcf7-text wpcf7-validates-as-required\" aria-required=\"true\" aria-invalid=\"false\" value=\"\" type=\"text\" name=\"your-company\" \/><\/span> <\/label>\n<br>\n<label> Code postal<br>\n    <span class=\"wpcf7-form-control-wrap\" data-name=\"your-plz\"><input class=\"wpcf7-form-control wpcf7-number wpcf7-validates-as-required wpcf7-validates-as-number\" aria-required=\"true\" aria-invalid=\"false\" value=\"\" type=\"number\" name=\"your-plz\" \/><\/span> <\/label>\n<br>\n<label> Pays<br>\n    <span class=\"wpcf7-form-control-wrap\" data-name=\"your-country\"><input size=\"40\" maxlength=\"400\" class=\"wpcf7-form-control wpcf7-text wpcf7-validates-as-required\" aria-required=\"true\" aria-invalid=\"false\" value=\"\" type=\"text\" name=\"your-country\" \/><\/span> <\/label>\n<br>\n<label> Votre num\u00e9ro de t\u00e9l\u00e9phone<br>\n    <span class=\"wpcf7-form-control-wrap\" data-name=\"your-number\"><input size=\"40\" maxlength=\"400\" class=\"wpcf7-form-control wpcf7-tel wpcf7-validates-as-required wpcf7-text wpcf7-validates-as-tel\" aria-required=\"true\" aria-invalid=\"false\" value=\"\" type=\"tel\" name=\"your-number\" \/><\/span> <\/label>\n<br>\n<label> Votre e-mail<br>\n    <span class=\"wpcf7-form-control-wrap\" data-name=\"your-email\"><input size=\"40\" maxlength=\"400\" class=\"wpcf7-form-control wpcf7-email wpcf7-validates-as-required wpcf7-text wpcf7-validates-as-email\" aria-required=\"true\" aria-invalid=\"false\" value=\"\" type=\"email\" name=\"your-email\" \/><\/span> <\/label>\n<br>\n<label> Votre message (facultatif)<br>\n    <span class=\"wpcf7-form-control-wrap\" data-name=\"your-message\"><textarea cols=\"40\" rows=\"10\" maxlength=\"2000\" class=\"wpcf7-form-control wpcf7-textarea\" aria-invalid=\"false\" name=\"your-message\"><\/textarea><\/span> <\/label>\n<br>\n<input class=\"wpcf7-form-control wpcf7-submit has-spinner\" type=\"submit\" value=\"Envoyer\" \/><div class=\"wpcf7-response-output\" aria-hidden=\"true\"><\/div>\n<\/form>\n<\/div>\n\n<\/div>\n<\/div>\n","protected":false},"excerpt":{"rendered":"<p>Avec la nouvelle application \u00ab\u00a0Contr\u00f4le des process\u00a0\u00bb, LinMot fait un pas de plus vers l&rsquo;industrie 4.0. 1. Pr\u00e9cisions Afin d&rsquo;am\u00e9liorer la qualit\u00e9, de proc\u00e9der \u00e0 des adaptations rapides du processus en raison d&rsquo;influences externes ou de garantir la tra\u00e7abilit\u00e9 de chaque produit, il est n\u00e9cessaire de conna\u00eetre au mieux le processus proprement dit. Les LinMot [&hellip;]<\/p>\n","protected":false},"author":9,"featured_media":0,"parent":46,"menu_order":53,"comment_status":"closed","ping_status":"closed","template":"","meta":{"_acf_changed":false,"footnotes":""},"class_list":["post-2056","page","type-page","status-publish","hentry"],"acf":[],"yoast_head":"<!-- This site is optimized with the Yoast SEO Premium plugin v20.9 (Yoast SEO v27.4) - https:\/\/yoast.com\/product\/yoast-seo-premium-wordpress\/ -->\n<title>Contr\u00f4le des process - LinMot &amp; MagSpring - Fran\u00e7ais<\/title>\n<meta name=\"description\" content=\"Avec &quot;Contr\u00f4le des process&quot;, LinMot fait un pas de plus vers l&#039;industrie 4.0. D\u00e9couvrez notre Process Monitoring.\" \/>\n<meta name=\"robots\" content=\"index, follow, max-snippet:-1, max-image-preview:large, max-video-preview:-1\" \/>\n<link rel=\"canonical\" href=\"https:\/\/linmot.com\/fr\/produits\/servo-drives\/controle-des-process\/\" \/>\n<meta property=\"og:locale\" content=\"fr_FR\" \/>\n<meta property=\"og:type\" content=\"article\" \/>\n<meta property=\"og:title\" content=\"Contr\u00f4le des process - LinMot &amp; MagSpring - Fran\u00e7ais\" \/>\n<meta property=\"og:description\" content=\"Avec &quot;Contr\u00f4le des process&quot;, LinMot fait un pas de plus vers l&#039;industrie 4.0. D\u00e9couvrez notre Process Monitoring.\" \/>\n<meta property=\"og:url\" content=\"https:\/\/linmot.com\/fr\/produits\/servo-drives\/controle-des-process\/\" \/>\n<meta property=\"og:site_name\" content=\"LinMot &amp; MagSpring - Fran\u00e7ais\" \/>\n<meta property=\"article:modified_time\" content=\"2024-08-28T14:27:23+00:00\" \/>\n<meta property=\"og:image\" content=\"https:\/\/linmot.com\/de\/wp-content\/uploads\/sites\/2\/2021\/11\/prozess-monitoring-visualisierung.jpg\" \/>\n<meta name=\"twitter:card\" content=\"summary_large_image\" \/>\n<meta name=\"twitter:title\" content=\"Contr\u00f4le des process - LinMot &amp; MagSpring - Fran\u00e7ais\" \/>\n<meta name=\"twitter:description\" content=\"Avec &quot;Contr\u00f4le des process&quot;, LinMot fait un pas de plus vers l&#039;industrie 4.0. D\u00e9couvrez notre Process Monitoring.\" \/>\n<meta name=\"twitter:label1\" content=\"Dur\u00e9e de lecture estim\u00e9e\" \/>\n\t<meta name=\"twitter:data1\" content=\"4 minutes\" \/>\n<script type=\"application\/ld+json\" class=\"yoast-schema-graph\">{\"@context\":\"https:\\\/\\\/schema.org\",\"@graph\":[{\"@type\":\"WebPage\",\"@id\":\"https:\\\/\\\/linmot.com\\\/fr\\\/produits\\\/servo-drives\\\/controle-des-process\\\/\",\"url\":\"https:\\\/\\\/linmot.com\\\/fr\\\/produits\\\/servo-drives\\\/controle-des-process\\\/\",\"name\":\"Contr\u00f4le des process - LinMot &amp; MagSpring - Fran\u00e7ais\",\"isPartOf\":{\"@id\":\"https:\\\/\\\/linmot.com\\\/fr\\\/#website\"},\"primaryImageOfPage\":{\"@id\":\"https:\\\/\\\/linmot.com\\\/fr\\\/produits\\\/servo-drives\\\/controle-des-process\\\/#primaryimage\"},\"image\":{\"@id\":\"https:\\\/\\\/linmot.com\\\/fr\\\/produits\\\/servo-drives\\\/controle-des-process\\\/#primaryimage\"},\"thumbnailUrl\":\"https:\\\/\\\/linmot.com\\\/de\\\/wp-content\\\/uploads\\\/sites\\\/2\\\/2021\\\/11\\\/prozess-monitoring-visualisierung.jpg\",\"datePublished\":\"2022-01-06T10:48:33+00:00\",\"dateModified\":\"2024-08-28T14:27:23+00:00\",\"description\":\"Avec \\\"Contr\u00f4le des process\\\", LinMot fait un pas de plus vers l'industrie 4.0. D\u00e9couvrez notre Process Monitoring.\",\"breadcrumb\":{\"@id\":\"https:\\\/\\\/linmot.com\\\/fr\\\/produits\\\/servo-drives\\\/controle-des-process\\\/#breadcrumb\"},\"inLanguage\":\"fr-FR\",\"potentialAction\":[{\"@type\":\"ReadAction\",\"target\":[\"https:\\\/\\\/linmot.com\\\/fr\\\/produits\\\/servo-drives\\\/controle-des-process\\\/\"]}]},{\"@type\":\"ImageObject\",\"inLanguage\":\"fr-FR\",\"@id\":\"https:\\\/\\\/linmot.com\\\/fr\\\/produits\\\/servo-drives\\\/controle-des-process\\\/#primaryimage\",\"url\":\"https:\\\/\\\/linmot.com\\\/de\\\/wp-content\\\/uploads\\\/sites\\\/2\\\/2021\\\/11\\\/prozess-monitoring-visualisierung.jpg\",\"contentUrl\":\"https:\\\/\\\/linmot.com\\\/de\\\/wp-content\\\/uploads\\\/sites\\\/2\\\/2021\\\/11\\\/prozess-monitoring-visualisierung.jpg\"},{\"@type\":\"BreadcrumbList\",\"@id\":\"https:\\\/\\\/linmot.com\\\/fr\\\/produits\\\/servo-drives\\\/controle-des-process\\\/#breadcrumb\",\"itemListElement\":[{\"@type\":\"ListItem\",\"position\":1,\"name\":\"Home\",\"item\":\"https:\\\/\\\/linmot.com\\\/fr\\\/\"},{\"@type\":\"ListItem\",\"position\":2,\"name\":\"Produits\",\"item\":\"https:\\\/\\\/linmot.com\\\/fr\\\/produits\\\/\"},{\"@type\":\"ListItem\",\"position\":3,\"name\":\"Servo Drives\",\"item\":\"https:\\\/\\\/linmot.com\\\/fr\\\/produits\\\/servo-drives\\\/\"},{\"@type\":\"ListItem\",\"position\":4,\"name\":\"Contr\u00f4le des process\"}]},{\"@type\":\"WebSite\",\"@id\":\"https:\\\/\\\/linmot.com\\\/fr\\\/#website\",\"url\":\"https:\\\/\\\/linmot.com\\\/fr\\\/\",\"name\":\"LinMot &amp; MagSpring - Fran\u00e7ais\",\"description\":\"Moteurs lin\u00e9aires et des syst\u00e8mes de moteurs lin\u00e9aires de haute qualit\u00e9\",\"publisher\":{\"@id\":\"https:\\\/\\\/linmot.com\\\/fr\\\/#organization\"},\"potentialAction\":[{\"@type\":\"SearchAction\",\"target\":{\"@type\":\"EntryPoint\",\"urlTemplate\":\"https:\\\/\\\/linmot.com\\\/fr\\\/?s={search_term_string}\"},\"query-input\":{\"@type\":\"PropertyValueSpecification\",\"valueRequired\":true,\"valueName\":\"search_term_string\"}}],\"inLanguage\":\"fr-FR\"},{\"@type\":\"Organization\",\"@id\":\"https:\\\/\\\/linmot.com\\\/fr\\\/#organization\",\"name\":\"NTI AG - LinMot & MagSpring\",\"url\":\"https:\\\/\\\/linmot.com\\\/fr\\\/\",\"logo\":{\"@type\":\"ImageObject\",\"inLanguage\":\"fr-FR\",\"@id\":\"https:\\\/\\\/linmot.com\\\/fr\\\/#\\\/schema\\\/logo\\\/image\\\/\",\"url\":\"https:\\\/\\\/linmot.com\\\/fr\\\/wp-content\\\/uploads\\\/sites\\\/3\\\/2022\\\/05\\\/linmot-social-share-logo.jpg\",\"contentUrl\":\"https:\\\/\\\/linmot.com\\\/fr\\\/wp-content\\\/uploads\\\/sites\\\/3\\\/2022\\\/05\\\/linmot-social-share-logo.jpg\",\"width\":800,\"height\":500,\"caption\":\"NTI AG - LinMot & MagSpring\"},\"image\":{\"@id\":\"https:\\\/\\\/linmot.com\\\/fr\\\/#\\\/schema\\\/logo\\\/image\\\/\"},\"sameAs\":[\"https:\\\/\\\/www.linkedin.com\\\/company\\\/nti-ag-linmot-magspring\",\"https:\\\/\\\/www.youtube.com\\\/user\\\/LinMotEurope\"]}]}<\/script>\n<!-- \/ Yoast SEO Premium plugin. -->","yoast_head_json":{"title":"Contr\u00f4le des process - LinMot &amp; MagSpring - Fran\u00e7ais","description":"Avec \"Contr\u00f4le des process\", LinMot fait un pas de plus vers l'industrie 4.0. D\u00e9couvrez notre Process Monitoring.","robots":{"index":"index","follow":"follow","max-snippet":"max-snippet:-1","max-image-preview":"max-image-preview:large","max-video-preview":"max-video-preview:-1"},"canonical":"https:\/\/linmot.com\/fr\/produits\/servo-drives\/controle-des-process\/","og_locale":"fr_FR","og_type":"article","og_title":"Contr\u00f4le des process - LinMot &amp; MagSpring - Fran\u00e7ais","og_description":"Avec \"Contr\u00f4le des process\", LinMot fait un pas de plus vers l'industrie 4.0. D\u00e9couvrez notre Process Monitoring.","og_url":"https:\/\/linmot.com\/fr\/produits\/servo-drives\/controle-des-process\/","og_site_name":"LinMot &amp; MagSpring - Fran\u00e7ais","article_modified_time":"2024-08-28T14:27:23+00:00","og_image":[{"url":"https:\/\/linmot.com\/de\/wp-content\/uploads\/sites\/2\/2021\/11\/prozess-monitoring-visualisierung.jpg","type":"","width":"","height":""}],"twitter_card":"summary_large_image","twitter_title":"Contr\u00f4le des process - LinMot &amp; MagSpring - Fran\u00e7ais","twitter_description":"Avec \"Contr\u00f4le des process\", LinMot fait un pas de plus vers l'industrie 4.0. D\u00e9couvrez notre Process Monitoring.","twitter_misc":{"Dur\u00e9e de lecture estim\u00e9e":"4 minutes"},"schema":{"@context":"https:\/\/schema.org","@graph":[{"@type":"WebPage","@id":"https:\/\/linmot.com\/fr\/produits\/servo-drives\/controle-des-process\/","url":"https:\/\/linmot.com\/fr\/produits\/servo-drives\/controle-des-process\/","name":"Contr\u00f4le des process - LinMot &amp; MagSpring - Fran\u00e7ais","isPartOf":{"@id":"https:\/\/linmot.com\/fr\/#website"},"primaryImageOfPage":{"@id":"https:\/\/linmot.com\/fr\/produits\/servo-drives\/controle-des-process\/#primaryimage"},"image":{"@id":"https:\/\/linmot.com\/fr\/produits\/servo-drives\/controle-des-process\/#primaryimage"},"thumbnailUrl":"https:\/\/linmot.com\/de\/wp-content\/uploads\/sites\/2\/2021\/11\/prozess-monitoring-visualisierung.jpg","datePublished":"2022-01-06T10:48:33+00:00","dateModified":"2024-08-28T14:27:23+00:00","description":"Avec \"Contr\u00f4le des process\", LinMot fait un pas de plus vers l'industrie 4.0. D\u00e9couvrez notre Process Monitoring.","breadcrumb":{"@id":"https:\/\/linmot.com\/fr\/produits\/servo-drives\/controle-des-process\/#breadcrumb"},"inLanguage":"fr-FR","potentialAction":[{"@type":"ReadAction","target":["https:\/\/linmot.com\/fr\/produits\/servo-drives\/controle-des-process\/"]}]},{"@type":"ImageObject","inLanguage":"fr-FR","@id":"https:\/\/linmot.com\/fr\/produits\/servo-drives\/controle-des-process\/#primaryimage","url":"https:\/\/linmot.com\/de\/wp-content\/uploads\/sites\/2\/2021\/11\/prozess-monitoring-visualisierung.jpg","contentUrl":"https:\/\/linmot.com\/de\/wp-content\/uploads\/sites\/2\/2021\/11\/prozess-monitoring-visualisierung.jpg"},{"@type":"BreadcrumbList","@id":"https:\/\/linmot.com\/fr\/produits\/servo-drives\/controle-des-process\/#breadcrumb","itemListElement":[{"@type":"ListItem","position":1,"name":"Home","item":"https:\/\/linmot.com\/fr\/"},{"@type":"ListItem","position":2,"name":"Produits","item":"https:\/\/linmot.com\/fr\/produits\/"},{"@type":"ListItem","position":3,"name":"Servo Drives","item":"https:\/\/linmot.com\/fr\/produits\/servo-drives\/"},{"@type":"ListItem","position":4,"name":"Contr\u00f4le des process"}]},{"@type":"WebSite","@id":"https:\/\/linmot.com\/fr\/#website","url":"https:\/\/linmot.com\/fr\/","name":"LinMot &amp; MagSpring - Fran\u00e7ais","description":"Moteurs lin\u00e9aires et des syst\u00e8mes de moteurs lin\u00e9aires de haute qualit\u00e9","publisher":{"@id":"https:\/\/linmot.com\/fr\/#organization"},"potentialAction":[{"@type":"SearchAction","target":{"@type":"EntryPoint","urlTemplate":"https:\/\/linmot.com\/fr\/?s={search_term_string}"},"query-input":{"@type":"PropertyValueSpecification","valueRequired":true,"valueName":"search_term_string"}}],"inLanguage":"fr-FR"},{"@type":"Organization","@id":"https:\/\/linmot.com\/fr\/#organization","name":"NTI AG - LinMot & MagSpring","url":"https:\/\/linmot.com\/fr\/","logo":{"@type":"ImageObject","inLanguage":"fr-FR","@id":"https:\/\/linmot.com\/fr\/#\/schema\/logo\/image\/","url":"https:\/\/linmot.com\/fr\/wp-content\/uploads\/sites\/3\/2022\/05\/linmot-social-share-logo.jpg","contentUrl":"https:\/\/linmot.com\/fr\/wp-content\/uploads\/sites\/3\/2022\/05\/linmot-social-share-logo.jpg","width":800,"height":500,"caption":"NTI AG - LinMot & MagSpring"},"image":{"@id":"https:\/\/linmot.com\/fr\/#\/schema\/logo\/image\/"},"sameAs":["https:\/\/www.linkedin.com\/company\/nti-ag-linmot-magspring","https:\/\/www.youtube.com\/user\/LinMotEurope"]}]}},"_links":{"self":[{"href":"https:\/\/linmot.com\/fr\/wp-json\/wp\/v2\/pages\/2056","targetHints":{"allow":["GET"]}}],"collection":[{"href":"https:\/\/linmot.com\/fr\/wp-json\/wp\/v2\/pages"}],"about":[{"href":"https:\/\/linmot.com\/fr\/wp-json\/wp\/v2\/types\/page"}],"author":[{"embeddable":true,"href":"https:\/\/linmot.com\/fr\/wp-json\/wp\/v2\/users\/9"}],"replies":[{"embeddable":true,"href":"https:\/\/linmot.com\/fr\/wp-json\/wp\/v2\/comments?post=2056"}],"version-history":[{"count":25,"href":"https:\/\/linmot.com\/fr\/wp-json\/wp\/v2\/pages\/2056\/revisions"}],"predecessor-version":[{"id":3484,"href":"https:\/\/linmot.com\/fr\/wp-json\/wp\/v2\/pages\/2056\/revisions\/3484"}],"up":[{"embeddable":true,"href":"https:\/\/linmot.com\/fr\/wp-json\/wp\/v2\/pages\/46"}],"wp:attachment":[{"href":"https:\/\/linmot.com\/fr\/wp-json\/wp\/v2\/media?parent=2056"}],"curies":[{"name":"wp","href":"https:\/\/api.w.org\/{rel}","templated":true}]}}