{"id":2035,"date":"2021-12-02T10:34:38","date_gmt":"2021-12-02T09:34:38","guid":{"rendered":"https:\/\/linmot.com\/fr\/?page_id=2035"},"modified":"2025-04-14T15:59:29","modified_gmt":"2025-04-14T13:59:29","slug":"fonctions-de-securite","status":"publish","type":"page","link":"https:\/\/linmot.com\/fr\/produits\/servo-drives\/fonctions-de-securite\/","title":{"rendered":"Fonctions de s\u00e9curit\u00e9"},"content":{"rendered":"<p><strong>LinMot int\u00e8gre les \u00ab\u00a0Fonctions de s\u00e9curit\u00e9\u00a0\u00bb appropri\u00e9es et plusieurs nouvelles fonctions suppl\u00e9mentaires directement dans le variateur et le moteur, en veillant \u00e0 ce que leur conception soit identique \u00e0 celle des produits existants.<\/strong><\/p>\n<hr \/>\n<div class=\"row\">\n<div class=\"col-sm-2\">\n<p><a class=\"button\" href=\"#details\">1. Pr\u00e9cisions<\/a><\/p>\n<\/div>\n<div class=\"col-sm-1\">\n<\/div>\n<div class=\"col-sm-2\">\n<p><a class=\"button\" href=\"#videos\">2. Vid\u00e9os<\/a><\/p>\n<\/div>\n<div class=\"col-sm-1\">\n<\/div>\n<div class=\"col-sm-2\">\n<p><a class=\"button\" href=\"#applications\">3. Applications<\/a><\/p>\n<\/div>\n<div class=\"col-sm-1\">\n<\/div>\n<div class=\"col-sm-2\">\n<p><a class=\"button\" href=\"#contact\">4. Contact<\/a><\/p>\n<\/div>\n<\/div>\n<hr \/>\n<h3 id=\"details\">1. Pr\u00e9cisions<\/h3>\n<p>Les fonctions de s\u00e9curit\u00e9 sont directement int\u00e9gr\u00e9es dans le variateur et ne n\u00e9cessitent aucun mat\u00e9riel suppl\u00e9mentaire. Cela vous permet de r\u00e9duire les temps de mise en service et d&rsquo;obtenir une meilleure efficacit\u00e9 \u00e9conomique gr\u00e2ce \u00e0 une conception efficace et \u00e0 des co\u00fbts de c\u00e2blage r\u00e9duits.<\/p>\n<div class=\"row download\">\n<div class=\"col-md-6\">\n<h4 class=\"download-title\">Fonctions de s\u00e9curit\u00e9<\/h4>\n<ul>\n<li>STO: Safe Torque Off<\/li>\n<li>SS1: Safe Stop 1<\/li>\n<li>SS2: Safe Stop 2<\/li>\n<li>SOS: Safe Operating Stop<\/li>\n<li>SLS: Safe Limited Speed<\/li>\n<li>SBC: Safe Brake Control<\/li>\n<li>SBT: Safe Brake Test<\/li>\n<li>Param\u00e9trage des fonctions de s\u00e9curit\u00e9<\/li>\n<\/ul>\n<\/div>\n<div class=\"col-md-1\">\n<\/div>\n<div class=\"col-md-5\">\n<img loading=\"lazy\" decoding=\"async\" class=\"wp-image-2498 size-full aligncenter\" src=\"https:\/\/linmot.com\/wp-content\/uploads\/2021\/11\/functional-safety.jpg\" alt=\"Fonctions S\u00e9curit\u00e9\" width=\"482\" height=\"352\" \/>\n<\/div>\n<\/div>\n<div class=\"row download\">\n<div class=\"col-md-6\">\n<h4 class=\"download-title\">Caract\u00e9ristiques des moteurs<\/h4>\n<ul>\n<li>Moteurs avec s\u00e9curit\u00e9 et moteurs standard de m\u00eames dimensions<\/li>\n<li>Construisez des machines identiques, avec ou sans fonctions de s\u00e9curit\u00e9<\/li>\n<li>Moteurs avec capteurs de position de s\u00e9curit\u00e9 int\u00e9gr\u00e9s<\/li>\n<li>Solution un c\u00e2ble<\/li>\n<\/ul>\n<\/div>\n<div class=\"col-md-1\">\n<\/div>\n<div class=\"col-md-5\">\n<img loading=\"lazy\" decoding=\"async\" class=\"wp-image-5778 size-full aligncenter\" src=\"https:\/\/linmot.com\/de\/wp-content\/uploads\/sites\/2\/2025\/04\/functional-safety-adjusted.jpg\" alt=\"linmot-functional-safety-with-without-encoder\" width=\"300\" height=\"568\" \/>\n<\/div>\n<\/div>\n<div class=\"row download\">\n<div class=\"col-md-6\">\n<h4 class=\"download-title\">Interfaces multiples<\/h4>\n<ul>\n<li>Variateur multi-interface<\/li>\n<li>Un seul appareil supporte diff\u00e9rents bus de communication<\/li>\n<li>Protocoles de communication en temps r\u00e9el<\/li>\n<li>Mouvements synchronis\u00e9s et ind\u00e9pendants<\/li>\n<li>Mouvement NC ou protocole LinMot<\/li>\n<\/ul>\n<\/div>\n<div class=\"col-md-1\">\n<\/div>\n<div class=\"col-md-5\">\n<img loading=\"lazy\" decoding=\"async\" class=\"wp-image-2483 aligncenter\" src=\"https:\/\/linmot.com\/de\/wp-content\/uploads\/sites\/2\/2025\/04\/functional_safety_feldbusse_linmot.jpg\" alt=\"Funktionale Sicherheit im Zusammenspiel mit Feldbusschnittstellen\" width=\"768\" height=\"687\" \/>\n<\/div>\n<\/div>\n<h3 id=\"videos\">2. Videos<\/h3>\n<div class=\"row download\">\n<div class=\"col-md-6\">\n<h4 class=\"download-title\">Comment \u00e7a marche<\/h4>\n<p class=\"bodytext\" align=\"justify\">LinMot offre un package complet \u00e0 partir d&rsquo;une source unique. Les fonctions de s\u00e9curit\u00e9 sont directement int\u00e9gr\u00e9es dans le variateur et ne n\u00e9cessitent aucun mat\u00e9riel suppl\u00e9mentaire. Les capteurs de position de s\u00e9curit\u00e9 sont int\u00e9gr\u00e9s dans les <a href=\"\/fr\/produits\/moteurs-lineaire\/moteur-lineaire-p01\/\">moteurs lin\u00e9aires<\/a> et modules.<\/p>\n<\/div>\n<div class=\"col-md-1\">\n<\/div>\n<div class=\"col-md-5\">\n<div class=\"brlbs-cmpnt-container brlbs-cmpnt-content-blocker brlbs-cmpnt-with-individual-styles\" data-borlabs-cookie-content-blocker-id=\"default\" data-borlabs-cookie-content=\"PGlmcmFtZSB0aXRsZT0iWW91VHViZSB2aWRlbyBwbGF5ZXIiIHNyYz0iaHR0cHM6Ly93d3cueW91dHViZS5jb20vZW1iZWQvdWdHX0x0ZjlyQkkiIHdpZHRoPSIzOTQiIGhlaWdodD0iMjIwIiBmcmFtZWJvcmRlcj0iMCIgYWxsb3dmdWxsc2NyZWVuPSJhbGxvd2Z1bGxzY3JlZW4iPjwvaWZyYW1lPg==\">\n<div class=\"brlbs-cmpnt-cb-preset-a\">\n<p class=\"brlbs-cmpnt-cb-description\">You are currently viewing a placeholder content from <strong>Default<\/strong>. To access the actual content, click the button below. Please note that doing so will share data with third-party providers.<\/p>\n<div class=\"brlbs-cmpnt-cb-buttons\"> <a class=\"brlbs-cmpnt-cb-btn\" href=\"#\" data-borlabs-cookie-unblock role=\"button\">Unblock content<\/a> <a class=\"brlbs-cmpnt-cb-btn\" href=\"#\" data-borlabs-cookie-accept-service role=\"button\" style=\"display: none\">Accept required service and unblock content<\/a> <\/div>\n<p> <a class=\"brlbs-cmpnt-cb-provider-toggle\" href=\"#\" data-borlabs-cookie-show-provider-information role=\"button\">More Information<\/a> <\/div>\n<\/div>\n<\/div>\n<\/div>\n<h3 id=\"applications\">3. Exemples d\u2019applications<\/h3>\n<div class=\"row download\">\n<div class=\"col-md-3\">\n<h4 class=\"download-title\">S\u00e9curit\u00e9 fonctionnelle pour les moteurs lin\u00e9aires industriels<\/h4>\n<p class=\"bodytext\" align=\"justify\">Les entra\u00eenements doivent \u00eatre efficacement prot\u00e9g\u00e9s ou surveill\u00e9s par des techniques de s\u00e9curit\u00e9 et mis dans un \u00e9tat s\u00fbr en cas d\u2019urgence afin de minimiser les risques pendant le fonctionnement et de satisfaire aux exigences de la directive Machines en vigueur.<\/p>\n<p><a class=\"button\" href=\"\/fr\/blog\/securite-fonctionnelle-pour-les-moteurs-lineaires-industriels\/\">Vers l&rsquo;article<\/a><br \/>\n<\/div>\n<div class=\"col-md-2\">\n<img loading=\"lazy\" decoding=\"async\" class=\"alignnone wp-image-3295 size-full\" src=\"https:\/\/linmot.com\/de\/wp-content\/uploads\/sites\/2\/2023\/01\/vorschau-fuctional-safety.jpg\" alt=\"\" width=\"220\" height=\"220\" \/><br \/>\n<\/div>\n<div class=\"col-md-2\">\n<\/div>\n<div class=\"col-md-3\">\n<h4 class=\"download-title\">Gardena se tourne vers l\u2019avenir de l\u2019eau gr\u00e2ce \u00e0 LinMot<\/h4>\n<p class=\"bodytext\" align=\"justify\">Si l\u2019on pense \u00e0 la tondeuse \u00e0 gazon \u00e0 batterie de 1973 ou \u00e0 l\u2019ordinateur d\u2019arrosage des ann\u00e9es 1980, GARDENA s\u2019est toujours r\u00e9v\u00e9l\u00e9 \u00eatre un innovateur particuli\u00e8rement soucieux du d\u00e9veloppement durable. Gr\u00e2ce aux techniques de levage et de rotation les plus modernes du sp\u00e9cialiste des entra\u00eenements LinMot, GARDENA a r\u00e9ussi \u00e0 red\u00e9finir la pr\u00e9cision, la vitesse et la durabilit\u00e9 de ses installations de production.<\/p>\n<p><a class=\"button\" href=\"\/fr\/blog\/gardena-se-tourne-vers-lavenir-de-leau-grace-a-linmot\/\">Vers l\u2019article<\/a><br \/>\n<\/div>\n<div class=\"col-md-2\">\n<img loading=\"lazy\" decoding=\"async\" class=\"aligncenter wp-image-4450 size-full\" src=\"https:\/\/linmot.com\/de\/wp-content\/uploads\/sites\/2\/2023\/07\/gardena-vorschau.jpg\" alt=\"\" width=\"220\" height=\"220\" \/><br \/>\n<\/div>\n<\/div>\n<h3 id=\"contact\">4. Contact<\/h3>\n<div class=\"row download\">\n<div class=\"col-md-6\">\n<h4 class=\"download-title\">Vous avez des questions?<\/h4>\n<p class=\"bodytext\">Nous serons heureux de r\u00e9pondre \u00e0 vos questions ou de vous donner des conseils. Contactez-nous au:<\/p>\n<p class=\"bodytext\">Tel : +49 (0)201 858940 0<\/p>\n<p class=\"bodytext\">Le team LinMot<\/p>\n<p><img loading=\"lazy\" decoding=\"async\" class=\"size-full wp-image-3464 alignleft\" src=\"https:\/\/linmot.com\/de\/wp-content\/uploads\/sites\/2\/2021\/11\/tuv-nord-safety-approved.jpg\" alt=\"\" width=\"150\" height=\"244\" \/><br \/>\n<\/div>\n<div class=\"col-md-1\">\n<\/div>\n<div class=\"col-md-5\">\n\n<div class=\"wpcf7 no-js\" id=\"wpcf7-f1702-o1\" lang=\"fr-FR\" dir=\"ltr\" data-wpcf7-id=\"1702\">\n<div class=\"screen-reader-response\"><p role=\"status\" aria-live=\"polite\" aria-atomic=\"true\"><\/p> <ul><\/ul><\/div>\n<form action=\"\/fr\/wp-json\/wp\/v2\/pages\/2035#wpcf7-f1702-o1\" method=\"post\" class=\"wpcf7-form init\" aria-label=\"Formulaire de contact\" novalidate=\"novalidate\" data-status=\"init\">\n<fieldset class=\"hidden-fields-container\"><input type=\"hidden\" name=\"_wpcf7\" value=\"1702\" \/><input type=\"hidden\" name=\"_wpcf7_version\" value=\"6.1.5\" \/><input type=\"hidden\" name=\"_wpcf7_locale\" value=\"fr_FR\" \/><input type=\"hidden\" name=\"_wpcf7_unit_tag\" value=\"wpcf7-f1702-o1\" \/><input type=\"hidden\" name=\"_wpcf7_container_post\" value=\"0\" \/><input type=\"hidden\" name=\"_wpcf7_posted_data_hash\" value=\"\" \/><input type=\"hidden\" name=\"_wpcf7_recaptcha_response\" value=\"\" \/>\n<\/fieldset>\n<label> Votre nom<br>\n    <span class=\"wpcf7-form-control-wrap\" data-name=\"your-name\"><input size=\"40\" maxlength=\"400\" class=\"wpcf7-form-control wpcf7-text wpcf7-validates-as-required\" aria-required=\"true\" aria-invalid=\"false\" value=\"\" type=\"text\" name=\"your-name\" \/><\/span> <\/label>\n<br>\n<label> Votre entreprise<br>\n    <span class=\"wpcf7-form-control-wrap\" data-name=\"your-company\"><input size=\"40\" maxlength=\"400\" class=\"wpcf7-form-control wpcf7-text wpcf7-validates-as-required\" aria-required=\"true\" aria-invalid=\"false\" value=\"\" type=\"text\" name=\"your-company\" \/><\/span> <\/label>\n<br>\n<label> Code postal<br>\n    <span class=\"wpcf7-form-control-wrap\" data-name=\"your-plz\"><input class=\"wpcf7-form-control wpcf7-number wpcf7-validates-as-required wpcf7-validates-as-number\" aria-required=\"true\" aria-invalid=\"false\" value=\"\" type=\"number\" name=\"your-plz\" \/><\/span> <\/label>\n<br>\n<label> Pays<br>\n    <span class=\"wpcf7-form-control-wrap\" data-name=\"your-country\"><input size=\"40\" maxlength=\"400\" class=\"wpcf7-form-control wpcf7-text wpcf7-validates-as-required\" aria-required=\"true\" aria-invalid=\"false\" value=\"\" type=\"text\" name=\"your-country\" \/><\/span> <\/label>\n<br>\n<label> Votre num\u00e9ro de t\u00e9l\u00e9phone<br>\n    <span class=\"wpcf7-form-control-wrap\" data-name=\"your-number\"><input size=\"40\" maxlength=\"400\" class=\"wpcf7-form-control wpcf7-tel wpcf7-validates-as-required wpcf7-text wpcf7-validates-as-tel\" aria-required=\"true\" aria-invalid=\"false\" value=\"\" type=\"tel\" name=\"your-number\" \/><\/span> <\/label>\n<br>\n<label> Votre e-mail<br>\n    <span class=\"wpcf7-form-control-wrap\" data-name=\"your-email\"><input size=\"40\" maxlength=\"400\" class=\"wpcf7-form-control wpcf7-email wpcf7-validates-as-required wpcf7-text wpcf7-validates-as-email\" aria-required=\"true\" aria-invalid=\"false\" value=\"\" type=\"email\" name=\"your-email\" \/><\/span> <\/label>\n<br>\n<label> Votre message (facultatif)<br>\n    <span class=\"wpcf7-form-control-wrap\" data-name=\"your-message\"><textarea cols=\"40\" rows=\"10\" maxlength=\"2000\" class=\"wpcf7-form-control wpcf7-textarea\" aria-invalid=\"false\" name=\"your-message\"><\/textarea><\/span> <\/label>\n<br>\n<input class=\"wpcf7-form-control wpcf7-submit has-spinner\" type=\"submit\" value=\"Envoyer\" \/><div class=\"wpcf7-response-output\" aria-hidden=\"true\"><\/div>\n<\/form>\n<\/div>\n\n<\/div>\n<\/div>\n","protected":false},"excerpt":{"rendered":"<p>LinMot int\u00e8gre les \u00ab\u00a0Fonctions de s\u00e9curit\u00e9\u00a0\u00bb appropri\u00e9es et plusieurs nouvelles fonctions suppl\u00e9mentaires directement dans le variateur et le moteur, en veillant \u00e0 ce que leur conception soit identique \u00e0 celle des produits existants. 1. Pr\u00e9cisions Les fonctions de s\u00e9curit\u00e9 sont directement int\u00e9gr\u00e9es dans le variateur et ne n\u00e9cessitent aucun mat\u00e9riel suppl\u00e9mentaire. Cela vous permet de [&hellip;]<\/p>\n","protected":false},"author":9,"featured_media":0,"parent":46,"menu_order":55,"comment_status":"closed","ping_status":"closed","template":"","meta":{"_acf_changed":false,"footnotes":""},"class_list":["post-2035","page","type-page","status-publish","hentry"],"acf":[],"yoast_head":"<!-- This site is optimized with the Yoast SEO Premium plugin v20.9 (Yoast SEO v27.4) - https:\/\/yoast.com\/product\/yoast-seo-premium-wordpress\/ -->\n<title>Fonctions de s\u00e9curit\u00e9 - LinMot &amp; MagSpring - Fran\u00e7ais<\/title>\n<meta name=\"description\" content=\"Avec &quot;Fonctions de s\u00e9curit\u00e9&quot;, LinMot int\u00e8gre les fonctions de s\u00e9curit\u00e9 et quelques nouvelles fonctions suppl\u00e9mentaires directement dans l&#039;entra\u00eenement et le moteur.\" \/>\n<meta name=\"robots\" content=\"index, follow, max-snippet:-1, max-image-preview:large, max-video-preview:-1\" \/>\n<link rel=\"canonical\" href=\"https:\/\/linmot.com\/fr\/produits\/servo-drives\/fonctions-de-securite\/\" \/>\n<meta property=\"og:locale\" content=\"fr_FR\" \/>\n<meta property=\"og:type\" content=\"article\" \/>\n<meta property=\"og:title\" content=\"Fonctions de s\u00e9curit\u00e9 - LinMot &amp; MagSpring - Fran\u00e7ais\" \/>\n<meta property=\"og:description\" content=\"Avec &quot;Fonctions S\u00e9curit\u00e9&quot;, LinMot int\u00e8gre les fonctions de s\u00e9curit\u00e9 et quelques nouvelles fonctions suppl\u00e9mentaires directement dans l&#039;entra\u00eenement et le moteur.\" \/>\n<meta property=\"og:url\" content=\"https:\/\/linmot.com\/fr\/produits\/servo-drives\/fonctions-de-securite\/\" \/>\n<meta property=\"og:site_name\" content=\"LinMot &amp; MagSpring - Fran\u00e7ais\" \/>\n<meta property=\"article:modified_time\" content=\"2025-04-14T13:59:29+00:00\" \/>\n<meta property=\"og:image\" content=\"https:\/\/linmot.com\/fr\/wp-content\/uploads\/sites\/3\/2022\/05\/linmot-social-share-logo.jpg\" \/>\n\t<meta property=\"og:image:width\" content=\"800\" \/>\n\t<meta property=\"og:image:height\" content=\"500\" \/>\n\t<meta property=\"og:image:type\" content=\"image\/jpeg\" \/>\n<meta name=\"twitter:card\" content=\"summary_large_image\" \/>\n<meta name=\"twitter:title\" content=\"Fonctions de s\u00e9curit\u00e9 - LinMot &amp; MagSpring - Fran\u00e7ais\" \/>\n<meta name=\"twitter:description\" content=\"Avec &quot;Fonctions S\u00e9curit\u00e9&quot;, LinMot int\u00e8gre les fonctions de s\u00e9curit\u00e9 et quelques nouvelles fonctions suppl\u00e9mentaires directement dans l&#039;entra\u00eenement et le moteur.\" \/>\n<meta name=\"twitter:label1\" content=\"Dur\u00e9e de lecture estim\u00e9e\" \/>\n\t<meta name=\"twitter:data1\" content=\"4 minutes\" \/>\n<script type=\"application\/ld+json\" class=\"yoast-schema-graph\">{\"@context\":\"https:\\\/\\\/schema.org\",\"@graph\":[{\"@type\":\"WebPage\",\"@id\":\"https:\\\/\\\/linmot.com\\\/fr\\\/produits\\\/servo-drives\\\/fonctions-de-securite\\\/\",\"url\":\"https:\\\/\\\/linmot.com\\\/fr\\\/produits\\\/servo-drives\\\/fonctions-de-securite\\\/\",\"name\":\"Fonctions de s\u00e9curit\u00e9 - LinMot &amp; MagSpring - Fran\u00e7ais\",\"isPartOf\":{\"@id\":\"https:\\\/\\\/linmot.com\\\/fr\\\/#website\"},\"primaryImageOfPage\":{\"@id\":\"https:\\\/\\\/linmot.com\\\/fr\\\/produits\\\/servo-drives\\\/fonctions-de-securite\\\/#primaryimage\"},\"image\":{\"@id\":\"https:\\\/\\\/linmot.com\\\/fr\\\/produits\\\/servo-drives\\\/fonctions-de-securite\\\/#primaryimage\"},\"thumbnailUrl\":\"https:\\\/\\\/linmot.com\\\/wp-content\\\/uploads\\\/2021\\\/11\\\/functional-safety.jpg\",\"datePublished\":\"2021-12-02T09:34:38+00:00\",\"dateModified\":\"2025-04-14T13:59:29+00:00\",\"description\":\"Avec \\\"Fonctions de s\u00e9curit\u00e9\\\", LinMot int\u00e8gre les fonctions de s\u00e9curit\u00e9 et quelques nouvelles fonctions suppl\u00e9mentaires directement dans l'entra\u00eenement et le moteur.\",\"breadcrumb\":{\"@id\":\"https:\\\/\\\/linmot.com\\\/fr\\\/produits\\\/servo-drives\\\/fonctions-de-securite\\\/#breadcrumb\"},\"inLanguage\":\"fr-FR\",\"potentialAction\":[{\"@type\":\"ReadAction\",\"target\":[\"https:\\\/\\\/linmot.com\\\/fr\\\/produits\\\/servo-drives\\\/fonctions-de-securite\\\/\"]}]},{\"@type\":\"ImageObject\",\"inLanguage\":\"fr-FR\",\"@id\":\"https:\\\/\\\/linmot.com\\\/fr\\\/produits\\\/servo-drives\\\/fonctions-de-securite\\\/#primaryimage\",\"url\":\"https:\\\/\\\/linmot.com\\\/wp-content\\\/uploads\\\/2021\\\/11\\\/functional-safety.jpg\",\"contentUrl\":\"https:\\\/\\\/linmot.com\\\/wp-content\\\/uploads\\\/2021\\\/11\\\/functional-safety.jpg\"},{\"@type\":\"BreadcrumbList\",\"@id\":\"https:\\\/\\\/linmot.com\\\/fr\\\/produits\\\/servo-drives\\\/fonctions-de-securite\\\/#breadcrumb\",\"itemListElement\":[{\"@type\":\"ListItem\",\"position\":1,\"name\":\"Home\",\"item\":\"https:\\\/\\\/linmot.com\\\/fr\\\/\"},{\"@type\":\"ListItem\",\"position\":2,\"name\":\"Produits\",\"item\":\"https:\\\/\\\/linmot.com\\\/fr\\\/produits\\\/\"},{\"@type\":\"ListItem\",\"position\":3,\"name\":\"Servo Drives\",\"item\":\"https:\\\/\\\/linmot.com\\\/fr\\\/produits\\\/servo-drives\\\/\"},{\"@type\":\"ListItem\",\"position\":4,\"name\":\"Fonctions de s\u00e9curit\u00e9\"}]},{\"@type\":\"WebSite\",\"@id\":\"https:\\\/\\\/linmot.com\\\/fr\\\/#website\",\"url\":\"https:\\\/\\\/linmot.com\\\/fr\\\/\",\"name\":\"LinMot &amp; MagSpring - Fran\u00e7ais\",\"description\":\"Moteurs lin\u00e9aires et des syst\u00e8mes de moteurs lin\u00e9aires de haute qualit\u00e9\",\"publisher\":{\"@id\":\"https:\\\/\\\/linmot.com\\\/fr\\\/#organization\"},\"potentialAction\":[{\"@type\":\"SearchAction\",\"target\":{\"@type\":\"EntryPoint\",\"urlTemplate\":\"https:\\\/\\\/linmot.com\\\/fr\\\/?s={search_term_string}\"},\"query-input\":{\"@type\":\"PropertyValueSpecification\",\"valueRequired\":true,\"valueName\":\"search_term_string\"}}],\"inLanguage\":\"fr-FR\"},{\"@type\":\"Organization\",\"@id\":\"https:\\\/\\\/linmot.com\\\/fr\\\/#organization\",\"name\":\"NTI AG - LinMot & MagSpring\",\"url\":\"https:\\\/\\\/linmot.com\\\/fr\\\/\",\"logo\":{\"@type\":\"ImageObject\",\"inLanguage\":\"fr-FR\",\"@id\":\"https:\\\/\\\/linmot.com\\\/fr\\\/#\\\/schema\\\/logo\\\/image\\\/\",\"url\":\"https:\\\/\\\/linmot.com\\\/fr\\\/wp-content\\\/uploads\\\/sites\\\/3\\\/2022\\\/05\\\/linmot-social-share-logo.jpg\",\"contentUrl\":\"https:\\\/\\\/linmot.com\\\/fr\\\/wp-content\\\/uploads\\\/sites\\\/3\\\/2022\\\/05\\\/linmot-social-share-logo.jpg\",\"width\":800,\"height\":500,\"caption\":\"NTI AG - LinMot & MagSpring\"},\"image\":{\"@id\":\"https:\\\/\\\/linmot.com\\\/fr\\\/#\\\/schema\\\/logo\\\/image\\\/\"},\"sameAs\":[\"https:\\\/\\\/www.linkedin.com\\\/company\\\/nti-ag-linmot-magspring\",\"https:\\\/\\\/www.youtube.com\\\/user\\\/LinMotEurope\"]}]}<\/script>\n<!-- \/ Yoast SEO Premium plugin. -->","yoast_head_json":{"title":"Fonctions de s\u00e9curit\u00e9 - LinMot &amp; MagSpring - Fran\u00e7ais","description":"Avec \"Fonctions de s\u00e9curit\u00e9\", LinMot int\u00e8gre les fonctions de s\u00e9curit\u00e9 et quelques nouvelles fonctions suppl\u00e9mentaires directement dans l'entra\u00eenement et le moteur.","robots":{"index":"index","follow":"follow","max-snippet":"max-snippet:-1","max-image-preview":"max-image-preview:large","max-video-preview":"max-video-preview:-1"},"canonical":"https:\/\/linmot.com\/fr\/produits\/servo-drives\/fonctions-de-securite\/","og_locale":"fr_FR","og_type":"article","og_title":"Fonctions de s\u00e9curit\u00e9 - LinMot &amp; MagSpring - Fran\u00e7ais","og_description":"Avec \"Fonctions S\u00e9curit\u00e9\", LinMot int\u00e8gre les fonctions de s\u00e9curit\u00e9 et quelques nouvelles fonctions suppl\u00e9mentaires directement dans l'entra\u00eenement et le moteur.","og_url":"https:\/\/linmot.com\/fr\/produits\/servo-drives\/fonctions-de-securite\/","og_site_name":"LinMot &amp; MagSpring - Fran\u00e7ais","article_modified_time":"2025-04-14T13:59:29+00:00","og_image":[{"width":800,"height":500,"url":"https:\/\/linmot.com\/fr\/wp-content\/uploads\/sites\/3\/2022\/05\/linmot-social-share-logo.jpg","type":"image\/jpeg"}],"twitter_card":"summary_large_image","twitter_title":"Fonctions de s\u00e9curit\u00e9 - LinMot &amp; MagSpring - Fran\u00e7ais","twitter_description":"Avec \"Fonctions S\u00e9curit\u00e9\", LinMot int\u00e8gre les fonctions de s\u00e9curit\u00e9 et quelques nouvelles fonctions suppl\u00e9mentaires directement dans l'entra\u00eenement et le moteur.","twitter_misc":{"Dur\u00e9e de lecture estim\u00e9e":"4 minutes"},"schema":{"@context":"https:\/\/schema.org","@graph":[{"@type":"WebPage","@id":"https:\/\/linmot.com\/fr\/produits\/servo-drives\/fonctions-de-securite\/","url":"https:\/\/linmot.com\/fr\/produits\/servo-drives\/fonctions-de-securite\/","name":"Fonctions de s\u00e9curit\u00e9 - LinMot &amp; MagSpring - Fran\u00e7ais","isPartOf":{"@id":"https:\/\/linmot.com\/fr\/#website"},"primaryImageOfPage":{"@id":"https:\/\/linmot.com\/fr\/produits\/servo-drives\/fonctions-de-securite\/#primaryimage"},"image":{"@id":"https:\/\/linmot.com\/fr\/produits\/servo-drives\/fonctions-de-securite\/#primaryimage"},"thumbnailUrl":"https:\/\/linmot.com\/wp-content\/uploads\/2021\/11\/functional-safety.jpg","datePublished":"2021-12-02T09:34:38+00:00","dateModified":"2025-04-14T13:59:29+00:00","description":"Avec \"Fonctions de s\u00e9curit\u00e9\", LinMot int\u00e8gre les fonctions de s\u00e9curit\u00e9 et quelques nouvelles fonctions suppl\u00e9mentaires directement dans l'entra\u00eenement et le moteur.","breadcrumb":{"@id":"https:\/\/linmot.com\/fr\/produits\/servo-drives\/fonctions-de-securite\/#breadcrumb"},"inLanguage":"fr-FR","potentialAction":[{"@type":"ReadAction","target":["https:\/\/linmot.com\/fr\/produits\/servo-drives\/fonctions-de-securite\/"]}]},{"@type":"ImageObject","inLanguage":"fr-FR","@id":"https:\/\/linmot.com\/fr\/produits\/servo-drives\/fonctions-de-securite\/#primaryimage","url":"https:\/\/linmot.com\/wp-content\/uploads\/2021\/11\/functional-safety.jpg","contentUrl":"https:\/\/linmot.com\/wp-content\/uploads\/2021\/11\/functional-safety.jpg"},{"@type":"BreadcrumbList","@id":"https:\/\/linmot.com\/fr\/produits\/servo-drives\/fonctions-de-securite\/#breadcrumb","itemListElement":[{"@type":"ListItem","position":1,"name":"Home","item":"https:\/\/linmot.com\/fr\/"},{"@type":"ListItem","position":2,"name":"Produits","item":"https:\/\/linmot.com\/fr\/produits\/"},{"@type":"ListItem","position":3,"name":"Servo Drives","item":"https:\/\/linmot.com\/fr\/produits\/servo-drives\/"},{"@type":"ListItem","position":4,"name":"Fonctions de s\u00e9curit\u00e9"}]},{"@type":"WebSite","@id":"https:\/\/linmot.com\/fr\/#website","url":"https:\/\/linmot.com\/fr\/","name":"LinMot &amp; MagSpring - Fran\u00e7ais","description":"Moteurs lin\u00e9aires et des syst\u00e8mes de moteurs lin\u00e9aires de haute qualit\u00e9","publisher":{"@id":"https:\/\/linmot.com\/fr\/#organization"},"potentialAction":[{"@type":"SearchAction","target":{"@type":"EntryPoint","urlTemplate":"https:\/\/linmot.com\/fr\/?s={search_term_string}"},"query-input":{"@type":"PropertyValueSpecification","valueRequired":true,"valueName":"search_term_string"}}],"inLanguage":"fr-FR"},{"@type":"Organization","@id":"https:\/\/linmot.com\/fr\/#organization","name":"NTI AG - LinMot & MagSpring","url":"https:\/\/linmot.com\/fr\/","logo":{"@type":"ImageObject","inLanguage":"fr-FR","@id":"https:\/\/linmot.com\/fr\/#\/schema\/logo\/image\/","url":"https:\/\/linmot.com\/fr\/wp-content\/uploads\/sites\/3\/2022\/05\/linmot-social-share-logo.jpg","contentUrl":"https:\/\/linmot.com\/fr\/wp-content\/uploads\/sites\/3\/2022\/05\/linmot-social-share-logo.jpg","width":800,"height":500,"caption":"NTI AG - LinMot & MagSpring"},"image":{"@id":"https:\/\/linmot.com\/fr\/#\/schema\/logo\/image\/"},"sameAs":["https:\/\/www.linkedin.com\/company\/nti-ag-linmot-magspring","https:\/\/www.youtube.com\/user\/LinMotEurope"]}]}},"_links":{"self":[{"href":"https:\/\/linmot.com\/fr\/wp-json\/wp\/v2\/pages\/2035","targetHints":{"allow":["GET"]}}],"collection":[{"href":"https:\/\/linmot.com\/fr\/wp-json\/wp\/v2\/pages"}],"about":[{"href":"https:\/\/linmot.com\/fr\/wp-json\/wp\/v2\/types\/page"}],"author":[{"embeddable":true,"href":"https:\/\/linmot.com\/fr\/wp-json\/wp\/v2\/users\/9"}],"replies":[{"embeddable":true,"href":"https:\/\/linmot.com\/fr\/wp-json\/wp\/v2\/comments?post=2035"}],"version-history":[{"count":28,"href":"https:\/\/linmot.com\/fr\/wp-json\/wp\/v2\/pages\/2035\/revisions"}],"predecessor-version":[{"id":3764,"href":"https:\/\/linmot.com\/fr\/wp-json\/wp\/v2\/pages\/2035\/revisions\/3764"}],"up":[{"embeddable":true,"href":"https:\/\/linmot.com\/fr\/wp-json\/wp\/v2\/pages\/46"}],"wp:attachment":[{"href":"https:\/\/linmot.com\/fr\/wp-json\/wp\/v2\/media?parent=2035"}],"curies":[{"name":"wp","href":"https:\/\/api.w.org\/{rel}","templated":true}]}}