{"id":1940,"date":"2021-10-21T15:07:15","date_gmt":"2021-10-21T13:07:15","guid":{"rendered":"https:\/\/linmot.com\/fr\/?page_id=1940"},"modified":"2024-08-28T16:02:15","modified_gmt":"2024-08-28T14:02:15","slug":"guides-lineaires-h01-h10-b01","status":"publish","type":"page","link":"https:\/\/linmot.com\/fr\/produits\/guidage-lineaire-module-lineaire\/guides-lineaires-h01-h10-b01\/","title":{"rendered":"Guides lin\u00e9aires H01\/H10\/B01"},"content":{"rendered":"<p align=\"justify\"><strong>Les guides lin\u00e9aires LinMot sont des unit\u00e9s de guidage compactes avec des douilles \u00e0 billes ou des roulements int\u00e9gr\u00e9s pour les moteurs lin\u00e9aires LinMot. Les guides absorbent les forces externes, les couples et les moments de flexion gr\u00e2ce \u00e0 des paliers de charge. En outre, les guides lin\u00e9aires agissent comme un dispositif anti-rotation. Ils assurent un guidage de haute pr\u00e9cision et permettent un positionnement dynamique et pr\u00e9cis de la charge.<\/strong><\/p>\n<p align=\"justify\">La charge est mont\u00e9e directement sur la plaque avant du guide lin\u00e9aire. Les dimensions m\u00e9caniques et les options d&rsquo;installation sont compatibles avec les guides en H pneumatiques. La conception modulaire des guides permet d&rsquo;installer facilement des accessoires, tels qu&rsquo;un frein m\u00e9canique ou un ressort magn\u00e9tique MagSpring pour \u00e9quilibrer la charge dans les applications verticales. Les guides LinMot sont d&rsquo;une fiabilit\u00e9 sans compromis et conviennent \u00e0 tous les types de t\u00e2ches gr\u00e2ce \u00e0 leur mouvement lin\u00e9aire pr\u00e9cis, doux et hautement dynamique.<\/p>\n<hr \/>\n<div class=\"row\">\n<div class=\"col-sm-2\">\n<p><a class=\"button\" href=\"#details\">1. Pr\u00e9cisions<\/a><\/p>\n<\/div>\n<div class=\"col-sm-1\">\n<\/div>\n<div class=\"col-sm-2\">\n<p><a class=\"button\" href=\"#contact\">2. Contact<\/a><\/p>\n<\/div>\n<\/div>\n<hr \/>\n<h3 id=\"details\">1. Pr\u00e9cisions<\/h3>\n<h2>Guidage Lin\u00e9aire H01<\/h2>\n<div class=\"row\">\n<div class=\"col-md-7\">\n<p align=\"justify\">The linear guides of the H01 series are compact guide units with integrated ball bushings or plain bearings for the LinMot linear motors of the P01 series. These products offer high guidance accuracy and facilitate dynamic and precise positioning of the load. The modular design allows an easy mounting of accessories, such as a mechanical brake or MagSpring (magnetic spring) for load balancing in a vertical installation position.<\/p>\n<ul>\n<li>Supports external forces, torques, and bending moments<\/li>\n<li>Anti-rotation support<\/li>\n<li>Compatible with pneumatic guides<\/li>\n<li>Integrated linear ball bearing or sintered sleeve bearing<\/li>\n<li>Load can be mounted directly to the front plate<\/li>\n<\/ul>\n<p><a class=\"btn btn-active\" href=\"https:\/\/shop.linmot.com\/E\/linear-modules-&amp;-guides\/linear-guides-h.htm\" target=\"_blank\" rel=\"noopener noreferrer\">Vers les produits<\/a><\/p>\n<\/div>\n<div class=\"col-md-5\">\n<div class=\"carousel slide\" id=\"6720ce2c24c8722a963e4dbbcb94226a\" data-ride=\"carousel\">  <div class=\"carousel-inner\" role=\"listbox\">    <div class=\"item active\">      <img decoding=\"async\" src=\"https:\/\/linmot.com\/fr\/wp-content\/uploads\/sites\/3\/2017\/10\/linear-guides_H_B_4-1.jpg\" alt=\"...\">    <\/div>    <div class=\"item\">      <img decoding=\"async\" src=\"https:\/\/linmot.com\/fr\/wp-content\/uploads\/sites\/3\/2017\/10\/linear-guides_H_2-1.jpg\" alt=\"...\">    <\/div>    <div class=\"item\">      <img decoding=\"async\" src=\"https:\/\/linmot.com\/fr\/wp-content\/uploads\/sites\/3\/2017\/10\/linear-guides_H_1-1.jpg\" alt=\"...\">    <\/div>  <\/div><div class=\"navigation\"><a class=\"left carousel-control\" href=\"#6720ce2c24c8722a963e4dbbcb94226a\" role=\"button\" data-slide=\"prev\"><\/a><a class=\"right carousel-control\" href=\"#6720ce2c24c8722a963e4dbbcb94226a\" role=\"button\" data-slide=\"next\"><\/a><\/div><\/div>\n<\/div>\n<\/div>\n<h2>Guidage Lin\u00e9aire H10<\/h2>\n<div class=\"row\">\n<div class=\"col-md-7\">\n<p align=\"justify\">Les guides lin\u00e9aires de la s\u00e9rie H10 sont des unit\u00e9s de guidage robustes avec des guides \u00e0 rail profil\u00e9 int\u00e9gr\u00e9s pour les moteurs lin\u00e9aires LinMot de la s\u00e9rie P10-70, offrant une grande pr\u00e9cision de guidage et permettant un positionnement dynamique et pr\u00e9cis de la charge. La conception modulaire des guides permet de monter facilement divers accessoires.<\/p>\n<ul>\n<li>Ils supportent les forces externes, les couples et les moments de flexion<\/li>\n<li>Anti-rotation<\/li>\n<li>Guidage par rail profil\u00e9 avec 4 rang\u00e9es de billes pour des masses de charge \u00e9lev\u00e9es et une longue dur\u00e9e de vie<\/li>\n<li>La charge peut \u00eatre mont\u00e9e directement sur la bride avant<\/li>\n<li>Assemblage et \u00e9change simples de composants individuels gr\u00e2ce \u00e0 la conception modulaire<\/li>\n<\/ul>\n<p><a class=\"btn btn-active\" href=\"https:\/\/shop.linmot.com\/E\/linear-modules-&amp;-guides\/linear-guides-h.htm\" target=\"_blank\" rel=\"noopener noreferrer\">Vers les produits<\/a><\/p>\n<\/div>\n<div class=\"col-md-5\">\n<div class=\"carousel slide\" id=\"46400e3b3605b50ba46c0c2545407dd5\" data-ride=\"carousel\">  <div class=\"carousel-inner\" role=\"listbox\">    <div class=\"item active\">      <img decoding=\"async\" src=\"https:\/\/linmot.com\/fr\/wp-content\/uploads\/sites\/3\/2020\/10\/Img0108_fre_.png\" alt=\"...\">    <\/div>    <div class=\"item\">      <img decoding=\"async\" src=\"https:\/\/linmot.com\/fr\/wp-content\/uploads\/sites\/3\/2020\/10\/h10-70x80_motor_small.png\" alt=\"...\">    <\/div>    <div class=\"item\">      <img decoding=\"async\" src=\"https:\/\/linmot.com\/fr\/wp-content\/uploads\/sites\/3\/2017\/10\/linear-guides_H_3-1.jpg\" alt=\"...\">    <\/div>  <\/div><div class=\"navigation\"><a class=\"left carousel-control\" href=\"#46400e3b3605b50ba46c0c2545407dd5\" role=\"button\" data-slide=\"prev\"><\/a><a class=\"right carousel-control\" href=\"#46400e3b3605b50ba46c0c2545407dd5\" role=\"button\" data-slide=\"next\"><\/a><\/div><\/div>\n<\/div>\n<\/div>\n<h2>Guidage Lin\u00e9aire B01<\/h2>\n<div class=\"row\">\n<div class=\"col-md-7\">\n<p align=\"justify\">Les modules lin\u00e9aires s\u00e9rie B01 sont des unit\u00e9s de guidage compact \u00e9quip\u00e9es de douille \u00e0 billes ou de paliers lisses, et destin\u00e9s aux moteurs lin\u00e9aires LinMot avec slider \u00ab high clearance \u00bb. La plaque arri\u00e8re augmente la rigidit\u00e9 m\u00e9canique des colonnes.<\/p>\n<ul>\n<li>Rigidit\u00e9 accrue par la plaque d\u2019extr\u00e9mit\u00e9<\/li>\n<li>A utiliser avec les sliders \u00ab high clearance \u00bb<\/li>\n<li>Ils supportent les forces externes, les couples et les moments de flexion<\/li>\n<li>Anti-rotation<\/li>\n<li>Compatibles avec les guidages pneumatiques<\/li>\n<li>Douilles \u00e0 billes ou paliers lisses int\u00e9gr\u00e9s<\/li>\n<li>La charge peut \u00eatre mont\u00e9e directement sur la bride avant<\/li>\n<\/ul>\n<p><a class=\"btn btn-active\" href=\"https:\/\/shop.linmot.com\/E\/linear-modules-&amp;-guides\/linear-guides-b.htm\" target=\"_blank\" rel=\"noopener noreferrer\">Vers les produits<\/a><\/p>\n<\/div>\n<div class=\"col-md-5\">\n<div class=\"carousel slide\" id=\"06c39e895071318609db7e32ad90ad20\" data-ride=\"carousel\">  <div class=\"carousel-inner\" role=\"listbox\">    <div class=\"item active\">      <img decoding=\"async\" src=\"https:\/\/linmot.com\/fr\/wp-content\/uploads\/sites\/3\/2017\/10\/linear-guides_B_1-1.jpg\" alt=\"...\">    <\/div>    <div class=\"item\">      <img decoding=\"async\" src=\"https:\/\/linmot.com\/fr\/wp-content\/uploads\/sites\/3\/2017\/10\/linear-guides_B_2-1.jpg\" alt=\"...\">    <\/div>    <div class=\"item\">      <img decoding=\"async\" src=\"https:\/\/linmot.com\/fr\/wp-content\/uploads\/sites\/3\/2017\/10\/linear-guides_B_3-1.jpg\" alt=\"...\">    <\/div>  <\/div><div class=\"navigation\"><a class=\"left carousel-control\" href=\"#06c39e895071318609db7e32ad90ad20\" role=\"button\" data-slide=\"prev\"><\/a><a class=\"right carousel-control\" href=\"#06c39e895071318609db7e32ad90ad20\" role=\"button\" data-slide=\"next\"><\/a><\/div><\/div>\n<\/div>\n<\/div>\n<h3 id=\"contact\">2. Contact<\/h3>\n<div class=\"row download\">\n<div class=\"col-md-6\">\n<h4 class=\"download-title\">Des questions sur nos guides lin\u00e9aires?<\/h4>\n<p class=\"bodytext\">Nous serons heureux de r\u00e9pondre \u00e0 vos questions ou de vous donner des conseils. Contactez-nous au:<\/p>\n<p class=\"bodytext\">Tel : +49 (0)201 858940 0<\/p>\n<p class=\"bodytext\">Le team LinMot<\/p>\n<\/div>\n<div class=\"col-md-1\">\n<\/div>\n<div class=\"col-md-5\">\n\n<div class=\"wpcf7 no-js\" id=\"wpcf7-f1702-o1\" lang=\"fr-FR\" dir=\"ltr\" data-wpcf7-id=\"1702\">\n<div class=\"screen-reader-response\"><p role=\"status\" aria-live=\"polite\" aria-atomic=\"true\"><\/p> <ul><\/ul><\/div>\n<form action=\"\/fr\/wp-json\/wp\/v2\/pages\/1940#wpcf7-f1702-o1\" method=\"post\" class=\"wpcf7-form init\" aria-label=\"Formulaire de contact\" novalidate=\"novalidate\" data-status=\"init\">\n<fieldset class=\"hidden-fields-container\"><input type=\"hidden\" name=\"_wpcf7\" value=\"1702\" \/><input type=\"hidden\" name=\"_wpcf7_version\" value=\"6.1.5\" \/><input type=\"hidden\" name=\"_wpcf7_locale\" value=\"fr_FR\" \/><input type=\"hidden\" name=\"_wpcf7_unit_tag\" value=\"wpcf7-f1702-o1\" \/><input type=\"hidden\" name=\"_wpcf7_container_post\" value=\"0\" \/><input type=\"hidden\" name=\"_wpcf7_posted_data_hash\" value=\"\" \/><input type=\"hidden\" name=\"_wpcf7_recaptcha_response\" value=\"\" \/>\n<\/fieldset>\n<label> Votre nom<br>\n    <span class=\"wpcf7-form-control-wrap\" data-name=\"your-name\"><input size=\"40\" maxlength=\"400\" class=\"wpcf7-form-control wpcf7-text wpcf7-validates-as-required\" aria-required=\"true\" aria-invalid=\"false\" value=\"\" type=\"text\" name=\"your-name\" \/><\/span> <\/label>\n<br>\n<label> Votre entreprise<br>\n    <span class=\"wpcf7-form-control-wrap\" data-name=\"your-company\"><input size=\"40\" maxlength=\"400\" class=\"wpcf7-form-control wpcf7-text wpcf7-validates-as-required\" aria-required=\"true\" aria-invalid=\"false\" value=\"\" type=\"text\" name=\"your-company\" \/><\/span> <\/label>\n<br>\n<label> Code postal<br>\n    <span class=\"wpcf7-form-control-wrap\" data-name=\"your-plz\"><input class=\"wpcf7-form-control wpcf7-number wpcf7-validates-as-required wpcf7-validates-as-number\" aria-required=\"true\" aria-invalid=\"false\" value=\"\" type=\"number\" name=\"your-plz\" \/><\/span> <\/label>\n<br>\n<label> Pays<br>\n    <span class=\"wpcf7-form-control-wrap\" data-name=\"your-country\"><input size=\"40\" maxlength=\"400\" class=\"wpcf7-form-control wpcf7-text wpcf7-validates-as-required\" aria-required=\"true\" aria-invalid=\"false\" value=\"\" type=\"text\" name=\"your-country\" \/><\/span> <\/label>\n<br>\n<label> Votre num\u00e9ro de t\u00e9l\u00e9phone<br>\n    <span class=\"wpcf7-form-control-wrap\" data-name=\"your-number\"><input size=\"40\" maxlength=\"400\" class=\"wpcf7-form-control wpcf7-tel wpcf7-validates-as-required wpcf7-text wpcf7-validates-as-tel\" aria-required=\"true\" aria-invalid=\"false\" value=\"\" type=\"tel\" name=\"your-number\" \/><\/span> <\/label>\n<br>\n<label> Votre e-mail<br>\n    <span class=\"wpcf7-form-control-wrap\" data-name=\"your-email\"><input size=\"40\" maxlength=\"400\" class=\"wpcf7-form-control wpcf7-email wpcf7-validates-as-required wpcf7-text wpcf7-validates-as-email\" aria-required=\"true\" aria-invalid=\"false\" value=\"\" type=\"email\" name=\"your-email\" \/><\/span> <\/label>\n<br>\n<label> Votre message (facultatif)<br>\n    <span class=\"wpcf7-form-control-wrap\" data-name=\"your-message\"><textarea cols=\"40\" rows=\"10\" maxlength=\"2000\" class=\"wpcf7-form-control wpcf7-textarea\" aria-invalid=\"false\" name=\"your-message\"><\/textarea><\/span> <\/label>\n<br>\n<input class=\"wpcf7-form-control wpcf7-submit has-spinner\" type=\"submit\" value=\"Envoyer\" \/><div class=\"wpcf7-response-output\" aria-hidden=\"true\"><\/div>\n<\/form>\n<\/div>\n\n<\/div>\n<\/div>\n","protected":false},"excerpt":{"rendered":"<p>Les guides lin\u00e9aires LinMot sont des unit\u00e9s de guidage compactes avec des douilles \u00e0 billes ou des roulements int\u00e9gr\u00e9s pour les moteurs lin\u00e9aires LinMot. Les guides absorbent les forces externes, les couples et les moments de flexion gr\u00e2ce \u00e0 des paliers de charge. En outre, les guides lin\u00e9aires agissent comme un dispositif anti-rotation. Ils assurent [&hellip;]<\/p>\n","protected":false},"author":9,"featured_media":0,"parent":44,"menu_order":56,"comment_status":"closed","ping_status":"closed","template":"","meta":{"_acf_changed":false,"footnotes":""},"class_list":["post-1940","page","type-page","status-publish","hentry"],"acf":[],"yoast_head":"<!-- This site is optimized with the Yoast SEO Premium plugin v20.9 (Yoast SEO v27.2) - https:\/\/yoast.com\/product\/yoast-seo-premium-wordpress\/ -->\n<title>Guides lin\u00e9aires H01\/H10\/B01 - LinMot &amp; MagSpring - Fran\u00e7ais<\/title>\n<meta name=\"description\" content=\"Les guides lin\u00e9aires LinMot sont des unit\u00e9s de guidage compactes avec des douilles \u00e0 billes ou des roulements int\u00e9gr\u00e9s pour les moteurs lin\u00e9aires LinMot.\" \/>\n<meta name=\"robots\" content=\"index, follow, max-snippet:-1, max-image-preview:large, max-video-preview:-1\" \/>\n<link rel=\"canonical\" href=\"https:\/\/linmot.com\/fr\/produits\/guidage-lineaire-module-lineaire\/guides-lineaires-h01-h10-b01\/\" \/>\n<meta property=\"og:locale\" content=\"fr_FR\" \/>\n<meta property=\"og:type\" content=\"article\" \/>\n<meta property=\"og:title\" content=\"Guides lin\u00e9aires H01\/H10\/B01 - LinMot &amp; MagSpring - Fran\u00e7ais\" \/>\n<meta property=\"og:description\" content=\"Les guides lin\u00e9aires LinMot sont des unit\u00e9s de guidage compactes avec des douilles \u00e0 billes ou des roulements int\u00e9gr\u00e9s pour les moteurs lin\u00e9aires LinMot.\" \/>\n<meta property=\"og:url\" content=\"https:\/\/linmot.com\/fr\/produits\/guidage-lineaire-module-lineaire\/guides-lineaires-h01-h10-b01\/\" \/>\n<meta property=\"og:site_name\" content=\"LinMot &amp; MagSpring - Fran\u00e7ais\" \/>\n<meta property=\"article:modified_time\" content=\"2024-08-28T14:02:15+00:00\" \/>\n<meta property=\"og:image\" content=\"https:\/\/linmot.com\/fr\/wp-content\/uploads\/sites\/3\/2017\/10\/linear-guides_H_3-1.jpg\" \/>\n\t<meta property=\"og:image:width\" content=\"612\" \/>\n\t<meta property=\"og:image:height\" content=\"190\" \/>\n\t<meta property=\"og:image:type\" content=\"image\/jpeg\" \/>\n<meta name=\"twitter:card\" content=\"summary_large_image\" \/>\n<meta name=\"twitter:title\" content=\"Guides lin\u00e9aires H01\/H10\/B01 - LinMot &amp; MagSpring - Fran\u00e7ais\" \/>\n<meta name=\"twitter:description\" content=\"Les guides lin\u00e9aires LinMot sont des unit\u00e9s de guidage compactes avec des douilles \u00e0 billes ou des roulements int\u00e9gr\u00e9s pour les moteurs lin\u00e9aires LinMot.\" \/>\n<meta name=\"twitter:label1\" content=\"Dur\u00e9e de lecture estim\u00e9e\" \/>\n\t<meta name=\"twitter:data1\" content=\"3 minutes\" \/>\n<script type=\"application\/ld+json\" class=\"yoast-schema-graph\">{\"@context\":\"https:\/\/schema.org\",\"@graph\":[{\"@type\":\"WebPage\",\"@id\":\"https:\/\/linmot.com\/fr\/produits\/guidage-lineaire-module-lineaire\/guides-lineaires-h01-h10-b01\/\",\"url\":\"https:\/\/linmot.com\/fr\/produits\/guidage-lineaire-module-lineaire\/guides-lineaires-h01-h10-b01\/\",\"name\":\"Guides lin\u00e9aires H01\/H10\/B01 - LinMot &amp; MagSpring - Fran\u00e7ais\",\"isPartOf\":{\"@id\":\"https:\/\/linmot.com\/fr\/#website\"},\"datePublished\":\"2021-10-21T13:07:15+00:00\",\"dateModified\":\"2024-08-28T14:02:15+00:00\",\"description\":\"Les guides lin\u00e9aires LinMot sont des unit\u00e9s de guidage compactes avec des douilles \u00e0 billes ou des roulements int\u00e9gr\u00e9s pour les moteurs lin\u00e9aires LinMot.\",\"breadcrumb\":{\"@id\":\"https:\/\/linmot.com\/fr\/produits\/guidage-lineaire-module-lineaire\/guides-lineaires-h01-h10-b01\/#breadcrumb\"},\"inLanguage\":\"fr-FR\",\"potentialAction\":[{\"@type\":\"ReadAction\",\"target\":[\"https:\/\/linmot.com\/fr\/produits\/guidage-lineaire-module-lineaire\/guides-lineaires-h01-h10-b01\/\"]}]},{\"@type\":\"BreadcrumbList\",\"@id\":\"https:\/\/linmot.com\/fr\/produits\/guidage-lineaire-module-lineaire\/guides-lineaires-h01-h10-b01\/#breadcrumb\",\"itemListElement\":[{\"@type\":\"ListItem\",\"position\":1,\"name\":\"Home\",\"item\":\"https:\/\/linmot.com\/fr\/\"},{\"@type\":\"ListItem\",\"position\":2,\"name\":\"Produits\",\"item\":\"https:\/\/linmot.com\/fr\/produits\/\"},{\"@type\":\"ListItem\",\"position\":3,\"name\":\"Guidage Lin\u00e9aire \/ Module lin\u00e9aire\",\"item\":\"https:\/\/linmot.com\/fr\/produits\/guidage-lineaire-module-lineaire\/\"},{\"@type\":\"ListItem\",\"position\":4,\"name\":\"Guides lin\u00e9aires H01\/H10\/B01\"}]},{\"@type\":\"WebSite\",\"@id\":\"https:\/\/linmot.com\/fr\/#website\",\"url\":\"https:\/\/linmot.com\/fr\/\",\"name\":\"LinMot &amp; MagSpring - Fran\u00e7ais\",\"description\":\"Moteurs lin\u00e9aires et des syst\u00e8mes de moteurs lin\u00e9aires de haute qualit\u00e9\",\"publisher\":{\"@id\":\"https:\/\/linmot.com\/fr\/#organization\"},\"potentialAction\":[{\"@type\":\"SearchAction\",\"target\":{\"@type\":\"EntryPoint\",\"urlTemplate\":\"https:\/\/linmot.com\/fr\/?s={search_term_string}\"},\"query-input\":{\"@type\":\"PropertyValueSpecification\",\"valueRequired\":true,\"valueName\":\"search_term_string\"}}],\"inLanguage\":\"fr-FR\"},{\"@type\":\"Organization\",\"@id\":\"https:\/\/linmot.com\/fr\/#organization\",\"name\":\"NTI AG - LinMot & MagSpring\",\"url\":\"https:\/\/linmot.com\/fr\/\",\"logo\":{\"@type\":\"ImageObject\",\"inLanguage\":\"fr-FR\",\"@id\":\"https:\/\/linmot.com\/fr\/#\/schema\/logo\/image\/\",\"url\":\"https:\/\/linmot.com\/fr\/wp-content\/uploads\/sites\/3\/2022\/05\/linmot-social-share-logo.jpg\",\"contentUrl\":\"https:\/\/linmot.com\/fr\/wp-content\/uploads\/sites\/3\/2022\/05\/linmot-social-share-logo.jpg\",\"width\":800,\"height\":500,\"caption\":\"NTI AG - LinMot & MagSpring\"},\"image\":{\"@id\":\"https:\/\/linmot.com\/fr\/#\/schema\/logo\/image\/\"},\"sameAs\":[\"https:\/\/www.linkedin.com\/company\/nti-ag-linmot-magspring\",\"https:\/\/www.youtube.com\/user\/LinMotEurope\"]}]}<\/script>\n<!-- \/ Yoast SEO Premium plugin. -->","yoast_head_json":{"title":"Guides lin\u00e9aires H01\/H10\/B01 - LinMot &amp; MagSpring - Fran\u00e7ais","description":"Les guides lin\u00e9aires LinMot sont des unit\u00e9s de guidage compactes avec des douilles \u00e0 billes ou des roulements int\u00e9gr\u00e9s pour les moteurs lin\u00e9aires LinMot.","robots":{"index":"index","follow":"follow","max-snippet":"max-snippet:-1","max-image-preview":"max-image-preview:large","max-video-preview":"max-video-preview:-1"},"canonical":"https:\/\/linmot.com\/fr\/produits\/guidage-lineaire-module-lineaire\/guides-lineaires-h01-h10-b01\/","og_locale":"fr_FR","og_type":"article","og_title":"Guides lin\u00e9aires H01\/H10\/B01 - LinMot &amp; MagSpring - Fran\u00e7ais","og_description":"Les guides lin\u00e9aires LinMot sont des unit\u00e9s de guidage compactes avec des douilles \u00e0 billes ou des roulements int\u00e9gr\u00e9s pour les moteurs lin\u00e9aires LinMot.","og_url":"https:\/\/linmot.com\/fr\/produits\/guidage-lineaire-module-lineaire\/guides-lineaires-h01-h10-b01\/","og_site_name":"LinMot &amp; MagSpring - Fran\u00e7ais","article_modified_time":"2024-08-28T14:02:15+00:00","og_image":[{"width":612,"height":190,"url":"https:\/\/linmot.com\/fr\/wp-content\/uploads\/sites\/3\/2017\/10\/linear-guides_H_3-1.jpg","type":"image\/jpeg"}],"twitter_card":"summary_large_image","twitter_title":"Guides lin\u00e9aires H01\/H10\/B01 - LinMot &amp; MagSpring - Fran\u00e7ais","twitter_description":"Les guides lin\u00e9aires LinMot sont des unit\u00e9s de guidage compactes avec des douilles \u00e0 billes ou des roulements int\u00e9gr\u00e9s pour les moteurs lin\u00e9aires LinMot.","twitter_misc":{"Dur\u00e9e de lecture estim\u00e9e":"3 minutes"},"schema":{"@context":"https:\/\/schema.org","@graph":[{"@type":"WebPage","@id":"https:\/\/linmot.com\/fr\/produits\/guidage-lineaire-module-lineaire\/guides-lineaires-h01-h10-b01\/","url":"https:\/\/linmot.com\/fr\/produits\/guidage-lineaire-module-lineaire\/guides-lineaires-h01-h10-b01\/","name":"Guides lin\u00e9aires H01\/H10\/B01 - LinMot &amp; MagSpring - Fran\u00e7ais","isPartOf":{"@id":"https:\/\/linmot.com\/fr\/#website"},"datePublished":"2021-10-21T13:07:15+00:00","dateModified":"2024-08-28T14:02:15+00:00","description":"Les guides lin\u00e9aires LinMot sont des unit\u00e9s de guidage compactes avec des douilles \u00e0 billes ou des roulements int\u00e9gr\u00e9s pour les moteurs lin\u00e9aires LinMot.","breadcrumb":{"@id":"https:\/\/linmot.com\/fr\/produits\/guidage-lineaire-module-lineaire\/guides-lineaires-h01-h10-b01\/#breadcrumb"},"inLanguage":"fr-FR","potentialAction":[{"@type":"ReadAction","target":["https:\/\/linmot.com\/fr\/produits\/guidage-lineaire-module-lineaire\/guides-lineaires-h01-h10-b01\/"]}]},{"@type":"BreadcrumbList","@id":"https:\/\/linmot.com\/fr\/produits\/guidage-lineaire-module-lineaire\/guides-lineaires-h01-h10-b01\/#breadcrumb","itemListElement":[{"@type":"ListItem","position":1,"name":"Home","item":"https:\/\/linmot.com\/fr\/"},{"@type":"ListItem","position":2,"name":"Produits","item":"https:\/\/linmot.com\/fr\/produits\/"},{"@type":"ListItem","position":3,"name":"Guidage Lin\u00e9aire \/ Module lin\u00e9aire","item":"https:\/\/linmot.com\/fr\/produits\/guidage-lineaire-module-lineaire\/"},{"@type":"ListItem","position":4,"name":"Guides lin\u00e9aires H01\/H10\/B01"}]},{"@type":"WebSite","@id":"https:\/\/linmot.com\/fr\/#website","url":"https:\/\/linmot.com\/fr\/","name":"LinMot &amp; MagSpring - Fran\u00e7ais","description":"Moteurs lin\u00e9aires et des syst\u00e8mes de moteurs lin\u00e9aires de haute qualit\u00e9","publisher":{"@id":"https:\/\/linmot.com\/fr\/#organization"},"potentialAction":[{"@type":"SearchAction","target":{"@type":"EntryPoint","urlTemplate":"https:\/\/linmot.com\/fr\/?s={search_term_string}"},"query-input":{"@type":"PropertyValueSpecification","valueRequired":true,"valueName":"search_term_string"}}],"inLanguage":"fr-FR"},{"@type":"Organization","@id":"https:\/\/linmot.com\/fr\/#organization","name":"NTI AG - LinMot & MagSpring","url":"https:\/\/linmot.com\/fr\/","logo":{"@type":"ImageObject","inLanguage":"fr-FR","@id":"https:\/\/linmot.com\/fr\/#\/schema\/logo\/image\/","url":"https:\/\/linmot.com\/fr\/wp-content\/uploads\/sites\/3\/2022\/05\/linmot-social-share-logo.jpg","contentUrl":"https:\/\/linmot.com\/fr\/wp-content\/uploads\/sites\/3\/2022\/05\/linmot-social-share-logo.jpg","width":800,"height":500,"caption":"NTI AG - LinMot & MagSpring"},"image":{"@id":"https:\/\/linmot.com\/fr\/#\/schema\/logo\/image\/"},"sameAs":["https:\/\/www.linkedin.com\/company\/nti-ag-linmot-magspring","https:\/\/www.youtube.com\/user\/LinMotEurope"]}]}},"_links":{"self":[{"href":"https:\/\/linmot.com\/fr\/wp-json\/wp\/v2\/pages\/1940","targetHints":{"allow":["GET"]}}],"collection":[{"href":"https:\/\/linmot.com\/fr\/wp-json\/wp\/v2\/pages"}],"about":[{"href":"https:\/\/linmot.com\/fr\/wp-json\/wp\/v2\/types\/page"}],"author":[{"embeddable":true,"href":"https:\/\/linmot.com\/fr\/wp-json\/wp\/v2\/users\/9"}],"replies":[{"embeddable":true,"href":"https:\/\/linmot.com\/fr\/wp-json\/wp\/v2\/comments?post=1940"}],"version-history":[{"count":22,"href":"https:\/\/linmot.com\/fr\/wp-json\/wp\/v2\/pages\/1940\/revisions"}],"predecessor-version":[{"id":3479,"href":"https:\/\/linmot.com\/fr\/wp-json\/wp\/v2\/pages\/1940\/revisions\/3479"}],"up":[{"embeddable":true,"href":"https:\/\/linmot.com\/fr\/wp-json\/wp\/v2\/pages\/44"}],"wp:attachment":[{"href":"https:\/\/linmot.com\/fr\/wp-json\/wp\/v2\/media?parent=1940"}],"curies":[{"name":"wp","href":"https:\/\/api.w.org\/{rel}","templated":true}]}}