{"id":193,"date":"2017-11-07T15:05:31","date_gmt":"2017-11-07T14:05:31","guid":{"rendered":"https:\/\/linmot.com\/?page_id=193"},"modified":"2024-08-28T11:29:27","modified_gmt":"2024-08-28T09:29:27","slug":"accessoires","status":"publish","type":"page","link":"https:\/\/linmot.com\/fr\/produits\/accessoires\/","title":{"rendered":"Accessoires"},"content":{"rendered":"<div class=\"main_d\">\n<div id=\"c316\" class=\"csc-default\">\n<p class=\"bodytext\">Les accessoires LinMot sont adapt\u00e9s aux moteurs lin\u00e9aires, qui permettent ainsi une mise en \u0153uvre rapide. Ces accessoires, d\u00e9velopp\u00e9s sp\u00e9cialement pour LinMot, garantissent ainsi un fonctionnement s\u00fbr et fiable des moteurs lin\u00e9aires.<\/p>\n<h2>\u00c9lectriques<\/h2>\n<\/div>\n<\/div>\n<div class=\"row\">\n<div class=\"col-md-4\">\n<h4>C\u00e2ble moteur<\/h4>\n<p><img loading=\"lazy\" decoding=\"async\" class=\"aligncenter wp-image-294 size-full\" src=\"https:\/\/linmot.com\/fr\/wp-content\/uploads\/sites\/3\/2017\/11\/LinMot-motor-cable-1.jpg\" alt=\"Accessoires - C\u00e2ble moteur\" width=\"300\" height=\"150\" \/><br \/>\nDiff\u00e9rentes solutions de c\u00e2bles\u00a0: fixe, cha\u00eene porte c\u00e2bles, ou applications robotiques<br \/>\n<\/div>\n<div class=\"col-md-4\">\n<h4>C\u00e2ble de connexion et convertisseur<\/h4>\n<p><img loading=\"lazy\" decoding=\"async\" class=\"alignnone wp-image-414 size-full\" src=\"https:\/\/linmot.com\/fr\/wp-content\/uploads\/sites\/3\/2017\/11\/LinMot-connector-cable-and-converter-1.jpg\" alt=\"Accessoires - C\u00e2ble de connexion et convertisseur\" width=\"300\" height=\"150\" \/><br \/>\nC\u00e2ble de configuration et c\u00e2ble d\u2019interface PC<br \/>\n<\/div>\n<div class=\"col-md-4\">\n<h4>Capteur de position externe<\/h4>\n<p><img loading=\"lazy\" decoding=\"async\" class=\"alignnone wp-image-415 size-full\" src=\"https:\/\/linmot.com\/fr\/wp-content\/uploads\/sites\/3\/2017\/11\/LinMot-external-position-sensor-1.jpg\" alt=\"Accessoires - Capteur de position externe\" width=\"300\" height=\"150\" \/><br \/>\nPour les applications \u00e0 haute pr\u00e9cision de l\u2019ordre du micron, et\/ou la d\u00e9tection de la position absolue<br \/>\n<\/div>\n<\/div>\n<div class=\"row\">\n<div class=\"col-md-4\">\n<h4>Bo\u00eetier de commande<\/h4>\n<p><img loading=\"lazy\" decoding=\"async\" class=\"alignnone wp-image-416 size-full\" src=\"https:\/\/linmot.com\/fr\/wp-content\/uploads\/sites\/3\/2017\/11\/accessories-linmot-control-box-1.jpg\" alt=\"Accessoires - Bo\u00eetier de commande\" width=\"230\" height=\"115\" \/><br \/>\nPour une configuration rapide des <a href=\"\/fr\/produits\/servo-drives\/\">variateurs<\/a><br \/>\n<\/div>\n<div class=\"col-md-4\">\n<h4>Alimentations \u00e0 d\u00e9coupage<\/h4>\n<p><img loading=\"lazy\" decoding=\"async\" class=\"alignnone wp-image-417 size-full\" src=\"https:\/\/linmot.com\/fr\/wp-content\/uploads\/sites\/3\/2017\/11\/accessories-linmot-power-supplies-1.jpg\" alt=\"Accessoires - Alimentations \u00e0 d\u00e9coupage\" width=\"230\" height=\"115\" \/><br \/>\nGamme de puissance de 300 W, 500 W, 1000 W<br \/>\n<\/div>\n<div class=\"col-md-4\">\n<h4>Alimentations par transformateur<\/h4>\n<p><img loading=\"lazy\" decoding=\"async\" class=\"alignnone wp-image-418 size-full\" src=\"https:\/\/linmot.com\/fr\/wp-content\/uploads\/sites\/3\/2017\/11\/LinMot-transformer-supplies-1.jpg\" alt=\"Accessoires - Alimentations par transformateur\" width=\"300\" height=\"150\" \/><br \/>\nGamme de puissance de 420 VA \/ 900 VA \/ 1500 VA<br \/>\n<\/div>\n<\/div>\n<h2>M\u00e9canique<\/h2>\n<div class=\"row\">\n<div class=\"col-md-4\">\n<h4>Brides de montage<\/h4>\n<p><img loading=\"lazy\" decoding=\"async\" class=\"alignnone wp-image-419 size-full\" src=\"https:\/\/linmot.com\/fr\/wp-content\/uploads\/sites\/3\/2017\/11\/LinMot-mounting-flanges-1.jpg\" alt=\"Brides de montage\" width=\"300\" height=\"150\" \/><br \/>\nMontage rapide et refroidissement optimal du moteur<br \/>\n<\/div>\n<div class=\"col-md-4\">\n<h4>Montage des slider<\/h4>\n<p><img loading=\"lazy\" decoding=\"async\" class=\"alignnone wp-image-420 size-full\" src=\"https:\/\/linmot.com\/fr\/wp-content\/uploads\/sites\/3\/2017\/11\/LinMot-slider-mounting-1.jpg\" alt=\"Montage des slider\" width=\"300\" height=\"150\" \/><br \/>\nPr\u00e9vient le d\u00e9faut d\u2019alignement<br \/>\n<\/div>\n<div class=\"col-md-4\">\n<h4>Frein<\/h4>\n<p><img loading=\"lazy\" decoding=\"async\" class=\"alignnone wp-image-421 size-full\" src=\"https:\/\/linmot.com\/fr\/wp-content\/uploads\/sites\/3\/2017\/11\/LinMot-brake-1.jpg\" alt=\"Frein\" width=\"300\" height=\"150\" \/><br \/>\nMaintient la charge en position pour les applications verticales<br \/>\n<\/div>\n<\/div>\n<hr \/>\n<h3>Avez-vous besoin d&rsquo;accessoires?<\/h3>\n<p>Nous acceptons volontiers les commandes d&rsquo;accessoires via notre e-catalogue :<\/p>\n<p><a class=\"btn btn-active\" href=\"https:\/\/shop.linmot.com\/\" target=\"_blank\" rel=\"noopener noreferrer\">Vers le e-catalogue<\/a><\/p>\n","protected":false},"excerpt":{"rendered":"<p>Les accessoires LinMot sont adapt\u00e9s aux moteurs lin\u00e9aires, qui permettent ainsi une mise en \u0153uvre rapide. Ces accessoires, d\u00e9velopp\u00e9s sp\u00e9cialement pour LinMot, garantissent ainsi un fonctionnement s\u00fbr et fiable des moteurs lin\u00e9aires. \u00c9lectriques M\u00e9canique Avez-vous besoin d&rsquo;accessoires? Nous acceptons volontiers les commandes d&rsquo;accessoires via notre e-catalogue : Vers le e-catalogue<\/p>\n","protected":false},"author":1,"featured_media":0,"parent":1210,"menu_order":73,"comment_status":"closed","ping_status":"closed","template":"","meta":{"_acf_changed":false,"footnotes":""},"class_list":["post-193","page","type-page","status-publish","hentry"],"acf":[],"yoast_head":"<!-- This site is optimized with the Yoast SEO Premium plugin v20.9 (Yoast SEO v27.2) - https:\/\/yoast.com\/product\/yoast-seo-premium-wordpress\/ -->\n<title>Accessoires - c\u00e2ble moteur, alimentation \u00e0 d\u00e9coupage, brides moteur<\/title>\n<meta name=\"description\" content=\"La gamme compl\u00e8te d&#039;accessoires, comme les c\u00e2bles et les brides, permet de r\u00e9aliser rapidement et facilement une grande vari\u00e9t\u00e9 de t\u00e2ches.\" \/>\n<meta name=\"robots\" content=\"index, follow, max-snippet:-1, max-image-preview:large, max-video-preview:-1\" \/>\n<link rel=\"canonical\" href=\"https:\/\/linmot.com\/fr\/produits\/accessoires\/\" \/>\n<meta property=\"og:locale\" content=\"fr_FR\" \/>\n<meta property=\"og:type\" content=\"article\" \/>\n<meta property=\"og:title\" content=\"Accessoires - c\u00e2ble moteur, alimentation \u00e0 d\u00e9coupage, brides moteur\" \/>\n<meta property=\"og:description\" content=\"La gamme compl\u00e8te d&#039;accessoires, comme les c\u00e2bles et les brides, permet de r\u00e9aliser rapidement et facilement une grande vari\u00e9t\u00e9 de t\u00e2ches.\" \/>\n<meta property=\"og:url\" content=\"https:\/\/linmot.com\/fr\/produits\/accessoires\/\" \/>\n<meta property=\"og:site_name\" content=\"LinMot &amp; MagSpring - Fran\u00e7ais\" \/>\n<meta property=\"article:modified_time\" content=\"2024-08-28T09:29:27+00:00\" \/>\n<meta property=\"og:image\" content=\"https:\/\/linmot.com\/fr\/wp-content\/uploads\/sites\/3\/2017\/11\/LinMot-motor-cable-1.jpg\" \/>\n<meta name=\"twitter:card\" content=\"summary_large_image\" \/>\n<meta name=\"twitter:title\" content=\"Accessoires - c\u00e2ble moteur, alimentation \u00e0 d\u00e9coupage, brides moteur\" \/>\n<meta name=\"twitter:description\" content=\"La gamme compl\u00e8te d&#039;accessoires, comme les c\u00e2bles et les brides, permet de r\u00e9aliser rapidement et facilement une grande vari\u00e9t\u00e9 de t\u00e2ches.\" \/>\n<meta name=\"twitter:label1\" content=\"Dur\u00e9e de lecture estim\u00e9e\" \/>\n\t<meta name=\"twitter:data1\" content=\"3 minutes\" \/>\n<script type=\"application\/ld+json\" class=\"yoast-schema-graph\">{\"@context\":\"https:\/\/schema.org\",\"@graph\":[{\"@type\":\"WebPage\",\"@id\":\"https:\/\/linmot.com\/fr\/produits\/accessoires\/\",\"url\":\"https:\/\/linmot.com\/fr\/produits\/accessoires\/\",\"name\":\"Accessoires - c\u00e2ble moteur, alimentation \u00e0 d\u00e9coupage, brides moteur\",\"isPartOf\":{\"@id\":\"https:\/\/linmot.com\/fr\/#website\"},\"primaryImageOfPage\":{\"@id\":\"https:\/\/linmot.com\/fr\/produits\/accessoires\/#primaryimage\"},\"image\":{\"@id\":\"https:\/\/linmot.com\/fr\/produits\/accessoires\/#primaryimage\"},\"thumbnailUrl\":\"https:\/\/linmot.com\/fr\/wp-content\/uploads\/sites\/3\/2017\/11\/LinMot-motor-cable-1.jpg\",\"datePublished\":\"2017-11-07T14:05:31+00:00\",\"dateModified\":\"2024-08-28T09:29:27+00:00\",\"description\":\"La gamme compl\u00e8te d'accessoires, comme les c\u00e2bles et les brides, permet de r\u00e9aliser rapidement et facilement une grande vari\u00e9t\u00e9 de t\u00e2ches.\",\"breadcrumb\":{\"@id\":\"https:\/\/linmot.com\/fr\/produits\/accessoires\/#breadcrumb\"},\"inLanguage\":\"fr-FR\",\"potentialAction\":[{\"@type\":\"ReadAction\",\"target\":[\"https:\/\/linmot.com\/fr\/produits\/accessoires\/\"]}]},{\"@type\":\"ImageObject\",\"inLanguage\":\"fr-FR\",\"@id\":\"https:\/\/linmot.com\/fr\/produits\/accessoires\/#primaryimage\",\"url\":\"https:\/\/linmot.com\/fr\/wp-content\/uploads\/sites\/3\/2017\/11\/LinMot-motor-cable-1.jpg\",\"contentUrl\":\"https:\/\/linmot.com\/fr\/wp-content\/uploads\/sites\/3\/2017\/11\/LinMot-motor-cable-1.jpg\",\"width\":300,\"height\":150,\"caption\":\"\"},{\"@type\":\"BreadcrumbList\",\"@id\":\"https:\/\/linmot.com\/fr\/produits\/accessoires\/#breadcrumb\",\"itemListElement\":[{\"@type\":\"ListItem\",\"position\":1,\"name\":\"Home\",\"item\":\"https:\/\/linmot.com\/fr\/\"},{\"@type\":\"ListItem\",\"position\":2,\"name\":\"Produits\",\"item\":\"https:\/\/linmot.com\/fr\/produits\/\"},{\"@type\":\"ListItem\",\"position\":3,\"name\":\"Accessoires\"}]},{\"@type\":\"WebSite\",\"@id\":\"https:\/\/linmot.com\/fr\/#website\",\"url\":\"https:\/\/linmot.com\/fr\/\",\"name\":\"LinMot &amp; MagSpring - Fran\u00e7ais\",\"description\":\"Moteurs lin\u00e9aires et des syst\u00e8mes de moteurs lin\u00e9aires de haute qualit\u00e9\",\"publisher\":{\"@id\":\"https:\/\/linmot.com\/fr\/#organization\"},\"potentialAction\":[{\"@type\":\"SearchAction\",\"target\":{\"@type\":\"EntryPoint\",\"urlTemplate\":\"https:\/\/linmot.com\/fr\/?s={search_term_string}\"},\"query-input\":{\"@type\":\"PropertyValueSpecification\",\"valueRequired\":true,\"valueName\":\"search_term_string\"}}],\"inLanguage\":\"fr-FR\"},{\"@type\":\"Organization\",\"@id\":\"https:\/\/linmot.com\/fr\/#organization\",\"name\":\"NTI AG - LinMot & MagSpring\",\"url\":\"https:\/\/linmot.com\/fr\/\",\"logo\":{\"@type\":\"ImageObject\",\"inLanguage\":\"fr-FR\",\"@id\":\"https:\/\/linmot.com\/fr\/#\/schema\/logo\/image\/\",\"url\":\"https:\/\/linmot.com\/fr\/wp-content\/uploads\/sites\/3\/2022\/05\/linmot-social-share-logo.jpg\",\"contentUrl\":\"https:\/\/linmot.com\/fr\/wp-content\/uploads\/sites\/3\/2022\/05\/linmot-social-share-logo.jpg\",\"width\":800,\"height\":500,\"caption\":\"NTI AG - LinMot & MagSpring\"},\"image\":{\"@id\":\"https:\/\/linmot.com\/fr\/#\/schema\/logo\/image\/\"},\"sameAs\":[\"https:\/\/www.linkedin.com\/company\/nti-ag-linmot-magspring\",\"https:\/\/www.youtube.com\/user\/LinMotEurope\"]}]}<\/script>\n<!-- \/ Yoast SEO Premium plugin. -->","yoast_head_json":{"title":"Accessoires - c\u00e2ble moteur, alimentation \u00e0 d\u00e9coupage, brides moteur","description":"La gamme compl\u00e8te d'accessoires, comme les c\u00e2bles et les brides, permet de r\u00e9aliser rapidement et facilement une grande vari\u00e9t\u00e9 de t\u00e2ches.","robots":{"index":"index","follow":"follow","max-snippet":"max-snippet:-1","max-image-preview":"max-image-preview:large","max-video-preview":"max-video-preview:-1"},"canonical":"https:\/\/linmot.com\/fr\/produits\/accessoires\/","og_locale":"fr_FR","og_type":"article","og_title":"Accessoires - c\u00e2ble moteur, alimentation \u00e0 d\u00e9coupage, brides moteur","og_description":"La gamme compl\u00e8te d'accessoires, comme les c\u00e2bles et les brides, permet de r\u00e9aliser rapidement et facilement une grande vari\u00e9t\u00e9 de t\u00e2ches.","og_url":"https:\/\/linmot.com\/fr\/produits\/accessoires\/","og_site_name":"LinMot &amp; MagSpring - Fran\u00e7ais","article_modified_time":"2024-08-28T09:29:27+00:00","og_image":[{"url":"https:\/\/linmot.com\/fr\/wp-content\/uploads\/sites\/3\/2017\/11\/LinMot-motor-cable-1.jpg","type":"","width":"","height":""}],"twitter_card":"summary_large_image","twitter_title":"Accessoires - c\u00e2ble moteur, alimentation \u00e0 d\u00e9coupage, brides moteur","twitter_description":"La gamme compl\u00e8te d'accessoires, comme les c\u00e2bles et les brides, permet de r\u00e9aliser rapidement et facilement une grande vari\u00e9t\u00e9 de t\u00e2ches.","twitter_misc":{"Dur\u00e9e de lecture estim\u00e9e":"3 minutes"},"schema":{"@context":"https:\/\/schema.org","@graph":[{"@type":"WebPage","@id":"https:\/\/linmot.com\/fr\/produits\/accessoires\/","url":"https:\/\/linmot.com\/fr\/produits\/accessoires\/","name":"Accessoires - c\u00e2ble moteur, alimentation \u00e0 d\u00e9coupage, brides moteur","isPartOf":{"@id":"https:\/\/linmot.com\/fr\/#website"},"primaryImageOfPage":{"@id":"https:\/\/linmot.com\/fr\/produits\/accessoires\/#primaryimage"},"image":{"@id":"https:\/\/linmot.com\/fr\/produits\/accessoires\/#primaryimage"},"thumbnailUrl":"https:\/\/linmot.com\/fr\/wp-content\/uploads\/sites\/3\/2017\/11\/LinMot-motor-cable-1.jpg","datePublished":"2017-11-07T14:05:31+00:00","dateModified":"2024-08-28T09:29:27+00:00","description":"La gamme compl\u00e8te d'accessoires, comme les c\u00e2bles et les brides, permet de r\u00e9aliser rapidement et facilement une grande vari\u00e9t\u00e9 de t\u00e2ches.","breadcrumb":{"@id":"https:\/\/linmot.com\/fr\/produits\/accessoires\/#breadcrumb"},"inLanguage":"fr-FR","potentialAction":[{"@type":"ReadAction","target":["https:\/\/linmot.com\/fr\/produits\/accessoires\/"]}]},{"@type":"ImageObject","inLanguage":"fr-FR","@id":"https:\/\/linmot.com\/fr\/produits\/accessoires\/#primaryimage","url":"https:\/\/linmot.com\/fr\/wp-content\/uploads\/sites\/3\/2017\/11\/LinMot-motor-cable-1.jpg","contentUrl":"https:\/\/linmot.com\/fr\/wp-content\/uploads\/sites\/3\/2017\/11\/LinMot-motor-cable-1.jpg","width":300,"height":150,"caption":""},{"@type":"BreadcrumbList","@id":"https:\/\/linmot.com\/fr\/produits\/accessoires\/#breadcrumb","itemListElement":[{"@type":"ListItem","position":1,"name":"Home","item":"https:\/\/linmot.com\/fr\/"},{"@type":"ListItem","position":2,"name":"Produits","item":"https:\/\/linmot.com\/fr\/produits\/"},{"@type":"ListItem","position":3,"name":"Accessoires"}]},{"@type":"WebSite","@id":"https:\/\/linmot.com\/fr\/#website","url":"https:\/\/linmot.com\/fr\/","name":"LinMot &amp; MagSpring - Fran\u00e7ais","description":"Moteurs lin\u00e9aires et des syst\u00e8mes de moteurs lin\u00e9aires de haute qualit\u00e9","publisher":{"@id":"https:\/\/linmot.com\/fr\/#organization"},"potentialAction":[{"@type":"SearchAction","target":{"@type":"EntryPoint","urlTemplate":"https:\/\/linmot.com\/fr\/?s={search_term_string}"},"query-input":{"@type":"PropertyValueSpecification","valueRequired":true,"valueName":"search_term_string"}}],"inLanguage":"fr-FR"},{"@type":"Organization","@id":"https:\/\/linmot.com\/fr\/#organization","name":"NTI AG - LinMot & MagSpring","url":"https:\/\/linmot.com\/fr\/","logo":{"@type":"ImageObject","inLanguage":"fr-FR","@id":"https:\/\/linmot.com\/fr\/#\/schema\/logo\/image\/","url":"https:\/\/linmot.com\/fr\/wp-content\/uploads\/sites\/3\/2022\/05\/linmot-social-share-logo.jpg","contentUrl":"https:\/\/linmot.com\/fr\/wp-content\/uploads\/sites\/3\/2022\/05\/linmot-social-share-logo.jpg","width":800,"height":500,"caption":"NTI AG - LinMot & MagSpring"},"image":{"@id":"https:\/\/linmot.com\/fr\/#\/schema\/logo\/image\/"},"sameAs":["https:\/\/www.linkedin.com\/company\/nti-ag-linmot-magspring","https:\/\/www.youtube.com\/user\/LinMotEurope"]}]}},"_links":{"self":[{"href":"https:\/\/linmot.com\/fr\/wp-json\/wp\/v2\/pages\/193","targetHints":{"allow":["GET"]}}],"collection":[{"href":"https:\/\/linmot.com\/fr\/wp-json\/wp\/v2\/pages"}],"about":[{"href":"https:\/\/linmot.com\/fr\/wp-json\/wp\/v2\/types\/page"}],"author":[{"embeddable":true,"href":"https:\/\/linmot.com\/fr\/wp-json\/wp\/v2\/users\/1"}],"replies":[{"embeddable":true,"href":"https:\/\/linmot.com\/fr\/wp-json\/wp\/v2\/comments?post=193"}],"version-history":[{"count":8,"href":"https:\/\/linmot.com\/fr\/wp-json\/wp\/v2\/pages\/193\/revisions"}],"predecessor-version":[{"id":3457,"href":"https:\/\/linmot.com\/fr\/wp-json\/wp\/v2\/pages\/193\/revisions\/3457"}],"up":[{"embeddable":true,"href":"https:\/\/linmot.com\/fr\/wp-json\/wp\/v2\/pages\/1210"}],"wp:attachment":[{"href":"https:\/\/linmot.com\/fr\/wp-json\/wp\/v2\/media?parent=193"}],"curies":[{"name":"wp","href":"https:\/\/api.w.org\/{rel}","templated":true}]}}