{"id":1874,"date":"2021-11-04T15:10:57","date_gmt":"2021-11-04T14:10:57","guid":{"rendered":"https:\/\/linmot.com\/fr\/?page_id=1874"},"modified":"2024-08-28T15:57:41","modified_gmt":"2024-08-28T13:57:41","slug":"guidage-lineaire-f01-e01","status":"publish","type":"page","link":"https:\/\/linmot.com\/fr\/produits\/guidage-lineaire-module-lineaire\/guidage-lineaire-f01-e01\/","title":{"rendered":"Modules FM01\/EM01"},"content":{"rendered":"<p align=\"justify\"><strong>Les modules LinMot FM01 et EM01 sont des applications de stator mobile avec des moteurs tubulaires lin\u00e9aires. La construction m\u00e9canique est bas\u00e9e sur un profil\u00e9 sp\u00e9cial en aluminium sur lequel sont fix\u00e9s jusqu&rsquo;\u00e0 deux guides de rail profil\u00e9 de haute pr\u00e9cision. L&rsquo;utilisation de roulements \u00e0 billes dans les chariots garantit un fonctionnement fiable et r\u00e9gulier, l&rsquo;absorption des forces externes, des couples et des moments de flexion. Ces produits offrent une grande pr\u00e9cision de guidage, permettent un positionnement dynamique et pr\u00e9cis de la charge. Les guides peuvent \u00eatre assembl\u00e9s dans une conception de portique ou de semi-port\u00e9e sans adaptateurs suppl\u00e9mentaires. Il est \u00e9galement possible de faire fonctionner plusieurs stators sur le m\u00eame guide. Gr\u00e2ce \u00e0 leur compatibilit\u00e9 m\u00e9canique directe avec d&rsquo;autres guides d&rsquo;axe vertical, moteurs rotatifs lin\u00e9aires et autres produits LinMot, combin\u00e9e \u00e0 la large gamme de courses disponibles pour tous les axes, les guides \u00e0 stator mobile constituent une bo\u00eete \u00e0 outils puissante pour toute t\u00e2che d&rsquo;automatisation.<\/strong><\/p>\n<hr \/>\n<div class=\"row\">\n<div class=\"col-sm-2\">\n<p><a class=\"button\" href=\"#details\">1. Pr\u00e9cisions<\/a><\/p>\n<\/div>\n<div class=\"col-sm-1\">\n<\/div>\n<div class=\"col-sm-2\">\n<p><a class=\"button\" href=\"#videos\">2. Vid\u00e9os<\/a><\/p>\n<\/div>\n<div class=\"col-sm-1\">\n<\/div>\n<div class=\"col-sm-2\">\n<p><a class=\"button\" href=\"#contact\">3. Contact<\/a><\/p>\n<\/div>\n<\/div>\n<hr \/>\n<h3 id=\"details\">1. Pr\u00e9cisions<\/h3>\n<h2>FM01-modules<\/h2>\n<p>Modules \u00e0 faible frottement, con\u00e7us pour des charges normales avec des charges statiques et dynamiques inf\u00e9rieures, o\u00f9 les moments statiques et dynamiques sont autoris\u00e9s.<\/p>\n<div class=\"row\">\n<div class=\"col-md-5\">\n<ul>\n<li>Profil\u00e9 sp\u00e9cial en aluminium avec un module de rail profil\u00e9 de haute pr\u00e9cision<\/li>\n<li>Les roulements \u00e0 billes des chariots garantissent un fonctionnement fiable et sans \u00e0-coups<\/li>\n<li>Montage sur une construction \u00e0 portique sans adaptateur suppl\u00e9mentaire<\/li>\n<li>Grande vitesse avec une conception tr\u00e8s courte<\/li>\n<li>En option, avec un capteur externe pour une pr\u00e9cision encore plus \u00e9lev\u00e9e<\/li>\n<\/ul>\n<\/div>\n<div class=\"col-md-7\">\n<div class=\"carousel slide\" id=\"1d7430261fb4ae24fe490ba77d0b16df\" data-ride=\"carousel\">  <div class=\"carousel-inner\" role=\"listbox\">    <div class=\"item active\">      <img decoding=\"async\" src=\"https:\/\/linmot.com\/fr\/wp-content\/uploads\/sites\/3\/2021\/09\/2-LinMot-F-Guides-F01-37S-mounted-linmot-motorPR01-52-1.jpg\" alt=\"...\">    <\/div>    <div class=\"item\">      <img decoding=\"async\" src=\"https:\/\/linmot.com\/fr\/wp-content\/uploads\/sites\/3\/2021\/09\/3-LinMot-F-Guides-F01-Gantry-design.jpg\" alt=\"...\">    <\/div>    <div class=\"item\">      <img decoding=\"async\" src=\"https:\/\/linmot.com\/fr\/wp-content\/uploads\/sites\/3\/2021\/09\/4-LinMot-F-Guides-F01-H01-guide-for-z-axis.jpg\" alt=\"...\">    <\/div>    <div class=\"item\">      <img decoding=\"async\" src=\"https:\/\/linmot.com\/fr\/wp-content\/uploads\/sites\/3\/2021\/09\/5-LinMot-F-Guides-F01-48-small.jpg\" alt=\"...\">    <\/div>    <div class=\"item\">      <img decoding=\"async\" src=\"https:\/\/linmot.com\/fr\/wp-content\/uploads\/sites\/3\/2021\/09\/6-LinMot-F-Guides-F01-37-small.jpg\" alt=\"...\">    <\/div>    <div class=\"item\">      <img decoding=\"async\" src=\"https:\/\/linmot.com\/fr\/wp-content\/uploads\/sites\/3\/2021\/09\/1-LinMot-F-Guides-F01-2-motors-on-track2.jpg\" alt=\"...\">    <\/div>  <\/div><div class=\"navigation\"><a class=\"left carousel-control\" href=\"#1d7430261fb4ae24fe490ba77d0b16df\" role=\"button\" data-slide=\"prev\"><\/a><a class=\"right carousel-control\" href=\"#1d7430261fb4ae24fe490ba77d0b16df\" role=\"button\" data-slide=\"next\"><\/a><\/div><\/div>\n<\/div>\n<\/div>\n<h2>EM01-modules<\/h2>\n<p>Modules con\u00e7us pour des charges plus lourdes et une longue dur\u00e9e de chargement. Deux rails de guidage et des chariots parall\u00e8les \u00e9liminent les vibrations de torsion. Une version renforc\u00e9e des rails de module EM01 avec quatre chariots sur deux rails offre encore plus de rigidit\u00e9 m\u00e9canique.<\/p>\n<div class=\"row\">\n<div class=\"col-md-5\">\n<ul>\n<li>\u00c9liminer les moments de basculement<\/li>\n<li>Profil\u00e9 sp\u00e9cial en aluminium avec un module de rail profil\u00e9 de haute pr\u00e9cision<\/li>\n<li>Jusqu&rsquo;\u00e0 quatre chariots sur deux rails de guidage parall\u00e8les<\/li>\n<li>Les roulements \u00e0 billes des chariots garantissent un fonctionnement fiable et sans faille<\/li>\n<li>Grande vitesse avec une conception tr\u00e8s courte<\/li>\n<li>En option, avec un capteur externe pour une pr\u00e9cision encore plus \u00e9lev\u00e9e<\/li>\n<\/ul>\n<\/div>\n<div class=\"col-md-7\">\n<div class=\"carousel slide\" id=\"dc3d61b850a3a3d437125a514ece46f9\" data-ride=\"carousel\">  <div class=\"carousel-inner\" role=\"listbox\">    <div class=\"item active\">      <img decoding=\"async\" src=\"https:\/\/linmot.com\/fr\/wp-content\/uploads\/sites\/3\/2021\/09\/1-LinMot-E-Guides-EM01-37Sx-heavy-duty-40.jpg\" alt=\"...\">    <\/div>    <div class=\"item\">      <img decoding=\"async\" src=\"https:\/\/linmot.com\/fr\/wp-content\/uploads\/sites\/3\/2021\/09\/2-LinMot-E-Guides-E01-PR01.jpg\" alt=\"...\">    <\/div>    <div class=\"item\">      <img decoding=\"async\" src=\"https:\/\/linmot.com\/fr\/wp-content\/uploads\/sites\/3\/2021\/09\/3-LinMot-E-Guides-FEF-Gantry-PR02-52.jpg\" alt=\"...\">    <\/div>  <\/div><div class=\"navigation\"><a class=\"left carousel-control\" href=\"#dc3d61b850a3a3d437125a514ece46f9\" role=\"button\" data-slide=\"prev\"><\/a><a class=\"right carousel-control\" href=\"#dc3d61b850a3a3d437125a514ece46f9\" role=\"button\" data-slide=\"next\"><\/a><\/div><\/div>\n<\/div>\n<\/div>\n<p><a class=\"btn btn-active\" href=\"https:\/\/shop.linmot.com\/E\/linear-modules-&amp;-guides\/linear-modules-em-fm.htm\" target=\"_blank\" rel=\"noopener noreferrer\">Vers les d\u00e9tails dans le e-catalogue (anglais)<\/a><\/p>\n<h2>Avantages du produit<\/h2>\n<div class=\"row\">\n<div class=\"col-md-4\">\n<h4>Versions multi-axes<\/h4>\n<p align=\"justify\">Les modules lin\u00e9aires mobiles offrent un large \u00e9ventail d&rsquo;applications et de possibilit\u00e9s de conception. L&rsquo;utilisateur peut facilement r\u00e9aliser des applications telles que le pick &amp; place, la prise, la rotation et le placement, multiples chariots et configurations de portiques, le stator multiple et la configuration de portique.<\/p>\n<\/div>\n<div class=\"col-md-4\">\n<h4>Roulement \u00e0 billes<\/h4>\n<p align=\"justify\">L&rsquo;utilisation de roulements \u00e0 billes dans les chariots garantit un fonctionnement fiable et r\u00e9gulier, ainsi que l&rsquo;absorption des forces externes, des couples et des moments de flexion.<\/p>\n<\/div>\n<div class=\"col-md-4\">\n<h4>Compatibilit\u00e9 m\u00e9canique<\/h4>\n<p align=\"justify\">Les modules sont con\u00e7us pour \u00eatre m\u00e9caniquement compatibles entre eux et avec une large gamme de <a href=\"\/fr\/les-produits-de-linmot-et-magspring\/\">produits LinMot<\/a>. Cela permet de r\u00e9aliser des conceptions multi-axes compactes \u00e0 partir d&rsquo;une source unique pour une utilisation imm\u00e9diate dans des applications sans avoir \u00e0 d\u00e9velopper des composants suppl\u00e9mentaires en interne.<\/p>\n<\/div>\n<\/div>\n<div class=\"row\">\n<div class=\"col-md-4\">\n<h4>Portique en option<\/h4>\n<p align=\"justify\">Lorsque plus d&rsquo;un axe est n\u00e9cessaire, plusieurs modules peuvent \u00eatre facilement combin\u00e9s dans des conceptions de portique ou de semi-port\u00e9e. Le r\u00e9glage ma\u00eetre-esclave des stators sur un axe programmable simplifie le contr\u00f4le. Une large plage de travail peut \u00eatre obtenue en combinant les courses disponibles.<\/p>\n<\/div>\n<div class=\"col-md-4\">\n<h4>Option de capteur externe<\/h4>\n<p align=\"justify\">En plus des capteurs de position int\u00e9gr\u00e9s au stator lin\u00e9aire du LinMot, des codeurs externes incr\u00e9mentaux et absolus sont disponibles en option. Associ\u00e9s \u00e0 une bande magn\u00e9tique, les capteurs externes constituent un syst\u00e8me de mesure lin\u00e9aire \u00e0 haute r\u00e9solution.<\/p>\n<\/div>\n<\/div>\n<h3 id=\"videos\">2. Videos<\/h3>\n<div class=\"row download\">\n<div class=\"col-md-6\">\n<h4 class=\"download-title\">Animation des modules EM01 et FM01<\/h4>\n<p class=\"bodytext\">Voyez ici une variation des mouvements que nos modules EM01 et FM01 sont capables de faire.<\/p>\n<\/div>\n<div class=\"col-md-1\">\n<\/div>\n<div class=\"col-md-5\">\n<div class=\"brlbs-cmpnt-container brlbs-cmpnt-content-blocker brlbs-cmpnt-with-individual-styles\" data-borlabs-cookie-content-blocker-id=\"default\" data-borlabs-cookie-content=\"PGlmcmFtZSB0aXRsZT0iWW91VHViZSB2aWRlbyBwbGF5ZXIiIHNyYz0iaHR0cHM6Ly93d3cueW91dHViZS5jb20vZW1iZWQveElBUlZqQWtfZXMiIHdpZHRoPSIzOTQiIGhlaWdodD0iMjIwIiBmcmFtZWJvcmRlcj0iMCIgYWxsb3dmdWxsc2NyZWVuPSJhbGxvd2Z1bGxzY3JlZW4iPjwvaWZyYW1lPg==\">\n<div class=\"brlbs-cmpnt-cb-preset-a\">\n<p class=\"brlbs-cmpnt-cb-description\">You are currently viewing a placeholder content from <strong>Default<\/strong>. To access the actual content, click the button below. Please note that doing so will share data with third-party providers.<\/p>\n<div class=\"brlbs-cmpnt-cb-buttons\"> <a class=\"brlbs-cmpnt-cb-btn\" href=\"#\" data-borlabs-cookie-unblock role=\"button\">Unblock content<\/a> <a class=\"brlbs-cmpnt-cb-btn\" href=\"#\" data-borlabs-cookie-accept-service role=\"button\" style=\"display: none\">Accept required service and unblock content<\/a> <\/div>\n<p> <a class=\"brlbs-cmpnt-cb-provider-toggle\" href=\"#\" data-borlabs-cookie-show-provider-information role=\"button\">More Information<\/a> <\/div>\n<\/div>\n<\/div>\n<\/div>\n<h3 id=\"contact\">3. Contact<\/h3>\n<div class=\"row download\">\n<div class=\"col-md-6\">\n<h4>Des questions sur nos modules lin\u00e9aires mobiles?<\/h4>\n<p>Nous serons heureux de r\u00e9pondre \u00e0 vos questions ou de vous donner des conseils.<br \/>\nContactez-nous au Tel : +49 (0)201 858940 0 ou via le formulaire:<\/p>\n<\/div>\n<div class=\"col-md-1\">\n<\/div>\n<div class=\"col-md-5\">\n\n<div class=\"wpcf7 no-js\" id=\"wpcf7-f1702-o1\" lang=\"fr-FR\" dir=\"ltr\" data-wpcf7-id=\"1702\">\n<div class=\"screen-reader-response\"><p role=\"status\" aria-live=\"polite\" aria-atomic=\"true\"><\/p> <ul><\/ul><\/div>\n<form action=\"\/fr\/wp-json\/wp\/v2\/pages\/1874#wpcf7-f1702-o1\" method=\"post\" class=\"wpcf7-form init\" aria-label=\"Formulaire de contact\" novalidate=\"novalidate\" data-status=\"init\">\n<fieldset class=\"hidden-fields-container\"><input type=\"hidden\" name=\"_wpcf7\" value=\"1702\" \/><input type=\"hidden\" name=\"_wpcf7_version\" value=\"6.1.5\" \/><input type=\"hidden\" name=\"_wpcf7_locale\" value=\"fr_FR\" \/><input type=\"hidden\" name=\"_wpcf7_unit_tag\" value=\"wpcf7-f1702-o1\" \/><input type=\"hidden\" name=\"_wpcf7_container_post\" value=\"0\" \/><input type=\"hidden\" name=\"_wpcf7_posted_data_hash\" value=\"\" \/><input type=\"hidden\" name=\"_wpcf7_recaptcha_response\" value=\"\" \/>\n<\/fieldset>\n<label> Votre nom<br>\n    <span class=\"wpcf7-form-control-wrap\" data-name=\"your-name\"><input size=\"40\" maxlength=\"400\" class=\"wpcf7-form-control wpcf7-text wpcf7-validates-as-required\" aria-required=\"true\" aria-invalid=\"false\" value=\"\" type=\"text\" name=\"your-name\" \/><\/span> <\/label>\n<br>\n<label> Votre entreprise<br>\n    <span class=\"wpcf7-form-control-wrap\" data-name=\"your-company\"><input size=\"40\" maxlength=\"400\" class=\"wpcf7-form-control wpcf7-text wpcf7-validates-as-required\" aria-required=\"true\" aria-invalid=\"false\" value=\"\" type=\"text\" name=\"your-company\" \/><\/span> <\/label>\n<br>\n<label> Code postal<br>\n    <span class=\"wpcf7-form-control-wrap\" data-name=\"your-plz\"><input class=\"wpcf7-form-control wpcf7-number wpcf7-validates-as-required wpcf7-validates-as-number\" aria-required=\"true\" aria-invalid=\"false\" value=\"\" type=\"number\" name=\"your-plz\" \/><\/span> <\/label>\n<br>\n<label> Pays<br>\n    <span class=\"wpcf7-form-control-wrap\" data-name=\"your-country\"><input size=\"40\" maxlength=\"400\" class=\"wpcf7-form-control wpcf7-text wpcf7-validates-as-required\" aria-required=\"true\" aria-invalid=\"false\" value=\"\" type=\"text\" name=\"your-country\" \/><\/span> <\/label>\n<br>\n<label> Votre num\u00e9ro de t\u00e9l\u00e9phone<br>\n    <span class=\"wpcf7-form-control-wrap\" data-name=\"your-number\"><input size=\"40\" maxlength=\"400\" class=\"wpcf7-form-control wpcf7-tel wpcf7-validates-as-required wpcf7-text wpcf7-validates-as-tel\" aria-required=\"true\" aria-invalid=\"false\" value=\"\" type=\"tel\" name=\"your-number\" \/><\/span> <\/label>\n<br>\n<label> Votre e-mail<br>\n    <span class=\"wpcf7-form-control-wrap\" data-name=\"your-email\"><input size=\"40\" maxlength=\"400\" class=\"wpcf7-form-control wpcf7-email wpcf7-validates-as-required wpcf7-text wpcf7-validates-as-email\" aria-required=\"true\" aria-invalid=\"false\" value=\"\" type=\"email\" name=\"your-email\" \/><\/span> <\/label>\n<br>\n<label> Votre message (facultatif)<br>\n    <span class=\"wpcf7-form-control-wrap\" data-name=\"your-message\"><textarea cols=\"40\" rows=\"10\" maxlength=\"2000\" class=\"wpcf7-form-control wpcf7-textarea\" aria-invalid=\"false\" name=\"your-message\"><\/textarea><\/span> <\/label>\n<br>\n<input class=\"wpcf7-form-control wpcf7-submit has-spinner\" type=\"submit\" value=\"Envoyer\" \/><div class=\"wpcf7-response-output\" aria-hidden=\"true\"><\/div>\n<\/form>\n<\/div>\n\n<\/div>\n<\/div>\n","protected":false},"excerpt":{"rendered":"<p>Les modules LinMot FM01 et EM01 sont des applications de stator mobile avec des moteurs tubulaires lin\u00e9aires. La construction m\u00e9canique est bas\u00e9e sur un profil\u00e9 sp\u00e9cial en aluminium sur lequel sont fix\u00e9s jusqu&rsquo;\u00e0 deux guides de rail profil\u00e9 de haute pr\u00e9cision. L&rsquo;utilisation de roulements \u00e0 billes dans les chariots garantit un fonctionnement fiable et r\u00e9gulier, [&hellip;]<\/p>\n","protected":false},"author":9,"featured_media":0,"parent":44,"menu_order":60,"comment_status":"closed","ping_status":"closed","template":"","meta":{"_acf_changed":false,"footnotes":""},"class_list":["post-1874","page","type-page","status-publish","hentry"],"acf":[],"yoast_head":"<!-- This site is optimized with the Yoast SEO Premium plugin v20.9 (Yoast SEO v27.3) - https:\/\/yoast.com\/product\/yoast-seo-premium-wordpress\/ -->\n<title>Modules FM01\/EM01 - LinMot &amp; MagSpring - Fran\u00e7ais<\/title>\n<meta name=\"description\" content=\"La structure m\u00e9canique des modules FM01\/EM01 est bas\u00e9e sur un profil\u00e9 en aluminium sur lequel sont fix\u00e9s jusqu&#039;\u00e0 deux guidages sur rail profil\u00e9.\" \/>\n<meta name=\"robots\" content=\"index, follow, max-snippet:-1, max-image-preview:large, max-video-preview:-1\" \/>\n<link rel=\"canonical\" href=\"https:\/\/linmot.com\/fr\/produits\/guidage-lineaire-module-lineaire\/guidage-lineaire-f01-e01\/\" \/>\n<meta property=\"og:locale\" content=\"fr_FR\" \/>\n<meta property=\"og:type\" content=\"article\" \/>\n<meta property=\"og:title\" content=\"Modules FM01\/EM01 - LinMot &amp; MagSpring - Fran\u00e7ais\" \/>\n<meta property=\"og:description\" content=\"La structure m\u00e9canique des modules FM01\/EM01 est bas\u00e9e sur un profil\u00e9 en aluminium sur lequel sont fix\u00e9s jusqu&#039;\u00e0 deux guidages sur rail profil\u00e9.\" \/>\n<meta property=\"og:url\" content=\"https:\/\/linmot.com\/fr\/produits\/guidage-lineaire-module-lineaire\/guidage-lineaire-f01-e01\/\" \/>\n<meta property=\"og:site_name\" content=\"LinMot &amp; MagSpring - Fran\u00e7ais\" \/>\n<meta property=\"article:modified_time\" content=\"2024-08-28T13:57:41+00:00\" \/>\n<meta property=\"og:image\" content=\"https:\/\/linmot.com\/fr\/wp-content\/uploads\/sites\/3\/2021\/09\/4-LinMot-F-Guides-F01-H01-guide-for-z-axis.jpg\" \/>\n\t<meta property=\"og:image:width\" content=\"612\" \/>\n\t<meta property=\"og:image:height\" content=\"190\" \/>\n\t<meta property=\"og:image:type\" content=\"image\/jpeg\" \/>\n<meta name=\"twitter:card\" content=\"summary_large_image\" \/>\n<meta name=\"twitter:title\" content=\"Modules FM01\/EM01 - LinMot &amp; MagSpring - Fran\u00e7ais\" \/>\n<meta name=\"twitter:description\" content=\"La structure m\u00e9canique des modules FM01\/EM01 est bas\u00e9e sur un profil\u00e9 en aluminium sur lequel sont fix\u00e9s jusqu&#039;\u00e0 deux guidages sur rail profil\u00e9.\" \/>\n<meta name=\"twitter:label1\" content=\"Dur\u00e9e de lecture estim\u00e9e\" \/>\n\t<meta name=\"twitter:data1\" content=\"4 minutes\" \/>\n<script type=\"application\/ld+json\" class=\"yoast-schema-graph\">{\"@context\":\"https:\\\/\\\/schema.org\",\"@graph\":[{\"@type\":\"WebPage\",\"@id\":\"https:\\\/\\\/linmot.com\\\/fr\\\/produits\\\/guidage-lineaire-module-lineaire\\\/guidage-lineaire-f01-e01\\\/\",\"url\":\"https:\\\/\\\/linmot.com\\\/fr\\\/produits\\\/guidage-lineaire-module-lineaire\\\/guidage-lineaire-f01-e01\\\/\",\"name\":\"Modules FM01\\\/EM01 - LinMot &amp; MagSpring - Fran\u00e7ais\",\"isPartOf\":{\"@id\":\"https:\\\/\\\/linmot.com\\\/fr\\\/#website\"},\"datePublished\":\"2021-11-04T14:10:57+00:00\",\"dateModified\":\"2024-08-28T13:57:41+00:00\",\"description\":\"La structure m\u00e9canique des modules FM01\\\/EM01 est bas\u00e9e sur un profil\u00e9 en aluminium sur lequel sont fix\u00e9s jusqu'\u00e0 deux guidages sur rail profil\u00e9.\",\"breadcrumb\":{\"@id\":\"https:\\\/\\\/linmot.com\\\/fr\\\/produits\\\/guidage-lineaire-module-lineaire\\\/guidage-lineaire-f01-e01\\\/#breadcrumb\"},\"inLanguage\":\"fr-FR\",\"potentialAction\":[{\"@type\":\"ReadAction\",\"target\":[\"https:\\\/\\\/linmot.com\\\/fr\\\/produits\\\/guidage-lineaire-module-lineaire\\\/guidage-lineaire-f01-e01\\\/\"]}]},{\"@type\":\"BreadcrumbList\",\"@id\":\"https:\\\/\\\/linmot.com\\\/fr\\\/produits\\\/guidage-lineaire-module-lineaire\\\/guidage-lineaire-f01-e01\\\/#breadcrumb\",\"itemListElement\":[{\"@type\":\"ListItem\",\"position\":1,\"name\":\"Home\",\"item\":\"https:\\\/\\\/linmot.com\\\/fr\\\/\"},{\"@type\":\"ListItem\",\"position\":2,\"name\":\"Produits\",\"item\":\"https:\\\/\\\/linmot.com\\\/fr\\\/produits\\\/\"},{\"@type\":\"ListItem\",\"position\":3,\"name\":\"Guidage Lin\u00e9aire \\\/ Module lin\u00e9aire\",\"item\":\"https:\\\/\\\/linmot.com\\\/fr\\\/produits\\\/guidage-lineaire-module-lineaire\\\/\"},{\"@type\":\"ListItem\",\"position\":4,\"name\":\"Modules FM01\\\/EM01\"}]},{\"@type\":\"WebSite\",\"@id\":\"https:\\\/\\\/linmot.com\\\/fr\\\/#website\",\"url\":\"https:\\\/\\\/linmot.com\\\/fr\\\/\",\"name\":\"LinMot &amp; MagSpring - Fran\u00e7ais\",\"description\":\"Moteurs lin\u00e9aires et des syst\u00e8mes de moteurs lin\u00e9aires de haute qualit\u00e9\",\"publisher\":{\"@id\":\"https:\\\/\\\/linmot.com\\\/fr\\\/#organization\"},\"potentialAction\":[{\"@type\":\"SearchAction\",\"target\":{\"@type\":\"EntryPoint\",\"urlTemplate\":\"https:\\\/\\\/linmot.com\\\/fr\\\/?s={search_term_string}\"},\"query-input\":{\"@type\":\"PropertyValueSpecification\",\"valueRequired\":true,\"valueName\":\"search_term_string\"}}],\"inLanguage\":\"fr-FR\"},{\"@type\":\"Organization\",\"@id\":\"https:\\\/\\\/linmot.com\\\/fr\\\/#organization\",\"name\":\"NTI AG - LinMot & MagSpring\",\"url\":\"https:\\\/\\\/linmot.com\\\/fr\\\/\",\"logo\":{\"@type\":\"ImageObject\",\"inLanguage\":\"fr-FR\",\"@id\":\"https:\\\/\\\/linmot.com\\\/fr\\\/#\\\/schema\\\/logo\\\/image\\\/\",\"url\":\"https:\\\/\\\/linmot.com\\\/fr\\\/wp-content\\\/uploads\\\/sites\\\/3\\\/2022\\\/05\\\/linmot-social-share-logo.jpg\",\"contentUrl\":\"https:\\\/\\\/linmot.com\\\/fr\\\/wp-content\\\/uploads\\\/sites\\\/3\\\/2022\\\/05\\\/linmot-social-share-logo.jpg\",\"width\":800,\"height\":500,\"caption\":\"NTI AG - LinMot & MagSpring\"},\"image\":{\"@id\":\"https:\\\/\\\/linmot.com\\\/fr\\\/#\\\/schema\\\/logo\\\/image\\\/\"},\"sameAs\":[\"https:\\\/\\\/www.linkedin.com\\\/company\\\/nti-ag-linmot-magspring\",\"https:\\\/\\\/www.youtube.com\\\/user\\\/LinMotEurope\"]}]}<\/script>\n<!-- \/ Yoast SEO Premium plugin. -->","yoast_head_json":{"title":"Modules FM01\/EM01 - LinMot &amp; MagSpring - Fran\u00e7ais","description":"La structure m\u00e9canique des modules FM01\/EM01 est bas\u00e9e sur un profil\u00e9 en aluminium sur lequel sont fix\u00e9s jusqu'\u00e0 deux guidages sur rail profil\u00e9.","robots":{"index":"index","follow":"follow","max-snippet":"max-snippet:-1","max-image-preview":"max-image-preview:large","max-video-preview":"max-video-preview:-1"},"canonical":"https:\/\/linmot.com\/fr\/produits\/guidage-lineaire-module-lineaire\/guidage-lineaire-f01-e01\/","og_locale":"fr_FR","og_type":"article","og_title":"Modules FM01\/EM01 - LinMot &amp; MagSpring - Fran\u00e7ais","og_description":"La structure m\u00e9canique des modules FM01\/EM01 est bas\u00e9e sur un profil\u00e9 en aluminium sur lequel sont fix\u00e9s jusqu'\u00e0 deux guidages sur rail profil\u00e9.","og_url":"https:\/\/linmot.com\/fr\/produits\/guidage-lineaire-module-lineaire\/guidage-lineaire-f01-e01\/","og_site_name":"LinMot &amp; MagSpring - Fran\u00e7ais","article_modified_time":"2024-08-28T13:57:41+00:00","og_image":[{"width":612,"height":190,"url":"https:\/\/linmot.com\/fr\/wp-content\/uploads\/sites\/3\/2021\/09\/4-LinMot-F-Guides-F01-H01-guide-for-z-axis.jpg","type":"image\/jpeg"}],"twitter_card":"summary_large_image","twitter_title":"Modules FM01\/EM01 - LinMot &amp; MagSpring - Fran\u00e7ais","twitter_description":"La structure m\u00e9canique des modules FM01\/EM01 est bas\u00e9e sur un profil\u00e9 en aluminium sur lequel sont fix\u00e9s jusqu'\u00e0 deux guidages sur rail profil\u00e9.","twitter_misc":{"Dur\u00e9e de lecture estim\u00e9e":"4 minutes"},"schema":{"@context":"https:\/\/schema.org","@graph":[{"@type":"WebPage","@id":"https:\/\/linmot.com\/fr\/produits\/guidage-lineaire-module-lineaire\/guidage-lineaire-f01-e01\/","url":"https:\/\/linmot.com\/fr\/produits\/guidage-lineaire-module-lineaire\/guidage-lineaire-f01-e01\/","name":"Modules FM01\/EM01 - LinMot &amp; MagSpring - Fran\u00e7ais","isPartOf":{"@id":"https:\/\/linmot.com\/fr\/#website"},"datePublished":"2021-11-04T14:10:57+00:00","dateModified":"2024-08-28T13:57:41+00:00","description":"La structure m\u00e9canique des modules FM01\/EM01 est bas\u00e9e sur un profil\u00e9 en aluminium sur lequel sont fix\u00e9s jusqu'\u00e0 deux guidages sur rail profil\u00e9.","breadcrumb":{"@id":"https:\/\/linmot.com\/fr\/produits\/guidage-lineaire-module-lineaire\/guidage-lineaire-f01-e01\/#breadcrumb"},"inLanguage":"fr-FR","potentialAction":[{"@type":"ReadAction","target":["https:\/\/linmot.com\/fr\/produits\/guidage-lineaire-module-lineaire\/guidage-lineaire-f01-e01\/"]}]},{"@type":"BreadcrumbList","@id":"https:\/\/linmot.com\/fr\/produits\/guidage-lineaire-module-lineaire\/guidage-lineaire-f01-e01\/#breadcrumb","itemListElement":[{"@type":"ListItem","position":1,"name":"Home","item":"https:\/\/linmot.com\/fr\/"},{"@type":"ListItem","position":2,"name":"Produits","item":"https:\/\/linmot.com\/fr\/produits\/"},{"@type":"ListItem","position":3,"name":"Guidage Lin\u00e9aire \/ Module lin\u00e9aire","item":"https:\/\/linmot.com\/fr\/produits\/guidage-lineaire-module-lineaire\/"},{"@type":"ListItem","position":4,"name":"Modules FM01\/EM01"}]},{"@type":"WebSite","@id":"https:\/\/linmot.com\/fr\/#website","url":"https:\/\/linmot.com\/fr\/","name":"LinMot &amp; MagSpring - Fran\u00e7ais","description":"Moteurs lin\u00e9aires et des syst\u00e8mes de moteurs lin\u00e9aires de haute qualit\u00e9","publisher":{"@id":"https:\/\/linmot.com\/fr\/#organization"},"potentialAction":[{"@type":"SearchAction","target":{"@type":"EntryPoint","urlTemplate":"https:\/\/linmot.com\/fr\/?s={search_term_string}"},"query-input":{"@type":"PropertyValueSpecification","valueRequired":true,"valueName":"search_term_string"}}],"inLanguage":"fr-FR"},{"@type":"Organization","@id":"https:\/\/linmot.com\/fr\/#organization","name":"NTI AG - LinMot & MagSpring","url":"https:\/\/linmot.com\/fr\/","logo":{"@type":"ImageObject","inLanguage":"fr-FR","@id":"https:\/\/linmot.com\/fr\/#\/schema\/logo\/image\/","url":"https:\/\/linmot.com\/fr\/wp-content\/uploads\/sites\/3\/2022\/05\/linmot-social-share-logo.jpg","contentUrl":"https:\/\/linmot.com\/fr\/wp-content\/uploads\/sites\/3\/2022\/05\/linmot-social-share-logo.jpg","width":800,"height":500,"caption":"NTI AG - LinMot & MagSpring"},"image":{"@id":"https:\/\/linmot.com\/fr\/#\/schema\/logo\/image\/"},"sameAs":["https:\/\/www.linkedin.com\/company\/nti-ag-linmot-magspring","https:\/\/www.youtube.com\/user\/LinMotEurope"]}]}},"_links":{"self":[{"href":"https:\/\/linmot.com\/fr\/wp-json\/wp\/v2\/pages\/1874","targetHints":{"allow":["GET"]}}],"collection":[{"href":"https:\/\/linmot.com\/fr\/wp-json\/wp\/v2\/pages"}],"about":[{"href":"https:\/\/linmot.com\/fr\/wp-json\/wp\/v2\/types\/page"}],"author":[{"embeddable":true,"href":"https:\/\/linmot.com\/fr\/wp-json\/wp\/v2\/users\/9"}],"replies":[{"embeddable":true,"href":"https:\/\/linmot.com\/fr\/wp-json\/wp\/v2\/comments?post=1874"}],"version-history":[{"count":28,"href":"https:\/\/linmot.com\/fr\/wp-json\/wp\/v2\/pages\/1874\/revisions"}],"predecessor-version":[{"id":3475,"href":"https:\/\/linmot.com\/fr\/wp-json\/wp\/v2\/pages\/1874\/revisions\/3475"}],"up":[{"embeddable":true,"href":"https:\/\/linmot.com\/fr\/wp-json\/wp\/v2\/pages\/44"}],"wp:attachment":[{"href":"https:\/\/linmot.com\/fr\/wp-json\/wp\/v2\/media?parent=1874"}],"curies":[{"name":"wp","href":"https:\/\/api.w.org\/{rel}","templated":true}]}}