{"id":1868,"date":"2021-09-27T14:19:53","date_gmt":"2021-09-27T12:19:53","guid":{"rendered":"https:\/\/linmot.com\/fr\/?page_id=1868"},"modified":"2024-08-28T11:42:00","modified_gmt":"2024-08-28T09:42:00","slug":"un-design-astucieux-pour-des-performances-enormes-moteurs-lineaires-en-acier-inoxydable-sscp","status":"publish","type":"page","link":"https:\/\/linmot.com\/fr\/un-design-astucieux-pour-des-performances-enormes-moteurs-lineaires-en-acier-inoxydable-sscp\/","title":{"rendered":"Un design astucieux pour des performances \u00e9normes &#8211; moteurs lin\u00e9aires en acier inoxydable SSCP"},"content":{"rendered":"<p><strong>La conception intelligente des moteurs lin\u00e9aires en acier inoxydable permet une densit\u00e9 de puissance maximale avec un faible encombrement. Le bo\u00eetier en acier inoxydable des moteurs lin\u00e9aires leur conf\u00e8re une r\u00e9sistance extr\u00eamement \u00e9lev\u00e9e aux produits de nettoyage et autres influences environnementales. Les moteurs sont utilis\u00e9s pour torr\u00e9fier le pr\u00e9cieux caf\u00e9, remplir de d\u00e9licieuses bi\u00e8res, pr\u00e9parer de savoureux produits de boulangerie ou emballer des produits carn\u00e9s.<\/strong><\/p>\n<hr \/>\n<div class=\"row download\">\n<div class=\"col-md-7\">\n<h3>En bref<\/h3>\n<ul>\n<li>Moteurs lin\u00e9aires compacts pour les applications exigeantes<\/li>\n<li>Moteurs en acier inoxydable avec une force de pointe de 67N \u00e0 2180N<\/li>\n<li>Bo\u00eetier en acier inoxydable EN 1.4404 \/ AISI 316L<\/li>\n<li>Haute r\u00e9sistance aux agents de nettoyage et aux produits chimiques<\/li>\n<li>Montage et mise en service rapides gr\u00e2ce \u00e0 la fonction \u00ab\u00a0Plug and Play\u00a0\u00bb<\/li>\n<li>Simulation de charge simple gr\u00e2ce au logiciel LinMot Designer<\/li>\n<\/ul>\n<\/div>\n<div class=\"col-md-5\">\n<div class=\"brlbs-cmpnt-container brlbs-cmpnt-content-blocker brlbs-cmpnt-with-individual-styles\" data-borlabs-cookie-content-blocker-id=\"default\" data-borlabs-cookie-content=\"PGlmcmFtZSB0aXRsZT0iWW91VHViZSB2aWRlbyBwbGF5ZXIiIHNyYz0iaHR0cHM6Ly93d3cueW91dHViZS5jb20vZW1iZWQvcjdMallqQURURDAiIHdpZHRoPSIzOTAiIGhlaWdodD0iMjgwIiBmcmFtZWJvcmRlcj0iMCIgYWxsb3dmdWxsc2NyZWVuPSJhbGxvd2Z1bGxzY3JlZW4iPjwvaWZyYW1lPg==\">\n<div class=\"brlbs-cmpnt-cb-preset-a\">\n<p class=\"brlbs-cmpnt-cb-description\">You are currently viewing a placeholder content from <strong>Default<\/strong>. To access the actual content, click the button below. Please note that doing so will share data with third-party providers.<\/p>\n<div class=\"brlbs-cmpnt-cb-buttons\"> <a class=\"brlbs-cmpnt-cb-btn\" href=\"#\" data-borlabs-cookie-unblock role=\"button\">Unblock content<\/a> <a class=\"brlbs-cmpnt-cb-btn\" href=\"#\" data-borlabs-cookie-accept-service role=\"button\" style=\"display: none\">Accept required service and unblock content<\/a> <\/div>\n<p> <a class=\"brlbs-cmpnt-cb-provider-toggle\" href=\"#\" data-borlabs-cookie-show-provider-information role=\"button\">More Information<\/a> <\/div>\n<\/div>\n<\/div>\n<\/div>\n<hr \/>\n<h3>En savoir plus sur les moteurs lin\u00e9aires en acier inoxydable SSCP<\/h3>\n<div class=\"row download\">\n<div class=\"col-md-4\">\n<ul>\n<li>D\u00e9tails des moteurs SSCP<\/li>\n<li>Rapports d&rsquo;application<\/li>\n<li>La fonctionnalit\u00e9 en d\u00e9tail<\/li>\n<\/ul>\n<p><a class=\"button\" href=\"https:\/\/linmot.com\/fr\/produits\/moteur-inox\/moteurs-lineaires-sscp\/\" rel=\"noopener\">Vers la page du produit<\/a><br \/>\n<\/div>\n<div class=\"col-md-4\">\n<ul>\n<li>Fiches techniques<\/li>\n<li>Instructions d&rsquo;installation<\/li>\n<li>Logiciel<\/li>\n<\/ul>\n<p><a class=\"button\" href=\"https:\/\/shop.linmot.com\/E\/linear-motors\/linear-motors-stainless-steel.htm\" rel=\"noopener\">Vers le e-catalogue<\/a><br \/>\n<\/div>\n<div class=\"col-md-4\">\n<ul>\n<li>Vid\u00e9os: Exemples d&rsquo;application<\/li>\n<li>Vid\u00e9os: D\u00e9monstrations<\/li>\n<li>Vid\u00e9os: Remplissage<\/li>\n<\/ul>\n<p><a class=\"button\" href=\"https:\/\/www.youtube.com\/watch?v=r7LjYjADTD0&amp;list=PLR_bmqMbOMGfdNDk2NmeQatyzWRGq7AHG\" rel=\"noopener\">Vers Youtube<\/a><br \/>\n<\/div>\n<\/div>\n<hr \/>\n<h3>Exemples de l&rsquo;industrie<\/h3>\n<div class=\"row\">\n<div class=\"col-md-4\">\n<a href=\"https:\/\/linmot.com\/fr\/solutions-industrielles\/alimentaire\/\">Alimentaire<\/a><br \/>\n<img loading=\"lazy\" decoding=\"async\" class=\"size-full wp-image-1975\" src=\"https:\/\/linmot.com\/de\/wp-content\/uploads\/sites\/2\/2021\/07\/icon-food.png\" alt=\"\" width=\"71\" height=\"39\" \/><br \/>\n<\/div>\n<div class=\"col-md-4\">\n<a href=\"https:\/\/linmot.com\/fr\/solutions-industrielles\/medical-et-pharmaceutique\/\">M\u00e9dical et Pharmaceutique<\/a><br \/>\n<img loading=\"lazy\" decoding=\"async\" class=\"alignnone wp-image-2020 size-full\" src=\"https:\/\/linmot.com\/de\/wp-content\/uploads\/sites\/2\/2021\/07\/icon-pharma.jpg\" alt=\"\" width=\"63\" height=\"48\" \/><br \/>\n<\/div>\n<div class=\"col-md-4\">\n<a href=\"https:\/\/linmot.com\/fr\/solutions-industrielles\/alimentaire\/\">Boissons<\/a><br \/>\n<img loading=\"lazy\" decoding=\"async\" class=\"alignnone wp-image-2021 size-full\" src=\"https:\/\/linmot.com\/de\/wp-content\/uploads\/sites\/2\/2021\/07\/icon-food-beverage.png\" alt=\"\" width=\"92\" height=\"40\" \/><br \/>\n<\/div>\n<\/div>\n<hr \/>\n<h3>Plus de produits<\/h3>\n<div class=\"row\">\n<div class=\"col-md-4\">\n<p><strong>Modules lin\u00e9aires en acier inoxydable SM01<\/strong><\/p>\n<img loading=\"lazy\" decoding=\"async\" class=\"alignnone wp-image-2083 size-full\" src=\"https:\/\/linmot.com\/de\/wp-content\/uploads\/sites\/2\/2021\/07\/Linearmodule-edelstahl-SM01.jpg\" alt=\"\" width=\"300\" height=\"199\" \/>\n<p>Les modules lin\u00e9aires SM01 sont des solutions d\u2019entra\u00eenement compl\u00e8tes compos\u00e9es de guides lin\u00e9aires avec des moteurs lin\u00e9aires LinMot int\u00e9gr\u00e9s et des \u00e9l\u00e9ments de compensation de charge verticale \u00ab MagSpring \u00bb mont\u00e9s en option.<\/p>\n<p><a class=\"button\" href=\"\/fr\/produits\/guidage-lineaire-module-lineaire\/modules-lineaires-en-acier-inoxydable-sm01-sm02\/\" target=\"_same\" rel=\"noopener\">Vers la page du produit<\/a><\/p>\n<\/div>\n<div class=\"col-md-4\">\n<p><strong>Moteur Lin\u00e9aire Rotatif<\/strong><\/p>\n<img loading=\"lazy\" decoding=\"async\" class=\"alignnone size-full wp-image-1740\" src=\"https:\/\/linmot.com\/de\/wp-content\/uploads\/sites\/2\/2021\/05\/Hubdreh-Motoren-Produkteuebersicht.jpg\" alt=\"\" width=\"300\" height=\"199\" \/>\n<p>Les moteurs lin\u00e9aires rotatif de LinMot se caract\u00e9risent par une flexibilit\u00e9, une dynamique et une vitesse excellente. Ils peuvent \u00eatre utilis\u00e9s pour orienter des pi\u00e8ces et effectuer des op\u00e9rations de clipsage et de vissage.<\/p>\n<p><a class=\"button\" href=\"\/fr\/produits\/moteur-lineaire-rotatif\/\" target=\"_same\" rel=\"noopener\">Vers la page du produit<\/a><\/p>\n<\/div>\n<div class=\"col-md-4\">\n<p><strong>Servocommandes<\/strong><\/p>\n<img loading=\"lazy\" decoding=\"async\" class=\"alignnone size-full wp-image-1746\" src=\"https:\/\/linmot.com\/de\/wp-content\/uploads\/sites\/2\/2021\/05\/Servo-Drives-Produkteuebersicht.jpg\" alt=\"\" width=\"300\" height=\"199\" \/>\n<p>Les servovariateurs LinMot sont des contr\u00f4leurs de positionnement compacts dot\u00e9s d\u2019une ou plusieurs unit\u00e9s de puissance pour la commande des moteurs et d\u2019une unit\u00e9 de commande intelligente avec contr\u00f4le de position int\u00e9gr\u00e9. L\u2019unit\u00e9 de commande prend en charge toutes les fonctions de contr\u00f4le et de surveillance li\u00e9es \u00e0 l\u2019entra\u00eenement.<\/p>\n<p><a class=\"button\" href=\"\/fr\/produits\/servo-drives\/\" target=\"_same\" rel=\"noopener\">Vers la page du produit<\/a><\/p>\n<\/div>\n<\/div>\n<hr \/>\n<h3>Vous avez des questions sur les moteurs?<\/h3>\n<div class=\"row download\">\n<div class=\"col-md-8\">\n<p class=\"bodytext\">Nous serons heureux de r\u00e9pondre \u00e0 toutes les questions que vous pourriez avoir sur les moteurs.<br \/>\nPour ce faire, veuillez nous contacter \u00e0 l&rsquo;aide du formulaire ci-dessous ou nous appeler au num\u00e9ro suivant:<\/p>\n<p class=\"bodytext\">Tel: +49 (0)201 858940 0<\/p>\n<p class=\"bodytext\">L&rsquo;\u00e9quipe LinMot<\/p>\n<\/div>\n<div class=\"col-md-4\">\n\n<div class=\"wpcf7 no-js\" id=\"wpcf7-f1702-o1\" lang=\"fr-FR\" dir=\"ltr\" data-wpcf7-id=\"1702\">\n<div class=\"screen-reader-response\"><p role=\"status\" aria-live=\"polite\" aria-atomic=\"true\"><\/p> <ul><\/ul><\/div>\n<form action=\"\/fr\/wp-json\/wp\/v2\/pages\/1868#wpcf7-f1702-o1\" method=\"post\" class=\"wpcf7-form init\" aria-label=\"Formulaire de contact\" novalidate=\"novalidate\" data-status=\"init\">\n<fieldset class=\"hidden-fields-container\"><input type=\"hidden\" name=\"_wpcf7\" value=\"1702\" \/><input type=\"hidden\" name=\"_wpcf7_version\" value=\"6.1.5\" \/><input type=\"hidden\" name=\"_wpcf7_locale\" value=\"fr_FR\" \/><input type=\"hidden\" name=\"_wpcf7_unit_tag\" value=\"wpcf7-f1702-o1\" \/><input type=\"hidden\" name=\"_wpcf7_container_post\" value=\"0\" \/><input type=\"hidden\" name=\"_wpcf7_posted_data_hash\" value=\"\" \/><input type=\"hidden\" name=\"_wpcf7_recaptcha_response\" value=\"\" \/>\n<\/fieldset>\n<label> Votre nom<br>\n    <span class=\"wpcf7-form-control-wrap\" data-name=\"your-name\"><input size=\"40\" maxlength=\"400\" class=\"wpcf7-form-control wpcf7-text wpcf7-validates-as-required\" aria-required=\"true\" aria-invalid=\"false\" value=\"\" type=\"text\" name=\"your-name\" \/><\/span> <\/label>\n<br>\n<label> Votre entreprise<br>\n    <span class=\"wpcf7-form-control-wrap\" data-name=\"your-company\"><input size=\"40\" maxlength=\"400\" class=\"wpcf7-form-control wpcf7-text wpcf7-validates-as-required\" aria-required=\"true\" aria-invalid=\"false\" value=\"\" type=\"text\" name=\"your-company\" \/><\/span> <\/label>\n<br>\n<label> Code postal<br>\n    <span class=\"wpcf7-form-control-wrap\" data-name=\"your-plz\"><input class=\"wpcf7-form-control wpcf7-number wpcf7-validates-as-required wpcf7-validates-as-number\" aria-required=\"true\" aria-invalid=\"false\" value=\"\" type=\"number\" name=\"your-plz\" \/><\/span> <\/label>\n<br>\n<label> Pays<br>\n    <span class=\"wpcf7-form-control-wrap\" data-name=\"your-country\"><input size=\"40\" maxlength=\"400\" class=\"wpcf7-form-control wpcf7-text wpcf7-validates-as-required\" aria-required=\"true\" aria-invalid=\"false\" value=\"\" type=\"text\" name=\"your-country\" \/><\/span> <\/label>\n<br>\n<label> Votre num\u00e9ro de t\u00e9l\u00e9phone<br>\n    <span class=\"wpcf7-form-control-wrap\" data-name=\"your-number\"><input size=\"40\" maxlength=\"400\" class=\"wpcf7-form-control wpcf7-tel wpcf7-validates-as-required wpcf7-text wpcf7-validates-as-tel\" aria-required=\"true\" aria-invalid=\"false\" value=\"\" type=\"tel\" name=\"your-number\" \/><\/span> <\/label>\n<br>\n<label> Votre e-mail<br>\n    <span class=\"wpcf7-form-control-wrap\" data-name=\"your-email\"><input size=\"40\" maxlength=\"400\" class=\"wpcf7-form-control wpcf7-email wpcf7-validates-as-required wpcf7-text wpcf7-validates-as-email\" aria-required=\"true\" aria-invalid=\"false\" value=\"\" type=\"email\" name=\"your-email\" \/><\/span> <\/label>\n<br>\n<label> Votre message (facultatif)<br>\n    <span class=\"wpcf7-form-control-wrap\" data-name=\"your-message\"><textarea cols=\"40\" rows=\"10\" maxlength=\"2000\" class=\"wpcf7-form-control wpcf7-textarea\" aria-invalid=\"false\" name=\"your-message\"><\/textarea><\/span> <\/label>\n<br>\n<input class=\"wpcf7-form-control wpcf7-submit has-spinner\" type=\"submit\" value=\"Envoyer\" \/><div class=\"wpcf7-response-output\" aria-hidden=\"true\"><\/div>\n<\/form>\n<\/div>\n\n<\/div>\n<\/div>\n","protected":false},"excerpt":{"rendered":"<p>La conception intelligente des moteurs lin\u00e9aires en acier inoxydable permet une densit\u00e9 de puissance maximale avec un faible encombrement. Le bo\u00eetier en acier inoxydable des moteurs lin\u00e9aires leur conf\u00e8re une r\u00e9sistance extr\u00eamement \u00e9lev\u00e9e aux produits de nettoyage et autres influences environnementales. Les moteurs sont utilis\u00e9s pour torr\u00e9fier le pr\u00e9cieux caf\u00e9, remplir de d\u00e9licieuses bi\u00e8res, pr\u00e9parer [&hellip;]<\/p>\n","protected":false},"author":9,"featured_media":0,"parent":0,"menu_order":22,"comment_status":"closed","ping_status":"closed","template":"","meta":{"_acf_changed":false,"footnotes":""},"class_list":["post-1868","page","type-page","status-publish","hentry"],"acf":[],"yoast_head":"<!-- This site is optimized with the Yoast SEO Premium plugin v20.9 (Yoast SEO v27.2) - https:\/\/yoast.com\/product\/yoast-seo-premium-wordpress\/ -->\n<title>Un design astucieux pour des performances \u00e9normes - moteurs lin\u00e9aires en acier inoxydable SSCP<\/title>\n<meta name=\"description\" content=\"La conception des moteurs lin\u00e9aires en acier inoxydable permet d&#039;obtenir une densit\u00e9 de puissance maximale avec un faible encombrement.\" \/>\n<meta name=\"robots\" content=\"index, follow, max-snippet:-1, max-image-preview:large, max-video-preview:-1\" \/>\n<link rel=\"canonical\" href=\"https:\/\/linmot.com\/fr\/un-design-astucieux-pour-des-performances-enormes-moteurs-lineaires-en-acier-inoxydable-sscp\/\" \/>\n<meta property=\"og:locale\" content=\"fr_FR\" \/>\n<meta property=\"og:type\" content=\"article\" \/>\n<meta property=\"og:title\" content=\"Un design astucieux pour des performances \u00e9normes - moteurs lin\u00e9aires en acier inoxydable SSCP\" \/>\n<meta property=\"og:description\" content=\"La conception des moteurs lin\u00e9aires en acier inoxydable permet d&#039;obtenir une densit\u00e9 de puissance maximale avec un faible encombrement.\" \/>\n<meta property=\"og:url\" content=\"https:\/\/linmot.com\/fr\/un-design-astucieux-pour-des-performances-enormes-moteurs-lineaires-en-acier-inoxydable-sscp\/\" \/>\n<meta property=\"og:site_name\" content=\"LinMot &amp; MagSpring - Fran\u00e7ais\" \/>\n<meta property=\"article:modified_time\" content=\"2024-08-28T09:42:00+00:00\" \/>\n<meta property=\"og:image\" content=\"https:\/\/linmot.com\/fr\/wp-content\/uploads\/sites\/3\/2017\/10\/linmot-new-headquarter-swiss-2018-1.jpg\" \/>\n\t<meta property=\"og:image:width\" content=\"940\" \/>\n\t<meta property=\"og:image:height\" content=\"439\" \/>\n\t<meta property=\"og:image:type\" content=\"image\/jpeg\" \/>\n<meta name=\"twitter:card\" content=\"summary_large_image\" \/>\n<meta name=\"twitter:title\" content=\"Un design astucieux pour des performances \u00e9normes - moteurs lin\u00e9aires en acier inoxydable SSCP\" \/>\n<meta name=\"twitter:description\" content=\"La conception des moteurs lin\u00e9aires en acier inoxydable permet d&#039;obtenir une densit\u00e9 de puissance maximale avec un faible encombrement.\" \/>\n<meta name=\"twitter:image\" content=\"https:\/\/linmot.com\/fr\/wp-content\/uploads\/sites\/3\/2017\/10\/linmot-new-headquarter-swiss-2018-1.jpg\" \/>\n<meta name=\"twitter:label1\" content=\"Dur\u00e9e de lecture estim\u00e9e\" \/>\n\t<meta name=\"twitter:data1\" content=\"4 minutes\" \/>\n<script type=\"application\/ld+json\" class=\"yoast-schema-graph\">{\"@context\":\"https:\/\/schema.org\",\"@graph\":[{\"@type\":\"WebPage\",\"@id\":\"https:\/\/linmot.com\/fr\/un-design-astucieux-pour-des-performances-enormes-moteurs-lineaires-en-acier-inoxydable-sscp\/\",\"url\":\"https:\/\/linmot.com\/fr\/un-design-astucieux-pour-des-performances-enormes-moteurs-lineaires-en-acier-inoxydable-sscp\/\",\"name\":\"Un design astucieux pour des performances \u00e9normes - moteurs lin\u00e9aires en acier inoxydable SSCP\",\"isPartOf\":{\"@id\":\"https:\/\/linmot.com\/fr\/#website\"},\"primaryImageOfPage\":{\"@id\":\"https:\/\/linmot.com\/fr\/un-design-astucieux-pour-des-performances-enormes-moteurs-lineaires-en-acier-inoxydable-sscp\/#primaryimage\"},\"image\":{\"@id\":\"https:\/\/linmot.com\/fr\/un-design-astucieux-pour-des-performances-enormes-moteurs-lineaires-en-acier-inoxydable-sscp\/#primaryimage\"},\"thumbnailUrl\":\"https:\/\/linmot.com\/de\/wp-content\/uploads\/sites\/2\/2021\/07\/icon-food.png\",\"datePublished\":\"2021-09-27T12:19:53+00:00\",\"dateModified\":\"2024-08-28T09:42:00+00:00\",\"description\":\"La conception des moteurs lin\u00e9aires en acier inoxydable permet d'obtenir une densit\u00e9 de puissance maximale avec un faible encombrement.\",\"breadcrumb\":{\"@id\":\"https:\/\/linmot.com\/fr\/un-design-astucieux-pour-des-performances-enormes-moteurs-lineaires-en-acier-inoxydable-sscp\/#breadcrumb\"},\"inLanguage\":\"fr-FR\",\"potentialAction\":[{\"@type\":\"ReadAction\",\"target\":[\"https:\/\/linmot.com\/fr\/un-design-astucieux-pour-des-performances-enormes-moteurs-lineaires-en-acier-inoxydable-sscp\/\"]}]},{\"@type\":\"ImageObject\",\"inLanguage\":\"fr-FR\",\"@id\":\"https:\/\/linmot.com\/fr\/un-design-astucieux-pour-des-performances-enormes-moteurs-lineaires-en-acier-inoxydable-sscp\/#primaryimage\",\"url\":\"https:\/\/linmot.com\/de\/wp-content\/uploads\/sites\/2\/2021\/07\/icon-food.png\",\"contentUrl\":\"https:\/\/linmot.com\/de\/wp-content\/uploads\/sites\/2\/2021\/07\/icon-food.png\"},{\"@type\":\"BreadcrumbList\",\"@id\":\"https:\/\/linmot.com\/fr\/un-design-astucieux-pour-des-performances-enormes-moteurs-lineaires-en-acier-inoxydable-sscp\/#breadcrumb\",\"itemListElement\":[{\"@type\":\"ListItem\",\"position\":1,\"name\":\"Home\",\"item\":\"https:\/\/linmot.com\/fr\/\"},{\"@type\":\"ListItem\",\"position\":2,\"name\":\"Un design astucieux pour des performances \u00e9normes &#8211; moteurs lin\u00e9aires en acier inoxydable SSCP\"}]},{\"@type\":\"WebSite\",\"@id\":\"https:\/\/linmot.com\/fr\/#website\",\"url\":\"https:\/\/linmot.com\/fr\/\",\"name\":\"LinMot &amp; MagSpring - Fran\u00e7ais\",\"description\":\"Moteurs lin\u00e9aires et des syst\u00e8mes de moteurs lin\u00e9aires de haute qualit\u00e9\",\"publisher\":{\"@id\":\"https:\/\/linmot.com\/fr\/#organization\"},\"potentialAction\":[{\"@type\":\"SearchAction\",\"target\":{\"@type\":\"EntryPoint\",\"urlTemplate\":\"https:\/\/linmot.com\/fr\/?s={search_term_string}\"},\"query-input\":{\"@type\":\"PropertyValueSpecification\",\"valueRequired\":true,\"valueName\":\"search_term_string\"}}],\"inLanguage\":\"fr-FR\"},{\"@type\":\"Organization\",\"@id\":\"https:\/\/linmot.com\/fr\/#organization\",\"name\":\"NTI AG - LinMot & MagSpring\",\"url\":\"https:\/\/linmot.com\/fr\/\",\"logo\":{\"@type\":\"ImageObject\",\"inLanguage\":\"fr-FR\",\"@id\":\"https:\/\/linmot.com\/fr\/#\/schema\/logo\/image\/\",\"url\":\"https:\/\/linmot.com\/fr\/wp-content\/uploads\/sites\/3\/2022\/05\/linmot-social-share-logo.jpg\",\"contentUrl\":\"https:\/\/linmot.com\/fr\/wp-content\/uploads\/sites\/3\/2022\/05\/linmot-social-share-logo.jpg\",\"width\":800,\"height\":500,\"caption\":\"NTI AG - LinMot & MagSpring\"},\"image\":{\"@id\":\"https:\/\/linmot.com\/fr\/#\/schema\/logo\/image\/\"},\"sameAs\":[\"https:\/\/www.linkedin.com\/company\/nti-ag-linmot-magspring\",\"https:\/\/www.youtube.com\/user\/LinMotEurope\"]}]}<\/script>\n<!-- \/ Yoast SEO Premium plugin. -->","yoast_head_json":{"title":"Un design astucieux pour des performances \u00e9normes - moteurs lin\u00e9aires en acier inoxydable SSCP","description":"La conception des moteurs lin\u00e9aires en acier inoxydable permet d'obtenir une densit\u00e9 de puissance maximale avec un faible encombrement.","robots":{"index":"index","follow":"follow","max-snippet":"max-snippet:-1","max-image-preview":"max-image-preview:large","max-video-preview":"max-video-preview:-1"},"canonical":"https:\/\/linmot.com\/fr\/un-design-astucieux-pour-des-performances-enormes-moteurs-lineaires-en-acier-inoxydable-sscp\/","og_locale":"fr_FR","og_type":"article","og_title":"Un design astucieux pour des performances \u00e9normes - moteurs lin\u00e9aires en acier inoxydable SSCP","og_description":"La conception des moteurs lin\u00e9aires en acier inoxydable permet d'obtenir une densit\u00e9 de puissance maximale avec un faible encombrement.","og_url":"https:\/\/linmot.com\/fr\/un-design-astucieux-pour-des-performances-enormes-moteurs-lineaires-en-acier-inoxydable-sscp\/","og_site_name":"LinMot &amp; MagSpring - Fran\u00e7ais","article_modified_time":"2024-08-28T09:42:00+00:00","og_image":[{"width":940,"height":439,"url":"https:\/\/linmot.com\/fr\/wp-content\/uploads\/sites\/3\/2017\/10\/linmot-new-headquarter-swiss-2018-1.jpg","type":"image\/jpeg"}],"twitter_card":"summary_large_image","twitter_title":"Un design astucieux pour des performances \u00e9normes - moteurs lin\u00e9aires en acier inoxydable SSCP","twitter_description":"La conception des moteurs lin\u00e9aires en acier inoxydable permet d'obtenir une densit\u00e9 de puissance maximale avec un faible encombrement.","twitter_image":"https:\/\/linmot.com\/fr\/wp-content\/uploads\/sites\/3\/2017\/10\/linmot-new-headquarter-swiss-2018-1.jpg","twitter_misc":{"Dur\u00e9e de lecture estim\u00e9e":"4 minutes"},"schema":{"@context":"https:\/\/schema.org","@graph":[{"@type":"WebPage","@id":"https:\/\/linmot.com\/fr\/un-design-astucieux-pour-des-performances-enormes-moteurs-lineaires-en-acier-inoxydable-sscp\/","url":"https:\/\/linmot.com\/fr\/un-design-astucieux-pour-des-performances-enormes-moteurs-lineaires-en-acier-inoxydable-sscp\/","name":"Un design astucieux pour des performances \u00e9normes - moteurs lin\u00e9aires en acier inoxydable SSCP","isPartOf":{"@id":"https:\/\/linmot.com\/fr\/#website"},"primaryImageOfPage":{"@id":"https:\/\/linmot.com\/fr\/un-design-astucieux-pour-des-performances-enormes-moteurs-lineaires-en-acier-inoxydable-sscp\/#primaryimage"},"image":{"@id":"https:\/\/linmot.com\/fr\/un-design-astucieux-pour-des-performances-enormes-moteurs-lineaires-en-acier-inoxydable-sscp\/#primaryimage"},"thumbnailUrl":"https:\/\/linmot.com\/de\/wp-content\/uploads\/sites\/2\/2021\/07\/icon-food.png","datePublished":"2021-09-27T12:19:53+00:00","dateModified":"2024-08-28T09:42:00+00:00","description":"La conception des moteurs lin\u00e9aires en acier inoxydable permet d'obtenir une densit\u00e9 de puissance maximale avec un faible encombrement.","breadcrumb":{"@id":"https:\/\/linmot.com\/fr\/un-design-astucieux-pour-des-performances-enormes-moteurs-lineaires-en-acier-inoxydable-sscp\/#breadcrumb"},"inLanguage":"fr-FR","potentialAction":[{"@type":"ReadAction","target":["https:\/\/linmot.com\/fr\/un-design-astucieux-pour-des-performances-enormes-moteurs-lineaires-en-acier-inoxydable-sscp\/"]}]},{"@type":"ImageObject","inLanguage":"fr-FR","@id":"https:\/\/linmot.com\/fr\/un-design-astucieux-pour-des-performances-enormes-moteurs-lineaires-en-acier-inoxydable-sscp\/#primaryimage","url":"https:\/\/linmot.com\/de\/wp-content\/uploads\/sites\/2\/2021\/07\/icon-food.png","contentUrl":"https:\/\/linmot.com\/de\/wp-content\/uploads\/sites\/2\/2021\/07\/icon-food.png"},{"@type":"BreadcrumbList","@id":"https:\/\/linmot.com\/fr\/un-design-astucieux-pour-des-performances-enormes-moteurs-lineaires-en-acier-inoxydable-sscp\/#breadcrumb","itemListElement":[{"@type":"ListItem","position":1,"name":"Home","item":"https:\/\/linmot.com\/fr\/"},{"@type":"ListItem","position":2,"name":"Un design astucieux pour des performances \u00e9normes &#8211; moteurs lin\u00e9aires en acier inoxydable SSCP"}]},{"@type":"WebSite","@id":"https:\/\/linmot.com\/fr\/#website","url":"https:\/\/linmot.com\/fr\/","name":"LinMot &amp; MagSpring - Fran\u00e7ais","description":"Moteurs lin\u00e9aires et des syst\u00e8mes de moteurs lin\u00e9aires de haute qualit\u00e9","publisher":{"@id":"https:\/\/linmot.com\/fr\/#organization"},"potentialAction":[{"@type":"SearchAction","target":{"@type":"EntryPoint","urlTemplate":"https:\/\/linmot.com\/fr\/?s={search_term_string}"},"query-input":{"@type":"PropertyValueSpecification","valueRequired":true,"valueName":"search_term_string"}}],"inLanguage":"fr-FR"},{"@type":"Organization","@id":"https:\/\/linmot.com\/fr\/#organization","name":"NTI AG - LinMot & MagSpring","url":"https:\/\/linmot.com\/fr\/","logo":{"@type":"ImageObject","inLanguage":"fr-FR","@id":"https:\/\/linmot.com\/fr\/#\/schema\/logo\/image\/","url":"https:\/\/linmot.com\/fr\/wp-content\/uploads\/sites\/3\/2022\/05\/linmot-social-share-logo.jpg","contentUrl":"https:\/\/linmot.com\/fr\/wp-content\/uploads\/sites\/3\/2022\/05\/linmot-social-share-logo.jpg","width":800,"height":500,"caption":"NTI AG - LinMot & MagSpring"},"image":{"@id":"https:\/\/linmot.com\/fr\/#\/schema\/logo\/image\/"},"sameAs":["https:\/\/www.linkedin.com\/company\/nti-ag-linmot-magspring","https:\/\/www.youtube.com\/user\/LinMotEurope"]}]}},"_links":{"self":[{"href":"https:\/\/linmot.com\/fr\/wp-json\/wp\/v2\/pages\/1868","targetHints":{"allow":["GET"]}}],"collection":[{"href":"https:\/\/linmot.com\/fr\/wp-json\/wp\/v2\/pages"}],"about":[{"href":"https:\/\/linmot.com\/fr\/wp-json\/wp\/v2\/types\/page"}],"author":[{"embeddable":true,"href":"https:\/\/linmot.com\/fr\/wp-json\/wp\/v2\/users\/9"}],"replies":[{"embeddable":true,"href":"https:\/\/linmot.com\/fr\/wp-json\/wp\/v2\/comments?post=1868"}],"version-history":[{"count":9,"href":"https:\/\/linmot.com\/fr\/wp-json\/wp\/v2\/pages\/1868\/revisions"}],"predecessor-version":[{"id":3458,"href":"https:\/\/linmot.com\/fr\/wp-json\/wp\/v2\/pages\/1868\/revisions\/3458"}],"wp:attachment":[{"href":"https:\/\/linmot.com\/fr\/wp-json\/wp\/v2\/media?parent=1868"}],"curies":[{"name":"wp","href":"https:\/\/api.w.org\/{rel}","templated":true}]}}