{"id":1866,"date":"2021-09-27T14:04:17","date_gmt":"2021-09-27T12:04:17","guid":{"rendered":"https:\/\/linmot.com\/fr\/?page_id=1866"},"modified":"2024-08-28T11:52:23","modified_gmt":"2024-08-28T09:52:23","slug":"la-cle-de-l-industrie-4-0-les-servocommandes","status":"publish","type":"page","link":"https:\/\/linmot.com\/fr\/la-cle-de-l-industrie-4-0-les-servocommandes\/","title":{"rendered":"La cl\u00e9 de l&rsquo;industrie 4.0: les servocommandes"},"content":{"rendered":"<p><strong>Les servo variateurs LinMot sont des commandes de positionnement compactes avec un ou plusieurs \u00e9l\u00e9ments de puissance pour la commande des moteurs ainsi qu&rsquo;un \u00e9l\u00e9ment de commande intelligent avec r\u00e9gulation de position int\u00e9gr\u00e9e.<\/strong><\/p>\n<p>Le vaste choix de LinMot Servo Drives s\u00e9duit par sa rapidit\u00e9, sa grande flexibilit\u00e9 et ses nombreuses fonctions. De plus, ils s&rsquo;int\u00e8grent tr\u00e8s facilement dans tout type d&rsquo;application. La conception de nos entra\u00eenements est ax\u00e9e sur un contr\u00f4le pr\u00e9cis, un rapport force\/couple optimal et une multitude de fonctions. Nous compl\u00e9tons ainsi de mani\u00e8re optimale la vaste gamme de moteurs lin\u00e9aires, de modules lin\u00e9aires int\u00e9gr\u00e9s et de moteurs rotatifs de levage. Il est en outre d\u00e9cisif que nos servo-entra\u00eenements soient faciles \u00e0 utiliser et qu&rsquo;ils fonctionnent de mani\u00e8re fiable &#8211; vous \u00e9conomisez ainsi du temps et de l&rsquo;argent.<\/p>\n<p>La partie commande prend en charge toutes les fonctions de r\u00e9gulation et de surveillance li\u00e9es \u00e0 l&rsquo;entra\u00eenement. Les donn\u00e9es qui en d\u00e9coulent permettent une production dans l&rsquo;esprit de l&rsquo;industrie 4.0.<\/p>\n<hr \/>\n<div class=\"row download\">\n<div class=\"col-md-7\">\n<h3>En bref<\/h3>\n<ul>\n<li>Large \u00e9ventail d&rsquo;applications : du point \u00e0 point aux applications multiaxes complexes<\/li>\n<li>Communication s\u00e9rie, bus de terrain et ETHERNET temps r\u00e9el<\/li>\n<li>Traverser des profils de d\u00e9placement ou des s\u00e9quences de programmes enregistr\u00e9s en interne<\/li>\n<li>Contr\u00f4le de la position, de la vitesse, de l&rsquo;acc\u00e9l\u00e9ration et de la force<\/li>\n<li>Fonctions de s\u00e9curit\u00e9 int\u00e9gr\u00e9es pour la mise hors tension de l&rsquo;\u00e9tage de sortie<\/li>\n<li>Conception compacte et mise en service simple<\/li>\n<\/ul>\n<\/div>\n<div class=\"col-md-5\">\n<div class=\"brlbs-cmpnt-container brlbs-cmpnt-content-blocker brlbs-cmpnt-with-individual-styles\" data-borlabs-cookie-content-blocker-id=\"default\" data-borlabs-cookie-content=\"PGlmcmFtZSB0aXRsZT0iWW91VHViZSB2aWRlbyBwbGF5ZXIiIHNyYz0iaHR0cHM6Ly93d3cueW91dHViZS5jb20vZW1iZWQvT0hVaFJlMzBpNHc\/c3RhcnQ9NDYiIHdpZHRoPSIzOTAiIGhlaWdodD0iMjgwIiBmcmFtZWJvcmRlcj0iMCIgYWxsb3dmdWxsc2NyZWVuPSJhbGxvd2Z1bGxzY3JlZW4iPjwvaWZyYW1lPg==\">\n<div class=\"brlbs-cmpnt-cb-preset-a\">\n<p class=\"brlbs-cmpnt-cb-description\">You are currently viewing a placeholder content from <strong>Default<\/strong>. To access the actual content, click the button below. Please note that doing so will share data with third-party providers.<\/p>\n<div class=\"brlbs-cmpnt-cb-buttons\"> <a class=\"brlbs-cmpnt-cb-btn\" href=\"#\" data-borlabs-cookie-unblock role=\"button\">Unblock content<\/a> <a class=\"brlbs-cmpnt-cb-btn\" href=\"#\" data-borlabs-cookie-accept-service role=\"button\" style=\"display: none\">Accept required service and unblock content<\/a> <\/div>\n<p> <a class=\"brlbs-cmpnt-cb-provider-toggle\" href=\"#\" data-borlabs-cookie-show-provider-information role=\"button\">More Information<\/a> <\/div>\n<\/div>\n<\/div>\n<\/div>\n<hr \/>\n<h3>En savoir plus sur les Servo Drives et l&rsquo;industrie 4.0<\/h3>\n<div class=\"row download\">\n<div class=\"col-md-4\">\n<ul>\n<li>D\u00e9tails des servocommandes<\/li>\n<li>Diverses interfaces de bus de terrain<\/li>\n<li>Tous les avantages en un coup d&rsquo;\u0153il<\/li>\n<\/ul>\n<p><a class=\"button\" href=\"\/fr\/produits\/servo-drives\/\" rel=\"noopener\">Vers la page du produit<\/a><br \/>\n<\/div>\n<div class=\"col-md-4\">\n<ul>\n<li>Fiches techniques<\/li>\n<li>Instructions d&rsquo;installation<\/li>\n<li>Logiciel<\/li>\n<\/ul>\n<p><a class=\"button\" href=\"https:\/\/shop.linmot.com\/E\/servo-drives.htm\" target=\"_same\" rel=\"noopener\">Vers le e-catalogue<\/a><br \/>\n<\/div>\n<div class=\"col-md-4\">\n<ul>\n<li>Vid\u00e9os: Exemples d&rsquo;application<\/li>\n<li>Vid\u00e9os: D\u00e9monstrations<\/li>\n<li>Vid\u00e9os: Pick&rsquo;n&rsquo;Place<\/li>\n<\/ul>\n<p><a class=\"button\" href=\"https:\/\/www.youtube.com\/watch?v=4_6KI_5cmOo&amp;list=PLR_bmqMbOMGfULTXsg0BQSVWMkuZROPaW\" target=\"_same\" rel=\"noopener\">Vers Youtube<\/a><br \/>\n<\/div>\n<\/div>\n<hr \/>\n<h3>Exemples de l&rsquo;industrie<\/h3>\n<div class=\"row\">\n<div class=\"col-md-4\">\n<a href=\"https:\/\/linmot.com\/fr\/solutions-industrielles\/alimentaire\/\">Alimentaire<\/a><br \/>\n<img loading=\"lazy\" decoding=\"async\" class=\"size-full wp-image-1975\" src=\"https:\/\/linmot.com\/de\/wp-content\/uploads\/sites\/2\/2021\/07\/icon-food.png\" alt=\"\" width=\"71\" height=\"39\" \/><br \/>\n<\/div>\n<div class=\"col-md-4\">\n<a href=\"https:\/\/linmot.com\/fr\/solutions-industrielles\/bois\/\">Bois<\/a><br \/>\n<img loading=\"lazy\" decoding=\"async\" class=\"wp-image-1976 size-full\" src=\"https:\/\/linmot.com\/de\/wp-content\/uploads\/sites\/2\/2021\/07\/icon-wood-machines.png\" alt=\"\" width=\"74\" height=\"40\" \/><br \/>\n<\/div>\n<div class=\"col-md-4\">\n<a href=\"https:\/\/linmot.com\/fr\/solutions-industrielles\/automobile\/\">Automobile<\/a><br \/>\n<img loading=\"lazy\" decoding=\"async\" class=\"wp-image-1977 size-full\" src=\"https:\/\/linmot.com\/de\/wp-content\/uploads\/sites\/2\/2021\/07\/icon-automotive.png\" alt=\"\" width=\"84\" height=\"35\" \/><br \/>\n<\/div>\n<\/div>\n<div class=\"row\">\n<div class=\"col-md-4\">\n<a href=\"https:\/\/linmot.com\/fr\/solutions-industrielles\/machines-textiles\/\">Machines textiles<\/a><br \/>\n<img loading=\"lazy\" decoding=\"async\" class=\"wp-image-1978 size-full\" src=\"https:\/\/linmot.com\/de\/wp-content\/uploads\/sites\/2\/2021\/07\/icon-textile-machines.png\" alt=\"\" width=\"71\" height=\"37\" \/><br \/>\n<\/div>\n<div class=\"col-md-4\">\n<a href=\"https:\/\/linmot.com\/fr\/solutions-industrielles\/automatisation-des-laboratoires\/\">Automatisation des laboratoires<\/a><br \/>\n<img loading=\"lazy\" decoding=\"async\" class=\"wp-image-1980 size-full\" src=\"https:\/\/linmot.com\/de\/wp-content\/uploads\/sites\/2\/2021\/07\/icon-laboratory-automation.png\" alt=\"\" width=\"63\" height=\"48\" \/><br \/>\n<\/div>\n<div class=\"col-md-4\">\n<a href=\"https:\/\/linmot.com\/fr\/solutions-industrielles\/impression-et-etiquetage\/\">Impression et \u00e9tiquetage<\/a><br \/>\n<img loading=\"lazy\" decoding=\"async\" class=\"wp-image-1979 size-full\" src=\"https:\/\/linmot.com\/de\/wp-content\/uploads\/sites\/2\/2021\/07\/icon-drucken-etikettieren.png\" alt=\"\" width=\"62\" height=\"56\" \/><br \/>\n<\/div>\n<\/div>\n<div class=\"row\">\n<div class=\"col-md-4\">\n<a href=\"https:\/\/linmot.com\/fr\/solutions-industrielles\/medical-et-pharmaceutique\/\">M\u00e9dical et Pharmaceutique<\/a><br \/>\n<img loading=\"lazy\" decoding=\"async\" class=\"alignnone wp-image-2020 size-full\" src=\"https:\/\/linmot.com\/de\/wp-content\/uploads\/sites\/2\/2021\/07\/icon-pharma.jpg\" alt=\"\" width=\"63\" height=\"48\" \/><br \/>\n<\/div>\n<div class=\"col-md-4\">\n<a href=\"https:\/\/linmot.com\/fr\/solutions-industrielles\/alimentaire\/\">Boissons<\/a><br \/>\n<img loading=\"lazy\" decoding=\"async\" class=\"alignnone wp-image-2021 size-full\" src=\"https:\/\/linmot.com\/de\/wp-content\/uploads\/sites\/2\/2021\/07\/icon-food-beverage.png\" alt=\"\" width=\"92\" height=\"40\" \/><br \/>\n<\/div>\n<div class=\"col-md-4\">\n<a href=\"https:\/\/linmot.com\/fr\/solutions-industrielles\/manipulation-et-assemblage\/\">Manipulation et assemblage<\/a><br \/>\n<img loading=\"lazy\" decoding=\"async\" class=\"alignnone wp-image-2022 size-full\" src=\"https:\/\/linmot.com\/de\/wp-content\/uploads\/sites\/2\/2021\/07\/icon-montage.png\" alt=\"\" width=\"63\" height=\"48\" \/><br \/>\n<\/div>\n<\/div>\n<hr \/>\n<h3>Vous avez des questions sur les moteurs?<\/h3>\n<div class=\"row download\">\n<div class=\"col-md-8\">\n<p class=\"bodytext\">Nous serons heureux de r\u00e9pondre \u00e0 toutes les questions que vous pourriez avoir sur les moteurs.<br \/>\nPour ce faire, veuillez nous contacter \u00e0 l&rsquo;aide du formulaire ci-dessous ou nous appeler au num\u00e9ro suivant:<\/p>\n<p class=\"bodytext\">Tel: +49 (0)201 858940 0<\/p>\n<p class=\"bodytext\">L&rsquo;\u00e9quipe LinMot<\/p>\n<\/div>\n<div class=\"col-md-4\">\n\n<div class=\"wpcf7 no-js\" id=\"wpcf7-f1702-o1\" lang=\"fr-FR\" dir=\"ltr\" data-wpcf7-id=\"1702\">\n<div class=\"screen-reader-response\"><p role=\"status\" aria-live=\"polite\" aria-atomic=\"true\"><\/p> <ul><\/ul><\/div>\n<form action=\"\/fr\/wp-json\/wp\/v2\/pages\/1866#wpcf7-f1702-o1\" method=\"post\" class=\"wpcf7-form init\" aria-label=\"Formulaire de contact\" novalidate=\"novalidate\" data-status=\"init\">\n<fieldset class=\"hidden-fields-container\"><input type=\"hidden\" name=\"_wpcf7\" value=\"1702\" \/><input type=\"hidden\" name=\"_wpcf7_version\" value=\"6.1.5\" \/><input type=\"hidden\" name=\"_wpcf7_locale\" value=\"fr_FR\" \/><input type=\"hidden\" name=\"_wpcf7_unit_tag\" value=\"wpcf7-f1702-o1\" \/><input type=\"hidden\" name=\"_wpcf7_container_post\" value=\"0\" \/><input type=\"hidden\" name=\"_wpcf7_posted_data_hash\" value=\"\" \/><input type=\"hidden\" name=\"_wpcf7_recaptcha_response\" value=\"\" \/>\n<\/fieldset>\n<label> Votre nom<br>\n    <span class=\"wpcf7-form-control-wrap\" data-name=\"your-name\"><input size=\"40\" maxlength=\"400\" class=\"wpcf7-form-control wpcf7-text wpcf7-validates-as-required\" aria-required=\"true\" aria-invalid=\"false\" value=\"\" type=\"text\" name=\"your-name\" \/><\/span> <\/label>\n<br>\n<label> Votre entreprise<br>\n    <span class=\"wpcf7-form-control-wrap\" data-name=\"your-company\"><input size=\"40\" maxlength=\"400\" class=\"wpcf7-form-control wpcf7-text wpcf7-validates-as-required\" aria-required=\"true\" aria-invalid=\"false\" value=\"\" type=\"text\" name=\"your-company\" \/><\/span> <\/label>\n<br>\n<label> Code postal<br>\n    <span class=\"wpcf7-form-control-wrap\" data-name=\"your-plz\"><input class=\"wpcf7-form-control wpcf7-number wpcf7-validates-as-required wpcf7-validates-as-number\" aria-required=\"true\" aria-invalid=\"false\" value=\"\" type=\"number\" name=\"your-plz\" \/><\/span> <\/label>\n<br>\n<label> Pays<br>\n    <span class=\"wpcf7-form-control-wrap\" data-name=\"your-country\"><input size=\"40\" maxlength=\"400\" class=\"wpcf7-form-control wpcf7-text wpcf7-validates-as-required\" aria-required=\"true\" aria-invalid=\"false\" value=\"\" type=\"text\" name=\"your-country\" \/><\/span> <\/label>\n<br>\n<label> Votre num\u00e9ro de t\u00e9l\u00e9phone<br>\n    <span class=\"wpcf7-form-control-wrap\" data-name=\"your-number\"><input size=\"40\" maxlength=\"400\" class=\"wpcf7-form-control wpcf7-tel wpcf7-validates-as-required wpcf7-text wpcf7-validates-as-tel\" aria-required=\"true\" aria-invalid=\"false\" value=\"\" type=\"tel\" name=\"your-number\" \/><\/span> <\/label>\n<br>\n<label> Votre e-mail<br>\n    <span class=\"wpcf7-form-control-wrap\" data-name=\"your-email\"><input size=\"40\" maxlength=\"400\" class=\"wpcf7-form-control wpcf7-email wpcf7-validates-as-required wpcf7-text wpcf7-validates-as-email\" aria-required=\"true\" aria-invalid=\"false\" value=\"\" type=\"email\" name=\"your-email\" \/><\/span> <\/label>\n<br>\n<label> Votre message (facultatif)<br>\n    <span class=\"wpcf7-form-control-wrap\" data-name=\"your-message\"><textarea cols=\"40\" rows=\"10\" maxlength=\"2000\" class=\"wpcf7-form-control wpcf7-textarea\" aria-invalid=\"false\" name=\"your-message\"><\/textarea><\/span> <\/label>\n<br>\n<input class=\"wpcf7-form-control wpcf7-submit has-spinner\" type=\"submit\" value=\"Envoyer\" \/><div class=\"wpcf7-response-output\" aria-hidden=\"true\"><\/div>\n<\/form>\n<\/div>\n\n<\/div>\n<\/div>\n","protected":false},"excerpt":{"rendered":"<p>Les servo variateurs LinMot sont des commandes de positionnement compactes avec un ou plusieurs \u00e9l\u00e9ments de puissance pour la commande des moteurs ainsi qu&rsquo;un \u00e9l\u00e9ment de commande intelligent avec r\u00e9gulation de position int\u00e9gr\u00e9e. Le vaste choix de LinMot Servo Drives s\u00e9duit par sa rapidit\u00e9, sa grande flexibilit\u00e9 et ses nombreuses fonctions. De plus, ils s&rsquo;int\u00e8grent [&hellip;]<\/p>\n","protected":false},"author":9,"featured_media":0,"parent":0,"menu_order":115,"comment_status":"closed","ping_status":"closed","template":"","meta":{"_acf_changed":false,"footnotes":""},"class_list":["post-1866","page","type-page","status-publish","hentry"],"acf":[],"yoast_head":"<!-- This site is optimized with the Yoast SEO Premium plugin v20.9 (Yoast SEO v27.2) - https:\/\/yoast.com\/product\/yoast-seo-premium-wordpress\/ -->\n<title>La cl\u00e9 de l&#039;industrie 4.0: les servocommandes<\/title>\n<meta name=\"description\" content=\"La partie commande prend en charge toutes les fonctions de r\u00e9gulation et de surveillance li\u00e9es \u00e0 l&#039;entra\u00eenement et permet ainsi une production industrie 4.0.\" \/>\n<meta name=\"robots\" content=\"index, follow, max-snippet:-1, max-image-preview:large, max-video-preview:-1\" \/>\n<link rel=\"canonical\" href=\"https:\/\/linmot.com\/fr\/la-cle-de-l-industrie-4-0-les-servocommandes\/\" \/>\n<meta property=\"og:locale\" content=\"fr_FR\" \/>\n<meta property=\"og:type\" content=\"article\" \/>\n<meta property=\"og:title\" content=\"La cl\u00e9 de l&#039;industrie 4.0: les servocommandes\" \/>\n<meta property=\"og:description\" content=\"La partie commande prend en charge toutes les fonctions de r\u00e9gulation et de surveillance li\u00e9es \u00e0 l&#039;entra\u00eenement et permet ainsi une production industrie 4.0.\" \/>\n<meta property=\"og:url\" content=\"https:\/\/linmot.com\/fr\/la-cle-de-l-industrie-4-0-les-servocommandes\/\" \/>\n<meta property=\"og:site_name\" content=\"LinMot &amp; MagSpring - Fran\u00e7ais\" \/>\n<meta property=\"article:modified_time\" content=\"2024-08-28T09:52:23+00:00\" \/>\n<meta property=\"og:image\" content=\"https:\/\/linmot.com\/fr\/wp-content\/uploads\/sites\/3\/2017\/10\/servo-drives-product-overview-ENG-2016-1.png\" \/>\n\t<meta property=\"og:image:width\" content=\"4615\" \/>\n\t<meta property=\"og:image:height\" content=\"2839\" \/>\n\t<meta property=\"og:image:type\" content=\"image\/png\" \/>\n<meta name=\"twitter:card\" content=\"summary_large_image\" \/>\n<meta name=\"twitter:title\" content=\"La cl\u00e9 de l&#039;industrie 4.0: les servocommandes\" \/>\n<meta name=\"twitter:description\" content=\"La partie commande prend en charge toutes les fonctions de r\u00e9gulation et de surveillance li\u00e9es \u00e0 l&#039;entra\u00eenement et permet ainsi une production industrie 4.0.\" \/>\n<meta name=\"twitter:image\" content=\"https:\/\/linmot.com\/fr\/wp-content\/uploads\/sites\/3\/2017\/10\/servo-drives-product-overview-ENG-2016-1.png\" \/>\n<meta name=\"twitter:label1\" content=\"Dur\u00e9e de lecture estim\u00e9e\" \/>\n\t<meta name=\"twitter:data1\" content=\"4 minutes\" \/>\n<script type=\"application\/ld+json\" class=\"yoast-schema-graph\">{\"@context\":\"https:\/\/schema.org\",\"@graph\":[{\"@type\":\"WebPage\",\"@id\":\"https:\/\/linmot.com\/fr\/la-cle-de-l-industrie-4-0-les-servocommandes\/\",\"url\":\"https:\/\/linmot.com\/fr\/la-cle-de-l-industrie-4-0-les-servocommandes\/\",\"name\":\"La cl\u00e9 de l'industrie 4.0: les servocommandes\",\"isPartOf\":{\"@id\":\"https:\/\/linmot.com\/fr\/#website\"},\"primaryImageOfPage\":{\"@id\":\"https:\/\/linmot.com\/fr\/la-cle-de-l-industrie-4-0-les-servocommandes\/#primaryimage\"},\"image\":{\"@id\":\"https:\/\/linmot.com\/fr\/la-cle-de-l-industrie-4-0-les-servocommandes\/#primaryimage\"},\"thumbnailUrl\":\"https:\/\/linmot.com\/de\/wp-content\/uploads\/sites\/2\/2021\/07\/icon-food.png\",\"datePublished\":\"2021-09-27T12:04:17+00:00\",\"dateModified\":\"2024-08-28T09:52:23+00:00\",\"description\":\"La partie commande prend en charge toutes les fonctions de r\u00e9gulation et de surveillance li\u00e9es \u00e0 l'entra\u00eenement et permet ainsi une production industrie 4.0.\",\"breadcrumb\":{\"@id\":\"https:\/\/linmot.com\/fr\/la-cle-de-l-industrie-4-0-les-servocommandes\/#breadcrumb\"},\"inLanguage\":\"fr-FR\",\"potentialAction\":[{\"@type\":\"ReadAction\",\"target\":[\"https:\/\/linmot.com\/fr\/la-cle-de-l-industrie-4-0-les-servocommandes\/\"]}]},{\"@type\":\"ImageObject\",\"inLanguage\":\"fr-FR\",\"@id\":\"https:\/\/linmot.com\/fr\/la-cle-de-l-industrie-4-0-les-servocommandes\/#primaryimage\",\"url\":\"https:\/\/linmot.com\/de\/wp-content\/uploads\/sites\/2\/2021\/07\/icon-food.png\",\"contentUrl\":\"https:\/\/linmot.com\/de\/wp-content\/uploads\/sites\/2\/2021\/07\/icon-food.png\"},{\"@type\":\"BreadcrumbList\",\"@id\":\"https:\/\/linmot.com\/fr\/la-cle-de-l-industrie-4-0-les-servocommandes\/#breadcrumb\",\"itemListElement\":[{\"@type\":\"ListItem\",\"position\":1,\"name\":\"Home\",\"item\":\"https:\/\/linmot.com\/fr\/\"},{\"@type\":\"ListItem\",\"position\":2,\"name\":\"La cl\u00e9 de l&rsquo;industrie 4.0: les servocommandes\"}]},{\"@type\":\"WebSite\",\"@id\":\"https:\/\/linmot.com\/fr\/#website\",\"url\":\"https:\/\/linmot.com\/fr\/\",\"name\":\"LinMot &amp; MagSpring - Fran\u00e7ais\",\"description\":\"Moteurs lin\u00e9aires et des syst\u00e8mes de moteurs lin\u00e9aires de haute qualit\u00e9\",\"publisher\":{\"@id\":\"https:\/\/linmot.com\/fr\/#organization\"},\"potentialAction\":[{\"@type\":\"SearchAction\",\"target\":{\"@type\":\"EntryPoint\",\"urlTemplate\":\"https:\/\/linmot.com\/fr\/?s={search_term_string}\"},\"query-input\":{\"@type\":\"PropertyValueSpecification\",\"valueRequired\":true,\"valueName\":\"search_term_string\"}}],\"inLanguage\":\"fr-FR\"},{\"@type\":\"Organization\",\"@id\":\"https:\/\/linmot.com\/fr\/#organization\",\"name\":\"NTI AG - LinMot & MagSpring\",\"url\":\"https:\/\/linmot.com\/fr\/\",\"logo\":{\"@type\":\"ImageObject\",\"inLanguage\":\"fr-FR\",\"@id\":\"https:\/\/linmot.com\/fr\/#\/schema\/logo\/image\/\",\"url\":\"https:\/\/linmot.com\/fr\/wp-content\/uploads\/sites\/3\/2022\/05\/linmot-social-share-logo.jpg\",\"contentUrl\":\"https:\/\/linmot.com\/fr\/wp-content\/uploads\/sites\/3\/2022\/05\/linmot-social-share-logo.jpg\",\"width\":800,\"height\":500,\"caption\":\"NTI AG - LinMot & MagSpring\"},\"image\":{\"@id\":\"https:\/\/linmot.com\/fr\/#\/schema\/logo\/image\/\"},\"sameAs\":[\"https:\/\/www.linkedin.com\/company\/nti-ag-linmot-magspring\",\"https:\/\/www.youtube.com\/user\/LinMotEurope\"]}]}<\/script>\n<!-- \/ Yoast SEO Premium plugin. -->","yoast_head_json":{"title":"La cl\u00e9 de l'industrie 4.0: les servocommandes","description":"La partie commande prend en charge toutes les fonctions de r\u00e9gulation et de surveillance li\u00e9es \u00e0 l'entra\u00eenement et permet ainsi une production industrie 4.0.","robots":{"index":"index","follow":"follow","max-snippet":"max-snippet:-1","max-image-preview":"max-image-preview:large","max-video-preview":"max-video-preview:-1"},"canonical":"https:\/\/linmot.com\/fr\/la-cle-de-l-industrie-4-0-les-servocommandes\/","og_locale":"fr_FR","og_type":"article","og_title":"La cl\u00e9 de l'industrie 4.0: les servocommandes","og_description":"La partie commande prend en charge toutes les fonctions de r\u00e9gulation et de surveillance li\u00e9es \u00e0 l'entra\u00eenement et permet ainsi une production industrie 4.0.","og_url":"https:\/\/linmot.com\/fr\/la-cle-de-l-industrie-4-0-les-servocommandes\/","og_site_name":"LinMot &amp; MagSpring - Fran\u00e7ais","article_modified_time":"2024-08-28T09:52:23+00:00","og_image":[{"width":4615,"height":2839,"url":"https:\/\/linmot.com\/fr\/wp-content\/uploads\/sites\/3\/2017\/10\/servo-drives-product-overview-ENG-2016-1.png","type":"image\/png"}],"twitter_card":"summary_large_image","twitter_title":"La cl\u00e9 de l'industrie 4.0: les servocommandes","twitter_description":"La partie commande prend en charge toutes les fonctions de r\u00e9gulation et de surveillance li\u00e9es \u00e0 l'entra\u00eenement et permet ainsi une production industrie 4.0.","twitter_image":"https:\/\/linmot.com\/fr\/wp-content\/uploads\/sites\/3\/2017\/10\/servo-drives-product-overview-ENG-2016-1.png","twitter_misc":{"Dur\u00e9e de lecture estim\u00e9e":"4 minutes"},"schema":{"@context":"https:\/\/schema.org","@graph":[{"@type":"WebPage","@id":"https:\/\/linmot.com\/fr\/la-cle-de-l-industrie-4-0-les-servocommandes\/","url":"https:\/\/linmot.com\/fr\/la-cle-de-l-industrie-4-0-les-servocommandes\/","name":"La cl\u00e9 de l'industrie 4.0: les servocommandes","isPartOf":{"@id":"https:\/\/linmot.com\/fr\/#website"},"primaryImageOfPage":{"@id":"https:\/\/linmot.com\/fr\/la-cle-de-l-industrie-4-0-les-servocommandes\/#primaryimage"},"image":{"@id":"https:\/\/linmot.com\/fr\/la-cle-de-l-industrie-4-0-les-servocommandes\/#primaryimage"},"thumbnailUrl":"https:\/\/linmot.com\/de\/wp-content\/uploads\/sites\/2\/2021\/07\/icon-food.png","datePublished":"2021-09-27T12:04:17+00:00","dateModified":"2024-08-28T09:52:23+00:00","description":"La partie commande prend en charge toutes les fonctions de r\u00e9gulation et de surveillance li\u00e9es \u00e0 l'entra\u00eenement et permet ainsi une production industrie 4.0.","breadcrumb":{"@id":"https:\/\/linmot.com\/fr\/la-cle-de-l-industrie-4-0-les-servocommandes\/#breadcrumb"},"inLanguage":"fr-FR","potentialAction":[{"@type":"ReadAction","target":["https:\/\/linmot.com\/fr\/la-cle-de-l-industrie-4-0-les-servocommandes\/"]}]},{"@type":"ImageObject","inLanguage":"fr-FR","@id":"https:\/\/linmot.com\/fr\/la-cle-de-l-industrie-4-0-les-servocommandes\/#primaryimage","url":"https:\/\/linmot.com\/de\/wp-content\/uploads\/sites\/2\/2021\/07\/icon-food.png","contentUrl":"https:\/\/linmot.com\/de\/wp-content\/uploads\/sites\/2\/2021\/07\/icon-food.png"},{"@type":"BreadcrumbList","@id":"https:\/\/linmot.com\/fr\/la-cle-de-l-industrie-4-0-les-servocommandes\/#breadcrumb","itemListElement":[{"@type":"ListItem","position":1,"name":"Home","item":"https:\/\/linmot.com\/fr\/"},{"@type":"ListItem","position":2,"name":"La cl\u00e9 de l&rsquo;industrie 4.0: les servocommandes"}]},{"@type":"WebSite","@id":"https:\/\/linmot.com\/fr\/#website","url":"https:\/\/linmot.com\/fr\/","name":"LinMot &amp; MagSpring - Fran\u00e7ais","description":"Moteurs lin\u00e9aires et des syst\u00e8mes de moteurs lin\u00e9aires de haute qualit\u00e9","publisher":{"@id":"https:\/\/linmot.com\/fr\/#organization"},"potentialAction":[{"@type":"SearchAction","target":{"@type":"EntryPoint","urlTemplate":"https:\/\/linmot.com\/fr\/?s={search_term_string}"},"query-input":{"@type":"PropertyValueSpecification","valueRequired":true,"valueName":"search_term_string"}}],"inLanguage":"fr-FR"},{"@type":"Organization","@id":"https:\/\/linmot.com\/fr\/#organization","name":"NTI AG - LinMot & MagSpring","url":"https:\/\/linmot.com\/fr\/","logo":{"@type":"ImageObject","inLanguage":"fr-FR","@id":"https:\/\/linmot.com\/fr\/#\/schema\/logo\/image\/","url":"https:\/\/linmot.com\/fr\/wp-content\/uploads\/sites\/3\/2022\/05\/linmot-social-share-logo.jpg","contentUrl":"https:\/\/linmot.com\/fr\/wp-content\/uploads\/sites\/3\/2022\/05\/linmot-social-share-logo.jpg","width":800,"height":500,"caption":"NTI AG - LinMot & MagSpring"},"image":{"@id":"https:\/\/linmot.com\/fr\/#\/schema\/logo\/image\/"},"sameAs":["https:\/\/www.linkedin.com\/company\/nti-ag-linmot-magspring","https:\/\/www.youtube.com\/user\/LinMotEurope"]}]}},"_links":{"self":[{"href":"https:\/\/linmot.com\/fr\/wp-json\/wp\/v2\/pages\/1866","targetHints":{"allow":["GET"]}}],"collection":[{"href":"https:\/\/linmot.com\/fr\/wp-json\/wp\/v2\/pages"}],"about":[{"href":"https:\/\/linmot.com\/fr\/wp-json\/wp\/v2\/types\/page"}],"author":[{"embeddable":true,"href":"https:\/\/linmot.com\/fr\/wp-json\/wp\/v2\/users\/9"}],"replies":[{"embeddable":true,"href":"https:\/\/linmot.com\/fr\/wp-json\/wp\/v2\/comments?post=1866"}],"version-history":[{"count":9,"href":"https:\/\/linmot.com\/fr\/wp-json\/wp\/v2\/pages\/1866\/revisions"}],"predecessor-version":[{"id":3459,"href":"https:\/\/linmot.com\/fr\/wp-json\/wp\/v2\/pages\/1866\/revisions\/3459"}],"wp:attachment":[{"href":"https:\/\/linmot.com\/fr\/wp-json\/wp\/v2\/media?parent=1866"}],"curies":[{"name":"wp","href":"https:\/\/api.w.org\/{rel}","templated":true}]}}