{"id":1862,"date":"2021-09-27T12:50:05","date_gmt":"2021-09-27T10:50:05","guid":{"rendered":"https:\/\/linmot.com\/fr\/?page_id=1862"},"modified":"2022-11-02T15:03:48","modified_gmt":"2022-11-02T14:03:48","slug":"mouvements-lineaires-et-rotatifs-en-un-moteur-lineaire-rotatif","status":"publish","type":"page","link":"https:\/\/linmot.com\/fr\/mouvements-lineaires-et-rotatifs-en-un-moteur-lineaire-rotatif\/","title":{"rendered":"Mouvements lin\u00e9aires et rotatifs en un: Moteur Lin\u00e9aire Rotatif"},"content":{"rendered":"<p><strong>Les moteurs lin\u00e9aires rotatifs LinMot se caract\u00e9risent par une flexibilit\u00e9, une dynamique et une vitesse excellentes. Ils combinent deux servomoteurs \u00e9lectromagn\u00e9tiques dans un seul bo\u00eetier compact et permettent ainsi des mouvements lin\u00e9aires et rotatifs combin\u00e9s de la mani\u00e8re la plus simple qui soit.<\/strong><\/p>\n<p>L\u2019\u00e9l\u00e9ment de machine pr\u00eat \u00e0 l\u2019emploi offre \u00e9galement une gamme d\u2019options permettant de r\u00e9aliser des s\u00e9quences de fonctionnement complexes. Par exemple, le constructeur de machines peut choisir entre l\u2019alimentation en air \u00e0 travers l\u2019arbre creux, les composants pour la compensation du poids (MagSpring) et les capteurs int\u00e9gr\u00e9s et \u00e9talonnables pour l\u2019enregistrement du couple et de la force, et ainsi adapter parfaitement son moteur lin\u00e9aire rotatif aux exigences de l\u2019application concern\u00e9e.<\/p>\n<p>Les utilisateurs b\u00e9n\u00e9ficient \u00e9galement d\u2019une conception hygi\u00e9nique avec des surfaces faciles \u00e0 nettoyer. Si cela ne suffit pas, la bride avant en acier inoxydable en option ou le module entier en acier inoxydable peuvent certainement apporter une solution aux applications ayant des exigences particuli\u00e8res en mati\u00e8re de surface \u00e0 nettoyer.<\/p>\n<hr \/>\n<div class=\"row download\">\n<div class=\"col-md-7\">\n<h3>En bref<\/h3>\n<ul>\n<li>Entra\u00eenement direct lin\u00e9aire et rotatif hautement dynamique<\/li>\n<li>Mouvements lin\u00e9aires et rotatifs ind\u00e9pendants &#8211; synchronisables si n\u00e9cessaire<\/li>\n<li>Forces et couples de pression programmables<\/li>\n<li>En option, tige traversante pour le passage de l\u2019air ou un poussoir pour \u00e9jecter les \u00e9l\u00e9ments saisis<\/li>\n<li>En option, avec MagSpring pour la compensation de la charge<\/li>\n<li>En option, compl\u00e8tement en acier inoxydable pour les applications avec des exigences d&rsquo;hygi\u00e8ne \u00e9lev\u00e9es<\/li>\n<\/ul>\n<\/div>\n<div class=\"col-md-5\">\n<div class=\"brlbs-cmpnt-container brlbs-cmpnt-content-blocker brlbs-cmpnt-with-individual-styles\" data-borlabs-cookie-content-blocker-id=\"default\" data-borlabs-cookie-content=\"PGlmcmFtZSB0aXRsZT0iWW91VHViZSB2aWRlbyBwbGF5ZXIiIHNyYz0iaHR0cHM6Ly93d3cueW91dHViZS5jb20vZW1iZWQvUkkwOWpGWVVfYjAiIHdpZHRoPSIzOTAiIGhlaWdodD0iMjgwIiBmcmFtZWJvcmRlcj0iMCIgYWxsb3dmdWxsc2NyZWVuPSJhbGxvd2Z1bGxzY3JlZW4iPjwvaWZyYW1lPg==\">\n<div class=\"brlbs-cmpnt-cb-preset-a\">\n<p class=\"brlbs-cmpnt-cb-description\">You are currently viewing a placeholder content from <strong>Default<\/strong>. To access the actual content, click the button below. Please note that doing so will share data with third-party providers.<\/p>\n<div class=\"brlbs-cmpnt-cb-buttons\"> <a class=\"brlbs-cmpnt-cb-btn\" href=\"#\" data-borlabs-cookie-unblock role=\"button\">Unblock content<\/a> <a class=\"brlbs-cmpnt-cb-btn\" href=\"#\" data-borlabs-cookie-accept-service role=\"button\" style=\"display: none\">Accept required service and unblock content<\/a> <\/div>\n<p> <a class=\"brlbs-cmpnt-cb-provider-toggle\" href=\"#\" data-borlabs-cookie-show-provider-information role=\"button\">More Information<\/a> <\/div>\n<\/div>\n<\/div>\n<\/div>\n<hr \/>\n<h3>En savoir plus sur les Moteur Lin\u00e9aire Rotatif<\/h3>\n<div class=\"row download\">\n<div class=\"col-md-4\">\n<ul>\n<li>D\u00e9tails des Moteur Lin\u00e9aire Rotatif<\/li>\n<li>Rapports d&rsquo;application<\/li>\n<li>La fonctionnalit\u00e9 en d\u00e9tail<\/li>\n<\/ul>\n<p><a class=\"button\" href=\"\/fr\/produits\/moteur-lineaire-rotatif\/\" target=\"_same\" rel=\"noopener\">Vers la page du produit<\/a><br \/>\n<\/div>\n<div class=\"col-md-4\">\n<ul>\n<li>Fiches techniques<\/li>\n<li>Instructions d&rsquo;installation<\/li>\n<li>Logiciel<\/li>\n<\/ul>\n<p><a class=\"button\" href=\"https:\/\/shop.linmot.com\/\" target=\"_same\" rel=\"noopener\">Vers le e-catalogue<\/a><br \/>\n<\/div>\n<div class=\"col-md-4\">\n<ul>\n<li>Vid\u00e9os : Exemples d&rsquo;application<\/li>\n<li>Vid\u00e9os : D\u00e9monstrations<\/li>\n<li>Vid\u00e9os : Fermeture<\/li>\n<\/ul>\n<p><a class=\"button\" href=\"https:\/\/www.youtube.com\/watch?v=RI09jFYU_b0&amp;list=PLR_bmqMbOMGfR-MC7h604JylfqYOIe_B7\" target=\"_same\" rel=\"noopener\">Vers Youtube<\/a><br \/>\n<\/div>\n<\/div>\n<hr \/>\n<h3>Exemples de l&rsquo;industrie<\/h3>\n<div class=\"row\">\n<div class=\"col-md-4\">\n<a href=\"https:\/\/linmot.com\/fr\/solutions-industrielles\/alimentaire\/\">Alimentaire<\/a><br \/>\n<img loading=\"lazy\" decoding=\"async\" class=\"size-full wp-image-1975\" src=\"https:\/\/linmot.com\/de\/wp-content\/uploads\/sites\/2\/2021\/07\/icon-food.png\" alt=\"\" width=\"71\" height=\"39\" \/><br \/>\n<\/div>\n<div class=\"col-md-4\">\n<a href=\"https:\/\/linmot.com\/fr\/solutions-industrielles\/bois\/\">Bois<\/a><br \/>\n<img loading=\"lazy\" decoding=\"async\" class=\"wp-image-1976 size-full\" src=\"https:\/\/linmot.com\/de\/wp-content\/uploads\/sites\/2\/2021\/07\/icon-wood-machines.png\" alt=\"\" width=\"74\" height=\"40\" \/><br \/>\n<\/div>\n<div class=\"col-md-4\">\n<a href=\"https:\/\/linmot.com\/fr\/solutions-industrielles\/automobile\/\">Automobile<\/a><br \/>\n<img loading=\"lazy\" decoding=\"async\" class=\"wp-image-1977 size-full\" src=\"https:\/\/linmot.com\/de\/wp-content\/uploads\/sites\/2\/2021\/07\/icon-automotive.png\" alt=\"\" width=\"84\" height=\"35\" \/><br \/>\n<\/div>\n<\/div>\n<div class=\"row\">\n<div class=\"col-md-4\">\n<a href=\"https:\/\/linmot.com\/fr\/solutions-industrielles\/machines-textiles\/\">Machines textiles<\/a><br \/>\n<img loading=\"lazy\" decoding=\"async\" class=\"wp-image-1978 size-full\" src=\"https:\/\/linmot.com\/de\/wp-content\/uploads\/sites\/2\/2021\/07\/icon-textile-machines.png\" alt=\"\" width=\"71\" height=\"37\" \/><br \/>\n<\/div>\n<div class=\"col-md-4\">\n<a href=\"https:\/\/linmot.com\/fr\/solutions-industrielles\/automatisation-des-laboratoires\/\">Automatisation des laboratoires<\/a><br \/>\n<img loading=\"lazy\" decoding=\"async\" class=\"wp-image-1980 size-full\" src=\"https:\/\/linmot.com\/de\/wp-content\/uploads\/sites\/2\/2021\/07\/icon-laboratory-automation.png\" alt=\"\" width=\"63\" height=\"48\" \/><br \/>\n<\/div>\n<div class=\"col-md-4\">\n<a href=\"https:\/\/linmot.com\/fr\/solutions-industrielles\/impression-et-etiquetage\/\">Impression et \u00e9tiquetage\/<\/a><br \/>\n<img loading=\"lazy\" decoding=\"async\" class=\"wp-image-1979 size-full\" src=\"https:\/\/linmot.com\/de\/wp-content\/uploads\/sites\/2\/2021\/07\/icon-drucken-etikettieren.png\" alt=\"\" width=\"62\" height=\"56\" \/><br \/>\n<\/div>\n<\/div>\n<div class=\"row\">\n<div class=\"col-md-4\">\n<a href=\"https:\/\/linmot.com\/fr\/solutions-industrielles\/medical-et-pharmaceutique\/\">M\u00e9dical et Pharmaceutique<\/a><br \/>\n<img loading=\"lazy\" decoding=\"async\" class=\"alignnone wp-image-2020 size-full\" src=\"https:\/\/linmot.com\/de\/wp-content\/uploads\/sites\/2\/2021\/07\/icon-pharma.jpg\" alt=\"\" width=\"63\" height=\"48\" \/><br \/>\n<\/div>\n<div class=\"col-md-4\">\n<a href=\"https:\/\/linmot.com\/fr\/solutions-industrielles\/alimentaire\/\">Boissons<\/a><br \/>\n<img loading=\"lazy\" decoding=\"async\" class=\"alignnone wp-image-2021 size-full\" src=\"https:\/\/linmot.com\/de\/wp-content\/uploads\/sites\/2\/2021\/07\/icon-food-beverage.png\" alt=\"\" width=\"92\" height=\"40\" \/><br \/>\n<\/div>\n<div class=\"col-md-4\">\n<a href=\"https:\/\/linmot.com\/fr\/solutions-industrielles\/manipulation-et-assemblage\/\">Manipulation et assemblage<\/a><br \/>\n<img loading=\"lazy\" decoding=\"async\" class=\"alignnone wp-image-2022 size-full\" src=\"https:\/\/linmot.com\/de\/wp-content\/uploads\/sites\/2\/2021\/07\/icon-montage.png\" alt=\"\" width=\"63\" height=\"48\" \/><br \/>\n<\/div>\n<\/div>\n<hr \/>\n<h3>Des questions sur les Moteurs Lin\u00e9aire Rotatif?<\/h3>\n<div class=\"row download\">\n<div class=\"col-md-8\">\n<p class=\"bodytext\">Nous serons heureux de r\u00e9pondre \u00e0 toutes les questions que vous pourriez avoir sur les Moteurs Lin\u00e9aire Rotatif.<br \/>\nPour ce faire, veuillez nous contacter \u00e0 l&rsquo;aide du formulaire ci-dessous ou nous appeler au num\u00e9ro suivant:<\/p>\n<p class=\"bodytext\">Tel: +49 (0)201 858940 0<\/p>\n<p class=\"bodytext\">L&rsquo;\u00e9quipe LinMot<\/p>\n<\/div>\n<div class=\"col-md-4\">\n\n<div class=\"wpcf7 no-js\" id=\"wpcf7-f1702-o1\" lang=\"fr-FR\" dir=\"ltr\" data-wpcf7-id=\"1702\">\n<div class=\"screen-reader-response\"><p role=\"status\" aria-live=\"polite\" aria-atomic=\"true\"><\/p> <ul><\/ul><\/div>\n<form action=\"\/fr\/wp-json\/wp\/v2\/pages\/1862#wpcf7-f1702-o1\" method=\"post\" class=\"wpcf7-form init\" aria-label=\"Formulaire de contact\" novalidate=\"novalidate\" data-status=\"init\">\n<fieldset class=\"hidden-fields-container\"><input type=\"hidden\" name=\"_wpcf7\" value=\"1702\" \/><input type=\"hidden\" name=\"_wpcf7_version\" value=\"6.1.5\" \/><input type=\"hidden\" name=\"_wpcf7_locale\" value=\"fr_FR\" \/><input type=\"hidden\" name=\"_wpcf7_unit_tag\" value=\"wpcf7-f1702-o1\" \/><input type=\"hidden\" name=\"_wpcf7_container_post\" value=\"0\" \/><input type=\"hidden\" name=\"_wpcf7_posted_data_hash\" value=\"\" \/><input type=\"hidden\" name=\"_wpcf7_recaptcha_response\" value=\"\" \/>\n<\/fieldset>\n<label> Votre nom<br>\n    <span class=\"wpcf7-form-control-wrap\" data-name=\"your-name\"><input size=\"40\" maxlength=\"400\" class=\"wpcf7-form-control wpcf7-text wpcf7-validates-as-required\" aria-required=\"true\" aria-invalid=\"false\" value=\"\" type=\"text\" name=\"your-name\" \/><\/span> <\/label>\n<br>\n<label> Votre entreprise<br>\n    <span class=\"wpcf7-form-control-wrap\" data-name=\"your-company\"><input size=\"40\" maxlength=\"400\" class=\"wpcf7-form-control wpcf7-text wpcf7-validates-as-required\" aria-required=\"true\" aria-invalid=\"false\" value=\"\" type=\"text\" name=\"your-company\" \/><\/span> <\/label>\n<br>\n<label> Code postal<br>\n    <span class=\"wpcf7-form-control-wrap\" data-name=\"your-plz\"><input class=\"wpcf7-form-control wpcf7-number wpcf7-validates-as-required wpcf7-validates-as-number\" aria-required=\"true\" aria-invalid=\"false\" value=\"\" type=\"number\" name=\"your-plz\" \/><\/span> <\/label>\n<br>\n<label> Pays<br>\n    <span class=\"wpcf7-form-control-wrap\" data-name=\"your-country\"><input size=\"40\" maxlength=\"400\" class=\"wpcf7-form-control wpcf7-text wpcf7-validates-as-required\" aria-required=\"true\" aria-invalid=\"false\" value=\"\" type=\"text\" name=\"your-country\" \/><\/span> <\/label>\n<br>\n<label> Votre num\u00e9ro de t\u00e9l\u00e9phone<br>\n    <span class=\"wpcf7-form-control-wrap\" data-name=\"your-number\"><input size=\"40\" maxlength=\"400\" class=\"wpcf7-form-control wpcf7-tel wpcf7-validates-as-required wpcf7-text wpcf7-validates-as-tel\" aria-required=\"true\" aria-invalid=\"false\" value=\"\" type=\"tel\" name=\"your-number\" \/><\/span> <\/label>\n<br>\n<label> Votre e-mail<br>\n    <span class=\"wpcf7-form-control-wrap\" data-name=\"your-email\"><input size=\"40\" maxlength=\"400\" class=\"wpcf7-form-control wpcf7-email wpcf7-validates-as-required wpcf7-text wpcf7-validates-as-email\" aria-required=\"true\" aria-invalid=\"false\" value=\"\" type=\"email\" name=\"your-email\" \/><\/span> <\/label>\n<br>\n<label> Votre message (facultatif)<br>\n    <span class=\"wpcf7-form-control-wrap\" data-name=\"your-message\"><textarea cols=\"40\" rows=\"10\" maxlength=\"2000\" class=\"wpcf7-form-control wpcf7-textarea\" aria-invalid=\"false\" name=\"your-message\"><\/textarea><\/span> <\/label>\n<br>\n<input class=\"wpcf7-form-control wpcf7-submit has-spinner\" type=\"submit\" value=\"Envoyer\" \/><div class=\"wpcf7-response-output\" aria-hidden=\"true\"><\/div>\n<\/form>\n<\/div>\n\n<\/div>\n<\/div>\n","protected":false},"excerpt":{"rendered":"<p>Les moteurs lin\u00e9aires rotatifs LinMot se caract\u00e9risent par une flexibilit\u00e9, une dynamique et une vitesse excellentes. Ils combinent deux servomoteurs \u00e9lectromagn\u00e9tiques dans un seul bo\u00eetier compact et permettent ainsi des mouvements lin\u00e9aires et rotatifs combin\u00e9s de la mani\u00e8re la plus simple qui soit. L\u2019\u00e9l\u00e9ment de machine pr\u00eat \u00e0 l\u2019emploi offre \u00e9galement une gamme d\u2019options permettant [&hellip;]<\/p>\n","protected":false},"author":9,"featured_media":0,"parent":0,"menu_order":129,"comment_status":"closed","ping_status":"closed","template":"","meta":{"_acf_changed":false,"footnotes":""},"class_list":["post-1862","page","type-page","status-publish","hentry"],"acf":[],"yoast_head":"<!-- This site is optimized with the Yoast SEO Premium plugin v20.9 (Yoast SEO v27.4) - https:\/\/yoast.com\/product\/yoast-seo-premium-wordpress\/ -->\n<title>Mouvements lin\u00e9aires et rotatifs en un: Moteur Lin\u00e9aire Rotatif - LinMot &amp; MagSpring - Fran\u00e7ais<\/title>\n<meta name=\"description\" content=\"Les moteurs lin\u00e9aire rotatif combinent deux servomoteurs dans un bo\u00eetier et permettent ainsi des mouvements lin\u00e9aires et rotatifs combin\u00e9s.\" \/>\n<meta name=\"robots\" content=\"index, follow, max-snippet:-1, max-image-preview:large, max-video-preview:-1\" \/>\n<link rel=\"canonical\" href=\"https:\/\/linmot.com\/fr\/mouvements-lineaires-et-rotatifs-en-un-moteur-lineaire-rotatif\/\" \/>\n<meta property=\"og:locale\" content=\"fr_FR\" \/>\n<meta property=\"og:type\" content=\"article\" \/>\n<meta property=\"og:title\" content=\"Mouvements lin\u00e9aires et rotatifs en un: Moteur Lin\u00e9aire Rotatif\" \/>\n<meta property=\"og:description\" content=\"Les moteurs lin\u00e9aire rotatif combinent deux servomoteurs dans un bo\u00eetier et permettent ainsi des mouvements lin\u00e9aires et rotatifs combin\u00e9s.\" \/>\n<meta property=\"og:url\" content=\"https:\/\/linmot.com\/fr\/mouvements-lineaires-et-rotatifs-en-un-moteur-lineaire-rotatif\/\" \/>\n<meta property=\"og:site_name\" content=\"LinMot &amp; MagSpring - Fran\u00e7ais\" \/>\n<meta property=\"article:modified_time\" content=\"2022-11-02T14:03:48+00:00\" \/>\n<meta property=\"og:image\" content=\"https:\/\/linmot.com\/de\/wp-content\/uploads\/sites\/2\/2021\/07\/icon-food.png\" \/>\n<meta name=\"twitter:card\" content=\"summary_large_image\" \/>\n<meta name=\"twitter:label1\" content=\"Dur\u00e9e de lecture estim\u00e9e\" \/>\n\t<meta name=\"twitter:data1\" content=\"4 minutes\" \/>\n<script type=\"application\/ld+json\" class=\"yoast-schema-graph\">{\"@context\":\"https:\\\/\\\/schema.org\",\"@graph\":[{\"@type\":\"WebPage\",\"@id\":\"https:\\\/\\\/linmot.com\\\/fr\\\/mouvements-lineaires-et-rotatifs-en-un-moteur-lineaire-rotatif\\\/\",\"url\":\"https:\\\/\\\/linmot.com\\\/fr\\\/mouvements-lineaires-et-rotatifs-en-un-moteur-lineaire-rotatif\\\/\",\"name\":\"Mouvements lin\u00e9aires et rotatifs en un: Moteur Lin\u00e9aire Rotatif - LinMot &amp; MagSpring - Fran\u00e7ais\",\"isPartOf\":{\"@id\":\"https:\\\/\\\/linmot.com\\\/fr\\\/#website\"},\"primaryImageOfPage\":{\"@id\":\"https:\\\/\\\/linmot.com\\\/fr\\\/mouvements-lineaires-et-rotatifs-en-un-moteur-lineaire-rotatif\\\/#primaryimage\"},\"image\":{\"@id\":\"https:\\\/\\\/linmot.com\\\/fr\\\/mouvements-lineaires-et-rotatifs-en-un-moteur-lineaire-rotatif\\\/#primaryimage\"},\"thumbnailUrl\":\"https:\\\/\\\/linmot.com\\\/de\\\/wp-content\\\/uploads\\\/sites\\\/2\\\/2021\\\/07\\\/icon-food.png\",\"datePublished\":\"2021-09-27T10:50:05+00:00\",\"dateModified\":\"2022-11-02T14:03:48+00:00\",\"description\":\"Les moteurs lin\u00e9aire rotatif combinent deux servomoteurs dans un bo\u00eetier et permettent ainsi des mouvements lin\u00e9aires et rotatifs combin\u00e9s.\",\"breadcrumb\":{\"@id\":\"https:\\\/\\\/linmot.com\\\/fr\\\/mouvements-lineaires-et-rotatifs-en-un-moteur-lineaire-rotatif\\\/#breadcrumb\"},\"inLanguage\":\"fr-FR\",\"potentialAction\":[{\"@type\":\"ReadAction\",\"target\":[\"https:\\\/\\\/linmot.com\\\/fr\\\/mouvements-lineaires-et-rotatifs-en-un-moteur-lineaire-rotatif\\\/\"]}]},{\"@type\":\"ImageObject\",\"inLanguage\":\"fr-FR\",\"@id\":\"https:\\\/\\\/linmot.com\\\/fr\\\/mouvements-lineaires-et-rotatifs-en-un-moteur-lineaire-rotatif\\\/#primaryimage\",\"url\":\"https:\\\/\\\/linmot.com\\\/de\\\/wp-content\\\/uploads\\\/sites\\\/2\\\/2021\\\/07\\\/icon-food.png\",\"contentUrl\":\"https:\\\/\\\/linmot.com\\\/de\\\/wp-content\\\/uploads\\\/sites\\\/2\\\/2021\\\/07\\\/icon-food.png\"},{\"@type\":\"BreadcrumbList\",\"@id\":\"https:\\\/\\\/linmot.com\\\/fr\\\/mouvements-lineaires-et-rotatifs-en-un-moteur-lineaire-rotatif\\\/#breadcrumb\",\"itemListElement\":[{\"@type\":\"ListItem\",\"position\":1,\"name\":\"Home\",\"item\":\"https:\\\/\\\/linmot.com\\\/fr\\\/\"},{\"@type\":\"ListItem\",\"position\":2,\"name\":\"Mouvements lin\u00e9aires et rotatifs en un: Moteur Lin\u00e9aire Rotatif\"}]},{\"@type\":\"WebSite\",\"@id\":\"https:\\\/\\\/linmot.com\\\/fr\\\/#website\",\"url\":\"https:\\\/\\\/linmot.com\\\/fr\\\/\",\"name\":\"LinMot &amp; MagSpring - Fran\u00e7ais\",\"description\":\"Moteurs lin\u00e9aires et des syst\u00e8mes de moteurs lin\u00e9aires de haute qualit\u00e9\",\"publisher\":{\"@id\":\"https:\\\/\\\/linmot.com\\\/fr\\\/#organization\"},\"potentialAction\":[{\"@type\":\"SearchAction\",\"target\":{\"@type\":\"EntryPoint\",\"urlTemplate\":\"https:\\\/\\\/linmot.com\\\/fr\\\/?s={search_term_string}\"},\"query-input\":{\"@type\":\"PropertyValueSpecification\",\"valueRequired\":true,\"valueName\":\"search_term_string\"}}],\"inLanguage\":\"fr-FR\"},{\"@type\":\"Organization\",\"@id\":\"https:\\\/\\\/linmot.com\\\/fr\\\/#organization\",\"name\":\"NTI AG - LinMot & MagSpring\",\"url\":\"https:\\\/\\\/linmot.com\\\/fr\\\/\",\"logo\":{\"@type\":\"ImageObject\",\"inLanguage\":\"fr-FR\",\"@id\":\"https:\\\/\\\/linmot.com\\\/fr\\\/#\\\/schema\\\/logo\\\/image\\\/\",\"url\":\"https:\\\/\\\/linmot.com\\\/fr\\\/wp-content\\\/uploads\\\/sites\\\/3\\\/2022\\\/05\\\/linmot-social-share-logo.jpg\",\"contentUrl\":\"https:\\\/\\\/linmot.com\\\/fr\\\/wp-content\\\/uploads\\\/sites\\\/3\\\/2022\\\/05\\\/linmot-social-share-logo.jpg\",\"width\":800,\"height\":500,\"caption\":\"NTI AG - LinMot & MagSpring\"},\"image\":{\"@id\":\"https:\\\/\\\/linmot.com\\\/fr\\\/#\\\/schema\\\/logo\\\/image\\\/\"},\"sameAs\":[\"https:\\\/\\\/www.linkedin.com\\\/company\\\/nti-ag-linmot-magspring\",\"https:\\\/\\\/www.youtube.com\\\/user\\\/LinMotEurope\"]}]}<\/script>\n<!-- \/ Yoast SEO Premium plugin. -->","yoast_head_json":{"title":"Mouvements lin\u00e9aires et rotatifs en un: Moteur Lin\u00e9aire Rotatif - LinMot &amp; MagSpring - Fran\u00e7ais","description":"Les moteurs lin\u00e9aire rotatif combinent deux servomoteurs dans un bo\u00eetier et permettent ainsi des mouvements lin\u00e9aires et rotatifs combin\u00e9s.","robots":{"index":"index","follow":"follow","max-snippet":"max-snippet:-1","max-image-preview":"max-image-preview:large","max-video-preview":"max-video-preview:-1"},"canonical":"https:\/\/linmot.com\/fr\/mouvements-lineaires-et-rotatifs-en-un-moteur-lineaire-rotatif\/","og_locale":"fr_FR","og_type":"article","og_title":"Mouvements lin\u00e9aires et rotatifs en un: Moteur Lin\u00e9aire Rotatif","og_description":"Les moteurs lin\u00e9aire rotatif combinent deux servomoteurs dans un bo\u00eetier et permettent ainsi des mouvements lin\u00e9aires et rotatifs combin\u00e9s.","og_url":"https:\/\/linmot.com\/fr\/mouvements-lineaires-et-rotatifs-en-un-moteur-lineaire-rotatif\/","og_site_name":"LinMot &amp; MagSpring - Fran\u00e7ais","article_modified_time":"2022-11-02T14:03:48+00:00","og_image":[{"url":"https:\/\/linmot.com\/de\/wp-content\/uploads\/sites\/2\/2021\/07\/icon-food.png","type":"","width":"","height":""}],"twitter_card":"summary_large_image","twitter_misc":{"Dur\u00e9e de lecture estim\u00e9e":"4 minutes"},"schema":{"@context":"https:\/\/schema.org","@graph":[{"@type":"WebPage","@id":"https:\/\/linmot.com\/fr\/mouvements-lineaires-et-rotatifs-en-un-moteur-lineaire-rotatif\/","url":"https:\/\/linmot.com\/fr\/mouvements-lineaires-et-rotatifs-en-un-moteur-lineaire-rotatif\/","name":"Mouvements lin\u00e9aires et rotatifs en un: Moteur Lin\u00e9aire Rotatif - LinMot &amp; MagSpring - Fran\u00e7ais","isPartOf":{"@id":"https:\/\/linmot.com\/fr\/#website"},"primaryImageOfPage":{"@id":"https:\/\/linmot.com\/fr\/mouvements-lineaires-et-rotatifs-en-un-moteur-lineaire-rotatif\/#primaryimage"},"image":{"@id":"https:\/\/linmot.com\/fr\/mouvements-lineaires-et-rotatifs-en-un-moteur-lineaire-rotatif\/#primaryimage"},"thumbnailUrl":"https:\/\/linmot.com\/de\/wp-content\/uploads\/sites\/2\/2021\/07\/icon-food.png","datePublished":"2021-09-27T10:50:05+00:00","dateModified":"2022-11-02T14:03:48+00:00","description":"Les moteurs lin\u00e9aire rotatif combinent deux servomoteurs dans un bo\u00eetier et permettent ainsi des mouvements lin\u00e9aires et rotatifs combin\u00e9s.","breadcrumb":{"@id":"https:\/\/linmot.com\/fr\/mouvements-lineaires-et-rotatifs-en-un-moteur-lineaire-rotatif\/#breadcrumb"},"inLanguage":"fr-FR","potentialAction":[{"@type":"ReadAction","target":["https:\/\/linmot.com\/fr\/mouvements-lineaires-et-rotatifs-en-un-moteur-lineaire-rotatif\/"]}]},{"@type":"ImageObject","inLanguage":"fr-FR","@id":"https:\/\/linmot.com\/fr\/mouvements-lineaires-et-rotatifs-en-un-moteur-lineaire-rotatif\/#primaryimage","url":"https:\/\/linmot.com\/de\/wp-content\/uploads\/sites\/2\/2021\/07\/icon-food.png","contentUrl":"https:\/\/linmot.com\/de\/wp-content\/uploads\/sites\/2\/2021\/07\/icon-food.png"},{"@type":"BreadcrumbList","@id":"https:\/\/linmot.com\/fr\/mouvements-lineaires-et-rotatifs-en-un-moteur-lineaire-rotatif\/#breadcrumb","itemListElement":[{"@type":"ListItem","position":1,"name":"Home","item":"https:\/\/linmot.com\/fr\/"},{"@type":"ListItem","position":2,"name":"Mouvements lin\u00e9aires et rotatifs en un: Moteur Lin\u00e9aire Rotatif"}]},{"@type":"WebSite","@id":"https:\/\/linmot.com\/fr\/#website","url":"https:\/\/linmot.com\/fr\/","name":"LinMot &amp; MagSpring - Fran\u00e7ais","description":"Moteurs lin\u00e9aires et des syst\u00e8mes de moteurs lin\u00e9aires de haute qualit\u00e9","publisher":{"@id":"https:\/\/linmot.com\/fr\/#organization"},"potentialAction":[{"@type":"SearchAction","target":{"@type":"EntryPoint","urlTemplate":"https:\/\/linmot.com\/fr\/?s={search_term_string}"},"query-input":{"@type":"PropertyValueSpecification","valueRequired":true,"valueName":"search_term_string"}}],"inLanguage":"fr-FR"},{"@type":"Organization","@id":"https:\/\/linmot.com\/fr\/#organization","name":"NTI AG - LinMot & MagSpring","url":"https:\/\/linmot.com\/fr\/","logo":{"@type":"ImageObject","inLanguage":"fr-FR","@id":"https:\/\/linmot.com\/fr\/#\/schema\/logo\/image\/","url":"https:\/\/linmot.com\/fr\/wp-content\/uploads\/sites\/3\/2022\/05\/linmot-social-share-logo.jpg","contentUrl":"https:\/\/linmot.com\/fr\/wp-content\/uploads\/sites\/3\/2022\/05\/linmot-social-share-logo.jpg","width":800,"height":500,"caption":"NTI AG - LinMot & MagSpring"},"image":{"@id":"https:\/\/linmot.com\/fr\/#\/schema\/logo\/image\/"},"sameAs":["https:\/\/www.linkedin.com\/company\/nti-ag-linmot-magspring","https:\/\/www.youtube.com\/user\/LinMotEurope"]}]}},"_links":{"self":[{"href":"https:\/\/linmot.com\/fr\/wp-json\/wp\/v2\/pages\/1862","targetHints":{"allow":["GET"]}}],"collection":[{"href":"https:\/\/linmot.com\/fr\/wp-json\/wp\/v2\/pages"}],"about":[{"href":"https:\/\/linmot.com\/fr\/wp-json\/wp\/v2\/types\/page"}],"author":[{"embeddable":true,"href":"https:\/\/linmot.com\/fr\/wp-json\/wp\/v2\/users\/9"}],"replies":[{"embeddable":true,"href":"https:\/\/linmot.com\/fr\/wp-json\/wp\/v2\/comments?post=1862"}],"version-history":[{"count":6,"href":"https:\/\/linmot.com\/fr\/wp-json\/wp\/v2\/pages\/1862\/revisions"}],"predecessor-version":[{"id":2722,"href":"https:\/\/linmot.com\/fr\/wp-json\/wp\/v2\/pages\/1862\/revisions\/2722"}],"wp:attachment":[{"href":"https:\/\/linmot.com\/fr\/wp-json\/wp\/v2\/media?parent=1862"}],"curies":[{"name":"wp","href":"https:\/\/api.w.org\/{rel}","templated":true}]}}