{"id":1849,"date":"2021-09-20T11:02:11","date_gmt":"2021-09-20T09:02:11","guid":{"rendered":"https:\/\/linmot.com\/fr\/?page_id=1849"},"modified":"2024-04-17T14:19:28","modified_gmt":"2024-04-17T12:19:28","slug":"trier-detourner-et-pousser-automatiquement","status":"publish","type":"page","link":"https:\/\/linmot.com\/fr\/trier-detourner-et-pousser-automatiquement\/","title":{"rendered":"Trier, d\u00e9tourner et pousser automatiquement"},"content":{"rendered":"<p align=\"justify\"><strong>Qu&rsquo;il s&rsquo;agisse de trier, de d\u00e9vier ou de pousser. Les modules lin\u00e9aires de LinMot retirent de mani\u00e8re fiable et efficace les produits du flux de production. Gr\u00e2ce \u00e0 un mouvement dynamique, les produits d\u00e9vi\u00e9s sont tri\u00e9s, les pi\u00e8ces d\u00e9fectueuses sont rejet\u00e9es ou les denr\u00e9es alimentaires sont dirig\u00e9es vers un autre convoyeur en fonction de leur taille ou de leur qualit\u00e9.<\/strong><\/p>\n<p align=\"justify\">Gr\u00e2ce au module \u00e9lectrique, chaque mouvement peut \u00eatre ajust\u00e9 avec pr\u00e9cision pour toucher le produit au bon moment, sans interf\u00e9rer avec le flux des produits suivants. La s\u00e9curit\u00e9 du transport peut \u00eatre assur\u00e9e m\u00eame avec des produits particuli\u00e8rement fragiles ou sensibles gr\u00e2ce \u00e0 des profils de mouvement doux.<\/p>\n<hr \/>\n<h3>C&rsquo;est pourquoi les modules lin\u00e9aires de LinMot:<\/h3>\n<div class=\"row download\">\n<div class=\"col-md-7\">\n<ul>\n<li>Faible masse mobile pour des performances \u00e9lev\u00e9es<\/li>\n<li>Installation et mise en service simples gr\u00e2ce \u00e0 la fonction \u00ab\u00a0Plug and Play\u00a0\u00bb<\/li>\n<li>Haute r\u00e9sistance \u00e0 la poussi\u00e8re et \u00e0 l&rsquo;eau<\/li>\n<li>Longue dur\u00e9e de vie et pratiquement sans entretien<\/li>\n<\/ul>\n<p><strong>En option<\/strong><\/p>\n<ul>\n<li>Homologation salle blanche ISO 4 (selon ISO 14644-1)<\/li>\n<li>Version lavable avec un indice de protection jusqu&rsquo;\u00e0 IP69<\/li>\n<li>Haute r\u00e9sistance chimique<\/li>\n<li>MagSpring pour la compensation de la charge<\/li>\n<\/ul>\n<\/div>\n<div class=\"col-md-5\">\n<div class=\"brlbs-cmpnt-container brlbs-cmpnt-content-blocker brlbs-cmpnt-with-individual-styles\" data-borlabs-cookie-content-blocker-id=\"default\" data-borlabs-cookie-content=\"PGlmcmFtZSB0aXRsZT0iWW91VHViZSB2aWRlbyBwbGF5ZXIiIHNyYz0iaHR0cHM6Ly93d3cueW91dHViZS5jb20vZW1iZWQvUWVYOUxEMF9vekEiIHdpZHRoPSIzOTQiIGhlaWdodD0iMjIwIiBmcmFtZWJvcmRlcj0iMCIgYWxsb3dmdWxsc2NyZWVuPSJhbGxvd2Z1bGxzY3JlZW4iPjwvaWZyYW1lPg==\">\n<div class=\"brlbs-cmpnt-cb-preset-a\">\n<p class=\"brlbs-cmpnt-cb-description\">You are currently viewing a placeholder content from <strong>Default<\/strong>. To access the actual content, click the button below. Please note that doing so will share data with third-party providers.<\/p>\n<div class=\"brlbs-cmpnt-cb-buttons\"> <a class=\"brlbs-cmpnt-cb-btn\" href=\"#\" data-borlabs-cookie-unblock role=\"button\">Unblock content<\/a> <a class=\"brlbs-cmpnt-cb-btn\" href=\"#\" data-borlabs-cookie-accept-service role=\"button\" style=\"display: none\">Accept required service and unblock content<\/a> <\/div>\n<p> <a class=\"brlbs-cmpnt-cb-provider-toggle\" href=\"#\" data-borlabs-cookie-show-provider-information role=\"button\">More Information<\/a> <\/div>\n<\/div>\n<\/div>\n<\/div>\n<hr \/>\n<h3>Les produits LinMot pour le tri, la d\u00e9viation et la pouss\u00e9e<\/h3>\n<div class=\"row\">\n<div class=\"col-md-4\">\n<p><strong>Module lin\u00e9aire DM01<\/strong><\/p>\n<img loading=\"lazy\" decoding=\"async\" class=\"alignnone wp-image-2229 size-full\" src=\"https:\/\/linmot.com\/de\/wp-content\/uploads\/sites\/2\/2021\/08\/linearmodul-dm01-akquiseseite.jpg\" alt=\"\" width=\"300\" height=\"199\" \/>\n<p style=\"text-align: left;\"><a class=\"button\" href=\"https:\/\/linmot.com\/fr\/produits\/guidage-lineaire-module-lineaire\/module-lineaire-dm01\/\" target=\"_same\" rel=\"noopener\">Plus d\u2019informations<\/a><\/p>\n<p align=\"justify\">Les modules lin\u00e9aires DM01 sont des solutions d&rsquo;entra\u00eenement compl\u00e8tes compos\u00e9es de guides lin\u00e9aires et de stators LinMot int\u00e9gr\u00e9s de mani\u00e8re permanente et de \u00ab\u00a0ressorts magn\u00e9tiques\u00a0\u00bb MagSpring install\u00e9s en option ainsi que d&rsquo;un frein de maintien pneumatique.<\/p>\n<\/div>\n<div class=\"col-md-4\">\n<p><strong>Module lin\u00e9aire SM01<\/strong><br \/>\n<img loading=\"lazy\" decoding=\"async\" class=\"alignnone wp-image-2231 size-full\" src=\"https:\/\/linmot.com\/de\/wp-content\/uploads\/sites\/2\/2021\/08\/linearmodul-sm01-akquiseseite.jpg\" alt=\"\" width=\"300\" height=\"199\" \/><\/p>\n<p style=\"text-align: left;\"><a class=\"button\" href=\"\/fr\/produits\/guidage-lineaire-module-lineaire\/modules-lineaires-en-acier-inoxydable-sm01-sm02\/\" target=\"_same\" rel=\"noopener\">Plus d\u2019informations<\/a><\/p>\n<p align=\"justify\">Les modules lin\u00e9aires SM01 sont sp\u00e9cialement con\u00e7us pour les applications pharmaceutiques ou alimentaires qui n\u00e9cessitent une solution en acier inoxydable avec un haut degr\u00e9 de protection.<\/p>\n<\/div>\n<div class=\"col-md-4\">\n<p><strong>Module lin\u00e9aire P04<\/strong><br \/>\n<img loading=\"lazy\" decoding=\"async\" class=\"alignnone wp-image-2230 size-full\" src=\"https:\/\/linmot.com\/de\/wp-content\/uploads\/sites\/2\/2021\/08\/linearmodul-p04-akquiseseite.jpg\" alt=\"\" width=\"300\" height=\"199\" \/><\/p>\n<p style=\"text-align: left;\"><a class=\"button\" href=\"https:\/\/linmot.com\/fr\/produits\/guidage-lineaire-module-lineaire\/module-lineaire-p04\/\" target=\"_same\" rel=\"noopener\">Plus d\u2019informations<\/a><\/p>\n<p align=\"justify\">Les moteurs lin\u00e9aires du type P04 pr\u00e9sentent tous les avantages des moteurs lin\u00e9aires tubulaires et offrent l&rsquo;avantage suppl\u00e9mentaire d&rsquo;un guide int\u00e9gr\u00e9.<\/p>\n<\/div>\n<\/div>\n<hr \/>\n<h3>Ici, nos moteurs sont utilis\u00e9s pour le trier, d\u00e9tourner et pousser<\/h3>\n<div class=\"row\">\n<div class=\"col-md-4\">\n<a href=\"https:\/\/linmot.com\/fr\/solutions-industrielles\/alimentaire\/\">Alimentaire<\/a><br \/>\n<img loading=\"lazy\" decoding=\"async\" class=\"size-full wp-image-1975\" src=\"https:\/\/linmot.com\/de\/wp-content\/uploads\/sites\/2\/2021\/07\/icon-food.png\" alt=\"\" width=\"71\" height=\"39\" \/><br \/>\n<\/div>\n<div class=\"col-md-4\">\n<a href=\"https:\/\/linmot.com\/fr\/solutions-industrielles\/bois\/\">Bois<\/a><br \/>\n<img loading=\"lazy\" decoding=\"async\" class=\"wp-image-1976 size-full\" src=\"https:\/\/linmot.com\/de\/wp-content\/uploads\/sites\/2\/2021\/07\/icon-wood-machines.png\" alt=\"\" width=\"74\" height=\"40\" \/><br \/>\n<\/div>\n<div class=\"col-md-4\">\n<a href=\"https:\/\/linmot.com\/fr\/solutions-industrielles\/automobile\/\">Automobile<\/a><br \/>\n<img loading=\"lazy\" decoding=\"async\" class=\"wp-image-1977 size-full\" src=\"https:\/\/linmot.com\/de\/wp-content\/uploads\/sites\/2\/2021\/07\/icon-automotive.png\" alt=\"\" width=\"84\" height=\"35\" \/><br \/>\n<\/div>\n<\/div>\n<div class=\"row\">\n<div class=\"col-md-4\">\n<a href=\"https:\/\/linmot.com\/fr\/solutions-industrielles\/machines-textiles\/\">Machines textiles<\/a><br \/>\n<img loading=\"lazy\" decoding=\"async\" class=\"wp-image-1978 size-full\" src=\"https:\/\/linmot.com\/de\/wp-content\/uploads\/sites\/2\/2021\/07\/icon-textile-machines.png\" alt=\"\" width=\"71\" height=\"37\" \/><br \/>\n<\/div>\n<div class=\"col-md-4\">\n<a href=\"https:\/\/linmot.com\/fr\/solutions-industrielles\/automatisation-des-laboratoires\/\">Automatisation des laboratoires<\/a><br \/>\n<img loading=\"lazy\" decoding=\"async\" class=\"wp-image-1980 size-full\" src=\"https:\/\/linmot.com\/de\/wp-content\/uploads\/sites\/2\/2021\/07\/icon-laboratory-automation.png\" alt=\"\" width=\"63\" height=\"48\" \/><br \/>\n<\/div>\n<div class=\"col-md-4\">\n<a href=\"https:\/\/linmot.com\/fr\/solutions-industrielles\/impression-et-etiquetage\/\">Impression et \u00e9tiquetage\/<\/a><br \/>\n<img loading=\"lazy\" decoding=\"async\" class=\"wp-image-1979 size-full\" src=\"https:\/\/linmot.com\/de\/wp-content\/uploads\/sites\/2\/2021\/07\/icon-drucken-etikettieren.png\" alt=\"\" width=\"62\" height=\"56\" \/><br \/>\n<\/div>\n<\/div>\n<div class=\"row\">\n<div class=\"col-md-4\">\n<a href=\"https:\/\/linmot.com\/fr\/solutions-industrielles\/medical-et-pharmaceutique\/\">M\u00e9dical et Pharmaceutique<\/a><br \/>\n<img loading=\"lazy\" decoding=\"async\" class=\"alignnone wp-image-2020 size-full\" src=\"https:\/\/linmot.com\/de\/wp-content\/uploads\/sites\/2\/2021\/07\/icon-pharma.jpg\" alt=\"\" width=\"63\" height=\"48\" \/><br \/>\n<\/div>\n<div class=\"col-md-4\">\n<a href=\"https:\/\/linmot.com\/fr\/solutions-industrielles\/alimentaire\/\">Boissons<\/a><br \/>\n<img loading=\"lazy\" decoding=\"async\" class=\"alignnone wp-image-2021 size-full\" src=\"https:\/\/linmot.com\/de\/wp-content\/uploads\/sites\/2\/2021\/07\/icon-food-beverage.png\" alt=\"\" width=\"92\" height=\"40\" \/><br \/>\n<\/div>\n<div class=\"col-md-4\">\n<a href=\"https:\/\/linmot.com\/fr\/solutions-industrielles\/manipulation-et-assemblage\/\">Manipulation et assemblage<\/a><br \/>\n<img loading=\"lazy\" decoding=\"async\" class=\"alignnone wp-image-2022 size-full\" src=\"https:\/\/linmot.com\/de\/wp-content\/uploads\/sites\/2\/2021\/07\/icon-montage.png\" alt=\"\" width=\"63\" height=\"48\" \/><br \/>\n<\/div>\n<\/div>\n<hr \/>\n<h3>Exemples d\u2019applications<\/h3>\n<div class=\"row download\">\n<div class=\"col-md-3\">\n<h4 class=\"download-title\">L\u2019industrie des boissons 4.0<\/h4>\n<p class=\"bodytext\" align=\"justify\">Jusqu&rsquo;\u00e0 pr\u00e9sent, les constructeurs de machines \u00e9taient largement laiss\u00e9s \u00e0 eux-m\u00eames lorsqu&rsquo;il s&rsquo;agissait d&rsquo;assurer la s\u00e9curit\u00e9 fonctionnelle lors de l&rsquo;utilisation de moteurs lin\u00e9aires dynamiques. Aujourd&rsquo;hui, pour la premi\u00e8re fois, un ensemble complet est disponible, qui facilite grandement cette \u00e9tape pour les utilisateurs.<\/p>\n<p><a class=\"button\" href=\"\/fr\/blog\/lindustrie-des-boissons-4-0-entrainee-par-la-technologie-lineaire-de-linmot\/\">Vers l&rsquo;article<\/a><br \/>\n<\/div>\n<div class=\"col-md-2\">\n<img loading=\"lazy\" decoding=\"async\" class=\"alignnone wp-image-3295 size-full\" src=\"https:\/\/linmot.com\/de\/wp-content\/uploads\/sites\/2\/2023\/01\/vorschau-getraenkeindustrie-4_0.jpg\" alt=\"\" width=\"220\" height=\"220\" \/><br \/>\n<\/div>\n<\/div>\n<hr \/>\n<h3>Vous avez des questions sur les moteurs?<\/h3>\n<div class=\"row download\">\n<div class=\"col-md-6\">\n<p class=\"bodytext\" align=\"justify\">Nous serons heureux de r\u00e9pondre \u00e0 toutes les questions que vous pourriez avoir sur les moteurs. Pour ce faire, veuillez nous contacter \u00e0 l&rsquo;aide du formulaire ci-dessous ou nous appeler au num\u00e9ro suivant:<\/p>\n<p class=\"bodytext\">Tel: +49 (0)201 858940 0<\/p>\n<p class=\"bodytext\">L&rsquo;\u00e9quipe LinMot<\/p>\n<\/div>\n<div class=\"col-md-1\">\n<\/div>\n<div class=\"col-md-5\">\n\n<div class=\"wpcf7 no-js\" id=\"wpcf7-f1702-o1\" lang=\"fr-FR\" dir=\"ltr\" data-wpcf7-id=\"1702\">\n<div class=\"screen-reader-response\"><p role=\"status\" aria-live=\"polite\" aria-atomic=\"true\"><\/p> <ul><\/ul><\/div>\n<form action=\"\/fr\/wp-json\/wp\/v2\/pages\/1849#wpcf7-f1702-o1\" method=\"post\" class=\"wpcf7-form init\" aria-label=\"Formulaire de contact\" novalidate=\"novalidate\" data-status=\"init\">\n<fieldset class=\"hidden-fields-container\"><input type=\"hidden\" name=\"_wpcf7\" value=\"1702\" \/><input type=\"hidden\" name=\"_wpcf7_version\" value=\"6.1.5\" \/><input type=\"hidden\" name=\"_wpcf7_locale\" value=\"fr_FR\" \/><input type=\"hidden\" name=\"_wpcf7_unit_tag\" value=\"wpcf7-f1702-o1\" \/><input type=\"hidden\" name=\"_wpcf7_container_post\" value=\"0\" \/><input type=\"hidden\" name=\"_wpcf7_posted_data_hash\" value=\"\" \/><input type=\"hidden\" name=\"_wpcf7_recaptcha_response\" value=\"\" \/>\n<\/fieldset>\n<label> Votre nom<br>\n    <span class=\"wpcf7-form-control-wrap\" data-name=\"your-name\"><input size=\"40\" maxlength=\"400\" class=\"wpcf7-form-control wpcf7-text wpcf7-validates-as-required\" aria-required=\"true\" aria-invalid=\"false\" value=\"\" type=\"text\" name=\"your-name\" \/><\/span> <\/label>\n<br>\n<label> Votre entreprise<br>\n    <span class=\"wpcf7-form-control-wrap\" data-name=\"your-company\"><input size=\"40\" maxlength=\"400\" class=\"wpcf7-form-control wpcf7-text wpcf7-validates-as-required\" aria-required=\"true\" aria-invalid=\"false\" value=\"\" type=\"text\" name=\"your-company\" \/><\/span> <\/label>\n<br>\n<label> Code postal<br>\n    <span class=\"wpcf7-form-control-wrap\" data-name=\"your-plz\"><input class=\"wpcf7-form-control wpcf7-number wpcf7-validates-as-required wpcf7-validates-as-number\" aria-required=\"true\" aria-invalid=\"false\" value=\"\" type=\"number\" name=\"your-plz\" \/><\/span> <\/label>\n<br>\n<label> Pays<br>\n    <span class=\"wpcf7-form-control-wrap\" data-name=\"your-country\"><input size=\"40\" maxlength=\"400\" class=\"wpcf7-form-control wpcf7-text wpcf7-validates-as-required\" aria-required=\"true\" aria-invalid=\"false\" value=\"\" type=\"text\" name=\"your-country\" \/><\/span> <\/label>\n<br>\n<label> Votre num\u00e9ro de t\u00e9l\u00e9phone<br>\n    <span class=\"wpcf7-form-control-wrap\" data-name=\"your-number\"><input size=\"40\" maxlength=\"400\" class=\"wpcf7-form-control wpcf7-tel wpcf7-validates-as-required wpcf7-text wpcf7-validates-as-tel\" aria-required=\"true\" aria-invalid=\"false\" value=\"\" type=\"tel\" name=\"your-number\" \/><\/span> <\/label>\n<br>\n<label> Votre e-mail<br>\n    <span class=\"wpcf7-form-control-wrap\" data-name=\"your-email\"><input size=\"40\" maxlength=\"400\" class=\"wpcf7-form-control wpcf7-email wpcf7-validates-as-required wpcf7-text wpcf7-validates-as-email\" aria-required=\"true\" aria-invalid=\"false\" value=\"\" type=\"email\" name=\"your-email\" \/><\/span> <\/label>\n<br>\n<label> Votre message (facultatif)<br>\n    <span class=\"wpcf7-form-control-wrap\" data-name=\"your-message\"><textarea cols=\"40\" rows=\"10\" maxlength=\"2000\" class=\"wpcf7-form-control wpcf7-textarea\" aria-invalid=\"false\" name=\"your-message\"><\/textarea><\/span> <\/label>\n<br>\n<input class=\"wpcf7-form-control wpcf7-submit has-spinner\" type=\"submit\" value=\"Envoyer\" \/><div class=\"wpcf7-response-output\" aria-hidden=\"true\"><\/div>\n<\/form>\n<\/div>\n\n<\/div>\n<\/div>\n","protected":false},"excerpt":{"rendered":"<p>Qu&rsquo;il s&rsquo;agisse de trier, de d\u00e9vier ou de pousser. Les modules lin\u00e9aires de LinMot retirent de mani\u00e8re fiable et efficace les produits du flux de production. Gr\u00e2ce \u00e0 un mouvement dynamique, les produits d\u00e9vi\u00e9s sont tri\u00e9s, les pi\u00e8ces d\u00e9fectueuses sont rejet\u00e9es ou les denr\u00e9es alimentaires sont dirig\u00e9es vers un autre convoyeur en fonction de leur [&hellip;]<\/p>\n","protected":false},"author":9,"featured_media":0,"parent":0,"menu_order":78,"comment_status":"closed","ping_status":"closed","template":"","meta":{"_acf_changed":false,"footnotes":""},"class_list":["post-1849","page","type-page","status-publish","hentry"],"acf":[],"yoast_head":"<!-- This site is optimized with the Yoast SEO Premium plugin v20.9 (Yoast SEO v27.3) - https:\/\/yoast.com\/product\/yoast-seo-premium-wordpress\/ -->\n<title>Trier, d\u00e9tourner et pousser automatiquement<\/title>\n<meta name=\"description\" content=\"Qu&#039;il s&#039;agisse de trier, de d\u00e9vier ou de pousser. Les modules lin\u00e9aires LinMot transportent les produits de mani\u00e8re fiable et efficace hors du flux de production.\" \/>\n<meta name=\"robots\" content=\"index, follow, max-snippet:-1, max-image-preview:large, max-video-preview:-1\" \/>\n<link rel=\"canonical\" href=\"https:\/\/linmot.com\/fr\/trier-detourner-et-pousser-automatiquement\/\" \/>\n<meta property=\"og:locale\" content=\"fr_FR\" \/>\n<meta property=\"og:type\" content=\"article\" \/>\n<meta property=\"og:title\" content=\"Trier, d\u00e9tourner et pousser automatiquement\" \/>\n<meta property=\"og:description\" content=\"Qu&#039;il s&#039;agisse de trier, de d\u00e9vier ou de pousser. Les modules lin\u00e9aires LinMot transportent les produits de mani\u00e8re fiable et efficace hors du flux de production.\" \/>\n<meta property=\"og:url\" content=\"https:\/\/linmot.com\/fr\/trier-detourner-et-pousser-automatiquement\/\" \/>\n<meta property=\"og:site_name\" content=\"LinMot &amp; MagSpring - Fran\u00e7ais\" \/>\n<meta property=\"article:modified_time\" content=\"2024-04-17T12:19:28+00:00\" \/>\n<meta property=\"og:image\" content=\"https:\/\/linmot.com\/fr\/wp-content\/uploads\/sites\/3\/2021\/10\/kraftsensormodule-DM01.jpg\" \/>\n\t<meta property=\"og:image:width\" content=\"394\" \/>\n\t<meta property=\"og:image:height\" content=\"189\" \/>\n\t<meta property=\"og:image:type\" content=\"image\/jpeg\" \/>\n<meta name=\"twitter:card\" content=\"summary_large_image\" \/>\n<meta name=\"twitter:title\" content=\"Trier, d\u00e9tourner et pousser automatiquement\" \/>\n<meta name=\"twitter:description\" content=\"Qu&#039;il s&#039;agisse de trier, de d\u00e9vier ou de pousser. Les modules lin\u00e9aires LinMot transportent les produits de mani\u00e8re fiable et efficace hors du flux de production.\" \/>\n<meta name=\"twitter:image\" content=\"https:\/\/linmot.com\/fr\/wp-content\/uploads\/sites\/3\/2021\/10\/kraftsensormodule-DM01.jpg\" \/>\n<meta name=\"twitter:label1\" content=\"Dur\u00e9e de lecture estim\u00e9e\" \/>\n\t<meta name=\"twitter:data1\" content=\"6 minutes\" \/>\n<script type=\"application\/ld+json\" class=\"yoast-schema-graph\">{\"@context\":\"https:\\\/\\\/schema.org\",\"@graph\":[{\"@type\":\"WebPage\",\"@id\":\"https:\\\/\\\/linmot.com\\\/fr\\\/trier-detourner-et-pousser-automatiquement\\\/\",\"url\":\"https:\\\/\\\/linmot.com\\\/fr\\\/trier-detourner-et-pousser-automatiquement\\\/\",\"name\":\"Trier, d\u00e9tourner et pousser automatiquement\",\"isPartOf\":{\"@id\":\"https:\\\/\\\/linmot.com\\\/fr\\\/#website\"},\"primaryImageOfPage\":{\"@id\":\"https:\\\/\\\/linmot.com\\\/fr\\\/trier-detourner-et-pousser-automatiquement\\\/#primaryimage\"},\"image\":{\"@id\":\"https:\\\/\\\/linmot.com\\\/fr\\\/trier-detourner-et-pousser-automatiquement\\\/#primaryimage\"},\"thumbnailUrl\":\"https:\\\/\\\/linmot.com\\\/de\\\/wp-content\\\/uploads\\\/sites\\\/2\\\/2021\\\/08\\\/linearmodul-dm01-akquiseseite.jpg\",\"datePublished\":\"2021-09-20T09:02:11+00:00\",\"dateModified\":\"2024-04-17T12:19:28+00:00\",\"description\":\"Qu'il s'agisse de trier, de d\u00e9vier ou de pousser. Les modules lin\u00e9aires LinMot transportent les produits de mani\u00e8re fiable et efficace hors du flux de production.\",\"breadcrumb\":{\"@id\":\"https:\\\/\\\/linmot.com\\\/fr\\\/trier-detourner-et-pousser-automatiquement\\\/#breadcrumb\"},\"inLanguage\":\"fr-FR\",\"potentialAction\":[{\"@type\":\"ReadAction\",\"target\":[\"https:\\\/\\\/linmot.com\\\/fr\\\/trier-detourner-et-pousser-automatiquement\\\/\"]}]},{\"@type\":\"ImageObject\",\"inLanguage\":\"fr-FR\",\"@id\":\"https:\\\/\\\/linmot.com\\\/fr\\\/trier-detourner-et-pousser-automatiquement\\\/#primaryimage\",\"url\":\"https:\\\/\\\/linmot.com\\\/de\\\/wp-content\\\/uploads\\\/sites\\\/2\\\/2021\\\/08\\\/linearmodul-dm01-akquiseseite.jpg\",\"contentUrl\":\"https:\\\/\\\/linmot.com\\\/de\\\/wp-content\\\/uploads\\\/sites\\\/2\\\/2021\\\/08\\\/linearmodul-dm01-akquiseseite.jpg\"},{\"@type\":\"BreadcrumbList\",\"@id\":\"https:\\\/\\\/linmot.com\\\/fr\\\/trier-detourner-et-pousser-automatiquement\\\/#breadcrumb\",\"itemListElement\":[{\"@type\":\"ListItem\",\"position\":1,\"name\":\"Home\",\"item\":\"https:\\\/\\\/linmot.com\\\/fr\\\/\"},{\"@type\":\"ListItem\",\"position\":2,\"name\":\"Trier, d\u00e9tourner et pousser automatiquement\"}]},{\"@type\":\"WebSite\",\"@id\":\"https:\\\/\\\/linmot.com\\\/fr\\\/#website\",\"url\":\"https:\\\/\\\/linmot.com\\\/fr\\\/\",\"name\":\"LinMot &amp; MagSpring - Fran\u00e7ais\",\"description\":\"Moteurs lin\u00e9aires et des syst\u00e8mes de moteurs lin\u00e9aires de haute qualit\u00e9\",\"publisher\":{\"@id\":\"https:\\\/\\\/linmot.com\\\/fr\\\/#organization\"},\"potentialAction\":[{\"@type\":\"SearchAction\",\"target\":{\"@type\":\"EntryPoint\",\"urlTemplate\":\"https:\\\/\\\/linmot.com\\\/fr\\\/?s={search_term_string}\"},\"query-input\":{\"@type\":\"PropertyValueSpecification\",\"valueRequired\":true,\"valueName\":\"search_term_string\"}}],\"inLanguage\":\"fr-FR\"},{\"@type\":\"Organization\",\"@id\":\"https:\\\/\\\/linmot.com\\\/fr\\\/#organization\",\"name\":\"NTI AG - LinMot & MagSpring\",\"url\":\"https:\\\/\\\/linmot.com\\\/fr\\\/\",\"logo\":{\"@type\":\"ImageObject\",\"inLanguage\":\"fr-FR\",\"@id\":\"https:\\\/\\\/linmot.com\\\/fr\\\/#\\\/schema\\\/logo\\\/image\\\/\",\"url\":\"https:\\\/\\\/linmot.com\\\/fr\\\/wp-content\\\/uploads\\\/sites\\\/3\\\/2022\\\/05\\\/linmot-social-share-logo.jpg\",\"contentUrl\":\"https:\\\/\\\/linmot.com\\\/fr\\\/wp-content\\\/uploads\\\/sites\\\/3\\\/2022\\\/05\\\/linmot-social-share-logo.jpg\",\"width\":800,\"height\":500,\"caption\":\"NTI AG - LinMot & MagSpring\"},\"image\":{\"@id\":\"https:\\\/\\\/linmot.com\\\/fr\\\/#\\\/schema\\\/logo\\\/image\\\/\"},\"sameAs\":[\"https:\\\/\\\/www.linkedin.com\\\/company\\\/nti-ag-linmot-magspring\",\"https:\\\/\\\/www.youtube.com\\\/user\\\/LinMotEurope\"]}]}<\/script>\n<!-- \/ Yoast SEO Premium plugin. -->","yoast_head_json":{"title":"Trier, d\u00e9tourner et pousser automatiquement","description":"Qu'il s'agisse de trier, de d\u00e9vier ou de pousser. Les modules lin\u00e9aires LinMot transportent les produits de mani\u00e8re fiable et efficace hors du flux de production.","robots":{"index":"index","follow":"follow","max-snippet":"max-snippet:-1","max-image-preview":"max-image-preview:large","max-video-preview":"max-video-preview:-1"},"canonical":"https:\/\/linmot.com\/fr\/trier-detourner-et-pousser-automatiquement\/","og_locale":"fr_FR","og_type":"article","og_title":"Trier, d\u00e9tourner et pousser automatiquement","og_description":"Qu'il s'agisse de trier, de d\u00e9vier ou de pousser. Les modules lin\u00e9aires LinMot transportent les produits de mani\u00e8re fiable et efficace hors du flux de production.","og_url":"https:\/\/linmot.com\/fr\/trier-detourner-et-pousser-automatiquement\/","og_site_name":"LinMot &amp; MagSpring - Fran\u00e7ais","article_modified_time":"2024-04-17T12:19:28+00:00","og_image":[{"width":394,"height":189,"url":"https:\/\/linmot.com\/fr\/wp-content\/uploads\/sites\/3\/2021\/10\/kraftsensormodule-DM01.jpg","type":"image\/jpeg"}],"twitter_card":"summary_large_image","twitter_title":"Trier, d\u00e9tourner et pousser automatiquement","twitter_description":"Qu'il s'agisse de trier, de d\u00e9vier ou de pousser. Les modules lin\u00e9aires LinMot transportent les produits de mani\u00e8re fiable et efficace hors du flux de production.","twitter_image":"https:\/\/linmot.com\/fr\/wp-content\/uploads\/sites\/3\/2021\/10\/kraftsensormodule-DM01.jpg","twitter_misc":{"Dur\u00e9e de lecture estim\u00e9e":"6 minutes"},"schema":{"@context":"https:\/\/schema.org","@graph":[{"@type":"WebPage","@id":"https:\/\/linmot.com\/fr\/trier-detourner-et-pousser-automatiquement\/","url":"https:\/\/linmot.com\/fr\/trier-detourner-et-pousser-automatiquement\/","name":"Trier, d\u00e9tourner et pousser automatiquement","isPartOf":{"@id":"https:\/\/linmot.com\/fr\/#website"},"primaryImageOfPage":{"@id":"https:\/\/linmot.com\/fr\/trier-detourner-et-pousser-automatiquement\/#primaryimage"},"image":{"@id":"https:\/\/linmot.com\/fr\/trier-detourner-et-pousser-automatiquement\/#primaryimage"},"thumbnailUrl":"https:\/\/linmot.com\/de\/wp-content\/uploads\/sites\/2\/2021\/08\/linearmodul-dm01-akquiseseite.jpg","datePublished":"2021-09-20T09:02:11+00:00","dateModified":"2024-04-17T12:19:28+00:00","description":"Qu'il s'agisse de trier, de d\u00e9vier ou de pousser. Les modules lin\u00e9aires LinMot transportent les produits de mani\u00e8re fiable et efficace hors du flux de production.","breadcrumb":{"@id":"https:\/\/linmot.com\/fr\/trier-detourner-et-pousser-automatiquement\/#breadcrumb"},"inLanguage":"fr-FR","potentialAction":[{"@type":"ReadAction","target":["https:\/\/linmot.com\/fr\/trier-detourner-et-pousser-automatiquement\/"]}]},{"@type":"ImageObject","inLanguage":"fr-FR","@id":"https:\/\/linmot.com\/fr\/trier-detourner-et-pousser-automatiquement\/#primaryimage","url":"https:\/\/linmot.com\/de\/wp-content\/uploads\/sites\/2\/2021\/08\/linearmodul-dm01-akquiseseite.jpg","contentUrl":"https:\/\/linmot.com\/de\/wp-content\/uploads\/sites\/2\/2021\/08\/linearmodul-dm01-akquiseseite.jpg"},{"@type":"BreadcrumbList","@id":"https:\/\/linmot.com\/fr\/trier-detourner-et-pousser-automatiquement\/#breadcrumb","itemListElement":[{"@type":"ListItem","position":1,"name":"Home","item":"https:\/\/linmot.com\/fr\/"},{"@type":"ListItem","position":2,"name":"Trier, d\u00e9tourner et pousser automatiquement"}]},{"@type":"WebSite","@id":"https:\/\/linmot.com\/fr\/#website","url":"https:\/\/linmot.com\/fr\/","name":"LinMot &amp; MagSpring - Fran\u00e7ais","description":"Moteurs lin\u00e9aires et des syst\u00e8mes de moteurs lin\u00e9aires de haute qualit\u00e9","publisher":{"@id":"https:\/\/linmot.com\/fr\/#organization"},"potentialAction":[{"@type":"SearchAction","target":{"@type":"EntryPoint","urlTemplate":"https:\/\/linmot.com\/fr\/?s={search_term_string}"},"query-input":{"@type":"PropertyValueSpecification","valueRequired":true,"valueName":"search_term_string"}}],"inLanguage":"fr-FR"},{"@type":"Organization","@id":"https:\/\/linmot.com\/fr\/#organization","name":"NTI AG - LinMot & MagSpring","url":"https:\/\/linmot.com\/fr\/","logo":{"@type":"ImageObject","inLanguage":"fr-FR","@id":"https:\/\/linmot.com\/fr\/#\/schema\/logo\/image\/","url":"https:\/\/linmot.com\/fr\/wp-content\/uploads\/sites\/3\/2022\/05\/linmot-social-share-logo.jpg","contentUrl":"https:\/\/linmot.com\/fr\/wp-content\/uploads\/sites\/3\/2022\/05\/linmot-social-share-logo.jpg","width":800,"height":500,"caption":"NTI AG - LinMot & MagSpring"},"image":{"@id":"https:\/\/linmot.com\/fr\/#\/schema\/logo\/image\/"},"sameAs":["https:\/\/www.linkedin.com\/company\/nti-ag-linmot-magspring","https:\/\/www.youtube.com\/user\/LinMotEurope"]}]}},"_links":{"self":[{"href":"https:\/\/linmot.com\/fr\/wp-json\/wp\/v2\/pages\/1849","targetHints":{"allow":["GET"]}}],"collection":[{"href":"https:\/\/linmot.com\/fr\/wp-json\/wp\/v2\/pages"}],"about":[{"href":"https:\/\/linmot.com\/fr\/wp-json\/wp\/v2\/types\/page"}],"author":[{"embeddable":true,"href":"https:\/\/linmot.com\/fr\/wp-json\/wp\/v2\/users\/9"}],"replies":[{"embeddable":true,"href":"https:\/\/linmot.com\/fr\/wp-json\/wp\/v2\/comments?post=1849"}],"version-history":[{"count":15,"href":"https:\/\/linmot.com\/fr\/wp-json\/wp\/v2\/pages\/1849\/revisions"}],"predecessor-version":[{"id":3314,"href":"https:\/\/linmot.com\/fr\/wp-json\/wp\/v2\/pages\/1849\/revisions\/3314"}],"wp:attachment":[{"href":"https:\/\/linmot.com\/fr\/wp-json\/wp\/v2\/media?parent=1849"}],"curies":[{"name":"wp","href":"https:\/\/api.w.org\/{rel}","templated":true}]}}