{"id":1824,"date":"2021-08-19T10:28:55","date_gmt":"2021-08-19T08:28:55","guid":{"rendered":"https:\/\/linmot.com\/fr\/?page_id=1824"},"modified":"2026-02-03T08:32:50","modified_gmt":"2026-02-03T07:32:50","slug":"apercu-des-emplois","status":"publish","type":"page","link":"https:\/\/linmot.com\/fr\/apercu-des-emplois\/","title":{"rendered":"Aper\u00e7u des emplois"},"content":{"rendered":"<p><strong>Vous \u00eates \u00e0 la recherche d&rsquo;un nouvel emploi ? Que ce soit pour l&rsquo;assemblage de nos moteurs, le secteur du d\u00e9veloppement ou la production : LinMot est r\u00e9guli\u00e8rement \u00e0 la recherche de nouveaux coll\u00e8gues. Les offres d&#8217;emploi sont r\u00e9guli\u00e8rement publi\u00e9es sur cette page. Cela vaut donc la peine de revenir de temps en temps.<\/strong><\/p>\n<img loading=\"lazy\" decoding=\"async\" class=\"wp-image-1664 size-full aligncenter\" src=\"https:\/\/linmot.com\/de\/wp-content\/uploads\/sites\/2\/2021\/05\/LinMot-Firmengebaeude.jpg\" alt=\"Aper\u00e7u des emplois\" width=\"560\" height=\"282\" \/>\n<hr \/>\n<h2>Aper\u00e7u des emplois en Suisse \ud83c\udde8\ud83c\udded<\/h2>\n<div class=\"row download\">\n<div class=\"col-md-5\">\n<strong>Senior Application &amp; Sales Engineer \u2013 Motion Control (w\/m\/d)<\/strong><br \/>\nBereich: Sales &amp; Customer Care<br \/>\nArbeitsort: Spreitenbach, AG<\/p>\n<p><a class=\"button\" href=\"\/blog\/job\/senior-application-sales-engineer-motion-control-w-m-d\/\" rel=\"noopener\">Details zum Stelleninserat<\/a><\/p>\n<\/div>\n<div class=\"col-md-2\">\n<\/div>\n<div class=\"col-md-5\">\n<\/div>\n<\/div>\n<hr \/>\n<h2>Aper\u00e7u des emplois Allemagne \ud83c\udde9\ud83c\uddea<\/h2>\n<div class=\"row download\">\n<div class=\"col-md-5\">\n<p><strong>Leitung Applikation und Support (m\/w\/d)<\/strong><\/p>\n<p>Bereich: Support &amp; Applikationsabteilung<br \/>\nArbeitsort: Essen &#8211; Nordrhein-Westfalen oder Ansbach &#8211; Bayern<\/p>\n<p><a class=\"button\" href=\"\/de\/blog\/job\/leitung-applikation-und-support-m-w-d\/\" rel=\"noopener\">Details zum Stelleninserat<\/a><br \/>\n<\/div>\n<div class=\"col-md-2\">\n<\/div>\n<div class=\"col-md-5\">\n<strong>Applikationsingenieur (m\/w\/d)<\/strong><\/p>\n<p>Bereich: Support &amp; Applikationsabteilung<br \/>\nArbeitsort: Essen &#8211; Nordrhein-Westfalen oder Ansbach &#8211; Bayern<\/p>\n<p><a class=\"button\" href=\"\/de\/blog\/job\/applikationsingenieur-m-w-d-bayern\/\" rel=\"noopener\">Details zum Stelleninserat<\/a><br \/>\n<\/div>\n<\/div>\n<hr \/>\n<h2>Aper\u00e7u des emplois Italie \ud83c\uddee\ud83c\uddf9<\/h2>\n<div class=\"row download\">\n<div class=\"col-md-5\">\n<strong>Area Sales Manager Emilia-Romagna (m\/f\/d)<\/strong><br \/>\nArea: Vendite<br \/>\nLuogo di lavoro: Emilia-Romagna<\/p>\n<p><a class=\"button\" href=\"\/it\/blog\/job\/area-sales-manager-emilia-romagna\/\" rel=\"noopener\">Dettagli dell&rsquo;annuncio di lavoro<\/a><br \/>\n<\/div>\n<\/div>\n<hr \/>\n<h3>Application spontan\u00e9e<\/h3>\n<p>Rien ne vous convient, mais vous souhaitez tout de m\u00eame vous pr\u00e9senter \u00e0 nous ? Envoyez-nous ensuite vos documents de candidature sous forme de candidature spontan\u00e9e et nous verrons si nous avons un poste disponible correspondant \u00e0 votre profil.<\/p>\n\n<div class=\"wpcf7 no-js\" id=\"wpcf7-f1826-o1\" lang=\"fr-FR\" dir=\"ltr\" data-wpcf7-id=\"1826\">\n<div class=\"screen-reader-response\"><p role=\"status\" aria-live=\"polite\" aria-atomic=\"true\"><\/p> <ul><\/ul><\/div>\n<form action=\"\/fr\/wp-json\/wp\/v2\/pages\/1824#wpcf7-f1826-o1\" method=\"post\" class=\"wpcf7-form init\" aria-label=\"Formulaire de contact\" enctype=\"multipart\/form-data\" novalidate=\"novalidate\" data-status=\"init\">\n<fieldset class=\"hidden-fields-container\"><input type=\"hidden\" name=\"_wpcf7\" value=\"1826\" \/><input type=\"hidden\" name=\"_wpcf7_version\" value=\"6.1.5\" \/><input type=\"hidden\" name=\"_wpcf7_locale\" value=\"fr_FR\" \/><input type=\"hidden\" name=\"_wpcf7_unit_tag\" value=\"wpcf7-f1826-o1\" \/><input type=\"hidden\" name=\"_wpcf7_container_post\" value=\"0\" \/><input type=\"hidden\" name=\"_wpcf7_posted_data_hash\" value=\"\" \/><input type=\"hidden\" name=\"_wpcf7_recaptcha_response\" value=\"\" \/>\n<\/fieldset>\n<label> Votre nom<br>\n    <span class=\"wpcf7-form-control-wrap\" data-name=\"your-name\"><input size=\"40\" maxlength=\"400\" class=\"wpcf7-form-control wpcf7-text wpcf7-validates-as-required\" aria-required=\"true\" aria-invalid=\"false\" value=\"\" type=\"text\" name=\"your-name\" \/><\/span> <\/label>\n<br>\n<label> Votre num\u00e9ro de t\u00e9l\u00e9phone<br>\n    <span class=\"wpcf7-form-control-wrap\" data-name=\"Telefonnummer\"><input size=\"40\" maxlength=\"400\" class=\"wpcf7-form-control wpcf7-tel wpcf7-validates-as-required wpcf7-text wpcf7-validates-as-tel\" aria-required=\"true\" aria-invalid=\"false\" value=\"\" type=\"tel\" name=\"Telefonnummer\" \/><\/span> <\/label>\n<br>\n<label> Votre e-mail<br>\n    <span class=\"wpcf7-form-control-wrap\" data-name=\"your-email\"><input size=\"40\" maxlength=\"400\" class=\"wpcf7-form-control wpcf7-email wpcf7-validates-as-required wpcf7-text wpcf7-validates-as-email\" aria-required=\"true\" aria-invalid=\"false\" value=\"\" type=\"email\" name=\"your-email\" \/><\/span> <\/label>\n<br>\n<label> Curriculum vitae (PDF)<br>\n    <span class=\"wpcf7-form-control-wrap\" data-name=\"Lebenslauf\"><input size=\"40\" class=\"wpcf7-form-control wpcf7-file wpcf7-validates-as-required\" accept=\".pdf\" aria-required=\"true\" aria-invalid=\"false\" type=\"file\" name=\"Lebenslauf\" \/><\/span> <\/label>\n<br>\n<label> Lettre de motivation (PDF)<br>\n    <span class=\"wpcf7-form-control-wrap\" data-name=\"Motivationsschreiben\"><input size=\"40\" class=\"wpcf7-form-control wpcf7-file wpcf7-validates-as-required\" accept=\".pdf\" aria-required=\"true\" aria-invalid=\"false\" type=\"file\" name=\"Motivationsschreiben\" \/><\/span> <\/label>\n<br>\n<label> Objet<br>\n    <span class=\"wpcf7-form-control-wrap\" data-name=\"your-subject\"><input size=\"40\" maxlength=\"400\" class=\"wpcf7-form-control wpcf7-text wpcf7-validates-as-required\" aria-required=\"true\" aria-invalid=\"false\" value=\"\" type=\"text\" name=\"your-subject\" \/><\/span> <\/label>\n<br>\n<label> Votre message (facultatif)<br>\n    <span class=\"wpcf7-form-control-wrap\" data-name=\"your-message\"><textarea cols=\"40\" rows=\"10\" maxlength=\"2000\" class=\"wpcf7-form-control wpcf7-textarea\" aria-invalid=\"false\" name=\"your-message\"><\/textarea><\/span> <\/label>\n<br>\n<input class=\"wpcf7-form-control wpcf7-submit has-spinner\" type=\"submit\" value=\"Envoyer\" \/><div class=\"wpcf7-response-output\" aria-hidden=\"true\"><\/div>\n<\/form>\n<\/div>\n\n","protected":false},"excerpt":{"rendered":"<p>Vous \u00eates \u00e0 la recherche d&rsquo;un nouvel emploi ? Que ce soit pour l&rsquo;assemblage de nos moteurs, le secteur du d\u00e9veloppement ou la production : LinMot est r\u00e9guli\u00e8rement \u00e0 la recherche de nouveaux coll\u00e8gues. Les offres d&#8217;emploi sont r\u00e9guli\u00e8rement publi\u00e9es sur cette page. Cela vaut donc la peine de revenir de temps en temps. Aper\u00e7u [&hellip;]<\/p>\n","protected":false},"author":9,"featured_media":0,"parent":0,"menu_order":81,"comment_status":"closed","ping_status":"closed","template":"","meta":{"_acf_changed":false,"footnotes":""},"class_list":["post-1824","page","type-page","status-publish","hentry"],"acf":[],"yoast_head":"<!-- This site is optimized with the Yoast SEO Premium plugin v20.9 (Yoast SEO v27.2) - https:\/\/yoast.com\/product\/yoast-seo-premium-wordpress\/ -->\n<title>Aper\u00e7u des emplois - LinMot &amp; MagSpring - Fran\u00e7ais<\/title>\n<meta name=\"description\" content=\"Vous trouverez ici un aper\u00e7u des emplois actuellement disponibles. Que ce soit dans le domaine du montage, du d\u00e9veloppement ou de la production.\" \/>\n<meta name=\"robots\" content=\"index, follow, max-snippet:-1, max-image-preview:large, max-video-preview:-1\" \/>\n<link rel=\"canonical\" href=\"https:\/\/linmot.com\/fr\/apercu-des-emplois\/\" \/>\n<meta property=\"og:locale\" content=\"fr_FR\" \/>\n<meta property=\"og:type\" content=\"article\" \/>\n<meta property=\"og:title\" content=\"Aper\u00e7u des emplois - LinMot &amp; MagSpring - Fran\u00e7ais\" \/>\n<meta property=\"og:description\" content=\"Vous trouverez ici un aper\u00e7u des emplois actuellement disponibles. Que ce soit dans le domaine du montage, du d\u00e9veloppement ou de la production.\" \/>\n<meta property=\"og:url\" content=\"https:\/\/linmot.com\/fr\/apercu-des-emplois\/\" \/>\n<meta property=\"og:site_name\" content=\"LinMot &amp; MagSpring - Fran\u00e7ais\" \/>\n<meta property=\"article:modified_time\" content=\"2026-02-03T07:32:50+00:00\" \/>\n<meta property=\"og:image\" content=\"https:\/\/linmot.com\/fr\/wp-content\/uploads\/sites\/3\/2022\/05\/linmot-social-share-logo.jpg\" \/>\n\t<meta property=\"og:image:width\" content=\"800\" \/>\n\t<meta property=\"og:image:height\" content=\"500\" \/>\n\t<meta property=\"og:image:type\" content=\"image\/jpeg\" \/>\n<meta name=\"twitter:card\" content=\"summary_large_image\" \/>\n<meta name=\"twitter:title\" content=\"Aper\u00e7u des emplois - LinMot &amp; MagSpring - Fran\u00e7ais\" \/>\n<meta name=\"twitter:description\" content=\"Vous trouverez ici un aper\u00e7u des emplois actuellement disponibles. Que ce soit dans le domaine du montage, du d\u00e9veloppement ou de la production.\" \/>\n<meta name=\"twitter:label1\" content=\"Dur\u00e9e de lecture estim\u00e9e\" \/>\n\t<meta name=\"twitter:data1\" content=\"2 minutes\" \/>\n<script type=\"application\/ld+json\" class=\"yoast-schema-graph\">{\"@context\":\"https:\/\/schema.org\",\"@graph\":[{\"@type\":\"WebPage\",\"@id\":\"https:\/\/linmot.com\/fr\/apercu-des-emplois\/\",\"url\":\"https:\/\/linmot.com\/fr\/apercu-des-emplois\/\",\"name\":\"Aper\u00e7u des emplois - LinMot &amp; MagSpring - Fran\u00e7ais\",\"isPartOf\":{\"@id\":\"https:\/\/linmot.com\/fr\/#website\"},\"primaryImageOfPage\":{\"@id\":\"https:\/\/linmot.com\/fr\/apercu-des-emplois\/#primaryimage\"},\"image\":{\"@id\":\"https:\/\/linmot.com\/fr\/apercu-des-emplois\/#primaryimage\"},\"thumbnailUrl\":\"https:\/\/linmot.com\/de\/wp-content\/uploads\/sites\/2\/2021\/05\/LinMot-Firmengebaeude.jpg\",\"datePublished\":\"2021-08-19T08:28:55+00:00\",\"dateModified\":\"2026-02-03T07:32:50+00:00\",\"description\":\"Vous trouverez ici un aper\u00e7u des emplois actuellement disponibles. Que ce soit dans le domaine du montage, du d\u00e9veloppement ou de la production.\",\"breadcrumb\":{\"@id\":\"https:\/\/linmot.com\/fr\/apercu-des-emplois\/#breadcrumb\"},\"inLanguage\":\"fr-FR\",\"potentialAction\":[{\"@type\":\"ReadAction\",\"target\":[\"https:\/\/linmot.com\/fr\/apercu-des-emplois\/\"]}]},{\"@type\":\"ImageObject\",\"inLanguage\":\"fr-FR\",\"@id\":\"https:\/\/linmot.com\/fr\/apercu-des-emplois\/#primaryimage\",\"url\":\"https:\/\/linmot.com\/de\/wp-content\/uploads\/sites\/2\/2021\/05\/LinMot-Firmengebaeude.jpg\",\"contentUrl\":\"https:\/\/linmot.com\/de\/wp-content\/uploads\/sites\/2\/2021\/05\/LinMot-Firmengebaeude.jpg\"},{\"@type\":\"BreadcrumbList\",\"@id\":\"https:\/\/linmot.com\/fr\/apercu-des-emplois\/#breadcrumb\",\"itemListElement\":[{\"@type\":\"ListItem\",\"position\":1,\"name\":\"Home\",\"item\":\"https:\/\/linmot.com\/fr\/\"},{\"@type\":\"ListItem\",\"position\":2,\"name\":\"Aper\u00e7u des emplois\"}]},{\"@type\":\"WebSite\",\"@id\":\"https:\/\/linmot.com\/fr\/#website\",\"url\":\"https:\/\/linmot.com\/fr\/\",\"name\":\"LinMot &amp; MagSpring - Fran\u00e7ais\",\"description\":\"Moteurs lin\u00e9aires et des syst\u00e8mes de moteurs lin\u00e9aires de haute qualit\u00e9\",\"publisher\":{\"@id\":\"https:\/\/linmot.com\/fr\/#organization\"},\"potentialAction\":[{\"@type\":\"SearchAction\",\"target\":{\"@type\":\"EntryPoint\",\"urlTemplate\":\"https:\/\/linmot.com\/fr\/?s={search_term_string}\"},\"query-input\":{\"@type\":\"PropertyValueSpecification\",\"valueRequired\":true,\"valueName\":\"search_term_string\"}}],\"inLanguage\":\"fr-FR\"},{\"@type\":\"Organization\",\"@id\":\"https:\/\/linmot.com\/fr\/#organization\",\"name\":\"NTI AG - LinMot & MagSpring\",\"url\":\"https:\/\/linmot.com\/fr\/\",\"logo\":{\"@type\":\"ImageObject\",\"inLanguage\":\"fr-FR\",\"@id\":\"https:\/\/linmot.com\/fr\/#\/schema\/logo\/image\/\",\"url\":\"https:\/\/linmot.com\/fr\/wp-content\/uploads\/sites\/3\/2022\/05\/linmot-social-share-logo.jpg\",\"contentUrl\":\"https:\/\/linmot.com\/fr\/wp-content\/uploads\/sites\/3\/2022\/05\/linmot-social-share-logo.jpg\",\"width\":800,\"height\":500,\"caption\":\"NTI AG - LinMot & MagSpring\"},\"image\":{\"@id\":\"https:\/\/linmot.com\/fr\/#\/schema\/logo\/image\/\"},\"sameAs\":[\"https:\/\/www.linkedin.com\/company\/nti-ag-linmot-magspring\",\"https:\/\/www.youtube.com\/user\/LinMotEurope\"]}]}<\/script>\n<!-- \/ Yoast SEO Premium plugin. -->","yoast_head_json":{"title":"Aper\u00e7u des emplois - LinMot &amp; MagSpring - Fran\u00e7ais","description":"Vous trouverez ici un aper\u00e7u des emplois actuellement disponibles. Que ce soit dans le domaine du montage, du d\u00e9veloppement ou de la production.","robots":{"index":"index","follow":"follow","max-snippet":"max-snippet:-1","max-image-preview":"max-image-preview:large","max-video-preview":"max-video-preview:-1"},"canonical":"https:\/\/linmot.com\/fr\/apercu-des-emplois\/","og_locale":"fr_FR","og_type":"article","og_title":"Aper\u00e7u des emplois - LinMot &amp; MagSpring - Fran\u00e7ais","og_description":"Vous trouverez ici un aper\u00e7u des emplois actuellement disponibles. Que ce soit dans le domaine du montage, du d\u00e9veloppement ou de la production.","og_url":"https:\/\/linmot.com\/fr\/apercu-des-emplois\/","og_site_name":"LinMot &amp; MagSpring - Fran\u00e7ais","article_modified_time":"2026-02-03T07:32:50+00:00","og_image":[{"width":800,"height":500,"url":"https:\/\/linmot.com\/fr\/wp-content\/uploads\/sites\/3\/2022\/05\/linmot-social-share-logo.jpg","type":"image\/jpeg"}],"twitter_card":"summary_large_image","twitter_title":"Aper\u00e7u des emplois - LinMot &amp; MagSpring - Fran\u00e7ais","twitter_description":"Vous trouverez ici un aper\u00e7u des emplois actuellement disponibles. Que ce soit dans le domaine du montage, du d\u00e9veloppement ou de la production.","twitter_misc":{"Dur\u00e9e de lecture estim\u00e9e":"2 minutes"},"schema":{"@context":"https:\/\/schema.org","@graph":[{"@type":"WebPage","@id":"https:\/\/linmot.com\/fr\/apercu-des-emplois\/","url":"https:\/\/linmot.com\/fr\/apercu-des-emplois\/","name":"Aper\u00e7u des emplois - LinMot &amp; MagSpring - Fran\u00e7ais","isPartOf":{"@id":"https:\/\/linmot.com\/fr\/#website"},"primaryImageOfPage":{"@id":"https:\/\/linmot.com\/fr\/apercu-des-emplois\/#primaryimage"},"image":{"@id":"https:\/\/linmot.com\/fr\/apercu-des-emplois\/#primaryimage"},"thumbnailUrl":"https:\/\/linmot.com\/de\/wp-content\/uploads\/sites\/2\/2021\/05\/LinMot-Firmengebaeude.jpg","datePublished":"2021-08-19T08:28:55+00:00","dateModified":"2026-02-03T07:32:50+00:00","description":"Vous trouverez ici un aper\u00e7u des emplois actuellement disponibles. Que ce soit dans le domaine du montage, du d\u00e9veloppement ou de la production.","breadcrumb":{"@id":"https:\/\/linmot.com\/fr\/apercu-des-emplois\/#breadcrumb"},"inLanguage":"fr-FR","potentialAction":[{"@type":"ReadAction","target":["https:\/\/linmot.com\/fr\/apercu-des-emplois\/"]}]},{"@type":"ImageObject","inLanguage":"fr-FR","@id":"https:\/\/linmot.com\/fr\/apercu-des-emplois\/#primaryimage","url":"https:\/\/linmot.com\/de\/wp-content\/uploads\/sites\/2\/2021\/05\/LinMot-Firmengebaeude.jpg","contentUrl":"https:\/\/linmot.com\/de\/wp-content\/uploads\/sites\/2\/2021\/05\/LinMot-Firmengebaeude.jpg"},{"@type":"BreadcrumbList","@id":"https:\/\/linmot.com\/fr\/apercu-des-emplois\/#breadcrumb","itemListElement":[{"@type":"ListItem","position":1,"name":"Home","item":"https:\/\/linmot.com\/fr\/"},{"@type":"ListItem","position":2,"name":"Aper\u00e7u des emplois"}]},{"@type":"WebSite","@id":"https:\/\/linmot.com\/fr\/#website","url":"https:\/\/linmot.com\/fr\/","name":"LinMot &amp; MagSpring - Fran\u00e7ais","description":"Moteurs lin\u00e9aires et des syst\u00e8mes de moteurs lin\u00e9aires de haute qualit\u00e9","publisher":{"@id":"https:\/\/linmot.com\/fr\/#organization"},"potentialAction":[{"@type":"SearchAction","target":{"@type":"EntryPoint","urlTemplate":"https:\/\/linmot.com\/fr\/?s={search_term_string}"},"query-input":{"@type":"PropertyValueSpecification","valueRequired":true,"valueName":"search_term_string"}}],"inLanguage":"fr-FR"},{"@type":"Organization","@id":"https:\/\/linmot.com\/fr\/#organization","name":"NTI AG - LinMot & MagSpring","url":"https:\/\/linmot.com\/fr\/","logo":{"@type":"ImageObject","inLanguage":"fr-FR","@id":"https:\/\/linmot.com\/fr\/#\/schema\/logo\/image\/","url":"https:\/\/linmot.com\/fr\/wp-content\/uploads\/sites\/3\/2022\/05\/linmot-social-share-logo.jpg","contentUrl":"https:\/\/linmot.com\/fr\/wp-content\/uploads\/sites\/3\/2022\/05\/linmot-social-share-logo.jpg","width":800,"height":500,"caption":"NTI AG - LinMot & MagSpring"},"image":{"@id":"https:\/\/linmot.com\/fr\/#\/schema\/logo\/image\/"},"sameAs":["https:\/\/www.linkedin.com\/company\/nti-ag-linmot-magspring","https:\/\/www.youtube.com\/user\/LinMotEurope"]}]}},"_links":{"self":[{"href":"https:\/\/linmot.com\/fr\/wp-json\/wp\/v2\/pages\/1824","targetHints":{"allow":["GET"]}}],"collection":[{"href":"https:\/\/linmot.com\/fr\/wp-json\/wp\/v2\/pages"}],"about":[{"href":"https:\/\/linmot.com\/fr\/wp-json\/wp\/v2\/types\/page"}],"author":[{"embeddable":true,"href":"https:\/\/linmot.com\/fr\/wp-json\/wp\/v2\/users\/9"}],"replies":[{"embeddable":true,"href":"https:\/\/linmot.com\/fr\/wp-json\/wp\/v2\/comments?post=1824"}],"version-history":[{"count":176,"href":"https:\/\/linmot.com\/fr\/wp-json\/wp\/v2\/pages\/1824\/revisions"}],"predecessor-version":[{"id":4008,"href":"https:\/\/linmot.com\/fr\/wp-json\/wp\/v2\/pages\/1824\/revisions\/4008"}],"wp:attachment":[{"href":"https:\/\/linmot.com\/fr\/wp-json\/wp\/v2\/media?parent=1824"}],"curies":[{"name":"wp","href":"https:\/\/api.w.org\/{rel}","templated":true}]}}