{"id":1694,"date":"2021-06-11T14:48:20","date_gmt":"2021-06-11T12:48:20","guid":{"rendered":"https:\/\/linmot.com\/fr\/?page_id=1694"},"modified":"2025-11-24T12:01:17","modified_gmt":"2025-11-24T11:01:17","slug":"les-produits-de-linmot-et-magspring","status":"publish","type":"page","link":"https:\/\/linmot.com\/fr\/les-produits-de-linmot-et-magspring\/","title":{"rendered":"Les produits de LinMot et MagSpring"},"content":{"rendered":"<p><strong>Sur cette page, nous vous pr\u00e9sentons tous les produits LinMot ainsi que les compensations magn\u00e9tiques Magspring . La gamme LinMot comprend des moteurs lin\u00e9aires, des moteurs ATEX et INOX, des moteurs lin\u00e9aires avec variateur int\u00e9gr\u00e9, des moteurs roto-lin\u00e9aires, des variateurs, des guidages lin\u00e9aires et des modules, des compensations magn\u00e9tiques MagSpring et divers accessoires.<\/strong><\/p>\n<p>Dans les pages suivantes, vous trouverez des vid\u00e9os, des descriptions et des rapports d&rsquo;application pour tous les produits. Nous nous ferons un plaisir de vous conseiller afin de trouver la meilleure solution possible pour vos besoins. Sur la page de contact, vous trouverez votre interlocuteur local.<\/p>\n<p>Vous \u00eates d\u00e9j\u00e0 client de LinMot ou vous savez exactement quel produit est le bon pour vous ?<br \/>\nAlors, jetez un coup d&rsquo;\u0153il \u00e0 <a href=\"https:\/\/shop.linmot.com\/?configNo=2\">notre e-catalogue<\/a>. Vous y trouverez des fiches techniques, des instructions d&rsquo;installation et les fichiers CAD des produits.<\/p>\n<div class=\"row\">\n<div class=\"col-md-4\">\n<h4>Moteurs lin\u00e9aires<\/h4>\n<img loading=\"lazy\" decoding=\"async\" class=\"alignnone size-full wp-image-1744\" src=\"https:\/\/linmot.com\/wp-content\/uploads\/2025\/01\/linearmotoren-product-overview.jpg\" alt=\"\" width=\"300\" height=\"199\" \/>\n<p><a class=\"button\" href=\"\/fr\/produits\/moteurs-lineaire\/\" rel=\"noopener\">Plus d&rsquo;informations<\/a><\/p>\n<p align=\"justify\">Les moteurs LinMot sont des entra\u00eenements directs \u00e9lectromagn\u00e9tiques de forme tubulaire. Le mouvement lin\u00e9aire est g\u00e9n\u00e9r\u00e9 de mani\u00e8re purement \u00e9lectrique et sans usure, sans r\u00e9ducteur m\u00e9canique, ni broches, ni courroies m\u00e9caniques.<\/p>\n<\/div>\n<div class=\"col-md-4\">\n<h4>Guidage Lin\u00e9aire \/ Module lin\u00e9aire<\/h4>\n<img loading=\"lazy\" decoding=\"async\" class=\"alignnone size-full wp-image-1742\" src=\"https:\/\/linmot.com\/wp-content\/uploads\/2025\/01\/dm01-product-overview.jpg\" alt=\"\" width=\"300\" height=\"199\" \/>\n<p><a class=\"button\" href=\"https:\/\/linmot.com\/fr\/produits\/guidage-lineaire-module-lineaire\/\" rel=\"noopener\">Plus d&rsquo;informations<\/a><\/p>\n<p align=\"justify\">Les guides lin\u00e9aires LinMot sont des unit\u00e9s de guidage compactes pour les moteurs lin\u00e9aires. Les guides servent \u00e0 supporter la charge, \u00e0 absorber les forces externes, les moments de torsion et de flexion et en m\u00eame temps \u00e0 servir de dispositif anti-rotation.<\/p>\n<\/div>\n<div class=\"col-md-4\">\n<h4>Moteur Lin\u00e9aire Rotatif<\/h4>\n<img loading=\"lazy\" decoding=\"async\" class=\"alignnone size-full wp-image-1740\" src=\"https:\/\/linmot.com\/wp-content\/uploads\/2025\/01\/hubdreh-product-overview.jpg\" alt=\"\" width=\"300\" height=\"199\" \/>\n<p><a class=\"button\" href=\"\/fr\/produits\/moteur-lineaire-rotatif\/\" rel=\"noopener\">Plus d&rsquo;informations<\/a><\/p>\n<p align=\"justify\">Les moteurs lin\u00e9aires rotatif de LinMot se caract\u00e9risent par une flexibilit\u00e9, une dynamique et une vitesse excellente. Ils peuvent \u00eatre utilis\u00e9s pour orienter des pi\u00e8ces et effectuer des op\u00e9rations de clipsage et de vissage.<\/p>\n<\/div>\n<\/div>\n<div class=\"row\">\n<div class=\"col-md-4\">\n<h4>Robots et syst\u00e8mes plats<\/h4>\n<img loading=\"lazy\" decoding=\"async\" class=\"aligncenter wp-image-5581 size-full\" src=\"https:\/\/linmot.com\/de\/wp-content\/uploads\/sites\/2\/2025\/02\/flat-robots-und-systeme-produkteuebersicht.png\" alt=\"\" width=\"300\" height=\"199\" \/>\n<p><a class=\"button\" href=\"\/fr\/produits\/robots-et-systemes-flat\/\" target=\"_same\" rel=\"noopener\">Plus d&rsquo;informations<\/a><\/p>\n<p align=\"justify\">Les robots plats et syst\u00e8mes LinMot offrent des solutions innovantes et facilement configurables de type portique, semi-portique et pick-and-place. Les syst\u00e8mes multi-axes pr\u00eats \u00e0 l&#8217;emploi permettent de r\u00e9pondre rapidement et pr\u00e9cis\u00e9ment aux exigences complexes sp\u00e9cifiques \u00e0 chaque secteur.<\/p>\n<\/div>\n<div class=\"col-md-4\">\n<h4>Pinces \u00e9lectriques<\/h4>\n<img loading=\"lazy\" decoding=\"async\" class=\"aligncenter size-full wp-image-5751\" src=\"https:\/\/linmot.com\/de\/wp-content\/uploads\/sites\/2\/2025\/04\/electric-gripper-linmot-product-overview.jpg\" alt=\"\" width=\"300\" height=\"200\" \/>\n<p><a class=\"button\" href=\"\/fr\/produits\/pince-pince-rotative\/\" target=\"_same\" rel=\"noopener\">Plus d\u2019informations<\/a><\/p>\n<p align=\"justify\">Les pinces LinMot sont des solutions hautement dynamiques pour les t\u00e2ches exigeantes de prise et de d\u00e9pose, d&rsquo;assemblage et de vissage. Elles offrent des temps de fermeture et d&rsquo;ouverture rapides, un positionnement pr\u00e9cis des doigts et un contr\u00f4le pr\u00e9cis de la force.<\/p>\n<\/div>\n<div class=\"col-md-4\">\n<h4>LinMot Pilot<\/h4>\n<img loading=\"lazy\" decoding=\"async\" class=\"alignnone size-full wp-image-1746\" src=\"https:\/\/linmot.com\/de\/wp-content\/uploads\/sites\/2\/2025\/11\/linmot-pilot-produkteuebersicht.jpg\" alt=\"\" width=\"300\" height=\"199\" \/>\n<p><a class=\"button\" href=\"\/fr\/produits\/linmot-pilot-moins-de-programmation-plus-de-mouvement\/\" rel=\"noopener\">Plus d&rsquo;informations<\/a><\/p>\n<p align=\"justify\">LinMot Pilot est un syst\u00e8me de commande robotique intuitif et sans code pour les syst\u00e8mes LinMot multiaxes qui ne n\u00e9cessite aucune connaissance en mati\u00e8re de PLC ou de programmation.<\/p>\n<\/div>\n<\/div>\n<div class=\"row\">\n<div class=\"col-md-4\">\n<h4>Servo Drives<\/h4>\n<img loading=\"lazy\" decoding=\"async\" class=\"alignnone size-full wp-image-1746\" src=\"https:\/\/linmot.com\/wp-content\/uploads\/2025\/01\/servo-drives-product-overview.jpg\" alt=\"\" width=\"300\" height=\"199\" \/>\n<p><a class=\"button\" href=\"\/fr\/produits\/servo-drives\/\" rel=\"noopener\">Plus d&rsquo;informations<\/a><\/p>\n<p align=\"justify\">Les Servo Drives sont des contr\u00f4leurs de positionnement compacts dot\u00e9s d&rsquo;une ou plusieurs unit\u00e9s de puissance pour la commande des moteurs et d&rsquo;une unit\u00e9 de commande intelligente avec contr\u00f4le de position int\u00e9gr\u00e9. L&rsquo;unit\u00e9 de commande prend en charge toutes les fonctions de contr\u00f4le et de surveillance li\u00e9es \u00e0 l&rsquo;entra\u00eenement.<\/p>\n<\/div>\n<div class=\"col-md-4\">\n<h4>MagSpring<\/h4>\n<img loading=\"lazy\" decoding=\"async\" class=\"alignnone size-full wp-image-1745\" src=\"https:\/\/linmot.com\/wp-content\/uploads\/2025\/01\/magspring-product-overview.jpg\" alt=\"\" width=\"300\" height=\"199\" \/>\n<p><a class=\"button\" href=\"https:\/\/linmot.com\/fr\/produits\/magspring\/\" rel=\"noopener\">Plus d&rsquo;informations<\/a><\/p>\n<p align=\"justify\">Les produits MagSpring sont mieux d\u00e9crits par le terme \u00ab\u00a0ressort magn\u00e9tique\u00a0\u00bb. Cependant, le terme ressort doit \u00eatre compris dans le sens o\u00f9 les composants MagSpring g\u00e9n\u00e8rent une force constante sur toute la plage de fonctionnement, alors que la courbe caract\u00e9ristique typique d&rsquo;un ressort m\u00e9canique montre une augmentation de la force en fonction de la trajectoire.<\/p>\n<\/div>\n<div class=\"col-md-4\">\n<h4>Accessoires<\/h4>\n<img loading=\"lazy\" decoding=\"async\" class=\"alignnone size-full wp-image-1747\" src=\"https:\/\/linmot.com\/de\/wp-content\/uploads\/sites\/2\/2021\/05\/Zubehoer-Produkteuebersicht.jpg\" alt=\"\" width=\"300\" height=\"199\" \/>\n<p><a class=\"button\" href=\"https:\/\/linmot.com\/fr\/produits\/accessoires\/\" rel=\"noopener\">Plus d&rsquo;informations<\/a><\/p>\n<p align=\"justify\">La gamme d&rsquo;accessoires de LinMot permet d\u2019adapter les moteurs lin\u00e9aires \u00e0 votre application.<\/p>\n<\/div>\n<\/div>\n<hr \/>\n<h3 id=\"epaper\">Ou parcourez notre catalogue de produits actuel<\/h3>\n<div style=\"position: relative; padding-bottom: 56.25%; height: 0; overflow: hidden; max-width: 100%;\" data-page-width=\"452\" data-page-height=\"640\">\n<div class=\"brlbs-cmpnt-container brlbs-cmpnt-content-blocker brlbs-cmpnt-with-individual-styles\" data-borlabs-cookie-content-blocker-id=\"yumpu\" data-borlabs-cookie-content=\"PGlmcmFtZSBzdHlsZT0icG9zaXRpb246IGFic29sdXRlOyB0b3A6IDA7IGxlZnQ6IDA7IHdpZHRoOiAxMDAlOyBoZWlnaHQ6IDEwMCU7IiBzcmM9Imh0dHBzOi8vd3d3Lnl1bXB1LmNvbS9lbi9lbWJlZC92aWV3LzNrcHlPMEpyYUV6c0ZoTjYiIGZyYW1lYm9yZGVyPSIwIiBhbGxvd2Z1bGxzY3JlZW49ImFsbG93ZnVsbHNjcmVlbiI+PC9pZnJhbWU+\">\n<div class=\"brlbs-cmpnt-cb-preset-a\">\n<p class=\"brlbs-cmpnt-cb-description\">Vous \u00eates actuellement en train de consulter le contenu d&rsquo;un espace r\u00e9serv\u00e9 de <strong>Yumpu<\/strong>. Pour acc\u00e9der au contenu r\u00e9el, cliquez sur le bouton ci-dessous. Veuillez noter que ce faisant, des donn\u00e9es seront partag\u00e9es avec des providers tiers.<\/p>\n<div class=\"brlbs-cmpnt-cb-buttons\"> <a class=\"brlbs-cmpnt-cb-btn\" href=\"#\" data-borlabs-cookie-unblock role=\"button\">D\u00e9bloquer le contenu<\/a> <a class=\"brlbs-cmpnt-cb-btn\" href=\"#\" data-borlabs-cookie-accept-service role=\"button\" style=\"display: inherit\">Accepter le service requis et d\u00e9bloquer les contenus<\/a> <\/div>\n<p> <a class=\"brlbs-cmpnt-cb-provider-toggle\" href=\"#\" data-borlabs-cookie-show-provider-information role=\"button\">Plus d&rsquo;informations<\/a> <\/div>\n<\/div>\n<\/div>\n<p><a class=\"button\" href=\"https:\/\/linmot.com\/fileadmin\/user_upload\/Downloads\/Brochures\/linmot_produkteuebersicht_en_2024.pdf\" target=\"_blank\" rel=\"noopener\">Le catalogue de produits actuel \u00e0 t\u00e9l\u00e9charger en anglais (PDF)<\/a><\/p>\n","protected":false},"excerpt":{"rendered":"<p>Sur cette page, nous vous pr\u00e9sentons tous les produits LinMot ainsi que les compensations magn\u00e9tiques Magspring . La gamme LinMot comprend des moteurs lin\u00e9aires, des moteurs ATEX et INOX, des moteurs lin\u00e9aires avec variateur int\u00e9gr\u00e9, des moteurs roto-lin\u00e9aires, des variateurs, des guidages lin\u00e9aires et des modules, des compensations magn\u00e9tiques MagSpring et divers accessoires. Dans les [&hellip;]<\/p>\n","protected":false},"author":9,"featured_media":0,"parent":0,"menu_order":121,"comment_status":"closed","ping_status":"closed","template":"","meta":{"_acf_changed":false,"footnotes":""},"class_list":["post-1694","page","type-page","status-publish","hentry"],"acf":[],"yoast_head":"<!-- This site is optimized with the Yoast SEO Premium plugin v20.9 (Yoast SEO v27.4) - https:\/\/yoast.com\/product\/yoast-seo-premium-wordpress\/ -->\n<title>Tous les produits LinMot et Magspring dans un aper\u00e7u | LinMot<\/title>\n<meta name=\"description\" content=\"Sur cette page, nous pr\u00e9sentons tous les produits LinMot ainsi que les Magspring. Jetez un coup d&#039;\u0153il \u00e0 la vaste gamme de produits des moteurs lin\u00e9aires.\" \/>\n<meta name=\"robots\" content=\"index, follow, max-snippet:-1, max-image-preview:large, max-video-preview:-1\" \/>\n<link rel=\"canonical\" href=\"https:\/\/linmot.com\/fr\/les-produits-de-linmot-et-magspring\/\" \/>\n<meta property=\"og:locale\" content=\"fr_FR\" \/>\n<meta property=\"og:type\" content=\"article\" \/>\n<meta property=\"og:title\" content=\"Tous les produits LinMot et Magspring dans un aper\u00e7u | LinMot\" \/>\n<meta property=\"og:description\" content=\"Sur cette page, nous pr\u00e9sentons tous les produits LinMot ainsi que les Magspring. Jetez un coup d&#039;\u0153il \u00e0 la vaste gamme de produits des moteurs lin\u00e9aires.\" \/>\n<meta property=\"og:url\" content=\"https:\/\/linmot.com\/fr\/les-produits-de-linmot-et-magspring\/\" \/>\n<meta property=\"og:site_name\" content=\"LinMot &amp; MagSpring - Fran\u00e7ais\" \/>\n<meta property=\"article:modified_time\" content=\"2025-11-24T11:01:17+00:00\" \/>\n<meta property=\"og:image\" content=\"https:\/\/linmot.com\/fr\/wp-content\/uploads\/sites\/3\/2019\/03\/PR02-LinMot-Linear-Rotary-Motor-HMI-2019.jpg\" \/>\n\t<meta property=\"og:image:width\" content=\"560\" \/>\n\t<meta property=\"og:image:height\" content=\"326\" \/>\n\t<meta property=\"og:image:type\" content=\"image\/jpeg\" \/>\n<meta name=\"twitter:card\" content=\"summary_large_image\" \/>\n<meta name=\"twitter:title\" content=\"Tous les produits LinMot et Magspring dans un aper\u00e7u | LinMot\" \/>\n<meta name=\"twitter:description\" content=\"Sur cette page, nous pr\u00e9sentons tous les produits LinMot ainsi que les Magspring. Jetez un coup d&#039;\u0153il \u00e0 la vaste gamme de produits des moteurs lin\u00e9aires.\" \/>\n<meta name=\"twitter:image\" content=\"https:\/\/linmot.com\/fr\/wp-content\/uploads\/sites\/3\/2019\/03\/PR02-LinMot-Linear-Rotary-Motor-HMI-2019.jpg\" \/>\n<meta name=\"twitter:label1\" content=\"Dur\u00e9e de lecture estim\u00e9e\" \/>\n\t<meta name=\"twitter:data1\" content=\"5 minutes\" \/>\n<script type=\"application\/ld+json\" class=\"yoast-schema-graph\">{\"@context\":\"https:\\\/\\\/schema.org\",\"@graph\":[{\"@type\":\"WebPage\",\"@id\":\"https:\\\/\\\/linmot.com\\\/fr\\\/les-produits-de-linmot-et-magspring\\\/\",\"url\":\"https:\\\/\\\/linmot.com\\\/fr\\\/les-produits-de-linmot-et-magspring\\\/\",\"name\":\"Tous les produits LinMot et Magspring dans un aper\u00e7u | LinMot\",\"isPartOf\":{\"@id\":\"https:\\\/\\\/linmot.com\\\/fr\\\/#website\"},\"primaryImageOfPage\":{\"@id\":\"https:\\\/\\\/linmot.com\\\/fr\\\/les-produits-de-linmot-et-magspring\\\/#primaryimage\"},\"image\":{\"@id\":\"https:\\\/\\\/linmot.com\\\/fr\\\/les-produits-de-linmot-et-magspring\\\/#primaryimage\"},\"thumbnailUrl\":\"https:\\\/\\\/linmot.com\\\/wp-content\\\/uploads\\\/2025\\\/01\\\/linearmotoren-product-overview.jpg\",\"datePublished\":\"2021-06-11T12:48:20+00:00\",\"dateModified\":\"2025-11-24T11:01:17+00:00\",\"description\":\"Sur cette page, nous pr\u00e9sentons tous les produits LinMot ainsi que les Magspring. Jetez un coup d'\u0153il \u00e0 la vaste gamme de produits des moteurs lin\u00e9aires.\",\"breadcrumb\":{\"@id\":\"https:\\\/\\\/linmot.com\\\/fr\\\/les-produits-de-linmot-et-magspring\\\/#breadcrumb\"},\"inLanguage\":\"fr-FR\",\"potentialAction\":[{\"@type\":\"ReadAction\",\"target\":[\"https:\\\/\\\/linmot.com\\\/fr\\\/les-produits-de-linmot-et-magspring\\\/\"]}]},{\"@type\":\"ImageObject\",\"inLanguage\":\"fr-FR\",\"@id\":\"https:\\\/\\\/linmot.com\\\/fr\\\/les-produits-de-linmot-et-magspring\\\/#primaryimage\",\"url\":\"https:\\\/\\\/linmot.com\\\/wp-content\\\/uploads\\\/2025\\\/01\\\/linearmotoren-product-overview.jpg\",\"contentUrl\":\"https:\\\/\\\/linmot.com\\\/wp-content\\\/uploads\\\/2025\\\/01\\\/linearmotoren-product-overview.jpg\"},{\"@type\":\"BreadcrumbList\",\"@id\":\"https:\\\/\\\/linmot.com\\\/fr\\\/les-produits-de-linmot-et-magspring\\\/#breadcrumb\",\"itemListElement\":[{\"@type\":\"ListItem\",\"position\":1,\"name\":\"Home\",\"item\":\"https:\\\/\\\/linmot.com\\\/fr\\\/\"},{\"@type\":\"ListItem\",\"position\":2,\"name\":\"Les produits de LinMot et MagSpring\"}]},{\"@type\":\"WebSite\",\"@id\":\"https:\\\/\\\/linmot.com\\\/fr\\\/#website\",\"url\":\"https:\\\/\\\/linmot.com\\\/fr\\\/\",\"name\":\"LinMot &amp; MagSpring - Fran\u00e7ais\",\"description\":\"Moteurs lin\u00e9aires et des syst\u00e8mes de moteurs lin\u00e9aires de haute qualit\u00e9\",\"publisher\":{\"@id\":\"https:\\\/\\\/linmot.com\\\/fr\\\/#organization\"},\"potentialAction\":[{\"@type\":\"SearchAction\",\"target\":{\"@type\":\"EntryPoint\",\"urlTemplate\":\"https:\\\/\\\/linmot.com\\\/fr\\\/?s={search_term_string}\"},\"query-input\":{\"@type\":\"PropertyValueSpecification\",\"valueRequired\":true,\"valueName\":\"search_term_string\"}}],\"inLanguage\":\"fr-FR\"},{\"@type\":\"Organization\",\"@id\":\"https:\\\/\\\/linmot.com\\\/fr\\\/#organization\",\"name\":\"NTI AG - LinMot & MagSpring\",\"url\":\"https:\\\/\\\/linmot.com\\\/fr\\\/\",\"logo\":{\"@type\":\"ImageObject\",\"inLanguage\":\"fr-FR\",\"@id\":\"https:\\\/\\\/linmot.com\\\/fr\\\/#\\\/schema\\\/logo\\\/image\\\/\",\"url\":\"https:\\\/\\\/linmot.com\\\/fr\\\/wp-content\\\/uploads\\\/sites\\\/3\\\/2022\\\/05\\\/linmot-social-share-logo.jpg\",\"contentUrl\":\"https:\\\/\\\/linmot.com\\\/fr\\\/wp-content\\\/uploads\\\/sites\\\/3\\\/2022\\\/05\\\/linmot-social-share-logo.jpg\",\"width\":800,\"height\":500,\"caption\":\"NTI AG - LinMot & MagSpring\"},\"image\":{\"@id\":\"https:\\\/\\\/linmot.com\\\/fr\\\/#\\\/schema\\\/logo\\\/image\\\/\"},\"sameAs\":[\"https:\\\/\\\/www.linkedin.com\\\/company\\\/nti-ag-linmot-magspring\",\"https:\\\/\\\/www.youtube.com\\\/user\\\/LinMotEurope\"]}]}<\/script>\n<!-- \/ Yoast SEO Premium plugin. -->","yoast_head_json":{"title":"Tous les produits LinMot et Magspring dans un aper\u00e7u | LinMot","description":"Sur cette page, nous pr\u00e9sentons tous les produits LinMot ainsi que les Magspring. Jetez un coup d'\u0153il \u00e0 la vaste gamme de produits des moteurs lin\u00e9aires.","robots":{"index":"index","follow":"follow","max-snippet":"max-snippet:-1","max-image-preview":"max-image-preview:large","max-video-preview":"max-video-preview:-1"},"canonical":"https:\/\/linmot.com\/fr\/les-produits-de-linmot-et-magspring\/","og_locale":"fr_FR","og_type":"article","og_title":"Tous les produits LinMot et Magspring dans un aper\u00e7u | LinMot","og_description":"Sur cette page, nous pr\u00e9sentons tous les produits LinMot ainsi que les Magspring. Jetez un coup d'\u0153il \u00e0 la vaste gamme de produits des moteurs lin\u00e9aires.","og_url":"https:\/\/linmot.com\/fr\/les-produits-de-linmot-et-magspring\/","og_site_name":"LinMot &amp; MagSpring - Fran\u00e7ais","article_modified_time":"2025-11-24T11:01:17+00:00","og_image":[{"width":560,"height":326,"url":"https:\/\/linmot.com\/fr\/wp-content\/uploads\/sites\/3\/2019\/03\/PR02-LinMot-Linear-Rotary-Motor-HMI-2019.jpg","type":"image\/jpeg"}],"twitter_card":"summary_large_image","twitter_title":"Tous les produits LinMot et Magspring dans un aper\u00e7u | LinMot","twitter_description":"Sur cette page, nous pr\u00e9sentons tous les produits LinMot ainsi que les Magspring. Jetez un coup d'\u0153il \u00e0 la vaste gamme de produits des moteurs lin\u00e9aires.","twitter_image":"https:\/\/linmot.com\/fr\/wp-content\/uploads\/sites\/3\/2019\/03\/PR02-LinMot-Linear-Rotary-Motor-HMI-2019.jpg","twitter_misc":{"Dur\u00e9e de lecture estim\u00e9e":"5 minutes"},"schema":{"@context":"https:\/\/schema.org","@graph":[{"@type":"WebPage","@id":"https:\/\/linmot.com\/fr\/les-produits-de-linmot-et-magspring\/","url":"https:\/\/linmot.com\/fr\/les-produits-de-linmot-et-magspring\/","name":"Tous les produits LinMot et Magspring dans un aper\u00e7u | LinMot","isPartOf":{"@id":"https:\/\/linmot.com\/fr\/#website"},"primaryImageOfPage":{"@id":"https:\/\/linmot.com\/fr\/les-produits-de-linmot-et-magspring\/#primaryimage"},"image":{"@id":"https:\/\/linmot.com\/fr\/les-produits-de-linmot-et-magspring\/#primaryimage"},"thumbnailUrl":"https:\/\/linmot.com\/wp-content\/uploads\/2025\/01\/linearmotoren-product-overview.jpg","datePublished":"2021-06-11T12:48:20+00:00","dateModified":"2025-11-24T11:01:17+00:00","description":"Sur cette page, nous pr\u00e9sentons tous les produits LinMot ainsi que les Magspring. Jetez un coup d'\u0153il \u00e0 la vaste gamme de produits des moteurs lin\u00e9aires.","breadcrumb":{"@id":"https:\/\/linmot.com\/fr\/les-produits-de-linmot-et-magspring\/#breadcrumb"},"inLanguage":"fr-FR","potentialAction":[{"@type":"ReadAction","target":["https:\/\/linmot.com\/fr\/les-produits-de-linmot-et-magspring\/"]}]},{"@type":"ImageObject","inLanguage":"fr-FR","@id":"https:\/\/linmot.com\/fr\/les-produits-de-linmot-et-magspring\/#primaryimage","url":"https:\/\/linmot.com\/wp-content\/uploads\/2025\/01\/linearmotoren-product-overview.jpg","contentUrl":"https:\/\/linmot.com\/wp-content\/uploads\/2025\/01\/linearmotoren-product-overview.jpg"},{"@type":"BreadcrumbList","@id":"https:\/\/linmot.com\/fr\/les-produits-de-linmot-et-magspring\/#breadcrumb","itemListElement":[{"@type":"ListItem","position":1,"name":"Home","item":"https:\/\/linmot.com\/fr\/"},{"@type":"ListItem","position":2,"name":"Les produits de LinMot et MagSpring"}]},{"@type":"WebSite","@id":"https:\/\/linmot.com\/fr\/#website","url":"https:\/\/linmot.com\/fr\/","name":"LinMot &amp; MagSpring - Fran\u00e7ais","description":"Moteurs lin\u00e9aires et des syst\u00e8mes de moteurs lin\u00e9aires de haute qualit\u00e9","publisher":{"@id":"https:\/\/linmot.com\/fr\/#organization"},"potentialAction":[{"@type":"SearchAction","target":{"@type":"EntryPoint","urlTemplate":"https:\/\/linmot.com\/fr\/?s={search_term_string}"},"query-input":{"@type":"PropertyValueSpecification","valueRequired":true,"valueName":"search_term_string"}}],"inLanguage":"fr-FR"},{"@type":"Organization","@id":"https:\/\/linmot.com\/fr\/#organization","name":"NTI AG - LinMot & MagSpring","url":"https:\/\/linmot.com\/fr\/","logo":{"@type":"ImageObject","inLanguage":"fr-FR","@id":"https:\/\/linmot.com\/fr\/#\/schema\/logo\/image\/","url":"https:\/\/linmot.com\/fr\/wp-content\/uploads\/sites\/3\/2022\/05\/linmot-social-share-logo.jpg","contentUrl":"https:\/\/linmot.com\/fr\/wp-content\/uploads\/sites\/3\/2022\/05\/linmot-social-share-logo.jpg","width":800,"height":500,"caption":"NTI AG - LinMot & MagSpring"},"image":{"@id":"https:\/\/linmot.com\/fr\/#\/schema\/logo\/image\/"},"sameAs":["https:\/\/www.linkedin.com\/company\/nti-ag-linmot-magspring","https:\/\/www.youtube.com\/user\/LinMotEurope"]}]}},"_links":{"self":[{"href":"https:\/\/linmot.com\/fr\/wp-json\/wp\/v2\/pages\/1694","targetHints":{"allow":["GET"]}}],"collection":[{"href":"https:\/\/linmot.com\/fr\/wp-json\/wp\/v2\/pages"}],"about":[{"href":"https:\/\/linmot.com\/fr\/wp-json\/wp\/v2\/types\/page"}],"author":[{"embeddable":true,"href":"https:\/\/linmot.com\/fr\/wp-json\/wp\/v2\/users\/9"}],"replies":[{"embeddable":true,"href":"https:\/\/linmot.com\/fr\/wp-json\/wp\/v2\/comments?post=1694"}],"version-history":[{"count":33,"href":"https:\/\/linmot.com\/fr\/wp-json\/wp\/v2\/pages\/1694\/revisions"}],"predecessor-version":[{"id":3941,"href":"https:\/\/linmot.com\/fr\/wp-json\/wp\/v2\/pages\/1694\/revisions\/3941"}],"wp:attachment":[{"href":"https:\/\/linmot.com\/fr\/wp-json\/wp\/v2\/media?parent=1694"}],"curies":[{"name":"wp","href":"https:\/\/api.w.org\/{rel}","templated":true}]}}