{"id":1690,"date":"2021-06-11T14:48:17","date_gmt":"2021-06-11T12:48:17","guid":{"rendered":"https:\/\/linmot.com\/fr\/?page_id=1690"},"modified":"2025-08-07T15:19:26","modified_gmt":"2025-08-07T13:19:26","slug":"moteur-lineaire-rotatif","status":"publish","type":"page","link":"https:\/\/linmot.com\/fr\/produits\/moteur-lineaire-rotatif\/","title":{"rendered":"Moteur Lin\u00e9aire Rotatif"},"content":{"rendered":"<p align=\"justify\"><strong>Fermer, visser ou assembler&#8230; Les moteurs rotatifs lin\u00e9aires de LinMot se caract\u00e9risent par une flexibilit\u00e9, une dynamique et une vitesse excellentes. Ils combinent deux servomoteurs \u00e9lectromagn\u00e9tiques dans un seul bo\u00eetier mince et permettent ainsi des mouvements lin\u00e9aires et rotatifs combin\u00e9s de la mani\u00e8re la plus simple qui soit.<\/strong><\/p>\n<p align=\"justify\">Les modules pratiquement inusables s\u00e9duisent \u00e9galement par leur excellente disponibilit\u00e9 et peuvent \u00eatre \u00e9quip\u00e9s de nombreuses options. LinMot propose des moteurs de levage rotatifs dans deux s\u00e9ries diff\u00e9rentes.<\/p>\n<p><a class=\"btn btn-active\" href=\"\/fr\/mouvements-lineaires-et-rotatifs-en-un-moteur-lineaire-rotatif\/\" target=\"_blank\" rel=\"noopener noreferrer\">En savoir plus sur les moteur lin\u00e9aire rotatif<\/a><\/p>\n<hr \/>\n<h2>Voici comment ils fonctionnent<\/h2>\n<div class=\"row\">\n<div class=\"col-md-6\">\n<ul>\n<li>Entra\u00eenement direct lin\u00e9aire et rotatif hautement dynamique<\/li>\n<li>Mouvements lin\u00e9aires et rotatifs ind\u00e9pendants &#8211; peuvent \u00eatre synchronis\u00e9s si n\u00e9cessaire<\/li>\n<li>Forces et couples de pressage programmables<\/li>\n<li>En option, avec un arbre creux<\/li>\n<li>En option, avec MagSpring pour la compensation de la charge<\/li>\n<\/ul>\n<p><a class=\"btn btn-active\" href=\"https:\/\/shop.linmot.com\/E\/linear-rotary-motors.htm\" target=\"_blank\" rel=\"noopener noreferrer\">Vers les d\u00e9tails dans le e-catalogue (anglais)<\/a><\/p>\n<\/div>\n<div class=\"col-md-1\">\n<\/div>\n<div class=\"col-md-5\">\n<p style=\"text-align: center;\">\n<div class=\"brlbs-cmpnt-container brlbs-cmpnt-content-blocker brlbs-cmpnt-with-individual-styles\" data-borlabs-cookie-content-blocker-id=\"default\" data-borlabs-cookie-content=\"PGlmcmFtZSB0aXRsZT0iWW91VHViZSB2aWRlbyBwbGF5ZXIiIHNyYz0iaHR0cHM6Ly93d3cueW91dHViZS5jb20vZW1iZWQvZk9sU2NIT3ZLMkkiIHdpZHRoPSIzOTQiIGhlaWdodD0iMjIwIiBmcmFtZWJvcmRlcj0iMCIgYWxsb3dmdWxsc2NyZWVuPSJhbGxvd2Z1bGxzY3JlZW4iPjwvaWZyYW1lPg==\">\n<div class=\"brlbs-cmpnt-cb-preset-a\">\n<p class=\"brlbs-cmpnt-cb-description\">You are currently viewing a placeholder content from <strong>Default<\/strong>. To access the actual content, click the button below. Please note that doing so will share data with third-party providers.<\/p>\n<div class=\"brlbs-cmpnt-cb-buttons\"> <a class=\"brlbs-cmpnt-cb-btn\" href=\"#\" data-borlabs-cookie-unblock role=\"button\">Unblock content<\/a> <a class=\"brlbs-cmpnt-cb-btn\" href=\"#\" data-borlabs-cookie-accept-service role=\"button\" style=\"display: none\">Accept required service and unblock content<\/a> <\/div>\n<p> <a class=\"brlbs-cmpnt-cb-provider-toggle\" href=\"#\" data-borlabs-cookie-show-provider-information role=\"button\">More Information<\/a> <\/div>\n<\/div>\n<\/div>\n<\/div>\n<hr \/>\n<h2>S\u00e9rie PR01<\/h2>\n<div class=\"row\">\n<div class=\"col-md-6\">\n<ul>\n<li>Principe de conception en s\u00e9rie pour un encombrement minimal<\/li>\n<li>Disponible en option avec le rapport de transmission<\/li>\n<li>R\u00e9alisation la plus simple de postes de bouchage, de vissage ou d&rsquo;assemblage.<\/li>\n<\/ul>\n<p><a class=\"button\" href=\"\/fr\/produits\/moteur-lineaire-rotatif\/pr01-moteurs-rotatifs-lineaires\/\">En savoir plus sur la s\u00e9rie PR01<\/a><\/p>\n<\/div>\n<div class=\"col-md-1\">\n<\/div>\n<div class=\"col-md-5\">\n<img loading=\"lazy\" decoding=\"async\" class=\"aligncenter wp-image-702 size-full\" title=\"Hubdreh-Motor PR01\" src=\"https:\/\/linmot.com\/de\/wp-content\/uploads\/sites\/2\/2017\/10\/Hub-Dreh-Motoren-mit-Hohlwelle.jpg\" alt=\"Hubdreh-Motor PR01\" width=\"612\" height=\"190\" \/>\n<\/div>\n<\/div>\n<h2>S\u00e9rie PR02<\/h2>\n<div class=\"row\">\n<div class=\"col-md-6\">\n<ul>\n<li>Principe de conception parall\u00e8le avec une longueur d&rsquo;installation courte et des options int\u00e9gr\u00e9es<\/li>\n<li>En option, avec des capteurs de force et de couple int\u00e9gr\u00e9s<\/li>\n<li>Surfaces faciles \u00e0 nettoyer<\/li>\n<li>R\u00e9alisation la plus simple possible de postes de bouchage, de vissage ou d&rsquo;assemblage avec des options int\u00e9gr\u00e9es.<\/li>\n<\/ul>\n<p><a class=\"button\" href=\"\/fr\/produits\/moteur-lineaire-rotatif\/pr02-moteurs-rotatifs-lineaires\/\">En savoir plus sur la s\u00e9rie PR02<\/a><br \/>\n<\/div>\n<div class=\"col-md-1\">\n<\/div>\n<div class=\"col-md-5\">\n<img loading=\"lazy\" decoding=\"async\" class=\"aligncenter wp-image-1626\" title=\"Hubdreh-Motor PR02\" src=\"https:\/\/linmot.com\/de\/wp-content\/uploads\/sites\/2\/2021\/05\/Motorfamilie-PR02-38.jpg\" alt=\"Hubdreh-Motor PR02\" width=\"612\" height=\"254\" \/>\n<\/div>\n<\/div>\n<hr \/>\n<h3>Fermeture et vissage automatis\u00e9s<\/h3>\n<div class=\"row\">\n<div class=\"col-md-6\">\n<p align=\"justify\">Le fait que le mouvement lin\u00e9aire soit \u00e9galement r\u00e9alis\u00e9 par un entra\u00eenement direct rend les processus de bouchage beaucoup plus flexibles et efficaces qu\u2019avec des syst\u00e8mes de cames m\u00e9caniques, des v\u00e9rins pneumatiques ou des entra\u00eenements \u00e0 recirculation de billes. Les capteurs de force et de couple int\u00e9gr\u00e9s offrent encore plus de s\u00e9curit\u00e9 pour les applications n\u00e9cessitant une pr\u00e9cision et une fiabilit\u00e9 de processus \u00e9lev\u00e9es et permettent \u00e9galement la collecte de donn\u00e9es de processus pour chaque module de vissage (I4.0).<\/p>\n<p><a class=\"button\" href=\"\/fr\/fermeture-et-vissage-automatises\/\">Plus d&rsquo;exemples d&rsquo;application<\/a><br \/>\n<\/div>\n<div class=\"col-md-1\">\n<\/div>\n<div class=\"col-md-5\">\n<p style=\"text-align: center;\">\n<div class=\"brlbs-cmpnt-container brlbs-cmpnt-content-blocker brlbs-cmpnt-with-individual-styles\" data-borlabs-cookie-content-blocker-id=\"default\" data-borlabs-cookie-content=\"PGlmcmFtZSB0aXRsZT0iWW91VHViZSB2aWRlbyBwbGF5ZXIiIHNyYz0iaHR0cHM6Ly93d3cueW91dHViZS5jb20vZW1iZWQvakc4eVo5Tmw5SFEiIHdpZHRoPSIzOTQiIGhlaWdodD0iMjIwIiBmcmFtZWJvcmRlcj0iMCIgYWxsb3dmdWxsc2NyZWVuPSJhbGxvd2Z1bGxzY3JlZW4iPjwvaWZyYW1lPg==\">\n<div class=\"brlbs-cmpnt-cb-preset-a\">\n<p class=\"brlbs-cmpnt-cb-description\">You are currently viewing a placeholder content from <strong>Default<\/strong>. To access the actual content, click the button below. Please note that doing so will share data with third-party providers.<\/p>\n<div class=\"brlbs-cmpnt-cb-buttons\"> <a class=\"brlbs-cmpnt-cb-btn\" href=\"#\" data-borlabs-cookie-unblock role=\"button\">Unblock content<\/a> <a class=\"brlbs-cmpnt-cb-btn\" href=\"#\" data-borlabs-cookie-accept-service role=\"button\" style=\"display: none\">Accept required service and unblock content<\/a> <\/div>\n<p> <a class=\"brlbs-cmpnt-cb-provider-toggle\" href=\"#\" data-borlabs-cookie-show-provider-information role=\"button\">More Information<\/a> <\/div>\n<\/div>\n<\/div>\n<\/div>\n<hr \/>\n<h2>Questions?<\/h2>\n<p>Nous serons heureux de r\u00e9pondre \u00e0 vos questions ou de vous donner des conseils.<\/p>\n<p><a class=\"button\" href=\"https:\/\/linmot.com\/fr\/contact\/\">Trouvez votre contact local<\/a><\/p>\n","protected":false},"excerpt":{"rendered":"<p>Fermer, visser ou assembler&#8230; Les moteurs rotatifs lin\u00e9aires de LinMot se caract\u00e9risent par une flexibilit\u00e9, une dynamique et une vitesse excellentes. Ils combinent deux servomoteurs \u00e9lectromagn\u00e9tiques dans un seul bo\u00eetier mince et permettent ainsi des mouvements lin\u00e9aires et rotatifs combin\u00e9s de la mani\u00e8re la plus simple qui soit. Les modules pratiquement inusables s\u00e9duisent \u00e9galement par [&hellip;]<\/p>\n","protected":false},"author":9,"featured_media":0,"parent":1210,"menu_order":44,"comment_status":"closed","ping_status":"closed","template":"","meta":{"_acf_changed":false,"footnotes":""},"class_list":["post-1690","page","type-page","status-publish","hentry"],"acf":[],"yoast_head":"<!-- This site is optimized with the Yoast SEO Premium plugin v20.9 (Yoast SEO v27.4) - https:\/\/yoast.com\/product\/yoast-seo-premium-wordpress\/ -->\n<title>Moteurs lin\u00e9aires rotatifs | LinMot &amp; MagSpring<\/title>\n<meta name=\"description\" content=\"Les moteurs lin\u00e9aires rotatifs LinMot se caract\u00e9risent par une flexibilit\u00e9, une dynamique et une vitesse excellente. LinMot propose deux s\u00e9ries de produits (PR01 et PR02).\" \/>\n<meta name=\"robots\" content=\"index, follow, max-snippet:-1, max-image-preview:large, max-video-preview:-1\" \/>\n<link rel=\"canonical\" href=\"https:\/\/linmot.com\/fr\/produits\/moteur-lineaire-rotatif\/\" \/>\n<meta property=\"og:locale\" content=\"fr_FR\" \/>\n<meta property=\"og:type\" content=\"article\" \/>\n<meta property=\"og:title\" content=\"Moteurs lin\u00e9aires rotatifs | LinMot &amp; MagSpring\" \/>\n<meta property=\"og:description\" content=\"Les moteurs lin\u00e9aires rotatifs LinMot se caract\u00e9risent par une flexibilit\u00e9, une dynamique et une vitesse excellente. LinMot propose deux s\u00e9ries de produits (PR01 et PR02).\" \/>\n<meta property=\"og:url\" content=\"https:\/\/linmot.com\/fr\/produits\/moteur-lineaire-rotatif\/\" \/>\n<meta property=\"og:site_name\" content=\"LinMot &amp; MagSpring - Fran\u00e7ais\" \/>\n<meta property=\"article:modified_time\" content=\"2025-08-07T13:19:26+00:00\" \/>\n<meta property=\"og:image\" content=\"https:\/\/linmot.com\/fr\/wp-content\/uploads\/sites\/3\/2022\/05\/linmot-social-share-logo.jpg\" \/>\n\t<meta property=\"og:image:width\" content=\"800\" \/>\n\t<meta property=\"og:image:height\" content=\"500\" \/>\n\t<meta property=\"og:image:type\" content=\"image\/jpeg\" \/>\n<meta name=\"twitter:card\" content=\"summary_large_image\" \/>\n<meta name=\"twitter:title\" content=\"Moteurs lin\u00e9aires rotatifs | LinMot &amp; MagSpring\" \/>\n<meta name=\"twitter:description\" content=\"Les moteurs lin\u00e9aires rotatifs LinMot se caract\u00e9risent par une flexibilit\u00e9, une dynamique et une vitesse excellente. LinMot propose deux s\u00e9ries de produits (PR01 et PR02).\" \/>\n<meta name=\"twitter:label1\" content=\"Dur\u00e9e de lecture estim\u00e9e\" \/>\n\t<meta name=\"twitter:data1\" content=\"3 minutes\" \/>\n<script type=\"application\/ld+json\" class=\"yoast-schema-graph\">{\"@context\":\"https:\\\/\\\/schema.org\",\"@graph\":[{\"@type\":\"WebPage\",\"@id\":\"https:\\\/\\\/linmot.com\\\/fr\\\/produits\\\/moteur-lineaire-rotatif\\\/\",\"url\":\"https:\\\/\\\/linmot.com\\\/fr\\\/produits\\\/moteur-lineaire-rotatif\\\/\",\"name\":\"Moteurs lin\u00e9aires rotatifs | LinMot & MagSpring\",\"isPartOf\":{\"@id\":\"https:\\\/\\\/linmot.com\\\/fr\\\/#website\"},\"primaryImageOfPage\":{\"@id\":\"https:\\\/\\\/linmot.com\\\/fr\\\/produits\\\/moteur-lineaire-rotatif\\\/#primaryimage\"},\"image\":{\"@id\":\"https:\\\/\\\/linmot.com\\\/fr\\\/produits\\\/moteur-lineaire-rotatif\\\/#primaryimage\"},\"thumbnailUrl\":\"https:\\\/\\\/linmot.com\\\/de\\\/wp-content\\\/uploads\\\/sites\\\/2\\\/2017\\\/10\\\/Hub-Dreh-Motoren-mit-Hohlwelle.jpg\",\"datePublished\":\"2021-06-11T12:48:17+00:00\",\"dateModified\":\"2025-08-07T13:19:26+00:00\",\"description\":\"Les moteurs lin\u00e9aires rotatifs LinMot se caract\u00e9risent par une flexibilit\u00e9, une dynamique et une vitesse excellente. LinMot propose deux s\u00e9ries de produits (PR01 et PR02).\",\"breadcrumb\":{\"@id\":\"https:\\\/\\\/linmot.com\\\/fr\\\/produits\\\/moteur-lineaire-rotatif\\\/#breadcrumb\"},\"inLanguage\":\"fr-FR\",\"potentialAction\":[{\"@type\":\"ReadAction\",\"target\":[\"https:\\\/\\\/linmot.com\\\/fr\\\/produits\\\/moteur-lineaire-rotatif\\\/\"]}]},{\"@type\":\"ImageObject\",\"inLanguage\":\"fr-FR\",\"@id\":\"https:\\\/\\\/linmot.com\\\/fr\\\/produits\\\/moteur-lineaire-rotatif\\\/#primaryimage\",\"url\":\"https:\\\/\\\/linmot.com\\\/de\\\/wp-content\\\/uploads\\\/sites\\\/2\\\/2017\\\/10\\\/Hub-Dreh-Motoren-mit-Hohlwelle.jpg\",\"contentUrl\":\"https:\\\/\\\/linmot.com\\\/de\\\/wp-content\\\/uploads\\\/sites\\\/2\\\/2017\\\/10\\\/Hub-Dreh-Motoren-mit-Hohlwelle.jpg\"},{\"@type\":\"BreadcrumbList\",\"@id\":\"https:\\\/\\\/linmot.com\\\/fr\\\/produits\\\/moteur-lineaire-rotatif\\\/#breadcrumb\",\"itemListElement\":[{\"@type\":\"ListItem\",\"position\":1,\"name\":\"Home\",\"item\":\"https:\\\/\\\/linmot.com\\\/fr\\\/\"},{\"@type\":\"ListItem\",\"position\":2,\"name\":\"Produits\",\"item\":\"https:\\\/\\\/linmot.com\\\/fr\\\/produits\\\/\"},{\"@type\":\"ListItem\",\"position\":3,\"name\":\"Moteur Lin\u00e9aire Rotatif\"}]},{\"@type\":\"WebSite\",\"@id\":\"https:\\\/\\\/linmot.com\\\/fr\\\/#website\",\"url\":\"https:\\\/\\\/linmot.com\\\/fr\\\/\",\"name\":\"LinMot &amp; MagSpring - Fran\u00e7ais\",\"description\":\"Moteurs lin\u00e9aires et des syst\u00e8mes de moteurs lin\u00e9aires de haute qualit\u00e9\",\"publisher\":{\"@id\":\"https:\\\/\\\/linmot.com\\\/fr\\\/#organization\"},\"potentialAction\":[{\"@type\":\"SearchAction\",\"target\":{\"@type\":\"EntryPoint\",\"urlTemplate\":\"https:\\\/\\\/linmot.com\\\/fr\\\/?s={search_term_string}\"},\"query-input\":{\"@type\":\"PropertyValueSpecification\",\"valueRequired\":true,\"valueName\":\"search_term_string\"}}],\"inLanguage\":\"fr-FR\"},{\"@type\":\"Organization\",\"@id\":\"https:\\\/\\\/linmot.com\\\/fr\\\/#organization\",\"name\":\"NTI AG - LinMot & MagSpring\",\"url\":\"https:\\\/\\\/linmot.com\\\/fr\\\/\",\"logo\":{\"@type\":\"ImageObject\",\"inLanguage\":\"fr-FR\",\"@id\":\"https:\\\/\\\/linmot.com\\\/fr\\\/#\\\/schema\\\/logo\\\/image\\\/\",\"url\":\"https:\\\/\\\/linmot.com\\\/fr\\\/wp-content\\\/uploads\\\/sites\\\/3\\\/2022\\\/05\\\/linmot-social-share-logo.jpg\",\"contentUrl\":\"https:\\\/\\\/linmot.com\\\/fr\\\/wp-content\\\/uploads\\\/sites\\\/3\\\/2022\\\/05\\\/linmot-social-share-logo.jpg\",\"width\":800,\"height\":500,\"caption\":\"NTI AG - LinMot & MagSpring\"},\"image\":{\"@id\":\"https:\\\/\\\/linmot.com\\\/fr\\\/#\\\/schema\\\/logo\\\/image\\\/\"},\"sameAs\":[\"https:\\\/\\\/www.linkedin.com\\\/company\\\/nti-ag-linmot-magspring\",\"https:\\\/\\\/www.youtube.com\\\/user\\\/LinMotEurope\"]}]}<\/script>\n<!-- \/ Yoast SEO Premium plugin. -->","yoast_head_json":{"title":"Moteurs lin\u00e9aires rotatifs | LinMot & MagSpring","description":"Les moteurs lin\u00e9aires rotatifs LinMot se caract\u00e9risent par une flexibilit\u00e9, une dynamique et une vitesse excellente. LinMot propose deux s\u00e9ries de produits (PR01 et PR02).","robots":{"index":"index","follow":"follow","max-snippet":"max-snippet:-1","max-image-preview":"max-image-preview:large","max-video-preview":"max-video-preview:-1"},"canonical":"https:\/\/linmot.com\/fr\/produits\/moteur-lineaire-rotatif\/","og_locale":"fr_FR","og_type":"article","og_title":"Moteurs lin\u00e9aires rotatifs | LinMot & MagSpring","og_description":"Les moteurs lin\u00e9aires rotatifs LinMot se caract\u00e9risent par une flexibilit\u00e9, une dynamique et une vitesse excellente. LinMot propose deux s\u00e9ries de produits (PR01 et PR02).","og_url":"https:\/\/linmot.com\/fr\/produits\/moteur-lineaire-rotatif\/","og_site_name":"LinMot &amp; MagSpring - Fran\u00e7ais","article_modified_time":"2025-08-07T13:19:26+00:00","og_image":[{"width":800,"height":500,"url":"https:\/\/linmot.com\/fr\/wp-content\/uploads\/sites\/3\/2022\/05\/linmot-social-share-logo.jpg","type":"image\/jpeg"}],"twitter_card":"summary_large_image","twitter_title":"Moteurs lin\u00e9aires rotatifs | LinMot & MagSpring","twitter_description":"Les moteurs lin\u00e9aires rotatifs LinMot se caract\u00e9risent par une flexibilit\u00e9, une dynamique et une vitesse excellente. LinMot propose deux s\u00e9ries de produits (PR01 et PR02).","twitter_misc":{"Dur\u00e9e de lecture estim\u00e9e":"3 minutes"},"schema":{"@context":"https:\/\/schema.org","@graph":[{"@type":"WebPage","@id":"https:\/\/linmot.com\/fr\/produits\/moteur-lineaire-rotatif\/","url":"https:\/\/linmot.com\/fr\/produits\/moteur-lineaire-rotatif\/","name":"Moteurs lin\u00e9aires rotatifs | LinMot & MagSpring","isPartOf":{"@id":"https:\/\/linmot.com\/fr\/#website"},"primaryImageOfPage":{"@id":"https:\/\/linmot.com\/fr\/produits\/moteur-lineaire-rotatif\/#primaryimage"},"image":{"@id":"https:\/\/linmot.com\/fr\/produits\/moteur-lineaire-rotatif\/#primaryimage"},"thumbnailUrl":"https:\/\/linmot.com\/de\/wp-content\/uploads\/sites\/2\/2017\/10\/Hub-Dreh-Motoren-mit-Hohlwelle.jpg","datePublished":"2021-06-11T12:48:17+00:00","dateModified":"2025-08-07T13:19:26+00:00","description":"Les moteurs lin\u00e9aires rotatifs LinMot se caract\u00e9risent par une flexibilit\u00e9, une dynamique et une vitesse excellente. LinMot propose deux s\u00e9ries de produits (PR01 et PR02).","breadcrumb":{"@id":"https:\/\/linmot.com\/fr\/produits\/moteur-lineaire-rotatif\/#breadcrumb"},"inLanguage":"fr-FR","potentialAction":[{"@type":"ReadAction","target":["https:\/\/linmot.com\/fr\/produits\/moteur-lineaire-rotatif\/"]}]},{"@type":"ImageObject","inLanguage":"fr-FR","@id":"https:\/\/linmot.com\/fr\/produits\/moteur-lineaire-rotatif\/#primaryimage","url":"https:\/\/linmot.com\/de\/wp-content\/uploads\/sites\/2\/2017\/10\/Hub-Dreh-Motoren-mit-Hohlwelle.jpg","contentUrl":"https:\/\/linmot.com\/de\/wp-content\/uploads\/sites\/2\/2017\/10\/Hub-Dreh-Motoren-mit-Hohlwelle.jpg"},{"@type":"BreadcrumbList","@id":"https:\/\/linmot.com\/fr\/produits\/moteur-lineaire-rotatif\/#breadcrumb","itemListElement":[{"@type":"ListItem","position":1,"name":"Home","item":"https:\/\/linmot.com\/fr\/"},{"@type":"ListItem","position":2,"name":"Produits","item":"https:\/\/linmot.com\/fr\/produits\/"},{"@type":"ListItem","position":3,"name":"Moteur Lin\u00e9aire Rotatif"}]},{"@type":"WebSite","@id":"https:\/\/linmot.com\/fr\/#website","url":"https:\/\/linmot.com\/fr\/","name":"LinMot &amp; MagSpring - Fran\u00e7ais","description":"Moteurs lin\u00e9aires et des syst\u00e8mes de moteurs lin\u00e9aires de haute qualit\u00e9","publisher":{"@id":"https:\/\/linmot.com\/fr\/#organization"},"potentialAction":[{"@type":"SearchAction","target":{"@type":"EntryPoint","urlTemplate":"https:\/\/linmot.com\/fr\/?s={search_term_string}"},"query-input":{"@type":"PropertyValueSpecification","valueRequired":true,"valueName":"search_term_string"}}],"inLanguage":"fr-FR"},{"@type":"Organization","@id":"https:\/\/linmot.com\/fr\/#organization","name":"NTI AG - LinMot & MagSpring","url":"https:\/\/linmot.com\/fr\/","logo":{"@type":"ImageObject","inLanguage":"fr-FR","@id":"https:\/\/linmot.com\/fr\/#\/schema\/logo\/image\/","url":"https:\/\/linmot.com\/fr\/wp-content\/uploads\/sites\/3\/2022\/05\/linmot-social-share-logo.jpg","contentUrl":"https:\/\/linmot.com\/fr\/wp-content\/uploads\/sites\/3\/2022\/05\/linmot-social-share-logo.jpg","width":800,"height":500,"caption":"NTI AG - LinMot & MagSpring"},"image":{"@id":"https:\/\/linmot.com\/fr\/#\/schema\/logo\/image\/"},"sameAs":["https:\/\/www.linkedin.com\/company\/nti-ag-linmot-magspring","https:\/\/www.youtube.com\/user\/LinMotEurope"]}]}},"_links":{"self":[{"href":"https:\/\/linmot.com\/fr\/wp-json\/wp\/v2\/pages\/1690","targetHints":{"allow":["GET"]}}],"collection":[{"href":"https:\/\/linmot.com\/fr\/wp-json\/wp\/v2\/pages"}],"about":[{"href":"https:\/\/linmot.com\/fr\/wp-json\/wp\/v2\/types\/page"}],"author":[{"embeddable":true,"href":"https:\/\/linmot.com\/fr\/wp-json\/wp\/v2\/users\/9"}],"replies":[{"embeddable":true,"href":"https:\/\/linmot.com\/fr\/wp-json\/wp\/v2\/comments?post=1690"}],"version-history":[{"count":13,"href":"https:\/\/linmot.com\/fr\/wp-json\/wp\/v2\/pages\/1690\/revisions"}],"predecessor-version":[{"id":3347,"href":"https:\/\/linmot.com\/fr\/wp-json\/wp\/v2\/pages\/1690\/revisions\/3347"}],"up":[{"embeddable":true,"href":"https:\/\/linmot.com\/fr\/wp-json\/wp\/v2\/pages\/1210"}],"wp:attachment":[{"href":"https:\/\/linmot.com\/fr\/wp-json\/wp\/v2\/media?parent=1690"}],"curies":[{"name":"wp","href":"https:\/\/api.w.org\/{rel}","templated":true}]}}