{"id":1656,"date":"2020-12-30T10:13:33","date_gmt":"2020-12-30T09:13:33","guid":{"rendered":"https:\/\/linmot.com\/fr\/?page_id=1656"},"modified":"2024-08-28T15:58:13","modified_gmt":"2024-08-28T13:58:13","slug":"module-lineaire-p04","status":"publish","type":"page","link":"https:\/\/linmot.com\/fr\/produits\/guidage-lineaire-module-lineaire\/module-lineaire-p04\/","title":{"rendered":"Module lin\u00e9aire P04"},"content":{"rendered":"<p><strong>Les moteurs lin\u00e9aires s\u00e9rie P04 pr\u00e9sentent tous les avantages des moteurs lin\u00e9aires tubulaires et offrent en autre l\u2019avantage d\u2019avoir un guidage int\u00e9gr\u00e9.<\/strong><\/p>\n<hr \/>\n<div class=\"row\">\n<div class=\"col-sm-2\">\n<p><a class=\"button\" href=\"#details\">1. Pr\u00e9cisions<\/a><\/p>\n<\/div>\n<div class=\"col-sm-1\">\n<\/div>\n<div class=\"col-sm-2\">\n<p><a class=\"button\" href=\"#contact\">2. Contact<\/a><\/p>\n<\/div>\n<\/div>\n<hr \/>\n<h3 id=\"details\">1. Pr\u00e9cisions<\/h3>\n<p align=\"justify\">Ainsi l\u2019actionneur P04 peut \u00eatre \u00e9quip\u00e9 des accessoires m\u00e9caniques standards communs aux composants pneumatiques. Le remplacement des axes pneumatiques devient ainsi plus facile, car toutes les options de montage normalis\u00e9es en pneumatique peuvent \u00eatre r\u00e9alis\u00e9es. Avec sa position r\u00e9glable et des acc\u00e9l\u00e9rations allant jusqu\u2019\u00e0 50 m\/s2, les mouvements dynamiques et pr\u00e9cis sont les principaux avantages cette gamme. De plus, les charges transversales sont absorb\u00e9es par le palier int\u00e9gr\u00e9, de sorte que des applications simples comme le \u00ab\u00a0Pusher\u00a0\u00bb peuvent \u00eatre r\u00e9alis\u00e9es sans composants m\u00e9caniques suppl\u00e9mentaires<\/p>\n<div class=\"row\">\n<div class=\"col-md-5\">\n<ul>\n<li>Force cr\u00eate jusqu\u2019\u00e0 572 N<\/li>\n<li>Course jusqu&rsquo;\u00e0 150 mm<\/li>\n<li>Tige en acier tremp\u00e9 capable de supporter une charge lat\u00e9rale<\/li>\n<li>Options de montage identiques aux v\u00e9rins pneumatiques suivant la norme ISO<\/li>\n<li>Stator encapsul\u00e9 (IP65)<\/li>\n<li>Id\u00e9al pour une utilisation dans des conditions difficiles<\/li>\n<\/ul>\n<p><a class=\"btn btn-active\" href=\"https:\/\/shop.linmot.com\/E\/linear-modules-&amp;-guides\/linear-modules-p04.htm\" target=\"_blank\" rel=\"noopener noreferrer\">Vers les d\u00e9tails dans le e-catalogue (anglais)<\/a><\/p>\n<\/div>\n<div class=\"col-md-7\">\n<div class=\"carousel slide\" id=\"84042249141105a4c2fef30686efd4ab\" data-ride=\"carousel\">  <div class=\"carousel-inner\" role=\"listbox\">    <div class=\"item active\">      <img decoding=\"async\" src=\"https:\/\/linmot.com\/fr\/wp-content\/uploads\/sites\/3\/2019\/03\/2018-LinMot-P04_motoren_frontpage-1.jpg\" alt=\"...\">    <\/div>    <div class=\"item\">      <img decoding=\"async\" src=\"https:\/\/linmot.com\/fr\/wp-content\/uploads\/sites\/3\/2019\/03\/2018-LinMot-FlanschVorne-1.jpg\" alt=\"...\">    <\/div>    <div class=\"item\">      <img decoding=\"async\" src=\"https:\/\/linmot.com\/fr\/wp-content\/uploads\/sites\/3\/2019\/03\/2018-LinMot-Gabelgelenk-1.jpg\" alt=\"...\">    <\/div>    <div class=\"item\">      <img decoding=\"async\" src=\"https:\/\/linmot.com\/fr\/wp-content\/uploads\/sites\/3\/2019\/03\/2018-LinMot-Schwenkflansch-1.jpg\" alt=\"...\">    <\/div>    <div class=\"item\">      <img decoding=\"async\" src=\"https:\/\/linmot.com\/fr\/wp-content\/uploads\/sites\/3\/2019\/03\/2018-LinMot-P04_motoren_contentpage-1.jpg\" alt=\"...\">    <\/div>  <\/div><div class=\"navigation\"><a class=\"left carousel-control\" href=\"#84042249141105a4c2fef30686efd4ab\" role=\"button\" data-slide=\"prev\"><\/a><a class=\"right carousel-control\" href=\"#84042249141105a4c2fef30686efd4ab\" role=\"button\" data-slide=\"next\"><\/a><\/div><\/div>\n<\/div>\n<\/div>\n<h3 id=\"contact\">2. Contact<\/h3>\n<div class=\"row download\">\n<div class=\"col-md-6\">\n<h4 class=\"download-title\">Des questions sur nos module lin\u00e9aire?<\/h4>\n<p class=\"bodytext\">Nous serons heureux de r\u00e9pondre \u00e0 vos questions ou de vous donner des conseils. Contactez-nous au:<\/p>\n<p class=\"bodytext\">Tel : +49 (0)201 858940 0<\/p>\n<p class=\"bodytext\">Le team LinMot<\/p>\n<\/div>\n<div class=\"col-md-1\">\n<\/div>\n<div class=\"col-md-5\">\n\n<div class=\"wpcf7 no-js\" id=\"wpcf7-f1702-o1\" lang=\"fr-FR\" dir=\"ltr\" data-wpcf7-id=\"1702\">\n<div class=\"screen-reader-response\"><p role=\"status\" aria-live=\"polite\" aria-atomic=\"true\"><\/p> <ul><\/ul><\/div>\n<form action=\"\/fr\/wp-json\/wp\/v2\/pages\/1656#wpcf7-f1702-o1\" method=\"post\" class=\"wpcf7-form init\" aria-label=\"Formulaire de contact\" novalidate=\"novalidate\" data-status=\"init\">\n<fieldset class=\"hidden-fields-container\"><input type=\"hidden\" name=\"_wpcf7\" value=\"1702\" \/><input type=\"hidden\" name=\"_wpcf7_version\" value=\"6.1.5\" \/><input type=\"hidden\" name=\"_wpcf7_locale\" value=\"fr_FR\" \/><input type=\"hidden\" name=\"_wpcf7_unit_tag\" value=\"wpcf7-f1702-o1\" \/><input type=\"hidden\" name=\"_wpcf7_container_post\" value=\"0\" \/><input type=\"hidden\" name=\"_wpcf7_posted_data_hash\" value=\"\" \/><input type=\"hidden\" name=\"_wpcf7_recaptcha_response\" value=\"\" \/>\n<\/fieldset>\n<label> Votre nom<br>\n    <span class=\"wpcf7-form-control-wrap\" data-name=\"your-name\"><input size=\"40\" maxlength=\"400\" class=\"wpcf7-form-control wpcf7-text wpcf7-validates-as-required\" aria-required=\"true\" aria-invalid=\"false\" value=\"\" type=\"text\" name=\"your-name\" \/><\/span> <\/label>\n<br>\n<label> Votre entreprise<br>\n    <span class=\"wpcf7-form-control-wrap\" data-name=\"your-company\"><input size=\"40\" maxlength=\"400\" class=\"wpcf7-form-control wpcf7-text wpcf7-validates-as-required\" aria-required=\"true\" aria-invalid=\"false\" value=\"\" type=\"text\" name=\"your-company\" \/><\/span> <\/label>\n<br>\n<label> Code postal<br>\n    <span class=\"wpcf7-form-control-wrap\" data-name=\"your-plz\"><input class=\"wpcf7-form-control wpcf7-number wpcf7-validates-as-required wpcf7-validates-as-number\" aria-required=\"true\" aria-invalid=\"false\" value=\"\" type=\"number\" name=\"your-plz\" \/><\/span> <\/label>\n<br>\n<label> Pays<br>\n    <span class=\"wpcf7-form-control-wrap\" data-name=\"your-country\"><input size=\"40\" maxlength=\"400\" class=\"wpcf7-form-control wpcf7-text wpcf7-validates-as-required\" aria-required=\"true\" aria-invalid=\"false\" value=\"\" type=\"text\" name=\"your-country\" \/><\/span> <\/label>\n<br>\n<label> Votre num\u00e9ro de t\u00e9l\u00e9phone<br>\n    <span class=\"wpcf7-form-control-wrap\" data-name=\"your-number\"><input size=\"40\" maxlength=\"400\" class=\"wpcf7-form-control wpcf7-tel wpcf7-validates-as-required wpcf7-text wpcf7-validates-as-tel\" aria-required=\"true\" aria-invalid=\"false\" value=\"\" type=\"tel\" name=\"your-number\" \/><\/span> <\/label>\n<br>\n<label> Votre e-mail<br>\n    <span class=\"wpcf7-form-control-wrap\" data-name=\"your-email\"><input size=\"40\" maxlength=\"400\" class=\"wpcf7-form-control wpcf7-email wpcf7-validates-as-required wpcf7-text wpcf7-validates-as-email\" aria-required=\"true\" aria-invalid=\"false\" value=\"\" type=\"email\" name=\"your-email\" \/><\/span> <\/label>\n<br>\n<label> Votre message (facultatif)<br>\n    <span class=\"wpcf7-form-control-wrap\" data-name=\"your-message\"><textarea cols=\"40\" rows=\"10\" maxlength=\"2000\" class=\"wpcf7-form-control wpcf7-textarea\" aria-invalid=\"false\" name=\"your-message\"><\/textarea><\/span> <\/label>\n<br>\n<input class=\"wpcf7-form-control wpcf7-submit has-spinner\" type=\"submit\" value=\"Envoyer\" \/><div class=\"wpcf7-response-output\" aria-hidden=\"true\"><\/div>\n<\/form>\n<\/div>\n\n<\/div>\n<\/div>\n","protected":false},"excerpt":{"rendered":"<p>Les moteurs lin\u00e9aires s\u00e9rie P04 pr\u00e9sentent tous les avantages des moteurs lin\u00e9aires tubulaires et offrent en autre l\u2019avantage d\u2019avoir un guidage int\u00e9gr\u00e9. 1. Pr\u00e9cisions Ainsi l\u2019actionneur P04 peut \u00eatre \u00e9quip\u00e9 des accessoires m\u00e9caniques standards communs aux composants pneumatiques. Le remplacement des axes pneumatiques devient ainsi plus facile, car toutes les options de montage normalis\u00e9es en [&hellip;]<\/p>\n","protected":false},"author":1,"featured_media":0,"parent":44,"menu_order":66,"comment_status":"closed","ping_status":"closed","template":"","meta":{"_acf_changed":false,"footnotes":""},"class_list":["post-1656","page","type-page","status-publish","hentry"],"acf":[],"yoast_head":"<!-- This site is optimized with the Yoast SEO Premium plugin v20.9 (Yoast SEO v27.4) - https:\/\/yoast.com\/product\/yoast-seo-premium-wordpress\/ -->\n<title>Modules lin\u00e9aires P04 - Compatible avec les accessoires pneumatiques<\/title>\n<meta name=\"description\" content=\"Les modules P04 sont con\u00e7us pour remplacer facilement les v\u00e9rins pneumatiques. Ils sont m\u00e9caniquement compatibles avec les accessoires pneumatiques.\" \/>\n<meta name=\"robots\" content=\"index, follow, max-snippet:-1, max-image-preview:large, max-video-preview:-1\" \/>\n<link rel=\"canonical\" href=\"https:\/\/linmot.com\/fr\/produits\/guidage-lineaire-module-lineaire\/module-lineaire-p04\/\" \/>\n<meta property=\"og:locale\" content=\"fr_FR\" \/>\n<meta property=\"og:type\" content=\"article\" \/>\n<meta property=\"og:title\" content=\"Modules lin\u00e9aires P04 - Compatible avec les accessoires pneumatiques\" \/>\n<meta property=\"og:description\" content=\"Les modules P04 sont con\u00e7us pour remplacer facilement les v\u00e9rins pneumatiques. Ils sont m\u00e9caniquement compatibles avec les accessoires pneumatiques.\" \/>\n<meta property=\"og:url\" content=\"https:\/\/linmot.com\/fr\/produits\/guidage-lineaire-module-lineaire\/module-lineaire-p04\/\" \/>\n<meta property=\"og:site_name\" content=\"LinMot &amp; MagSpring - Fran\u00e7ais\" \/>\n<meta property=\"article:modified_time\" content=\"2024-08-28T13:58:13+00:00\" \/>\n<meta property=\"og:image\" content=\"https:\/\/linmot.com\/fr\/wp-content\/uploads\/sites\/3\/2017\/10\/2018-LinMot-P04_motoren_frontpage-1.jpg\" \/>\n\t<meta property=\"og:image:width\" content=\"612\" \/>\n\t<meta property=\"og:image:height\" content=\"190\" \/>\n\t<meta property=\"og:image:type\" content=\"image\/jpeg\" \/>\n<meta name=\"twitter:card\" content=\"summary_large_image\" \/>\n<meta name=\"twitter:title\" content=\"Modules lin\u00e9aires P04 - Compatible avec les accessoires pneumatiques\" \/>\n<meta name=\"twitter:description\" content=\"Les modules P04 sont con\u00e7us pour remplacer facilement les v\u00e9rins pneumatiques. Ils sont m\u00e9caniquement compatibles avec les accessoires pneumatiques.\" \/>\n<meta name=\"twitter:label1\" content=\"Dur\u00e9e de lecture estim\u00e9e\" \/>\n\t<meta name=\"twitter:data1\" content=\"2 minutes\" \/>\n<script type=\"application\/ld+json\" class=\"yoast-schema-graph\">{\"@context\":\"https:\\\/\\\/schema.org\",\"@graph\":[{\"@type\":\"WebPage\",\"@id\":\"https:\\\/\\\/linmot.com\\\/fr\\\/produits\\\/guidage-lineaire-module-lineaire\\\/module-lineaire-p04\\\/\",\"url\":\"https:\\\/\\\/linmot.com\\\/fr\\\/produits\\\/guidage-lineaire-module-lineaire\\\/module-lineaire-p04\\\/\",\"name\":\"Modules lin\u00e9aires P04 - Compatible avec les accessoires pneumatiques\",\"isPartOf\":{\"@id\":\"https:\\\/\\\/linmot.com\\\/fr\\\/#website\"},\"datePublished\":\"2020-12-30T09:13:33+00:00\",\"dateModified\":\"2024-08-28T13:58:13+00:00\",\"description\":\"Les modules P04 sont con\u00e7us pour remplacer facilement les v\u00e9rins pneumatiques. Ils sont m\u00e9caniquement compatibles avec les accessoires pneumatiques.\",\"breadcrumb\":{\"@id\":\"https:\\\/\\\/linmot.com\\\/fr\\\/produits\\\/guidage-lineaire-module-lineaire\\\/module-lineaire-p04\\\/#breadcrumb\"},\"inLanguage\":\"fr-FR\",\"potentialAction\":[{\"@type\":\"ReadAction\",\"target\":[\"https:\\\/\\\/linmot.com\\\/fr\\\/produits\\\/guidage-lineaire-module-lineaire\\\/module-lineaire-p04\\\/\"]}]},{\"@type\":\"BreadcrumbList\",\"@id\":\"https:\\\/\\\/linmot.com\\\/fr\\\/produits\\\/guidage-lineaire-module-lineaire\\\/module-lineaire-p04\\\/#breadcrumb\",\"itemListElement\":[{\"@type\":\"ListItem\",\"position\":1,\"name\":\"Home\",\"item\":\"https:\\\/\\\/linmot.com\\\/fr\\\/\"},{\"@type\":\"ListItem\",\"position\":2,\"name\":\"Produits\",\"item\":\"https:\\\/\\\/linmot.com\\\/fr\\\/produits\\\/\"},{\"@type\":\"ListItem\",\"position\":3,\"name\":\"Guidage Lin\u00e9aire \\\/ Module lin\u00e9aire\",\"item\":\"https:\\\/\\\/linmot.com\\\/fr\\\/produits\\\/guidage-lineaire-module-lineaire\\\/\"},{\"@type\":\"ListItem\",\"position\":4,\"name\":\"Module lin\u00e9aire P04\"}]},{\"@type\":\"WebSite\",\"@id\":\"https:\\\/\\\/linmot.com\\\/fr\\\/#website\",\"url\":\"https:\\\/\\\/linmot.com\\\/fr\\\/\",\"name\":\"LinMot &amp; MagSpring - Fran\u00e7ais\",\"description\":\"Moteurs lin\u00e9aires et des syst\u00e8mes de moteurs lin\u00e9aires de haute qualit\u00e9\",\"publisher\":{\"@id\":\"https:\\\/\\\/linmot.com\\\/fr\\\/#organization\"},\"potentialAction\":[{\"@type\":\"SearchAction\",\"target\":{\"@type\":\"EntryPoint\",\"urlTemplate\":\"https:\\\/\\\/linmot.com\\\/fr\\\/?s={search_term_string}\"},\"query-input\":{\"@type\":\"PropertyValueSpecification\",\"valueRequired\":true,\"valueName\":\"search_term_string\"}}],\"inLanguage\":\"fr-FR\"},{\"@type\":\"Organization\",\"@id\":\"https:\\\/\\\/linmot.com\\\/fr\\\/#organization\",\"name\":\"NTI AG - LinMot & MagSpring\",\"url\":\"https:\\\/\\\/linmot.com\\\/fr\\\/\",\"logo\":{\"@type\":\"ImageObject\",\"inLanguage\":\"fr-FR\",\"@id\":\"https:\\\/\\\/linmot.com\\\/fr\\\/#\\\/schema\\\/logo\\\/image\\\/\",\"url\":\"https:\\\/\\\/linmot.com\\\/fr\\\/wp-content\\\/uploads\\\/sites\\\/3\\\/2022\\\/05\\\/linmot-social-share-logo.jpg\",\"contentUrl\":\"https:\\\/\\\/linmot.com\\\/fr\\\/wp-content\\\/uploads\\\/sites\\\/3\\\/2022\\\/05\\\/linmot-social-share-logo.jpg\",\"width\":800,\"height\":500,\"caption\":\"NTI AG - LinMot & MagSpring\"},\"image\":{\"@id\":\"https:\\\/\\\/linmot.com\\\/fr\\\/#\\\/schema\\\/logo\\\/image\\\/\"},\"sameAs\":[\"https:\\\/\\\/www.linkedin.com\\\/company\\\/nti-ag-linmot-magspring\",\"https:\\\/\\\/www.youtube.com\\\/user\\\/LinMotEurope\"]}]}<\/script>\n<!-- \/ Yoast SEO Premium plugin. -->","yoast_head_json":{"title":"Modules lin\u00e9aires P04 - Compatible avec les accessoires pneumatiques","description":"Les modules P04 sont con\u00e7us pour remplacer facilement les v\u00e9rins pneumatiques. Ils sont m\u00e9caniquement compatibles avec les accessoires pneumatiques.","robots":{"index":"index","follow":"follow","max-snippet":"max-snippet:-1","max-image-preview":"max-image-preview:large","max-video-preview":"max-video-preview:-1"},"canonical":"https:\/\/linmot.com\/fr\/produits\/guidage-lineaire-module-lineaire\/module-lineaire-p04\/","og_locale":"fr_FR","og_type":"article","og_title":"Modules lin\u00e9aires P04 - Compatible avec les accessoires pneumatiques","og_description":"Les modules P04 sont con\u00e7us pour remplacer facilement les v\u00e9rins pneumatiques. Ils sont m\u00e9caniquement compatibles avec les accessoires pneumatiques.","og_url":"https:\/\/linmot.com\/fr\/produits\/guidage-lineaire-module-lineaire\/module-lineaire-p04\/","og_site_name":"LinMot &amp; MagSpring - Fran\u00e7ais","article_modified_time":"2024-08-28T13:58:13+00:00","og_image":[{"width":612,"height":190,"url":"https:\/\/linmot.com\/fr\/wp-content\/uploads\/sites\/3\/2017\/10\/2018-LinMot-P04_motoren_frontpage-1.jpg","type":"image\/jpeg"}],"twitter_card":"summary_large_image","twitter_title":"Modules lin\u00e9aires P04 - Compatible avec les accessoires pneumatiques","twitter_description":"Les modules P04 sont con\u00e7us pour remplacer facilement les v\u00e9rins pneumatiques. Ils sont m\u00e9caniquement compatibles avec les accessoires pneumatiques.","twitter_misc":{"Dur\u00e9e de lecture estim\u00e9e":"2 minutes"},"schema":{"@context":"https:\/\/schema.org","@graph":[{"@type":"WebPage","@id":"https:\/\/linmot.com\/fr\/produits\/guidage-lineaire-module-lineaire\/module-lineaire-p04\/","url":"https:\/\/linmot.com\/fr\/produits\/guidage-lineaire-module-lineaire\/module-lineaire-p04\/","name":"Modules lin\u00e9aires P04 - Compatible avec les accessoires pneumatiques","isPartOf":{"@id":"https:\/\/linmot.com\/fr\/#website"},"datePublished":"2020-12-30T09:13:33+00:00","dateModified":"2024-08-28T13:58:13+00:00","description":"Les modules P04 sont con\u00e7us pour remplacer facilement les v\u00e9rins pneumatiques. Ils sont m\u00e9caniquement compatibles avec les accessoires pneumatiques.","breadcrumb":{"@id":"https:\/\/linmot.com\/fr\/produits\/guidage-lineaire-module-lineaire\/module-lineaire-p04\/#breadcrumb"},"inLanguage":"fr-FR","potentialAction":[{"@type":"ReadAction","target":["https:\/\/linmot.com\/fr\/produits\/guidage-lineaire-module-lineaire\/module-lineaire-p04\/"]}]},{"@type":"BreadcrumbList","@id":"https:\/\/linmot.com\/fr\/produits\/guidage-lineaire-module-lineaire\/module-lineaire-p04\/#breadcrumb","itemListElement":[{"@type":"ListItem","position":1,"name":"Home","item":"https:\/\/linmot.com\/fr\/"},{"@type":"ListItem","position":2,"name":"Produits","item":"https:\/\/linmot.com\/fr\/produits\/"},{"@type":"ListItem","position":3,"name":"Guidage Lin\u00e9aire \/ Module lin\u00e9aire","item":"https:\/\/linmot.com\/fr\/produits\/guidage-lineaire-module-lineaire\/"},{"@type":"ListItem","position":4,"name":"Module lin\u00e9aire P04"}]},{"@type":"WebSite","@id":"https:\/\/linmot.com\/fr\/#website","url":"https:\/\/linmot.com\/fr\/","name":"LinMot &amp; MagSpring - Fran\u00e7ais","description":"Moteurs lin\u00e9aires et des syst\u00e8mes de moteurs lin\u00e9aires de haute qualit\u00e9","publisher":{"@id":"https:\/\/linmot.com\/fr\/#organization"},"potentialAction":[{"@type":"SearchAction","target":{"@type":"EntryPoint","urlTemplate":"https:\/\/linmot.com\/fr\/?s={search_term_string}"},"query-input":{"@type":"PropertyValueSpecification","valueRequired":true,"valueName":"search_term_string"}}],"inLanguage":"fr-FR"},{"@type":"Organization","@id":"https:\/\/linmot.com\/fr\/#organization","name":"NTI AG - LinMot & MagSpring","url":"https:\/\/linmot.com\/fr\/","logo":{"@type":"ImageObject","inLanguage":"fr-FR","@id":"https:\/\/linmot.com\/fr\/#\/schema\/logo\/image\/","url":"https:\/\/linmot.com\/fr\/wp-content\/uploads\/sites\/3\/2022\/05\/linmot-social-share-logo.jpg","contentUrl":"https:\/\/linmot.com\/fr\/wp-content\/uploads\/sites\/3\/2022\/05\/linmot-social-share-logo.jpg","width":800,"height":500,"caption":"NTI AG - LinMot & MagSpring"},"image":{"@id":"https:\/\/linmot.com\/fr\/#\/schema\/logo\/image\/"},"sameAs":["https:\/\/www.linkedin.com\/company\/nti-ag-linmot-magspring","https:\/\/www.youtube.com\/user\/LinMotEurope"]}]}},"_links":{"self":[{"href":"https:\/\/linmot.com\/fr\/wp-json\/wp\/v2\/pages\/1656","targetHints":{"allow":["GET"]}}],"collection":[{"href":"https:\/\/linmot.com\/fr\/wp-json\/wp\/v2\/pages"}],"about":[{"href":"https:\/\/linmot.com\/fr\/wp-json\/wp\/v2\/types\/page"}],"author":[{"embeddable":true,"href":"https:\/\/linmot.com\/fr\/wp-json\/wp\/v2\/users\/1"}],"replies":[{"embeddable":true,"href":"https:\/\/linmot.com\/fr\/wp-json\/wp\/v2\/comments?post=1656"}],"version-history":[{"count":11,"href":"https:\/\/linmot.com\/fr\/wp-json\/wp\/v2\/pages\/1656\/revisions"}],"predecessor-version":[{"id":3476,"href":"https:\/\/linmot.com\/fr\/wp-json\/wp\/v2\/pages\/1656\/revisions\/3476"}],"up":[{"embeddable":true,"href":"https:\/\/linmot.com\/fr\/wp-json\/wp\/v2\/pages\/44"}],"wp:attachment":[{"href":"https:\/\/linmot.com\/fr\/wp-json\/wp\/v2\/media?parent=1656"}],"curies":[{"name":"wp","href":"https:\/\/api.w.org\/{rel}","templated":true}]}}