{"id":1603,"date":"2020-11-24T16:48:56","date_gmt":"2020-11-24T15:48:56","guid":{"rendered":"https:\/\/linmot.com\/fr\/?page_id=1603"},"modified":"2024-09-09T16:33:56","modified_gmt":"2024-09-09T14:33:56","slug":"moteurs-lineaires-sscp","status":"publish","type":"page","link":"https:\/\/linmot.com\/fr\/produits\/moteur-inox\/moteurs-lineaires-sscp\/","title":{"rendered":"Moteurs lin\u00e9aires SSCP"},"content":{"rendered":"<p align=\"justify\"><strong>Les moteurs lin\u00e9aires en acier inoxydable du SSCP ont un excellent comportement thermique et peuvent donc \u00eatre tr\u00e8s bien refroidis passivement. La conception intelligente des entra\u00eenements permet d&rsquo;utiliser un diam\u00e8tre de rotor \u00e9largi avec une taille de stator fixe, ce qui am\u00e9liore les donn\u00e9es de performance.<\/strong><\/p>\n<hr \/>\n<div class=\"row\">\n<div class=\"col-sm-2\">\n<p><a class=\"button\" href=\"#details\">1. Pr\u00e9cisions<\/a><\/p>\n<\/div>\n<div class=\"col-sm-1\">\n<\/div>\n<div class=\"col-sm-2\">\n<p><a class=\"button\" href=\"#videos\">2. Vid\u00e9os<\/a><\/p>\n<\/div>\n<div class=\"col-sm-1\">\n<\/div>\n<div class=\"col-sm-2\">\n<p><a class=\"button\" href=\"#applications\">3. Applications<\/a><\/p>\n<\/div>\n<div class=\"col-sm-1\">\n<\/div>\n<div class=\"col-sm-2\">\n<p><a class=\"button\" href=\"#contact\">4. Contact<\/a><\/p>\n<\/div>\n<\/div>\n<hr \/>\n<h2 id=\"details\">1. Pr\u00e9cisions<\/h2>\n<p align=\"justify\">Afin d&rsquo;\u00e9liminer la formation d&rsquo;eau de condensation dans le moteur, le carter du moteur a \u00e9t\u00e9 coul\u00e9 sous vide. L&rsquo;int\u00e9rieur est ainsi exempt de poches d&rsquo;air dans lesquelles de la condensation pourrait se former aux changements de temp\u00e9rature. En termes de maintenance des moteurs, l&rsquo;utilisateur b\u00e9n\u00e9ficie de la conception modulaire des moteurs, dont le roulement peut \u00eatre remplac\u00e9 tr\u00e8s facilement. Le mat\u00e9riau utilis\u00e9 pour les paliers lisses est \u00e9galement sp\u00e9cialement con\u00e7u pour \u00eatre utilis\u00e9 dans les industries alimentaire et pharmaceutique et est approuv\u00e9 par la FDA.<\/p>\n<div class=\"row\">\n<div class=\"col-md-5\">\n<ul>\n<li>Con\u00e7u pour des applications exigeant des mat\u00e9riaux et une classe de protection \u00e9lev\u00e9s<\/li>\n<li>Utilisation optimale dans le secteur alimentaire et pharmaceutique<\/li>\n<li>Haute r\u00e9sistance \u00e0 la corrosion<\/li>\n<li>Acier inoxydable 1.4404 (AISI 316L)<\/li>\n<li>Classe de protection \u00e9lev\u00e9e du moteur jusqu&rsquo;\u00e0 IP69 selon la norme DIN EN 60529<\/li>\n<li>Roulements en polym\u00e8re approuv\u00e9s par la FDA<\/li>\n<li>Solution \u00e0 c\u00e2ble unique avec la technologie de codage LinMot<\/li>\n<\/ul>\n<p><a class=\"btn btn-active\" href=\"https:\/\/shop.linmot.com\/E\/linear-motors\/linear-motors-stainless-steel.htm\" target=\"_blank\" rel=\"noopener noreferrer\">Vers les d\u00e9tails dans le e-catalogue (anglais)<\/a><\/p>\n<\/div>\n<div class=\"col-md-7\">\n<div class=\"carousel slide\" id=\"ca50008bf47531c8f0bdd6f07eeece49\" data-ride=\"carousel\">  <div class=\"carousel-inner\" role=\"listbox\">    <div class=\"item active\">      <img decoding=\"async\" src=\"https:\/\/linmot.com\/fr\/wp-content\/uploads\/sites\/3\/2021\/08\/SSCP-neu-blau.jpg\" alt=\"...\">    <\/div>    <div class=\"item\">      <img decoding=\"async\" src=\"https:\/\/linmot.com\/fr\/wp-content\/uploads\/sites\/3\/2020\/11\/PS01-23-SSCP.jpg\" alt=\"...\">    <\/div>  <\/div><div class=\"navigation\"><a class=\"left carousel-control\" href=\"#ca50008bf47531c8f0bdd6f07eeece49\" role=\"button\" data-slide=\"prev\"><\/a><a class=\"right carousel-control\" href=\"#ca50008bf47531c8f0bdd6f07eeece49\" role=\"button\" data-slide=\"next\"><\/a><\/div><\/div>\n<\/div>\n<\/div>\n<h4>Modules lin\u00e9aires SM01\/SM02<\/h4>\n<p align=\"justify\">Nos moteurs lin\u00e9aires en acier inoxydable peuvent \u00e9galement \u00eatre utilis\u00e9s comme solutions d&rsquo;entra\u00eenement compl\u00e8tes gr\u00e2ce \u00e0 des guides lin\u00e9aires.<\/p>\n<p><a class=\"btn btn-active\" href=\"\/fr\/produits\/guidage-lineaire-module-lineaire\/modules-lineaires-en-acier-inoxydable-sm01-sm02\/\" rel=\"noopener noreferrer\">Vers les modules lin\u00e9aires SM01\/SM02<\/a><\/p>\n<h2 id=\"videos\">2. Videos<\/h2>\n<div class=\"row download\">\n<div class=\"col-md-7\">\n<h4 class=\"download-title\">Stainless Steel Linear Motors<\/h4>\n<p class=\"bodytext\" align=\"justify\">These motors have excellent thermal behaviour and can therefore be passively cooled very well. The intelligent design allows the use of an enlarged slider diameter with a fixed stator size, resulting in improved performance data.<\/p>\n<\/div>\n<div class=\"col-md-5\">\n<div class=\"brlbs-cmpnt-container brlbs-cmpnt-content-blocker brlbs-cmpnt-with-individual-styles\" data-borlabs-cookie-content-blocker-id=\"default\" data-borlabs-cookie-content=\"PGlmcmFtZSB0aXRsZT0iWW91VHViZSB2aWRlbyBwbGF5ZXIiIHNyYz0iaHR0cHM6Ly93d3cueW91dHViZS5jb20vZW1iZWQvcjdMallqQURURDAiIHdpZHRoPSIzOTQiIGhlaWdodD0iMjIwIiBmcmFtZWJvcmRlcj0iMCIgYWxsb3dmdWxsc2NyZWVuPSJhbGxvd2Z1bGxzY3JlZW4iPjwvaWZyYW1lPg==\">\n<div class=\"brlbs-cmpnt-cb-preset-a\">\n<p class=\"brlbs-cmpnt-cb-description\">You are currently viewing a placeholder content from <strong>Default<\/strong>. To access the actual content, click the button below. Please note that doing so will share data with third-party providers.<\/p>\n<div class=\"brlbs-cmpnt-cb-buttons\"> <a class=\"brlbs-cmpnt-cb-btn\" href=\"#\" data-borlabs-cookie-unblock role=\"button\">Unblock content<\/a> <a class=\"brlbs-cmpnt-cb-btn\" href=\"#\" data-borlabs-cookie-accept-service role=\"button\" style=\"display: none\">Accept required service and unblock content<\/a> <\/div>\n<p> <a class=\"brlbs-cmpnt-cb-provider-toggle\" href=\"#\" data-borlabs-cookie-show-provider-information role=\"button\">More Information<\/a> <\/div>\n<\/div>\n<\/div>\n<\/div>\n<h2 id=\"applications\">3. Exemples d\u2019applications<\/h2>\n<div class=\"row download\">\n<div class=\"col-md-3\">\n<h4 class=\"download-title\">Remplissage flexible et rapide<\/h4>\n<p class=\"bodytext\" align=\"justify\">Combiner les avantages du dosage par d\u00e9bit avec ceux du dosage par piston dans une machine de remplissage rotative est ce que souhaitent de nombreux utilisateurs. T\u00f6lke, sp\u00e9cialiste des machines d\u2019emballage, a r\u00e9alis\u00e9 cet exploit en utilisant des moteurs lin\u00e9aires LinMot.<\/p>\n<p><a class=\"button\" href=\"\/fr\/blog\/remplissage-flexible-et-rapide\/\">En savoir plus<\/a><br \/>\n<\/div>\n<div class=\"col-md-2\">\n<img loading=\"lazy\" decoding=\"async\" class=\"alignnone wp-image-3280\" src=\"https:\/\/linmot.com\/de\/wp-content\/uploads\/sites\/2\/2022\/04\/flexibel-und-schnell-abfuellen.jpg\" alt=\"\" width=\"220\" height=\"220\" \/><br \/>\n<\/div>\n<div class=\"col-md-2\">\n<\/div>\n<div class=\"col-md-3\">\n<h4 class=\"download-title\">Des poissons d&rsquo;\u00e9levage sains gr\u00e2ce aux moteurs INOX<\/h4>\n<p class=\"bodytext\" align=\"justify\">La machine VX-8 d\u00e9velopp\u00e9e par Skala Maskon inocule automatiquement jusqu\u2019\u00e0 20 000 poissons d\u2019\u00e9levage par heure. Cette r\u00e9volution dans le domaine de la pisciculture est rendue possible par l\u2019utilisation d\u2019un puissant syst\u00e8me de traitement d\u2019images en combinaison avec les moteurs lin\u00e9aires en acier inoxydable particuli\u00e8rement dynamiques et compacts de la classe de protection IP69K de LinMot.<\/p>\n<p><a class=\"button\" href=\"\/fr\/blog\/les-moteurs-lineaires-inox-assurent-la-sante-des-poissons-delevage\/\">En savoir plus<\/a><br \/>\n<\/div>\n<div class=\"col-md-2\">\n<img loading=\"lazy\" decoding=\"async\" class=\"alignnone wp-image-3289 size-full\" src=\"https:\/\/linmot.com\/de\/wp-content\/uploads\/sites\/2\/2022\/04\/inox-zuchtfisch.jpg\" alt=\"\" width=\"220\" height=\"220\" \/><br \/>\n<\/div>\n<\/div>\n<div class=\"row download\">\n<div class=\"col-md-3\">\n<h4 class=\"download-title\">S\u00e9parer un mets d\u00e9licat<\/h4>\n<p class=\"bodytext\" align=\"justify\">Valka, une entreprise islandaise de haute technologie qui con\u00e7oit et construit des syst\u00e8mes avanc\u00e9s pour le traitement du poisson, \u00e9quipe ses machines de s\u00e9paration et de tri de moteurs LinMot en acier inoxydable pour garantir la vitesse et la pr\u00e9cision requises dans un environnement de lavage difficile.<\/p>\n<p><a class=\"button\" href=\"\/fr\/blog\/separer-un-mets-delicat-detourner-des-pieces-de-poisson-precieuses-avec-des-moteurs-lineaires\/\">En savoir plus<\/a><br \/>\n<\/div>\n<div class=\"col-md-2\">\n<img loading=\"lazy\" decoding=\"async\" class=\"aligncenter size-full wp-image-4064\" src=\"https:\/\/linmot.com\/de\/wp-content\/uploads\/sites\/2\/2023\/01\/vorschau-umleiten-fischteile.jpg\" alt=\"\" width=\"220\" height=\"220\" \/><br \/>\n<\/div>\n<div class=\"col-md-2\">\n<\/div>\n<div class=\"col-md-3\">\n<h4 class=\"download-title\">Trancheur vertical pour produits carn\u00e9s cuits<\/h4>\n<p class=\"bodytext\" align=\"justify\">Couper des filets de poitrine de volaille cuits en fines tranches de mani\u00e8re \u00e0 pr\u00e9server la forme naturelle du produit de haute qualit\u00e9 n&rsquo;\u00e9tait pas possible de mani\u00e8re automatis\u00e9e jusqu&rsquo;\u00e0 pr\u00e9sent. Le sp\u00e9cialiste des trancheurs de viande de volaille, Food Technology Thielemann, a pr\u00e9sent\u00e9 en premi\u00e8re mondiale une solution pour cette t\u00e2che.<\/p>\n<p><a class=\"button\" href=\"\/fr\/blog\/plus-quune-simple-formalite-trancheur-vertical-pour-produits-carnes-cuits\/\">En savoir plus<\/a><br \/>\n<\/div>\n<div class=\"col-md-2\">\n<img loading=\"lazy\" decoding=\"async\" class=\"aligncenter size-full wp-image-4064\" src=\"https:\/\/linmot.com\/de\/wp-content\/uploads\/sites\/2\/2023\/01\/vorschau-vertical-slicer.jpg\" alt=\"\" width=\"220\" height=\"220\" \/><br \/>\n<\/div>\n<\/div>\n<h2 id=\"contact\">4. Contact<\/h2>\n<div class=\"row download\">\n<div class=\"col-md-6\">\n<h4 class=\"download-title\">Des questions sur nos moteurs SSCP?<\/h4>\n<p class=\"bodytext\">Nous serons heureux de r\u00e9pondre \u00e0 toutes les questions que vous pourriez avoir sur nos moteurs SSCP.<br \/>\nVeuillez nous contacter en utilisant le formulaire suivant ou appelez-nous au :<\/p>\n<p class=\"bodytext\">Tel: +41 (0)56 419 91 91<\/p>\n<p class=\"bodytext\">L&rsquo;\u00e9quipe LinMot<\/p>\n<\/div>\n<div class=\"col-md-1\">\n<\/div>\n<div class=\"col-md-5\">\n\n<div class=\"wpcf7 no-js\" id=\"wpcf7-f1702-o1\" lang=\"fr-FR\" dir=\"ltr\" data-wpcf7-id=\"1702\">\n<div class=\"screen-reader-response\"><p role=\"status\" aria-live=\"polite\" aria-atomic=\"true\"><\/p> <ul><\/ul><\/div>\n<form action=\"\/fr\/wp-json\/wp\/v2\/pages\/1603#wpcf7-f1702-o1\" method=\"post\" class=\"wpcf7-form init\" aria-label=\"Formulaire de contact\" novalidate=\"novalidate\" data-status=\"init\">\n<fieldset class=\"hidden-fields-container\"><input type=\"hidden\" name=\"_wpcf7\" value=\"1702\" \/><input type=\"hidden\" name=\"_wpcf7_version\" value=\"6.1.5\" \/><input type=\"hidden\" name=\"_wpcf7_locale\" value=\"fr_FR\" \/><input type=\"hidden\" name=\"_wpcf7_unit_tag\" value=\"wpcf7-f1702-o1\" \/><input type=\"hidden\" name=\"_wpcf7_container_post\" value=\"0\" \/><input type=\"hidden\" name=\"_wpcf7_posted_data_hash\" value=\"\" \/><input type=\"hidden\" name=\"_wpcf7_recaptcha_response\" value=\"\" \/>\n<\/fieldset>\n<label> Votre nom<br>\n    <span class=\"wpcf7-form-control-wrap\" data-name=\"your-name\"><input size=\"40\" maxlength=\"400\" class=\"wpcf7-form-control wpcf7-text wpcf7-validates-as-required\" aria-required=\"true\" aria-invalid=\"false\" value=\"\" type=\"text\" name=\"your-name\" \/><\/span> <\/label>\n<br>\n<label> Votre entreprise<br>\n    <span class=\"wpcf7-form-control-wrap\" data-name=\"your-company\"><input size=\"40\" maxlength=\"400\" class=\"wpcf7-form-control wpcf7-text wpcf7-validates-as-required\" aria-required=\"true\" aria-invalid=\"false\" value=\"\" type=\"text\" name=\"your-company\" \/><\/span> <\/label>\n<br>\n<label> Code postal<br>\n    <span class=\"wpcf7-form-control-wrap\" data-name=\"your-plz\"><input class=\"wpcf7-form-control wpcf7-number wpcf7-validates-as-required wpcf7-validates-as-number\" aria-required=\"true\" aria-invalid=\"false\" value=\"\" type=\"number\" name=\"your-plz\" \/><\/span> <\/label>\n<br>\n<label> Pays<br>\n    <span class=\"wpcf7-form-control-wrap\" data-name=\"your-country\"><input size=\"40\" maxlength=\"400\" class=\"wpcf7-form-control wpcf7-text wpcf7-validates-as-required\" aria-required=\"true\" aria-invalid=\"false\" value=\"\" type=\"text\" name=\"your-country\" \/><\/span> <\/label>\n<br>\n<label> Votre num\u00e9ro de t\u00e9l\u00e9phone<br>\n    <span class=\"wpcf7-form-control-wrap\" data-name=\"your-number\"><input size=\"40\" maxlength=\"400\" class=\"wpcf7-form-control wpcf7-tel wpcf7-validates-as-required wpcf7-text wpcf7-validates-as-tel\" aria-required=\"true\" aria-invalid=\"false\" value=\"\" type=\"tel\" name=\"your-number\" \/><\/span> <\/label>\n<br>\n<label> Votre e-mail<br>\n    <span class=\"wpcf7-form-control-wrap\" data-name=\"your-email\"><input size=\"40\" maxlength=\"400\" class=\"wpcf7-form-control wpcf7-email wpcf7-validates-as-required wpcf7-text wpcf7-validates-as-email\" aria-required=\"true\" aria-invalid=\"false\" value=\"\" type=\"email\" name=\"your-email\" \/><\/span> <\/label>\n<br>\n<label> Votre message (facultatif)<br>\n    <span class=\"wpcf7-form-control-wrap\" data-name=\"your-message\"><textarea cols=\"40\" rows=\"10\" maxlength=\"2000\" class=\"wpcf7-form-control wpcf7-textarea\" aria-invalid=\"false\" name=\"your-message\"><\/textarea><\/span> <\/label>\n<br>\n<input class=\"wpcf7-form-control wpcf7-submit has-spinner\" type=\"submit\" value=\"Envoyer\" \/><div class=\"wpcf7-response-output\" aria-hidden=\"true\"><\/div>\n<\/form>\n<\/div>\n\n<\/div>\n<\/div>\n","protected":false},"excerpt":{"rendered":"<p>Les moteurs lin\u00e9aires en acier inoxydable du SSCP ont un excellent comportement thermique et peuvent donc \u00eatre tr\u00e8s bien refroidis passivement. La conception intelligente des entra\u00eenements permet d&rsquo;utiliser un diam\u00e8tre de rotor \u00e9largi avec une taille de stator fixe, ce qui am\u00e9liore les donn\u00e9es de performance. 1. Pr\u00e9cisions Afin d&rsquo;\u00e9liminer la formation d&rsquo;eau de condensation [&hellip;]<\/p>\n","protected":false},"author":1,"featured_media":0,"parent":40,"menu_order":45,"comment_status":"closed","ping_status":"closed","template":"","meta":{"_acf_changed":false,"footnotes":""},"class_list":["post-1603","page","type-page","status-publish","hentry"],"acf":[],"yoast_head":"<!-- This site is optimized with the Yoast SEO Premium plugin v20.9 (Yoast SEO v27.4) - https:\/\/yoast.com\/product\/yoast-seo-premium-wordpress\/ -->\n<title>Moteurs lin\u00e9aires SSCP - Puissance optimis\u00e9e, comportement de refroidissement<\/title>\n<meta name=\"description\" content=\"Les moteurs lin\u00e9aires en acier inoxydable SSCP sont extr\u00eamement compacts, ont un indice de protection IP69 (DIN EN 60529) et s\u00e9duisent par un excellent rapport puissance\/refroidissement.\" \/>\n<meta name=\"robots\" content=\"index, follow, max-snippet:-1, max-image-preview:large, max-video-preview:-1\" \/>\n<link rel=\"canonical\" href=\"https:\/\/linmot.com\/fr\/produits\/moteur-inox\/moteurs-lineaires-sscp\/\" \/>\n<meta property=\"og:locale\" content=\"fr_FR\" \/>\n<meta property=\"og:type\" content=\"article\" \/>\n<meta property=\"og:title\" content=\"Moteurs lin\u00e9aires SSCP - Puissance optimis\u00e9e, comportement de refroidissement\" \/>\n<meta property=\"og:description\" content=\"Les moteurs lin\u00e9aires en acier inoxydable SSCP sont extr\u00eamement compacts, ont un indice de protection IP69 (DIN EN 60529) et s\u00e9duisent par un excellent rapport puissance\/refroidissement.\" \/>\n<meta property=\"og:url\" content=\"https:\/\/linmot.com\/fr\/produits\/moteur-inox\/moteurs-lineaires-sscp\/\" \/>\n<meta property=\"og:site_name\" content=\"LinMot &amp; MagSpring - Fran\u00e7ais\" \/>\n<meta property=\"article:modified_time\" content=\"2024-09-09T14:33:56+00:00\" \/>\n<meta property=\"og:image\" content=\"https:\/\/linmot.com\/fr\/wp-content\/uploads\/sites\/3\/2021\/08\/SSCP-neu-blau.jpg\" \/>\n\t<meta property=\"og:image:width\" content=\"612\" \/>\n\t<meta property=\"og:image:height\" content=\"190\" \/>\n\t<meta property=\"og:image:type\" content=\"image\/jpeg\" \/>\n<meta name=\"twitter:card\" content=\"summary_large_image\" \/>\n<meta name=\"twitter:title\" content=\"Moteurs lin\u00e9aires SSCP - Puissance optimis\u00e9e, comportement de refroidissement\" \/>\n<meta name=\"twitter:description\" content=\"Les moteurs lin\u00e9aires en acier inoxydable SSCP sont extr\u00eamement compacts, ont un indice de protection IP69 (DIN EN 60529) et s\u00e9duisent par un excellent rapport puissance\/refroidissement.\" \/>\n<meta name=\"twitter:label1\" content=\"Dur\u00e9e de lecture estim\u00e9e\" \/>\n\t<meta name=\"twitter:data1\" content=\"5 minutes\" \/>\n<script type=\"application\/ld+json\" class=\"yoast-schema-graph\">{\"@context\":\"https:\\\/\\\/schema.org\",\"@graph\":[{\"@type\":\"WebPage\",\"@id\":\"https:\\\/\\\/linmot.com\\\/fr\\\/produits\\\/moteur-inox\\\/moteurs-lineaires-sscp\\\/\",\"url\":\"https:\\\/\\\/linmot.com\\\/fr\\\/produits\\\/moteur-inox\\\/moteurs-lineaires-sscp\\\/\",\"name\":\"Moteurs lin\u00e9aires SSCP - Puissance optimis\u00e9e, comportement de refroidissement\",\"isPartOf\":{\"@id\":\"https:\\\/\\\/linmot.com\\\/fr\\\/#website\"},\"primaryImageOfPage\":{\"@id\":\"https:\\\/\\\/linmot.com\\\/fr\\\/produits\\\/moteur-inox\\\/moteurs-lineaires-sscp\\\/#primaryimage\"},\"image\":{\"@id\":\"https:\\\/\\\/linmot.com\\\/fr\\\/produits\\\/moteur-inox\\\/moteurs-lineaires-sscp\\\/#primaryimage\"},\"thumbnailUrl\":\"https:\\\/\\\/linmot.com\\\/de\\\/wp-content\\\/uploads\\\/sites\\\/2\\\/2022\\\/04\\\/flexibel-und-schnell-abfuellen.jpg\",\"datePublished\":\"2020-11-24T15:48:56+00:00\",\"dateModified\":\"2024-09-09T14:33:56+00:00\",\"description\":\"Les moteurs lin\u00e9aires en acier inoxydable SSCP sont extr\u00eamement compacts, ont un indice de protection IP69 (DIN EN 60529) et s\u00e9duisent par un excellent rapport puissance\\\/refroidissement.\",\"breadcrumb\":{\"@id\":\"https:\\\/\\\/linmot.com\\\/fr\\\/produits\\\/moteur-inox\\\/moteurs-lineaires-sscp\\\/#breadcrumb\"},\"inLanguage\":\"fr-FR\",\"potentialAction\":[{\"@type\":\"ReadAction\",\"target\":[\"https:\\\/\\\/linmot.com\\\/fr\\\/produits\\\/moteur-inox\\\/moteurs-lineaires-sscp\\\/\"]}]},{\"@type\":\"ImageObject\",\"inLanguage\":\"fr-FR\",\"@id\":\"https:\\\/\\\/linmot.com\\\/fr\\\/produits\\\/moteur-inox\\\/moteurs-lineaires-sscp\\\/#primaryimage\",\"url\":\"https:\\\/\\\/linmot.com\\\/de\\\/wp-content\\\/uploads\\\/sites\\\/2\\\/2022\\\/04\\\/flexibel-und-schnell-abfuellen.jpg\",\"contentUrl\":\"https:\\\/\\\/linmot.com\\\/de\\\/wp-content\\\/uploads\\\/sites\\\/2\\\/2022\\\/04\\\/flexibel-und-schnell-abfuellen.jpg\"},{\"@type\":\"BreadcrumbList\",\"@id\":\"https:\\\/\\\/linmot.com\\\/fr\\\/produits\\\/moteur-inox\\\/moteurs-lineaires-sscp\\\/#breadcrumb\",\"itemListElement\":[{\"@type\":\"ListItem\",\"position\":1,\"name\":\"Home\",\"item\":\"https:\\\/\\\/linmot.com\\\/fr\\\/\"},{\"@type\":\"ListItem\",\"position\":2,\"name\":\"Produits\",\"item\":\"https:\\\/\\\/linmot.com\\\/fr\\\/produits\\\/\"},{\"@type\":\"ListItem\",\"position\":3,\"name\":\"Moteurs en acier inoxydable\",\"item\":\"https:\\\/\\\/linmot.com\\\/fr\\\/produits\\\/moteur-inox\\\/\"},{\"@type\":\"ListItem\",\"position\":4,\"name\":\"Moteurs lin\u00e9aires SSCP\"}]},{\"@type\":\"WebSite\",\"@id\":\"https:\\\/\\\/linmot.com\\\/fr\\\/#website\",\"url\":\"https:\\\/\\\/linmot.com\\\/fr\\\/\",\"name\":\"LinMot &amp; MagSpring - Fran\u00e7ais\",\"description\":\"Moteurs lin\u00e9aires et des syst\u00e8mes de moteurs lin\u00e9aires de haute qualit\u00e9\",\"publisher\":{\"@id\":\"https:\\\/\\\/linmot.com\\\/fr\\\/#organization\"},\"potentialAction\":[{\"@type\":\"SearchAction\",\"target\":{\"@type\":\"EntryPoint\",\"urlTemplate\":\"https:\\\/\\\/linmot.com\\\/fr\\\/?s={search_term_string}\"},\"query-input\":{\"@type\":\"PropertyValueSpecification\",\"valueRequired\":true,\"valueName\":\"search_term_string\"}}],\"inLanguage\":\"fr-FR\"},{\"@type\":\"Organization\",\"@id\":\"https:\\\/\\\/linmot.com\\\/fr\\\/#organization\",\"name\":\"NTI AG - LinMot & MagSpring\",\"url\":\"https:\\\/\\\/linmot.com\\\/fr\\\/\",\"logo\":{\"@type\":\"ImageObject\",\"inLanguage\":\"fr-FR\",\"@id\":\"https:\\\/\\\/linmot.com\\\/fr\\\/#\\\/schema\\\/logo\\\/image\\\/\",\"url\":\"https:\\\/\\\/linmot.com\\\/fr\\\/wp-content\\\/uploads\\\/sites\\\/3\\\/2022\\\/05\\\/linmot-social-share-logo.jpg\",\"contentUrl\":\"https:\\\/\\\/linmot.com\\\/fr\\\/wp-content\\\/uploads\\\/sites\\\/3\\\/2022\\\/05\\\/linmot-social-share-logo.jpg\",\"width\":800,\"height\":500,\"caption\":\"NTI AG - LinMot & MagSpring\"},\"image\":{\"@id\":\"https:\\\/\\\/linmot.com\\\/fr\\\/#\\\/schema\\\/logo\\\/image\\\/\"},\"sameAs\":[\"https:\\\/\\\/www.linkedin.com\\\/company\\\/nti-ag-linmot-magspring\",\"https:\\\/\\\/www.youtube.com\\\/user\\\/LinMotEurope\"]}]}<\/script>\n<!-- \/ Yoast SEO Premium plugin. -->","yoast_head_json":{"title":"Moteurs lin\u00e9aires SSCP - Puissance optimis\u00e9e, comportement de refroidissement","description":"Les moteurs lin\u00e9aires en acier inoxydable SSCP sont extr\u00eamement compacts, ont un indice de protection IP69 (DIN EN 60529) et s\u00e9duisent par un excellent rapport puissance\/refroidissement.","robots":{"index":"index","follow":"follow","max-snippet":"max-snippet:-1","max-image-preview":"max-image-preview:large","max-video-preview":"max-video-preview:-1"},"canonical":"https:\/\/linmot.com\/fr\/produits\/moteur-inox\/moteurs-lineaires-sscp\/","og_locale":"fr_FR","og_type":"article","og_title":"Moteurs lin\u00e9aires SSCP - Puissance optimis\u00e9e, comportement de refroidissement","og_description":"Les moteurs lin\u00e9aires en acier inoxydable SSCP sont extr\u00eamement compacts, ont un indice de protection IP69 (DIN EN 60529) et s\u00e9duisent par un excellent rapport puissance\/refroidissement.","og_url":"https:\/\/linmot.com\/fr\/produits\/moteur-inox\/moteurs-lineaires-sscp\/","og_site_name":"LinMot &amp; MagSpring - Fran\u00e7ais","article_modified_time":"2024-09-09T14:33:56+00:00","og_image":[{"width":612,"height":190,"url":"https:\/\/linmot.com\/fr\/wp-content\/uploads\/sites\/3\/2021\/08\/SSCP-neu-blau.jpg","type":"image\/jpeg"}],"twitter_card":"summary_large_image","twitter_title":"Moteurs lin\u00e9aires SSCP - Puissance optimis\u00e9e, comportement de refroidissement","twitter_description":"Les moteurs lin\u00e9aires en acier inoxydable SSCP sont extr\u00eamement compacts, ont un indice de protection IP69 (DIN EN 60529) et s\u00e9duisent par un excellent rapport puissance\/refroidissement.","twitter_misc":{"Dur\u00e9e de lecture estim\u00e9e":"5 minutes"},"schema":{"@context":"https:\/\/schema.org","@graph":[{"@type":"WebPage","@id":"https:\/\/linmot.com\/fr\/produits\/moteur-inox\/moteurs-lineaires-sscp\/","url":"https:\/\/linmot.com\/fr\/produits\/moteur-inox\/moteurs-lineaires-sscp\/","name":"Moteurs lin\u00e9aires SSCP - Puissance optimis\u00e9e, comportement de refroidissement","isPartOf":{"@id":"https:\/\/linmot.com\/fr\/#website"},"primaryImageOfPage":{"@id":"https:\/\/linmot.com\/fr\/produits\/moteur-inox\/moteurs-lineaires-sscp\/#primaryimage"},"image":{"@id":"https:\/\/linmot.com\/fr\/produits\/moteur-inox\/moteurs-lineaires-sscp\/#primaryimage"},"thumbnailUrl":"https:\/\/linmot.com\/de\/wp-content\/uploads\/sites\/2\/2022\/04\/flexibel-und-schnell-abfuellen.jpg","datePublished":"2020-11-24T15:48:56+00:00","dateModified":"2024-09-09T14:33:56+00:00","description":"Les moteurs lin\u00e9aires en acier inoxydable SSCP sont extr\u00eamement compacts, ont un indice de protection IP69 (DIN EN 60529) et s\u00e9duisent par un excellent rapport puissance\/refroidissement.","breadcrumb":{"@id":"https:\/\/linmot.com\/fr\/produits\/moteur-inox\/moteurs-lineaires-sscp\/#breadcrumb"},"inLanguage":"fr-FR","potentialAction":[{"@type":"ReadAction","target":["https:\/\/linmot.com\/fr\/produits\/moteur-inox\/moteurs-lineaires-sscp\/"]}]},{"@type":"ImageObject","inLanguage":"fr-FR","@id":"https:\/\/linmot.com\/fr\/produits\/moteur-inox\/moteurs-lineaires-sscp\/#primaryimage","url":"https:\/\/linmot.com\/de\/wp-content\/uploads\/sites\/2\/2022\/04\/flexibel-und-schnell-abfuellen.jpg","contentUrl":"https:\/\/linmot.com\/de\/wp-content\/uploads\/sites\/2\/2022\/04\/flexibel-und-schnell-abfuellen.jpg"},{"@type":"BreadcrumbList","@id":"https:\/\/linmot.com\/fr\/produits\/moteur-inox\/moteurs-lineaires-sscp\/#breadcrumb","itemListElement":[{"@type":"ListItem","position":1,"name":"Home","item":"https:\/\/linmot.com\/fr\/"},{"@type":"ListItem","position":2,"name":"Produits","item":"https:\/\/linmot.com\/fr\/produits\/"},{"@type":"ListItem","position":3,"name":"Moteurs en acier inoxydable","item":"https:\/\/linmot.com\/fr\/produits\/moteur-inox\/"},{"@type":"ListItem","position":4,"name":"Moteurs lin\u00e9aires SSCP"}]},{"@type":"WebSite","@id":"https:\/\/linmot.com\/fr\/#website","url":"https:\/\/linmot.com\/fr\/","name":"LinMot &amp; MagSpring - Fran\u00e7ais","description":"Moteurs lin\u00e9aires et des syst\u00e8mes de moteurs lin\u00e9aires de haute qualit\u00e9","publisher":{"@id":"https:\/\/linmot.com\/fr\/#organization"},"potentialAction":[{"@type":"SearchAction","target":{"@type":"EntryPoint","urlTemplate":"https:\/\/linmot.com\/fr\/?s={search_term_string}"},"query-input":{"@type":"PropertyValueSpecification","valueRequired":true,"valueName":"search_term_string"}}],"inLanguage":"fr-FR"},{"@type":"Organization","@id":"https:\/\/linmot.com\/fr\/#organization","name":"NTI AG - LinMot & MagSpring","url":"https:\/\/linmot.com\/fr\/","logo":{"@type":"ImageObject","inLanguage":"fr-FR","@id":"https:\/\/linmot.com\/fr\/#\/schema\/logo\/image\/","url":"https:\/\/linmot.com\/fr\/wp-content\/uploads\/sites\/3\/2022\/05\/linmot-social-share-logo.jpg","contentUrl":"https:\/\/linmot.com\/fr\/wp-content\/uploads\/sites\/3\/2022\/05\/linmot-social-share-logo.jpg","width":800,"height":500,"caption":"NTI AG - LinMot & MagSpring"},"image":{"@id":"https:\/\/linmot.com\/fr\/#\/schema\/logo\/image\/"},"sameAs":["https:\/\/www.linkedin.com\/company\/nti-ag-linmot-magspring","https:\/\/www.youtube.com\/user\/LinMotEurope"]}]}},"_links":{"self":[{"href":"https:\/\/linmot.com\/fr\/wp-json\/wp\/v2\/pages\/1603","targetHints":{"allow":["GET"]}}],"collection":[{"href":"https:\/\/linmot.com\/fr\/wp-json\/wp\/v2\/pages"}],"about":[{"href":"https:\/\/linmot.com\/fr\/wp-json\/wp\/v2\/types\/page"}],"author":[{"embeddable":true,"href":"https:\/\/linmot.com\/fr\/wp-json\/wp\/v2\/users\/1"}],"replies":[{"embeddable":true,"href":"https:\/\/linmot.com\/fr\/wp-json\/wp\/v2\/comments?post=1603"}],"version-history":[{"count":27,"href":"https:\/\/linmot.com\/fr\/wp-json\/wp\/v2\/pages\/1603\/revisions"}],"predecessor-version":[{"id":3501,"href":"https:\/\/linmot.com\/fr\/wp-json\/wp\/v2\/pages\/1603\/revisions\/3501"}],"up":[{"embeddable":true,"href":"https:\/\/linmot.com\/fr\/wp-json\/wp\/v2\/pages\/40"}],"wp:attachment":[{"href":"https:\/\/linmot.com\/fr\/wp-json\/wp\/v2\/media?parent=1603"}],"curies":[{"name":"wp","href":"https:\/\/api.w.org\/{rel}","templated":true}]}}