{"id":1572,"date":"2020-10-28T18:33:48","date_gmt":"2020-10-28T17:33:48","guid":{"rendered":"https:\/\/linmot.com\/fr\/?page_id=1572"},"modified":"2024-08-28T16:05:06","modified_gmt":"2024-08-28T14:05:06","slug":"guidage-lineaire-en-acier-inoxydable-h01","status":"publish","type":"page","link":"https:\/\/linmot.com\/fr\/produits\/guidage-lineaire-module-lineaire\/guidage-lineaire-en-acier-inoxydable-h01\/","title":{"rendered":"Guidage Lin\u00e9aire en acier inoxydable H01"},"content":{"rendered":"<p align=\"justify\"><strong>Les guides en acier inoxydable de la s\u00e9rie H01 sont des unit\u00e9s de guidage compactes pour le fonctionnement des moteurs LinMot des s\u00e9ries P01-37-SSC et P01-48-SSC, avec des Slider High Clearance.<\/strong><\/p>\n<hr \/>\n<div class=\"row\">\n<div class=\"col-sm-2\">\n<p><a class=\"button\" href=\"#details\">1. Pr\u00e9cisions<\/a><\/p>\n<\/div>\n<div class=\"col-sm-1\">\n<\/div>\n<div class=\"col-sm-2\">\n<p><a class=\"button\" href=\"#contact\">2. Contact<\/a><\/p>\n<\/div>\n<\/div>\n<hr \/>\n<h3 id=\"details\">1. Pr\u00e9cisions<\/h3>\n<p align=\"justify\">Le guidage se compose de deux colonnes et paliers de guidage et d\u2019une plaque de montage de charge, tous en acier inoxydable (n\u00b0 de mat. 1.4404, AISI 316 L). Le mouvement lin\u00e9aire pr\u00e9cis est assur\u00e9 par des colonnes tremp\u00e9es support\u00e9es par des paliers coulissants en plastique. Le mat\u00e9riau des roulements est sp\u00e9cialement con\u00e7u pour une utilisation dans le milieu alimentaires et les applications m\u00e9dicales et est certifi\u00e9 conforme aux normes de la FDA.<\/p>\n<div class=\"row\">\n<div class=\"col-md-7\">\n<ul>\n<li>Fabrication en acier inoxydable (1.4404 \/ AISI 316)<\/li>\n<li>Colonnes de guidage en acier inoxydable tremp\u00e9<\/li>\n<li>Palier lisse avec approbation de la FDA<\/li>\n<li>Pas de joints, les raccords sont soud\u00e9es<\/li>\n<li>Surfaces lisses<\/li>\n<li>Le moteur est compl\u00e8tement int\u00e9gr\u00e9 au guidage<\/li>\n<li>La charge peut \u00eatre mont\u00e9e directement sur la plaque frontale<\/li>\n<\/ul>\n<p><a class=\"btn btn-active\" href=\"https:\/\/shop.linmot.com\/E\/linear-modules-&amp;-guides\/linear-guides-stainless-steel-h01.htm\" target=\"_blank\" rel=\"noopener noreferrer\">Vers les produits<\/a><\/p>\n<\/div>\n<div class=\"col-md-5\">\n<div class=\"carousel slide\" id=\"caec56c93592630b65cff8d44c884c05\" data-ride=\"carousel\">  <div class=\"carousel-inner\" role=\"listbox\">    <div class=\"item active\">      <img decoding=\"async\" src=\"https:\/\/linmot.com\/fr\/wp-content\/uploads\/sites\/3\/2017\/10\/H01-SSC_3-1.jpg\" alt=\"...\">    <\/div>    <div class=\"item\">      <img decoding=\"async\" src=\"https:\/\/linmot.com\/fr\/wp-content\/uploads\/sites\/3\/2017\/10\/H01-SSC_2-1.jpg\" alt=\"...\">    <\/div>    <div class=\"item\">      <img decoding=\"async\" src=\"https:\/\/linmot.com\/fr\/wp-content\/uploads\/sites\/3\/2017\/10\/H01-SSC_1-1.jpg\" alt=\"...\">    <\/div>  <\/div><div class=\"navigation\"><a class=\"left carousel-control\" href=\"#caec56c93592630b65cff8d44c884c05\" role=\"button\" data-slide=\"prev\"><\/a><a class=\"right carousel-control\" href=\"#caec56c93592630b65cff8d44c884c05\" role=\"button\" data-slide=\"next\"><\/a><\/div><\/div>\n<\/div>\n<\/div>\n<h3 id=\"contact\">2. Contact<\/h3>\n<div class=\"row download\">\n<div class=\"col-md-6\">\n<h4 class=\"download-title\">Des questions sur nos guides lin\u00e9aires?<\/h4>\n<p class=\"bodytext\">Nous serons heureux de r\u00e9pondre \u00e0 vos questions ou de vous donner des conseils. Contactez-nous au:<\/p>\n<p class=\"bodytext\">Tel : +49 (0)201 858940 0<\/p>\n<p class=\"bodytext\">Le team LinMot<\/p>\n<\/div>\n<div class=\"col-md-1\">\n<\/div>\n<div class=\"col-md-5\">\n\n<div class=\"wpcf7 no-js\" id=\"wpcf7-f1702-o1\" lang=\"fr-FR\" dir=\"ltr\" data-wpcf7-id=\"1702\">\n<div class=\"screen-reader-response\"><p role=\"status\" aria-live=\"polite\" aria-atomic=\"true\"><\/p> <ul><\/ul><\/div>\n<form action=\"\/fr\/wp-json\/wp\/v2\/pages\/1572#wpcf7-f1702-o1\" method=\"post\" class=\"wpcf7-form init\" aria-label=\"Formulaire de contact\" novalidate=\"novalidate\" data-status=\"init\">\n<fieldset class=\"hidden-fields-container\"><input type=\"hidden\" name=\"_wpcf7\" value=\"1702\" \/><input type=\"hidden\" name=\"_wpcf7_version\" value=\"6.1.5\" \/><input type=\"hidden\" name=\"_wpcf7_locale\" value=\"fr_FR\" \/><input type=\"hidden\" name=\"_wpcf7_unit_tag\" value=\"wpcf7-f1702-o1\" \/><input type=\"hidden\" name=\"_wpcf7_container_post\" value=\"0\" \/><input type=\"hidden\" name=\"_wpcf7_posted_data_hash\" value=\"\" \/><input type=\"hidden\" name=\"_wpcf7_recaptcha_response\" value=\"\" \/>\n<\/fieldset>\n<label> Votre nom<br>\n    <span class=\"wpcf7-form-control-wrap\" data-name=\"your-name\"><input size=\"40\" maxlength=\"400\" class=\"wpcf7-form-control wpcf7-text wpcf7-validates-as-required\" aria-required=\"true\" aria-invalid=\"false\" value=\"\" type=\"text\" name=\"your-name\" \/><\/span> <\/label>\n<br>\n<label> Votre entreprise<br>\n    <span class=\"wpcf7-form-control-wrap\" data-name=\"your-company\"><input size=\"40\" maxlength=\"400\" class=\"wpcf7-form-control wpcf7-text wpcf7-validates-as-required\" aria-required=\"true\" aria-invalid=\"false\" value=\"\" type=\"text\" name=\"your-company\" \/><\/span> <\/label>\n<br>\n<label> Code postal<br>\n    <span class=\"wpcf7-form-control-wrap\" data-name=\"your-plz\"><input class=\"wpcf7-form-control wpcf7-number wpcf7-validates-as-required wpcf7-validates-as-number\" aria-required=\"true\" aria-invalid=\"false\" value=\"\" type=\"number\" name=\"your-plz\" \/><\/span> <\/label>\n<br>\n<label> Pays<br>\n    <span class=\"wpcf7-form-control-wrap\" data-name=\"your-country\"><input size=\"40\" maxlength=\"400\" class=\"wpcf7-form-control wpcf7-text wpcf7-validates-as-required\" aria-required=\"true\" aria-invalid=\"false\" value=\"\" type=\"text\" name=\"your-country\" \/><\/span> <\/label>\n<br>\n<label> Votre num\u00e9ro de t\u00e9l\u00e9phone<br>\n    <span class=\"wpcf7-form-control-wrap\" data-name=\"your-number\"><input size=\"40\" maxlength=\"400\" class=\"wpcf7-form-control wpcf7-tel wpcf7-validates-as-required wpcf7-text wpcf7-validates-as-tel\" aria-required=\"true\" aria-invalid=\"false\" value=\"\" type=\"tel\" name=\"your-number\" \/><\/span> <\/label>\n<br>\n<label> Votre e-mail<br>\n    <span class=\"wpcf7-form-control-wrap\" data-name=\"your-email\"><input size=\"40\" maxlength=\"400\" class=\"wpcf7-form-control wpcf7-email wpcf7-validates-as-required wpcf7-text wpcf7-validates-as-email\" aria-required=\"true\" aria-invalid=\"false\" value=\"\" type=\"email\" name=\"your-email\" \/><\/span> <\/label>\n<br>\n<label> Votre message (facultatif)<br>\n    <span class=\"wpcf7-form-control-wrap\" data-name=\"your-message\"><textarea cols=\"40\" rows=\"10\" maxlength=\"2000\" class=\"wpcf7-form-control wpcf7-textarea\" aria-invalid=\"false\" name=\"your-message\"><\/textarea><\/span> <\/label>\n<br>\n<input class=\"wpcf7-form-control wpcf7-submit has-spinner\" type=\"submit\" value=\"Envoyer\" \/><div class=\"wpcf7-response-output\" aria-hidden=\"true\"><\/div>\n<\/form>\n<\/div>\n\n<\/div>\n<\/div>\n","protected":false},"excerpt":{"rendered":"<p>Les guides en acier inoxydable de la s\u00e9rie H01 sont des unit\u00e9s de guidage compactes pour le fonctionnement des moteurs LinMot des s\u00e9ries P01-37-SSC et P01-48-SSC, avec des Slider High Clearance. 1. Pr\u00e9cisions Le guidage se compose de deux colonnes et paliers de guidage et d\u2019une plaque de montage de charge, tous en acier inoxydable [&hellip;]<\/p>\n","protected":false},"author":1,"featured_media":0,"parent":44,"menu_order":52,"comment_status":"closed","ping_status":"closed","template":"","meta":{"_acf_changed":false,"footnotes":""},"class_list":["post-1572","page","type-page","status-publish","hentry"],"acf":[],"yoast_head":"<!-- This site is optimized with the Yoast SEO Premium plugin v20.9 (Yoast SEO v27.4) - https:\/\/yoast.com\/product\/yoast-seo-premium-wordpress\/ -->\n<title>Guidages lin\u00e9aires en acier inoxydable H01 | LinMot<\/title>\n<meta name=\"description\" content=\"Les guides en acier inoxydable de la s\u00e9rie H01 sont des unit\u00e9s de guidage pour le fonctionnement des moteurs en acier inoxydable des s\u00e9ries P01-37-SSC et P01-48-SSC.\" \/>\n<meta name=\"robots\" content=\"index, follow, max-snippet:-1, max-image-preview:large, max-video-preview:-1\" \/>\n<link rel=\"canonical\" href=\"https:\/\/linmot.com\/fr\/produits\/guidage-lineaire-module-lineaire\/guidage-lineaire-en-acier-inoxydable-h01\/\" \/>\n<meta property=\"og:locale\" content=\"fr_FR\" \/>\n<meta property=\"og:type\" content=\"article\" \/>\n<meta property=\"og:title\" content=\"Guidages lin\u00e9aires en acier inoxydable H01 | LinMot\" \/>\n<meta property=\"og:description\" content=\"Les guides en acier inoxydable de la s\u00e9rie H01 sont des unit\u00e9s de guidage pour le fonctionnement des moteurs en acier inoxydable des s\u00e9ries P01-37-SSC et P01-48-SSC.\" \/>\n<meta property=\"og:url\" content=\"https:\/\/linmot.com\/fr\/produits\/guidage-lineaire-module-lineaire\/guidage-lineaire-en-acier-inoxydable-h01\/\" \/>\n<meta property=\"og:site_name\" content=\"LinMot &amp; MagSpring - Fran\u00e7ais\" \/>\n<meta property=\"article:modified_time\" content=\"2024-08-28T14:05:06+00:00\" \/>\n<meta property=\"og:image\" content=\"https:\/\/linmot.com\/fr\/wp-content\/uploads\/sites\/3\/2017\/10\/H01-SSC_2-1.jpg\" \/>\n\t<meta property=\"og:image:width\" content=\"612\" \/>\n\t<meta property=\"og:image:height\" content=\"190\" \/>\n\t<meta property=\"og:image:type\" content=\"image\/jpeg\" \/>\n<meta name=\"twitter:card\" content=\"summary_large_image\" \/>\n<meta name=\"twitter:title\" content=\"Guidages lin\u00e9aires en acier inoxydable H01 | LinMot\" \/>\n<meta name=\"twitter:description\" content=\"Les guides en acier inoxydable de la s\u00e9rie H01 sont des unit\u00e9s de guidage pour le fonctionnement des moteurs en acier inoxydable des s\u00e9ries P01-37-SSC et P01-48-SSC.\" \/>\n<meta name=\"twitter:label1\" content=\"Dur\u00e9e de lecture estim\u00e9e\" \/>\n\t<meta name=\"twitter:data1\" content=\"2 minutes\" \/>\n<script type=\"application\/ld+json\" class=\"yoast-schema-graph\">{\"@context\":\"https:\\\/\\\/schema.org\",\"@graph\":[{\"@type\":\"WebPage\",\"@id\":\"https:\\\/\\\/linmot.com\\\/fr\\\/produits\\\/guidage-lineaire-module-lineaire\\\/guidage-lineaire-en-acier-inoxydable-h01\\\/\",\"url\":\"https:\\\/\\\/linmot.com\\\/fr\\\/produits\\\/guidage-lineaire-module-lineaire\\\/guidage-lineaire-en-acier-inoxydable-h01\\\/\",\"name\":\"Guidages lin\u00e9aires en acier inoxydable H01 | LinMot\",\"isPartOf\":{\"@id\":\"https:\\\/\\\/linmot.com\\\/fr\\\/#website\"},\"datePublished\":\"2020-10-28T17:33:48+00:00\",\"dateModified\":\"2024-08-28T14:05:06+00:00\",\"description\":\"Les guides en acier inoxydable de la s\u00e9rie H01 sont des unit\u00e9s de guidage pour le fonctionnement des moteurs en acier inoxydable des s\u00e9ries P01-37-SSC et P01-48-SSC.\",\"breadcrumb\":{\"@id\":\"https:\\\/\\\/linmot.com\\\/fr\\\/produits\\\/guidage-lineaire-module-lineaire\\\/guidage-lineaire-en-acier-inoxydable-h01\\\/#breadcrumb\"},\"inLanguage\":\"fr-FR\",\"potentialAction\":[{\"@type\":\"ReadAction\",\"target\":[\"https:\\\/\\\/linmot.com\\\/fr\\\/produits\\\/guidage-lineaire-module-lineaire\\\/guidage-lineaire-en-acier-inoxydable-h01\\\/\"]}]},{\"@type\":\"BreadcrumbList\",\"@id\":\"https:\\\/\\\/linmot.com\\\/fr\\\/produits\\\/guidage-lineaire-module-lineaire\\\/guidage-lineaire-en-acier-inoxydable-h01\\\/#breadcrumb\",\"itemListElement\":[{\"@type\":\"ListItem\",\"position\":1,\"name\":\"Home\",\"item\":\"https:\\\/\\\/linmot.com\\\/fr\\\/\"},{\"@type\":\"ListItem\",\"position\":2,\"name\":\"Produits\",\"item\":\"https:\\\/\\\/linmot.com\\\/fr\\\/produits\\\/\"},{\"@type\":\"ListItem\",\"position\":3,\"name\":\"Guidage Lin\u00e9aire \\\/ Module lin\u00e9aire\",\"item\":\"https:\\\/\\\/linmot.com\\\/fr\\\/produits\\\/guidage-lineaire-module-lineaire\\\/\"},{\"@type\":\"ListItem\",\"position\":4,\"name\":\"Guidage Lin\u00e9aire en acier inoxydable H01\"}]},{\"@type\":\"WebSite\",\"@id\":\"https:\\\/\\\/linmot.com\\\/fr\\\/#website\",\"url\":\"https:\\\/\\\/linmot.com\\\/fr\\\/\",\"name\":\"LinMot &amp; MagSpring - Fran\u00e7ais\",\"description\":\"Moteurs lin\u00e9aires et des syst\u00e8mes de moteurs lin\u00e9aires de haute qualit\u00e9\",\"publisher\":{\"@id\":\"https:\\\/\\\/linmot.com\\\/fr\\\/#organization\"},\"potentialAction\":[{\"@type\":\"SearchAction\",\"target\":{\"@type\":\"EntryPoint\",\"urlTemplate\":\"https:\\\/\\\/linmot.com\\\/fr\\\/?s={search_term_string}\"},\"query-input\":{\"@type\":\"PropertyValueSpecification\",\"valueRequired\":true,\"valueName\":\"search_term_string\"}}],\"inLanguage\":\"fr-FR\"},{\"@type\":\"Organization\",\"@id\":\"https:\\\/\\\/linmot.com\\\/fr\\\/#organization\",\"name\":\"NTI AG - LinMot & MagSpring\",\"url\":\"https:\\\/\\\/linmot.com\\\/fr\\\/\",\"logo\":{\"@type\":\"ImageObject\",\"inLanguage\":\"fr-FR\",\"@id\":\"https:\\\/\\\/linmot.com\\\/fr\\\/#\\\/schema\\\/logo\\\/image\\\/\",\"url\":\"https:\\\/\\\/linmot.com\\\/fr\\\/wp-content\\\/uploads\\\/sites\\\/3\\\/2022\\\/05\\\/linmot-social-share-logo.jpg\",\"contentUrl\":\"https:\\\/\\\/linmot.com\\\/fr\\\/wp-content\\\/uploads\\\/sites\\\/3\\\/2022\\\/05\\\/linmot-social-share-logo.jpg\",\"width\":800,\"height\":500,\"caption\":\"NTI AG - LinMot & MagSpring\"},\"image\":{\"@id\":\"https:\\\/\\\/linmot.com\\\/fr\\\/#\\\/schema\\\/logo\\\/image\\\/\"},\"sameAs\":[\"https:\\\/\\\/www.linkedin.com\\\/company\\\/nti-ag-linmot-magspring\",\"https:\\\/\\\/www.youtube.com\\\/user\\\/LinMotEurope\"]}]}<\/script>\n<!-- \/ Yoast SEO Premium plugin. -->","yoast_head_json":{"title":"Guidages lin\u00e9aires en acier inoxydable H01 | LinMot","description":"Les guides en acier inoxydable de la s\u00e9rie H01 sont des unit\u00e9s de guidage pour le fonctionnement des moteurs en acier inoxydable des s\u00e9ries P01-37-SSC et P01-48-SSC.","robots":{"index":"index","follow":"follow","max-snippet":"max-snippet:-1","max-image-preview":"max-image-preview:large","max-video-preview":"max-video-preview:-1"},"canonical":"https:\/\/linmot.com\/fr\/produits\/guidage-lineaire-module-lineaire\/guidage-lineaire-en-acier-inoxydable-h01\/","og_locale":"fr_FR","og_type":"article","og_title":"Guidages lin\u00e9aires en acier inoxydable H01 | LinMot","og_description":"Les guides en acier inoxydable de la s\u00e9rie H01 sont des unit\u00e9s de guidage pour le fonctionnement des moteurs en acier inoxydable des s\u00e9ries P01-37-SSC et P01-48-SSC.","og_url":"https:\/\/linmot.com\/fr\/produits\/guidage-lineaire-module-lineaire\/guidage-lineaire-en-acier-inoxydable-h01\/","og_site_name":"LinMot &amp; MagSpring - Fran\u00e7ais","article_modified_time":"2024-08-28T14:05:06+00:00","og_image":[{"width":612,"height":190,"url":"https:\/\/linmot.com\/fr\/wp-content\/uploads\/sites\/3\/2017\/10\/H01-SSC_2-1.jpg","type":"image\/jpeg"}],"twitter_card":"summary_large_image","twitter_title":"Guidages lin\u00e9aires en acier inoxydable H01 | LinMot","twitter_description":"Les guides en acier inoxydable de la s\u00e9rie H01 sont des unit\u00e9s de guidage pour le fonctionnement des moteurs en acier inoxydable des s\u00e9ries P01-37-SSC et P01-48-SSC.","twitter_misc":{"Dur\u00e9e de lecture estim\u00e9e":"2 minutes"},"schema":{"@context":"https:\/\/schema.org","@graph":[{"@type":"WebPage","@id":"https:\/\/linmot.com\/fr\/produits\/guidage-lineaire-module-lineaire\/guidage-lineaire-en-acier-inoxydable-h01\/","url":"https:\/\/linmot.com\/fr\/produits\/guidage-lineaire-module-lineaire\/guidage-lineaire-en-acier-inoxydable-h01\/","name":"Guidages lin\u00e9aires en acier inoxydable H01 | LinMot","isPartOf":{"@id":"https:\/\/linmot.com\/fr\/#website"},"datePublished":"2020-10-28T17:33:48+00:00","dateModified":"2024-08-28T14:05:06+00:00","description":"Les guides en acier inoxydable de la s\u00e9rie H01 sont des unit\u00e9s de guidage pour le fonctionnement des moteurs en acier inoxydable des s\u00e9ries P01-37-SSC et P01-48-SSC.","breadcrumb":{"@id":"https:\/\/linmot.com\/fr\/produits\/guidage-lineaire-module-lineaire\/guidage-lineaire-en-acier-inoxydable-h01\/#breadcrumb"},"inLanguage":"fr-FR","potentialAction":[{"@type":"ReadAction","target":["https:\/\/linmot.com\/fr\/produits\/guidage-lineaire-module-lineaire\/guidage-lineaire-en-acier-inoxydable-h01\/"]}]},{"@type":"BreadcrumbList","@id":"https:\/\/linmot.com\/fr\/produits\/guidage-lineaire-module-lineaire\/guidage-lineaire-en-acier-inoxydable-h01\/#breadcrumb","itemListElement":[{"@type":"ListItem","position":1,"name":"Home","item":"https:\/\/linmot.com\/fr\/"},{"@type":"ListItem","position":2,"name":"Produits","item":"https:\/\/linmot.com\/fr\/produits\/"},{"@type":"ListItem","position":3,"name":"Guidage Lin\u00e9aire \/ Module lin\u00e9aire","item":"https:\/\/linmot.com\/fr\/produits\/guidage-lineaire-module-lineaire\/"},{"@type":"ListItem","position":4,"name":"Guidage Lin\u00e9aire en acier inoxydable H01"}]},{"@type":"WebSite","@id":"https:\/\/linmot.com\/fr\/#website","url":"https:\/\/linmot.com\/fr\/","name":"LinMot &amp; MagSpring - Fran\u00e7ais","description":"Moteurs lin\u00e9aires et des syst\u00e8mes de moteurs lin\u00e9aires de haute qualit\u00e9","publisher":{"@id":"https:\/\/linmot.com\/fr\/#organization"},"potentialAction":[{"@type":"SearchAction","target":{"@type":"EntryPoint","urlTemplate":"https:\/\/linmot.com\/fr\/?s={search_term_string}"},"query-input":{"@type":"PropertyValueSpecification","valueRequired":true,"valueName":"search_term_string"}}],"inLanguage":"fr-FR"},{"@type":"Organization","@id":"https:\/\/linmot.com\/fr\/#organization","name":"NTI AG - LinMot & MagSpring","url":"https:\/\/linmot.com\/fr\/","logo":{"@type":"ImageObject","inLanguage":"fr-FR","@id":"https:\/\/linmot.com\/fr\/#\/schema\/logo\/image\/","url":"https:\/\/linmot.com\/fr\/wp-content\/uploads\/sites\/3\/2022\/05\/linmot-social-share-logo.jpg","contentUrl":"https:\/\/linmot.com\/fr\/wp-content\/uploads\/sites\/3\/2022\/05\/linmot-social-share-logo.jpg","width":800,"height":500,"caption":"NTI AG - LinMot & MagSpring"},"image":{"@id":"https:\/\/linmot.com\/fr\/#\/schema\/logo\/image\/"},"sameAs":["https:\/\/www.linkedin.com\/company\/nti-ag-linmot-magspring","https:\/\/www.youtube.com\/user\/LinMotEurope"]}]}},"_links":{"self":[{"href":"https:\/\/linmot.com\/fr\/wp-json\/wp\/v2\/pages\/1572","targetHints":{"allow":["GET"]}}],"collection":[{"href":"https:\/\/linmot.com\/fr\/wp-json\/wp\/v2\/pages"}],"about":[{"href":"https:\/\/linmot.com\/fr\/wp-json\/wp\/v2\/types\/page"}],"author":[{"embeddable":true,"href":"https:\/\/linmot.com\/fr\/wp-json\/wp\/v2\/users\/1"}],"replies":[{"embeddable":true,"href":"https:\/\/linmot.com\/fr\/wp-json\/wp\/v2\/comments?post=1572"}],"version-history":[{"count":17,"href":"https:\/\/linmot.com\/fr\/wp-json\/wp\/v2\/pages\/1572\/revisions"}],"predecessor-version":[{"id":3480,"href":"https:\/\/linmot.com\/fr\/wp-json\/wp\/v2\/pages\/1572\/revisions\/3480"}],"up":[{"embeddable":true,"href":"https:\/\/linmot.com\/fr\/wp-json\/wp\/v2\/pages\/44"}],"wp:attachment":[{"href":"https:\/\/linmot.com\/fr\/wp-json\/wp\/v2\/media?parent=1572"}],"curies":[{"name":"wp","href":"https:\/\/api.w.org\/{rel}","templated":true}]}}