{"id":1564,"date":"2020-10-28T18:30:38","date_gmt":"2020-10-28T17:30:38","guid":{"rendered":"https:\/\/linmot.com\/fr\/?page_id=1564"},"modified":"2024-08-28T16:01:44","modified_gmt":"2024-08-28T14:01:44","slug":"modules-lineaires-en-acier-inoxydable-sm01-sm02","status":"publish","type":"page","link":"https:\/\/linmot.com\/fr\/produits\/guidage-lineaire-module-lineaire\/modules-lineaires-en-acier-inoxydable-sm01-sm02\/","title":{"rendered":"Modules lin\u00e9aires en acier inoxydable SM01\/SM02"},"content":{"rendered":"<p align=\"justify\"><strong>Les modules lin\u00e9aires SM01\/SM02 sont des solutions d&rsquo;entra\u00eenement compl\u00e8tes compos\u00e9es de guides lin\u00e9aires avec des moteurs lin\u00e9aires LinMot int\u00e9gr\u00e9s et des \u00e9l\u00e9ments de compensation de charge verticale \u00ab\u00a0MagSpring\u00a0\u00bb mont\u00e9s en option. Les modules ont \u00e9t\u00e9 sp\u00e9cialement d\u00e9velopp\u00e9s pour des applications dans l&rsquo;industrie pharmaceutique ou alimentaire qui n\u00e9cessitent une solution en acier inoxydable avec un haut degr\u00e9 de protection.<\/strong><\/p>\n<hr \/>\n<div class=\"row\">\n<div class=\"col-sm-2\">\n<p><a class=\"button\" href=\"#details\">1. Pr\u00e9cisions<\/a><\/p>\n<\/div>\n<div class=\"col-sm-1\">\n<\/div>\n<div class=\"col-sm-2\">\n<p><a class=\"button\" href=\"#videos\">2. Vid\u00e9os<\/a><\/p>\n<\/div>\n<div class=\"col-sm-1\">\n<\/div>\n<div class=\"col-sm-2\">\n<p><a class=\"button\" href=\"#applications\">3. Applications<\/a><\/p>\n<\/div>\n<div class=\"col-sm-1\">\n<\/div>\n<div class=\"col-sm-2\">\n<p><a class=\"button\" href=\"#contact\">4. Contact<\/a><\/p>\n<\/div>\n<\/div>\n<hr \/>\n<h2 id=\"details\">1. Pr\u00e9cisions<\/h2>\n<h3>Module SM01<\/h3>\n<div class=\"row\">\n<div class=\"col-md-7\">\n<ul>\n<li>Bo\u00eetier du moteur et pi\u00e8ces de montage en acier inoxydable 1.4404 (AISI 316L)<\/li>\n<li>Tiges de guidage en option en acier inoxydable 1.4404 (AISI 316L) tremp\u00e9 en surface<\/li>\n<li>Guide avec roulements \u00e0 billes lin\u00e9aires et lubrifiant de qualit\u00e9 alimentaire (NSF H1) ou guide lisse avec roulements en polym\u00e8re approuv\u00e9s par la FDA<\/li>\n<li>Haute r\u00e9sistance chimique<\/li>\n<li>Convient pour le \u00ab\u00a0lavage\u00a0\u00bb avec la classe de protection IP69<\/li>\n<li>Con\u00e7u de mani\u00e8re optimale pour les processus de nettoyage \u00ab\u00a0en place\u00a0\u00bb tels que le CIP et le SIP.<\/li>\n<\/ul>\n<p><a class=\"btn btn-active\" href=\"https:\/\/shop.linmot.com\/E\/linear-modules-&amp;-guides\/linear-modules-stainless-steel-sm.htm\" target=\"_blank\" rel=\"noopener noreferrer\">Vers les d\u00e9tails dans le e-catalogue (anglais)<\/a><\/p>\n<\/div>\n<div class=\"col-md-5\">\n<div class=\"carousel slide\" id=\"4aa184a6bb102db8a36afe2eddf85c66\" data-ride=\"carousel\">  <div class=\"carousel-inner\" role=\"listbox\">    <div class=\"item active\">      <img decoding=\"async\" src=\"https:\/\/linmot.com\/fr\/wp-content\/uploads\/sites\/3\/2020\/10\/SM01-37_MagSpring.png\" alt=\"...\">    <\/div>    <div class=\"item\">      <img decoding=\"async\" src=\"https:\/\/linmot.com\/fr\/wp-content\/uploads\/sites\/3\/2020\/10\/SM01-37_small.png\" alt=\"...\">    <\/div>  <\/div><div class=\"navigation\"><a class=\"left carousel-control\" href=\"#4aa184a6bb102db8a36afe2eddf85c66\" role=\"button\" data-slide=\"prev\"><\/a><a class=\"right carousel-control\" href=\"#4aa184a6bb102db8a36afe2eddf85c66\" role=\"button\" data-slide=\"next\"><\/a><\/div><\/div>\n<\/div>\n<\/div>\n<h3>Module SM02<\/h3>\n<div class=\"row\">\n<div class=\"col-md-7\">\n<ul>\n<li>Principe du \u00ab\u00a0Moving Stator\u00a0\u00bb pour des mouvements longs et dynamiques<\/li>\n<li>Particuli\u00e8rement adapt\u00e9 aux industries <a href=\"\/fr\/solutions-industrielles\/medical-et-pharmaceutique\/\">pharmaceutiques<\/a> et <a href=\"\/fr\/solutions-industrielles\/alimentaire\/\">alimentaires<\/a><\/li>\n<li>Convient pour le \u00ab\u00a0wash-down\u00a0\u00bb avec des classes de protection jusqu&rsquo;\u00e0 IP69<\/li>\n<li>Haute r\u00e9sistance chimique<\/li>\n<li>Guide avec des roulements \u00e0 billes lin\u00e9aires en acier inoxydable ou guide \u00e0 palier lisse avec des roulements en polym\u00e8re approuv\u00e9s par la FDA<\/li>\n<li>\u00c9quip\u00e9 de la technologie \u00ab\u00a0Plug and Play\u00a0\u00bb<\/li>\n<\/ul>\n<p><a class=\"btn btn-active\" href=\"https:\/\/shop.linmot.com\/E\/linear-modules-&amp;-guides\/linear-modules-stainless-steel-sm.htm\" target=\"_blank\" rel=\"noopener noreferrer\">Vers les d\u00e9tails dans le e-catalogue (anglais)<\/a><\/p>\n<\/div>\n<div class=\"col-md-5\">\n<div class=\"carousel slide\" id=\"80d47cbece6616c94d7e8bb6223cd3c1\" data-ride=\"carousel\">  <div class=\"carousel-inner\" role=\"listbox\">    <div class=\"item active\">      <img decoding=\"async\" src=\"https:\/\/linmot.com\/fr\/wp-content\/uploads\/sites\/3\/2021\/10\/SM02-Bilder-3-AllHalf.jpg\" alt=\"...\">    <\/div>    <div class=\"item\">      <img decoding=\"async\" src=\"https:\/\/linmot.com\/fr\/wp-content\/uploads\/sites\/3\/2021\/10\/SM02-Bilder-0-37x120F-HP-R-xxx_BE01_SSCP.jpg\" alt=\"...\">    <\/div>    <div class=\"item\">      <img decoding=\"async\" src=\"https:\/\/linmot.com\/fr\/wp-content\/uploads\/sites\/3\/2021\/10\/SM02-Bilder-1-37Sx120F-HP-R-710_BE04_SSCP.jpg\" alt=\"...\">    <\/div>    <div class=\"item\">      <img decoding=\"async\" src=\"https:\/\/linmot.com\/fr\/wp-content\/uploads\/sites\/3\/2021\/10\/SM02-Bilder-2-Gantry_X.jpg\" alt=\"...\">    <\/div>  <\/div><div class=\"navigation\"><a class=\"left carousel-control\" href=\"#80d47cbece6616c94d7e8bb6223cd3c1\" role=\"button\" data-slide=\"prev\"><\/a><a class=\"right carousel-control\" href=\"#80d47cbece6616c94d7e8bb6223cd3c1\" role=\"button\" data-slide=\"next\"><\/a><\/div><\/div>\n<\/div>\n<\/div>\n<h2 id=\"videos\">2. Videos<\/h2>\n<div class=\"row download\">\n<div class=\"col-md-6\">\n<h4 class=\"download-title\">Modules lin\u00e9aires en acier inoxydable SM01<\/h4>\n<p class=\"bodytext\" align=\"justify\">La vid\u00e9o montre les nouveaux modules lin\u00e9aires LinMot SM01 en acier inoxydable avec des mouvements hautement dynamiques. La s\u00e9rie SM01 est une solution d&rsquo;entra\u00eenement compl\u00e8te compos\u00e9e d&rsquo;un guide lin\u00e9aire et d&rsquo;un stator LinMot int\u00e9gr\u00e9 de fa\u00e7on permanente.<\/p>\n<\/div>\n<div class=\"col-md-1\">\n<\/div>\n<div class=\"col-md-5\">\n<div class=\"brlbs-cmpnt-container brlbs-cmpnt-content-blocker brlbs-cmpnt-with-individual-styles\" data-borlabs-cookie-content-blocker-id=\"default\" data-borlabs-cookie-content=\"PGlmcmFtZSB0aXRsZT0iWW91VHViZSB2aWRlbyBwbGF5ZXIiIHNyYz0iaHR0cHM6Ly93d3cueW91dHViZS5jb20vZW1iZWQvN01PTWQ5OTR0eFE\/Y29udHJvbHM9MCZhbXA7cmVsPTA\/IiB3aWR0aD0iMzk0IiBoZWlnaHQ9IjIyMCIgZnJhbWVib3JkZXI9IjAiIGFsbG93ZnVsbHNjcmVlbj0iYWxsb3dmdWxsc2NyZWVuIj48L2lmcmFtZT4=\">\n<div class=\"brlbs-cmpnt-cb-preset-a\">\n<p class=\"brlbs-cmpnt-cb-description\">You are currently viewing a placeholder content from <strong>Default<\/strong>. To access the actual content, click the button below. Please note that doing so will share data with third-party providers.<\/p>\n<div class=\"brlbs-cmpnt-cb-buttons\"> <a class=\"brlbs-cmpnt-cb-btn\" href=\"#\" data-borlabs-cookie-unblock role=\"button\">Unblock content<\/a> <a class=\"brlbs-cmpnt-cb-btn\" href=\"#\" data-borlabs-cookie-accept-service role=\"button\" style=\"display: none\">Accept required service and unblock content<\/a> <\/div>\n<p> <a class=\"brlbs-cmpnt-cb-provider-toggle\" href=\"#\" data-borlabs-cookie-show-provider-information role=\"button\">More Information<\/a> <\/div>\n<\/div>\n<\/div>\n<\/div>\n<h2 id=\"applications\">3. Exemples d\u2019applications<\/h2>\n<div class=\"row download\">\n<div class=\"col-md-3\">\n<h4 class=\"download-title\">S\u00e9parer un mets d\u00e9licat<\/h4>\n<p class=\"bodytext\" align=\"justify\">Valka, une entreprise islandaise de haute technologie qui con\u00e7oit et construit des syst\u00e8mes avanc\u00e9s pour le traitement du poisson, \u00e9quipe ses machines de s\u00e9paration et de tri de moteurs LinMot en acier inoxydable pour garantir la vitesse et la pr\u00e9cision requises dans un environnement de lavage difficile.<\/p>\n<p><a class=\"button\" href=\"\/fr\/blog\/separer-un-mets-delicat-detourner-des-pieces-de-poisson-precieuses-avec-des-moteurs-lineaires\/\">En savoir plus<\/a><br \/>\n<\/div>\n<div class=\"col-md-2\">\n<img loading=\"lazy\" decoding=\"async\" class=\"aligncenter size-full wp-image-4064\" src=\"https:\/\/linmot.com\/de\/wp-content\/uploads\/sites\/2\/2023\/01\/vorschau-umleiten-fischteile.jpg\" alt=\"\" width=\"220\" height=\"220\" \/><br \/>\n<\/div>\n<\/div>\n<h2 id=\"contact\">3. Contact<\/h2>\n<div class=\"row download\">\n<div class=\"col-md-6\">\n<h4 class=\"download-title\">Des questions sur nos modules lin\u00e9aires?<\/h4>\n<p class=\"bodytext\">Nous serons heureux de r\u00e9pondre \u00e0 toutes les questions que vous pourriez avoir.<br \/>\nVeuillez nous contacter en utilisant le formulaire suivant ou appelez-nous au :<\/p>\n<p class=\"bodytext\">Tel: +41 (0)56 419 91 91<\/p>\n<p class=\"bodytext\">L&rsquo;\u00e9quipe LinMot<\/p>\n<\/div>\n<div class=\"col-md-1\">\n<\/div>\n<div class=\"col-md-5\">\n\n<div class=\"wpcf7 no-js\" id=\"wpcf7-f1702-o1\" lang=\"fr-FR\" dir=\"ltr\" data-wpcf7-id=\"1702\">\n<div class=\"screen-reader-response\"><p role=\"status\" aria-live=\"polite\" aria-atomic=\"true\"><\/p> <ul><\/ul><\/div>\n<form action=\"\/fr\/wp-json\/wp\/v2\/pages\/1564#wpcf7-f1702-o1\" method=\"post\" class=\"wpcf7-form init\" aria-label=\"Formulaire de contact\" novalidate=\"novalidate\" data-status=\"init\">\n<fieldset class=\"hidden-fields-container\"><input type=\"hidden\" name=\"_wpcf7\" value=\"1702\" \/><input type=\"hidden\" name=\"_wpcf7_version\" value=\"6.1.5\" \/><input type=\"hidden\" name=\"_wpcf7_locale\" value=\"fr_FR\" \/><input type=\"hidden\" name=\"_wpcf7_unit_tag\" value=\"wpcf7-f1702-o1\" \/><input type=\"hidden\" name=\"_wpcf7_container_post\" value=\"0\" \/><input type=\"hidden\" name=\"_wpcf7_posted_data_hash\" value=\"\" \/><input type=\"hidden\" name=\"_wpcf7_recaptcha_response\" value=\"\" \/>\n<\/fieldset>\n<label> Votre nom<br>\n    <span class=\"wpcf7-form-control-wrap\" data-name=\"your-name\"><input size=\"40\" maxlength=\"400\" class=\"wpcf7-form-control wpcf7-text wpcf7-validates-as-required\" aria-required=\"true\" aria-invalid=\"false\" value=\"\" type=\"text\" name=\"your-name\" \/><\/span> <\/label>\n<br>\n<label> Votre entreprise<br>\n    <span class=\"wpcf7-form-control-wrap\" data-name=\"your-company\"><input size=\"40\" maxlength=\"400\" class=\"wpcf7-form-control wpcf7-text wpcf7-validates-as-required\" aria-required=\"true\" aria-invalid=\"false\" value=\"\" type=\"text\" name=\"your-company\" \/><\/span> <\/label>\n<br>\n<label> Code postal<br>\n    <span class=\"wpcf7-form-control-wrap\" data-name=\"your-plz\"><input class=\"wpcf7-form-control wpcf7-number wpcf7-validates-as-required wpcf7-validates-as-number\" aria-required=\"true\" aria-invalid=\"false\" value=\"\" type=\"number\" name=\"your-plz\" \/><\/span> <\/label>\n<br>\n<label> Pays<br>\n    <span class=\"wpcf7-form-control-wrap\" data-name=\"your-country\"><input size=\"40\" maxlength=\"400\" class=\"wpcf7-form-control wpcf7-text wpcf7-validates-as-required\" aria-required=\"true\" aria-invalid=\"false\" value=\"\" type=\"text\" name=\"your-country\" \/><\/span> <\/label>\n<br>\n<label> Votre num\u00e9ro de t\u00e9l\u00e9phone<br>\n    <span class=\"wpcf7-form-control-wrap\" data-name=\"your-number\"><input size=\"40\" maxlength=\"400\" class=\"wpcf7-form-control wpcf7-tel wpcf7-validates-as-required wpcf7-text wpcf7-validates-as-tel\" aria-required=\"true\" aria-invalid=\"false\" value=\"\" type=\"tel\" name=\"your-number\" \/><\/span> <\/label>\n<br>\n<label> Votre e-mail<br>\n    <span class=\"wpcf7-form-control-wrap\" data-name=\"your-email\"><input size=\"40\" maxlength=\"400\" class=\"wpcf7-form-control wpcf7-email wpcf7-validates-as-required wpcf7-text wpcf7-validates-as-email\" aria-required=\"true\" aria-invalid=\"false\" value=\"\" type=\"email\" name=\"your-email\" \/><\/span> <\/label>\n<br>\n<label> Votre message (facultatif)<br>\n    <span class=\"wpcf7-form-control-wrap\" data-name=\"your-message\"><textarea cols=\"40\" rows=\"10\" maxlength=\"2000\" class=\"wpcf7-form-control wpcf7-textarea\" aria-invalid=\"false\" name=\"your-message\"><\/textarea><\/span> <\/label>\n<br>\n<input class=\"wpcf7-form-control wpcf7-submit has-spinner\" type=\"submit\" value=\"Envoyer\" \/><div class=\"wpcf7-response-output\" aria-hidden=\"true\"><\/div>\n<\/form>\n<\/div>\n\n<\/div>\n<\/div>\n","protected":false},"excerpt":{"rendered":"<p>Les modules lin\u00e9aires SM01\/SM02 sont des solutions d&rsquo;entra\u00eenement compl\u00e8tes compos\u00e9es de guides lin\u00e9aires avec des moteurs lin\u00e9aires LinMot int\u00e9gr\u00e9s et des \u00e9l\u00e9ments de compensation de charge verticale \u00ab\u00a0MagSpring\u00a0\u00bb mont\u00e9s en option. Les modules ont \u00e9t\u00e9 sp\u00e9cialement d\u00e9velopp\u00e9s pour des applications dans l&rsquo;industrie pharmaceutique ou alimentaire qui n\u00e9cessitent une solution en acier inoxydable avec un haut [&hellip;]<\/p>\n","protected":false},"author":1,"featured_media":0,"parent":44,"menu_order":54,"comment_status":"closed","ping_status":"closed","template":"","meta":{"_acf_changed":false,"footnotes":""},"class_list":["post-1564","page","type-page","status-publish","hentry"],"acf":[],"yoast_head":"<!-- This site is optimized with the Yoast SEO Premium plugin v20.9 (Yoast SEO v27.3) - https:\/\/yoast.com\/product\/yoast-seo-premium-wordpress\/ -->\n<title>Modules lin\u00e9aires SM01 - Industrie pharmaceutique et alimentaire<\/title>\n<meta name=\"description\" content=\"Les modules lin\u00e9aires SM01, fabriqu\u00e9s en acier inoxydable avec un haut degr\u00e9 de protection, ont \u00e9t\u00e9 sp\u00e9cialement d\u00e9velopp\u00e9s pour des applications dans les industries pharmaceutiques et alimentaires.\" \/>\n<meta name=\"robots\" content=\"index, follow, max-snippet:-1, max-image-preview:large, max-video-preview:-1\" \/>\n<link rel=\"canonical\" href=\"https:\/\/linmot.com\/fr\/produits\/guidage-lineaire-module-lineaire\/modules-lineaires-en-acier-inoxydable-sm01-sm02\/\" \/>\n<meta property=\"og:locale\" content=\"fr_FR\" \/>\n<meta property=\"og:type\" content=\"article\" \/>\n<meta property=\"og:title\" content=\"Modules lin\u00e9aires SM01 - Industrie pharmaceutique et alimentaire\" \/>\n<meta property=\"og:description\" content=\"Les modules lin\u00e9aires SM01, fabriqu\u00e9s en acier inoxydable avec un haut degr\u00e9 de protection, ont \u00e9t\u00e9 sp\u00e9cialement d\u00e9velopp\u00e9s pour des applications dans les industries pharmaceutiques et alimentaires.\" \/>\n<meta property=\"og:url\" content=\"https:\/\/linmot.com\/fr\/produits\/guidage-lineaire-module-lineaire\/modules-lineaires-en-acier-inoxydable-sm01-sm02\/\" \/>\n<meta property=\"og:site_name\" content=\"LinMot &amp; MagSpring - Fran\u00e7ais\" \/>\n<meta property=\"article:modified_time\" content=\"2024-08-28T14:01:44+00:00\" \/>\n<meta property=\"og:image\" content=\"https:\/\/linmot.com\/fr\/wp-content\/uploads\/sites\/3\/2020\/10\/SM01-37_small.png\" \/>\n\t<meta property=\"og:image:width\" content=\"612\" \/>\n\t<meta property=\"og:image:height\" content=\"190\" \/>\n\t<meta property=\"og:image:type\" content=\"image\/png\" \/>\n<meta name=\"twitter:card\" content=\"summary_large_image\" \/>\n<meta name=\"twitter:title\" content=\"Modules lin\u00e9aires SM01 - Industrie pharmaceutique et alimentaire\" \/>\n<meta name=\"twitter:description\" content=\"Les modules lin\u00e9aires SM01, fabriqu\u00e9s en acier inoxydable avec un haut degr\u00e9 de protection, ont \u00e9t\u00e9 sp\u00e9cialement d\u00e9velopp\u00e9s pour des applications dans les industries pharmaceutiques et alimentaires.\" \/>\n<meta name=\"twitter:label1\" content=\"Dur\u00e9e de lecture estim\u00e9e\" \/>\n\t<meta name=\"twitter:data1\" content=\"3 minutes\" \/>\n<script type=\"application\/ld+json\" class=\"yoast-schema-graph\">{\"@context\":\"https:\\\/\\\/schema.org\",\"@graph\":[{\"@type\":\"WebPage\",\"@id\":\"https:\\\/\\\/linmot.com\\\/fr\\\/produits\\\/guidage-lineaire-module-lineaire\\\/modules-lineaires-en-acier-inoxydable-sm01-sm02\\\/\",\"url\":\"https:\\\/\\\/linmot.com\\\/fr\\\/produits\\\/guidage-lineaire-module-lineaire\\\/modules-lineaires-en-acier-inoxydable-sm01-sm02\\\/\",\"name\":\"Modules lin\u00e9aires SM01 - Industrie pharmaceutique et alimentaire\",\"isPartOf\":{\"@id\":\"https:\\\/\\\/linmot.com\\\/fr\\\/#website\"},\"primaryImageOfPage\":{\"@id\":\"https:\\\/\\\/linmot.com\\\/fr\\\/produits\\\/guidage-lineaire-module-lineaire\\\/modules-lineaires-en-acier-inoxydable-sm01-sm02\\\/#primaryimage\"},\"image\":{\"@id\":\"https:\\\/\\\/linmot.com\\\/fr\\\/produits\\\/guidage-lineaire-module-lineaire\\\/modules-lineaires-en-acier-inoxydable-sm01-sm02\\\/#primaryimage\"},\"thumbnailUrl\":\"https:\\\/\\\/linmot.com\\\/de\\\/wp-content\\\/uploads\\\/sites\\\/2\\\/2023\\\/01\\\/vorschau-umleiten-fischteile.jpg\",\"datePublished\":\"2020-10-28T17:30:38+00:00\",\"dateModified\":\"2024-08-28T14:01:44+00:00\",\"description\":\"Les modules lin\u00e9aires SM01, fabriqu\u00e9s en acier inoxydable avec un haut degr\u00e9 de protection, ont \u00e9t\u00e9 sp\u00e9cialement d\u00e9velopp\u00e9s pour des applications dans les industries pharmaceutiques et alimentaires.\",\"breadcrumb\":{\"@id\":\"https:\\\/\\\/linmot.com\\\/fr\\\/produits\\\/guidage-lineaire-module-lineaire\\\/modules-lineaires-en-acier-inoxydable-sm01-sm02\\\/#breadcrumb\"},\"inLanguage\":\"fr-FR\",\"potentialAction\":[{\"@type\":\"ReadAction\",\"target\":[\"https:\\\/\\\/linmot.com\\\/fr\\\/produits\\\/guidage-lineaire-module-lineaire\\\/modules-lineaires-en-acier-inoxydable-sm01-sm02\\\/\"]}]},{\"@type\":\"ImageObject\",\"inLanguage\":\"fr-FR\",\"@id\":\"https:\\\/\\\/linmot.com\\\/fr\\\/produits\\\/guidage-lineaire-module-lineaire\\\/modules-lineaires-en-acier-inoxydable-sm01-sm02\\\/#primaryimage\",\"url\":\"https:\\\/\\\/linmot.com\\\/de\\\/wp-content\\\/uploads\\\/sites\\\/2\\\/2023\\\/01\\\/vorschau-umleiten-fischteile.jpg\",\"contentUrl\":\"https:\\\/\\\/linmot.com\\\/de\\\/wp-content\\\/uploads\\\/sites\\\/2\\\/2023\\\/01\\\/vorschau-umleiten-fischteile.jpg\"},{\"@type\":\"BreadcrumbList\",\"@id\":\"https:\\\/\\\/linmot.com\\\/fr\\\/produits\\\/guidage-lineaire-module-lineaire\\\/modules-lineaires-en-acier-inoxydable-sm01-sm02\\\/#breadcrumb\",\"itemListElement\":[{\"@type\":\"ListItem\",\"position\":1,\"name\":\"Home\",\"item\":\"https:\\\/\\\/linmot.com\\\/fr\\\/\"},{\"@type\":\"ListItem\",\"position\":2,\"name\":\"Produits\",\"item\":\"https:\\\/\\\/linmot.com\\\/fr\\\/produits\\\/\"},{\"@type\":\"ListItem\",\"position\":3,\"name\":\"Guidage Lin\u00e9aire \\\/ Module lin\u00e9aire\",\"item\":\"https:\\\/\\\/linmot.com\\\/fr\\\/produits\\\/guidage-lineaire-module-lineaire\\\/\"},{\"@type\":\"ListItem\",\"position\":4,\"name\":\"Modules lin\u00e9aires en acier inoxydable SM01\\\/SM02\"}]},{\"@type\":\"WebSite\",\"@id\":\"https:\\\/\\\/linmot.com\\\/fr\\\/#website\",\"url\":\"https:\\\/\\\/linmot.com\\\/fr\\\/\",\"name\":\"LinMot &amp; MagSpring - Fran\u00e7ais\",\"description\":\"Moteurs lin\u00e9aires et des syst\u00e8mes de moteurs lin\u00e9aires de haute qualit\u00e9\",\"publisher\":{\"@id\":\"https:\\\/\\\/linmot.com\\\/fr\\\/#organization\"},\"potentialAction\":[{\"@type\":\"SearchAction\",\"target\":{\"@type\":\"EntryPoint\",\"urlTemplate\":\"https:\\\/\\\/linmot.com\\\/fr\\\/?s={search_term_string}\"},\"query-input\":{\"@type\":\"PropertyValueSpecification\",\"valueRequired\":true,\"valueName\":\"search_term_string\"}}],\"inLanguage\":\"fr-FR\"},{\"@type\":\"Organization\",\"@id\":\"https:\\\/\\\/linmot.com\\\/fr\\\/#organization\",\"name\":\"NTI AG - LinMot & MagSpring\",\"url\":\"https:\\\/\\\/linmot.com\\\/fr\\\/\",\"logo\":{\"@type\":\"ImageObject\",\"inLanguage\":\"fr-FR\",\"@id\":\"https:\\\/\\\/linmot.com\\\/fr\\\/#\\\/schema\\\/logo\\\/image\\\/\",\"url\":\"https:\\\/\\\/linmot.com\\\/fr\\\/wp-content\\\/uploads\\\/sites\\\/3\\\/2022\\\/05\\\/linmot-social-share-logo.jpg\",\"contentUrl\":\"https:\\\/\\\/linmot.com\\\/fr\\\/wp-content\\\/uploads\\\/sites\\\/3\\\/2022\\\/05\\\/linmot-social-share-logo.jpg\",\"width\":800,\"height\":500,\"caption\":\"NTI AG - LinMot & MagSpring\"},\"image\":{\"@id\":\"https:\\\/\\\/linmot.com\\\/fr\\\/#\\\/schema\\\/logo\\\/image\\\/\"},\"sameAs\":[\"https:\\\/\\\/www.linkedin.com\\\/company\\\/nti-ag-linmot-magspring\",\"https:\\\/\\\/www.youtube.com\\\/user\\\/LinMotEurope\"]}]}<\/script>\n<!-- \/ Yoast SEO Premium plugin. -->","yoast_head_json":{"title":"Modules lin\u00e9aires SM01 - Industrie pharmaceutique et alimentaire","description":"Les modules lin\u00e9aires SM01, fabriqu\u00e9s en acier inoxydable avec un haut degr\u00e9 de protection, ont \u00e9t\u00e9 sp\u00e9cialement d\u00e9velopp\u00e9s pour des applications dans les industries pharmaceutiques et alimentaires.","robots":{"index":"index","follow":"follow","max-snippet":"max-snippet:-1","max-image-preview":"max-image-preview:large","max-video-preview":"max-video-preview:-1"},"canonical":"https:\/\/linmot.com\/fr\/produits\/guidage-lineaire-module-lineaire\/modules-lineaires-en-acier-inoxydable-sm01-sm02\/","og_locale":"fr_FR","og_type":"article","og_title":"Modules lin\u00e9aires SM01 - Industrie pharmaceutique et alimentaire","og_description":"Les modules lin\u00e9aires SM01, fabriqu\u00e9s en acier inoxydable avec un haut degr\u00e9 de protection, ont \u00e9t\u00e9 sp\u00e9cialement d\u00e9velopp\u00e9s pour des applications dans les industries pharmaceutiques et alimentaires.","og_url":"https:\/\/linmot.com\/fr\/produits\/guidage-lineaire-module-lineaire\/modules-lineaires-en-acier-inoxydable-sm01-sm02\/","og_site_name":"LinMot &amp; MagSpring - Fran\u00e7ais","article_modified_time":"2024-08-28T14:01:44+00:00","og_image":[{"width":612,"height":190,"url":"https:\/\/linmot.com\/fr\/wp-content\/uploads\/sites\/3\/2020\/10\/SM01-37_small.png","type":"image\/png"}],"twitter_card":"summary_large_image","twitter_title":"Modules lin\u00e9aires SM01 - Industrie pharmaceutique et alimentaire","twitter_description":"Les modules lin\u00e9aires SM01, fabriqu\u00e9s en acier inoxydable avec un haut degr\u00e9 de protection, ont \u00e9t\u00e9 sp\u00e9cialement d\u00e9velopp\u00e9s pour des applications dans les industries pharmaceutiques et alimentaires.","twitter_misc":{"Dur\u00e9e de lecture estim\u00e9e":"3 minutes"},"schema":{"@context":"https:\/\/schema.org","@graph":[{"@type":"WebPage","@id":"https:\/\/linmot.com\/fr\/produits\/guidage-lineaire-module-lineaire\/modules-lineaires-en-acier-inoxydable-sm01-sm02\/","url":"https:\/\/linmot.com\/fr\/produits\/guidage-lineaire-module-lineaire\/modules-lineaires-en-acier-inoxydable-sm01-sm02\/","name":"Modules lin\u00e9aires SM01 - Industrie pharmaceutique et alimentaire","isPartOf":{"@id":"https:\/\/linmot.com\/fr\/#website"},"primaryImageOfPage":{"@id":"https:\/\/linmot.com\/fr\/produits\/guidage-lineaire-module-lineaire\/modules-lineaires-en-acier-inoxydable-sm01-sm02\/#primaryimage"},"image":{"@id":"https:\/\/linmot.com\/fr\/produits\/guidage-lineaire-module-lineaire\/modules-lineaires-en-acier-inoxydable-sm01-sm02\/#primaryimage"},"thumbnailUrl":"https:\/\/linmot.com\/de\/wp-content\/uploads\/sites\/2\/2023\/01\/vorschau-umleiten-fischteile.jpg","datePublished":"2020-10-28T17:30:38+00:00","dateModified":"2024-08-28T14:01:44+00:00","description":"Les modules lin\u00e9aires SM01, fabriqu\u00e9s en acier inoxydable avec un haut degr\u00e9 de protection, ont \u00e9t\u00e9 sp\u00e9cialement d\u00e9velopp\u00e9s pour des applications dans les industries pharmaceutiques et alimentaires.","breadcrumb":{"@id":"https:\/\/linmot.com\/fr\/produits\/guidage-lineaire-module-lineaire\/modules-lineaires-en-acier-inoxydable-sm01-sm02\/#breadcrumb"},"inLanguage":"fr-FR","potentialAction":[{"@type":"ReadAction","target":["https:\/\/linmot.com\/fr\/produits\/guidage-lineaire-module-lineaire\/modules-lineaires-en-acier-inoxydable-sm01-sm02\/"]}]},{"@type":"ImageObject","inLanguage":"fr-FR","@id":"https:\/\/linmot.com\/fr\/produits\/guidage-lineaire-module-lineaire\/modules-lineaires-en-acier-inoxydable-sm01-sm02\/#primaryimage","url":"https:\/\/linmot.com\/de\/wp-content\/uploads\/sites\/2\/2023\/01\/vorschau-umleiten-fischteile.jpg","contentUrl":"https:\/\/linmot.com\/de\/wp-content\/uploads\/sites\/2\/2023\/01\/vorschau-umleiten-fischteile.jpg"},{"@type":"BreadcrumbList","@id":"https:\/\/linmot.com\/fr\/produits\/guidage-lineaire-module-lineaire\/modules-lineaires-en-acier-inoxydable-sm01-sm02\/#breadcrumb","itemListElement":[{"@type":"ListItem","position":1,"name":"Home","item":"https:\/\/linmot.com\/fr\/"},{"@type":"ListItem","position":2,"name":"Produits","item":"https:\/\/linmot.com\/fr\/produits\/"},{"@type":"ListItem","position":3,"name":"Guidage Lin\u00e9aire \/ Module lin\u00e9aire","item":"https:\/\/linmot.com\/fr\/produits\/guidage-lineaire-module-lineaire\/"},{"@type":"ListItem","position":4,"name":"Modules lin\u00e9aires en acier inoxydable SM01\/SM02"}]},{"@type":"WebSite","@id":"https:\/\/linmot.com\/fr\/#website","url":"https:\/\/linmot.com\/fr\/","name":"LinMot &amp; MagSpring - Fran\u00e7ais","description":"Moteurs lin\u00e9aires et des syst\u00e8mes de moteurs lin\u00e9aires de haute qualit\u00e9","publisher":{"@id":"https:\/\/linmot.com\/fr\/#organization"},"potentialAction":[{"@type":"SearchAction","target":{"@type":"EntryPoint","urlTemplate":"https:\/\/linmot.com\/fr\/?s={search_term_string}"},"query-input":{"@type":"PropertyValueSpecification","valueRequired":true,"valueName":"search_term_string"}}],"inLanguage":"fr-FR"},{"@type":"Organization","@id":"https:\/\/linmot.com\/fr\/#organization","name":"NTI AG - LinMot & MagSpring","url":"https:\/\/linmot.com\/fr\/","logo":{"@type":"ImageObject","inLanguage":"fr-FR","@id":"https:\/\/linmot.com\/fr\/#\/schema\/logo\/image\/","url":"https:\/\/linmot.com\/fr\/wp-content\/uploads\/sites\/3\/2022\/05\/linmot-social-share-logo.jpg","contentUrl":"https:\/\/linmot.com\/fr\/wp-content\/uploads\/sites\/3\/2022\/05\/linmot-social-share-logo.jpg","width":800,"height":500,"caption":"NTI AG - LinMot & MagSpring"},"image":{"@id":"https:\/\/linmot.com\/fr\/#\/schema\/logo\/image\/"},"sameAs":["https:\/\/www.linkedin.com\/company\/nti-ag-linmot-magspring","https:\/\/www.youtube.com\/user\/LinMotEurope"]}]}},"_links":{"self":[{"href":"https:\/\/linmot.com\/fr\/wp-json\/wp\/v2\/pages\/1564","targetHints":{"allow":["GET"]}}],"collection":[{"href":"https:\/\/linmot.com\/fr\/wp-json\/wp\/v2\/pages"}],"about":[{"href":"https:\/\/linmot.com\/fr\/wp-json\/wp\/v2\/types\/page"}],"author":[{"embeddable":true,"href":"https:\/\/linmot.com\/fr\/wp-json\/wp\/v2\/users\/1"}],"replies":[{"embeddable":true,"href":"https:\/\/linmot.com\/fr\/wp-json\/wp\/v2\/comments?post=1564"}],"version-history":[{"count":30,"href":"https:\/\/linmot.com\/fr\/wp-json\/wp\/v2\/pages\/1564\/revisions"}],"predecessor-version":[{"id":3478,"href":"https:\/\/linmot.com\/fr\/wp-json\/wp\/v2\/pages\/1564\/revisions\/3478"}],"up":[{"embeddable":true,"href":"https:\/\/linmot.com\/fr\/wp-json\/wp\/v2\/pages\/44"}],"wp:attachment":[{"href":"https:\/\/linmot.com\/fr\/wp-json\/wp\/v2\/media?parent=1564"}],"curies":[{"name":"wp","href":"https:\/\/api.w.org\/{rel}","templated":true}]}}