{"id":1209,"date":"2017-10-20T23:19:40","date_gmt":"2017-10-20T21:19:40","guid":{"rendered":"https:\/\/linmot.com\/?page_id=4"},"modified":"2025-08-11T15:03:26","modified_gmt":"2025-08-11T13:03:26","slug":"profil-de-lentreprise","status":"publish","type":"page","link":"https:\/\/linmot.com\/fr\/profil-de-lentreprise\/","title":{"rendered":"Profil de l&rsquo;entreprise NTI AG"},"content":{"rendered":"<p>NTI AG fabrique pour le monde entier des moteurs lin\u00e9aires tubulaires et des syst\u00e8mes associ\u00e9s de grande qualit\u00e9, se concentrant ainsi sur le d\u00e9veloppement, la production et la distribution d\u2019entra\u00eenements lin\u00e9aires directs, destin\u00e9s \u00e0 \u00eatre utilis\u00e9s en environnements industriels.<\/p>\n<p>Fond\u00e9e en 1993 sous forme de division autonome du Groupe Sulzer, la soci\u00e9t\u00e9 NTI AG est, depuis l\u2019an 2000 ind\u00e9pendante.<\/p>\n<p>Le si\u00e8ge de NTI AG est situ\u00e9 \u00e0 Spreitenbach, pr\u00e8s de Zurich en Suisse. Outre les sites de production en Suisse et en Slovaquie, NTI AG dispose de bureaux de vente en Allemagne, en Italie et en Am\u00e9rique du Nord.<\/p>\n<p>Les gammes de produits, LinMot\u00ae pour les moteurs lin\u00e9aires industriels et MagSpring\u00ae pour les ressorts magn\u00e9tiques, sont propos\u00e9es \u00e0 des clients pr\u00e9sents dans le monde entier. NTI AG poss\u00e8de un r\u00e9seau commercial et technique exp\u00e9riment\u00e9, r\u00e9parti sur plus de 80 sites dans le monde entier.<\/p>\n<p>NTI AG est votre partenaire pour la r\u00e9alisation de vos projets de motorisation lin\u00e9aire.<\/p>\n<p><a class=\"button\" href=\"\/fr\/contact\/\">Nous nous r\u00e9jouissons de faire votre connaissance<\/a><\/p>\n<img loading=\"lazy\" decoding=\"async\" class=\"aligncenter size-full wp-image-619\" src=\"https:\/\/linmot.com\/fr\/wp-content\/uploads\/sites\/3\/2017\/10\/linmot-new-headquarter-swiss-2018-1.jpg\" alt=\"\" width=\"940\" height=\"439\" srcset=\"https:\/\/linmot.com\/fr\/wp-content\/uploads\/sites\/3\/2017\/10\/linmot-new-headquarter-swiss-2018-1.jpg 940w, https:\/\/linmot.com\/fr\/wp-content\/uploads\/sites\/3\/2017\/10\/linmot-new-headquarter-swiss-2018-1-300x140.jpg 300w, https:\/\/linmot.com\/fr\/wp-content\/uploads\/sites\/3\/2017\/10\/linmot-new-headquarter-swiss-2018-1-768x359.jpg 768w\" sizes=\"auto, (max-width: 940px) 100vw, 940px\" \/>\n<h2>Mission<\/h2>\n<p>LinMot propose \u00e0 ses clients des solutions lin\u00e9aires compl\u00e8tes, faciles \u00e0 int\u00e9grer dans votre automatisme. Un degr\u00e9 \u00e9lev\u00e9 de standardisation, un stock important et un r\u00e9seau de distribution mondial garantissent une disponibilit\u00e9 imm\u00e9diate et un excellent support commercial.<\/p>\n<p>Notre objectif est de proposer une technologie innovante d\u2019entra\u00eenement lin\u00e9aire direct, et d\u2019en faire un composant essentiel de vos machines. Nous proposons des solutions performantes qui apportent une contribution majeure \u00e0 l\u2019effort de pr\u00e9servation des ressources.<\/p>\n<h2>Comp\u00e9tence<\/h2>\n<div class=\"row\">\n<div class=\"col-md-3\">\n<img loading=\"lazy\" decoding=\"async\" class=\"aligncenter size-full wp-image-283\" src=\"https:\/\/linmot.com\/fr\/wp-content\/uploads\/sites\/3\/2017\/10\/support-1.png\" alt=\"\" width=\"200\" height=\"200\" srcset=\"https:\/\/linmot.com\/fr\/wp-content\/uploads\/sites\/3\/2017\/10\/support-1.png 200w, https:\/\/linmot.com\/fr\/wp-content\/uploads\/sites\/3\/2017\/10\/support-1-150x150.png 150w\" sizes=\"auto, (max-width: 200px) 100vw, 200px\" \/>\n<\/div>\n<div class=\"col-md-8\">\n<h4>Soutien<\/h4>\n<p class=\"bodytext\">Premier fabricant mondial de moteurs lin\u00e9aires industriels, NTI AG se sert de ses connaissances et de sa capacit\u00e9 d\u2019innovation pour proposer des solutions personnalis\u00e9es.<\/p>\n<p class=\"bodytext\">Recherchant la solution optimale \u00e0 des op\u00e9rations d\u2019entra\u00eenement pr\u00e9cises, nos ing\u00e9nieurs d\u2019application proposent \u00e0 nos clients une assistance technique et exceptionnelle. Nos clients peuvent se reposer sur des ann\u00e9es d\u2019exp\u00e9riences pour la mise en \u0153uvre et la production de solutions d\u2019entra\u00eenement sp\u00e9cifiques.<\/p>\n<\/div>\n<\/div>\n<div class=\"row\">\n<div class=\"col-md-3\">\n<img loading=\"lazy\" decoding=\"async\" class=\"aligncenter size-full wp-image-287\" src=\"https:\/\/linmot.com\/fr\/wp-content\/uploads\/sites\/3\/2017\/10\/innovation-1.png\" alt=\"\" width=\"200\" height=\"200\" srcset=\"https:\/\/linmot.com\/fr\/wp-content\/uploads\/sites\/3\/2017\/10\/innovation-1.png 200w, https:\/\/linmot.com\/fr\/wp-content\/uploads\/sites\/3\/2017\/10\/innovation-1-150x150.png 150w\" sizes=\"auto, (max-width: 200px) 100vw, 200px\" \/>\n<\/div>\n<div class=\"col-md-8\">\n<h4>Innovation<\/h4>\n<p class=\"bodytext\">Gr\u00e2ce \u00e0 une mise au point et \u00e0 des investissements continus, et en b\u00e9n\u00e9ficiant de l\u2019apport de nos conseils commerciaux, de nos ing\u00e9nieurs et de nos partenaires pr\u00e9sents dans le monde entier, NTI AG peut offrir \u00e0 ses clients des produits innovants \u00e0 des prix attractifs.<\/p>\n<\/div>\n<\/div>\n<div class=\"row\">\n<div class=\"col-md-3\">\n<img loading=\"lazy\" decoding=\"async\" class=\"aligncenter size-full wp-image-283\" src=\"https:\/\/linmot.com\/fr\/wp-content\/uploads\/sites\/3\/2017\/10\/production-1.png\" alt=\"\" width=\"200\" height=\"200\" \/>\n<\/div>\n<div class=\"col-md-8\">\n<h4>Production<\/h4>\n<p class=\"bodytext\">Les produits standard LinMot et MagSpring sont fabriqu\u00e9s dans des unit\u00e9s de production con\u00e7ues en interne. Ceci garantit une disponibilit\u00e9 rapide des produits, m\u00eame en grandes quantit\u00e9s, tout en apportant un maximum de flexibilit\u00e9 et de personnalisation. Les unit\u00e9s de production hautement automatis\u00e9es, garantissent toujours des produits de haute qualit\u00e9.<\/p>\n<\/div>\n<\/div>\n<div class=\"row\">\n<div class=\"col-md-3\">\n<img loading=\"lazy\" decoding=\"async\" class=\"aligncenter size-full wp-image-283\" src=\"https:\/\/linmot.com\/fr\/wp-content\/uploads\/sites\/3\/2017\/10\/logistics-1.png\" alt=\"\" width=\"200\" height=\"200\" \/>\n<\/div>\n<div class=\"col-md-8\">\n<h4>Logistique<\/h4>\n<p class=\"bodytext\">Les produits LinMot et MagSpring sont des produits standard g\u00e9n\u00e9ralement disponibles sur stock et livrables rapidement. Actuellement, nous avons en stock plus de 1000 combinaisons diff\u00e9rentes de variateurs et de moteurs, qui sont disponibles en 48h dans le monde entier.<\/p>\n<\/div>\n<\/div>\n<div class=\"row\">\n<div class=\"col-md-3\">\n<img loading=\"lazy\" decoding=\"async\" class=\"aligncenter size-full wp-image-283\" src=\"https:\/\/linmot.com\/fr\/wp-content\/uploads\/sites\/3\/2017\/10\/quality-1.png\" alt=\"\" width=\"200\" height=\"200\" \/>\n<\/div>\n<div class=\"col-md-8\">\n<h4>Qualit\u00e9<\/h4>\n<p class=\"bodytext\">Le contr\u00f4le qualit\u00e9 commence avec la v\u00e9rification des mat\u00e9riaux d\u00e8s leur arriv\u00e9e, et se poursuit en production en continu, tout au long des essais avant la livraison. Tous les moteurs lin\u00e9aires LinMot subissent un test en fonctionnement, 24 heures avant leur livraison. Pour garantir la qualit\u00e9 \u00e0 long terme, les produits LinMot sont \u00e9tiquet\u00e9s et portent un N\u00b0 de s\u00e9rie unique, imprim\u00e9 sur le Stator et param\u00e9tr\u00e9 dans l\u2019\u00e9lectronique du moteur et du variateur.<\/p>\n<\/div>\n<\/div>\n","protected":false},"excerpt":{"rendered":"<p>NTI AG fabrique pour le monde entier des moteurs lin\u00e9aires tubulaires et des syst\u00e8mes associ\u00e9s de grande qualit\u00e9, se concentrant ainsi sur le d\u00e9veloppement, la production et la distribution d\u2019entra\u00eenements lin\u00e9aires directs, destin\u00e9s \u00e0 \u00eatre utilis\u00e9s en environnements industriels. Fond\u00e9e en 1993 sous forme de division autonome du Groupe Sulzer, la soci\u00e9t\u00e9 NTI AG est, [&hellip;]<\/p>\n","protected":false},"author":1,"featured_media":0,"parent":0,"menu_order":88,"comment_status":"closed","ping_status":"closed","template":"","meta":{"_acf_changed":false,"footnotes":""},"class_list":["post-1209","page","type-page","status-publish","hentry"],"acf":[],"yoast_head":"<!-- This site is optimized with the Yoast SEO Premium plugin v20.9 (Yoast SEO v27.2) - https:\/\/yoast.com\/product\/yoast-seo-premium-wordpress\/ -->\n<title>NTI AG - L&#039;histoire de la NTI AG | LinMot<\/title>\n<meta name=\"description\" content=\"Fond\u00e9e en 1993 en tant qu&#039;unit\u00e9 commerciale ind\u00e9pendante de la Sulzer Corporation, NTI AG op\u00e8re en tant que soci\u00e9t\u00e9 ind\u00e9pendante depuis 2000.\" \/>\n<meta name=\"robots\" content=\"index, follow, max-snippet:-1, max-image-preview:large, max-video-preview:-1\" \/>\n<link rel=\"canonical\" href=\"https:\/\/linmot.com\/fr\/profil-de-lentreprise\/\" \/>\n<meta property=\"og:locale\" content=\"fr_FR\" \/>\n<meta property=\"og:type\" content=\"article\" \/>\n<meta property=\"og:title\" content=\"Profil de l&#039;entreprise NTI AG\" \/>\n<meta property=\"og:description\" content=\"Fond\u00e9e en 1993 en tant qu&#039;unit\u00e9 commerciale ind\u00e9pendante de la Sulzer Corporation, NTI AG op\u00e8re en tant que soci\u00e9t\u00e9 ind\u00e9pendante depuis 2000.\" \/>\n<meta property=\"og:url\" content=\"https:\/\/linmot.com\/fr\/profil-de-lentreprise\/\" \/>\n<meta property=\"og:site_name\" content=\"LinMot &amp; MagSpring - Fran\u00e7ais\" \/>\n<meta property=\"article:modified_time\" content=\"2025-08-11T13:03:26+00:00\" \/>\n<meta property=\"og:image\" content=\"https:\/\/linmot.com\/fr\/wp-content\/uploads\/sites\/3\/2017\/10\/linmot-new-headquarter-swiss-2018-1.jpg\" \/>\n\t<meta property=\"og:image:width\" content=\"940\" \/>\n\t<meta property=\"og:image:height\" content=\"439\" \/>\n\t<meta property=\"og:image:type\" content=\"image\/jpeg\" \/>\n<meta name=\"twitter:card\" content=\"summary_large_image\" \/>\n<meta name=\"twitter:description\" content=\"Fond\u00e9e en 1993 en tant qu&#039;unit\u00e9 commerciale ind\u00e9pendante de la Sulzer Corporation, NTI AG op\u00e8re en tant que soci\u00e9t\u00e9 ind\u00e9pendante depuis 2000.\" \/>\n<meta name=\"twitter:label1\" content=\"Dur\u00e9e de lecture estim\u00e9e\" \/>\n\t<meta name=\"twitter:data1\" content=\"5 minutes\" \/>\n<script type=\"application\/ld+json\" class=\"yoast-schema-graph\">{\"@context\":\"https:\/\/schema.org\",\"@graph\":[{\"@type\":\"WebPage\",\"@id\":\"https:\/\/linmot.com\/fr\/profil-de-lentreprise\/\",\"url\":\"https:\/\/linmot.com\/fr\/profil-de-lentreprise\/\",\"name\":\"NTI AG - L'histoire de la NTI AG | LinMot\",\"isPartOf\":{\"@id\":\"https:\/\/linmot.com\/fr\/#website\"},\"primaryImageOfPage\":{\"@id\":\"https:\/\/linmot.com\/fr\/profil-de-lentreprise\/#primaryimage\"},\"image\":{\"@id\":\"https:\/\/linmot.com\/fr\/profil-de-lentreprise\/#primaryimage\"},\"thumbnailUrl\":\"https:\/\/linmot.com\/fr\/wp-content\/uploads\/sites\/3\/2017\/10\/linmot-new-headquarter-swiss-2018-1.jpg\",\"datePublished\":\"2017-10-20T21:19:40+00:00\",\"dateModified\":\"2025-08-11T13:03:26+00:00\",\"description\":\"Fond\u00e9e en 1993 en tant qu'unit\u00e9 commerciale ind\u00e9pendante de la Sulzer Corporation, NTI AG op\u00e8re en tant que soci\u00e9t\u00e9 ind\u00e9pendante depuis 2000.\",\"breadcrumb\":{\"@id\":\"https:\/\/linmot.com\/fr\/profil-de-lentreprise\/#breadcrumb\"},\"inLanguage\":\"fr-FR\",\"potentialAction\":[{\"@type\":\"ReadAction\",\"target\":[\"https:\/\/linmot.com\/fr\/profil-de-lentreprise\/\"]}]},{\"@type\":\"ImageObject\",\"inLanguage\":\"fr-FR\",\"@id\":\"https:\/\/linmot.com\/fr\/profil-de-lentreprise\/#primaryimage\",\"url\":\"https:\/\/linmot.com\/fr\/wp-content\/uploads\/sites\/3\/2017\/10\/linmot-new-headquarter-swiss-2018-1.jpg\",\"contentUrl\":\"https:\/\/linmot.com\/fr\/wp-content\/uploads\/sites\/3\/2017\/10\/linmot-new-headquarter-swiss-2018-1.jpg\",\"width\":940,\"height\":439,\"caption\":\"\"},{\"@type\":\"BreadcrumbList\",\"@id\":\"https:\/\/linmot.com\/fr\/profil-de-lentreprise\/#breadcrumb\",\"itemListElement\":[{\"@type\":\"ListItem\",\"position\":1,\"name\":\"Home\",\"item\":\"https:\/\/linmot.com\/fr\/\"},{\"@type\":\"ListItem\",\"position\":2,\"name\":\"Profil de l&rsquo;entreprise NTI AG\"}]},{\"@type\":\"WebSite\",\"@id\":\"https:\/\/linmot.com\/fr\/#website\",\"url\":\"https:\/\/linmot.com\/fr\/\",\"name\":\"LinMot &amp; MagSpring - Fran\u00e7ais\",\"description\":\"Moteurs lin\u00e9aires et des syst\u00e8mes de moteurs lin\u00e9aires de haute qualit\u00e9\",\"publisher\":{\"@id\":\"https:\/\/linmot.com\/fr\/#organization\"},\"potentialAction\":[{\"@type\":\"SearchAction\",\"target\":{\"@type\":\"EntryPoint\",\"urlTemplate\":\"https:\/\/linmot.com\/fr\/?s={search_term_string}\"},\"query-input\":{\"@type\":\"PropertyValueSpecification\",\"valueRequired\":true,\"valueName\":\"search_term_string\"}}],\"inLanguage\":\"fr-FR\"},{\"@type\":\"Organization\",\"@id\":\"https:\/\/linmot.com\/fr\/#organization\",\"name\":\"NTI AG - LinMot & MagSpring\",\"url\":\"https:\/\/linmot.com\/fr\/\",\"logo\":{\"@type\":\"ImageObject\",\"inLanguage\":\"fr-FR\",\"@id\":\"https:\/\/linmot.com\/fr\/#\/schema\/logo\/image\/\",\"url\":\"https:\/\/linmot.com\/fr\/wp-content\/uploads\/sites\/3\/2022\/05\/linmot-social-share-logo.jpg\",\"contentUrl\":\"https:\/\/linmot.com\/fr\/wp-content\/uploads\/sites\/3\/2022\/05\/linmot-social-share-logo.jpg\",\"width\":800,\"height\":500,\"caption\":\"NTI AG - LinMot & MagSpring\"},\"image\":{\"@id\":\"https:\/\/linmot.com\/fr\/#\/schema\/logo\/image\/\"},\"sameAs\":[\"https:\/\/www.linkedin.com\/company\/nti-ag-linmot-magspring\",\"https:\/\/www.youtube.com\/user\/LinMotEurope\"]}]}<\/script>\n<!-- \/ Yoast SEO Premium plugin. -->","yoast_head_json":{"title":"NTI AG - L'histoire de la NTI AG | LinMot","description":"Fond\u00e9e en 1993 en tant qu'unit\u00e9 commerciale ind\u00e9pendante de la Sulzer Corporation, NTI AG op\u00e8re en tant que soci\u00e9t\u00e9 ind\u00e9pendante depuis 2000.","robots":{"index":"index","follow":"follow","max-snippet":"max-snippet:-1","max-image-preview":"max-image-preview:large","max-video-preview":"max-video-preview:-1"},"canonical":"https:\/\/linmot.com\/fr\/profil-de-lentreprise\/","og_locale":"fr_FR","og_type":"article","og_title":"Profil de l'entreprise NTI AG","og_description":"Fond\u00e9e en 1993 en tant qu'unit\u00e9 commerciale ind\u00e9pendante de la Sulzer Corporation, NTI AG op\u00e8re en tant que soci\u00e9t\u00e9 ind\u00e9pendante depuis 2000.","og_url":"https:\/\/linmot.com\/fr\/profil-de-lentreprise\/","og_site_name":"LinMot &amp; MagSpring - Fran\u00e7ais","article_modified_time":"2025-08-11T13:03:26+00:00","og_image":[{"width":940,"height":439,"url":"https:\/\/linmot.com\/fr\/wp-content\/uploads\/sites\/3\/2017\/10\/linmot-new-headquarter-swiss-2018-1.jpg","type":"image\/jpeg"}],"twitter_card":"summary_large_image","twitter_description":"Fond\u00e9e en 1993 en tant qu'unit\u00e9 commerciale ind\u00e9pendante de la Sulzer Corporation, NTI AG op\u00e8re en tant que soci\u00e9t\u00e9 ind\u00e9pendante depuis 2000.","twitter_misc":{"Dur\u00e9e de lecture estim\u00e9e":"5 minutes"},"schema":{"@context":"https:\/\/schema.org","@graph":[{"@type":"WebPage","@id":"https:\/\/linmot.com\/fr\/profil-de-lentreprise\/","url":"https:\/\/linmot.com\/fr\/profil-de-lentreprise\/","name":"NTI AG - L'histoire de la NTI AG | LinMot","isPartOf":{"@id":"https:\/\/linmot.com\/fr\/#website"},"primaryImageOfPage":{"@id":"https:\/\/linmot.com\/fr\/profil-de-lentreprise\/#primaryimage"},"image":{"@id":"https:\/\/linmot.com\/fr\/profil-de-lentreprise\/#primaryimage"},"thumbnailUrl":"https:\/\/linmot.com\/fr\/wp-content\/uploads\/sites\/3\/2017\/10\/linmot-new-headquarter-swiss-2018-1.jpg","datePublished":"2017-10-20T21:19:40+00:00","dateModified":"2025-08-11T13:03:26+00:00","description":"Fond\u00e9e en 1993 en tant qu'unit\u00e9 commerciale ind\u00e9pendante de la Sulzer Corporation, NTI AG op\u00e8re en tant que soci\u00e9t\u00e9 ind\u00e9pendante depuis 2000.","breadcrumb":{"@id":"https:\/\/linmot.com\/fr\/profil-de-lentreprise\/#breadcrumb"},"inLanguage":"fr-FR","potentialAction":[{"@type":"ReadAction","target":["https:\/\/linmot.com\/fr\/profil-de-lentreprise\/"]}]},{"@type":"ImageObject","inLanguage":"fr-FR","@id":"https:\/\/linmot.com\/fr\/profil-de-lentreprise\/#primaryimage","url":"https:\/\/linmot.com\/fr\/wp-content\/uploads\/sites\/3\/2017\/10\/linmot-new-headquarter-swiss-2018-1.jpg","contentUrl":"https:\/\/linmot.com\/fr\/wp-content\/uploads\/sites\/3\/2017\/10\/linmot-new-headquarter-swiss-2018-1.jpg","width":940,"height":439,"caption":""},{"@type":"BreadcrumbList","@id":"https:\/\/linmot.com\/fr\/profil-de-lentreprise\/#breadcrumb","itemListElement":[{"@type":"ListItem","position":1,"name":"Home","item":"https:\/\/linmot.com\/fr\/"},{"@type":"ListItem","position":2,"name":"Profil de l&rsquo;entreprise NTI AG"}]},{"@type":"WebSite","@id":"https:\/\/linmot.com\/fr\/#website","url":"https:\/\/linmot.com\/fr\/","name":"LinMot &amp; MagSpring - Fran\u00e7ais","description":"Moteurs lin\u00e9aires et des syst\u00e8mes de moteurs lin\u00e9aires de haute qualit\u00e9","publisher":{"@id":"https:\/\/linmot.com\/fr\/#organization"},"potentialAction":[{"@type":"SearchAction","target":{"@type":"EntryPoint","urlTemplate":"https:\/\/linmot.com\/fr\/?s={search_term_string}"},"query-input":{"@type":"PropertyValueSpecification","valueRequired":true,"valueName":"search_term_string"}}],"inLanguage":"fr-FR"},{"@type":"Organization","@id":"https:\/\/linmot.com\/fr\/#organization","name":"NTI AG - LinMot & MagSpring","url":"https:\/\/linmot.com\/fr\/","logo":{"@type":"ImageObject","inLanguage":"fr-FR","@id":"https:\/\/linmot.com\/fr\/#\/schema\/logo\/image\/","url":"https:\/\/linmot.com\/fr\/wp-content\/uploads\/sites\/3\/2022\/05\/linmot-social-share-logo.jpg","contentUrl":"https:\/\/linmot.com\/fr\/wp-content\/uploads\/sites\/3\/2022\/05\/linmot-social-share-logo.jpg","width":800,"height":500,"caption":"NTI AG - LinMot & MagSpring"},"image":{"@id":"https:\/\/linmot.com\/fr\/#\/schema\/logo\/image\/"},"sameAs":["https:\/\/www.linkedin.com\/company\/nti-ag-linmot-magspring","https:\/\/www.youtube.com\/user\/LinMotEurope"]}]}},"_links":{"self":[{"href":"https:\/\/linmot.com\/fr\/wp-json\/wp\/v2\/pages\/1209","targetHints":{"allow":["GET"]}}],"collection":[{"href":"https:\/\/linmot.com\/fr\/wp-json\/wp\/v2\/pages"}],"about":[{"href":"https:\/\/linmot.com\/fr\/wp-json\/wp\/v2\/types\/page"}],"author":[{"embeddable":true,"href":"https:\/\/linmot.com\/fr\/wp-json\/wp\/v2\/users\/1"}],"replies":[{"embeddable":true,"href":"https:\/\/linmot.com\/fr\/wp-json\/wp\/v2\/comments?post=1209"}],"version-history":[{"count":8,"href":"https:\/\/linmot.com\/fr\/wp-json\/wp\/v2\/pages\/1209\/revisions"}],"predecessor-version":[{"id":2279,"href":"https:\/\/linmot.com\/fr\/wp-json\/wp\/v2\/pages\/1209\/revisions\/2279"}],"wp:attachment":[{"href":"https:\/\/linmot.com\/fr\/wp-json\/wp\/v2\/media?parent=1209"}],"curies":[{"name":"wp","href":"https:\/\/api.w.org\/{rel}","templated":true}]}}