{"id":10,"date":"2017-10-20T23:20:19","date_gmt":"2017-10-20T21:20:19","guid":{"rendered":"https:\/\/linmot.com\/?page_id=10"},"modified":"2026-02-09T14:25:17","modified_gmt":"2026-02-09T13:25:17","slug":"download","status":"publish","type":"page","link":"https:\/\/linmot.com\/fr\/download\/","title":{"rendered":"T\u00e9l\u00e9charger"},"content":{"rendered":"<div class=\"row\">\n<div class=\"col-md-3\">\n<ul>\n<li><a href=\"https:\/\/shop.linmot.com\/E\/product\/0185-1100\">Aper\u00e7u des produits<\/a><\/li>\n<li><a href=\"https:\/\/shop.linmot.com\/E\/product\/0185-0205\">Magazine d&rsquo;entreprise<\/a><\/li>\n<\/ul>\n<\/div>\n<div class=\"col-md-3\">\n<ul>\n<li><a href=\"http:\/\/shop.linmot.com\/\">Fiches techniques<\/a><\/li>\n<li><a href=\"http:\/\/shop.linmot.com\/\">Guides d&rsquo;installation<\/a><\/li>\n<li><a href=\"http:\/\/shop.linmot.com\/\">Fichiers CAO<\/a><\/li>\n<li><a href=\"https:\/\/shop.linmot.com\/E\/product\/0185-1163\">Donn\u00e9es EPLAN<\/a><\/li>\n<li><a href=\"https:\/\/shop.linmot.com\/E\/product\/0185-1164\">Fichiers de description des appareils<\/a><\/li>\n<\/ul>\n<\/div>\n<div class=\"col-md-3\">\n<ul>\n<li><a href=\"\/fr\/download\/linmot-talk-drive-configuration\/\">LinMot Talk (Drive-configuration)<\/a><\/li>\n<li><a href=\"\/fr\/download\/linmot-designer\/\">LinMot Designer<\/a><\/li>\n<li><a href=\"\/fr\/download\/linmot-pilot-download\/\">LinMot Pilot<\/a><\/li>\n<\/ul>\n<\/div>\n<div class=\"col-md-3\">\n<ul>\n<li><a href=\"\/fr\/download\/conditions-generales\/\">Conditions g\u00e9n\u00e9rales pour la ZVEI<\/a><\/li>\n<li><a href=\"\/fr\/download\/certifications-et-reglements\/\">Certifications et r\u00e8glements<\/a><\/li>\n<\/ul>\n<\/div>\n<\/div>\n","protected":false},"excerpt":{"rendered":"","protected":false},"author":1,"featured_media":0,"parent":0,"menu_order":73,"comment_status":"closed","ping_status":"closed","template":"","meta":{"_acf_changed":false,"footnotes":""},"class_list":["post-10","page","type-page","status-publish","hentry"],"acf":[],"yoast_head":"<!-- This site is optimized with the Yoast SEO Premium plugin v20.9 (Yoast SEO v27.4) - https:\/\/yoast.com\/product\/yoast-seo-premium-wordpress\/ -->\n<title>T\u00e9l\u00e9charger | Leader en technologie de mouvement lin\u00e9aire | LinMot<\/title>\n<meta name=\"description\" content=\"Cette page d&#039;aper\u00e7u vous indique, entre autres, les liens vers nos conditions de livraison, le catalogue de produits, les fiches techniques.\" \/>\n<meta name=\"robots\" content=\"index, follow, max-snippet:-1, max-image-preview:large, max-video-preview:-1\" \/>\n<link rel=\"canonical\" href=\"https:\/\/linmot.com\/fr\/download\/\" \/>\n<meta property=\"og:locale\" content=\"fr_FR\" \/>\n<meta property=\"og:type\" content=\"article\" \/>\n<meta property=\"og:title\" content=\"T\u00e9l\u00e9charger\" \/>\n<meta property=\"og:description\" content=\"Cette page d&#039;aper\u00e7u vous indique, entre autres, les liens vers nos conditions de livraison, le catalogue de produits, les fiches techniques.\" \/>\n<meta property=\"og:url\" content=\"https:\/\/linmot.com\/fr\/download\/\" \/>\n<meta property=\"og:site_name\" content=\"LinMot &amp; MagSpring - Fran\u00e7ais\" \/>\n<meta property=\"article:modified_time\" content=\"2026-02-09T13:25:17+00:00\" \/>\n<meta property=\"og:image\" content=\"https:\/\/linmot.com\/fr\/wp-content\/uploads\/sites\/3\/2022\/05\/linmot-social-share-logo.jpg\" \/>\n\t<meta property=\"og:image:width\" content=\"800\" \/>\n\t<meta property=\"og:image:height\" content=\"500\" \/>\n\t<meta property=\"og:image:type\" content=\"image\/jpeg\" \/>\n<meta name=\"twitter:card\" content=\"summary_large_image\" \/>\n<meta name=\"twitter:label1\" content=\"Dur\u00e9e de lecture estim\u00e9e\" \/>\n\t<meta name=\"twitter:data1\" content=\"1 minute\" \/>\n<script type=\"application\/ld+json\" class=\"yoast-schema-graph\">{\"@context\":\"https:\\\/\\\/schema.org\",\"@graph\":[{\"@type\":\"WebPage\",\"@id\":\"https:\\\/\\\/linmot.com\\\/fr\\\/download\\\/\",\"url\":\"https:\\\/\\\/linmot.com\\\/fr\\\/download\\\/\",\"name\":\"T\u00e9l\u00e9charger | Leader en technologie de mouvement lin\u00e9aire | LinMot\",\"isPartOf\":{\"@id\":\"https:\\\/\\\/linmot.com\\\/fr\\\/#website\"},\"datePublished\":\"2017-10-20T21:20:19+00:00\",\"dateModified\":\"2026-02-09T13:25:17+00:00\",\"description\":\"Cette page d'aper\u00e7u vous indique, entre autres, les liens vers nos conditions de livraison, le catalogue de produits, les fiches techniques.\",\"breadcrumb\":{\"@id\":\"https:\\\/\\\/linmot.com\\\/fr\\\/download\\\/#breadcrumb\"},\"inLanguage\":\"fr-FR\",\"potentialAction\":[{\"@type\":\"ReadAction\",\"target\":[\"https:\\\/\\\/linmot.com\\\/fr\\\/download\\\/\"]}]},{\"@type\":\"BreadcrumbList\",\"@id\":\"https:\\\/\\\/linmot.com\\\/fr\\\/download\\\/#breadcrumb\",\"itemListElement\":[{\"@type\":\"ListItem\",\"position\":1,\"name\":\"Home\",\"item\":\"https:\\\/\\\/linmot.com\\\/fr\\\/\"},{\"@type\":\"ListItem\",\"position\":2,\"name\":\"T\u00e9l\u00e9charger\"}]},{\"@type\":\"WebSite\",\"@id\":\"https:\\\/\\\/linmot.com\\\/fr\\\/#website\",\"url\":\"https:\\\/\\\/linmot.com\\\/fr\\\/\",\"name\":\"LinMot &amp; MagSpring - Fran\u00e7ais\",\"description\":\"Moteurs lin\u00e9aires et des syst\u00e8mes de moteurs lin\u00e9aires de haute qualit\u00e9\",\"publisher\":{\"@id\":\"https:\\\/\\\/linmot.com\\\/fr\\\/#organization\"},\"potentialAction\":[{\"@type\":\"SearchAction\",\"target\":{\"@type\":\"EntryPoint\",\"urlTemplate\":\"https:\\\/\\\/linmot.com\\\/fr\\\/?s={search_term_string}\"},\"query-input\":{\"@type\":\"PropertyValueSpecification\",\"valueRequired\":true,\"valueName\":\"search_term_string\"}}],\"inLanguage\":\"fr-FR\"},{\"@type\":\"Organization\",\"@id\":\"https:\\\/\\\/linmot.com\\\/fr\\\/#organization\",\"name\":\"NTI AG - LinMot & MagSpring\",\"url\":\"https:\\\/\\\/linmot.com\\\/fr\\\/\",\"logo\":{\"@type\":\"ImageObject\",\"inLanguage\":\"fr-FR\",\"@id\":\"https:\\\/\\\/linmot.com\\\/fr\\\/#\\\/schema\\\/logo\\\/image\\\/\",\"url\":\"https:\\\/\\\/linmot.com\\\/fr\\\/wp-content\\\/uploads\\\/sites\\\/3\\\/2022\\\/05\\\/linmot-social-share-logo.jpg\",\"contentUrl\":\"https:\\\/\\\/linmot.com\\\/fr\\\/wp-content\\\/uploads\\\/sites\\\/3\\\/2022\\\/05\\\/linmot-social-share-logo.jpg\",\"width\":800,\"height\":500,\"caption\":\"NTI AG - LinMot & MagSpring\"},\"image\":{\"@id\":\"https:\\\/\\\/linmot.com\\\/fr\\\/#\\\/schema\\\/logo\\\/image\\\/\"},\"sameAs\":[\"https:\\\/\\\/www.linkedin.com\\\/company\\\/nti-ag-linmot-magspring\",\"https:\\\/\\\/www.youtube.com\\\/user\\\/LinMotEurope\"]}]}<\/script>\n<!-- \/ Yoast SEO Premium plugin. -->","yoast_head_json":{"title":"T\u00e9l\u00e9charger | Leader en technologie de mouvement lin\u00e9aire | LinMot","description":"Cette page d'aper\u00e7u vous indique, entre autres, les liens vers nos conditions de livraison, le catalogue de produits, les fiches techniques.","robots":{"index":"index","follow":"follow","max-snippet":"max-snippet:-1","max-image-preview":"max-image-preview:large","max-video-preview":"max-video-preview:-1"},"canonical":"https:\/\/linmot.com\/fr\/download\/","og_locale":"fr_FR","og_type":"article","og_title":"T\u00e9l\u00e9charger","og_description":"Cette page d'aper\u00e7u vous indique, entre autres, les liens vers nos conditions de livraison, le catalogue de produits, les fiches techniques.","og_url":"https:\/\/linmot.com\/fr\/download\/","og_site_name":"LinMot &amp; MagSpring - Fran\u00e7ais","article_modified_time":"2026-02-09T13:25:17+00:00","og_image":[{"width":800,"height":500,"url":"https:\/\/linmot.com\/fr\/wp-content\/uploads\/sites\/3\/2022\/05\/linmot-social-share-logo.jpg","type":"image\/jpeg"}],"twitter_card":"summary_large_image","twitter_misc":{"Dur\u00e9e de lecture estim\u00e9e":"1 minute"},"schema":{"@context":"https:\/\/schema.org","@graph":[{"@type":"WebPage","@id":"https:\/\/linmot.com\/fr\/download\/","url":"https:\/\/linmot.com\/fr\/download\/","name":"T\u00e9l\u00e9charger | Leader en technologie de mouvement lin\u00e9aire | LinMot","isPartOf":{"@id":"https:\/\/linmot.com\/fr\/#website"},"datePublished":"2017-10-20T21:20:19+00:00","dateModified":"2026-02-09T13:25:17+00:00","description":"Cette page d'aper\u00e7u vous indique, entre autres, les liens vers nos conditions de livraison, le catalogue de produits, les fiches techniques.","breadcrumb":{"@id":"https:\/\/linmot.com\/fr\/download\/#breadcrumb"},"inLanguage":"fr-FR","potentialAction":[{"@type":"ReadAction","target":["https:\/\/linmot.com\/fr\/download\/"]}]},{"@type":"BreadcrumbList","@id":"https:\/\/linmot.com\/fr\/download\/#breadcrumb","itemListElement":[{"@type":"ListItem","position":1,"name":"Home","item":"https:\/\/linmot.com\/fr\/"},{"@type":"ListItem","position":2,"name":"T\u00e9l\u00e9charger"}]},{"@type":"WebSite","@id":"https:\/\/linmot.com\/fr\/#website","url":"https:\/\/linmot.com\/fr\/","name":"LinMot &amp; MagSpring - Fran\u00e7ais","description":"Moteurs lin\u00e9aires et des syst\u00e8mes de moteurs lin\u00e9aires de haute qualit\u00e9","publisher":{"@id":"https:\/\/linmot.com\/fr\/#organization"},"potentialAction":[{"@type":"SearchAction","target":{"@type":"EntryPoint","urlTemplate":"https:\/\/linmot.com\/fr\/?s={search_term_string}"},"query-input":{"@type":"PropertyValueSpecification","valueRequired":true,"valueName":"search_term_string"}}],"inLanguage":"fr-FR"},{"@type":"Organization","@id":"https:\/\/linmot.com\/fr\/#organization","name":"NTI AG - LinMot & MagSpring","url":"https:\/\/linmot.com\/fr\/","logo":{"@type":"ImageObject","inLanguage":"fr-FR","@id":"https:\/\/linmot.com\/fr\/#\/schema\/logo\/image\/","url":"https:\/\/linmot.com\/fr\/wp-content\/uploads\/sites\/3\/2022\/05\/linmot-social-share-logo.jpg","contentUrl":"https:\/\/linmot.com\/fr\/wp-content\/uploads\/sites\/3\/2022\/05\/linmot-social-share-logo.jpg","width":800,"height":500,"caption":"NTI AG - LinMot & MagSpring"},"image":{"@id":"https:\/\/linmot.com\/fr\/#\/schema\/logo\/image\/"},"sameAs":["https:\/\/www.linkedin.com\/company\/nti-ag-linmot-magspring","https:\/\/www.youtube.com\/user\/LinMotEurope"]}]}},"_links":{"self":[{"href":"https:\/\/linmot.com\/fr\/wp-json\/wp\/v2\/pages\/10","targetHints":{"allow":["GET"]}}],"collection":[{"href":"https:\/\/linmot.com\/fr\/wp-json\/wp\/v2\/pages"}],"about":[{"href":"https:\/\/linmot.com\/fr\/wp-json\/wp\/v2\/types\/page"}],"author":[{"embeddable":true,"href":"https:\/\/linmot.com\/fr\/wp-json\/wp\/v2\/users\/1"}],"replies":[{"embeddable":true,"href":"https:\/\/linmot.com\/fr\/wp-json\/wp\/v2\/comments?post=10"}],"version-history":[{"count":22,"href":"https:\/\/linmot.com\/fr\/wp-json\/wp\/v2\/pages\/10\/revisions"}],"predecessor-version":[{"id":4027,"href":"https:\/\/linmot.com\/fr\/wp-json\/wp\/v2\/pages\/10\/revisions\/4027"}],"wp:attachment":[{"href":"https:\/\/linmot.com\/fr\/wp-json\/wp\/v2\/media?parent=10"}],"curies":[{"name":"wp","href":"https:\/\/api.w.org\/{rel}","templated":true}]}}