{"id":8,"date":"2017-10-20T23:20:03","date_gmt":"2017-10-20T21:20:03","guid":{"rendered":"https:\/\/linmot.com\/?page_id=8"},"modified":"2024-07-08T09:42:39","modified_gmt":"2024-07-08T09:42:39","slug":"soluciones-industriales","status":"publish","type":"page","link":"https:\/\/linmot.com\/es\/soluciones-industriales\/","title":{"rendered":"Soluciones industriales"},"content":{"rendered":"<p><strong>Soluciones industriales \u00f3ptimas &#8211; Los motores lineales y los servoaccionamientos LinMot est\u00e1n dise\u00f1ados para su uso en entornos industriales duros y exigentes. Se caracterizan por sus extraordinarias propiedades t\u00e9cnicas, su bajo mantenimiento y su extrema durabilidad. El dise\u00f1o cerrado y la fundici\u00f3n de todos los componentes del motor en un tubo de hierro macizo, as\u00ed como los sensores de posici\u00f3n integrados basados en sensores de campo magn\u00e9tico, permiten que los motores funcionen de forma fiable incluso en entornos sucios o en zonas h\u00famedas (hasta la clase de protecci\u00f3n IP69K).<\/strong><\/p>\n<p>Con las distintas series de productos de LinMot, se dispone de sistemas de accionamiento para aplicaciones complejas de servomotores, as\u00ed como para tareas neum\u00e1ticas sencillas. Todas estas caracter\u00edsticas hacen que los motores lineales industriales sean la soluci\u00f3n ideal para los movimientos lineales en m\u00e1quinas de embalaje, equipos de manipulaci\u00f3n, m\u00e1quinas textiles, m\u00e1quinas especiales y muchas otras aplicaciones.<\/p>\n<div class=\"row\">\n<div class=\"col-md-4\">\n<h4>Productos alimentarios<\/h4>\n<img loading=\"lazy\" decoding=\"async\" class=\"alignnone wp-image-2543 size-full\" src=\"https:\/\/linmot.com\/de\/wp-content\/uploads\/sites\/2\/2021\/11\/lebensmittel-300x200-1.jpg\" alt=\"\" width=\"300\" height=\"200\" \/>\n<p class=\"bodytext\" align=\"justify\">Tecnolog\u00eda de accionamiento innovadora para optimizar los procesos de fabricaci\u00f3n y envasado de alimentos.<\/p>\n<p><a class=\"button\" href=\"\/es\/soluciones-industriales\/productos-alimentarios\/\" rel=\"noopener\">Leer m\u00e1s<\/a><\/p>\n<\/div>\n<div class=\"col-md-4\">\n<h4>Manipulaci\u00f3n y Montaje<\/h4>\n<img loading=\"lazy\" decoding=\"async\" class=\"alignnone size-full wp-image-2534\" src=\"https:\/\/linmot.com\/de\/wp-content\/uploads\/sites\/2\/2021\/11\/handling-montage-300x200-1.jpg\" alt=\"\" width=\"300\" height=\"200\" \/>\n<p class=\"bodytext\" align=\"justify\">En la competencia global el \u201ctime to market\u201d se ha convertido en un factor cada vez m\u00e1s relevante.<\/p>\n<p><a class=\"button\" href=\"\/es\/soluciones-industriales\/manipulacion-montaje\/\/\" rel=\"noopener\">Leer m\u00e1s<\/a><\/p>\n<\/div>\n<div class=\"col-md-4\">\n<h4>Automoci\u00f3n<\/h4>\n<img loading=\"lazy\" decoding=\"async\" class=\"alignnone wp-image-2541 size-full\" src=\"https:\/\/linmot.com\/de\/wp-content\/uploads\/sites\/2\/2021\/11\/automobilindustrie-300x200-1.jpg\" alt=\"\" width=\"300\" height=\"200\" \/>\n<p class=\"bodytext\" align=\"justify\">LinMot ofrece a la industria del autom\u00f3vil pruebas simplificadas de funcionamiento y resistencia en la industria del autom\u00f3vil, as\u00ed como soluciones flexibles para grandes cantidades en la tecnolog\u00eda de montaje.<\/p>\n<p><a class=\"button\" href=\"\/es\/soluciones-industriales\/automocion\/\" rel=\"noopener\">Leer m\u00e1s<\/a><\/p>\n<\/div>\n<\/div>\n<div class=\"row\">\n<div class=\"col-md-4\">\n<h4>M\u00e1quinas textiles<\/h4>\n<img loading=\"lazy\" decoding=\"async\" class=\"alignnone wp-image-2540 size-full\" src=\"https:\/\/linmot.com\/de\/wp-content\/uploads\/sites\/2\/2021\/11\/textil-300x200-1.jpg\" alt=\"\" width=\"300\" height=\"200\" \/>\n<p class=\"bodytext\" align=\"justify\">Los requisitos que hoy en d\u00eda se le exigen a las m\u00e1quinas de la industria textil son m\u00faltiples: se requiere un uso m\u00e1s flexible y optimizado de los materiales, una ampl\u00edsima gama de patrones, una fiabilidad absoluta y bienes libres de fallos.<\/p>\n<p><a class=\"button\" href=\"\/es\/soluciones-industriales\/maquinas-textiles\/\" rel=\"noopener\">Leer m\u00e1s<\/a><\/p>\n<\/div>\n<div class=\"col-md-4\">\n<h4>Life Science<\/h4>\n<img loading=\"lazy\" decoding=\"async\" class=\"alignnone size-full wp-image-3438\" src=\"https:\/\/linmot.com\/es\/wp-content\/uploads\/sites\/5\/2024\/07\/life-science-soluzioni.jpg\" alt=\"\" width=\"300\" height=\"200\" \/>\n<p class=\"bodytext\" align=\"justify\">En el sector de las ciencias de la vida, el dise\u00f1o de maquinaria para el procesamiento de productos es fundamental.<\/p>\n<p><a class=\"button\" href=\"\/es\/soluciones-industriales\/life-science\/\" rel=\"noopener\">Leer m\u00e1s<\/a><\/p>\n<\/div>\n<div class=\"col-md-4\">\n<h4>Semiconductores &amp; Electr\u00f3nica<\/h4>\n<img loading=\"lazy\" decoding=\"async\" class=\"alignnone size-full wp-image-2539\" src=\"https:\/\/linmot.com\/de\/wp-content\/uploads\/sites\/2\/2021\/11\/halbleiter-elektronik-300x200-1.jpg\" alt=\"\" width=\"300\" height=\"200\" \/>\n<p class=\"bodytext\" align=\"justify\">En la industria de los semiconductores, la disponibilidad de los sistemas y m\u00e1quinas es un requisito absoluto.<\/p>\n<p><a class=\"button\" href=\"\/es\/soluciones-industriales\/semiconductores-electronica\/\" rel=\"noopener\">Leer m\u00e1s<\/a><\/p>\n<\/div>\n<\/div>\n<div class=\"row\">\n<div class=\"col-md-4\">\n<h4>Automatizaci\u00f3n de laboratorio<\/h4>\n<img loading=\"lazy\" decoding=\"async\" class=\"alignnone size-full wp-image-2538\" src=\"https:\/\/linmot.com\/de\/wp-content\/uploads\/sites\/2\/2021\/11\/laborautomation-300x200-1.jpg\" alt=\"\" width=\"300\" height=\"200\" \/>\n<p class=\"bodytext\" align=\"justify\">La automatizaci\u00f3n de laboratorios adquiere cada d\u00eda m\u00e1s importancia en las ciencias de la salud modernas. Asumir este desarrollo es el desaf\u00edo de generar m\u00e1s y m\u00e1s puntos de datos, evitando al mismo tiempo los errores, documentando minuciosamente los experimentos y, simult\u00e1neamente, reduciendo los costes.<\/p>\n<p><a class=\"button\" href=\"\/es\/soluciones-industriales\/automatizacion-de-laboratorio\/\" rel=\"noopener\">Leer m\u00e1s<\/a><\/p>\n<\/div>\n<div class=\"col-md-4\">\n<h4>Impresi\u00f3n y etiquetado<\/h4>\n<img loading=\"lazy\" decoding=\"async\" class=\"alignnone size-full wp-image-2537\" src=\"https:\/\/linmot.com\/de\/wp-content\/uploads\/sites\/2\/2021\/11\/drucken-etikettieren-300x200-1.jpg\" alt=\"\" width=\"300\" height=\"200\" \/>\n<p class=\"bodytext\" align=\"justify\">El principal reto en el campo de la impresi\u00f3n y etiquetado es una producci\u00f3n rentable y libre de errores, con lotes breves y con una reproducibilidad de alta calidad. La tecnolog\u00eda de servosistemas el\u00e9ctricos, altamente din\u00e1micos y precisos, juega un papel fundamental.<\/p>\n<p><a class=\"button\" href=\"\/es\/soluciones-industriales\/impresion-y-etiquetado\/\" rel=\"noopener\">Leer m\u00e1s<\/a><\/p>\n<\/div>\n<div class=\"col-md-4\">\n<h4>Embalaje<\/h4>\n<img loading=\"lazy\" decoding=\"async\" class=\"alignnone size-full wp-image-2536\" src=\"https:\/\/linmot.com\/de\/wp-content\/uploads\/sites\/2\/2021\/11\/verpacken-300x200-1.jpg\" alt=\"\" width=\"300\" height=\"200\" \/>\n<p class=\"bodytext\" align=\"justify\">El envasado y empaquetado es una parte indispensable de la vida cotidiana. La amplia gama de productos que nos encontramos cada d\u00eda resulta en una amplia gama de tipos de envases.<\/p>\n<p><a class=\"button\" href=\"\/es\/soluciones-industriales\/embalaje\/\" rel=\"noopener\">Leer m\u00e1s<\/a><\/p>\n<\/div>\n<\/div>\n<div class=\"row\">\n<div class=\"col-md-4\">\n<h4>Medicina y Farmacia<\/h4>\n<img loading=\"lazy\" decoding=\"async\" class=\"alignnone size-full wp-image-2535\" src=\"https:\/\/linmot.com\/de\/wp-content\/uploads\/sites\/2\/2021\/11\/medizin-pharma-300x200-1.jpg\" alt=\"\" width=\"300\" height=\"200\" \/>\n<p class=\"bodytext\" align=\"justify\">El rango de aplicaciones de motores lineales en el sector m\u00e9dico y farmac\u00e9utico es muy amplio. Para la manipulaci\u00f3n de muestras de sangre, conteo y llenado de p\u00edldoras, o para el empaquetado complejo de medicamentos, los servosistemas LinMot proporcionan un alto nivel de din\u00e1mica y precisi\u00f3n en la implementaci\u00f3n de estas tareas.<\/p>\n<p><a class=\"button\" href=\"\/es\/soluciones-industriales\/medicina-farmacia\/\" rel=\"noopener\">Leer m\u00e1s<\/a><\/p>\n<\/div>\n<div class=\"col-md-4\">\n<h4><strong>Procesamiento de la madera<\/strong><\/h4>\n<img loading=\"lazy\" decoding=\"async\" class=\"alignnone wp-image-2542 size-full\" src=\"https:\/\/linmot.com\/de\/wp-content\/uploads\/sites\/2\/2021\/11\/holzbearbeitung-300x200-1.jpg\" alt=\"\" width=\"300\" height=\"200\" \/>\n<p class=\"bodytext\" align=\"justify\">Alta eficiencia, funcionalidad sin concesiones, fiabilidad y alta disponibilidad: tecnolog\u00eda lineal en el trabajo de la madera.<\/p>\n<p><a class=\"button\" href=\"\/es\/soluciones-industriales\/procesamiento-de-la-madera\/\" rel=\"noopener\">Leer m\u00e1s<\/a><\/p>\n<\/div>\n<\/div>\n","protected":false},"excerpt":{"rendered":"<p>Soluciones industriales \u00f3ptimas &#8211; Los motores lineales y los servoaccionamientos LinMot est\u00e1n dise\u00f1ados para su uso en entornos industriales duros y exigentes. Se caracterizan por sus extraordinarias propiedades t\u00e9cnicas, su bajo mantenimiento y su extrema durabilidad. El dise\u00f1o cerrado y la fundici\u00f3n de todos los componentes del motor en un tubo de hierro macizo, as\u00ed [&hellip;]<\/p>\n","protected":false},"author":1,"featured_media":0,"parent":0,"menu_order":41,"comment_status":"closed","ping_status":"closed","template":"","meta":{"_acf_changed":false,"footnotes":""},"class_list":["post-8","page","type-page","status-publish","hentry"],"acf":[],"yoast_head":"<!-- This site is optimized with the Yoast SEO Premium plugin v20.9 (Yoast SEO v27.3) - https:\/\/yoast.com\/product\/yoast-seo-premium-wordpress\/ -->\n<title>Soluciones industriales - LinMot &amp; MagSpring - Espa\u00f1ol<\/title>\n<meta name=\"description\" content=\"Soluciones industriales \u00f3ptimas: los motores lineales y los servoaccionamientos est\u00e1n dise\u00f1ados para su uso en entornos industriales duros y exigentes.\" \/>\n<meta name=\"robots\" content=\"index, follow, max-snippet:-1, max-image-preview:large, max-video-preview:-1\" \/>\n<link rel=\"canonical\" href=\"https:\/\/linmot.com\/es\/soluciones-industriales\/\" \/>\n<meta property=\"og:locale\" content=\"es_ES\" \/>\n<meta property=\"og:type\" content=\"article\" \/>\n<meta property=\"og:title\" content=\"Soluciones industriales | LinMot &amp; MagSpring\" \/>\n<meta property=\"og:description\" content=\"Soluciones industriales \u00f3ptimas: los motores lineales y los servoaccionamientos est\u00e1n dise\u00f1ados para su uso en entornos industriales duros y exigentes.\" \/>\n<meta property=\"og:url\" content=\"https:\/\/linmot.com\/es\/soluciones-industriales\/\" \/>\n<meta property=\"og:site_name\" content=\"LinMot &amp; MagSpring - Espa\u00f1ol\" \/>\n<meta property=\"article:modified_time\" content=\"2024-07-08T09:42:39+00:00\" \/>\n<meta property=\"og:image\" content=\"https:\/\/linmot.com\/es\/wp-content\/uploads\/sites\/5\/2017\/10\/LinMot-Solutions-Food-Products-Industry.jpg\" \/>\n\t<meta property=\"og:image:width\" content=\"940\" \/>\n\t<meta property=\"og:image:height\" content=\"300\" \/>\n\t<meta property=\"og:image:type\" content=\"image\/jpeg\" \/>\n<meta name=\"twitter:card\" content=\"summary_large_image\" \/>\n<meta name=\"twitter:title\" content=\"Soluciones industriales | LinMot &amp; MagSpring\" \/>\n<meta name=\"twitter:description\" content=\"Soluciones industriales \u00f3ptimas: los motores lineales y los servoaccionamientos est\u00e1n dise\u00f1ados para su uso en entornos industriales duros y exigentes.\" \/>\n<meta name=\"twitter:image\" content=\"https:\/\/linmot.com\/es\/wp-content\/uploads\/sites\/5\/2017\/10\/LinMot-Solutions-Food-Products-Industry.jpg\" \/>\n<meta name=\"twitter:label1\" content=\"Tiempo de lectura\" \/>\n\t<meta name=\"twitter:data1\" content=\"5 minutos\" \/>\n<script type=\"application\/ld+json\" class=\"yoast-schema-graph\">{\"@context\":\"https:\\\/\\\/schema.org\",\"@graph\":[{\"@type\":\"WebPage\",\"@id\":\"https:\\\/\\\/linmot.com\\\/es\\\/soluciones-industriales\\\/\",\"url\":\"https:\\\/\\\/linmot.com\\\/es\\\/soluciones-industriales\\\/\",\"name\":\"Soluciones industriales - LinMot &amp; MagSpring - Espa\u00f1ol\",\"isPartOf\":{\"@id\":\"https:\\\/\\\/linmot.com\\\/es\\\/#website\"},\"primaryImageOfPage\":{\"@id\":\"https:\\\/\\\/linmot.com\\\/es\\\/soluciones-industriales\\\/#primaryimage\"},\"image\":{\"@id\":\"https:\\\/\\\/linmot.com\\\/es\\\/soluciones-industriales\\\/#primaryimage\"},\"thumbnailUrl\":\"https:\\\/\\\/linmot.com\\\/de\\\/wp-content\\\/uploads\\\/sites\\\/2\\\/2021\\\/11\\\/lebensmittel-300x200-1.jpg\",\"datePublished\":\"2017-10-20T21:20:03+00:00\",\"dateModified\":\"2024-07-08T09:42:39+00:00\",\"description\":\"Soluciones industriales \u00f3ptimas: los motores lineales y los servoaccionamientos est\u00e1n dise\u00f1ados para su uso en entornos industriales duros y exigentes.\",\"breadcrumb\":{\"@id\":\"https:\\\/\\\/linmot.com\\\/es\\\/soluciones-industriales\\\/#breadcrumb\"},\"inLanguage\":\"es\",\"potentialAction\":[{\"@type\":\"ReadAction\",\"target\":[\"https:\\\/\\\/linmot.com\\\/es\\\/soluciones-industriales\\\/\"]}]},{\"@type\":\"ImageObject\",\"inLanguage\":\"es\",\"@id\":\"https:\\\/\\\/linmot.com\\\/es\\\/soluciones-industriales\\\/#primaryimage\",\"url\":\"https:\\\/\\\/linmot.com\\\/de\\\/wp-content\\\/uploads\\\/sites\\\/2\\\/2021\\\/11\\\/lebensmittel-300x200-1.jpg\",\"contentUrl\":\"https:\\\/\\\/linmot.com\\\/de\\\/wp-content\\\/uploads\\\/sites\\\/2\\\/2021\\\/11\\\/lebensmittel-300x200-1.jpg\"},{\"@type\":\"BreadcrumbList\",\"@id\":\"https:\\\/\\\/linmot.com\\\/es\\\/soluciones-industriales\\\/#breadcrumb\",\"itemListElement\":[{\"@type\":\"ListItem\",\"position\":1,\"name\":\"Home\",\"item\":\"https:\\\/\\\/linmot.com\\\/es\\\/\"},{\"@type\":\"ListItem\",\"position\":2,\"name\":\"Soluciones industriales\"}]},{\"@type\":\"WebSite\",\"@id\":\"https:\\\/\\\/linmot.com\\\/es\\\/#website\",\"url\":\"https:\\\/\\\/linmot.com\\\/es\\\/\",\"name\":\"LinMot &amp; MagSpring - Espa\u00f1ol\",\"description\":\"Motores lineales y sistemas de motores lineales de alta calidad\",\"publisher\":{\"@id\":\"https:\\\/\\\/linmot.com\\\/es\\\/#organization\"},\"potentialAction\":[{\"@type\":\"SearchAction\",\"target\":{\"@type\":\"EntryPoint\",\"urlTemplate\":\"https:\\\/\\\/linmot.com\\\/es\\\/?s={search_term_string}\"},\"query-input\":{\"@type\":\"PropertyValueSpecification\",\"valueRequired\":true,\"valueName\":\"search_term_string\"}}],\"inLanguage\":\"es\"},{\"@type\":\"Organization\",\"@id\":\"https:\\\/\\\/linmot.com\\\/es\\\/#organization\",\"name\":\"NTI AG - LinMot & MagSpring\",\"url\":\"https:\\\/\\\/linmot.com\\\/es\\\/\",\"logo\":{\"@type\":\"ImageObject\",\"inLanguage\":\"es\",\"@id\":\"https:\\\/\\\/linmot.com\\\/es\\\/#\\\/schema\\\/logo\\\/image\\\/\",\"url\":\"https:\\\/\\\/linmot.com\\\/es\\\/wp-content\\\/uploads\\\/sites\\\/5\\\/2022\\\/05\\\/linmot-social-share-logo.jpg\",\"contentUrl\":\"https:\\\/\\\/linmot.com\\\/es\\\/wp-content\\\/uploads\\\/sites\\\/5\\\/2022\\\/05\\\/linmot-social-share-logo.jpg\",\"width\":800,\"height\":500,\"caption\":\"NTI AG - LinMot & MagSpring\"},\"image\":{\"@id\":\"https:\\\/\\\/linmot.com\\\/es\\\/#\\\/schema\\\/logo\\\/image\\\/\"},\"sameAs\":[\"https:\\\/\\\/www.linkedin.com\\\/company\\\/nti-ag-linmot-magspring\",\"https:\\\/\\\/www.youtube.com\\\/user\\\/LinMotEurope\"]}]}<\/script>\n<!-- \/ Yoast SEO Premium plugin. -->","yoast_head_json":{"title":"Soluciones industriales - LinMot &amp; MagSpring - Espa\u00f1ol","description":"Soluciones industriales \u00f3ptimas: los motores lineales y los servoaccionamientos est\u00e1n dise\u00f1ados para su uso en entornos industriales duros y exigentes.","robots":{"index":"index","follow":"follow","max-snippet":"max-snippet:-1","max-image-preview":"max-image-preview:large","max-video-preview":"max-video-preview:-1"},"canonical":"https:\/\/linmot.com\/es\/soluciones-industriales\/","og_locale":"es_ES","og_type":"article","og_title":"Soluciones industriales | LinMot & MagSpring","og_description":"Soluciones industriales \u00f3ptimas: los motores lineales y los servoaccionamientos est\u00e1n dise\u00f1ados para su uso en entornos industriales duros y exigentes.","og_url":"https:\/\/linmot.com\/es\/soluciones-industriales\/","og_site_name":"LinMot &amp; MagSpring - Espa\u00f1ol","article_modified_time":"2024-07-08T09:42:39+00:00","og_image":[{"width":940,"height":300,"url":"https:\/\/linmot.com\/es\/wp-content\/uploads\/sites\/5\/2017\/10\/LinMot-Solutions-Food-Products-Industry.jpg","type":"image\/jpeg"}],"twitter_card":"summary_large_image","twitter_title":"Soluciones industriales | LinMot & MagSpring","twitter_description":"Soluciones industriales \u00f3ptimas: los motores lineales y los servoaccionamientos est\u00e1n dise\u00f1ados para su uso en entornos industriales duros y exigentes.","twitter_image":"https:\/\/linmot.com\/es\/wp-content\/uploads\/sites\/5\/2017\/10\/LinMot-Solutions-Food-Products-Industry.jpg","twitter_misc":{"Tiempo de lectura":"5 minutos"},"schema":{"@context":"https:\/\/schema.org","@graph":[{"@type":"WebPage","@id":"https:\/\/linmot.com\/es\/soluciones-industriales\/","url":"https:\/\/linmot.com\/es\/soluciones-industriales\/","name":"Soluciones industriales - LinMot &amp; MagSpring - Espa\u00f1ol","isPartOf":{"@id":"https:\/\/linmot.com\/es\/#website"},"primaryImageOfPage":{"@id":"https:\/\/linmot.com\/es\/soluciones-industriales\/#primaryimage"},"image":{"@id":"https:\/\/linmot.com\/es\/soluciones-industriales\/#primaryimage"},"thumbnailUrl":"https:\/\/linmot.com\/de\/wp-content\/uploads\/sites\/2\/2021\/11\/lebensmittel-300x200-1.jpg","datePublished":"2017-10-20T21:20:03+00:00","dateModified":"2024-07-08T09:42:39+00:00","description":"Soluciones industriales \u00f3ptimas: los motores lineales y los servoaccionamientos est\u00e1n dise\u00f1ados para su uso en entornos industriales duros y exigentes.","breadcrumb":{"@id":"https:\/\/linmot.com\/es\/soluciones-industriales\/#breadcrumb"},"inLanguage":"es","potentialAction":[{"@type":"ReadAction","target":["https:\/\/linmot.com\/es\/soluciones-industriales\/"]}]},{"@type":"ImageObject","inLanguage":"es","@id":"https:\/\/linmot.com\/es\/soluciones-industriales\/#primaryimage","url":"https:\/\/linmot.com\/de\/wp-content\/uploads\/sites\/2\/2021\/11\/lebensmittel-300x200-1.jpg","contentUrl":"https:\/\/linmot.com\/de\/wp-content\/uploads\/sites\/2\/2021\/11\/lebensmittel-300x200-1.jpg"},{"@type":"BreadcrumbList","@id":"https:\/\/linmot.com\/es\/soluciones-industriales\/#breadcrumb","itemListElement":[{"@type":"ListItem","position":1,"name":"Home","item":"https:\/\/linmot.com\/es\/"},{"@type":"ListItem","position":2,"name":"Soluciones industriales"}]},{"@type":"WebSite","@id":"https:\/\/linmot.com\/es\/#website","url":"https:\/\/linmot.com\/es\/","name":"LinMot &amp; MagSpring - Espa\u00f1ol","description":"Motores lineales y sistemas de motores lineales de alta calidad","publisher":{"@id":"https:\/\/linmot.com\/es\/#organization"},"potentialAction":[{"@type":"SearchAction","target":{"@type":"EntryPoint","urlTemplate":"https:\/\/linmot.com\/es\/?s={search_term_string}"},"query-input":{"@type":"PropertyValueSpecification","valueRequired":true,"valueName":"search_term_string"}}],"inLanguage":"es"},{"@type":"Organization","@id":"https:\/\/linmot.com\/es\/#organization","name":"NTI AG - LinMot & MagSpring","url":"https:\/\/linmot.com\/es\/","logo":{"@type":"ImageObject","inLanguage":"es","@id":"https:\/\/linmot.com\/es\/#\/schema\/logo\/image\/","url":"https:\/\/linmot.com\/es\/wp-content\/uploads\/sites\/5\/2022\/05\/linmot-social-share-logo.jpg","contentUrl":"https:\/\/linmot.com\/es\/wp-content\/uploads\/sites\/5\/2022\/05\/linmot-social-share-logo.jpg","width":800,"height":500,"caption":"NTI AG - LinMot & MagSpring"},"image":{"@id":"https:\/\/linmot.com\/es\/#\/schema\/logo\/image\/"},"sameAs":["https:\/\/www.linkedin.com\/company\/nti-ag-linmot-magspring","https:\/\/www.youtube.com\/user\/LinMotEurope"]}]}},"_links":{"self":[{"href":"https:\/\/linmot.com\/es\/wp-json\/wp\/v2\/pages\/8","targetHints":{"allow":["GET"]}}],"collection":[{"href":"https:\/\/linmot.com\/es\/wp-json\/wp\/v2\/pages"}],"about":[{"href":"https:\/\/linmot.com\/es\/wp-json\/wp\/v2\/types\/page"}],"author":[{"embeddable":true,"href":"https:\/\/linmot.com\/es\/wp-json\/wp\/v2\/users\/1"}],"replies":[{"embeddable":true,"href":"https:\/\/linmot.com\/es\/wp-json\/wp\/v2\/comments?post=8"}],"version-history":[{"count":9,"href":"https:\/\/linmot.com\/es\/wp-json\/wp\/v2\/pages\/8\/revisions"}],"predecessor-version":[{"id":3439,"href":"https:\/\/linmot.com\/es\/wp-json\/wp\/v2\/pages\/8\/revisions\/3439"}],"wp:attachment":[{"href":"https:\/\/linmot.com\/es\/wp-json\/wp\/v2\/media?parent=8"}],"curies":[{"name":"wp","href":"https:\/\/api.w.org\/{rel}","templated":true}]}}