{"id":791,"date":"2018-08-26T20:33:41","date_gmt":"2018-08-26T18:33:41","guid":{"rendered":"https:\/\/linmot.com\/?page_id=791"},"modified":"2024-08-28T13:50:03","modified_gmt":"2024-08-28T13:50:03","slug":"motores-lineales-con-controlador-integrado","status":"publish","type":"page","link":"https:\/\/linmot.com\/es\/productos\/motores-lineales-con-controlador-integrado\/","title":{"rendered":"Motores lineales con controlador integrado"},"content":{"rendered":"<p align=\"justify\"><strong>La unidad PD03 consta de un motor lineal compacto y controlador integrado. Este innovador concepto permitir\u00e1 eliminar el controlador del armario el\u00e9ctrico para los accionamientos directos lineales, reduciendo as\u00ed en gran medida el tiempo y el esfuerzo de instalaci\u00f3n. Adem\u00e1s, esto abre la posibilidad de acoplar eficientemente varios dispositivos en una conexi\u00f3n en cadena. Esta nueva generaci\u00f3n de motores puede utilizarse para implementar f\u00e1cilmente conceptos de m\u00e1quinas modulares.<\/strong><\/p>\n<hr \/>\n<div class=\"row\">\n<div class=\"col-sm-2\">\n<p><a class=\"button\" href=\"#detalles\">1. detalles<\/a><\/p>\n<\/div>\n<div class=\"col-sm-1\">\n<\/div>\n<div class=\"col-sm-2\">\n<p><a class=\"button\" href=\"#contacto\">2. contacto<\/a><\/p>\n<\/div>\n<\/div>\n<hr \/>\n<h3 id=\"detalles\">1. detalles<\/h3>\n<p align=\"justify\">En el interior del PD03 se encuentra un <a href=\"\/es\/productos\/motores-lineales\/\">motor lineal<\/a> de la serie 37Sx120F-HP. Este motor de estilo corto puede producir una fuerza m\u00e1xima de 255 N y una velocidad m\u00e1xima de 3,8 m\/s. Junto con el programa de deslizamiento de alta resoluci\u00f3n, el rango de carrera es de hasta 1480 mm. Como todos los motores LinMot, este modelo tambi\u00e9n puede posicionarse libremente y tiene una alta estabilidad de proceso y una larga vida \u00fatil, sin componentes de desgaste.<\/p>\n<p align=\"justify\">El controlador suministra al motor una corriente de hasta 25 A y dispone de una interfaz de Ethernet industrial. Est\u00e1 disponible EtherCAT con perfiles de dispositivo LinMot I\/O (-EC), CiA402 (-DS) y SoE (-SE). Otras interfaces bajo petici\u00f3n. La interfaz de configuraci\u00f3n RS232 y el interruptor DIP se instalan detr\u00e1s de una cubierta protectora, que garantiza el cumplimiento de los requisitos de estanqueidad. De este modo, el motor con controlador integrado cumple con la clase de protecci\u00f3n IP 65 para evitar la infiltraci\u00f3n de polvo y salpicaduras de agua.<\/p>\n<div class=\"row\">\n<div class=\"col-md-5\">\n<ul>\n<li>Motor lineal de alto rendimiento con controlador integrado<\/li>\n<li>Factor de forma compacto<\/li>\n<li>Altamente din\u00e1mico<\/li>\n<li>Adecuado para interconexionado en serie<\/li>\n<li>Brida de montaje integrada<\/li>\n<li>Bajo esfuerzo de cableado<\/li>\n<\/ul>\n<p><a class=\"btn btn-active\" href=\"https:\/\/shop.linmot.com\/E\/linear-motors-with-drives.htm\" target=\"_blank\" rel=\"noopener noreferrer\">A los detalles en el cat\u00e1logo electr\u00f3nico (ingl\u00e9s)<\/a><\/p>\n<\/div>\n<div class=\"col-md-7\">\n<div class=\"carousel slide\" id=\"b6b306cdbb49b00907474b768e1c2e5f\" data-ride=\"carousel\">  <div class=\"carousel-inner\" role=\"listbox\">    <div class=\"item active\">      <img decoding=\"async\" src=\"https:\/\/linmot.com\/es\/wp-content\/uploads\/sites\/5\/2018\/08\/2018-Linmot-PD03_3.jpg\" alt=\"...\">    <\/div>    <div class=\"item\">      <img decoding=\"async\" src=\"https:\/\/linmot.com\/es\/wp-content\/uploads\/sites\/5\/2018\/08\/2018-Linmot-PD03-1.jpg\" alt=\"...\">    <\/div>    <div class=\"item\">      <img decoding=\"async\" src=\"https:\/\/linmot.com\/es\/wp-content\/uploads\/sites\/5\/2018\/08\/2018-Linmot-PD03_2.jpg\" alt=\"...\">    <\/div>  <\/div><div class=\"navigation\"><a class=\"left carousel-control\" href=\"#b6b306cdbb49b00907474b768e1c2e5f\" role=\"button\" data-slide=\"prev\"><\/a><a class=\"right carousel-control\" href=\"#b6b306cdbb49b00907474b768e1c2e5f\" role=\"button\" data-slide=\"next\"><\/a><\/div><\/div>\n<\/div>\n<\/div>\n<blockquote><p>Concepto de producto innovador a trav\u00e9s del cual ya no es necesario el controlador en el armario de control<\/p><\/blockquote>\n<h3 id=\"contacto\">2. contacto<\/h3>\n<div class=\"row download\">\n<div class=\"col-md-6\">\n<h4 class=\"download-title\">\u00bfTiene alguna pregunta sobre los motores lineales con controlador integrado?<\/h4>\n<p class=\"bodytext\">Estaremos encantados de responder a cualquier pregunta que tenga.<br \/>\nP\u00f3ngase en contacto con nosotros mediante el siguiente formulario o ll\u00e1menos al:<\/p>\n<p class=\"bodytext\">Tel: +34 943 140 139<\/p>\n<\/div>\n<div class=\"col-md-1\">\n<\/div>\n<div class=\"col-md-5\">\n\n<div class=\"wpcf7 no-js\" id=\"wpcf7-f1752-o1\" lang=\"es-ES\" dir=\"ltr\" data-wpcf7-id=\"1752\">\n<div class=\"screen-reader-response\"><p role=\"status\" aria-live=\"polite\" aria-atomic=\"true\"><\/p> <ul><\/ul><\/div>\n<form action=\"\/es\/wp-json\/wp\/v2\/pages\/791#wpcf7-f1752-o1\" method=\"post\" class=\"wpcf7-form init\" aria-label=\"Formulario de contacto\" novalidate=\"novalidate\" data-status=\"init\">\n<fieldset class=\"hidden-fields-container\"><input type=\"hidden\" name=\"_wpcf7\" value=\"1752\" \/><input type=\"hidden\" name=\"_wpcf7_version\" value=\"6.1.5\" \/><input type=\"hidden\" name=\"_wpcf7_locale\" value=\"es_ES\" \/><input type=\"hidden\" name=\"_wpcf7_unit_tag\" value=\"wpcf7-f1752-o1\" \/><input type=\"hidden\" name=\"_wpcf7_container_post\" value=\"0\" \/><input type=\"hidden\" name=\"_wpcf7_posted_data_hash\" value=\"\" \/><input type=\"hidden\" name=\"_wpcf7_recaptcha_response\" value=\"\" \/>\n<\/fieldset>\n<label> Tu nombre<br>\n    <span class=\"wpcf7-form-control-wrap\" data-name=\"your-name\"><input size=\"40\" maxlength=\"400\" class=\"wpcf7-form-control wpcf7-text wpcf7-validates-as-required\" aria-required=\"true\" aria-invalid=\"false\" value=\"\" type=\"text\" name=\"your-name\" \/><\/span> <\/label><br>\n<br>\n<label> Tu empresa<br>\n    <span class=\"wpcf7-form-control-wrap\" data-name=\"your-company\"><input size=\"40\" maxlength=\"400\" class=\"wpcf7-form-control wpcf7-text wpcf7-validates-as-required\" aria-required=\"true\" aria-invalid=\"false\" value=\"\" type=\"text\" name=\"your-company\" \/><\/span> <\/label><br>\n<br>\n<label> C\u00f3digo postal<br>\n    <span class=\"wpcf7-form-control-wrap\" data-name=\"your-plz\"><input class=\"wpcf7-form-control wpcf7-number wpcf7-validates-as-required wpcf7-validates-as-number\" aria-required=\"true\" aria-invalid=\"false\" value=\"\" type=\"number\" name=\"your-plz\" \/><\/span> <\/label>\n<br>\n<label> Pa\u00eds<br>\n    <span class=\"wpcf7-form-control-wrap\" data-name=\"your-country\"><input size=\"40\" maxlength=\"400\" class=\"wpcf7-form-control wpcf7-text wpcf7-validates-as-required\" aria-required=\"true\" aria-invalid=\"false\" value=\"\" type=\"text\" name=\"your-country\" \/><\/span> <\/label><br>\n<br>\n<label> Tu tel\u00e9fono<br>\n    <span class=\"wpcf7-form-control-wrap\" data-name=\"your-telephone\"><input size=\"40\" maxlength=\"400\" class=\"wpcf7-form-control wpcf7-tel wpcf7-validates-as-required wpcf7-text wpcf7-validates-as-tel\" aria-required=\"true\" aria-invalid=\"false\" value=\"\" type=\"tel\" name=\"your-telephone\" \/><\/span> <\/label><br>\n<br>\n<label> Tu correo electr\u00f3nico<br>\n    <span class=\"wpcf7-form-control-wrap\" data-name=\"your-email\"><input size=\"40\" maxlength=\"400\" class=\"wpcf7-form-control wpcf7-email wpcf7-validates-as-required wpcf7-text wpcf7-validates-as-email\" aria-required=\"true\" aria-invalid=\"false\" value=\"\" type=\"email\" name=\"your-email\" \/><\/span> <\/label><br>\n<br>\n<label> Asunto<br>\n    <span class=\"wpcf7-form-control-wrap\" data-name=\"your-subject\"><input size=\"40\" maxlength=\"400\" class=\"wpcf7-form-control wpcf7-text wpcf7-validates-as-required\" aria-required=\"true\" aria-invalid=\"false\" value=\"\" type=\"text\" name=\"your-subject\" \/><\/span> <\/label><br>\n<br>\n<label> Tu mensaje (opcional)<br>\n    <span class=\"wpcf7-form-control-wrap\" data-name=\"your-message\"><textarea cols=\"40\" rows=\"10\" maxlength=\"2000\" class=\"wpcf7-form-control wpcf7-textarea\" aria-invalid=\"false\" name=\"your-message\"><\/textarea><\/span> <\/label><br>\n<br>\n<input class=\"wpcf7-form-control wpcf7-submit has-spinner\" type=\"submit\" value=\"Enviar\" \/><div class=\"wpcf7-response-output\" aria-hidden=\"true\"><\/div>\n<\/form>\n<\/div>\n\n<\/div>\n<\/div>\n","protected":false},"excerpt":{"rendered":"<p>La unidad PD03 consta de un motor lineal compacto y controlador integrado. Este innovador concepto permitir\u00e1 eliminar el controlador del armario el\u00e9ctrico para los accionamientos directos lineales, reduciendo as\u00ed en gran medida el tiempo y el esfuerzo de instalaci\u00f3n. Adem\u00e1s, esto abre la posibilidad de acoplar eficientemente varios dispositivos en una conexi\u00f3n en cadena. Esta [&hellip;]<\/p>\n","protected":false},"author":1,"featured_media":0,"parent":1210,"menu_order":119,"comment_status":"closed","ping_status":"closed","template":"","meta":{"_acf_changed":false,"footnotes":""},"class_list":["post-791","page","type-page","status-publish","hentry"],"acf":[],"yoast_head":"<!-- This site is optimized with the Yoast SEO Premium plugin v20.9 (Yoast SEO v27.4) - https:\/\/yoast.com\/product\/yoast-seo-premium-wordpress\/ -->\n<title>Motores lineales con controlador integrado | LinMot<\/title>\n<meta name=\"description\" content=\"La unidad de accionamiento PD03 consiste en un motor lineal compacto con controlador integrado, lo que hace superfluo el controlador en el armario de control.\" \/>\n<meta name=\"robots\" content=\"index, follow, max-snippet:-1, max-image-preview:large, max-video-preview:-1\" \/>\n<link rel=\"canonical\" href=\"https:\/\/linmot.com\/es\/productos\/motores-lineales-con-controlador-integrado\/\" \/>\n<meta property=\"og:locale\" content=\"es_ES\" \/>\n<meta property=\"og:type\" content=\"article\" \/>\n<meta property=\"og:title\" content=\"Motores lineales con controlador integrado | LinMot\" \/>\n<meta property=\"og:description\" content=\"La unidad de accionamiento PD03 consiste en un motor lineal compacto con controlador integrado, lo que hace superfluo el controlador en el armario de control.\" \/>\n<meta property=\"og:url\" content=\"https:\/\/linmot.com\/es\/productos\/motores-lineales-con-controlador-integrado\/\" \/>\n<meta property=\"og:site_name\" content=\"LinMot &amp; MagSpring - Espa\u00f1ol\" \/>\n<meta property=\"article:modified_time\" content=\"2024-08-28T13:50:03+00:00\" \/>\n<meta property=\"og:image\" content=\"https:\/\/linmot.com\/es\/wp-content\/uploads\/sites\/5\/2022\/05\/linmot-social-share-logo.jpg\" \/>\n\t<meta property=\"og:image:width\" content=\"800\" \/>\n\t<meta property=\"og:image:height\" content=\"500\" \/>\n\t<meta property=\"og:image:type\" content=\"image\/jpeg\" \/>\n<meta name=\"twitter:card\" content=\"summary_large_image\" \/>\n<meta name=\"twitter:title\" content=\"Motores lineales con controlador integrado | LinMot\" \/>\n<meta name=\"twitter:description\" content=\"La unidad de accionamiento PD03 consiste en un motor lineal compacto con controlador integrado, lo que hace superfluo el controlador en el armario de control.\" \/>\n<meta name=\"twitter:label1\" content=\"Tiempo de lectura\" \/>\n\t<meta name=\"twitter:data1\" content=\"2 minutos\" \/>\n<script type=\"application\/ld+json\" class=\"yoast-schema-graph\">{\"@context\":\"https:\\\/\\\/schema.org\",\"@graph\":[{\"@type\":\"WebPage\",\"@id\":\"https:\\\/\\\/linmot.com\\\/es\\\/productos\\\/motores-lineales-con-controlador-integrado\\\/\",\"url\":\"https:\\\/\\\/linmot.com\\\/es\\\/productos\\\/motores-lineales-con-controlador-integrado\\\/\",\"name\":\"Motores lineales con controlador integrado | LinMot\",\"isPartOf\":{\"@id\":\"https:\\\/\\\/linmot.com\\\/es\\\/#website\"},\"datePublished\":\"2018-08-26T18:33:41+00:00\",\"dateModified\":\"2024-08-28T13:50:03+00:00\",\"description\":\"La unidad de accionamiento PD03 consiste en un motor lineal compacto con controlador integrado, lo que hace superfluo el controlador en el armario de control.\",\"breadcrumb\":{\"@id\":\"https:\\\/\\\/linmot.com\\\/es\\\/productos\\\/motores-lineales-con-controlador-integrado\\\/#breadcrumb\"},\"inLanguage\":\"es\",\"potentialAction\":[{\"@type\":\"ReadAction\",\"target\":[\"https:\\\/\\\/linmot.com\\\/es\\\/productos\\\/motores-lineales-con-controlador-integrado\\\/\"]}]},{\"@type\":\"BreadcrumbList\",\"@id\":\"https:\\\/\\\/linmot.com\\\/es\\\/productos\\\/motores-lineales-con-controlador-integrado\\\/#breadcrumb\",\"itemListElement\":[{\"@type\":\"ListItem\",\"position\":1,\"name\":\"Home\",\"item\":\"https:\\\/\\\/linmot.com\\\/es\\\/\"},{\"@type\":\"ListItem\",\"position\":2,\"name\":\"Productos\",\"item\":\"https:\\\/\\\/linmot.com\\\/es\\\/productos\\\/\"},{\"@type\":\"ListItem\",\"position\":3,\"name\":\"Motores lineales con controlador integrado\"}]},{\"@type\":\"WebSite\",\"@id\":\"https:\\\/\\\/linmot.com\\\/es\\\/#website\",\"url\":\"https:\\\/\\\/linmot.com\\\/es\\\/\",\"name\":\"LinMot &amp; MagSpring - Espa\u00f1ol\",\"description\":\"Motores lineales y sistemas de motores lineales de alta calidad\",\"publisher\":{\"@id\":\"https:\\\/\\\/linmot.com\\\/es\\\/#organization\"},\"potentialAction\":[{\"@type\":\"SearchAction\",\"target\":{\"@type\":\"EntryPoint\",\"urlTemplate\":\"https:\\\/\\\/linmot.com\\\/es\\\/?s={search_term_string}\"},\"query-input\":{\"@type\":\"PropertyValueSpecification\",\"valueRequired\":true,\"valueName\":\"search_term_string\"}}],\"inLanguage\":\"es\"},{\"@type\":\"Organization\",\"@id\":\"https:\\\/\\\/linmot.com\\\/es\\\/#organization\",\"name\":\"NTI AG - LinMot & MagSpring\",\"url\":\"https:\\\/\\\/linmot.com\\\/es\\\/\",\"logo\":{\"@type\":\"ImageObject\",\"inLanguage\":\"es\",\"@id\":\"https:\\\/\\\/linmot.com\\\/es\\\/#\\\/schema\\\/logo\\\/image\\\/\",\"url\":\"https:\\\/\\\/linmot.com\\\/es\\\/wp-content\\\/uploads\\\/sites\\\/5\\\/2022\\\/05\\\/linmot-social-share-logo.jpg\",\"contentUrl\":\"https:\\\/\\\/linmot.com\\\/es\\\/wp-content\\\/uploads\\\/sites\\\/5\\\/2022\\\/05\\\/linmot-social-share-logo.jpg\",\"width\":800,\"height\":500,\"caption\":\"NTI AG - LinMot & MagSpring\"},\"image\":{\"@id\":\"https:\\\/\\\/linmot.com\\\/es\\\/#\\\/schema\\\/logo\\\/image\\\/\"},\"sameAs\":[\"https:\\\/\\\/www.linkedin.com\\\/company\\\/nti-ag-linmot-magspring\",\"https:\\\/\\\/www.youtube.com\\\/user\\\/LinMotEurope\"]}]}<\/script>\n<!-- \/ Yoast SEO Premium plugin. -->","yoast_head_json":{"title":"Motores lineales con controlador integrado | LinMot","description":"La unidad de accionamiento PD03 consiste en un motor lineal compacto con controlador integrado, lo que hace superfluo el controlador en el armario de control.","robots":{"index":"index","follow":"follow","max-snippet":"max-snippet:-1","max-image-preview":"max-image-preview:large","max-video-preview":"max-video-preview:-1"},"canonical":"https:\/\/linmot.com\/es\/productos\/motores-lineales-con-controlador-integrado\/","og_locale":"es_ES","og_type":"article","og_title":"Motores lineales con controlador integrado | LinMot","og_description":"La unidad de accionamiento PD03 consiste en un motor lineal compacto con controlador integrado, lo que hace superfluo el controlador en el armario de control.","og_url":"https:\/\/linmot.com\/es\/productos\/motores-lineales-con-controlador-integrado\/","og_site_name":"LinMot &amp; MagSpring - Espa\u00f1ol","article_modified_time":"2024-08-28T13:50:03+00:00","og_image":[{"width":800,"height":500,"url":"https:\/\/linmot.com\/es\/wp-content\/uploads\/sites\/5\/2022\/05\/linmot-social-share-logo.jpg","type":"image\/jpeg"}],"twitter_card":"summary_large_image","twitter_title":"Motores lineales con controlador integrado | LinMot","twitter_description":"La unidad de accionamiento PD03 consiste en un motor lineal compacto con controlador integrado, lo que hace superfluo el controlador en el armario de control.","twitter_misc":{"Tiempo de lectura":"2 minutos"},"schema":{"@context":"https:\/\/schema.org","@graph":[{"@type":"WebPage","@id":"https:\/\/linmot.com\/es\/productos\/motores-lineales-con-controlador-integrado\/","url":"https:\/\/linmot.com\/es\/productos\/motores-lineales-con-controlador-integrado\/","name":"Motores lineales con controlador integrado | LinMot","isPartOf":{"@id":"https:\/\/linmot.com\/es\/#website"},"datePublished":"2018-08-26T18:33:41+00:00","dateModified":"2024-08-28T13:50:03+00:00","description":"La unidad de accionamiento PD03 consiste en un motor lineal compacto con controlador integrado, lo que hace superfluo el controlador en el armario de control.","breadcrumb":{"@id":"https:\/\/linmot.com\/es\/productos\/motores-lineales-con-controlador-integrado\/#breadcrumb"},"inLanguage":"es","potentialAction":[{"@type":"ReadAction","target":["https:\/\/linmot.com\/es\/productos\/motores-lineales-con-controlador-integrado\/"]}]},{"@type":"BreadcrumbList","@id":"https:\/\/linmot.com\/es\/productos\/motores-lineales-con-controlador-integrado\/#breadcrumb","itemListElement":[{"@type":"ListItem","position":1,"name":"Home","item":"https:\/\/linmot.com\/es\/"},{"@type":"ListItem","position":2,"name":"Productos","item":"https:\/\/linmot.com\/es\/productos\/"},{"@type":"ListItem","position":3,"name":"Motores lineales con controlador integrado"}]},{"@type":"WebSite","@id":"https:\/\/linmot.com\/es\/#website","url":"https:\/\/linmot.com\/es\/","name":"LinMot &amp; MagSpring - Espa\u00f1ol","description":"Motores lineales y sistemas de motores lineales de alta calidad","publisher":{"@id":"https:\/\/linmot.com\/es\/#organization"},"potentialAction":[{"@type":"SearchAction","target":{"@type":"EntryPoint","urlTemplate":"https:\/\/linmot.com\/es\/?s={search_term_string}"},"query-input":{"@type":"PropertyValueSpecification","valueRequired":true,"valueName":"search_term_string"}}],"inLanguage":"es"},{"@type":"Organization","@id":"https:\/\/linmot.com\/es\/#organization","name":"NTI AG - LinMot & MagSpring","url":"https:\/\/linmot.com\/es\/","logo":{"@type":"ImageObject","inLanguage":"es","@id":"https:\/\/linmot.com\/es\/#\/schema\/logo\/image\/","url":"https:\/\/linmot.com\/es\/wp-content\/uploads\/sites\/5\/2022\/05\/linmot-social-share-logo.jpg","contentUrl":"https:\/\/linmot.com\/es\/wp-content\/uploads\/sites\/5\/2022\/05\/linmot-social-share-logo.jpg","width":800,"height":500,"caption":"NTI AG - LinMot & MagSpring"},"image":{"@id":"https:\/\/linmot.com\/es\/#\/schema\/logo\/image\/"},"sameAs":["https:\/\/www.linkedin.com\/company\/nti-ag-linmot-magspring","https:\/\/www.youtube.com\/user\/LinMotEurope"]}]}},"_links":{"self":[{"href":"https:\/\/linmot.com\/es\/wp-json\/wp\/v2\/pages\/791","targetHints":{"allow":["GET"]}}],"collection":[{"href":"https:\/\/linmot.com\/es\/wp-json\/wp\/v2\/pages"}],"about":[{"href":"https:\/\/linmot.com\/es\/wp-json\/wp\/v2\/types\/page"}],"author":[{"embeddable":true,"href":"https:\/\/linmot.com\/es\/wp-json\/wp\/v2\/users\/1"}],"replies":[{"embeddable":true,"href":"https:\/\/linmot.com\/es\/wp-json\/wp\/v2\/comments?post=791"}],"version-history":[{"count":16,"href":"https:\/\/linmot.com\/es\/wp-json\/wp\/v2\/pages\/791\/revisions"}],"predecessor-version":[{"id":3517,"href":"https:\/\/linmot.com\/es\/wp-json\/wp\/v2\/pages\/791\/revisions\/3517"}],"up":[{"embeddable":true,"href":"https:\/\/linmot.com\/es\/wp-json\/wp\/v2\/pages\/1210"}],"wp:attachment":[{"href":"https:\/\/linmot.com\/es\/wp-json\/wp\/v2\/media?parent=791"}],"curies":[{"name":"wp","href":"https:\/\/api.w.org\/{rel}","templated":true}]}}