{"id":58,"date":"2017-10-20T23:34:41","date_gmt":"2017-10-20T21:34:41","guid":{"rendered":"https:\/\/linmot.com\/?page_id=58"},"modified":"2024-05-01T14:44:53","modified_gmt":"2024-05-01T14:44:53","slug":"productos-alimentarios","status":"publish","type":"page","link":"https:\/\/linmot.com\/es\/soluciones-industriales\/productos-alimentarios\/","title":{"rendered":"Productos alimentarios"},"content":{"rendered":"<img loading=\"lazy\" decoding=\"async\" class=\"aligncenter size-full wp-image-196\" src=\"https:\/\/linmot.com\/es\/wp-content\/uploads\/sites\/5\/2017\/10\/LinMot-Solutions-Food-Products-Industry.jpg\" alt=\"\" width=\"940\" height=\"300\" srcset=\"https:\/\/linmot.com\/es\/wp-content\/uploads\/sites\/5\/2017\/10\/LinMot-Solutions-Food-Products-Industry.jpg 940w, https:\/\/linmot.com\/es\/wp-content\/uploads\/sites\/5\/2017\/10\/LinMot-Solutions-Food-Products-Industry-300x96.jpg 300w, https:\/\/linmot.com\/es\/wp-content\/uploads\/sites\/5\/2017\/10\/LinMot-Solutions-Food-Products-Industry-768x245.jpg 768w\" sizes=\"auto, (max-width: 940px) 100vw, 940px\" \/>\n<p>Hoy en d\u00eda, la mayor\u00eda de los productos alimenticios que se consumen no provienen directamente del productor. Estos atraviesan una serie de etapas de procesamiento y envasado industrial antes de que est\u00e9n disponibles en nuestra regi\u00f3n, en las estanter\u00edas del supermercado o en nuestros carritos de supermercado. La tecnolog\u00eda de automatizaci\u00f3n es un componente fundamental para todos los productos alimentarios y m\u00e1quinas de envasado. Los frecuentes cambios de los envases en lotes m\u00e1s y m\u00e1s peque\u00f1os o el aumento de las cantidades de producci\u00f3n, son algunos de los desaf\u00edos comunes para los fabricantes de maquinaria. Un requisito adicional es el seguimiento completo y el mantenimiento de registro de todos los procesos. Cada fabricante y proceso de productos alimentarios desea garantizar y asegurar la producci\u00f3n de sus bienes. La protecci\u00f3n de los consumidores debe ser estricta y para todos los productos, en t\u00e9rminos de las normas de higiene vigentes.<\/p>\n<p>Los controladores LinMot proporcionan a los fabricantes de m\u00e1quinas los componentes \u00f3ptimos para poner en marcha los procesos de fabricaci\u00f3n y envasado en la industria de productos alimentarios.<\/p>\n<p>Varios modelos de motores lineales con dise\u00f1os de acero inoxidable altamente higi\u00e9nicos, han sido desarrollados especialmente para este prop\u00f3sito.<\/p>\n<p>Pueden realizar movimientos estandarizados, altamente din\u00e1micos, lineales o rotolineales en el bastidor de un solo tipo de motor.<\/p>\n<p>En combinaci\u00f3n con los par\u00e1metros de movimiento libremente programables mediante el controlador, los motores proporcionan un alto nivel de flexibilidad para aplicaciones tales como:<\/p>\n<div class=\"row\">\n<div class=\"col-sm-4\">\n<ul>\n<li>Embotellado<\/li>\n<li>Envasado de productos<\/li>\n<li>Pesaje de productos<\/li>\n<li>Medici\u00f3n de productos<\/li>\n<\/ul>\n<\/div>\n<div class=\"col-sm-4\">\n<ul>\n<li>Equipos de separaci\u00f3n con empujadores o cinta transportadora<\/li>\n<li>Rechazo de productos<\/li>\n<li>Corte de productos alimentarios<\/li>\n<li>Embalaje<\/li>\n<\/ul>\n<\/div>\n<div class=\"col-sm-4\">\n<ul>\n<li>Sellado<\/li>\n<li>Compresi\u00f3n<\/li>\n<li>etc.<\/li>\n<\/ul>\n<\/div>\n<\/div>\n<hr \/>\n<h2>Informes de aplicaci\u00f3n de la industria alimentaria<\/h2>\n<div class=\"row download\">\n<div class=\"col-md-3\">\n<h4 class=\"download-title\">Los motores lineales INOX garantizan la salud de los peces de piscifactor\u00eda<\/h4>\n<p class=\"bodytext\" align=\"justify\">La m\u00e1quina VX-8 desarrollada por Skala Maskon inocula autom\u00e1ticamente hasta 20.000 peces de piscifactor\u00eda por hora. Por lo tanto, tiene el potencial de reducir significativamente el uso de medicamentos en la acuicultura y asegurar el suministro de peces sanos para la poblaci\u00f3n mundial.<\/p>\n<p><a class=\"button\" href=\"\/es\/blog\/los-motores-lineales-inox-garantizan-la-salud-de-los-peces-de-piscifactoria\/\">M\u00e1s informaci\u00f3n<\/a><br \/>\n<\/div>\n<div class=\"col-md-2\">\n<img loading=\"lazy\" decoding=\"async\" class=\"alignnone wp-image-3295 size-full\" src=\"https:\/\/linmot.com\/de\/wp-content\/uploads\/sites\/2\/2022\/04\/inox-zuchtfisch.jpg\" alt=\"\" width=\"220\" height=\"220\" \/><br \/>\n<\/div>\n<div class=\"col-md-2\">\n<\/div>\n<div class=\"col-md-3\">\n<h4 class=\"download-title\">Desv\u00edo de valiosas piezas de pescado con motores lineales<\/h4>\n<p class=\"bodytext\" align=\"justify\">Valka, una empresa islandesa de alta tecnolog\u00eda que dise\u00f1a y construye sistemas avanzados para el procesamiento del pescado, equipa sus m\u00e1quinas de separaci\u00f3n y clasificaci\u00f3n con motores LinMot de acero inoxidable para garantizar la velocidad y la precisi\u00f3n necesarias en un entorno de lavado dif\u00edcil.<\/p>\n<p><a class=\"button\" href=\"\/es\/blog\/separar-un-manjar-desvio-de-valiosas-piezas-de-pescado-con-motores-lineales\/\">M\u00e1s informaci\u00f3n<\/a><br \/>\n<\/div>\n<div class=\"col-md-2\">\n<img loading=\"lazy\" decoding=\"async\" class=\"alignnone wp-image-3296 size-full\" src=\"https:\/\/linmot.com\/de\/wp-content\/uploads\/sites\/2\/2022\/04\/ultimate-drive-technology.jpg\" alt=\"\" width=\"220\" height=\"220\" \/><br \/>\n<\/div>\n<\/div>\n<div class=\"row download\">\n<div class=\"col-md-3\">\n<h4 class=\"download-title\">Separar un manjar<\/h4>\n<p class=\"bodytext\" align=\"justify\">Valka, una empresa islandesa de alta tecnolog\u00eda que dise\u00f1a y construye sistemas avanzados para el procesamiento del pescado, equipa sus m\u00e1quinas de separaci\u00f3n y clasificaci\u00f3n con motores LinMot de acero inoxidable para garantizar la velocidad y la precisi\u00f3n necesarias en un entorno de lavado dif\u00edcil.<\/p>\n<p><a class=\"button\" href=\"\/es\/blog\/separar-un-manjar-desvio-de-valiosas-piezas-de-pescado-con-motores-lineales\/\">M\u00e1s informaci\u00f3n<\/a><br \/>\n<\/div>\n<div class=\"col-md-2\">\n<img loading=\"lazy\" decoding=\"async\" class=\"alignnone wp-image-3280\" src=\"https:\/\/linmot.com\/de\/wp-content\/uploads\/sites\/2\/2023\/01\/vorschau-umleiten-fischteile.jpg\" alt=\"\" width=\"220\" height=\"220\" \/><br \/>\n<\/div>\n<div class=\"col-md-2\">\n<\/div>\n<div class=\"col-md-3\">\n<h4 class=\"download-title\">Cortadora vertical para productos c\u00e1rnicos cocidos<\/h4>\n<p class=\"bodytext\" align=\"justify\">Cortar filetes de pechuga de ave cocida en finas lonchas de forma que se conserve la forma natural del producto de alta calidad no hab\u00eda sido posible hasta ahora de forma automatizada. El especialista en cortadoras de carne de aves de corral, Food Technology Thielemann, ha presentado ahora como primicia mundial una soluci\u00f3n para esta tarea.<\/p>\n<p><a class=\"button\" href=\"\/es\/blog\/mas-que-una-simple-formalidad-cortadora-vertical-para-productos-carnicos-cocidos\/\">M\u00e1s informaci\u00f3n<\/a><br \/>\n<\/div>\n<div class=\"col-md-2\">\n<img loading=\"lazy\" decoding=\"async\" class=\"alignnone wp-image-3280\" src=\"https:\/\/linmot.com\/de\/wp-content\/uploads\/sites\/2\/2023\/01\/vorschau-vertical-slicer.jpg\" alt=\"\" width=\"220\" height=\"220\" \/><br \/>\n<\/div>\n<\/div>\n<div class=\"row download\">\n<div class=\"col-md-3\">\n<h4 class=\"download-title\">Industria de bebidas 4.0<\/h4>\n<p class=\"bodytext\" align=\"justify\">Construcciones voluminosas, botellas que se caen y bajo rendimiento de la l\u00ednea: todo eso es cosa del pasado. Los desarrollos subvencionados por el Estado de Syscona Kontrollsysteme GmbH, junto con los motores lineales de LinMot, allanan el camino para un cambio estructural digital y orientado a la demanda de los procesos de producci\u00f3n y control en la industria de las bebidas.<\/p>\n<p><a class=\"button\" href=\"\/es\/blog\/industria-de-bebidas-4-0-impulsada-por-la-tecnologia-lineal-de-linmot\/\">M\u00e1s informaci\u00f3n<\/a><br \/>\n<\/div>\n<div class=\"col-md-2\">\n<img loading=\"lazy\" decoding=\"async\" class=\"alignnone wp-image-3295 size-full\" src=\"https:\/\/linmot.com\/de\/wp-content\/uploads\/sites\/2\/2023\/01\/vorschau-getraenkeindustrie-4_0.jpg\" alt=\"\" width=\"220\" height=\"220\" \/><br \/>\n<\/div>\n<div class=\"col-md-2\">\n<\/div>\n<div class=\"col-md-3\">\n<h4 class=\"download-title\">Motores rotolineales de LinMot y cierres Wing-Cap<\/h4>\n<p class=\"bodytext\" align=\"justify\">200 millones de litros de leche y 60 millones de litros de nata. Estas impresionantes cantidades de l\u00edquidos se procesan anualmente en la Mittelland Molkerei AG de Emmi en Suhr. En el centro de todo: los motores rotativos elevadores de LinMot y los cierres Wing-Cap.<\/p>\n<p><a class=\"button\" href=\"\/es\/blog\/la-solucion-para-la-leche-motores-rotolineales-de-linmot-y-cierres-wing-cap\/\">M\u00e1s informaci\u00f3n<\/a><br \/>\n<\/div>\n<div class=\"col-md-2\">\n<img loading=\"lazy\" decoding=\"async\" class=\"alignnone size-full wp-image-1936\" src=\"https:\/\/linmot.com\/de\/wp-content\/uploads\/sites\/2\/2023\/01\/vorschau-emmi-wing-cap-verschluesse.jpg\" alt=\"\" width=\"220\" height=\"220\" \/><br \/>\n<\/div>\n<\/div>\n<div class=\"row download\">\n<div class=\"col-md-3\">\n<h4 class=\"download-title\">Llenado flexible y r\u00e1pido<\/h4>\n<p class=\"bodytext\" align=\"justify\">Combinar las ventajas de la dosificaci\u00f3n por flujo con las de la dosificaci\u00f3n por pist\u00f3n en una m\u00e1quina de llenado rotativa es lo que desean muchos usuarios. T\u00f6lke, especialista en m\u00e1quinas de envasado, ha logrado esta haza\u00f1a utilizando motores lineales LinMot.<\/p>\n<p><a class=\"button\" href=\"\/es\/blog\/llenado-flexible-y-rapido\/\">M\u00e1s informaci\u00f3n<\/a><br \/>\n<\/div>\n<div class=\"col-md-2\">\n<img loading=\"lazy\" decoding=\"async\" class=\"alignnone wp-image-3280\" src=\"https:\/\/linmot.com\/de\/wp-content\/uploads\/sites\/2\/2022\/04\/flexibel-und-schnell-abfuellen.jpg\" alt=\"\" width=\"220\" height=\"220\" \/><br \/>\n<\/div>\n<\/div>\n","protected":false},"excerpt":{"rendered":"<p>Hoy en d\u00eda, la mayor\u00eda de los productos alimenticios que se consumen no provienen directamente del productor. Estos atraviesan una serie de etapas de procesamiento y envasado industrial antes de que est\u00e9n disponibles en nuestra regi\u00f3n, en las estanter\u00edas del supermercado o en nuestros carritos de supermercado. La tecnolog\u00eda de automatizaci\u00f3n es un componente fundamental [&hellip;]<\/p>\n","protected":false},"author":1,"featured_media":0,"parent":8,"menu_order":77,"comment_status":"closed","ping_status":"closed","template":"","meta":{"_acf_changed":false,"footnotes":""},"class_list":["post-58","page","type-page","status-publish","hentry"],"acf":[],"yoast_head":"<!-- This site is optimized with the Yoast SEO Premium plugin v20.9 (Yoast SEO v27.2) - https:\/\/yoast.com\/product\/yoast-seo-premium-wordpress\/ -->\n<title>Alimentarios - Pesar, clasificar, llenar, sellar | LinMot<\/title>\n<meta name=\"description\" content=\"LinMot ofrece a los fabricantes de m\u00e1quinas una tecnolog\u00eda de accionamiento innovadora para optimizar el proceso de fabricaci\u00f3n y envasado de alimentos.\" \/>\n<meta name=\"robots\" content=\"index, follow, max-snippet:-1, max-image-preview:large, max-video-preview:-1\" \/>\n<link rel=\"canonical\" href=\"https:\/\/linmot.com\/es\/soluciones-industriales\/productos-alimentarios\/\" \/>\n<meta property=\"og:locale\" content=\"es_ES\" \/>\n<meta property=\"og:type\" content=\"article\" \/>\n<meta property=\"og:title\" content=\"Alimentarios - Pesar, clasificar, llenar, sellar | LinMot\" \/>\n<meta property=\"og:description\" content=\"LinMot ofrece a los fabricantes de m\u00e1quinas una tecnolog\u00eda de accionamiento innovadora para optimizar el proceso de fabricaci\u00f3n y envasado de alimentos.\" \/>\n<meta property=\"og:url\" content=\"https:\/\/linmot.com\/es\/soluciones-industriales\/productos-alimentarios\/\" \/>\n<meta property=\"og:site_name\" content=\"LinMot &amp; MagSpring - Espa\u00f1ol\" \/>\n<meta property=\"article:modified_time\" content=\"2024-05-01T14:44:53+00:00\" \/>\n<meta property=\"og:image\" content=\"https:\/\/linmot.com\/es\/wp-content\/uploads\/sites\/5\/2017\/10\/LinMot-Solutions-Food-Products-Industry.jpg\" \/>\n\t<meta property=\"og:image:width\" content=\"940\" \/>\n\t<meta property=\"og:image:height\" content=\"300\" \/>\n\t<meta property=\"og:image:type\" content=\"image\/jpeg\" \/>\n<meta name=\"twitter:card\" content=\"summary_large_image\" \/>\n<meta name=\"twitter:title\" content=\"Alimentarios - Pesar, clasificar, llenar, sellar | LinMot\" \/>\n<meta name=\"twitter:description\" content=\"LinMot ofrece a los fabricantes de m\u00e1quinas una tecnolog\u00eda de accionamiento innovadora para optimizar el proceso de fabricaci\u00f3n y envasado de alimentos.\" \/>\n<meta name=\"twitter:image\" content=\"https:\/\/linmot.com\/es\/wp-content\/uploads\/sites\/5\/2017\/10\/LinMot-Solutions-Food-Products-Industry.jpg\" \/>\n<meta name=\"twitter:label1\" content=\"Tiempo de lectura\" \/>\n\t<meta name=\"twitter:data1\" content=\"5 minutos\" \/>\n<script type=\"application\/ld+json\" class=\"yoast-schema-graph\">{\"@context\":\"https:\/\/schema.org\",\"@graph\":[{\"@type\":\"WebPage\",\"@id\":\"https:\/\/linmot.com\/es\/soluciones-industriales\/productos-alimentarios\/\",\"url\":\"https:\/\/linmot.com\/es\/soluciones-industriales\/productos-alimentarios\/\",\"name\":\"Alimentarios - Pesar, clasificar, llenar, sellar | LinMot\",\"isPartOf\":{\"@id\":\"https:\/\/linmot.com\/es\/#website\"},\"primaryImageOfPage\":{\"@id\":\"https:\/\/linmot.com\/es\/soluciones-industriales\/productos-alimentarios\/#primaryimage\"},\"image\":{\"@id\":\"https:\/\/linmot.com\/es\/soluciones-industriales\/productos-alimentarios\/#primaryimage\"},\"thumbnailUrl\":\"https:\/\/linmot.com\/es\/wp-content\/uploads\/sites\/5\/2017\/10\/LinMot-Solutions-Food-Products-Industry.jpg\",\"datePublished\":\"2017-10-20T21:34:41+00:00\",\"dateModified\":\"2024-05-01T14:44:53+00:00\",\"description\":\"LinMot ofrece a los fabricantes de m\u00e1quinas una tecnolog\u00eda de accionamiento innovadora para optimizar el proceso de fabricaci\u00f3n y envasado de alimentos.\",\"breadcrumb\":{\"@id\":\"https:\/\/linmot.com\/es\/soluciones-industriales\/productos-alimentarios\/#breadcrumb\"},\"inLanguage\":\"es\",\"potentialAction\":[{\"@type\":\"ReadAction\",\"target\":[\"https:\/\/linmot.com\/es\/soluciones-industriales\/productos-alimentarios\/\"]}]},{\"@type\":\"ImageObject\",\"inLanguage\":\"es\",\"@id\":\"https:\/\/linmot.com\/es\/soluciones-industriales\/productos-alimentarios\/#primaryimage\",\"url\":\"https:\/\/linmot.com\/es\/wp-content\/uploads\/sites\/5\/2017\/10\/LinMot-Solutions-Food-Products-Industry.jpg\",\"contentUrl\":\"https:\/\/linmot.com\/es\/wp-content\/uploads\/sites\/5\/2017\/10\/LinMot-Solutions-Food-Products-Industry.jpg\",\"width\":940,\"height\":300,\"caption\":\"\"},{\"@type\":\"BreadcrumbList\",\"@id\":\"https:\/\/linmot.com\/es\/soluciones-industriales\/productos-alimentarios\/#breadcrumb\",\"itemListElement\":[{\"@type\":\"ListItem\",\"position\":1,\"name\":\"Home\",\"item\":\"https:\/\/linmot.com\/es\/\"},{\"@type\":\"ListItem\",\"position\":2,\"name\":\"Soluciones industriales\",\"item\":\"https:\/\/linmot.com\/es\/soluciones-industriales\/\"},{\"@type\":\"ListItem\",\"position\":3,\"name\":\"Productos alimentarios\"}]},{\"@type\":\"WebSite\",\"@id\":\"https:\/\/linmot.com\/es\/#website\",\"url\":\"https:\/\/linmot.com\/es\/\",\"name\":\"LinMot &amp; MagSpring - Espa\u00f1ol\",\"description\":\"Motores lineales y sistemas de motores lineales de alta calidad\",\"publisher\":{\"@id\":\"https:\/\/linmot.com\/es\/#organization\"},\"potentialAction\":[{\"@type\":\"SearchAction\",\"target\":{\"@type\":\"EntryPoint\",\"urlTemplate\":\"https:\/\/linmot.com\/es\/?s={search_term_string}\"},\"query-input\":{\"@type\":\"PropertyValueSpecification\",\"valueRequired\":true,\"valueName\":\"search_term_string\"}}],\"inLanguage\":\"es\"},{\"@type\":\"Organization\",\"@id\":\"https:\/\/linmot.com\/es\/#organization\",\"name\":\"NTI AG - LinMot & MagSpring\",\"url\":\"https:\/\/linmot.com\/es\/\",\"logo\":{\"@type\":\"ImageObject\",\"inLanguage\":\"es\",\"@id\":\"https:\/\/linmot.com\/es\/#\/schema\/logo\/image\/\",\"url\":\"https:\/\/linmot.com\/es\/wp-content\/uploads\/sites\/5\/2022\/05\/linmot-social-share-logo.jpg\",\"contentUrl\":\"https:\/\/linmot.com\/es\/wp-content\/uploads\/sites\/5\/2022\/05\/linmot-social-share-logo.jpg\",\"width\":800,\"height\":500,\"caption\":\"NTI AG - LinMot & MagSpring\"},\"image\":{\"@id\":\"https:\/\/linmot.com\/es\/#\/schema\/logo\/image\/\"},\"sameAs\":[\"https:\/\/www.linkedin.com\/company\/nti-ag-linmot-magspring\",\"https:\/\/www.youtube.com\/user\/LinMotEurope\"]}]}<\/script>\n<!-- \/ Yoast SEO Premium plugin. -->","yoast_head_json":{"title":"Alimentarios - Pesar, clasificar, llenar, sellar | LinMot","description":"LinMot ofrece a los fabricantes de m\u00e1quinas una tecnolog\u00eda de accionamiento innovadora para optimizar el proceso de fabricaci\u00f3n y envasado de alimentos.","robots":{"index":"index","follow":"follow","max-snippet":"max-snippet:-1","max-image-preview":"max-image-preview:large","max-video-preview":"max-video-preview:-1"},"canonical":"https:\/\/linmot.com\/es\/soluciones-industriales\/productos-alimentarios\/","og_locale":"es_ES","og_type":"article","og_title":"Alimentarios - Pesar, clasificar, llenar, sellar | LinMot","og_description":"LinMot ofrece a los fabricantes de m\u00e1quinas una tecnolog\u00eda de accionamiento innovadora para optimizar el proceso de fabricaci\u00f3n y envasado de alimentos.","og_url":"https:\/\/linmot.com\/es\/soluciones-industriales\/productos-alimentarios\/","og_site_name":"LinMot &amp; MagSpring - Espa\u00f1ol","article_modified_time":"2024-05-01T14:44:53+00:00","og_image":[{"width":940,"height":300,"url":"https:\/\/linmot.com\/es\/wp-content\/uploads\/sites\/5\/2017\/10\/LinMot-Solutions-Food-Products-Industry.jpg","type":"image\/jpeg"}],"twitter_card":"summary_large_image","twitter_title":"Alimentarios - Pesar, clasificar, llenar, sellar | LinMot","twitter_description":"LinMot ofrece a los fabricantes de m\u00e1quinas una tecnolog\u00eda de accionamiento innovadora para optimizar el proceso de fabricaci\u00f3n y envasado de alimentos.","twitter_image":"https:\/\/linmot.com\/es\/wp-content\/uploads\/sites\/5\/2017\/10\/LinMot-Solutions-Food-Products-Industry.jpg","twitter_misc":{"Tiempo de lectura":"5 minutos"},"schema":{"@context":"https:\/\/schema.org","@graph":[{"@type":"WebPage","@id":"https:\/\/linmot.com\/es\/soluciones-industriales\/productos-alimentarios\/","url":"https:\/\/linmot.com\/es\/soluciones-industriales\/productos-alimentarios\/","name":"Alimentarios - Pesar, clasificar, llenar, sellar | LinMot","isPartOf":{"@id":"https:\/\/linmot.com\/es\/#website"},"primaryImageOfPage":{"@id":"https:\/\/linmot.com\/es\/soluciones-industriales\/productos-alimentarios\/#primaryimage"},"image":{"@id":"https:\/\/linmot.com\/es\/soluciones-industriales\/productos-alimentarios\/#primaryimage"},"thumbnailUrl":"https:\/\/linmot.com\/es\/wp-content\/uploads\/sites\/5\/2017\/10\/LinMot-Solutions-Food-Products-Industry.jpg","datePublished":"2017-10-20T21:34:41+00:00","dateModified":"2024-05-01T14:44:53+00:00","description":"LinMot ofrece a los fabricantes de m\u00e1quinas una tecnolog\u00eda de accionamiento innovadora para optimizar el proceso de fabricaci\u00f3n y envasado de alimentos.","breadcrumb":{"@id":"https:\/\/linmot.com\/es\/soluciones-industriales\/productos-alimentarios\/#breadcrumb"},"inLanguage":"es","potentialAction":[{"@type":"ReadAction","target":["https:\/\/linmot.com\/es\/soluciones-industriales\/productos-alimentarios\/"]}]},{"@type":"ImageObject","inLanguage":"es","@id":"https:\/\/linmot.com\/es\/soluciones-industriales\/productos-alimentarios\/#primaryimage","url":"https:\/\/linmot.com\/es\/wp-content\/uploads\/sites\/5\/2017\/10\/LinMot-Solutions-Food-Products-Industry.jpg","contentUrl":"https:\/\/linmot.com\/es\/wp-content\/uploads\/sites\/5\/2017\/10\/LinMot-Solutions-Food-Products-Industry.jpg","width":940,"height":300,"caption":""},{"@type":"BreadcrumbList","@id":"https:\/\/linmot.com\/es\/soluciones-industriales\/productos-alimentarios\/#breadcrumb","itemListElement":[{"@type":"ListItem","position":1,"name":"Home","item":"https:\/\/linmot.com\/es\/"},{"@type":"ListItem","position":2,"name":"Soluciones industriales","item":"https:\/\/linmot.com\/es\/soluciones-industriales\/"},{"@type":"ListItem","position":3,"name":"Productos alimentarios"}]},{"@type":"WebSite","@id":"https:\/\/linmot.com\/es\/#website","url":"https:\/\/linmot.com\/es\/","name":"LinMot &amp; MagSpring - Espa\u00f1ol","description":"Motores lineales y sistemas de motores lineales de alta calidad","publisher":{"@id":"https:\/\/linmot.com\/es\/#organization"},"potentialAction":[{"@type":"SearchAction","target":{"@type":"EntryPoint","urlTemplate":"https:\/\/linmot.com\/es\/?s={search_term_string}"},"query-input":{"@type":"PropertyValueSpecification","valueRequired":true,"valueName":"search_term_string"}}],"inLanguage":"es"},{"@type":"Organization","@id":"https:\/\/linmot.com\/es\/#organization","name":"NTI AG - LinMot & MagSpring","url":"https:\/\/linmot.com\/es\/","logo":{"@type":"ImageObject","inLanguage":"es","@id":"https:\/\/linmot.com\/es\/#\/schema\/logo\/image\/","url":"https:\/\/linmot.com\/es\/wp-content\/uploads\/sites\/5\/2022\/05\/linmot-social-share-logo.jpg","contentUrl":"https:\/\/linmot.com\/es\/wp-content\/uploads\/sites\/5\/2022\/05\/linmot-social-share-logo.jpg","width":800,"height":500,"caption":"NTI AG - LinMot & MagSpring"},"image":{"@id":"https:\/\/linmot.com\/es\/#\/schema\/logo\/image\/"},"sameAs":["https:\/\/www.linkedin.com\/company\/nti-ag-linmot-magspring","https:\/\/www.youtube.com\/user\/LinMotEurope"]}]}},"_links":{"self":[{"href":"https:\/\/linmot.com\/es\/wp-json\/wp\/v2\/pages\/58","targetHints":{"allow":["GET"]}}],"collection":[{"href":"https:\/\/linmot.com\/es\/wp-json\/wp\/v2\/pages"}],"about":[{"href":"https:\/\/linmot.com\/es\/wp-json\/wp\/v2\/types\/page"}],"author":[{"embeddable":true,"href":"https:\/\/linmot.com\/es\/wp-json\/wp\/v2\/users\/1"}],"replies":[{"embeddable":true,"href":"https:\/\/linmot.com\/es\/wp-json\/wp\/v2\/comments?post=58"}],"version-history":[{"count":17,"href":"https:\/\/linmot.com\/es\/wp-json\/wp\/v2\/pages\/58\/revisions"}],"predecessor-version":[{"id":3385,"href":"https:\/\/linmot.com\/es\/wp-json\/wp\/v2\/pages\/58\/revisions\/3385"}],"up":[{"embeddable":true,"href":"https:\/\/linmot.com\/es\/wp-json\/wp\/v2\/pages\/8"}],"wp:attachment":[{"href":"https:\/\/linmot.com\/es\/wp-json\/wp\/v2\/media?parent=58"}],"curies":[{"name":"wp","href":"https:\/\/api.w.org\/{rel}","templated":true}]}}