{"id":56,"date":"2017-10-20T23:34:34","date_gmt":"2017-10-20T21:34:34","guid":{"rendered":"https:\/\/linmot.com\/?page_id=56"},"modified":"2023-05-10T14:41:18","modified_gmt":"2023-05-10T14:41:18","slug":"maquinas-textiles","status":"publish","type":"page","link":"https:\/\/linmot.com\/es\/soluciones-industriales\/maquinas-textiles\/","title":{"rendered":"M\u00e1quinas textiles"},"content":{"rendered":"<p><strong>C\u00f3mo LinMot satisface las altas exigencias de la industria textil con la tecnolog\u00eda de accionamiento.<\/strong><\/p>\n<img loading=\"lazy\" decoding=\"async\" class=\"aligncenter size-full wp-image-205\" src=\"https:\/\/linmot.com\/es\/wp-content\/uploads\/sites\/5\/2017\/10\/LinMot-Solutions-Textile-Machines-Industry.jpg\" alt=\"\" width=\"940\" height=\"300\" srcset=\"https:\/\/linmot.com\/es\/wp-content\/uploads\/sites\/5\/2017\/10\/LinMot-Solutions-Textile-Machines-Industry.jpg 940w, https:\/\/linmot.com\/es\/wp-content\/uploads\/sites\/5\/2017\/10\/LinMot-Solutions-Textile-Machines-Industry-300x96.jpg 300w, https:\/\/linmot.com\/es\/wp-content\/uploads\/sites\/5\/2017\/10\/LinMot-Solutions-Textile-Machines-Industry-768x245.jpg 768w\" sizes=\"auto, (max-width: 940px) 100vw, 940px\" \/>\n<p>Los requisitos que hoy en d\u00eda se le exigen a las m\u00e1quinas de la industria textil son m\u00faltiples: se requiere un uso m\u00e1s flexible y optimizado de los materiales, una ampl\u00edsima gama de patrones, una fiabilidad absoluta y bienes libres de fallos. La industria tambi\u00e9n requiere que los tiempos de cambio de formato se mantengan tan bajos como sea posible y se aumente la productividad.<\/p>\n<blockquote><p>El uso de componentes de accionamiento LinMot ayuda significativamente a responder a las demandas del mercado.<\/p><\/blockquote>\n<p>Los motores lineales LinMot se caracterizan por sus movimientos altamente din\u00e1micos y una fuerte resistencia a la suciedad.<\/p>\n<p>Adem\u00e1s, al no poseer componentes propensos al desgaste se garantiza una larga vida \u00fatil. Las m\u00e1quinas de tejer modernas llevan a\u00f1os benefici\u00e1ndose de estas ventajas. En las m\u00e1quinas, los motores se utilizan, por ejemplo, para la colocaci\u00f3n y el posicionado de hilos adicionales. Especialmente cuando se trata de tejer con puntada, se hacen cargo de los trabajos de los ejes de accionamiento de la puntada. Tambi\u00e9n para el hilado preciso de textiles, los ingenieros de la m\u00e1quina prefieren utilizar motores lineales. Para este prop\u00f3sito, LinMot ha programado un bloque funcional completo que controla todo el proceso de bobinado y puede ser f\u00e1cilmente ejecutado por el PLC.<\/p>\n<p>Debido al continuo desarrollo de motores lineales en el futuro, surgir\u00e1n otras aplicaciones para la industria textil.<\/p>\n","protected":false},"excerpt":{"rendered":"<p>C\u00f3mo LinMot satisface las altas exigencias de la industria textil con la tecnolog\u00eda de accionamiento. Los requisitos que hoy en d\u00eda se le exigen a las m\u00e1quinas de la industria textil son m\u00faltiples: se requiere un uso m\u00e1s flexible y optimizado de los materiales, una ampl\u00edsima gama de patrones, una fiabilidad absoluta y bienes libres [&hellip;]<\/p>\n","protected":false},"author":1,"featured_media":0,"parent":8,"menu_order":84,"comment_status":"closed","ping_status":"closed","template":"","meta":{"_acf_changed":false,"footnotes":""},"class_list":["post-56","page","type-page","status-publish","hentry"],"acf":[],"yoast_head":"<!-- This site is optimized with the Yoast SEO Premium plugin v20.9 (Yoast SEO v27.4) - https:\/\/yoast.com\/product\/yoast-seo-premium-wordpress\/ -->\n<title>Textiles - Bordado, colocaci\u00f3n de hilos adicionales, bobinado<\/title>\n<meta name=\"description\" content=\"LinMot destaca en la industria textil por sus movimientos altamente din\u00e1micos y su gran fiabilidad en entornos polvorientos y sucios.\" \/>\n<meta name=\"robots\" content=\"index, follow, max-snippet:-1, max-image-preview:large, max-video-preview:-1\" \/>\n<link rel=\"canonical\" href=\"https:\/\/linmot.com\/es\/soluciones-industriales\/maquinas-textiles\/\" \/>\n<meta property=\"og:locale\" content=\"es_ES\" \/>\n<meta property=\"og:type\" content=\"article\" \/>\n<meta property=\"og:title\" content=\"Textiles - Bordado, colocaci\u00f3n de hilos adicionales, bobinado\" \/>\n<meta property=\"og:description\" content=\"LinMot destaca en la industria textil por sus movimientos altamente din\u00e1micos y su gran fiabilidad en entornos polvorientos y sucios.\" \/>\n<meta property=\"og:url\" content=\"https:\/\/linmot.com\/es\/soluciones-industriales\/maquinas-textiles\/\" \/>\n<meta property=\"og:site_name\" content=\"LinMot &amp; MagSpring - Espa\u00f1ol\" \/>\n<meta property=\"article:modified_time\" content=\"2023-05-10T14:41:18+00:00\" \/>\n<meta property=\"og:image\" content=\"https:\/\/linmot.com\/es\/wp-content\/uploads\/sites\/5\/2017\/10\/LinMot-Solutions-Textile-Machines-Industry.jpg\" \/>\n<meta name=\"twitter:card\" content=\"summary_large_image\" \/>\n<meta name=\"twitter:title\" content=\"Textiles - Bordado, colocaci\u00f3n de hilos adicionales, bobinado\" \/>\n<meta name=\"twitter:description\" content=\"LinMot destaca en la industria textil por sus movimientos altamente din\u00e1micos y su gran fiabilidad en entornos polvorientos y sucios.\" \/>\n<meta name=\"twitter:label1\" content=\"Tiempo de lectura\" \/>\n\t<meta name=\"twitter:data1\" content=\"2 minutos\" \/>\n<script type=\"application\/ld+json\" class=\"yoast-schema-graph\">{\"@context\":\"https:\\\/\\\/schema.org\",\"@graph\":[{\"@type\":\"WebPage\",\"@id\":\"https:\\\/\\\/linmot.com\\\/es\\\/soluciones-industriales\\\/maquinas-textiles\\\/\",\"url\":\"https:\\\/\\\/linmot.com\\\/es\\\/soluciones-industriales\\\/maquinas-textiles\\\/\",\"name\":\"Textiles - Bordado, colocaci\u00f3n de hilos adicionales, bobinado\",\"isPartOf\":{\"@id\":\"https:\\\/\\\/linmot.com\\\/es\\\/#website\"},\"primaryImageOfPage\":{\"@id\":\"https:\\\/\\\/linmot.com\\\/es\\\/soluciones-industriales\\\/maquinas-textiles\\\/#primaryimage\"},\"image\":{\"@id\":\"https:\\\/\\\/linmot.com\\\/es\\\/soluciones-industriales\\\/maquinas-textiles\\\/#primaryimage\"},\"thumbnailUrl\":\"https:\\\/\\\/linmot.com\\\/es\\\/wp-content\\\/uploads\\\/sites\\\/5\\\/2017\\\/10\\\/LinMot-Solutions-Textile-Machines-Industry.jpg\",\"datePublished\":\"2017-10-20T21:34:34+00:00\",\"dateModified\":\"2023-05-10T14:41:18+00:00\",\"description\":\"LinMot destaca en la industria textil por sus movimientos altamente din\u00e1micos y su gran fiabilidad en entornos polvorientos y sucios.\",\"breadcrumb\":{\"@id\":\"https:\\\/\\\/linmot.com\\\/es\\\/soluciones-industriales\\\/maquinas-textiles\\\/#breadcrumb\"},\"inLanguage\":\"es\",\"potentialAction\":[{\"@type\":\"ReadAction\",\"target\":[\"https:\\\/\\\/linmot.com\\\/es\\\/soluciones-industriales\\\/maquinas-textiles\\\/\"]}]},{\"@type\":\"ImageObject\",\"inLanguage\":\"es\",\"@id\":\"https:\\\/\\\/linmot.com\\\/es\\\/soluciones-industriales\\\/maquinas-textiles\\\/#primaryimage\",\"url\":\"https:\\\/\\\/linmot.com\\\/es\\\/wp-content\\\/uploads\\\/sites\\\/5\\\/2017\\\/10\\\/LinMot-Solutions-Textile-Machines-Industry.jpg\",\"contentUrl\":\"https:\\\/\\\/linmot.com\\\/es\\\/wp-content\\\/uploads\\\/sites\\\/5\\\/2017\\\/10\\\/LinMot-Solutions-Textile-Machines-Industry.jpg\",\"width\":940,\"height\":300,\"caption\":\"\"},{\"@type\":\"BreadcrumbList\",\"@id\":\"https:\\\/\\\/linmot.com\\\/es\\\/soluciones-industriales\\\/maquinas-textiles\\\/#breadcrumb\",\"itemListElement\":[{\"@type\":\"ListItem\",\"position\":1,\"name\":\"Home\",\"item\":\"https:\\\/\\\/linmot.com\\\/es\\\/\"},{\"@type\":\"ListItem\",\"position\":2,\"name\":\"Soluciones industriales\",\"item\":\"https:\\\/\\\/linmot.com\\\/es\\\/soluciones-industriales\\\/\"},{\"@type\":\"ListItem\",\"position\":3,\"name\":\"M\u00e1quinas textiles\"}]},{\"@type\":\"WebSite\",\"@id\":\"https:\\\/\\\/linmot.com\\\/es\\\/#website\",\"url\":\"https:\\\/\\\/linmot.com\\\/es\\\/\",\"name\":\"LinMot &amp; MagSpring - Espa\u00f1ol\",\"description\":\"Motores lineales y sistemas de motores lineales de alta calidad\",\"publisher\":{\"@id\":\"https:\\\/\\\/linmot.com\\\/es\\\/#organization\"},\"potentialAction\":[{\"@type\":\"SearchAction\",\"target\":{\"@type\":\"EntryPoint\",\"urlTemplate\":\"https:\\\/\\\/linmot.com\\\/es\\\/?s={search_term_string}\"},\"query-input\":{\"@type\":\"PropertyValueSpecification\",\"valueRequired\":true,\"valueName\":\"search_term_string\"}}],\"inLanguage\":\"es\"},{\"@type\":\"Organization\",\"@id\":\"https:\\\/\\\/linmot.com\\\/es\\\/#organization\",\"name\":\"NTI AG - LinMot & MagSpring\",\"url\":\"https:\\\/\\\/linmot.com\\\/es\\\/\",\"logo\":{\"@type\":\"ImageObject\",\"inLanguage\":\"es\",\"@id\":\"https:\\\/\\\/linmot.com\\\/es\\\/#\\\/schema\\\/logo\\\/image\\\/\",\"url\":\"https:\\\/\\\/linmot.com\\\/es\\\/wp-content\\\/uploads\\\/sites\\\/5\\\/2022\\\/05\\\/linmot-social-share-logo.jpg\",\"contentUrl\":\"https:\\\/\\\/linmot.com\\\/es\\\/wp-content\\\/uploads\\\/sites\\\/5\\\/2022\\\/05\\\/linmot-social-share-logo.jpg\",\"width\":800,\"height\":500,\"caption\":\"NTI AG - LinMot & MagSpring\"},\"image\":{\"@id\":\"https:\\\/\\\/linmot.com\\\/es\\\/#\\\/schema\\\/logo\\\/image\\\/\"},\"sameAs\":[\"https:\\\/\\\/www.linkedin.com\\\/company\\\/nti-ag-linmot-magspring\",\"https:\\\/\\\/www.youtube.com\\\/user\\\/LinMotEurope\"]}]}<\/script>\n<!-- \/ Yoast SEO Premium plugin. -->","yoast_head_json":{"title":"Textiles - Bordado, colocaci\u00f3n de hilos adicionales, bobinado","description":"LinMot destaca en la industria textil por sus movimientos altamente din\u00e1micos y su gran fiabilidad en entornos polvorientos y sucios.","robots":{"index":"index","follow":"follow","max-snippet":"max-snippet:-1","max-image-preview":"max-image-preview:large","max-video-preview":"max-video-preview:-1"},"canonical":"https:\/\/linmot.com\/es\/soluciones-industriales\/maquinas-textiles\/","og_locale":"es_ES","og_type":"article","og_title":"Textiles - Bordado, colocaci\u00f3n de hilos adicionales, bobinado","og_description":"LinMot destaca en la industria textil por sus movimientos altamente din\u00e1micos y su gran fiabilidad en entornos polvorientos y sucios.","og_url":"https:\/\/linmot.com\/es\/soluciones-industriales\/maquinas-textiles\/","og_site_name":"LinMot &amp; MagSpring - Espa\u00f1ol","article_modified_time":"2023-05-10T14:41:18+00:00","og_image":[{"url":"https:\/\/linmot.com\/es\/wp-content\/uploads\/sites\/5\/2017\/10\/LinMot-Solutions-Textile-Machines-Industry.jpg","type":"","width":"","height":""}],"twitter_card":"summary_large_image","twitter_title":"Textiles - Bordado, colocaci\u00f3n de hilos adicionales, bobinado","twitter_description":"LinMot destaca en la industria textil por sus movimientos altamente din\u00e1micos y su gran fiabilidad en entornos polvorientos y sucios.","twitter_misc":{"Tiempo de lectura":"2 minutos"},"schema":{"@context":"https:\/\/schema.org","@graph":[{"@type":"WebPage","@id":"https:\/\/linmot.com\/es\/soluciones-industriales\/maquinas-textiles\/","url":"https:\/\/linmot.com\/es\/soluciones-industriales\/maquinas-textiles\/","name":"Textiles - Bordado, colocaci\u00f3n de hilos adicionales, bobinado","isPartOf":{"@id":"https:\/\/linmot.com\/es\/#website"},"primaryImageOfPage":{"@id":"https:\/\/linmot.com\/es\/soluciones-industriales\/maquinas-textiles\/#primaryimage"},"image":{"@id":"https:\/\/linmot.com\/es\/soluciones-industriales\/maquinas-textiles\/#primaryimage"},"thumbnailUrl":"https:\/\/linmot.com\/es\/wp-content\/uploads\/sites\/5\/2017\/10\/LinMot-Solutions-Textile-Machines-Industry.jpg","datePublished":"2017-10-20T21:34:34+00:00","dateModified":"2023-05-10T14:41:18+00:00","description":"LinMot destaca en la industria textil por sus movimientos altamente din\u00e1micos y su gran fiabilidad en entornos polvorientos y sucios.","breadcrumb":{"@id":"https:\/\/linmot.com\/es\/soluciones-industriales\/maquinas-textiles\/#breadcrumb"},"inLanguage":"es","potentialAction":[{"@type":"ReadAction","target":["https:\/\/linmot.com\/es\/soluciones-industriales\/maquinas-textiles\/"]}]},{"@type":"ImageObject","inLanguage":"es","@id":"https:\/\/linmot.com\/es\/soluciones-industriales\/maquinas-textiles\/#primaryimage","url":"https:\/\/linmot.com\/es\/wp-content\/uploads\/sites\/5\/2017\/10\/LinMot-Solutions-Textile-Machines-Industry.jpg","contentUrl":"https:\/\/linmot.com\/es\/wp-content\/uploads\/sites\/5\/2017\/10\/LinMot-Solutions-Textile-Machines-Industry.jpg","width":940,"height":300,"caption":""},{"@type":"BreadcrumbList","@id":"https:\/\/linmot.com\/es\/soluciones-industriales\/maquinas-textiles\/#breadcrumb","itemListElement":[{"@type":"ListItem","position":1,"name":"Home","item":"https:\/\/linmot.com\/es\/"},{"@type":"ListItem","position":2,"name":"Soluciones industriales","item":"https:\/\/linmot.com\/es\/soluciones-industriales\/"},{"@type":"ListItem","position":3,"name":"M\u00e1quinas textiles"}]},{"@type":"WebSite","@id":"https:\/\/linmot.com\/es\/#website","url":"https:\/\/linmot.com\/es\/","name":"LinMot &amp; MagSpring - Espa\u00f1ol","description":"Motores lineales y sistemas de motores lineales de alta calidad","publisher":{"@id":"https:\/\/linmot.com\/es\/#organization"},"potentialAction":[{"@type":"SearchAction","target":{"@type":"EntryPoint","urlTemplate":"https:\/\/linmot.com\/es\/?s={search_term_string}"},"query-input":{"@type":"PropertyValueSpecification","valueRequired":true,"valueName":"search_term_string"}}],"inLanguage":"es"},{"@type":"Organization","@id":"https:\/\/linmot.com\/es\/#organization","name":"NTI AG - LinMot & MagSpring","url":"https:\/\/linmot.com\/es\/","logo":{"@type":"ImageObject","inLanguage":"es","@id":"https:\/\/linmot.com\/es\/#\/schema\/logo\/image\/","url":"https:\/\/linmot.com\/es\/wp-content\/uploads\/sites\/5\/2022\/05\/linmot-social-share-logo.jpg","contentUrl":"https:\/\/linmot.com\/es\/wp-content\/uploads\/sites\/5\/2022\/05\/linmot-social-share-logo.jpg","width":800,"height":500,"caption":"NTI AG - LinMot & MagSpring"},"image":{"@id":"https:\/\/linmot.com\/es\/#\/schema\/logo\/image\/"},"sameAs":["https:\/\/www.linkedin.com\/company\/nti-ag-linmot-magspring","https:\/\/www.youtube.com\/user\/LinMotEurope"]}]}},"_links":{"self":[{"href":"https:\/\/linmot.com\/es\/wp-json\/wp\/v2\/pages\/56","targetHints":{"allow":["GET"]}}],"collection":[{"href":"https:\/\/linmot.com\/es\/wp-json\/wp\/v2\/pages"}],"about":[{"href":"https:\/\/linmot.com\/es\/wp-json\/wp\/v2\/types\/page"}],"author":[{"embeddable":true,"href":"https:\/\/linmot.com\/es\/wp-json\/wp\/v2\/users\/1"}],"replies":[{"embeddable":true,"href":"https:\/\/linmot.com\/es\/wp-json\/wp\/v2\/comments?post=56"}],"version-history":[{"count":7,"href":"https:\/\/linmot.com\/es\/wp-json\/wp\/v2\/pages\/56\/revisions"}],"predecessor-version":[{"id":2501,"href":"https:\/\/linmot.com\/es\/wp-json\/wp\/v2\/pages\/56\/revisions\/2501"}],"up":[{"embeddable":true,"href":"https:\/\/linmot.com\/es\/wp-json\/wp\/v2\/pages\/8"}],"wp:attachment":[{"href":"https:\/\/linmot.com\/es\/wp-json\/wp\/v2\/media?parent=56"}],"curies":[{"name":"wp","href":"https:\/\/api.w.org\/{rel}","templated":true}]}}