{"id":559,"date":"2018-05-15T19:20:40","date_gmt":"2018-05-15T17:20:40","guid":{"rendered":"https:\/\/linmot.com\/?page_id=559"},"modified":"2023-05-17T07:24:53","modified_gmt":"2023-05-17T07:24:53","slug":"glosario","status":"publish","type":"page","link":"https:\/\/linmot.com\/es\/asistencia-tecnica\/glosario\/","title":{"rendered":"Glosario"},"content":{"rendered":"<div class=\"row\">\n<div class=\"col-md-4\">\n<h4>Longitud del estator activo<\/h4>\n<p>Longitud del bobinado del motor el\u00e9ctrico dentro del estator del motor lineal.<br \/>\n<\/div>\n<div class=\"col-md-4\">\n<h4>Constante de fuerza<\/h4>\n<p>La constante de fuerza describe la relaci\u00f3n entre la corriente de fase y la fuerza liberada dentro del rango de la carrera est\u00e1ndar.<br \/>\n<\/div>\n<div class=\"col-md-4\">\n<h4>Linealidad<\/h4>\n<p>M\u00e1ximo error de linealidad del accionamiento en relaci\u00f3n con la carrera m\u00e1xima del motor lineal cuando es controlado por un Servoaccionamiento LinMot.<br \/>\n<\/div>\n<\/div>\n<div class=\"row\">\n<div class=\"col-md-4\">\n<h4>Linealidad ES<\/h4>\n<p>M\u00e1ximo error de linealidad al posicionar el motor lineal con un servocontrolador LinMot y un sistema externo de sensor de posici\u00f3n disponible opcionalmente en LinMot.<br \/>\n<\/div>\n<div class=\"col-md-4\">\n<h4>Per\u00edodo magn\u00e9tico<\/h4>\n<p>La distancia entre el Polo Norte y el Polo Norte se produce por medio de imanes en el deslizador. Tanto el devanado del estator como los sensores de posici\u00f3n de un estator correspondiente se basan en esta longitud de per\u00edodo.<br \/>\n<\/div>\n<div class=\"col-md-4\">\n<h4>Longitud del deslizador magn\u00e9tico<\/h4>\n<p>La longitud del deslizador magn\u00e9tico es la longitud de la columna de imanes en el deslizador.<br \/>\n<\/div>\n<\/div>\n<div class=\"row\">\n<div class=\"col-md-4\">\n<h4>Fuerza fronteriza m\u00e1xima relativa<\/h4>\n<p>Fuerza m\u00e1xima aplicada por el motor en los extremos de la carrera extendida en relaci\u00f3n con la fuerza en el rango de la carrera est\u00e1ndar.<br \/>\n<\/div>\n<div class=\"col-md-4\">\n<h4>Corriente m\u00e1xima de contacto [Refrigeraci\u00f3n pasiva \/ Ventilador \/ Fluido]<\/h4>\n<p>Valores m\u00e1ximos de corriente continua del motor lineal para diferentes variantes de refrigeraci\u00f3n a una temperatura del medio de refrigeraci\u00f3n de 25\u00b0C sin superar la temperatura m\u00e1xima del bobinado.<br \/>\n<\/div>\n<div class=\"col-md-4\">\n<h4>Fuerza m\u00e1x. cont. [Refrigeraci\u00f3n pasiva \/ Ventilador \/ Fluido]<\/h4>\n<p>Fuerza m\u00e1xima que el motor lineal puede aplicar de forma continua a una temperatura del refrigerante de 25\u00b0C y diferentes variantes de refrigeraci\u00f3n sin superar la temperatura m\u00e1xima del bobinado.<br \/>\n<\/div>\n<\/div>\n<div class=\"row\">\n<div class=\"col-md-4\">\n<h4>Corriente m\u00e1xima @ 1x230VAC<\/h4>\n<p>M\u00e1xima corriente de fase permitida (Ipeak) con una tensi\u00f3n de alimentaci\u00f3n de 1x230VAC.<br \/>\n<\/div>\n<div class=\"col-md-4\">\n<h4>Corriente m\u00e1xima @ 3x400VAC<\/h4>\n<p>M\u00e1xima corriente de fase permitida (Ipeak) con una tensi\u00f3n de alimentaci\u00f3n de 3x400VAC.<br \/>\n<\/div>\n<div class=\"col-md-4\">\n<h4>Corriente m\u00e1xima a 48VDC<\/h4>\n<p>M\u00e1xima corriente de fase permitida (Ipeak) con una tensi\u00f3n de alimentaci\u00f3n de 48VDC.<br \/>\n<\/div>\n<\/div>\n<div class=\"row\">\n<div class=\"col-md-4\">\n<h4>Corriente m\u00e1xima a 72VDC<\/h4>\n<p>M\u00e1xima corriente de fase permitida (Ipeak) con una tensi\u00f3n de alimentaci\u00f3n de 72VDC.<br \/>\n<\/div>\n<div class=\"col-md-4\">\n<h4>Fuerza m\u00e1xima @ 1x230VAC<\/h4>\n<p>Fuerza m\u00e1xima del motor lineal cuando se controla con un LinMot Servo Drive a 1x230VAC de tensi\u00f3n de alimentaci\u00f3n.<br \/>\n<\/div>\n<div class=\"col-md-4\">\n<h4>Fuerza m\u00e1xima @ 3x400VAC<\/h4>\n<p>Fuerza m\u00e1xima del motor lineal cuando se controla con un LinMot Servo Drive a 3x400VAC de tensi\u00f3n de alimentaci\u00f3n.<br \/>\n<\/div>\n<\/div>\n<div class=\"row\">\n<div class=\"col-md-4\">\n<h4>Fuerza m\u00e1xima a 48VDC<\/h4>\n<p>Fuerza m\u00e1xima del motor lineal cuando se controla con un LinMot Servo Drive a una tensi\u00f3n de alimentaci\u00f3n de 48VDC.<br \/>\n<\/div>\n<div class=\"col-md-4\">\n<h4>Fuerza m\u00e1xima a 72VDC<\/h4>\n<p>Fuerza m\u00e1xima del motor lineal cuando se controla con un LinMot Servo Drive a una tensi\u00f3n de alimentaci\u00f3n de 72VDC.<br \/>\n<\/div>\n<div class=\"col-md-4\">\n<h4>Carrera m\u00e1xima \/ Carrera prolongada (ES)<\/h4>\n<p>Distancia m\u00e1xima de recorrido del motor lineal.<br \/>\n<\/div>\n<\/div>\n<div class=\"row\">\n<div class=\"col-md-4\">\n<h4>Velocidad m\u00e1xima @ 1x230VAC<\/h4>\n<p>Velocidad m\u00e1xima del motor lineal cuando se controla con un LinMot Servo Drive a 1x230VAC de tensi\u00f3n de alimentaci\u00f3n.<br \/>\n<\/div>\n<div class=\"col-md-4\">\n<h4>Velocidad m\u00e1xima @ 3x400VAC<\/h4>\n<p>Velocidad m\u00e1xima del motor lineal cuando se controla con un LinMot Servo Drive a 3x400VAC de tensi\u00f3n de alimentaci\u00f3n.<br \/>\n<\/div>\n<div class=\"col-md-4\">\n<h4>Velocidad m\u00e1xima a 48VDC<\/h4>\n<p>Velocidad m\u00e1xima del motor lineal cuando se controla con un LinMot Servo Drive a una tensi\u00f3n de alimentaci\u00f3n de 48VDC.<br \/>\n<\/div>\n<\/div>\n<div class=\"row\">\n<div class=\"col-md-4\">\n<h4>Velocidad m\u00e1xima a 72VDC<\/h4>\n<p>Velocidad m\u00e1xima del motor lineal cuando se controla con un LinMot Servo Drive a una tensi\u00f3n de alimentaci\u00f3n de 72VDC.<br \/>\n<\/div>\n<div class=\"col-md-4\">\n<h4>Temperatura m\u00e1xima del bobinado<\/h4>\n<p>M\u00e1xima temperatura de bobinado permitida. Cuando se alcanza esta temperatura, el motor de accionamiento debe desconectarse para evitar que el motor se da\u00f1e por sobrecalentamiento.<br \/>\n<\/div>\n<div class=\"col-md-4\">\n<h4>Momento de inercia (rotativo)<\/h4>\n<p>Momento de inercia de la masa deslizante giratoria de un motor.<br \/>\n<\/div>\n<\/div>\n<div class=\"row\">\n<div class=\"col-md-4\">\n<h4>Tipo de motor FC<\/h4>\n<p>Estator de motor lineal refrigerado por l\u00edquido con serpent\u00edn de refrigeraci\u00f3n integrado para el medio de refrigeraci\u00f3n. Estos motores tienen un rango de potencia mucho m\u00e1s alto que los motores de refrigeraci\u00f3n normal.<br \/>\n<\/div>\n<div class=\"col-md-4\">\n<h4>Tipo de motor HP<\/h4>\n<p>Motores lineales de alto rendimiento con dimensiones id\u00e9nticas y casi el doble de la densidad de potencia de los motores est\u00e1ndar.<br \/>\n<\/div>\n<div class=\"col-md-4\">\n<h4>Tipo de motor LC<\/h4>\n<p>Nueva serie de motores est\u00e1ndar, compatible con los motores est\u00e1ndar anteriores.<br \/>\n<\/div>\n<\/div>\n<div class=\"row\">\n<div class=\"col-md-4\">\n<h4>Paso de poste<\/h4>\n<p>Distancia del Polo Norte al Polo Sur producida por los imanes en el deslizador.<br \/>\n<\/div>\n<div class=\"col-md-4\">\n<h4>Resoluci\u00f3n de la posici\u00f3n<\/h4>\n<p>La desviaci\u00f3n m\u00e1s peque\u00f1a entre la posici\u00f3n real y la posici\u00f3n de consigna detectada por el LinMot Servo Drive cuando se utiliza el sensor de posici\u00f3n interna del motor lineal.<br \/>\n<\/div>\n<div class=\"col-md-4\">\n<h4>Resoluci\u00f3n de la posici\u00f3n ES<\/h4>\n<p>La desviaci\u00f3n m\u00e1s peque\u00f1a entre la posici\u00f3n real y la de destino detectada por el LinMot Servo Drive cuando se utiliza el sensor lineal externo ofrecido por LinMot como accesorio.<br \/>\n<\/div>\n<\/div>\n<div class=\"row\">\n<div class=\"col-md-4\">\n<h4>Repetibilidad<\/h4>\n<p>Desviaci\u00f3n m\u00e1xima de la posici\u00f3n alcanzada en caso de aproximaci\u00f3n repetida a la misma posici\u00f3n bajo condiciones id\u00e9nticas. Repetibilidad de los ejes rotativos de los motores lineales en los procesos de cierre.<br \/>\n<\/div>\n<div class=\"col-md-4\">\n<h4>Repetibilidad ES<\/h4>\n<p>Desviaci\u00f3n m\u00e1xima de la posici\u00f3n alcanzada en caso de aproximaci\u00f3n repetida a la misma posici\u00f3n bajo condiciones id\u00e9nticas con sensores de posici\u00f3n externos.<br \/>\n<\/div>\n<div class=\"col-md-4\">\n<h4>Slider<\/h4>\n<p>El deslizador es la parte en forma de varilla del motor que se introduce en el estator. El deslizador consiste en un tubo de acero inoxidable de pared fina en el que se alojan los imanes del motor (imanes permanentes).<br \/>\n<\/div>\n<\/div>\n<div class=\"row\">\n<div class=\"col-md-4\">\n<h4>Di\u00e1metro del deslizador<\/h4>\n<p>Di\u00e1metro exterior del deslizador del motor lineal.<br \/>\n<\/div>\n<div class=\"col-md-4\">\n<h4>Masa de deslizamiento<\/h4>\n<p>Peso del deslizador.<br \/>\n<\/div>\n<div class=\"col-md-4\">\n<h4>Par de parada<\/h4>\n<p>El par que el motor rotativo puede aplicar de forma permanente en paro.<br \/>\n<\/div>\n<\/div>\n<div class=\"row\">\n<div class=\"col-md-4\">\n<h4>Carrera est\u00e1ndar (SS)<\/h4>\n<p>Rango de carrera en el que el motor lineal desarrolla su mayor fuerza, ya que todos los bobinados del estator (rango activo) se encuentran en el campo magn\u00e9tico del deslizador. La fuerza en el rango de carrera est\u00e1ndar es constante.<br \/>\n<\/div>\n<div class=\"col-md-4\">\n<h4>Estator<\/h4>\n<p>El estator es la parte del motor del motor lineal en la que est\u00e1n integrados los bobinados del motor, los sensores de posici\u00f3n, el control de la temperatura y la placa de caracter\u00edsticas electr\u00f3nica.<br \/>\n<\/div>\n<div class=\"col-md-4\">\n<h4>Dise\u00f1o del estator S<\/h4>\n<p>Motores lineales con una construcci\u00f3n especialmente compacta y corta. En la designaci\u00f3n de tipo reconocible por una S (corta) despu\u00e9s del di\u00e1metro del estator.<br \/>\n<\/div>\n<\/div>\n<div class=\"row\">\n<div class=\"col-md-4\">\n<h4>Di\u00e1metro del deslizador<\/h4>\n<p>Di\u00e1metro exterior del deslizador del motor lineal.<br \/>\n<\/div>\n<div class=\"col-md-4\">\n<h4>Longitud del estator [Tipo de conector \/ Tipo de cable]<\/h4>\n<p>La longitud del estator no tiene en cuenta el cable del motor, el radio de curvatura m\u00ednimo para los tipos de cable o el conector para los tipos de conector.<br \/>\n<\/div>\n<div class=\"col-md-4\">\n<h4>Masa del estator<\/h4>\n<p>Masa del estator (sin deslizador).<br \/>\n<\/div>\n<\/div>\n<div class=\"row\">\n<div class=\"col-md-4\">\n<h4>Inductividad terminal<\/h4>\n<p>Inductancia efectiva entre dos conexiones del bobinado del motor.<br \/>\n<\/div>\n<div class=\"col-md-4\">\n<h4>Resistencia terminal 25\/Tmax \u00b0C<\/h4>\n<p>Resistencia \u00f3hmica efectiva entre dos conexiones del bobinado del motor a una temperatura adecuada del bobinado.<br \/>\n<\/div>\n<div class=\"col-md-4\">\n<h4>Resistencia t\u00e9rmica [Refrigeraci\u00f3n pasiva \/ Ventilador \/ Fluido]<\/h4>\n<p>Resistencia t\u00e9rmica entre el devanado del estator y el medio de refrigeraci\u00f3n del tipo de refrigeraci\u00f3n correspondiente. Determina el calentamiento m\u00e1ximo con una p\u00e9rdida de potencia determinada.<br \/>\n<\/div>\n<\/div>\n<div class=\"row\">\n<div class=\"col-md-4\">\n<h4>Constante de tiempo t\u00e9rmico [Refrigeraci\u00f3n pasiva \/ Ventilador \/ Fluido]<\/h4>\n<p>Describe el tiempo de reacci\u00f3n t\u00edpico para un cambio de temperatura del estator con un modo de enfriamiento apropiado.<br \/>\n<\/div>\n<div class=\"col-md-4\">\n<h4>Tipo de bobinado en los motores P10<\/h4>\n<p>M, U, W: Dependiendo del tipo de bobinado, se obtienen diferentes valores de corriente de fase, constantes de fuerza y tensi\u00f3n, as\u00ed como valores de velocidad m\u00e1xima (con una tensi\u00f3n de enlace de CC determinada) para una familia de motores determinada.<br \/>\n<\/div>\n<div class=\"col-md-4\">\n<h4>Tipo de bobinado en motores est\u00e1ndar P01<\/h4>\n<p>E, F, H: Dependiendo del tipo de bobinado, se obtienen diferentes valores de corriente de fase, constantes de fuerza y tensi\u00f3n, as\u00ed como valores de velocidad m\u00e1xima (con una tensi\u00f3n de enlace de CC determinada) para una familia de motores determinada.<br \/>\n<\/div>\n<\/div>\n","protected":false},"excerpt":{"rendered":"","protected":false},"author":1,"featured_media":0,"parent":251,"menu_order":93,"comment_status":"closed","ping_status":"closed","template":"","meta":{"_acf_changed":false,"footnotes":""},"class_list":["post-559","page","type-page","status-publish","hentry"],"acf":[],"yoast_head":"<!-- This site is optimized with the Yoast SEO Premium plugin v20.9 (Yoast SEO v27.2) - https:\/\/yoast.com\/product\/yoast-seo-premium-wordpress\/ -->\n<title>Glosario - Nuestro l\u00e9xico para su comprensi\u00f3n | LinMot<\/title>\n<meta name=\"description\" content=\"El glosario contiene numerosas explicaciones de los t\u00e9rminos utilizados en el sitio web, los folletos y las fichas t\u00e9cnicas.\" \/>\n<meta name=\"robots\" content=\"index, follow, max-snippet:-1, max-image-preview:large, max-video-preview:-1\" \/>\n<link rel=\"canonical\" href=\"https:\/\/linmot.com\/es\/asistencia-tecnica\/glosario\/\" \/>\n<meta property=\"og:locale\" content=\"es_ES\" \/>\n<meta property=\"og:type\" content=\"article\" \/>\n<meta property=\"og:title\" content=\"Glosario\" \/>\n<meta property=\"og:description\" content=\"El glosario contiene numerosas explicaciones de los t\u00e9rminos utilizados en el sitio web, los folletos y las fichas t\u00e9cnicas.\" \/>\n<meta property=\"og:url\" content=\"https:\/\/linmot.com\/es\/asistencia-tecnica\/glosario\/\" \/>\n<meta property=\"og:site_name\" content=\"LinMot &amp; MagSpring - Espa\u00f1ol\" \/>\n<meta property=\"article:modified_time\" content=\"2023-05-17T07:24:53+00:00\" \/>\n<meta property=\"og:image\" content=\"https:\/\/linmot.com\/es\/wp-content\/uploads\/sites\/5\/2022\/05\/linmot-social-share-logo.jpg\" \/>\n\t<meta property=\"og:image:width\" content=\"800\" \/>\n\t<meta property=\"og:image:height\" content=\"500\" \/>\n\t<meta property=\"og:image:type\" content=\"image\/jpeg\" \/>\n<meta name=\"twitter:card\" content=\"summary_large_image\" \/>\n<meta name=\"twitter:description\" content=\"El glosario contiene numerosas explicaciones de los t\u00e9rminos utilizados en el sitio web, los folletos y las fichas t\u00e9cnicas.\" \/>\n<meta name=\"twitter:label1\" content=\"Tiempo de lectura\" \/>\n\t<meta name=\"twitter:data1\" content=\"7 minutos\" \/>\n<script type=\"application\/ld+json\" class=\"yoast-schema-graph\">{\"@context\":\"https:\/\/schema.org\",\"@graph\":[{\"@type\":\"WebPage\",\"@id\":\"https:\/\/linmot.com\/es\/asistencia-tecnica\/glosario\/\",\"url\":\"https:\/\/linmot.com\/es\/asistencia-tecnica\/glosario\/\",\"name\":\"Glosario - Nuestro l\u00e9xico para su comprensi\u00f3n | LinMot\",\"isPartOf\":{\"@id\":\"https:\/\/linmot.com\/es\/#website\"},\"datePublished\":\"2018-05-15T17:20:40+00:00\",\"dateModified\":\"2023-05-17T07:24:53+00:00\",\"description\":\"El glosario contiene numerosas explicaciones de los t\u00e9rminos utilizados en el sitio web, los folletos y las fichas t\u00e9cnicas.\",\"breadcrumb\":{\"@id\":\"https:\/\/linmot.com\/es\/asistencia-tecnica\/glosario\/#breadcrumb\"},\"inLanguage\":\"es\",\"potentialAction\":[{\"@type\":\"ReadAction\",\"target\":[\"https:\/\/linmot.com\/es\/asistencia-tecnica\/glosario\/\"]}]},{\"@type\":\"BreadcrumbList\",\"@id\":\"https:\/\/linmot.com\/es\/asistencia-tecnica\/glosario\/#breadcrumb\",\"itemListElement\":[{\"@type\":\"ListItem\",\"position\":1,\"name\":\"Home\",\"item\":\"https:\/\/linmot.com\/es\/\"},{\"@type\":\"ListItem\",\"position\":2,\"name\":\"Asistencia t\u00e9cnica\",\"item\":\"https:\/\/linmot.com\/es\/asistencia-tecnica\/\"},{\"@type\":\"ListItem\",\"position\":3,\"name\":\"Glosario\"}]},{\"@type\":\"WebSite\",\"@id\":\"https:\/\/linmot.com\/es\/#website\",\"url\":\"https:\/\/linmot.com\/es\/\",\"name\":\"LinMot &amp; MagSpring - Espa\u00f1ol\",\"description\":\"Motores lineales y sistemas de motores lineales de alta calidad\",\"publisher\":{\"@id\":\"https:\/\/linmot.com\/es\/#organization\"},\"potentialAction\":[{\"@type\":\"SearchAction\",\"target\":{\"@type\":\"EntryPoint\",\"urlTemplate\":\"https:\/\/linmot.com\/es\/?s={search_term_string}\"},\"query-input\":{\"@type\":\"PropertyValueSpecification\",\"valueRequired\":true,\"valueName\":\"search_term_string\"}}],\"inLanguage\":\"es\"},{\"@type\":\"Organization\",\"@id\":\"https:\/\/linmot.com\/es\/#organization\",\"name\":\"NTI AG - LinMot & MagSpring\",\"url\":\"https:\/\/linmot.com\/es\/\",\"logo\":{\"@type\":\"ImageObject\",\"inLanguage\":\"es\",\"@id\":\"https:\/\/linmot.com\/es\/#\/schema\/logo\/image\/\",\"url\":\"https:\/\/linmot.com\/es\/wp-content\/uploads\/sites\/5\/2022\/05\/linmot-social-share-logo.jpg\",\"contentUrl\":\"https:\/\/linmot.com\/es\/wp-content\/uploads\/sites\/5\/2022\/05\/linmot-social-share-logo.jpg\",\"width\":800,\"height\":500,\"caption\":\"NTI AG - LinMot & MagSpring\"},\"image\":{\"@id\":\"https:\/\/linmot.com\/es\/#\/schema\/logo\/image\/\"},\"sameAs\":[\"https:\/\/www.linkedin.com\/company\/nti-ag-linmot-magspring\",\"https:\/\/www.youtube.com\/user\/LinMotEurope\"]}]}<\/script>\n<!-- \/ Yoast SEO Premium plugin. -->","yoast_head_json":{"title":"Glosario - Nuestro l\u00e9xico para su comprensi\u00f3n | LinMot","description":"El glosario contiene numerosas explicaciones de los t\u00e9rminos utilizados en el sitio web, los folletos y las fichas t\u00e9cnicas.","robots":{"index":"index","follow":"follow","max-snippet":"max-snippet:-1","max-image-preview":"max-image-preview:large","max-video-preview":"max-video-preview:-1"},"canonical":"https:\/\/linmot.com\/es\/asistencia-tecnica\/glosario\/","og_locale":"es_ES","og_type":"article","og_title":"Glosario","og_description":"El glosario contiene numerosas explicaciones de los t\u00e9rminos utilizados en el sitio web, los folletos y las fichas t\u00e9cnicas.","og_url":"https:\/\/linmot.com\/es\/asistencia-tecnica\/glosario\/","og_site_name":"LinMot &amp; MagSpring - Espa\u00f1ol","article_modified_time":"2023-05-17T07:24:53+00:00","og_image":[{"width":800,"height":500,"url":"https:\/\/linmot.com\/es\/wp-content\/uploads\/sites\/5\/2022\/05\/linmot-social-share-logo.jpg","type":"image\/jpeg"}],"twitter_card":"summary_large_image","twitter_description":"El glosario contiene numerosas explicaciones de los t\u00e9rminos utilizados en el sitio web, los folletos y las fichas t\u00e9cnicas.","twitter_misc":{"Tiempo de lectura":"7 minutos"},"schema":{"@context":"https:\/\/schema.org","@graph":[{"@type":"WebPage","@id":"https:\/\/linmot.com\/es\/asistencia-tecnica\/glosario\/","url":"https:\/\/linmot.com\/es\/asistencia-tecnica\/glosario\/","name":"Glosario - Nuestro l\u00e9xico para su comprensi\u00f3n | LinMot","isPartOf":{"@id":"https:\/\/linmot.com\/es\/#website"},"datePublished":"2018-05-15T17:20:40+00:00","dateModified":"2023-05-17T07:24:53+00:00","description":"El glosario contiene numerosas explicaciones de los t\u00e9rminos utilizados en el sitio web, los folletos y las fichas t\u00e9cnicas.","breadcrumb":{"@id":"https:\/\/linmot.com\/es\/asistencia-tecnica\/glosario\/#breadcrumb"},"inLanguage":"es","potentialAction":[{"@type":"ReadAction","target":["https:\/\/linmot.com\/es\/asistencia-tecnica\/glosario\/"]}]},{"@type":"BreadcrumbList","@id":"https:\/\/linmot.com\/es\/asistencia-tecnica\/glosario\/#breadcrumb","itemListElement":[{"@type":"ListItem","position":1,"name":"Home","item":"https:\/\/linmot.com\/es\/"},{"@type":"ListItem","position":2,"name":"Asistencia t\u00e9cnica","item":"https:\/\/linmot.com\/es\/asistencia-tecnica\/"},{"@type":"ListItem","position":3,"name":"Glosario"}]},{"@type":"WebSite","@id":"https:\/\/linmot.com\/es\/#website","url":"https:\/\/linmot.com\/es\/","name":"LinMot &amp; MagSpring - Espa\u00f1ol","description":"Motores lineales y sistemas de motores lineales de alta calidad","publisher":{"@id":"https:\/\/linmot.com\/es\/#organization"},"potentialAction":[{"@type":"SearchAction","target":{"@type":"EntryPoint","urlTemplate":"https:\/\/linmot.com\/es\/?s={search_term_string}"},"query-input":{"@type":"PropertyValueSpecification","valueRequired":true,"valueName":"search_term_string"}}],"inLanguage":"es"},{"@type":"Organization","@id":"https:\/\/linmot.com\/es\/#organization","name":"NTI AG - LinMot & MagSpring","url":"https:\/\/linmot.com\/es\/","logo":{"@type":"ImageObject","inLanguage":"es","@id":"https:\/\/linmot.com\/es\/#\/schema\/logo\/image\/","url":"https:\/\/linmot.com\/es\/wp-content\/uploads\/sites\/5\/2022\/05\/linmot-social-share-logo.jpg","contentUrl":"https:\/\/linmot.com\/es\/wp-content\/uploads\/sites\/5\/2022\/05\/linmot-social-share-logo.jpg","width":800,"height":500,"caption":"NTI AG - LinMot & MagSpring"},"image":{"@id":"https:\/\/linmot.com\/es\/#\/schema\/logo\/image\/"},"sameAs":["https:\/\/www.linkedin.com\/company\/nti-ag-linmot-magspring","https:\/\/www.youtube.com\/user\/LinMotEurope"]}]}},"_links":{"self":[{"href":"https:\/\/linmot.com\/es\/wp-json\/wp\/v2\/pages\/559","targetHints":{"allow":["GET"]}}],"collection":[{"href":"https:\/\/linmot.com\/es\/wp-json\/wp\/v2\/pages"}],"about":[{"href":"https:\/\/linmot.com\/es\/wp-json\/wp\/v2\/types\/page"}],"author":[{"embeddable":true,"href":"https:\/\/linmot.com\/es\/wp-json\/wp\/v2\/users\/1"}],"replies":[{"embeddable":true,"href":"https:\/\/linmot.com\/es\/wp-json\/wp\/v2\/comments?post=559"}],"version-history":[{"count":4,"href":"https:\/\/linmot.com\/es\/wp-json\/wp\/v2\/pages\/559\/revisions"}],"predecessor-version":[{"id":2568,"href":"https:\/\/linmot.com\/es\/wp-json\/wp\/v2\/pages\/559\/revisions\/2568"}],"up":[{"embeddable":true,"href":"https:\/\/linmot.com\/es\/wp-json\/wp\/v2\/pages\/251"}],"wp:attachment":[{"href":"https:\/\/linmot.com\/es\/wp-json\/wp\/v2\/media?parent=559"}],"curies":[{"name":"wp","href":"https:\/\/api.w.org\/{rel}","templated":true}]}}