{"id":54,"date":"2017-10-20T23:34:25","date_gmt":"2017-10-20T21:34:25","guid":{"rendered":"https:\/\/linmot.com\/?page_id=54"},"modified":"2023-05-10T14:54:51","modified_gmt":"2023-05-10T14:54:51","slug":"procesamiento-de-la-madera","status":"publish","type":"page","link":"https:\/\/linmot.com\/es\/soluciones-industriales\/procesamiento-de-la-madera\/","title":{"rendered":"Procesamiento de la madera"},"content":{"rendered":"<img loading=\"lazy\" decoding=\"async\" class=\"aligncenter size-full wp-image-199\" src=\"https:\/\/linmot.com\/es\/wp-content\/uploads\/sites\/5\/2017\/10\/LinMot-Solutions-Wood-Processing-Industry.jpg\" alt=\"\" width=\"940\" height=\"300\" srcset=\"https:\/\/linmot.com\/es\/wp-content\/uploads\/sites\/5\/2017\/10\/LinMot-Solutions-Wood-Processing-Industry.jpg 940w, https:\/\/linmot.com\/es\/wp-content\/uploads\/sites\/5\/2017\/10\/LinMot-Solutions-Wood-Processing-Industry-300x96.jpg 300w, https:\/\/linmot.com\/es\/wp-content\/uploads\/sites\/5\/2017\/10\/LinMot-Solutions-Wood-Processing-Industry-768x245.jpg 768w\" sizes=\"auto, (max-width: 940px) 100vw, 940px\" \/>\n<p>La corta duraci\u00f3n de las modas y la competitividad exigen a los fabricantes de muebles disponer de una oferta de producto extremadamente variable. Los peque\u00f1os lotes de producci\u00f3n se han convertido en un requisito t\u00edpico para la industria del mueble y sus proveedores, con un m\u00e1ximo rendimiento de piezas. Asimismo, el m\u00e1ximo valor a\u00f1adido debe jugar siempre un papel importante, en la medida en que se ha vuelto indispensable en todas las industrias. Para las m\u00e1quinas de procesamiento de madera, por lo tanto, la mejor utilizaci\u00f3n posible del material es tan importante como el alto grado de eficiencia y una funcionalidad sin compromisos.<\/p>\n<p>El uso de <a href=\"\/es\/productos\/motores-lineales\/\">motores lineales<\/a> contribuye en gran medida al cumplimiento de estos requisitos.<\/p>\n<blockquote><p>La tecnolog\u00eda lineal asegura el ajuste autom\u00e1tico de la amplitud de paso, por ejemplo, con el fin de garantizar \u00f3ptimos recortes de material<\/p><\/blockquote>\n<p>Con la aplicaci\u00f3n de \u201ccizalla volante\u201d, tanto las operaciones de corte como de fresado se pueden coordinar con el fin de mover la herramienta de forma s\u00edncrona con el material y procesarlo mientras est\u00e1 en movimiento. Otras tareas para los controladores incluyen el transporte r\u00e1pido de unidades de taladros, corte preciso para materiales continuos, o la alimentaci\u00f3n y manipulaci\u00f3n de material para m\u00e1quinas.<\/p>\n<div class=\"row\">\n<div class=\"col-sm-4\">\n<ul>\n<li>Ajuste autom\u00e1tico de la anchura de corte<\/li>\n<li>Corte de material sin fin<\/li>\n<\/ul>\n<\/div>\n<div class=\"col-sm-4\">\n<ul>\n<li>Movimiento r\u00e1pido de las fresas de perforaci\u00f3n<\/li>\n<\/ul>\n<\/div>\n<div class=\"col-sm-4\">\n<ul>\n<li>Manipulaci\u00f3n de materiales<\/li>\n<\/ul>\n<\/div>\n<\/div>\n<p>Los agujeros se pueden perforar alternativamente con nuestros motores de giro de carrera. Los sensores integrados aseguran y documentan exactamente la profundidad de perforaci\u00f3n deseada. Gracias a la elevada clase de protecci\u00f3n IP, las finas part\u00edculas de madera no da\u00f1an los motores y garantizan una larga vida \u00fatil.<\/p>\n<p>Adem\u00e1s, los procesos de uni\u00f3n pueden controlarse hasta una fracci\u00f3n de la fuerza de uni\u00f3n necesaria con sensores de fuerza adicionales. Esto garantiza una calidad constante en todo momento.<\/p>\n","protected":false},"excerpt":{"rendered":"<p>La corta duraci\u00f3n de las modas y la competitividad exigen a los fabricantes de muebles disponer de una oferta de producto extremadamente variable. Los peque\u00f1os lotes de producci\u00f3n se han convertido en un requisito t\u00edpico para la industria del mueble y sus proveedores, con un m\u00e1ximo rendimiento de piezas. Asimismo, el m\u00e1ximo valor a\u00f1adido debe [&hellip;]<\/p>\n","protected":false},"author":1,"featured_media":0,"parent":8,"menu_order":92,"comment_status":"closed","ping_status":"closed","template":"","meta":{"_acf_changed":false,"footnotes":""},"class_list":["post-54","page","type-page","status-publish","hentry"],"acf":[],"yoast_head":"<!-- This site is optimized with the Yoast SEO Premium plugin v20.9 (Yoast SEO v27.2) - https:\/\/yoast.com\/product\/yoast-seo-premium-wordpress\/ -->\n<title>Trabajo de la madera - operaciones de aserrado o fresado sincronizadas<\/title>\n<meta name=\"description\" content=\"En las m\u00e1quinas para trabajar la madera, la alta eficiencia, la funcionalidad sin concesiones, la fiabilidad y la alta disponibilidad son cruciales.\" \/>\n<meta name=\"robots\" content=\"index, follow, max-snippet:-1, max-image-preview:large, max-video-preview:-1\" \/>\n<link rel=\"canonical\" href=\"https:\/\/linmot.com\/es\/soluciones-industriales\/procesamiento-de-la-madera\/\" \/>\n<meta property=\"og:locale\" content=\"es_ES\" \/>\n<meta property=\"og:type\" content=\"article\" \/>\n<meta property=\"og:title\" content=\"Trabajo de la madera - operaciones de aserrado o fresado sincronizadas\" \/>\n<meta property=\"og:description\" content=\"En las m\u00e1quinas para trabajar la madera, la alta eficiencia, la funcionalidad sin concesiones, la fiabilidad y la alta disponibilidad son cruciales.\" \/>\n<meta property=\"og:url\" content=\"https:\/\/linmot.com\/es\/soluciones-industriales\/procesamiento-de-la-madera\/\" \/>\n<meta property=\"og:site_name\" content=\"LinMot &amp; MagSpring - Espa\u00f1ol\" \/>\n<meta property=\"article:modified_time\" content=\"2023-05-10T14:54:51+00:00\" \/>\n<meta property=\"og:image\" content=\"https:\/\/linmot.com\/es\/wp-content\/uploads\/sites\/5\/2017\/10\/LinMot-Solutions-Wood-Processing-Industry.jpg\" \/>\n\t<meta property=\"og:image:width\" content=\"940\" \/>\n\t<meta property=\"og:image:height\" content=\"300\" \/>\n\t<meta property=\"og:image:type\" content=\"image\/jpeg\" \/>\n<meta name=\"twitter:card\" content=\"summary_large_image\" \/>\n<meta name=\"twitter:title\" content=\"Trabajo de la madera - operaciones de aserrado o fresado sincronizadas\" \/>\n<meta name=\"twitter:description\" content=\"En las m\u00e1quinas para trabajar la madera, la alta eficiencia, la funcionalidad sin concesiones, la fiabilidad y la alta disponibilidad son cruciales.\" \/>\n<meta name=\"twitter:label1\" content=\"Tiempo de lectura\" \/>\n\t<meta name=\"twitter:data1\" content=\"2 minutos\" \/>\n<script type=\"application\/ld+json\" class=\"yoast-schema-graph\">{\"@context\":\"https:\/\/schema.org\",\"@graph\":[{\"@type\":\"WebPage\",\"@id\":\"https:\/\/linmot.com\/es\/soluciones-industriales\/procesamiento-de-la-madera\/\",\"url\":\"https:\/\/linmot.com\/es\/soluciones-industriales\/procesamiento-de-la-madera\/\",\"name\":\"Trabajo de la madera - operaciones de aserrado o fresado sincronizadas\",\"isPartOf\":{\"@id\":\"https:\/\/linmot.com\/es\/#website\"},\"primaryImageOfPage\":{\"@id\":\"https:\/\/linmot.com\/es\/soluciones-industriales\/procesamiento-de-la-madera\/#primaryimage\"},\"image\":{\"@id\":\"https:\/\/linmot.com\/es\/soluciones-industriales\/procesamiento-de-la-madera\/#primaryimage\"},\"thumbnailUrl\":\"https:\/\/linmot.com\/es\/wp-content\/uploads\/sites\/5\/2017\/10\/LinMot-Solutions-Wood-Processing-Industry.jpg\",\"datePublished\":\"2017-10-20T21:34:25+00:00\",\"dateModified\":\"2023-05-10T14:54:51+00:00\",\"description\":\"En las m\u00e1quinas para trabajar la madera, la alta eficiencia, la funcionalidad sin concesiones, la fiabilidad y la alta disponibilidad son cruciales.\",\"breadcrumb\":{\"@id\":\"https:\/\/linmot.com\/es\/soluciones-industriales\/procesamiento-de-la-madera\/#breadcrumb\"},\"inLanguage\":\"es\",\"potentialAction\":[{\"@type\":\"ReadAction\",\"target\":[\"https:\/\/linmot.com\/es\/soluciones-industriales\/procesamiento-de-la-madera\/\"]}]},{\"@type\":\"ImageObject\",\"inLanguage\":\"es\",\"@id\":\"https:\/\/linmot.com\/es\/soluciones-industriales\/procesamiento-de-la-madera\/#primaryimage\",\"url\":\"https:\/\/linmot.com\/es\/wp-content\/uploads\/sites\/5\/2017\/10\/LinMot-Solutions-Wood-Processing-Industry.jpg\",\"contentUrl\":\"https:\/\/linmot.com\/es\/wp-content\/uploads\/sites\/5\/2017\/10\/LinMot-Solutions-Wood-Processing-Industry.jpg\",\"width\":940,\"height\":300,\"caption\":\"\"},{\"@type\":\"BreadcrumbList\",\"@id\":\"https:\/\/linmot.com\/es\/soluciones-industriales\/procesamiento-de-la-madera\/#breadcrumb\",\"itemListElement\":[{\"@type\":\"ListItem\",\"position\":1,\"name\":\"Home\",\"item\":\"https:\/\/linmot.com\/es\/\"},{\"@type\":\"ListItem\",\"position\":2,\"name\":\"Soluciones industriales\",\"item\":\"https:\/\/linmot.com\/es\/soluciones-industriales\/\"},{\"@type\":\"ListItem\",\"position\":3,\"name\":\"Procesamiento de la madera\"}]},{\"@type\":\"WebSite\",\"@id\":\"https:\/\/linmot.com\/es\/#website\",\"url\":\"https:\/\/linmot.com\/es\/\",\"name\":\"LinMot &amp; MagSpring - Espa\u00f1ol\",\"description\":\"Motores lineales y sistemas de motores lineales de alta calidad\",\"publisher\":{\"@id\":\"https:\/\/linmot.com\/es\/#organization\"},\"potentialAction\":[{\"@type\":\"SearchAction\",\"target\":{\"@type\":\"EntryPoint\",\"urlTemplate\":\"https:\/\/linmot.com\/es\/?s={search_term_string}\"},\"query-input\":{\"@type\":\"PropertyValueSpecification\",\"valueRequired\":true,\"valueName\":\"search_term_string\"}}],\"inLanguage\":\"es\"},{\"@type\":\"Organization\",\"@id\":\"https:\/\/linmot.com\/es\/#organization\",\"name\":\"NTI AG - LinMot & MagSpring\",\"url\":\"https:\/\/linmot.com\/es\/\",\"logo\":{\"@type\":\"ImageObject\",\"inLanguage\":\"es\",\"@id\":\"https:\/\/linmot.com\/es\/#\/schema\/logo\/image\/\",\"url\":\"https:\/\/linmot.com\/es\/wp-content\/uploads\/sites\/5\/2022\/05\/linmot-social-share-logo.jpg\",\"contentUrl\":\"https:\/\/linmot.com\/es\/wp-content\/uploads\/sites\/5\/2022\/05\/linmot-social-share-logo.jpg\",\"width\":800,\"height\":500,\"caption\":\"NTI AG - LinMot & MagSpring\"},\"image\":{\"@id\":\"https:\/\/linmot.com\/es\/#\/schema\/logo\/image\/\"},\"sameAs\":[\"https:\/\/www.linkedin.com\/company\/nti-ag-linmot-magspring\",\"https:\/\/www.youtube.com\/user\/LinMotEurope\"]}]}<\/script>\n<!-- \/ Yoast SEO Premium plugin. -->","yoast_head_json":{"title":"Trabajo de la madera - operaciones de aserrado o fresado sincronizadas","description":"En las m\u00e1quinas para trabajar la madera, la alta eficiencia, la funcionalidad sin concesiones, la fiabilidad y la alta disponibilidad son cruciales.","robots":{"index":"index","follow":"follow","max-snippet":"max-snippet:-1","max-image-preview":"max-image-preview:large","max-video-preview":"max-video-preview:-1"},"canonical":"https:\/\/linmot.com\/es\/soluciones-industriales\/procesamiento-de-la-madera\/","og_locale":"es_ES","og_type":"article","og_title":"Trabajo de la madera - operaciones de aserrado o fresado sincronizadas","og_description":"En las m\u00e1quinas para trabajar la madera, la alta eficiencia, la funcionalidad sin concesiones, la fiabilidad y la alta disponibilidad son cruciales.","og_url":"https:\/\/linmot.com\/es\/soluciones-industriales\/procesamiento-de-la-madera\/","og_site_name":"LinMot &amp; MagSpring - Espa\u00f1ol","article_modified_time":"2023-05-10T14:54:51+00:00","og_image":[{"width":940,"height":300,"url":"https:\/\/linmot.com\/es\/wp-content\/uploads\/sites\/5\/2017\/10\/LinMot-Solutions-Wood-Processing-Industry.jpg","type":"image\/jpeg"}],"twitter_card":"summary_large_image","twitter_title":"Trabajo de la madera - operaciones de aserrado o fresado sincronizadas","twitter_description":"En las m\u00e1quinas para trabajar la madera, la alta eficiencia, la funcionalidad sin concesiones, la fiabilidad y la alta disponibilidad son cruciales.","twitter_misc":{"Tiempo de lectura":"2 minutos"},"schema":{"@context":"https:\/\/schema.org","@graph":[{"@type":"WebPage","@id":"https:\/\/linmot.com\/es\/soluciones-industriales\/procesamiento-de-la-madera\/","url":"https:\/\/linmot.com\/es\/soluciones-industriales\/procesamiento-de-la-madera\/","name":"Trabajo de la madera - operaciones de aserrado o fresado sincronizadas","isPartOf":{"@id":"https:\/\/linmot.com\/es\/#website"},"primaryImageOfPage":{"@id":"https:\/\/linmot.com\/es\/soluciones-industriales\/procesamiento-de-la-madera\/#primaryimage"},"image":{"@id":"https:\/\/linmot.com\/es\/soluciones-industriales\/procesamiento-de-la-madera\/#primaryimage"},"thumbnailUrl":"https:\/\/linmot.com\/es\/wp-content\/uploads\/sites\/5\/2017\/10\/LinMot-Solutions-Wood-Processing-Industry.jpg","datePublished":"2017-10-20T21:34:25+00:00","dateModified":"2023-05-10T14:54:51+00:00","description":"En las m\u00e1quinas para trabajar la madera, la alta eficiencia, la funcionalidad sin concesiones, la fiabilidad y la alta disponibilidad son cruciales.","breadcrumb":{"@id":"https:\/\/linmot.com\/es\/soluciones-industriales\/procesamiento-de-la-madera\/#breadcrumb"},"inLanguage":"es","potentialAction":[{"@type":"ReadAction","target":["https:\/\/linmot.com\/es\/soluciones-industriales\/procesamiento-de-la-madera\/"]}]},{"@type":"ImageObject","inLanguage":"es","@id":"https:\/\/linmot.com\/es\/soluciones-industriales\/procesamiento-de-la-madera\/#primaryimage","url":"https:\/\/linmot.com\/es\/wp-content\/uploads\/sites\/5\/2017\/10\/LinMot-Solutions-Wood-Processing-Industry.jpg","contentUrl":"https:\/\/linmot.com\/es\/wp-content\/uploads\/sites\/5\/2017\/10\/LinMot-Solutions-Wood-Processing-Industry.jpg","width":940,"height":300,"caption":""},{"@type":"BreadcrumbList","@id":"https:\/\/linmot.com\/es\/soluciones-industriales\/procesamiento-de-la-madera\/#breadcrumb","itemListElement":[{"@type":"ListItem","position":1,"name":"Home","item":"https:\/\/linmot.com\/es\/"},{"@type":"ListItem","position":2,"name":"Soluciones industriales","item":"https:\/\/linmot.com\/es\/soluciones-industriales\/"},{"@type":"ListItem","position":3,"name":"Procesamiento de la madera"}]},{"@type":"WebSite","@id":"https:\/\/linmot.com\/es\/#website","url":"https:\/\/linmot.com\/es\/","name":"LinMot &amp; MagSpring - Espa\u00f1ol","description":"Motores lineales y sistemas de motores lineales de alta calidad","publisher":{"@id":"https:\/\/linmot.com\/es\/#organization"},"potentialAction":[{"@type":"SearchAction","target":{"@type":"EntryPoint","urlTemplate":"https:\/\/linmot.com\/es\/?s={search_term_string}"},"query-input":{"@type":"PropertyValueSpecification","valueRequired":true,"valueName":"search_term_string"}}],"inLanguage":"es"},{"@type":"Organization","@id":"https:\/\/linmot.com\/es\/#organization","name":"NTI AG - LinMot & MagSpring","url":"https:\/\/linmot.com\/es\/","logo":{"@type":"ImageObject","inLanguage":"es","@id":"https:\/\/linmot.com\/es\/#\/schema\/logo\/image\/","url":"https:\/\/linmot.com\/es\/wp-content\/uploads\/sites\/5\/2022\/05\/linmot-social-share-logo.jpg","contentUrl":"https:\/\/linmot.com\/es\/wp-content\/uploads\/sites\/5\/2022\/05\/linmot-social-share-logo.jpg","width":800,"height":500,"caption":"NTI AG - LinMot & MagSpring"},"image":{"@id":"https:\/\/linmot.com\/es\/#\/schema\/logo\/image\/"},"sameAs":["https:\/\/www.linkedin.com\/company\/nti-ag-linmot-magspring","https:\/\/www.youtube.com\/user\/LinMotEurope"]}]}},"_links":{"self":[{"href":"https:\/\/linmot.com\/es\/wp-json\/wp\/v2\/pages\/54","targetHints":{"allow":["GET"]}}],"collection":[{"href":"https:\/\/linmot.com\/es\/wp-json\/wp\/v2\/pages"}],"about":[{"href":"https:\/\/linmot.com\/es\/wp-json\/wp\/v2\/types\/page"}],"author":[{"embeddable":true,"href":"https:\/\/linmot.com\/es\/wp-json\/wp\/v2\/users\/1"}],"replies":[{"embeddable":true,"href":"https:\/\/linmot.com\/es\/wp-json\/wp\/v2\/comments?post=54"}],"version-history":[{"count":8,"href":"https:\/\/linmot.com\/es\/wp-json\/wp\/v2\/pages\/54\/revisions"}],"predecessor-version":[{"id":2507,"href":"https:\/\/linmot.com\/es\/wp-json\/wp\/v2\/pages\/54\/revisions\/2507"}],"up":[{"embeddable":true,"href":"https:\/\/linmot.com\/es\/wp-json\/wp\/v2\/pages\/8"}],"wp:attachment":[{"href":"https:\/\/linmot.com\/es\/wp-json\/wp\/v2\/media?parent=54"}],"curies":[{"name":"wp","href":"https:\/\/api.w.org\/{rel}","templated":true}]}}