{"id":52,"date":"2017-10-20T23:34:10","date_gmt":"2017-10-20T21:34:10","guid":{"rendered":"https:\/\/linmot.com\/?page_id=52"},"modified":"2023-05-10T12:49:41","modified_gmt":"2023-05-10T12:49:41","slug":"automocion","status":"publish","type":"page","link":"https:\/\/linmot.com\/es\/soluciones-industriales\/automocion\/","title":{"rendered":"Automoci\u00f3n"},"content":{"rendered":"<img loading=\"lazy\" decoding=\"async\" class=\"aligncenter size-full wp-image-202\" src=\"https:\/\/linmot.com\/es\/wp-content\/uploads\/sites\/5\/2017\/10\/LinMot-Solutions-Automotive-Industry.jpg\" alt=\"\" width=\"940\" height=\"300\" srcset=\"https:\/\/linmot.com\/es\/wp-content\/uploads\/sites\/5\/2017\/10\/LinMot-Solutions-Automotive-Industry.jpg 940w, https:\/\/linmot.com\/es\/wp-content\/uploads\/sites\/5\/2017\/10\/LinMot-Solutions-Automotive-Industry-300x96.jpg 300w, https:\/\/linmot.com\/es\/wp-content\/uploads\/sites\/5\/2017\/10\/LinMot-Solutions-Automotive-Industry-768x245.jpg 768w\" sizes=\"auto, (max-width: 940px) 100vw, 940px\" \/>\n<p>Los retos de la fabricaci\u00f3n de autom\u00f3viles modernos ampl\u00edan principalmente la competencia, aumentan la presi\u00f3n sobre los costes e incrementan la variedad de modelos.<br \/>\nCon el fin de abordar eficazmente estos factores, todos los procesos deben ser optimizados a fondo.<\/p>\n<p>Los controladores lineales LinMot conllevan una mayor flexibilidad y productividad en la industria del autom\u00f3vil.<\/p>\n<p>Pueden proporcionar de manera efectiva pruebas no s\u00f3lo funcionales y de durabilidad para autom\u00f3viles, sino tambi\u00e9n para todas las aplicaciones a lo largo del proceso de fabricaci\u00f3n.<\/p>\n<p>Esto incluye especialmente las aplicaciones en las \u00e1reas de montaje, gesti\u00f3n de materiales y la inspecci\u00f3n de errores.<\/p>\n<p>Para cumplir los elevados requisitos de calidad de la industria automovil\u00edstica, es posible comprobar, supervisar y documentar en todo momento los distintos pasos del proceso mediante la supervisi\u00f3n del mismo. Esto proporciona seguridad y aumenta la calidad del producto final.<\/p>\n<p>Este proceso tambi\u00e9n elimina la necesidad de un control de calidad adicional. Esto reduce los costes de funcionamiento de la planta.<\/p>\n<p>Con un elevado n\u00famero de ciclos, los accionamientos lineales pueden reducir el trabajo de mantenimiento, ya que los motores lineales pr\u00e1cticamente no se desgastan.<\/p>\n","protected":false},"excerpt":{"rendered":"<p>Los retos de la fabricaci\u00f3n de autom\u00f3viles modernos ampl\u00edan principalmente la competencia, aumentan la presi\u00f3n sobre los costes e incrementan la variedad de modelos. Con el fin de abordar eficazmente estos factores, todos los procesos deben ser optimizados a fondo. Los controladores lineales LinMot conllevan una mayor flexibilidad y productividad en la industria del autom\u00f3vil. [&hellip;]<\/p>\n","protected":false},"author":1,"featured_media":0,"parent":8,"menu_order":76,"comment_status":"closed","ping_status":"closed","template":"","meta":{"_acf_changed":false,"footnotes":""},"class_list":["post-52","page","type-page","status-publish","hentry"],"acf":[],"yoast_head":"<!-- This site is optimized with the Yoast SEO Premium plugin v20.9 (Yoast SEO v27.2) - https:\/\/yoast.com\/product\/yoast-seo-premium-wordpress\/ -->\n<title>Automoci\u00f3n - Pruebas de funcionamiento y resistencia, aplicaciones<\/title>\n<meta name=\"description\" content=\"Simplifica las pruebas de funcionamiento y resistencia en la industria del autom\u00f3vil y las soluciones flexibles para grandes cantidades en la tecnolog\u00eda de montaje.\" \/>\n<meta name=\"robots\" content=\"index, follow, max-snippet:-1, max-image-preview:large, max-video-preview:-1\" \/>\n<link rel=\"canonical\" href=\"https:\/\/linmot.com\/es\/soluciones-industriales\/automocion\/\" \/>\n<meta property=\"og:locale\" content=\"es_ES\" \/>\n<meta property=\"og:type\" content=\"article\" \/>\n<meta property=\"og:title\" content=\"Automoci\u00f3n - Pruebas de funcionamiento y resistencia, aplicaciones\" \/>\n<meta property=\"og:description\" content=\"Simplifica las pruebas de funcionamiento y resistencia en la industria del autom\u00f3vil y las soluciones flexibles para grandes cantidades en la tecnolog\u00eda de montaje.\" \/>\n<meta property=\"og:url\" content=\"https:\/\/linmot.com\/es\/soluciones-industriales\/automocion\/\" \/>\n<meta property=\"og:site_name\" content=\"LinMot &amp; MagSpring - Espa\u00f1ol\" \/>\n<meta property=\"article:modified_time\" content=\"2023-05-10T12:49:41+00:00\" \/>\n<meta property=\"og:image\" content=\"https:\/\/linmot.com\/es\/wp-content\/uploads\/sites\/5\/2017\/10\/LinMot-Solutions-Automotive-Industry.jpg\" \/>\n\t<meta property=\"og:image:width\" content=\"940\" \/>\n\t<meta property=\"og:image:height\" content=\"300\" \/>\n\t<meta property=\"og:image:type\" content=\"image\/jpeg\" \/>\n<meta name=\"twitter:card\" content=\"summary_large_image\" \/>\n<meta name=\"twitter:title\" content=\"Automoci\u00f3n - Pruebas de funcionamiento y resistencia, aplicaciones\" \/>\n<meta name=\"twitter:description\" content=\"Simplifica las pruebas de funcionamiento y resistencia en la industria del autom\u00f3vil y las soluciones flexibles para grandes cantidades en la tecnolog\u00eda de montaje.\" \/>\n<meta name=\"twitter:image\" content=\"https:\/\/linmot.com\/es\/wp-content\/uploads\/sites\/5\/2017\/10\/LinMot-Solutions-Automotive-Industry.jpg\" \/>\n<meta name=\"twitter:label1\" content=\"Tiempo de lectura\" \/>\n\t<meta name=\"twitter:data1\" content=\"2 minutos\" \/>\n<script type=\"application\/ld+json\" class=\"yoast-schema-graph\">{\"@context\":\"https:\/\/schema.org\",\"@graph\":[{\"@type\":\"WebPage\",\"@id\":\"https:\/\/linmot.com\/es\/soluciones-industriales\/automocion\/\",\"url\":\"https:\/\/linmot.com\/es\/soluciones-industriales\/automocion\/\",\"name\":\"Automoci\u00f3n - Pruebas de funcionamiento y resistencia, aplicaciones\",\"isPartOf\":{\"@id\":\"https:\/\/linmot.com\/es\/#website\"},\"primaryImageOfPage\":{\"@id\":\"https:\/\/linmot.com\/es\/soluciones-industriales\/automocion\/#primaryimage\"},\"image\":{\"@id\":\"https:\/\/linmot.com\/es\/soluciones-industriales\/automocion\/#primaryimage\"},\"thumbnailUrl\":\"https:\/\/linmot.com\/es\/wp-content\/uploads\/sites\/5\/2017\/10\/LinMot-Solutions-Automotive-Industry.jpg\",\"datePublished\":\"2017-10-20T21:34:10+00:00\",\"dateModified\":\"2023-05-10T12:49:41+00:00\",\"description\":\"Simplifica las pruebas de funcionamiento y resistencia en la industria del autom\u00f3vil y las soluciones flexibles para grandes cantidades en la tecnolog\u00eda de montaje.\",\"breadcrumb\":{\"@id\":\"https:\/\/linmot.com\/es\/soluciones-industriales\/automocion\/#breadcrumb\"},\"inLanguage\":\"es\",\"potentialAction\":[{\"@type\":\"ReadAction\",\"target\":[\"https:\/\/linmot.com\/es\/soluciones-industriales\/automocion\/\"]}]},{\"@type\":\"ImageObject\",\"inLanguage\":\"es\",\"@id\":\"https:\/\/linmot.com\/es\/soluciones-industriales\/automocion\/#primaryimage\",\"url\":\"https:\/\/linmot.com\/es\/wp-content\/uploads\/sites\/5\/2017\/10\/LinMot-Solutions-Automotive-Industry.jpg\",\"contentUrl\":\"https:\/\/linmot.com\/es\/wp-content\/uploads\/sites\/5\/2017\/10\/LinMot-Solutions-Automotive-Industry.jpg\",\"width\":940,\"height\":300,\"caption\":\"\"},{\"@type\":\"BreadcrumbList\",\"@id\":\"https:\/\/linmot.com\/es\/soluciones-industriales\/automocion\/#breadcrumb\",\"itemListElement\":[{\"@type\":\"ListItem\",\"position\":1,\"name\":\"Home\",\"item\":\"https:\/\/linmot.com\/es\/\"},{\"@type\":\"ListItem\",\"position\":2,\"name\":\"Soluciones industriales\",\"item\":\"https:\/\/linmot.com\/es\/soluciones-industriales\/\"},{\"@type\":\"ListItem\",\"position\":3,\"name\":\"Automoci\u00f3n\"}]},{\"@type\":\"WebSite\",\"@id\":\"https:\/\/linmot.com\/es\/#website\",\"url\":\"https:\/\/linmot.com\/es\/\",\"name\":\"LinMot &amp; MagSpring - Espa\u00f1ol\",\"description\":\"Motores lineales y sistemas de motores lineales de alta calidad\",\"publisher\":{\"@id\":\"https:\/\/linmot.com\/es\/#organization\"},\"potentialAction\":[{\"@type\":\"SearchAction\",\"target\":{\"@type\":\"EntryPoint\",\"urlTemplate\":\"https:\/\/linmot.com\/es\/?s={search_term_string}\"},\"query-input\":{\"@type\":\"PropertyValueSpecification\",\"valueRequired\":true,\"valueName\":\"search_term_string\"}}],\"inLanguage\":\"es\"},{\"@type\":\"Organization\",\"@id\":\"https:\/\/linmot.com\/es\/#organization\",\"name\":\"NTI AG - LinMot & MagSpring\",\"url\":\"https:\/\/linmot.com\/es\/\",\"logo\":{\"@type\":\"ImageObject\",\"inLanguage\":\"es\",\"@id\":\"https:\/\/linmot.com\/es\/#\/schema\/logo\/image\/\",\"url\":\"https:\/\/linmot.com\/es\/wp-content\/uploads\/sites\/5\/2022\/05\/linmot-social-share-logo.jpg\",\"contentUrl\":\"https:\/\/linmot.com\/es\/wp-content\/uploads\/sites\/5\/2022\/05\/linmot-social-share-logo.jpg\",\"width\":800,\"height\":500,\"caption\":\"NTI AG - LinMot & MagSpring\"},\"image\":{\"@id\":\"https:\/\/linmot.com\/es\/#\/schema\/logo\/image\/\"},\"sameAs\":[\"https:\/\/www.linkedin.com\/company\/nti-ag-linmot-magspring\",\"https:\/\/www.youtube.com\/user\/LinMotEurope\"]}]}<\/script>\n<!-- \/ Yoast SEO Premium plugin. -->","yoast_head_json":{"title":"Automoci\u00f3n - Pruebas de funcionamiento y resistencia, aplicaciones","description":"Simplifica las pruebas de funcionamiento y resistencia en la industria del autom\u00f3vil y las soluciones flexibles para grandes cantidades en la tecnolog\u00eda de montaje.","robots":{"index":"index","follow":"follow","max-snippet":"max-snippet:-1","max-image-preview":"max-image-preview:large","max-video-preview":"max-video-preview:-1"},"canonical":"https:\/\/linmot.com\/es\/soluciones-industriales\/automocion\/","og_locale":"es_ES","og_type":"article","og_title":"Automoci\u00f3n - Pruebas de funcionamiento y resistencia, aplicaciones","og_description":"Simplifica las pruebas de funcionamiento y resistencia en la industria del autom\u00f3vil y las soluciones flexibles para grandes cantidades en la tecnolog\u00eda de montaje.","og_url":"https:\/\/linmot.com\/es\/soluciones-industriales\/automocion\/","og_site_name":"LinMot &amp; MagSpring - Espa\u00f1ol","article_modified_time":"2023-05-10T12:49:41+00:00","og_image":[{"width":940,"height":300,"url":"https:\/\/linmot.com\/es\/wp-content\/uploads\/sites\/5\/2017\/10\/LinMot-Solutions-Automotive-Industry.jpg","type":"image\/jpeg"}],"twitter_card":"summary_large_image","twitter_title":"Automoci\u00f3n - Pruebas de funcionamiento y resistencia, aplicaciones","twitter_description":"Simplifica las pruebas de funcionamiento y resistencia en la industria del autom\u00f3vil y las soluciones flexibles para grandes cantidades en la tecnolog\u00eda de montaje.","twitter_image":"https:\/\/linmot.com\/es\/wp-content\/uploads\/sites\/5\/2017\/10\/LinMot-Solutions-Automotive-Industry.jpg","twitter_misc":{"Tiempo de lectura":"2 minutos"},"schema":{"@context":"https:\/\/schema.org","@graph":[{"@type":"WebPage","@id":"https:\/\/linmot.com\/es\/soluciones-industriales\/automocion\/","url":"https:\/\/linmot.com\/es\/soluciones-industriales\/automocion\/","name":"Automoci\u00f3n - Pruebas de funcionamiento y resistencia, aplicaciones","isPartOf":{"@id":"https:\/\/linmot.com\/es\/#website"},"primaryImageOfPage":{"@id":"https:\/\/linmot.com\/es\/soluciones-industriales\/automocion\/#primaryimage"},"image":{"@id":"https:\/\/linmot.com\/es\/soluciones-industriales\/automocion\/#primaryimage"},"thumbnailUrl":"https:\/\/linmot.com\/es\/wp-content\/uploads\/sites\/5\/2017\/10\/LinMot-Solutions-Automotive-Industry.jpg","datePublished":"2017-10-20T21:34:10+00:00","dateModified":"2023-05-10T12:49:41+00:00","description":"Simplifica las pruebas de funcionamiento y resistencia en la industria del autom\u00f3vil y las soluciones flexibles para grandes cantidades en la tecnolog\u00eda de montaje.","breadcrumb":{"@id":"https:\/\/linmot.com\/es\/soluciones-industriales\/automocion\/#breadcrumb"},"inLanguage":"es","potentialAction":[{"@type":"ReadAction","target":["https:\/\/linmot.com\/es\/soluciones-industriales\/automocion\/"]}]},{"@type":"ImageObject","inLanguage":"es","@id":"https:\/\/linmot.com\/es\/soluciones-industriales\/automocion\/#primaryimage","url":"https:\/\/linmot.com\/es\/wp-content\/uploads\/sites\/5\/2017\/10\/LinMot-Solutions-Automotive-Industry.jpg","contentUrl":"https:\/\/linmot.com\/es\/wp-content\/uploads\/sites\/5\/2017\/10\/LinMot-Solutions-Automotive-Industry.jpg","width":940,"height":300,"caption":""},{"@type":"BreadcrumbList","@id":"https:\/\/linmot.com\/es\/soluciones-industriales\/automocion\/#breadcrumb","itemListElement":[{"@type":"ListItem","position":1,"name":"Home","item":"https:\/\/linmot.com\/es\/"},{"@type":"ListItem","position":2,"name":"Soluciones industriales","item":"https:\/\/linmot.com\/es\/soluciones-industriales\/"},{"@type":"ListItem","position":3,"name":"Automoci\u00f3n"}]},{"@type":"WebSite","@id":"https:\/\/linmot.com\/es\/#website","url":"https:\/\/linmot.com\/es\/","name":"LinMot &amp; MagSpring - Espa\u00f1ol","description":"Motores lineales y sistemas de motores lineales de alta calidad","publisher":{"@id":"https:\/\/linmot.com\/es\/#organization"},"potentialAction":[{"@type":"SearchAction","target":{"@type":"EntryPoint","urlTemplate":"https:\/\/linmot.com\/es\/?s={search_term_string}"},"query-input":{"@type":"PropertyValueSpecification","valueRequired":true,"valueName":"search_term_string"}}],"inLanguage":"es"},{"@type":"Organization","@id":"https:\/\/linmot.com\/es\/#organization","name":"NTI AG - LinMot & MagSpring","url":"https:\/\/linmot.com\/es\/","logo":{"@type":"ImageObject","inLanguage":"es","@id":"https:\/\/linmot.com\/es\/#\/schema\/logo\/image\/","url":"https:\/\/linmot.com\/es\/wp-content\/uploads\/sites\/5\/2022\/05\/linmot-social-share-logo.jpg","contentUrl":"https:\/\/linmot.com\/es\/wp-content\/uploads\/sites\/5\/2022\/05\/linmot-social-share-logo.jpg","width":800,"height":500,"caption":"NTI AG - LinMot & MagSpring"},"image":{"@id":"https:\/\/linmot.com\/es\/#\/schema\/logo\/image\/"},"sameAs":["https:\/\/www.linkedin.com\/company\/nti-ag-linmot-magspring","https:\/\/www.youtube.com\/user\/LinMotEurope"]}]}},"_links":{"self":[{"href":"https:\/\/linmot.com\/es\/wp-json\/wp\/v2\/pages\/52","targetHints":{"allow":["GET"]}}],"collection":[{"href":"https:\/\/linmot.com\/es\/wp-json\/wp\/v2\/pages"}],"about":[{"href":"https:\/\/linmot.com\/es\/wp-json\/wp\/v2\/types\/page"}],"author":[{"embeddable":true,"href":"https:\/\/linmot.com\/es\/wp-json\/wp\/v2\/users\/1"}],"replies":[{"embeddable":true,"href":"https:\/\/linmot.com\/es\/wp-json\/wp\/v2\/comments?post=52"}],"version-history":[{"count":5,"href":"https:\/\/linmot.com\/es\/wp-json\/wp\/v2\/pages\/52\/revisions"}],"predecessor-version":[{"id":2503,"href":"https:\/\/linmot.com\/es\/wp-json\/wp\/v2\/pages\/52\/revisions\/2503"}],"up":[{"embeddable":true,"href":"https:\/\/linmot.com\/es\/wp-json\/wp\/v2\/pages\/8"}],"wp:attachment":[{"href":"https:\/\/linmot.com\/es\/wp-json\/wp\/v2\/media?parent=52"}],"curies":[{"name":"wp","href":"https:\/\/api.w.org\/{rel}","templated":true}]}}