{"id":48,"date":"2017-10-20T23:33:40","date_gmt":"2017-10-20T21:33:40","guid":{"rendered":"https:\/\/linmot.com\/?page_id=48"},"modified":"2024-08-28T14:14:50","modified_gmt":"2024-08-28T14:14:50","slug":"magspring","status":"publish","type":"page","link":"https:\/\/linmot.com\/es\/productos\/magspring\/","title":{"rendered":"MagSpring"},"content":{"rendered":"<p><strong>El t\u00e9rmino que mejor describe los productos MagSpring es el de \u201cmuelle magn\u00e9tico\u201d. El t\u00e9rmino \u201cmuelle\u201d, sin embargo, debe entenderse en el sentido de que los componentes MagSpring ejercen una fuerza constante en toda su \u00e1rea de trabajo, mientras que la curva caracter\u00edstica t\u00edpica de un resorte mec\u00e1nico posee una fuerza creciente en funci\u00f3n del desplazamiento. Al generar una fuerza independiente del desplazamiento, MagSpring representa una excelente opci\u00f3n para compensar las fuerzas de peso en disposiciones de accionamientos verticales.<\/strong><\/p>\n<hr \/>\n<div class=\"row\">\n<div class=\"col-sm-2\">\n<p><a class=\"button\" href=\"#detalles\">1. detalles<\/a><\/p>\n<\/div>\n<div class=\"col-sm-1\">\n<\/div>\n<div class=\"col-sm-2\">\n<p><a class=\"button\" href=\"#videos\">2. v\u00eddeos<\/a><\/p>\n<\/div>\n<div class=\"col-sm-1\">\n<\/div>\n<div class=\"col-sm-2\">\n<p><a class=\"button\" href=\"#aplicacion\">3. aplicaci\u00f3n<\/a><\/p>\n<\/div>\n<div class=\"col-sm-1\">\n<\/div>\n<div class=\"col-sm-2\">\n<p><a class=\"button\" href=\"#contacto\">4. contacto<\/a><\/p>\n<\/div>\n<\/div>\n<hr \/>\n<h3 id=\"detalles\">1. detalles<\/h3>\n<p>El producto consiste en dos componentes principales. El estator rodea el v\u00e1stago situado en el centro. Dependiendo del \u00edndice de fuerza del MagSpring, se implementan imanes permanentes en el estator, en el v\u00e1stago, o en ambos componentes. El v\u00e1stago se apoya en un cojinete de fricci\u00f3n integrado, de modo que el MagSpring se puede utilizar de manera similar a los muelles de presi\u00f3n a gas.<\/p>\n<blockquote><p>Fuerza constante en todo el recorrido<\/p><\/blockquote>\n<p>Su funcionalidad se basa en la fuerza de atracci\u00f3n de los imanes permanentes. Esto significa que no se requiere de ninguna fuente de alimentaci\u00f3n (energ\u00eda el\u00e9ctrica, aire comprimido, etc.), permitiendo una f\u00e1cil implementaci\u00f3n de aplicaciones seguras. Debido al dise\u00f1o especial de los componentes de gu\u00eda del flujo y de los imanes, la rigurosa relaci\u00f3n no lineal entre la fuerza y el desplazamiento en la disposici\u00f3n de los imanes y el hierro se transforma en una curva de fuerza constante.<\/p>\n<div class=\"row\">\n<div class=\"col-md-5\">\n<ul>\n<li>Puramente pasivo, no necesita electricidad ni aire comprimido<\/li>\n<li>Fuerzas de hasta 60 N<\/li>\n<li>Recorridos de hasta 290 mm<\/li>\n<li>Compatible con las gu\u00edas H<\/li>\n<li>Adecuado para movimientos din\u00e1micos<\/li>\n<li>Dise\u00f1o simple<\/li>\n<\/ul>\n<\/div>\n<div class=\"col-md-7\">\n<div class=\"carousel slide\" id=\"fd3b136153e0decdc57f207b115e08f2\" data-ride=\"carousel\">  <div class=\"carousel-inner\" role=\"listbox\">    <div class=\"item active\">      <img decoding=\"async\" src=\"https:\/\/linmot.com\/es\/wp-content\/uploads\/sites\/5\/2017\/10\/MagSpring-4-Linmot.jpg\" alt=\"...\">    <\/div>    <div class=\"item\">      <img decoding=\"async\" src=\"https:\/\/linmot.com\/es\/wp-content\/uploads\/sites\/5\/2017\/10\/MagSpring-1-Linmot.jpg\" alt=\"...\">    <\/div>  <\/div><div class=\"navigation\"><a class=\"left carousel-control\" href=\"#fd3b136153e0decdc57f207b115e08f2\" role=\"button\" data-slide=\"prev\"><\/a><a class=\"right carousel-control\" href=\"#fd3b136153e0decdc57f207b115e08f2\" role=\"button\" data-slide=\"next\"><\/a><\/div><\/div>\n<\/div>\n<\/div>\n<blockquote><p>Funcionalidad a prueba de fallos y compensaci\u00f3n del peso<\/p><\/blockquote>\n<p>La fuerza constante en todo el rango del recorrido garantiza una funcionalidad a prueba de fallos y una compensaci\u00f3n del peso cuando se instala verticalmente. Gracias a la compensaci\u00f3n del peso proporcionada por MagSpring, el motor lineal se utiliza s\u00f3lo para el posicionamiento y para la aplicaci\u00f3n de fuerzas din\u00e1micas, de modo que puede ser de un tama\u00f1o correlativamente menor.<\/p>\n<p><a class=\"btn btn-active\" href=\"https:\/\/shop.linmot.com\/E\/magnetic-springs.htm\" target=\"_blank\" rel=\"noopener noreferrer\">A los detalles en el cat\u00e1logo electr\u00f3nico (ingl\u00e9s)<\/a><\/p>\n<h2>Ventajas del producto<\/h2>\n<p>Gracias a la fuerza constante de la curva de desplazamiento, son posibles muchas otras aplicaciones adem\u00e1s de la compensaci\u00f3n de peso para una instalaci\u00f3n vertical. Por ejemplo, generar una fuerza de presi\u00f3n constante independientemente de la ubicaci\u00f3n, aplicar una fuerza de apoyo constante en un amplio rango de recorrido o aplicar una fuerza en un solo lado para tareas de accionamiento complejas.<\/p>\n<div class=\"row\">\n<div class=\"col-md-4\">\n<h4>Montaje<\/h4>\n<p>Los estatores se pueden montar utilizando una rosca fina o una abrazadera. Una brida de montaje adecuada est\u00e1 disponible para cada uno de los dos tama\u00f1os. Al colocar el v\u00e1stago en la masa de la carga, hay que poner atenci\u00f3n en compensar los errores de alineamiento paralelo con un m\u00e9todo de montaje flexible.<br \/>\n<\/div>\n<div class=\"col-md-4\">\n<h4>Compensaci\u00f3n del peso<\/h4>\n<p>Para una instalaci\u00f3n vertical los motores lineales y otros accionamientos directos deben ejercer sin interrupci\u00f3n una fuerza constante con el fin de actuar en contra de la fuerza de gravedad. Con un MagSpring instalado con el motor lineal en paralelo, el peso puede ser pasivamente compensado. El motor lineal se utiliza s\u00f3lo para el posicionamiento actual o para la aplicaci\u00f3n de las fuerzas din\u00e1micas, de modo que puede ser de un tama\u00f1o correlativamente menor.<br \/>\n<\/div>\n<div class=\"col-md-4\">\n<h4>Posici\u00f3n de mantenimiento seguro<\/h4>\n<p>Si se interrumpe el suministro de energ\u00eda el\u00e9ctrica, el MagSpring tambi\u00e9n evita que los ejes verticales bajen hasta su posici\u00f3n de tope inferior. Si la fuerza del MagSpring es mayor que la fuerza de gravedad, entonces el eje se eleva hasta su posici\u00f3n final superior.<br \/>\n<\/div>\n<\/div>\n<div class=\"row\">\n<div class=\"col-md-4\">\n<h4>Aplicaci\u00f3n de fuerza constante<\/h4>\n<p>Gracias a la fuerza constante de la curva de desplazamiento, son posibles muchas otras aplicaciones, tales como la aplicaci\u00f3n de una fuerza de presi\u00f3n constante independientemente de la posici\u00f3n, la aplicaci\u00f3n de una fuerza de retenci\u00f3n constante en un amplio rango recorrido, o el apoyo de fuerza unilateral en tareas de accionamiento. La fuerza eficaz abarca un intervalo de +\/- 10% de la fuerza nominal.<br \/>\n<\/div>\n<div class=\"col-md-4\">\n<h4>Funci\u00f3n de retenci\u00f3n (apagado)<\/h4>\n<p>Como los MagSpring son elementos puramente pasivos, se garantiza una funci\u00f3n definida o la ubicaci\u00f3n de un dispositivo en caso de corte de energ\u00eda. Por ejemplo, al levantar una pinza o una cabeza de presi\u00f3n en posici\u00f3n vertical, o al retraer\/extender un empujador con fuerza constante.<br \/>\n<\/div>\n<\/div>\n<h3 id=\"videos\">2. v\u00eddeos<\/h3>\n<div class=\"row download\">\n<div class=\"col-md-6\">\n<h4 class=\"download-title\">Retracci\u00f3n de LinMot E<\/h4>\n<p class=\"bodytext\">En caso de una situaci\u00f3n de apagado, el MagSpring retraer\u00e1 el eje del motor lineal-rotatorio a una posici\u00f3n segura.<\/p>\n<\/div>\n<div class=\"col-md-1\">\n<\/div>\n<div class=\"col-md-5\">\n<div class=\"brlbs-cmpnt-container brlbs-cmpnt-content-blocker brlbs-cmpnt-with-individual-styles\" data-borlabs-cookie-content-blocker-id=\"default\" data-borlabs-cookie-content=\"PGlmcmFtZSB0aXRsZT0iWW91VHViZSB2aWRlbyBwbGF5ZXIiIHNyYz0iaHR0cHM6Ly93d3cueW91dHViZS5jb20vZW1iZWQvaXVCdndIS01Ra1EiIHdpZHRoPSIzOTQiIGhlaWdodD0iMjIwIiBmcmFtZWJvcmRlcj0iMCIgYWxsb3dmdWxsc2NyZWVuPSJhbGxvd2Z1bGxzY3JlZW4iPjwvaWZyYW1lPg==\">\n<div class=\"brlbs-cmpnt-cb-preset-a\">\n<p class=\"brlbs-cmpnt-cb-description\">Est\u00e1s viendo un contenido de marcador de posici\u00f3n de <strong>Predeterminado<\/strong>. Para acceder al contenido real, haz clic en el siguiente bot\u00f3n. Ten en cuenta que al hacerlo compartir\u00e1s datos con terceros proveedores.<\/p>\n<div class=\"brlbs-cmpnt-cb-buttons\"> <a class=\"brlbs-cmpnt-cb-btn\" href=\"#\" data-borlabs-cookie-unblock role=\"button\">Desbloquear contenido<\/a> <a class=\"brlbs-cmpnt-cb-btn\" href=\"#\" data-borlabs-cookie-accept-service role=\"button\" style=\"display: none\">Aceptar el servicio requerido y desbloquear el contenido<\/a> <\/div>\n<p> <a class=\"brlbs-cmpnt-cb-provider-toggle\" href=\"#\" data-borlabs-cookie-show-provider-information role=\"button\">M\u00e1s informaci\u00f3n<\/a> <\/div>\n<\/div>\n<\/div>\n<\/div>\n<h3 id=\"aplicacion\">3. Informe de aplicaci\u00f3n<\/h3>\n<div class=\"row download\">\n<div class=\"col-md-4\">\n<h4 class=\"download-title\">Pesos flotantes con MagSpring<\/h4>\n<p class=\"bodytext\">Para conseguir tiempos de ciclo r\u00e1pidos cuando los accionamientos directos se montan en vertical, o para evitar que un eje se desplome cuando se corta la corriente, hay que compensar el peso intr\u00ednseco. Hasta ahora se han utilizado principalmente muelles mec\u00e1nicos y sistemas neum\u00e1ticos, pero tienen sus desventajas. En muchos casos, un \u00abmuelle magn\u00e9tico\u00bb de MagSpring es una soluci\u00f3n mejor.<\/p>\n<p><a class=\"button\" href=\"\/es\/blog\/hacer-flotar-las-masas-con-magspring\/\">Leer m\u00e1s<\/a><br \/>\n<\/div>\n<div class=\"col-md-8\">\n<img loading=\"lazy\" decoding=\"async\" class=\"alignnone size-full wp-image-1936\" src=\"https:\/\/linmot.com\/wp-content\/uploads\/2021\/10\/MagSpring-Anwendungsbericht.jpg\" alt=\"\" width=\"615\" height=\"276\" \/><br \/>\n<\/div>\n<\/div>\n<h3 id=\"contacto\">4. contacto<\/h3>\n<div class=\"row download\">\n<div class=\"col-md-6\">\n<h4 class=\"download-title\">\u00bfTiene alguna pregunta sobre MagSpring?<\/h4>\n<p class=\"bodytext\">Estaremos encantados de responder a cualquier pregunta que tenga.<br \/>\nP\u00f3ngase en contacto con nosotros mediante el siguiente formulario o ll\u00e1menos al:<\/p>\n<p class=\"bodytext\">Tel: +34 943 140 139<\/p>\n<\/div>\n<div class=\"col-md-1\">\n<\/div>\n<div class=\"col-md-5\">\n\n<div class=\"wpcf7 no-js\" id=\"wpcf7-f1752-o1\" lang=\"es-ES\" dir=\"ltr\" data-wpcf7-id=\"1752\">\n<div class=\"screen-reader-response\"><p role=\"status\" aria-live=\"polite\" aria-atomic=\"true\"><\/p> <ul><\/ul><\/div>\n<form action=\"\/es\/wp-json\/wp\/v2\/pages\/48#wpcf7-f1752-o1\" method=\"post\" class=\"wpcf7-form init\" aria-label=\"Formulario de contacto\" novalidate=\"novalidate\" data-status=\"init\">\n<fieldset class=\"hidden-fields-container\"><input type=\"hidden\" name=\"_wpcf7\" value=\"1752\" \/><input type=\"hidden\" name=\"_wpcf7_version\" value=\"6.1.5\" \/><input type=\"hidden\" name=\"_wpcf7_locale\" value=\"es_ES\" \/><input type=\"hidden\" name=\"_wpcf7_unit_tag\" value=\"wpcf7-f1752-o1\" \/><input type=\"hidden\" name=\"_wpcf7_container_post\" value=\"0\" \/><input type=\"hidden\" name=\"_wpcf7_posted_data_hash\" value=\"\" \/><input type=\"hidden\" name=\"_wpcf7_recaptcha_response\" value=\"\" \/>\n<\/fieldset>\n<label> Tu nombre<br>\n    <span class=\"wpcf7-form-control-wrap\" data-name=\"your-name\"><input size=\"40\" maxlength=\"400\" class=\"wpcf7-form-control wpcf7-text wpcf7-validates-as-required\" aria-required=\"true\" aria-invalid=\"false\" value=\"\" type=\"text\" name=\"your-name\" \/><\/span> <\/label><br>\n<br>\n<label> Tu empresa<br>\n    <span class=\"wpcf7-form-control-wrap\" data-name=\"your-company\"><input size=\"40\" maxlength=\"400\" class=\"wpcf7-form-control wpcf7-text wpcf7-validates-as-required\" aria-required=\"true\" aria-invalid=\"false\" value=\"\" type=\"text\" name=\"your-company\" \/><\/span> <\/label><br>\n<br>\n<label> C\u00f3digo postal<br>\n    <span class=\"wpcf7-form-control-wrap\" data-name=\"your-plz\"><input class=\"wpcf7-form-control wpcf7-number wpcf7-validates-as-required wpcf7-validates-as-number\" aria-required=\"true\" aria-invalid=\"false\" value=\"\" type=\"number\" name=\"your-plz\" \/><\/span> <\/label>\n<br>\n<label> Pa\u00eds<br>\n    <span class=\"wpcf7-form-control-wrap\" data-name=\"your-country\"><input size=\"40\" maxlength=\"400\" class=\"wpcf7-form-control wpcf7-text wpcf7-validates-as-required\" aria-required=\"true\" aria-invalid=\"false\" value=\"\" type=\"text\" name=\"your-country\" \/><\/span> <\/label><br>\n<br>\n<label> Tu tel\u00e9fono<br>\n    <span class=\"wpcf7-form-control-wrap\" data-name=\"your-telephone\"><input size=\"40\" maxlength=\"400\" class=\"wpcf7-form-control wpcf7-tel wpcf7-validates-as-required wpcf7-text wpcf7-validates-as-tel\" aria-required=\"true\" aria-invalid=\"false\" value=\"\" type=\"tel\" name=\"your-telephone\" \/><\/span> <\/label><br>\n<br>\n<label> Tu correo electr\u00f3nico<br>\n    <span class=\"wpcf7-form-control-wrap\" data-name=\"your-email\"><input size=\"40\" maxlength=\"400\" class=\"wpcf7-form-control wpcf7-email wpcf7-validates-as-required wpcf7-text wpcf7-validates-as-email\" aria-required=\"true\" aria-invalid=\"false\" value=\"\" type=\"email\" name=\"your-email\" \/><\/span> <\/label><br>\n<br>\n<label> Asunto<br>\n    <span class=\"wpcf7-form-control-wrap\" data-name=\"your-subject\"><input size=\"40\" maxlength=\"400\" class=\"wpcf7-form-control wpcf7-text wpcf7-validates-as-required\" aria-required=\"true\" aria-invalid=\"false\" value=\"\" type=\"text\" name=\"your-subject\" \/><\/span> <\/label><br>\n<br>\n<label> Tu mensaje (opcional)<br>\n    <span class=\"wpcf7-form-control-wrap\" data-name=\"your-message\"><textarea cols=\"40\" rows=\"10\" maxlength=\"2000\" class=\"wpcf7-form-control wpcf7-textarea\" aria-invalid=\"false\" name=\"your-message\"><\/textarea><\/span> <\/label><br>\n<br>\n<input class=\"wpcf7-form-control wpcf7-submit has-spinner\" type=\"submit\" value=\"Enviar\" \/><div class=\"wpcf7-response-output\" aria-hidden=\"true\"><\/div>\n<\/form>\n<\/div>\n\n<\/div>\n<\/div>\n","protected":false},"excerpt":{"rendered":"<p>El t\u00e9rmino que mejor describe los productos MagSpring es el de \u201cmuelle magn\u00e9tico\u201d. El t\u00e9rmino \u201cmuelle\u201d, sin embargo, debe entenderse en el sentido de que los componentes MagSpring ejercen una fuerza constante en toda su \u00e1rea de trabajo, mientras que la curva caracter\u00edstica t\u00edpica de un resorte mec\u00e1nico posee una fuerza creciente en funci\u00f3n del [&hellip;]<\/p>\n","protected":false},"author":1,"featured_media":0,"parent":1210,"menu_order":118,"comment_status":"closed","ping_status":"closed","template":"","meta":{"_acf_changed":false,"footnotes":""},"class_list":["post-48","page","type-page","status-publish","hentry"],"acf":[],"yoast_head":"<!-- This site is optimized with the Yoast SEO Premium plugin v20.9 (Yoast SEO v27.4) - https:\/\/yoast.com\/product\/yoast-seo-premium-wordpress\/ -->\n<title>MagSpring - Fuerza constante en todo el rango de carrera | LinMot<\/title>\n<meta name=\"description\" content=\"La fuerza constante del MagSpring en todo el rango de carrera es adecuada para compensar la fuerza del peso en una posici\u00f3n de instalaci\u00f3n vertical.\" \/>\n<meta name=\"robots\" content=\"index, follow, max-snippet:-1, max-image-preview:large, max-video-preview:-1\" \/>\n<link rel=\"canonical\" href=\"https:\/\/linmot.com\/es\/productos\/magspring\/\" \/>\n<meta property=\"og:locale\" content=\"es_ES\" \/>\n<meta property=\"og:type\" content=\"article\" \/>\n<meta property=\"og:title\" content=\"MagSpring - Fuerza constante en todo el rango de carrera | LinMot\" \/>\n<meta property=\"og:description\" content=\"La fuerza constante del MagSpring en todo el rango de carrera es adecuada para compensar la fuerza del peso en una posici\u00f3n de instalaci\u00f3n vertical.\" \/>\n<meta property=\"og:url\" content=\"https:\/\/linmot.com\/es\/productos\/magspring\/\" \/>\n<meta property=\"og:site_name\" content=\"LinMot &amp; MagSpring - Espa\u00f1ol\" \/>\n<meta property=\"article:modified_time\" content=\"2024-08-28T14:14:50+00:00\" \/>\n<meta property=\"og:image\" content=\"https:\/\/linmot.com\/wp-content\/uploads\/2021\/10\/MagSpring-Anwendungsbericht.jpg\" \/>\n<meta name=\"twitter:card\" content=\"summary_large_image\" \/>\n<meta name=\"twitter:title\" content=\"MagSpring - Fuerza constante en todo el rango de carrera | LinMot\" \/>\n<meta name=\"twitter:description\" content=\"La fuerza constante del MagSpring en todo el rango de carrera es adecuada para compensar la fuerza del peso en una posici\u00f3n de instalaci\u00f3n vertical.\" \/>\n<meta name=\"twitter:label1\" content=\"Tiempo de lectura\" \/>\n\t<meta name=\"twitter:data1\" content=\"5 minutos\" \/>\n<script type=\"application\/ld+json\" class=\"yoast-schema-graph\">{\"@context\":\"https:\\\/\\\/schema.org\",\"@graph\":[{\"@type\":\"WebPage\",\"@id\":\"https:\\\/\\\/linmot.com\\\/es\\\/productos\\\/magspring\\\/\",\"url\":\"https:\\\/\\\/linmot.com\\\/es\\\/productos\\\/magspring\\\/\",\"name\":\"MagSpring - Fuerza constante en todo el rango de carrera | LinMot\",\"isPartOf\":{\"@id\":\"https:\\\/\\\/linmot.com\\\/es\\\/#website\"},\"primaryImageOfPage\":{\"@id\":\"https:\\\/\\\/linmot.com\\\/es\\\/productos\\\/magspring\\\/#primaryimage\"},\"image\":{\"@id\":\"https:\\\/\\\/linmot.com\\\/es\\\/productos\\\/magspring\\\/#primaryimage\"},\"thumbnailUrl\":\"https:\\\/\\\/linmot.com\\\/wp-content\\\/uploads\\\/2021\\\/10\\\/MagSpring-Anwendungsbericht.jpg\",\"datePublished\":\"2017-10-20T21:33:40+00:00\",\"dateModified\":\"2024-08-28T14:14:50+00:00\",\"description\":\"La fuerza constante del MagSpring en todo el rango de carrera es adecuada para compensar la fuerza del peso en una posici\u00f3n de instalaci\u00f3n vertical.\",\"breadcrumb\":{\"@id\":\"https:\\\/\\\/linmot.com\\\/es\\\/productos\\\/magspring\\\/#breadcrumb\"},\"inLanguage\":\"es\",\"potentialAction\":[{\"@type\":\"ReadAction\",\"target\":[\"https:\\\/\\\/linmot.com\\\/es\\\/productos\\\/magspring\\\/\"]}]},{\"@type\":\"ImageObject\",\"inLanguage\":\"es\",\"@id\":\"https:\\\/\\\/linmot.com\\\/es\\\/productos\\\/magspring\\\/#primaryimage\",\"url\":\"https:\\\/\\\/linmot.com\\\/wp-content\\\/uploads\\\/2021\\\/10\\\/MagSpring-Anwendungsbericht.jpg\",\"contentUrl\":\"https:\\\/\\\/linmot.com\\\/wp-content\\\/uploads\\\/2021\\\/10\\\/MagSpring-Anwendungsbericht.jpg\"},{\"@type\":\"BreadcrumbList\",\"@id\":\"https:\\\/\\\/linmot.com\\\/es\\\/productos\\\/magspring\\\/#breadcrumb\",\"itemListElement\":[{\"@type\":\"ListItem\",\"position\":1,\"name\":\"Home\",\"item\":\"https:\\\/\\\/linmot.com\\\/es\\\/\"},{\"@type\":\"ListItem\",\"position\":2,\"name\":\"Productos\",\"item\":\"https:\\\/\\\/linmot.com\\\/es\\\/productos\\\/\"},{\"@type\":\"ListItem\",\"position\":3,\"name\":\"MagSpring\"}]},{\"@type\":\"WebSite\",\"@id\":\"https:\\\/\\\/linmot.com\\\/es\\\/#website\",\"url\":\"https:\\\/\\\/linmot.com\\\/es\\\/\",\"name\":\"LinMot &amp; MagSpring - Espa\u00f1ol\",\"description\":\"Motores lineales y sistemas de motores lineales de alta calidad\",\"publisher\":{\"@id\":\"https:\\\/\\\/linmot.com\\\/es\\\/#organization\"},\"potentialAction\":[{\"@type\":\"SearchAction\",\"target\":{\"@type\":\"EntryPoint\",\"urlTemplate\":\"https:\\\/\\\/linmot.com\\\/es\\\/?s={search_term_string}\"},\"query-input\":{\"@type\":\"PropertyValueSpecification\",\"valueRequired\":true,\"valueName\":\"search_term_string\"}}],\"inLanguage\":\"es\"},{\"@type\":\"Organization\",\"@id\":\"https:\\\/\\\/linmot.com\\\/es\\\/#organization\",\"name\":\"NTI AG - LinMot & MagSpring\",\"url\":\"https:\\\/\\\/linmot.com\\\/es\\\/\",\"logo\":{\"@type\":\"ImageObject\",\"inLanguage\":\"es\",\"@id\":\"https:\\\/\\\/linmot.com\\\/es\\\/#\\\/schema\\\/logo\\\/image\\\/\",\"url\":\"https:\\\/\\\/linmot.com\\\/es\\\/wp-content\\\/uploads\\\/sites\\\/5\\\/2022\\\/05\\\/linmot-social-share-logo.jpg\",\"contentUrl\":\"https:\\\/\\\/linmot.com\\\/es\\\/wp-content\\\/uploads\\\/sites\\\/5\\\/2022\\\/05\\\/linmot-social-share-logo.jpg\",\"width\":800,\"height\":500,\"caption\":\"NTI AG - LinMot & MagSpring\"},\"image\":{\"@id\":\"https:\\\/\\\/linmot.com\\\/es\\\/#\\\/schema\\\/logo\\\/image\\\/\"},\"sameAs\":[\"https:\\\/\\\/www.linkedin.com\\\/company\\\/nti-ag-linmot-magspring\",\"https:\\\/\\\/www.youtube.com\\\/user\\\/LinMotEurope\"]}]}<\/script>\n<!-- \/ Yoast SEO Premium plugin. -->","yoast_head_json":{"title":"MagSpring - Fuerza constante en todo el rango de carrera | LinMot","description":"La fuerza constante del MagSpring en todo el rango de carrera es adecuada para compensar la fuerza del peso en una posici\u00f3n de instalaci\u00f3n vertical.","robots":{"index":"index","follow":"follow","max-snippet":"max-snippet:-1","max-image-preview":"max-image-preview:large","max-video-preview":"max-video-preview:-1"},"canonical":"https:\/\/linmot.com\/es\/productos\/magspring\/","og_locale":"es_ES","og_type":"article","og_title":"MagSpring - Fuerza constante en todo el rango de carrera | LinMot","og_description":"La fuerza constante del MagSpring en todo el rango de carrera es adecuada para compensar la fuerza del peso en una posici\u00f3n de instalaci\u00f3n vertical.","og_url":"https:\/\/linmot.com\/es\/productos\/magspring\/","og_site_name":"LinMot &amp; MagSpring - Espa\u00f1ol","article_modified_time":"2024-08-28T14:14:50+00:00","og_image":[{"url":"https:\/\/linmot.com\/wp-content\/uploads\/2021\/10\/MagSpring-Anwendungsbericht.jpg","type":"","width":"","height":""}],"twitter_card":"summary_large_image","twitter_title":"MagSpring - Fuerza constante en todo el rango de carrera | LinMot","twitter_description":"La fuerza constante del MagSpring en todo el rango de carrera es adecuada para compensar la fuerza del peso en una posici\u00f3n de instalaci\u00f3n vertical.","twitter_misc":{"Tiempo de lectura":"5 minutos"},"schema":{"@context":"https:\/\/schema.org","@graph":[{"@type":"WebPage","@id":"https:\/\/linmot.com\/es\/productos\/magspring\/","url":"https:\/\/linmot.com\/es\/productos\/magspring\/","name":"MagSpring - Fuerza constante en todo el rango de carrera | LinMot","isPartOf":{"@id":"https:\/\/linmot.com\/es\/#website"},"primaryImageOfPage":{"@id":"https:\/\/linmot.com\/es\/productos\/magspring\/#primaryimage"},"image":{"@id":"https:\/\/linmot.com\/es\/productos\/magspring\/#primaryimage"},"thumbnailUrl":"https:\/\/linmot.com\/wp-content\/uploads\/2021\/10\/MagSpring-Anwendungsbericht.jpg","datePublished":"2017-10-20T21:33:40+00:00","dateModified":"2024-08-28T14:14:50+00:00","description":"La fuerza constante del MagSpring en todo el rango de carrera es adecuada para compensar la fuerza del peso en una posici\u00f3n de instalaci\u00f3n vertical.","breadcrumb":{"@id":"https:\/\/linmot.com\/es\/productos\/magspring\/#breadcrumb"},"inLanguage":"es","potentialAction":[{"@type":"ReadAction","target":["https:\/\/linmot.com\/es\/productos\/magspring\/"]}]},{"@type":"ImageObject","inLanguage":"es","@id":"https:\/\/linmot.com\/es\/productos\/magspring\/#primaryimage","url":"https:\/\/linmot.com\/wp-content\/uploads\/2021\/10\/MagSpring-Anwendungsbericht.jpg","contentUrl":"https:\/\/linmot.com\/wp-content\/uploads\/2021\/10\/MagSpring-Anwendungsbericht.jpg"},{"@type":"BreadcrumbList","@id":"https:\/\/linmot.com\/es\/productos\/magspring\/#breadcrumb","itemListElement":[{"@type":"ListItem","position":1,"name":"Home","item":"https:\/\/linmot.com\/es\/"},{"@type":"ListItem","position":2,"name":"Productos","item":"https:\/\/linmot.com\/es\/productos\/"},{"@type":"ListItem","position":3,"name":"MagSpring"}]},{"@type":"WebSite","@id":"https:\/\/linmot.com\/es\/#website","url":"https:\/\/linmot.com\/es\/","name":"LinMot &amp; MagSpring - Espa\u00f1ol","description":"Motores lineales y sistemas de motores lineales de alta calidad","publisher":{"@id":"https:\/\/linmot.com\/es\/#organization"},"potentialAction":[{"@type":"SearchAction","target":{"@type":"EntryPoint","urlTemplate":"https:\/\/linmot.com\/es\/?s={search_term_string}"},"query-input":{"@type":"PropertyValueSpecification","valueRequired":true,"valueName":"search_term_string"}}],"inLanguage":"es"},{"@type":"Organization","@id":"https:\/\/linmot.com\/es\/#organization","name":"NTI AG - LinMot & MagSpring","url":"https:\/\/linmot.com\/es\/","logo":{"@type":"ImageObject","inLanguage":"es","@id":"https:\/\/linmot.com\/es\/#\/schema\/logo\/image\/","url":"https:\/\/linmot.com\/es\/wp-content\/uploads\/sites\/5\/2022\/05\/linmot-social-share-logo.jpg","contentUrl":"https:\/\/linmot.com\/es\/wp-content\/uploads\/sites\/5\/2022\/05\/linmot-social-share-logo.jpg","width":800,"height":500,"caption":"NTI AG - LinMot & MagSpring"},"image":{"@id":"https:\/\/linmot.com\/es\/#\/schema\/logo\/image\/"},"sameAs":["https:\/\/www.linkedin.com\/company\/nti-ag-linmot-magspring","https:\/\/www.youtube.com\/user\/LinMotEurope"]}]}},"_links":{"self":[{"href":"https:\/\/linmot.com\/es\/wp-json\/wp\/v2\/pages\/48","targetHints":{"allow":["GET"]}}],"collection":[{"href":"https:\/\/linmot.com\/es\/wp-json\/wp\/v2\/pages"}],"about":[{"href":"https:\/\/linmot.com\/es\/wp-json\/wp\/v2\/types\/page"}],"author":[{"embeddable":true,"href":"https:\/\/linmot.com\/es\/wp-json\/wp\/v2\/users\/1"}],"replies":[{"embeddable":true,"href":"https:\/\/linmot.com\/es\/wp-json\/wp\/v2\/comments?post=48"}],"version-history":[{"count":17,"href":"https:\/\/linmot.com\/es\/wp-json\/wp\/v2\/pages\/48\/revisions"}],"predecessor-version":[{"id":3527,"href":"https:\/\/linmot.com\/es\/wp-json\/wp\/v2\/pages\/48\/revisions\/3527"}],"up":[{"embeddable":true,"href":"https:\/\/linmot.com\/es\/wp-json\/wp\/v2\/pages\/1210"}],"wp:attachment":[{"href":"https:\/\/linmot.com\/es\/wp-json\/wp\/v2\/media?parent=48"}],"curies":[{"name":"wp","href":"https:\/\/api.w.org\/{rel}","templated":true}]}}